{"id":1288,"date":"2015-06-19T11:23:50","date_gmt":"2015-06-19T11:23:50","guid":{"rendered":"http:\/\/kortho.com\/nl\/?page_id=1288"},"modified":"2016-06-28T09:01:25","modified_gmt":"2016-06-28T09:01:25","slug":"schablonenmarkierung","status":"publish","type":"page","link":"https:\/\/kortho.com\/de\/losungen\/kennzeichnungsgerate\/schablonenmarkierung\/","title":{"rendered":"Schablonenmarkierung"},"content":{"rendered":"<h1><img loading=\"lazy\" decoding=\"async\" class=\"alignleft size-full wp-image-1443\" src=\"http:\/\/kortho.com\/wp-content\/uploads\/2015\/07\/Kortho-Sjabloneren-op-metalen-vat.jpg\" alt=\"Kortho-Sjabloneren-op-metalen-vat\" width=\"138\" height=\"138\" \/> <img loading=\"lazy\" decoding=\"async\" class=\"alignleft size-full wp-image-1531\" src=\"http:\/\/kortho.com\/wp-content\/uploads\/2015\/07\/Kortho-Sjabloneren-metalen-vat-K2.jpg\" alt=\"Kortho-Sjabloneren-metalen-vat-K2\" width=\"138\" height=\"138\" \/> <img loading=\"lazy\" decoding=\"async\" class=\"alignleft size-full wp-image-1437\" src=\"http:\/\/kortho.com\/wp-content\/uploads\/2015\/07\/Kortho-Sjabloneren-op-houten-transport-kist-K.jpg\" alt=\"Kortho-Sjabloneren-op-houten-transport-kist--K\" width=\"138\" height=\"138\" \/> <img loading=\"lazy\" decoding=\"async\" class=\"alignleft size-full wp-image-1444\" src=\"http:\/\/kortho.com\/wp-content\/uploads\/2015\/07\/Kortho-Sjabloneren-MYLAR-K.jpg\" alt=\"Kortho-Sjabloneren-MYLAR-K\" width=\"138\" height=\"138\" \/> <img loading=\"lazy\" decoding=\"async\" class=\"alignleft size-full wp-image-1438\" src=\"http:\/\/kortho.com\/wp-content\/uploads\/2015\/07\/Kortho-Sjabloneren-op-houten-transport-kist-3-K.jpg\" alt=\"Kortho-Sjabloneren-op-houten-transport-kist-3-K\" width=\"138\" height=\"138\" \/> <img loading=\"lazy\" decoding=\"async\" class=\"alignleft size-full wp-image-1442\" src=\"http:\/\/kortho.com\/wp-content\/uploads\/2015\/07\/Kortho-Sjabloneren-met-met-Oneshot-K.jpg\" alt=\"Kortho-Sjabloneren met-met-Oneshot-K\" width=\"138\" height=\"138\" \/><\/h1>\n<h1><\/h1>\n<h1><\/h1>\n<h1>Wie funktioniert eine Schablonenmarkierung?<\/h1>\n<p>Neben der Verwendung von Markern ist das Schablonieren eine der \u00e4ltesten Markierungstechniken. F\u00fcr die Schablonenmarkierung wird die erforderliche Form f\u00fcr den Druck zurecht geschnitten, oder aus einem St\u00fcck \u00d6lkarton oder Mylar gestanzt, sodass eine Schablone entsteht. Diese wird anschlie\u00dfend auf die Druckoberfl\u00e4che gelegt und entweder mit einer Tintenwalze \u00fcberrollt oder mit einer Farbspraydose \u00fcberspr\u00fcht. Danach wird die Schablone entfernt und die Markierung durch die Tinte, (basierend auf der Schablone) die auf der Druckoberfl\u00e4che zur\u00fcckgeblieben ist, erzeugt.<\/p>\n<h2>Schnelle und \u00f6konomische manuelle Codierung vor Ort am Arbeitsplatz<\/h2>\n<p>Das korrekte Einf\u00e4rbeverfahren und Schablonenmaterial f\u00fcr eine Schablone wird durch die Anwendung bestimmt. F\u00fcr die Schablonenmarkierung wird die erforderliche Form des Drucks aus einem St\u00fcck \u00d6lkarton oder Mylar gestanzt oder geschnitten, sodass eine Schablone entsteht. Falls eine Schablone nur wenige Male verwendet wird, ist \u00d6lkarton ausreichend. Muss die langlebiger sein, dann ist Mylar die bessere Option. Beide werden manuell auf der Oberfl\u00e4che platziert und eventuell fixiert. Die Einf\u00e4rbung kann mit Markern, Rollern oder Farbspraydosen erfolgen.<\/p>\n<h2>Anwendungen f\u00fcr Schablonenmarkierung<\/h2>\n<p>Die Schablonenmarkierung wird weitesgehend in anspruchsvolleren Umgebungen verwendet, in denen die Markierungen schnell vor Ort\/am Arbeitsplatz durchgef\u00fchrt werden m\u00fcssen. Beispielsweise in Off-Shore, Konstruktions- und <span style=\"text-decoration: underline;color: #0000ff\"><a style=\"color: #0000ff;text-decoration: underline\" href=\"http:\/\/kortho.com\/de\/losungen\/geschaftsbereich\/logistik\/\" target=\"_blank\">Logistikumgebungen<\/a><\/span>, in denen Kisten, Beh\u00e4lter und <span style=\"text-decoration: underline\"><span style=\"color: #0000ff\"><a style=\"color: #0000ff;text-decoration: underline\" href=\"http:\/\/kortho.com\/de\/losungen\/geschaftsbereich\/bauwesen\/\" target=\"_blank\">Baustoffe<\/a><\/span><\/span> markiert werden. Gleiches gilt auch f\u00fcr die Kennzeichnung von Transportkisten, Paletten und Containern in der <span style=\"text-decoration: underline;color: #0000ff\"><a style=\"color: #0000ff;text-decoration: underline\" href=\"http:\/\/kortho.com\/de\/losungen\/produktionsschritte\/tertiare-verpackungsstufe\/\" target=\"_blank\">Terti\u00e4rstufe<\/a><\/span> eines Verpackungsprozesses. Ein weiterer Grund f\u00fcr die Verwendung von Schablonen anstatt <span style=\"text-decoration: underline;color: #0000ff\"><a style=\"color: #0000ff;text-decoration: underline\" href=\"http:\/\/kortho.com\/de\/product\/handcoder\/\" target=\"_blank\">Handcodierern<\/a><\/span> sind die geringen Kosten und das entbehrlich machen von weiterem Equipment.<\/p>\n<h3><span style=\"text-decoration: underline;color: #0000ff\"><a style=\"color: #0000ff;text-decoration: underline\" title=\"Sjabloneren\" href=\"http:\/\/kortho.com\/de\/productgroepen\/schablonenmarkierungsprodukte\/\">Klicken Sie hier f\u00fcr mehr Informationen \u00fcber Kortho\u2019s Schablonenmarkierung<\/a><\/span><\/h3>\n","protected":false},"excerpt":{"rendered":"<p>Wie funktioniert eine Schablonenmarkierung? Neben der Verwendung von Markern ist das Schablonieren eine der \u00e4ltesten Markierungstechniken. F\u00fcr die Schablonenmarkierung wird&hellip;<\/p>\n","protected":false},"author":1,"featured_media":1529,"parent":132,"menu_order":10,"comment_status":"closed","ping_status":"closed","template":"page_taxonomy_child.php","meta":{"_monsterinsights_skip_tracking":false,"_monsterinsights_sitenote_active":false,"_monsterinsights_sitenote_note":"","_monsterinsights_sitenote_category":0,"footnotes":""},"class_list":["post-1288","page","type-page","status-publish","format-standard","has-post-thumbnail","hentry"],"yoast_head":"<!-- This site is optimized with the Yoast SEO plugin v23.6 - https:\/\/yoast.com\/wordpress\/plugins\/seo\/ -->\n<title>Schablonenmarkierung - Kortho - Deutschland<\/title>\n<meta name=\"robots\" content=\"index, follow, max-snippet:-1, max-image-preview:large, max-video-preview:-1\" \/>\n<link rel=\"canonical\" href=\"https:\/\/kortho.com\/de\/losungen\/kennzeichnungsgerate\/schablonenmarkierung\/\" \/>\n<meta property=\"og:locale\" content=\"en_US\" \/>\n<meta property=\"og:type\" content=\"article\" \/>\n<meta property=\"og:title\" content=\"Schablonenmarkierung - Kortho - Deutschland\" \/>\n<meta property=\"og:description\" content=\"Wie funktioniert eine Schablonenmarkierung? Neben der Verwendung von Markern ist das Schablonieren eine der \u00e4ltesten Markierungstechniken. F\u00fcr die Schablonenmarkierung wird&hellip;\" \/>\n<meta property=\"og:url\" content=\"https:\/\/kortho.com\/de\/losungen\/kennzeichnungsgerate\/schablonenmarkierung\/\" \/>\n<meta property=\"og:site_name\" content=\"Kortho - Deutschland\" \/>\n<meta property=\"article:modified_time\" content=\"2016-06-28T09:01:25+00:00\" \/>\n<meta property=\"og:image\" content=\"https:\/\/kortho.com\/de\/wp-content\/uploads\/sites\/5\/2015\/07\/Kortho-Sjabloneren-RIO-Roll-it-On-N4.jpg\" \/>\n\t<meta property=\"og:image:width\" content=\"280\" \/>\n\t<meta property=\"og:image:height\" content=\"242\" \/>\n\t<meta property=\"og:image:type\" content=\"image\/jpeg\" \/>\n<meta name=\"twitter:card\" content=\"summary_large_image\" \/>\n<meta name=\"twitter:label1\" content=\"Est. reading time\" \/>\n\t<meta name=\"twitter:data1\" content=\"1 minute\" \/>\n<script type=\"application\/ld+json\" class=\"yoast-schema-graph\">{\"@context\":\"https:\/\/schema.org\",\"@graph\":[{\"@type\":\"WebPage\",\"@id\":\"https:\/\/kortho.com\/de\/losungen\/kennzeichnungsgerate\/schablonenmarkierung\/\",\"url\":\"https:\/\/kortho.com\/de\/losungen\/kennzeichnungsgerate\/schablonenmarkierung\/\",\"name\":\"Schablonenmarkierung - Kortho - Deutschland\",\"isPartOf\":{\"@id\":\"https:\/\/kortho.com\/de\/#website\"},\"primaryImageOfPage\":{\"@id\":\"https:\/\/kortho.com\/de\/losungen\/kennzeichnungsgerate\/schablonenmarkierung\/#primaryimage\"},\"image\":{\"@id\":\"https:\/\/kortho.com\/de\/losungen\/kennzeichnungsgerate\/schablonenmarkierung\/#primaryimage\"},\"thumbnailUrl\":\"https:\/\/kortho.com\/de\/wp-content\/uploads\/sites\/5\/2015\/07\/Kortho-Sjabloneren-RIO-Roll-it-On-N4.jpg\",\"datePublished\":\"2015-06-19T11:23:50+00:00\",\"dateModified\":\"2016-06-28T09:01:25+00:00\",\"breadcrumb\":{\"@id\":\"https:\/\/kortho.com\/de\/losungen\/kennzeichnungsgerate\/schablonenmarkierung\/#breadcrumb\"},\"inLanguage\":\"en-US\",\"potentialAction\":[{\"@type\":\"ReadAction\",\"target\":[\"https:\/\/kortho.com\/de\/losungen\/kennzeichnungsgerate\/schablonenmarkierung\/\"]}]},{\"@type\":\"ImageObject\",\"inLanguage\":\"en-US\",\"@id\":\"https:\/\/kortho.com\/de\/losungen\/kennzeichnungsgerate\/schablonenmarkierung\/#primaryimage\",\"url\":\"https:\/\/kortho.com\/de\/wp-content\/uploads\/sites\/5\/2015\/07\/Kortho-Sjabloneren-RIO-Roll-it-On-N4.jpg\",\"contentUrl\":\"https:\/\/kortho.com\/de\/wp-content\/uploads\/sites\/5\/2015\/07\/Kortho-Sjabloneren-RIO-Roll-it-On-N4.jpg\",\"width\":280,\"height\":242},{\"@type\":\"BreadcrumbList\",\"@id\":\"https:\/\/kortho.com\/de\/losungen\/kennzeichnungsgerate\/schablonenmarkierung\/#breadcrumb\",\"itemListElement\":[{\"@type\":\"ListItem\",\"position\":1,\"name\":\"Home\",\"item\":\"https:\/\/kortho.com\/de\/\"},{\"@type\":\"ListItem\",\"position\":2,\"name\":\"L\u00f6sungen\",\"item\":\"https:\/\/kortho.com\/de\/losungen\/\"},{\"@type\":\"ListItem\",\"position\":3,\"name\":\"Kennzeichnungsger\u00e4te\",\"item\":\"https:\/\/kortho.com\/de\/losungen\/kennzeichnungsgerate\/\"},{\"@type\":\"ListItem\",\"position\":4,\"name\":\"Schablonenmarkierung\"}]},{\"@type\":\"WebSite\",\"@id\":\"https:\/\/kortho.com\/de\/#website\",\"url\":\"https:\/\/kortho.com\/de\/\",\"name\":\"Kortho - Deutschland\",\"description\":\"Coding Competence\",\"potentialAction\":[{\"@type\":\"SearchAction\",\"target\":{\"@type\":\"EntryPoint\",\"urlTemplate\":\"https:\/\/kortho.com\/de\/?s={search_term_string}\"},\"query-input\":{\"@type\":\"PropertyValueSpecification\",\"valueRequired\":true,\"valueName\":\"search_term_string\"}}],\"inLanguage\":\"en-US\"}]}<\/script>\n<!-- \/ Yoast SEO plugin. -->","yoast_head_json":{"title":"Schablonenmarkierung - Kortho - Deutschland","robots":{"index":"index","follow":"follow","max-snippet":"max-snippet:-1","max-image-preview":"max-image-preview:large","max-video-preview":"max-video-preview:-1"},"canonical":"https:\/\/kortho.com\/de\/losungen\/kennzeichnungsgerate\/schablonenmarkierung\/","og_locale":"en_US","og_type":"article","og_title":"Schablonenmarkierung - Kortho - Deutschland","og_description":"Wie funktioniert eine Schablonenmarkierung? Neben der Verwendung von Markern ist das Schablonieren eine der \u00e4ltesten Markierungstechniken. F\u00fcr die Schablonenmarkierung wird&hellip;","og_url":"https:\/\/kortho.com\/de\/losungen\/kennzeichnungsgerate\/schablonenmarkierung\/","og_site_name":"Kortho - Deutschland","article_modified_time":"2016-06-28T09:01:25+00:00","og_image":[{"width":280,"height":242,"url":"https:\/\/kortho.com\/de\/wp-content\/uploads\/sites\/5\/2015\/07\/Kortho-Sjabloneren-RIO-Roll-it-On-N4.jpg","type":"image\/jpeg"}],"twitter_card":"summary_large_image","twitter_misc":{"Est. reading time":"1 minute"},"schema":{"@context":"https:\/\/schema.org","@graph":[{"@type":"WebPage","@id":"https:\/\/kortho.com\/de\/losungen\/kennzeichnungsgerate\/schablonenmarkierung\/","url":"https:\/\/kortho.com\/de\/losungen\/kennzeichnungsgerate\/schablonenmarkierung\/","name":"Schablonenmarkierung - Kortho - Deutschland","isPartOf":{"@id":"https:\/\/kortho.com\/de\/#website"},"primaryImageOfPage":{"@id":"https:\/\/kortho.com\/de\/losungen\/kennzeichnungsgerate\/schablonenmarkierung\/#primaryimage"},"image":{"@id":"https:\/\/kortho.com\/de\/losungen\/kennzeichnungsgerate\/schablonenmarkierung\/#primaryimage"},"thumbnailUrl":"https:\/\/kortho.com\/de\/wp-content\/uploads\/sites\/5\/2015\/07\/Kortho-Sjabloneren-RIO-Roll-it-On-N4.jpg","datePublished":"2015-06-19T11:23:50+00:00","dateModified":"2016-06-28T09:01:25+00:00","breadcrumb":{"@id":"https:\/\/kortho.com\/de\/losungen\/kennzeichnungsgerate\/schablonenmarkierung\/#breadcrumb"},"inLanguage":"en-US","potentialAction":[{"@type":"ReadAction","target":["https:\/\/kortho.com\/de\/losungen\/kennzeichnungsgerate\/schablonenmarkierung\/"]}]},{"@type":"ImageObject","inLanguage":"en-US","@id":"https:\/\/kortho.com\/de\/losungen\/kennzeichnungsgerate\/schablonenmarkierung\/#primaryimage","url":"https:\/\/kortho.com\/de\/wp-content\/uploads\/sites\/5\/2015\/07\/Kortho-Sjabloneren-RIO-Roll-it-On-N4.jpg","contentUrl":"https:\/\/kortho.com\/de\/wp-content\/uploads\/sites\/5\/2015\/07\/Kortho-Sjabloneren-RIO-Roll-it-On-N4.jpg","width":280,"height":242},{"@type":"BreadcrumbList","@id":"https:\/\/kortho.com\/de\/losungen\/kennzeichnungsgerate\/schablonenmarkierung\/#breadcrumb","itemListElement":[{"@type":"ListItem","position":1,"name":"Home","item":"https:\/\/kortho.com\/de\/"},{"@type":"ListItem","position":2,"name":"L\u00f6sungen","item":"https:\/\/kortho.com\/de\/losungen\/"},{"@type":"ListItem","position":3,"name":"Kennzeichnungsger\u00e4te","item":"https:\/\/kortho.com\/de\/losungen\/kennzeichnungsgerate\/"},{"@type":"ListItem","position":4,"name":"Schablonenmarkierung"}]},{"@type":"WebSite","@id":"https:\/\/kortho.com\/de\/#website","url":"https:\/\/kortho.com\/de\/","name":"Kortho - Deutschland","description":"Coding Competence","potentialAction":[{"@type":"SearchAction","target":{"@type":"EntryPoint","urlTemplate":"https:\/\/kortho.com\/de\/?s={search_term_string}"},"query-input":{"@type":"PropertyValueSpecification","valueRequired":true,"valueName":"search_term_string"}}],"inLanguage":"en-US"}]}},"aioseo_notices":[],"_links":{"self":[{"href":"https:\/\/kortho.com\/de\/wp-json\/wp\/v2\/pages\/1288"}],"collection":[{"href":"https:\/\/kortho.com\/de\/wp-json\/wp\/v2\/pages"}],"about":[{"href":"https:\/\/kortho.com\/de\/wp-json\/wp\/v2\/types\/page"}],"author":[{"embeddable":true,"href":"https:\/\/kortho.com\/de\/wp-json\/wp\/v2\/users\/1"}],"replies":[{"embeddable":true,"href":"https:\/\/kortho.com\/de\/wp-json\/wp\/v2\/comments?post=1288"}],"version-history":[{"count":33,"href":"https:\/\/kortho.com\/de\/wp-json\/wp\/v2\/pages\/1288\/revisions"}],"predecessor-version":[{"id":4682,"href":"https:\/\/kortho.com\/de\/wp-json\/wp\/v2\/pages\/1288\/revisions\/4682"}],"up":[{"embeddable":true,"href":"https:\/\/kortho.com\/de\/wp-json\/wp\/v2\/pages\/132"}],"wp:featuredmedia":[{"embeddable":true,"href":"https:\/\/kortho.com\/de\/wp-json\/wp\/v2\/media\/1529"}],"wp:attachment":[{"href":"https:\/\/kortho.com\/de\/wp-json\/wp\/v2\/media?parent=1288"}],"curies":[{"name":"wp","href":"https:\/\/api.w.org\/{rel}","templated":true}]}}