{"id":1290,"date":"2015-06-19T11:24:50","date_gmt":"2015-06-19T11:24:50","guid":{"rendered":"http:\/\/kortho.com\/nl\/?page_id=1290"},"modified":"2016-06-28T08:52:24","modified_gmt":"2016-06-28T08:52:24","slug":"industriemarker","status":"publish","type":"page","link":"https:\/\/kortho.com\/de\/losungen\/kennzeichnungsgerate\/industriemarker\/","title":{"rendered":"Industriemarker"},"content":{"rendered":"<h1><img loading=\"lazy\" decoding=\"async\" class=\"alignleft size-full wp-image-1496\" src=\"http:\/\/kortho.com\/wp-content\/uploads\/2015\/07\/Markeren-kartonnen-doos-K1.jpg\" alt=\"Markeren-kartonnen-doos-K\" width=\"138\" height=\"138\" \/> <img loading=\"lazy\" decoding=\"async\" class=\"alignleft size-full wp-image-1487\" src=\"http:\/\/kortho.com\/wp-content\/uploads\/2015\/07\/Kortho-markeren-op-ruwe-ondergrond-K.jpg\" alt=\"Kortho-markeren-op-ruwe-ondergrond-K\" width=\"138\" height=\"138\" \/> <img loading=\"lazy\" decoding=\"async\" class=\"alignleft size-full wp-image-1489\" src=\"http:\/\/kortho.com\/wp-content\/uploads\/2015\/07\/Kortho-markeren-op-metaal-K.jpg\" alt=\"Kortho-markeren-op-metaal-K\" width=\"138\" height=\"138\" \/> <img loading=\"lazy\" decoding=\"async\" class=\"alignleft size-full wp-image-1488\" src=\"http:\/\/kortho.com\/wp-content\/uploads\/2015\/07\/Kortho-markeren-op-steen-K.jpg\" alt=\"Kortho-markeren-op-steen K\" width=\"138\" height=\"138\" \/> <img loading=\"lazy\" decoding=\"async\" class=\"alignleft size-full wp-image-1495\" src=\"http:\/\/kortho.com\/wp-content\/uploads\/2015\/07\/Kortho-markeren-op-papier-K.jpg\" alt=\"Kortho-markeren-op-papier-K\" width=\"138\" height=\"138\" \/> <img loading=\"lazy\" decoding=\"async\" class=\"alignleft size-full wp-image-1492\" src=\"http:\/\/kortho.com\/wp-content\/uploads\/2015\/07\/Kortho-markeren-op-roestig-metaal-K.jpg\" alt=\"Kortho-markeren-op-roestig-metaal-K\" width=\"138\" height=\"138\" \/><\/h1>\n<h1><\/h1>\n<h1><\/h1>\n<h1><\/h1>\n<h1>Wie funktionieren Industriemarker?<\/h1>\n<p>Industrielle Marker wurden speziell f\u00fcr bestimmte Anwendungen oder zur Verwendung auf einer spezifischen Oberfl\u00e4che entwickelt. Im Gegensatz zu normalen Markern unterscheiden sich die Industriemarker stark in ihrer Zusammensetzung. W\u00e4hrend normale Markierungen meist auf Tinte basieren, die in Filz gespeichert ist, k\u00f6nnen Industriemarker verschiedene Arten von Geh\u00e4usen haben und verschiedene Tr\u00e4ger f\u00fcr Tinte, Farbe, Wachs oder Pigmente enthalten.<\/p>\n<h2>F\u00fcr jeden Markierungszweck ist ein individuell entwickelter Marker vorhanden<\/h2>\n<p>F\u00fcr den Einsatz von Markern unterscheiden wir zwischen por\u00f6sen und nicht-por\u00f6sen Oberfl\u00e4chen, die gekennzeichnet werden sollen. Au\u00dferdem muss differenziert werden zwischen permanenten oder entfernbaren Markierungen. Zus\u00e4tzlich kann der gew\u00fcnschte Kontrast variieren, von einer hohen Abdeckung bis hin zu einer f\u00fcr das blo\u00dfe Auge unsichtbaren Markierung. Letztendlich bestimmen die Faktoren wie UV-Resistenz, Form des Schreibens oder die Zusammensetzung der Tinte, welche Art von Marker am besten geeignet ist.<\/p>\n<h2>Anwendungen f\u00fcr Industriemarker<\/h2>\n<p>Industriemarker sind mit Abstand die am weitesten verbreitete Methode um Produkte am Arbeitsplatz zu markieren. Beispielsweise um Abweichungen bei der Qualit\u00e4tskontrolle in der Automobilindustrie zu kennzeichnen; oder um Schwei\u00dfn\u00e4hte und Baumaterialien bei <span style=\"text-decoration: underline;color: #0000ff\"><a style=\"color: #0000ff;text-decoration: underline\" href=\"http:\/\/kortho.com\/de\/losungen\/materialien\/metall\/\" target=\"_blank\">Metallarbeiten<\/a><\/span> und <span style=\"text-decoration: underline;color: #0000ff\"><a style=\"color: #0000ff;text-decoration: underline\" href=\"http:\/\/kortho.com\/de\/losungen\/geschaftsbereich\/bauwesen\/\" target=\"_blank\">Bau<\/a><\/span> zu markieren. Letztendlich werden Industriemarker h\u00e4ufig zum Markieren von Kisten und Paletten w\u00e4hrend der <span style=\"text-decoration: underline\"><span style=\"color: #0000ff\"><a style=\"color: #0000ff;text-decoration: underline\" href=\"http:\/\/kortho.com\/de\/losungen\/produktionsschritte\/tertiare-verpackungsstufe\/\" target=\"_blank\">terti\u00e4ren Stufe<\/a><\/span><\/span> des Verpackungsprozesses verwendet.<\/p>\n<p>&nbsp;<\/p>\n<h3><a title=\"Industriele markeerstiften\" href=\"http:\/\/kortho.com\/de\/productgroepen\/u-mark-marker\/\"><span style=\"text-decoration: underline;color: #0000ff\">Klicken Sie hier f\u00fcr mehr Informationen \u00fcber Kortho\u2019s Industriemarker<\/span><\/a><\/h3>\n","protected":false},"excerpt":{"rendered":"<p>Wie funktionieren Industriemarker? Industrielle Marker wurden speziell f\u00fcr bestimmte Anwendungen oder zur Verwendung auf einer spezifischen Oberfl\u00e4che entwickelt. Im Gegensatz&hellip;<\/p>\n","protected":false},"author":1,"featured_media":1415,"parent":132,"menu_order":9,"comment_status":"closed","ping_status":"closed","template":"page_taxonomy_child.php","meta":{"_monsterinsights_skip_tracking":false,"_monsterinsights_sitenote_active":false,"_monsterinsights_sitenote_note":"","_monsterinsights_sitenote_category":0,"footnotes":""},"class_list":["post-1290","page","type-page","status-publish","format-standard","has-post-thumbnail","hentry"],"yoast_head":"<!-- This site is optimized with the Yoast SEO plugin v23.6 - https:\/\/yoast.com\/wordpress\/plugins\/seo\/ -->\n<title>Industriemarker - Kortho - Deutschland<\/title>\n<meta name=\"robots\" content=\"index, follow, max-snippet:-1, max-image-preview:large, max-video-preview:-1\" \/>\n<link rel=\"canonical\" href=\"https:\/\/kortho.com\/de\/losungen\/kennzeichnungsgerate\/industriemarker\/\" \/>\n<meta property=\"og:locale\" content=\"en_US\" \/>\n<meta property=\"og:type\" content=\"article\" \/>\n<meta property=\"og:title\" content=\"Industriemarker - Kortho - Deutschland\" \/>\n<meta property=\"og:description\" content=\"Wie funktionieren Industriemarker? Industrielle Marker wurden speziell f\u00fcr bestimmte Anwendungen oder zur Verwendung auf einer spezifischen Oberfl\u00e4che entwickelt. Im Gegensatz&hellip;\" \/>\n<meta property=\"og:url\" content=\"https:\/\/kortho.com\/de\/losungen\/kennzeichnungsgerate\/industriemarker\/\" \/>\n<meta property=\"og:site_name\" content=\"Kortho - Deutschland\" \/>\n<meta property=\"article:modified_time\" content=\"2016-06-28T08:52:24+00:00\" \/>\n<meta property=\"og:image\" content=\"https:\/\/kortho.com\/de\/wp-content\/uploads\/sites\/5\/2015\/07\/Kortho-Markers-Umark-N.jpg\" \/>\n\t<meta property=\"og:image:width\" content=\"1024\" \/>\n\t<meta property=\"og:image:height\" content=\"887\" \/>\n\t<meta property=\"og:image:type\" content=\"image\/jpeg\" \/>\n<meta name=\"twitter:card\" content=\"summary_large_image\" \/>\n<meta name=\"twitter:label1\" content=\"Est. reading time\" \/>\n\t<meta name=\"twitter:data1\" content=\"1 minute\" \/>\n<script type=\"application\/ld+json\" class=\"yoast-schema-graph\">{\"@context\":\"https:\/\/schema.org\",\"@graph\":[{\"@type\":\"WebPage\",\"@id\":\"https:\/\/kortho.com\/de\/losungen\/kennzeichnungsgerate\/industriemarker\/\",\"url\":\"https:\/\/kortho.com\/de\/losungen\/kennzeichnungsgerate\/industriemarker\/\",\"name\":\"Industriemarker - Kortho - Deutschland\",\"isPartOf\":{\"@id\":\"https:\/\/kortho.com\/de\/#website\"},\"primaryImageOfPage\":{\"@id\":\"https:\/\/kortho.com\/de\/losungen\/kennzeichnungsgerate\/industriemarker\/#primaryimage\"},\"image\":{\"@id\":\"https:\/\/kortho.com\/de\/losungen\/kennzeichnungsgerate\/industriemarker\/#primaryimage\"},\"thumbnailUrl\":\"https:\/\/kortho.com\/de\/wp-content\/uploads\/sites\/5\/2015\/07\/Kortho-Markers-Umark-N.jpg\",\"datePublished\":\"2015-06-19T11:24:50+00:00\",\"dateModified\":\"2016-06-28T08:52:24+00:00\",\"breadcrumb\":{\"@id\":\"https:\/\/kortho.com\/de\/losungen\/kennzeichnungsgerate\/industriemarker\/#breadcrumb\"},\"inLanguage\":\"en-US\",\"potentialAction\":[{\"@type\":\"ReadAction\",\"target\":[\"https:\/\/kortho.com\/de\/losungen\/kennzeichnungsgerate\/industriemarker\/\"]}]},{\"@type\":\"ImageObject\",\"inLanguage\":\"en-US\",\"@id\":\"https:\/\/kortho.com\/de\/losungen\/kennzeichnungsgerate\/industriemarker\/#primaryimage\",\"url\":\"https:\/\/kortho.com\/de\/wp-content\/uploads\/sites\/5\/2015\/07\/Kortho-Markers-Umark-N.jpg\",\"contentUrl\":\"https:\/\/kortho.com\/de\/wp-content\/uploads\/sites\/5\/2015\/07\/Kortho-Markers-Umark-N.jpg\",\"width\":1024,\"height\":887},{\"@type\":\"BreadcrumbList\",\"@id\":\"https:\/\/kortho.com\/de\/losungen\/kennzeichnungsgerate\/industriemarker\/#breadcrumb\",\"itemListElement\":[{\"@type\":\"ListItem\",\"position\":1,\"name\":\"Home\",\"item\":\"https:\/\/kortho.com\/de\/\"},{\"@type\":\"ListItem\",\"position\":2,\"name\":\"L\u00f6sungen\",\"item\":\"https:\/\/kortho.com\/de\/losungen\/\"},{\"@type\":\"ListItem\",\"position\":3,\"name\":\"Kennzeichnungsger\u00e4te\",\"item\":\"https:\/\/kortho.com\/de\/losungen\/kennzeichnungsgerate\/\"},{\"@type\":\"ListItem\",\"position\":4,\"name\":\"Industriemarker\"}]},{\"@type\":\"WebSite\",\"@id\":\"https:\/\/kortho.com\/de\/#website\",\"url\":\"https:\/\/kortho.com\/de\/\",\"name\":\"Kortho - Deutschland\",\"description\":\"Coding Competence\",\"potentialAction\":[{\"@type\":\"SearchAction\",\"target\":{\"@type\":\"EntryPoint\",\"urlTemplate\":\"https:\/\/kortho.com\/de\/?s={search_term_string}\"},\"query-input\":{\"@type\":\"PropertyValueSpecification\",\"valueRequired\":true,\"valueName\":\"search_term_string\"}}],\"inLanguage\":\"en-US\"}]}<\/script>\n<!-- \/ Yoast SEO plugin. -->","yoast_head_json":{"title":"Industriemarker - Kortho - Deutschland","robots":{"index":"index","follow":"follow","max-snippet":"max-snippet:-1","max-image-preview":"max-image-preview:large","max-video-preview":"max-video-preview:-1"},"canonical":"https:\/\/kortho.com\/de\/losungen\/kennzeichnungsgerate\/industriemarker\/","og_locale":"en_US","og_type":"article","og_title":"Industriemarker - Kortho - Deutschland","og_description":"Wie funktionieren Industriemarker? Industrielle Marker wurden speziell f\u00fcr bestimmte Anwendungen oder zur Verwendung auf einer spezifischen Oberfl\u00e4che entwickelt. Im Gegensatz&hellip;","og_url":"https:\/\/kortho.com\/de\/losungen\/kennzeichnungsgerate\/industriemarker\/","og_site_name":"Kortho - Deutschland","article_modified_time":"2016-06-28T08:52:24+00:00","og_image":[{"width":1024,"height":887,"url":"https:\/\/kortho.com\/de\/wp-content\/uploads\/sites\/5\/2015\/07\/Kortho-Markers-Umark-N.jpg","type":"image\/jpeg"}],"twitter_card":"summary_large_image","twitter_misc":{"Est. reading time":"1 minute"},"schema":{"@context":"https:\/\/schema.org","@graph":[{"@type":"WebPage","@id":"https:\/\/kortho.com\/de\/losungen\/kennzeichnungsgerate\/industriemarker\/","url":"https:\/\/kortho.com\/de\/losungen\/kennzeichnungsgerate\/industriemarker\/","name":"Industriemarker - Kortho - Deutschland","isPartOf":{"@id":"https:\/\/kortho.com\/de\/#website"},"primaryImageOfPage":{"@id":"https:\/\/kortho.com\/de\/losungen\/kennzeichnungsgerate\/industriemarker\/#primaryimage"},"image":{"@id":"https:\/\/kortho.com\/de\/losungen\/kennzeichnungsgerate\/industriemarker\/#primaryimage"},"thumbnailUrl":"https:\/\/kortho.com\/de\/wp-content\/uploads\/sites\/5\/2015\/07\/Kortho-Markers-Umark-N.jpg","datePublished":"2015-06-19T11:24:50+00:00","dateModified":"2016-06-28T08:52:24+00:00","breadcrumb":{"@id":"https:\/\/kortho.com\/de\/losungen\/kennzeichnungsgerate\/industriemarker\/#breadcrumb"},"inLanguage":"en-US","potentialAction":[{"@type":"ReadAction","target":["https:\/\/kortho.com\/de\/losungen\/kennzeichnungsgerate\/industriemarker\/"]}]},{"@type":"ImageObject","inLanguage":"en-US","@id":"https:\/\/kortho.com\/de\/losungen\/kennzeichnungsgerate\/industriemarker\/#primaryimage","url":"https:\/\/kortho.com\/de\/wp-content\/uploads\/sites\/5\/2015\/07\/Kortho-Markers-Umark-N.jpg","contentUrl":"https:\/\/kortho.com\/de\/wp-content\/uploads\/sites\/5\/2015\/07\/Kortho-Markers-Umark-N.jpg","width":1024,"height":887},{"@type":"BreadcrumbList","@id":"https:\/\/kortho.com\/de\/losungen\/kennzeichnungsgerate\/industriemarker\/#breadcrumb","itemListElement":[{"@type":"ListItem","position":1,"name":"Home","item":"https:\/\/kortho.com\/de\/"},{"@type":"ListItem","position":2,"name":"L\u00f6sungen","item":"https:\/\/kortho.com\/de\/losungen\/"},{"@type":"ListItem","position":3,"name":"Kennzeichnungsger\u00e4te","item":"https:\/\/kortho.com\/de\/losungen\/kennzeichnungsgerate\/"},{"@type":"ListItem","position":4,"name":"Industriemarker"}]},{"@type":"WebSite","@id":"https:\/\/kortho.com\/de\/#website","url":"https:\/\/kortho.com\/de\/","name":"Kortho - Deutschland","description":"Coding Competence","potentialAction":[{"@type":"SearchAction","target":{"@type":"EntryPoint","urlTemplate":"https:\/\/kortho.com\/de\/?s={search_term_string}"},"query-input":{"@type":"PropertyValueSpecification","valueRequired":true,"valueName":"search_term_string"}}],"inLanguage":"en-US"}]}},"aioseo_notices":[],"_links":{"self":[{"href":"https:\/\/kortho.com\/de\/wp-json\/wp\/v2\/pages\/1290"}],"collection":[{"href":"https:\/\/kortho.com\/de\/wp-json\/wp\/v2\/pages"}],"about":[{"href":"https:\/\/kortho.com\/de\/wp-json\/wp\/v2\/types\/page"}],"author":[{"embeddable":true,"href":"https:\/\/kortho.com\/de\/wp-json\/wp\/v2\/users\/1"}],"replies":[{"embeddable":true,"href":"https:\/\/kortho.com\/de\/wp-json\/wp\/v2\/comments?post=1290"}],"version-history":[{"count":43,"href":"https:\/\/kortho.com\/de\/wp-json\/wp\/v2\/pages\/1290\/revisions"}],"predecessor-version":[{"id":4679,"href":"https:\/\/kortho.com\/de\/wp-json\/wp\/v2\/pages\/1290\/revisions\/4679"}],"up":[{"embeddable":true,"href":"https:\/\/kortho.com\/de\/wp-json\/wp\/v2\/pages\/132"}],"wp:featuredmedia":[{"embeddable":true,"href":"https:\/\/kortho.com\/de\/wp-json\/wp\/v2\/media\/1415"}],"wp:attachment":[{"href":"https:\/\/kortho.com\/de\/wp-json\/wp\/v2\/media?parent=1290"}],"curies":[{"name":"wp","href":"https:\/\/api.w.org\/{rel}","templated":true}]}}