{"id":174,"date":"2014-11-30T14:44:16","date_gmt":"2014-11-30T14:44:16","guid":{"rendered":"http:\/\/jaspervandermeij.nl\/kortho\/nl\/?page_id=174"},"modified":"2016-06-14T07:43:14","modified_gmt":"2016-06-14T07:43:14","slug":"holz","status":"publish","type":"page","link":"https:\/\/kortho.com\/de\/losungen\/materialien\/holz\/","title":{"rendered":"Holz"},"content":{"rendered":"<h1><img loading=\"lazy\" decoding=\"async\" class=\"alignleft size-full wp-image-3039\" src=\"http:\/\/kortho.com\/wp-content\/uploads\/2015\/09\/Codering-aanbrengen-op-houten-deur-met-inkjet-HR-INKJET.jpg\" alt=\"Codering-aanbrengen-op-houten-deur-met-inkjet-HR-INKJET\" width=\"375\" height=\"138\" srcset=\"https:\/\/kortho.com\/de\/wp-content\/uploads\/sites\/5\/2015\/09\/Codering-aanbrengen-op-houten-deur-met-inkjet-HR-INKJET.jpg 375w, https:\/\/kortho.com\/de\/wp-content\/uploads\/sites\/5\/2015\/09\/Codering-aanbrengen-op-houten-deur-met-inkjet-HR-INKJET-300x110.jpg 300w\" sizes=\"(max-width: 375px) 100vw, 375px\" \/> <img loading=\"lazy\" decoding=\"async\" class=\"alignleft size-full wp-image-3040\" src=\"http:\/\/kortho.com\/wp-content\/uploads\/2015\/09\/printen-met-GraphicJet-op-houten-profiel-balken-HR-inkjet.jpg\" alt=\"printen-met-GraphicJet-op-houten-profiel-balken-HR-inkjet\" width=\"375\" height=\"138\" srcset=\"https:\/\/kortho.com\/de\/wp-content\/uploads\/sites\/5\/2015\/09\/printen-met-GraphicJet-op-houten-profiel-balken-HR-inkjet.jpg 375w, https:\/\/kortho.com\/de\/wp-content\/uploads\/sites\/5\/2015\/09\/printen-met-GraphicJet-op-houten-profiel-balken-HR-inkjet-300x110.jpg 300w\" sizes=\"(max-width: 375px) 100vw, 375px\" \/> <img loading=\"lazy\" decoding=\"async\" class=\"alignleft size-full wp-image-3041\" src=\"http:\/\/kortho.com\/wp-content\/uploads\/2015\/09\/Printen-met-HR-inkjet-op-Houtfiber.jpg\" alt=\"Printen-met-HR-inkjet-op-Houtfiber\" width=\"375\" height=\"138\" srcset=\"https:\/\/kortho.com\/de\/wp-content\/uploads\/sites\/5\/2015\/09\/Printen-met-HR-inkjet-op-Houtfiber.jpg 375w, https:\/\/kortho.com\/de\/wp-content\/uploads\/sites\/5\/2015\/09\/Printen-met-HR-inkjet-op-Houtfiber-300x110.jpg 300w\" sizes=\"(max-width: 375px) 100vw, 375px\" \/><span style=\"color: #ffffff\">.<\/span><\/h1>\n<h1>Eigenschaften von Holz<\/h1>\n<p>Dadurch, dass Holz ein por\u00f6ses Material ist, das Tinte gut absorbiert, ist die Verwendung von \u00f6lbasierten Tinten m\u00f6glich. Es ist wichtig, UV-resistente Tinten mit zus\u00e4tzlichem Farbstoff zu verwenden, wodurch die Codierung deutlich sichtbarer wird, auch bei l\u00e4ngerer Einwirkung von Feuchtigkeit oder Sonnenlicht. Wenn beispielsweise auf eine Flachpressplatte mit einer besonders offenen Struktur gedruckt wird, k\u00f6nnen alternativ auch l\u00f6sungsmittelbasierte Tinten verwendet werden. Das L\u00f6sungsmittel wird schnell verdampfen, bevor die Tinte die Chance bekommt, zu verlaufen oder zu verschmieren.<\/p>\n<h2>Geeignete Kennzeichnungstechniken f\u00fcr Holz<\/h2>\n<p>Die Kennzeichnung von Holz findet \u00fcberwiegend durch <span style=\"text-decoration: underline;color: #0000ff\"><a style=\"color: #0000ff;text-decoration: underline\" href=\"http:\/\/kortho.com\/de\/losungen\/kennzeichnungsgerate\/hi-res-inkjet\/\" target=\"_blank\">Hi-Res Inkjets<\/a><\/span> statt. Das Holz wird am Druckkopf vorbei transportiert und in der Produktionslinie (oder unmittelbar aus der S\u00e4gemaschine heraus) codiert. Intelligente S\u00e4gemaschinen k\u00f6nnen anschlie\u00dfend direkt mit dem Drucker kommunizieren, was gedruckt werden soll (beispielsweise Messungen oder Chargenummern). Je nach ben\u00f6tigter Druckaufl\u00f6sung sind sehr hohe Geschwindigkeiten bei hoher Aufl\u00f6sung m\u00f6glich. F\u00fcr nicht-variierende und\/oder kleine Codierungen sind <span style=\"text-decoration: underline;color: #0000ff\"><a style=\"color: #0000ff;text-decoration: underline\" href=\"http:\/\/kortho.com\/de\/losungen\/kennzeichnungsgerate\/rollcoder\/\" target=\"_blank\">Rollcode<\/a>r<\/span> und feste <span style=\"text-decoration: underline;color: #0000ff\"><a style=\"color: #0000ff;text-decoration: underline\" href=\"http:\/\/kortho.com\/de\/losungen\/kennzeichnungsgerate\/heisswachstinten\/\" target=\"_blank\">Wachstinten<\/a><\/span> ebenfalls geeignet, um auf Holz zu codieren.<span style=\"color: #ffffff\">.<\/span><\/p>\n<p><span style=\"color: #ffffff\">.<\/span><\/p>\n","protected":false},"excerpt":{"rendered":"<p>. Eigenschaften von Holz Dadurch, dass Holz ein por\u00f6ses Material ist, das Tinte gut absorbiert, ist die Verwendung von \u00f6lbasierten&hellip;<\/p>\n","protected":false},"author":1,"featured_media":2751,"parent":170,"menu_order":10,"comment_status":"closed","ping_status":"closed","template":"page_taxonomy_child.php","meta":{"_monsterinsights_skip_tracking":false,"_monsterinsights_sitenote_active":false,"_monsterinsights_sitenote_note":"","_monsterinsights_sitenote_category":0,"footnotes":""},"class_list":["post-174","page","type-page","status-publish","format-standard","has-post-thumbnail","hentry"],"yoast_head":"<!-- This site is optimized with the Yoast SEO plugin v23.6 - https:\/\/yoast.com\/wordpress\/plugins\/seo\/ -->\n<title>Holz - Kortho - Deutschland<\/title>\n<meta name=\"robots\" content=\"index, follow, max-snippet:-1, max-image-preview:large, max-video-preview:-1\" \/>\n<link rel=\"canonical\" href=\"https:\/\/kortho.com\/de\/losungen\/materialien\/holz\/\" \/>\n<meta property=\"og:locale\" content=\"en_US\" \/>\n<meta property=\"og:type\" content=\"article\" \/>\n<meta property=\"og:title\" content=\"Holz - Kortho - Deutschland\" \/>\n<meta property=\"og:description\" content=\". Eigenschaften von Holz Dadurch, dass Holz ein por\u00f6ses Material ist, das Tinte gut absorbiert, ist die Verwendung von \u00f6lbasierten&hellip;\" \/>\n<meta property=\"og:url\" content=\"https:\/\/kortho.com\/de\/losungen\/materialien\/holz\/\" \/>\n<meta property=\"og:site_name\" content=\"Kortho - Deutschland\" \/>\n<meta property=\"article:modified_time\" content=\"2016-06-14T07:43:14+00:00\" \/>\n<meta property=\"og:image\" content=\"https:\/\/kortho.com\/de\/wp-content\/uploads\/sites\/5\/2015\/08\/Materialen-houten-kistje.jpg\" \/>\n\t<meta property=\"og:image:width\" content=\"280\" \/>\n\t<meta property=\"og:image:height\" content=\"280\" \/>\n\t<meta property=\"og:image:type\" content=\"image\/jpeg\" \/>\n<meta name=\"twitter:card\" content=\"summary_large_image\" \/>\n<meta name=\"twitter:label1\" content=\"Est. reading time\" \/>\n\t<meta name=\"twitter:data1\" content=\"1 minute\" \/>\n<script type=\"application\/ld+json\" class=\"yoast-schema-graph\">{\"@context\":\"https:\/\/schema.org\",\"@graph\":[{\"@type\":\"WebPage\",\"@id\":\"https:\/\/kortho.com\/de\/losungen\/materialien\/holz\/\",\"url\":\"https:\/\/kortho.com\/de\/losungen\/materialien\/holz\/\",\"name\":\"Holz - Kortho - Deutschland\",\"isPartOf\":{\"@id\":\"https:\/\/kortho.com\/de\/#website\"},\"primaryImageOfPage\":{\"@id\":\"https:\/\/kortho.com\/de\/losungen\/materialien\/holz\/#primaryimage\"},\"image\":{\"@id\":\"https:\/\/kortho.com\/de\/losungen\/materialien\/holz\/#primaryimage\"},\"thumbnailUrl\":\"https:\/\/kortho.com\/de\/wp-content\/uploads\/sites\/5\/2015\/08\/Materialen-houten-kistje.jpg\",\"datePublished\":\"2014-11-30T14:44:16+00:00\",\"dateModified\":\"2016-06-14T07:43:14+00:00\",\"breadcrumb\":{\"@id\":\"https:\/\/kortho.com\/de\/losungen\/materialien\/holz\/#breadcrumb\"},\"inLanguage\":\"en-US\",\"potentialAction\":[{\"@type\":\"ReadAction\",\"target\":[\"https:\/\/kortho.com\/de\/losungen\/materialien\/holz\/\"]}]},{\"@type\":\"ImageObject\",\"inLanguage\":\"en-US\",\"@id\":\"https:\/\/kortho.com\/de\/losungen\/materialien\/holz\/#primaryimage\",\"url\":\"https:\/\/kortho.com\/de\/wp-content\/uploads\/sites\/5\/2015\/08\/Materialen-houten-kistje.jpg\",\"contentUrl\":\"https:\/\/kortho.com\/de\/wp-content\/uploads\/sites\/5\/2015\/08\/Materialen-houten-kistje.jpg\",\"width\":280,\"height\":280},{\"@type\":\"BreadcrumbList\",\"@id\":\"https:\/\/kortho.com\/de\/losungen\/materialien\/holz\/#breadcrumb\",\"itemListElement\":[{\"@type\":\"ListItem\",\"position\":1,\"name\":\"Home\",\"item\":\"https:\/\/kortho.com\/de\/\"},{\"@type\":\"ListItem\",\"position\":2,\"name\":\"L\u00f6sungen\",\"item\":\"https:\/\/kortho.com\/de\/losungen\/\"},{\"@type\":\"ListItem\",\"position\":3,\"name\":\"Materialien\",\"item\":\"https:\/\/kortho.com\/de\/losungen\/materialien\/\"},{\"@type\":\"ListItem\",\"position\":4,\"name\":\"Holz\"}]},{\"@type\":\"WebSite\",\"@id\":\"https:\/\/kortho.com\/de\/#website\",\"url\":\"https:\/\/kortho.com\/de\/\",\"name\":\"Kortho - Deutschland\",\"description\":\"Coding Competence\",\"potentialAction\":[{\"@type\":\"SearchAction\",\"target\":{\"@type\":\"EntryPoint\",\"urlTemplate\":\"https:\/\/kortho.com\/de\/?s={search_term_string}\"},\"query-input\":{\"@type\":\"PropertyValueSpecification\",\"valueRequired\":true,\"valueName\":\"search_term_string\"}}],\"inLanguage\":\"en-US\"}]}<\/script>\n<!-- \/ Yoast SEO plugin. -->","yoast_head_json":{"title":"Holz - Kortho - Deutschland","robots":{"index":"index","follow":"follow","max-snippet":"max-snippet:-1","max-image-preview":"max-image-preview:large","max-video-preview":"max-video-preview:-1"},"canonical":"https:\/\/kortho.com\/de\/losungen\/materialien\/holz\/","og_locale":"en_US","og_type":"article","og_title":"Holz - Kortho - Deutschland","og_description":". Eigenschaften von Holz Dadurch, dass Holz ein por\u00f6ses Material ist, das Tinte gut absorbiert, ist die Verwendung von \u00f6lbasierten&hellip;","og_url":"https:\/\/kortho.com\/de\/losungen\/materialien\/holz\/","og_site_name":"Kortho - Deutschland","article_modified_time":"2016-06-14T07:43:14+00:00","og_image":[{"width":280,"height":280,"url":"https:\/\/kortho.com\/de\/wp-content\/uploads\/sites\/5\/2015\/08\/Materialen-houten-kistje.jpg","type":"image\/jpeg"}],"twitter_card":"summary_large_image","twitter_misc":{"Est. reading time":"1 minute"},"schema":{"@context":"https:\/\/schema.org","@graph":[{"@type":"WebPage","@id":"https:\/\/kortho.com\/de\/losungen\/materialien\/holz\/","url":"https:\/\/kortho.com\/de\/losungen\/materialien\/holz\/","name":"Holz - Kortho - Deutschland","isPartOf":{"@id":"https:\/\/kortho.com\/de\/#website"},"primaryImageOfPage":{"@id":"https:\/\/kortho.com\/de\/losungen\/materialien\/holz\/#primaryimage"},"image":{"@id":"https:\/\/kortho.com\/de\/losungen\/materialien\/holz\/#primaryimage"},"thumbnailUrl":"https:\/\/kortho.com\/de\/wp-content\/uploads\/sites\/5\/2015\/08\/Materialen-houten-kistje.jpg","datePublished":"2014-11-30T14:44:16+00:00","dateModified":"2016-06-14T07:43:14+00:00","breadcrumb":{"@id":"https:\/\/kortho.com\/de\/losungen\/materialien\/holz\/#breadcrumb"},"inLanguage":"en-US","potentialAction":[{"@type":"ReadAction","target":["https:\/\/kortho.com\/de\/losungen\/materialien\/holz\/"]}]},{"@type":"ImageObject","inLanguage":"en-US","@id":"https:\/\/kortho.com\/de\/losungen\/materialien\/holz\/#primaryimage","url":"https:\/\/kortho.com\/de\/wp-content\/uploads\/sites\/5\/2015\/08\/Materialen-houten-kistje.jpg","contentUrl":"https:\/\/kortho.com\/de\/wp-content\/uploads\/sites\/5\/2015\/08\/Materialen-houten-kistje.jpg","width":280,"height":280},{"@type":"BreadcrumbList","@id":"https:\/\/kortho.com\/de\/losungen\/materialien\/holz\/#breadcrumb","itemListElement":[{"@type":"ListItem","position":1,"name":"Home","item":"https:\/\/kortho.com\/de\/"},{"@type":"ListItem","position":2,"name":"L\u00f6sungen","item":"https:\/\/kortho.com\/de\/losungen\/"},{"@type":"ListItem","position":3,"name":"Materialien","item":"https:\/\/kortho.com\/de\/losungen\/materialien\/"},{"@type":"ListItem","position":4,"name":"Holz"}]},{"@type":"WebSite","@id":"https:\/\/kortho.com\/de\/#website","url":"https:\/\/kortho.com\/de\/","name":"Kortho - Deutschland","description":"Coding Competence","potentialAction":[{"@type":"SearchAction","target":{"@type":"EntryPoint","urlTemplate":"https:\/\/kortho.com\/de\/?s={search_term_string}"},"query-input":{"@type":"PropertyValueSpecification","valueRequired":true,"valueName":"search_term_string"}}],"inLanguage":"en-US"}]}},"aioseo_notices":[],"_links":{"self":[{"href":"https:\/\/kortho.com\/de\/wp-json\/wp\/v2\/pages\/174"}],"collection":[{"href":"https:\/\/kortho.com\/de\/wp-json\/wp\/v2\/pages"}],"about":[{"href":"https:\/\/kortho.com\/de\/wp-json\/wp\/v2\/types\/page"}],"author":[{"embeddable":true,"href":"https:\/\/kortho.com\/de\/wp-json\/wp\/v2\/users\/1"}],"replies":[{"embeddable":true,"href":"https:\/\/kortho.com\/de\/wp-json\/wp\/v2\/comments?post=174"}],"version-history":[{"count":43,"href":"https:\/\/kortho.com\/de\/wp-json\/wp\/v2\/pages\/174\/revisions"}],"predecessor-version":[{"id":4562,"href":"https:\/\/kortho.com\/de\/wp-json\/wp\/v2\/pages\/174\/revisions\/4562"}],"up":[{"embeddable":true,"href":"https:\/\/kortho.com\/de\/wp-json\/wp\/v2\/pages\/170"}],"wp:featuredmedia":[{"embeddable":true,"href":"https:\/\/kortho.com\/de\/wp-json\/wp\/v2\/media\/2751"}],"wp:attachment":[{"href":"https:\/\/kortho.com\/de\/wp-json\/wp\/v2\/media?parent=174"}],"curies":[{"name":"wp","href":"https:\/\/api.w.org\/{rel}","templated":true}]}}