{"id":179,"date":"2014-11-30T15:12:01","date_gmt":"2014-11-30T15:12:01","guid":{"rendered":"http:\/\/jaspervandermeij.nl\/kortho\/nl\/?page_id=179"},"modified":"2016-06-14T07:38:13","modified_gmt":"2016-06-14T07:38:13","slug":"etiketten","status":"publish","type":"page","link":"https:\/\/kortho.com\/de\/losungen\/materialien\/etiketten\/","title":{"rendered":"Etiketten"},"content":{"rendered":"<h1><img loading=\"lazy\" decoding=\"async\" class=\"alignleft size-full wp-image-3030\" src=\"http:\/\/kortho.com\/wp-content\/uploads\/2015\/09\/printen-op-etiket-met-thermal-transferprint.jpg\" alt=\"printen-op-etiket-met-thermal-transferprint\" width=\"375\" height=\"138\" srcset=\"https:\/\/kortho.com\/de\/wp-content\/uploads\/sites\/5\/2015\/09\/printen-op-etiket-met-thermal-transferprint.jpg 375w, https:\/\/kortho.com\/de\/wp-content\/uploads\/sites\/5\/2015\/09\/printen-op-etiket-met-thermal-transferprint-300x110.jpg 300w\" sizes=\"(max-width: 375px) 100vw, 375px\" \/> <img loading=\"lazy\" decoding=\"async\" class=\"alignleft size-full wp-image-3029\" src=\"http:\/\/kortho.com\/wp-content\/uploads\/2015\/09\/printen-op-etiketten-met-thermal-transfer-TTO-printer.jpg\" alt=\"printen-op-etiketten-met-thermal-transfer-TTO-printer\" width=\"375\" height=\"138\" srcset=\"https:\/\/kortho.com\/de\/wp-content\/uploads\/sites\/5\/2015\/09\/printen-op-etiketten-met-thermal-transfer-TTO-printer.jpg 375w, https:\/\/kortho.com\/de\/wp-content\/uploads\/sites\/5\/2015\/09\/printen-op-etiketten-met-thermal-transfer-TTO-printer-300x110.jpg 300w\" sizes=\"(max-width: 375px) 100vw, 375px\" \/> <img loading=\"lazy\" decoding=\"async\" class=\"alignleft size-full wp-image-3028\" src=\"http:\/\/kortho.com\/wp-content\/uploads\/2015\/09\/printen-op-medicijnetiket-met-kleinkarakterinkjet-en-thermal-transferprinter-TTO-en-CIJ.jpg\" alt=\"printen-op-medicijnetiket-met-kleinkarakterinkjet-en-thermal-transferprinter-TTO-en-CIJ\" width=\"375\" height=\"138\" srcset=\"https:\/\/kortho.com\/de\/wp-content\/uploads\/sites\/5\/2015\/09\/printen-op-medicijnetiket-met-kleinkarakterinkjet-en-thermal-transferprinter-TTO-en-CIJ.jpg 375w, https:\/\/kortho.com\/de\/wp-content\/uploads\/sites\/5\/2015\/09\/printen-op-medicijnetiket-met-kleinkarakterinkjet-en-thermal-transferprinter-TTO-en-CIJ-300x110.jpg 300w\" sizes=\"(max-width: 375px) 100vw, 375px\" \/><span style=\"color: #ffffff\">.<\/span><\/h1>\n<h1>Eigenschaften der Etiketten<\/h1>\n<p>Zus\u00e4tzliche Codierung auf Etiketten tritt am h\u00e4ufigsten auf, wenn vorgedruckte, grafisch anspruchsvolle (Farb-) Etiketten benutzt werden. Diese werden in der Masse vorgedruckt; die variablen Informationen wie beispielsweise Mindeshaltbarkeitsdaten oder Chargenummern der Produktionslinie werden am Band hinzugef\u00fcgt. Die Flexibilit\u00e4t, variable Informationen \u201cbei Bedarf&#8221; zu drucken, verhindert die Verschwendung der Materialien. Das Codieren genauer Mengen schlie\u00dft aus, dass Etiketten aufgrund von veralteten Informationen oder ver\u00e4nderter Produktnachfrage weggeworfen werden.<\/p>\n<h2>Geeignete Kennzeichnungsstechniken f\u00fcr Etiketten<\/h2>\n<p>Das Drucken variabler Informationen auf Etiketten kann sowohl durch <span style=\"text-decoration: underline;color: #0000ff\"><a style=\"color: #0000ff;text-decoration: underline\" href=\"http:\/\/kortho.com\/de\/losungen\/kennzeichnungsgerate\/warme-ubertragung-thermotransfer-tto\/\" target=\"_blank\">Thermotransferdrucker (TTO)<\/a><\/span> als auch durch <span style=\"text-decoration: underline;color: #0000ff\"><a style=\"color: #0000ff;text-decoration: underline\" href=\"http:\/\/kortho.com\/de\/losungen\/kennzeichnungsgerate\/heisspragen\/\" target=\"_blank\">Heisspr\u00e4gen<\/a><\/span> erfolgen. Thermotransferdrucker bieten mehr Flexibilit\u00e4t, da die Etiketteninformation digital eingegeben werden kann. Das Heisspr\u00e4gen ist die kosteng\u00fcnstigere Alternative, falls die Codierung sich nicht h\u00e4ufig \u00e4ndert, oder wenn das Drucken inkrementeller Zahlen oder Daten ausreichend ist. Dies kann durch ein Datums- oder Monatsdatenrads durchgef\u00fchrt werden. Nat\u00fcrlich kann der Hi-Res Inkjet ebenfalls verwendet werden, um auf Etiketten zu drucken.<\/p>\n<p><span style=\"color: #ffffff\">.<\/span><\/p>\n","protected":false},"excerpt":{"rendered":"<p>. Eigenschaften der Etiketten Zus\u00e4tzliche Codierung auf Etiketten tritt am h\u00e4ufigsten auf, wenn vorgedruckte, grafisch anspruchsvolle (Farb-) Etiketten benutzt werden.&hellip;<\/p>\n","protected":false},"author":1,"featured_media":2745,"parent":170,"menu_order":9,"comment_status":"closed","ping_status":"closed","template":"page_taxonomy_child.php","meta":{"_monsterinsights_skip_tracking":false,"_monsterinsights_sitenote_active":false,"_monsterinsights_sitenote_note":"","_monsterinsights_sitenote_category":0,"footnotes":""},"class_list":["post-179","page","type-page","status-publish","format-standard","has-post-thumbnail","hentry"],"yoast_head":"<!-- This site is optimized with the Yoast SEO plugin v23.6 - https:\/\/yoast.com\/wordpress\/plugins\/seo\/ -->\n<title>Etiketten - Kortho - Deutschland<\/title>\n<meta name=\"robots\" content=\"index, follow, max-snippet:-1, max-image-preview:large, max-video-preview:-1\" \/>\n<link rel=\"canonical\" href=\"https:\/\/kortho.com\/de\/losungen\/materialien\/etiketten\/\" \/>\n<meta property=\"og:locale\" content=\"en_US\" \/>\n<meta property=\"og:type\" content=\"article\" \/>\n<meta property=\"og:title\" content=\"Etiketten - Kortho - Deutschland\" \/>\n<meta property=\"og:description\" content=\". Eigenschaften der Etiketten Zus\u00e4tzliche Codierung auf Etiketten tritt am h\u00e4ufigsten auf, wenn vorgedruckte, grafisch anspruchsvolle (Farb-) Etiketten benutzt werden.&hellip;\" \/>\n<meta property=\"og:url\" content=\"https:\/\/kortho.com\/de\/losungen\/materialien\/etiketten\/\" \/>\n<meta property=\"og:site_name\" content=\"Kortho - Deutschland\" \/>\n<meta property=\"article:modified_time\" content=\"2016-06-14T07:38:13+00:00\" \/>\n<meta property=\"og:image\" content=\"https:\/\/kortho.com\/de\/wp-content\/uploads\/sites\/5\/2015\/08\/Materialen-Etiketten-voorbedrukt.jpg\" \/>\n\t<meta property=\"og:image:width\" content=\"280\" \/>\n\t<meta property=\"og:image:height\" content=\"280\" \/>\n\t<meta property=\"og:image:type\" content=\"image\/jpeg\" \/>\n<meta name=\"twitter:card\" content=\"summary_large_image\" \/>\n<meta name=\"twitter:label1\" content=\"Est. reading time\" \/>\n\t<meta name=\"twitter:data1\" content=\"1 minute\" \/>\n<script type=\"application\/ld+json\" class=\"yoast-schema-graph\">{\"@context\":\"https:\/\/schema.org\",\"@graph\":[{\"@type\":\"WebPage\",\"@id\":\"https:\/\/kortho.com\/de\/losungen\/materialien\/etiketten\/\",\"url\":\"https:\/\/kortho.com\/de\/losungen\/materialien\/etiketten\/\",\"name\":\"Etiketten - Kortho - Deutschland\",\"isPartOf\":{\"@id\":\"https:\/\/kortho.com\/de\/#website\"},\"primaryImageOfPage\":{\"@id\":\"https:\/\/kortho.com\/de\/losungen\/materialien\/etiketten\/#primaryimage\"},\"image\":{\"@id\":\"https:\/\/kortho.com\/de\/losungen\/materialien\/etiketten\/#primaryimage\"},\"thumbnailUrl\":\"https:\/\/kortho.com\/de\/wp-content\/uploads\/sites\/5\/2015\/08\/Materialen-Etiketten-voorbedrukt.jpg\",\"datePublished\":\"2014-11-30T15:12:01+00:00\",\"dateModified\":\"2016-06-14T07:38:13+00:00\",\"breadcrumb\":{\"@id\":\"https:\/\/kortho.com\/de\/losungen\/materialien\/etiketten\/#breadcrumb\"},\"inLanguage\":\"en-US\",\"potentialAction\":[{\"@type\":\"ReadAction\",\"target\":[\"https:\/\/kortho.com\/de\/losungen\/materialien\/etiketten\/\"]}]},{\"@type\":\"ImageObject\",\"inLanguage\":\"en-US\",\"@id\":\"https:\/\/kortho.com\/de\/losungen\/materialien\/etiketten\/#primaryimage\",\"url\":\"https:\/\/kortho.com\/de\/wp-content\/uploads\/sites\/5\/2015\/08\/Materialen-Etiketten-voorbedrukt.jpg\",\"contentUrl\":\"https:\/\/kortho.com\/de\/wp-content\/uploads\/sites\/5\/2015\/08\/Materialen-Etiketten-voorbedrukt.jpg\",\"width\":280,\"height\":280},{\"@type\":\"BreadcrumbList\",\"@id\":\"https:\/\/kortho.com\/de\/losungen\/materialien\/etiketten\/#breadcrumb\",\"itemListElement\":[{\"@type\":\"ListItem\",\"position\":1,\"name\":\"Home\",\"item\":\"https:\/\/kortho.com\/de\/\"},{\"@type\":\"ListItem\",\"position\":2,\"name\":\"L\u00f6sungen\",\"item\":\"https:\/\/kortho.com\/de\/losungen\/\"},{\"@type\":\"ListItem\",\"position\":3,\"name\":\"Materialien\",\"item\":\"https:\/\/kortho.com\/de\/losungen\/materialien\/\"},{\"@type\":\"ListItem\",\"position\":4,\"name\":\"Etiketten\"}]},{\"@type\":\"WebSite\",\"@id\":\"https:\/\/kortho.com\/de\/#website\",\"url\":\"https:\/\/kortho.com\/de\/\",\"name\":\"Kortho - Deutschland\",\"description\":\"Coding Competence\",\"potentialAction\":[{\"@type\":\"SearchAction\",\"target\":{\"@type\":\"EntryPoint\",\"urlTemplate\":\"https:\/\/kortho.com\/de\/?s={search_term_string}\"},\"query-input\":{\"@type\":\"PropertyValueSpecification\",\"valueRequired\":true,\"valueName\":\"search_term_string\"}}],\"inLanguage\":\"en-US\"}]}<\/script>\n<!-- \/ Yoast SEO plugin. -->","yoast_head_json":{"title":"Etiketten - Kortho - Deutschland","robots":{"index":"index","follow":"follow","max-snippet":"max-snippet:-1","max-image-preview":"max-image-preview:large","max-video-preview":"max-video-preview:-1"},"canonical":"https:\/\/kortho.com\/de\/losungen\/materialien\/etiketten\/","og_locale":"en_US","og_type":"article","og_title":"Etiketten - Kortho - Deutschland","og_description":". Eigenschaften der Etiketten Zus\u00e4tzliche Codierung auf Etiketten tritt am h\u00e4ufigsten auf, wenn vorgedruckte, grafisch anspruchsvolle (Farb-) Etiketten benutzt werden.&hellip;","og_url":"https:\/\/kortho.com\/de\/losungen\/materialien\/etiketten\/","og_site_name":"Kortho - Deutschland","article_modified_time":"2016-06-14T07:38:13+00:00","og_image":[{"width":280,"height":280,"url":"https:\/\/kortho.com\/de\/wp-content\/uploads\/sites\/5\/2015\/08\/Materialen-Etiketten-voorbedrukt.jpg","type":"image\/jpeg"}],"twitter_card":"summary_large_image","twitter_misc":{"Est. reading time":"1 minute"},"schema":{"@context":"https:\/\/schema.org","@graph":[{"@type":"WebPage","@id":"https:\/\/kortho.com\/de\/losungen\/materialien\/etiketten\/","url":"https:\/\/kortho.com\/de\/losungen\/materialien\/etiketten\/","name":"Etiketten - Kortho - Deutschland","isPartOf":{"@id":"https:\/\/kortho.com\/de\/#website"},"primaryImageOfPage":{"@id":"https:\/\/kortho.com\/de\/losungen\/materialien\/etiketten\/#primaryimage"},"image":{"@id":"https:\/\/kortho.com\/de\/losungen\/materialien\/etiketten\/#primaryimage"},"thumbnailUrl":"https:\/\/kortho.com\/de\/wp-content\/uploads\/sites\/5\/2015\/08\/Materialen-Etiketten-voorbedrukt.jpg","datePublished":"2014-11-30T15:12:01+00:00","dateModified":"2016-06-14T07:38:13+00:00","breadcrumb":{"@id":"https:\/\/kortho.com\/de\/losungen\/materialien\/etiketten\/#breadcrumb"},"inLanguage":"en-US","potentialAction":[{"@type":"ReadAction","target":["https:\/\/kortho.com\/de\/losungen\/materialien\/etiketten\/"]}]},{"@type":"ImageObject","inLanguage":"en-US","@id":"https:\/\/kortho.com\/de\/losungen\/materialien\/etiketten\/#primaryimage","url":"https:\/\/kortho.com\/de\/wp-content\/uploads\/sites\/5\/2015\/08\/Materialen-Etiketten-voorbedrukt.jpg","contentUrl":"https:\/\/kortho.com\/de\/wp-content\/uploads\/sites\/5\/2015\/08\/Materialen-Etiketten-voorbedrukt.jpg","width":280,"height":280},{"@type":"BreadcrumbList","@id":"https:\/\/kortho.com\/de\/losungen\/materialien\/etiketten\/#breadcrumb","itemListElement":[{"@type":"ListItem","position":1,"name":"Home","item":"https:\/\/kortho.com\/de\/"},{"@type":"ListItem","position":2,"name":"L\u00f6sungen","item":"https:\/\/kortho.com\/de\/losungen\/"},{"@type":"ListItem","position":3,"name":"Materialien","item":"https:\/\/kortho.com\/de\/losungen\/materialien\/"},{"@type":"ListItem","position":4,"name":"Etiketten"}]},{"@type":"WebSite","@id":"https:\/\/kortho.com\/de\/#website","url":"https:\/\/kortho.com\/de\/","name":"Kortho - Deutschland","description":"Coding Competence","potentialAction":[{"@type":"SearchAction","target":{"@type":"EntryPoint","urlTemplate":"https:\/\/kortho.com\/de\/?s={search_term_string}"},"query-input":{"@type":"PropertyValueSpecification","valueRequired":true,"valueName":"search_term_string"}}],"inLanguage":"en-US"}]}},"aioseo_notices":[],"_links":{"self":[{"href":"https:\/\/kortho.com\/de\/wp-json\/wp\/v2\/pages\/179"}],"collection":[{"href":"https:\/\/kortho.com\/de\/wp-json\/wp\/v2\/pages"}],"about":[{"href":"https:\/\/kortho.com\/de\/wp-json\/wp\/v2\/types\/page"}],"author":[{"embeddable":true,"href":"https:\/\/kortho.com\/de\/wp-json\/wp\/v2\/users\/1"}],"replies":[{"embeddable":true,"href":"https:\/\/kortho.com\/de\/wp-json\/wp\/v2\/comments?post=179"}],"version-history":[{"count":45,"href":"https:\/\/kortho.com\/de\/wp-json\/wp\/v2\/pages\/179\/revisions"}],"predecessor-version":[{"id":4559,"href":"https:\/\/kortho.com\/de\/wp-json\/wp\/v2\/pages\/179\/revisions\/4559"}],"up":[{"embeddable":true,"href":"https:\/\/kortho.com\/de\/wp-json\/wp\/v2\/pages\/170"}],"wp:featuredmedia":[{"embeddable":true,"href":"https:\/\/kortho.com\/de\/wp-json\/wp\/v2\/media\/2745"}],"wp:attachment":[{"href":"https:\/\/kortho.com\/de\/wp-json\/wp\/v2\/media?parent=179"}],"curies":[{"name":"wp","href":"https:\/\/api.w.org\/{rel}","templated":true}]}}