{"id":181,"date":"2014-11-30T15:14:31","date_gmt":"2014-11-30T15:14:31","guid":{"rendered":"http:\/\/jaspervandermeij.nl\/kortho\/nl\/?page_id=181"},"modified":"2016-06-14T07:20:52","modified_gmt":"2016-06-14T07:20:52","slug":"verpackungsfolie","status":"publish","type":"page","link":"https:\/\/kortho.com\/de\/losungen\/materialien\/verpackungsfolie\/","title":{"rendered":"Verpackungsfolie"},"content":{"rendered":"<h1><img loading=\"lazy\" decoding=\"async\" class=\"alignleft size-full wp-image-2873\" src=\"http:\/\/kortho.com\/wp-content\/uploads\/2015\/09\/Coderen-op-buisfolie-verpakking-met-thermal-transferprint.jpg\" alt=\"Coderen op buisfolie verpakking met thermal transferprint\" width=\"375\" height=\"138\" srcset=\"https:\/\/kortho.com\/de\/wp-content\/uploads\/sites\/5\/2015\/09\/Coderen-op-buisfolie-verpakking-met-thermal-transferprint.jpg 375w, https:\/\/kortho.com\/de\/wp-content\/uploads\/sites\/5\/2015\/09\/Coderen-op-buisfolie-verpakking-met-thermal-transferprint-300x110.jpg 300w\" sizes=\"(max-width: 375px) 100vw, 375px\" \/> <img loading=\"lazy\" decoding=\"async\" class=\"alignleft size-full wp-image-2875\" src=\"http:\/\/kortho.com\/wp-content\/uploads\/2015\/09\/Coderen-op-onderdelen-zakje-met-Hotprint.jpg\" alt=\"Coderen op onderdelen zakje met Hotprint\" width=\"375\" height=\"138\" srcset=\"https:\/\/kortho.com\/de\/wp-content\/uploads\/sites\/5\/2015\/09\/Coderen-op-onderdelen-zakje-met-Hotprint.jpg 375w, https:\/\/kortho.com\/de\/wp-content\/uploads\/sites\/5\/2015\/09\/Coderen-op-onderdelen-zakje-met-Hotprint-300x110.jpg 300w\" sizes=\"(max-width: 375px) 100vw, 375px\" \/> <img loading=\"lazy\" decoding=\"async\" class=\"alignleft size-full wp-image-2874\" src=\"http:\/\/kortho.com\/wp-content\/uploads\/2015\/09\/Coderen-op-stazak-van-folie-met-kleinkarakterinkjet.jpg\" alt=\"Coderen op stazak van folie met kleinkarakterinkjet\" width=\"375\" height=\"138\" srcset=\"https:\/\/kortho.com\/de\/wp-content\/uploads\/sites\/5\/2015\/09\/Coderen-op-stazak-van-folie-met-kleinkarakterinkjet.jpg 375w, https:\/\/kortho.com\/de\/wp-content\/uploads\/sites\/5\/2015\/09\/Coderen-op-stazak-van-folie-met-kleinkarakterinkjet-300x110.jpg 300w\" sizes=\"(max-width: 375px) 100vw, 375px\" \/><\/h1>\n<h1>Eigenschaften der (Verpackungs)folie<\/h1>\n<p>Verpackungsfolie ist ein nicht-por\u00f6ses Material. Dies bedeutet, dass sie eine dichte Struktur hat, welche es schwierig macht, Fl\u00fcssigkeiten zu absorbieren, da sie genau hiergegen resistent ist. Diese Eigenschaft f\u00fchrt dazu, dass sie vor allem f\u00fcr Lebensmittelverpackungen verwendet wird.<br \/>\nDurch die relativ langen Trocknungszeiten, ist ein Druck mit \u00f6l- oder l\u00f6sungsmittelbasierten Tinten nur bedingt zu empfehlen um Ihre Informationen der Verpackung hinzuf\u00fcgen. Besser geeignet sind Drucker mit Tintentr\u00e4gern, die wachs- oder harzbasiert (Feststoffe) sind. Diese Drucker geh\u00f6ren zu den am besten geeigneten Systemen, um Informationen auf wasserabweisende Folie drucken zu k\u00f6nnen.<\/p>\n<p><span style=\"color: #ffffff\">.<\/span><\/p>\n<h2>Geeignete Kennzeichnungstechniken f\u00fcr Verpackungsfolie<\/h2>\n<p>Thermotransferdruck, Heisspr\u00e4gen und feste Wachstinten werden h\u00e4ufig verwendet, um auf Verpackungsfolie zu drucken. Wachs\/Harz wird durch Erw\u00e4rmung verfl\u00fcssigt und wird auf die Folie geschmolzen. Dadurch, dass die Tinte schnell abk\u00fchlt und sich bei Kontakt verfestigt, haftet sie sofort. Dies verhindert auch potenzielle Tintenmigration auf das Produkt. Abh\u00e4ngig davon, ob die Drucke variabel oder statisch sind, kann eine Entscheidung entweder f\u00fcr\u00a0<span style=\"text-decoration: underline;color: #0000ff\"><a style=\"color: #0000ff;text-decoration: underline\" href=\"http:\/\/kortho.com\/de\/losungen\/kennzeichnungsgerate\/warme-ubertragung-thermotransfer-tto\/\" target=\"_blank\">Thermotransferdrucker (TTO)<\/a><\/span> (variabel) oder f\u00fcr <span style=\"text-decoration: underline;color: #0000ff\"><a style=\"color: #0000ff;text-decoration: underline\" href=\"http:\/\/kortho.com\/de\/losungen\/kennzeichnungsgerate\/heisspragen\/\" target=\"_blank\">Heisspr\u00e4gen<\/a><\/span> oder feste\u00a0<span style=\"text-decoration: underline;color: #0000ff\"><a style=\"color: #0000ff;text-decoration: underline\" href=\"http:\/\/kortho.com\/de\/losungen\/kennzeichnungsgerate\/heisswachstinten\/\" target=\"_blank\">Heisswachstinten<\/a><\/span> (statisch) erfolgen.<\/p>\n<p><span style=\"color: #ffffff\">.<\/span><\/p>\n","protected":false},"excerpt":{"rendered":"<p>Eigenschaften der (Verpackungs)folie Verpackungsfolie ist ein nicht-por\u00f6ses Material. Dies bedeutet, dass sie eine dichte Struktur hat, welche es schwierig macht,&hellip;<\/p>\n","protected":false},"author":1,"featured_media":2743,"parent":170,"menu_order":1,"comment_status":"closed","ping_status":"closed","template":"page_taxonomy_child.php","meta":{"_monsterinsights_skip_tracking":false,"_monsterinsights_sitenote_active":false,"_monsterinsights_sitenote_note":"","_monsterinsights_sitenote_category":0,"footnotes":""},"class_list":["post-181","page","type-page","status-publish","format-standard","has-post-thumbnail","hentry"],"yoast_head":"<!-- This site is optimized with the Yoast SEO plugin v23.6 - https:\/\/yoast.com\/wordpress\/plugins\/seo\/ -->\n<title>Verpackungsfolie - Kortho - Deutschland<\/title>\n<meta name=\"robots\" content=\"index, follow, max-snippet:-1, max-image-preview:large, max-video-preview:-1\" \/>\n<link rel=\"canonical\" href=\"https:\/\/kortho.com\/de\/losungen\/materialien\/verpackungsfolie\/\" \/>\n<meta property=\"og:locale\" content=\"en_US\" \/>\n<meta property=\"og:type\" content=\"article\" \/>\n<meta property=\"og:title\" content=\"Verpackungsfolie - Kortho - Deutschland\" \/>\n<meta property=\"og:description\" content=\"Eigenschaften der (Verpackungs)folie Verpackungsfolie ist ein nicht-por\u00f6ses Material. Dies bedeutet, dass sie eine dichte Struktur hat, welche es schwierig macht,&hellip;\" \/>\n<meta property=\"og:url\" content=\"https:\/\/kortho.com\/de\/losungen\/materialien\/verpackungsfolie\/\" \/>\n<meta property=\"og:site_name\" content=\"Kortho - Deutschland\" \/>\n<meta property=\"article:modified_time\" content=\"2016-06-14T07:20:52+00:00\" \/>\n<meta property=\"og:image\" content=\"https:\/\/kortho.com\/de\/wp-content\/uploads\/sites\/5\/2015\/08\/Materialen-folie-materiaal.jpg\" \/>\n\t<meta property=\"og:image:width\" content=\"280\" \/>\n\t<meta property=\"og:image:height\" content=\"280\" \/>\n\t<meta property=\"og:image:type\" content=\"image\/jpeg\" \/>\n<meta name=\"twitter:card\" content=\"summary_large_image\" \/>\n<meta name=\"twitter:label1\" content=\"Est. reading time\" \/>\n\t<meta name=\"twitter:data1\" content=\"1 minute\" \/>\n<script type=\"application\/ld+json\" class=\"yoast-schema-graph\">{\"@context\":\"https:\/\/schema.org\",\"@graph\":[{\"@type\":\"WebPage\",\"@id\":\"https:\/\/kortho.com\/de\/losungen\/materialien\/verpackungsfolie\/\",\"url\":\"https:\/\/kortho.com\/de\/losungen\/materialien\/verpackungsfolie\/\",\"name\":\"Verpackungsfolie - Kortho - Deutschland\",\"isPartOf\":{\"@id\":\"https:\/\/kortho.com\/de\/#website\"},\"primaryImageOfPage\":{\"@id\":\"https:\/\/kortho.com\/de\/losungen\/materialien\/verpackungsfolie\/#primaryimage\"},\"image\":{\"@id\":\"https:\/\/kortho.com\/de\/losungen\/materialien\/verpackungsfolie\/#primaryimage\"},\"thumbnailUrl\":\"https:\/\/kortho.com\/de\/wp-content\/uploads\/sites\/5\/2015\/08\/Materialen-folie-materiaal.jpg\",\"datePublished\":\"2014-11-30T15:14:31+00:00\",\"dateModified\":\"2016-06-14T07:20:52+00:00\",\"breadcrumb\":{\"@id\":\"https:\/\/kortho.com\/de\/losungen\/materialien\/verpackungsfolie\/#breadcrumb\"},\"inLanguage\":\"en-US\",\"potentialAction\":[{\"@type\":\"ReadAction\",\"target\":[\"https:\/\/kortho.com\/de\/losungen\/materialien\/verpackungsfolie\/\"]}]},{\"@type\":\"ImageObject\",\"inLanguage\":\"en-US\",\"@id\":\"https:\/\/kortho.com\/de\/losungen\/materialien\/verpackungsfolie\/#primaryimage\",\"url\":\"https:\/\/kortho.com\/de\/wp-content\/uploads\/sites\/5\/2015\/08\/Materialen-folie-materiaal.jpg\",\"contentUrl\":\"https:\/\/kortho.com\/de\/wp-content\/uploads\/sites\/5\/2015\/08\/Materialen-folie-materiaal.jpg\",\"width\":280,\"height\":280},{\"@type\":\"BreadcrumbList\",\"@id\":\"https:\/\/kortho.com\/de\/losungen\/materialien\/verpackungsfolie\/#breadcrumb\",\"itemListElement\":[{\"@type\":\"ListItem\",\"position\":1,\"name\":\"Home\",\"item\":\"https:\/\/kortho.com\/de\/\"},{\"@type\":\"ListItem\",\"position\":2,\"name\":\"L\u00f6sungen\",\"item\":\"https:\/\/kortho.com\/de\/losungen\/\"},{\"@type\":\"ListItem\",\"position\":3,\"name\":\"Materialien\",\"item\":\"https:\/\/kortho.com\/de\/losungen\/materialien\/\"},{\"@type\":\"ListItem\",\"position\":4,\"name\":\"Verpackungsfolie\"}]},{\"@type\":\"WebSite\",\"@id\":\"https:\/\/kortho.com\/de\/#website\",\"url\":\"https:\/\/kortho.com\/de\/\",\"name\":\"Kortho - Deutschland\",\"description\":\"Coding Competence\",\"potentialAction\":[{\"@type\":\"SearchAction\",\"target\":{\"@type\":\"EntryPoint\",\"urlTemplate\":\"https:\/\/kortho.com\/de\/?s={search_term_string}\"},\"query-input\":{\"@type\":\"PropertyValueSpecification\",\"valueRequired\":true,\"valueName\":\"search_term_string\"}}],\"inLanguage\":\"en-US\"}]}<\/script>\n<!-- \/ Yoast SEO plugin. -->","yoast_head_json":{"title":"Verpackungsfolie - Kortho - Deutschland","robots":{"index":"index","follow":"follow","max-snippet":"max-snippet:-1","max-image-preview":"max-image-preview:large","max-video-preview":"max-video-preview:-1"},"canonical":"https:\/\/kortho.com\/de\/losungen\/materialien\/verpackungsfolie\/","og_locale":"en_US","og_type":"article","og_title":"Verpackungsfolie - Kortho - Deutschland","og_description":"Eigenschaften der (Verpackungs)folie Verpackungsfolie ist ein nicht-por\u00f6ses Material. Dies bedeutet, dass sie eine dichte Struktur hat, welche es schwierig macht,&hellip;","og_url":"https:\/\/kortho.com\/de\/losungen\/materialien\/verpackungsfolie\/","og_site_name":"Kortho - Deutschland","article_modified_time":"2016-06-14T07:20:52+00:00","og_image":[{"width":280,"height":280,"url":"https:\/\/kortho.com\/de\/wp-content\/uploads\/sites\/5\/2015\/08\/Materialen-folie-materiaal.jpg","type":"image\/jpeg"}],"twitter_card":"summary_large_image","twitter_misc":{"Est. reading time":"1 minute"},"schema":{"@context":"https:\/\/schema.org","@graph":[{"@type":"WebPage","@id":"https:\/\/kortho.com\/de\/losungen\/materialien\/verpackungsfolie\/","url":"https:\/\/kortho.com\/de\/losungen\/materialien\/verpackungsfolie\/","name":"Verpackungsfolie - Kortho - Deutschland","isPartOf":{"@id":"https:\/\/kortho.com\/de\/#website"},"primaryImageOfPage":{"@id":"https:\/\/kortho.com\/de\/losungen\/materialien\/verpackungsfolie\/#primaryimage"},"image":{"@id":"https:\/\/kortho.com\/de\/losungen\/materialien\/verpackungsfolie\/#primaryimage"},"thumbnailUrl":"https:\/\/kortho.com\/de\/wp-content\/uploads\/sites\/5\/2015\/08\/Materialen-folie-materiaal.jpg","datePublished":"2014-11-30T15:14:31+00:00","dateModified":"2016-06-14T07:20:52+00:00","breadcrumb":{"@id":"https:\/\/kortho.com\/de\/losungen\/materialien\/verpackungsfolie\/#breadcrumb"},"inLanguage":"en-US","potentialAction":[{"@type":"ReadAction","target":["https:\/\/kortho.com\/de\/losungen\/materialien\/verpackungsfolie\/"]}]},{"@type":"ImageObject","inLanguage":"en-US","@id":"https:\/\/kortho.com\/de\/losungen\/materialien\/verpackungsfolie\/#primaryimage","url":"https:\/\/kortho.com\/de\/wp-content\/uploads\/sites\/5\/2015\/08\/Materialen-folie-materiaal.jpg","contentUrl":"https:\/\/kortho.com\/de\/wp-content\/uploads\/sites\/5\/2015\/08\/Materialen-folie-materiaal.jpg","width":280,"height":280},{"@type":"BreadcrumbList","@id":"https:\/\/kortho.com\/de\/losungen\/materialien\/verpackungsfolie\/#breadcrumb","itemListElement":[{"@type":"ListItem","position":1,"name":"Home","item":"https:\/\/kortho.com\/de\/"},{"@type":"ListItem","position":2,"name":"L\u00f6sungen","item":"https:\/\/kortho.com\/de\/losungen\/"},{"@type":"ListItem","position":3,"name":"Materialien","item":"https:\/\/kortho.com\/de\/losungen\/materialien\/"},{"@type":"ListItem","position":4,"name":"Verpackungsfolie"}]},{"@type":"WebSite","@id":"https:\/\/kortho.com\/de\/#website","url":"https:\/\/kortho.com\/de\/","name":"Kortho - Deutschland","description":"Coding Competence","potentialAction":[{"@type":"SearchAction","target":{"@type":"EntryPoint","urlTemplate":"https:\/\/kortho.com\/de\/?s={search_term_string}"},"query-input":{"@type":"PropertyValueSpecification","valueRequired":true,"valueName":"search_term_string"}}],"inLanguage":"en-US"}]}},"aioseo_notices":[],"_links":{"self":[{"href":"https:\/\/kortho.com\/de\/wp-json\/wp\/v2\/pages\/181"}],"collection":[{"href":"https:\/\/kortho.com\/de\/wp-json\/wp\/v2\/pages"}],"about":[{"href":"https:\/\/kortho.com\/de\/wp-json\/wp\/v2\/types\/page"}],"author":[{"embeddable":true,"href":"https:\/\/kortho.com\/de\/wp-json\/wp\/v2\/users\/1"}],"replies":[{"embeddable":true,"href":"https:\/\/kortho.com\/de\/wp-json\/wp\/v2\/comments?post=181"}],"version-history":[{"count":68,"href":"https:\/\/kortho.com\/de\/wp-json\/wp\/v2\/pages\/181\/revisions"}],"predecessor-version":[{"id":4551,"href":"https:\/\/kortho.com\/de\/wp-json\/wp\/v2\/pages\/181\/revisions\/4551"}],"up":[{"embeddable":true,"href":"https:\/\/kortho.com\/de\/wp-json\/wp\/v2\/pages\/170"}],"wp:featuredmedia":[{"embeddable":true,"href":"https:\/\/kortho.com\/de\/wp-json\/wp\/v2\/media\/2743"}],"wp:attachment":[{"href":"https:\/\/kortho.com\/de\/wp-json\/wp\/v2\/media?parent=181"}],"curies":[{"name":"wp","href":"https:\/\/api.w.org\/{rel}","templated":true}]}}