{"id":183,"date":"2014-11-30T15:15:52","date_gmt":"2014-11-30T15:15:52","guid":{"rendered":"http:\/\/jaspervandermeij.nl\/kortho\/nl\/?page_id=183"},"modified":"2016-06-14T07:21:50","modified_gmt":"2016-06-14T07:21:50","slug":"glas","status":"publish","type":"page","link":"https:\/\/kortho.com\/de\/losungen\/materialien\/glas\/","title":{"rendered":"Glas"},"content":{"rendered":"<h1><img loading=\"lazy\" decoding=\"async\" class=\"alignleft size-full wp-image-2949\" src=\"http:\/\/kortho.com\/wp-content\/uploads\/2015\/09\/Coderen-op-glazen-fles-met-gele-inkt-met-kleinkarakterinkjet.jpg\" alt=\"Coderen-op-glazen-fles--met-gele-inkt-met-kleinkarakterinkjet\" width=\"375\" height=\"138\" srcset=\"https:\/\/kortho.com\/de\/wp-content\/uploads\/sites\/5\/2015\/09\/Coderen-op-glazen-fles-met-gele-inkt-met-kleinkarakterinkjet.jpg 375w, https:\/\/kortho.com\/de\/wp-content\/uploads\/sites\/5\/2015\/09\/Coderen-op-glazen-fles-met-gele-inkt-met-kleinkarakterinkjet-300x110.jpg 300w\" sizes=\"(max-width: 375px) 100vw, 375px\" \/> <img loading=\"lazy\" decoding=\"async\" class=\"alignleft size-full wp-image-2950\" src=\"http:\/\/kortho.com\/wp-content\/uploads\/2015\/09\/Coderen-op-glazen-pot-met-kleinkarakter-inkjet.jpg\" alt=\"Coderen-op-glazen-pot-met-kleinkarakter-inkjet\" width=\"375\" height=\"138\" srcset=\"https:\/\/kortho.com\/de\/wp-content\/uploads\/sites\/5\/2015\/09\/Coderen-op-glazen-pot-met-kleinkarakter-inkjet.jpg 375w, https:\/\/kortho.com\/de\/wp-content\/uploads\/sites\/5\/2015\/09\/Coderen-op-glazen-pot-met-kleinkarakter-inkjet-300x110.jpg 300w\" sizes=\"(max-width: 375px) 100vw, 375px\" \/> <img loading=\"lazy\" decoding=\"async\" class=\"alignleft size-full wp-image-2948\" src=\"http:\/\/kortho.com\/wp-content\/uploads\/2015\/09\/Coderen-op-glazen-flesje-met-kleinkarakter-inkjet.jpg\" alt=\"Coderen-op-glazen-flesje-met-kleinkarakter-inkjet\" width=\"375\" height=\"138\" srcset=\"https:\/\/kortho.com\/de\/wp-content\/uploads\/sites\/5\/2015\/09\/Coderen-op-glazen-flesje-met-kleinkarakter-inkjet.jpg 375w, https:\/\/kortho.com\/de\/wp-content\/uploads\/sites\/5\/2015\/09\/Coderen-op-glazen-flesje-met-kleinkarakter-inkjet-300x110.jpg 300w\" sizes=\"(max-width: 375px) 100vw, 375px\" \/><span style=\"color: #ffffff\">.<\/span><\/h1>\n<h1>Eigenschaften von Glas<\/h1>\n<p>Glas ist f\u00fcr seine schwer zu kennzeichnenden Eigenschaften bekannt. Dies liegt daran, dass Glas eine sehr dicht strukturierte Oberfl\u00e4che aufweist und deshalb keine Fl\u00fcssigkeiten absorbiert werden k\u00f6nnen (wie z.B. \u00f6lbasierte Tinten).<br \/>\nAus diesem Grund erfordert das Kennzeichnen von Flaschen die Verwendung von UV-h\u00e4rtenden , l\u00f6sungsmittel- oder wachsbasierte Tinten. Bei l\u00f6sungsmittelbasierte Tinten verdampft das L\u00f6sungsmittel nach dem Druck und der Farbstoff bleibt zur\u00fcck. Wachsbasierte Tinten haften, da sie bei Kontakt abk\u00fchlen und erstarren. Zu guter Letzt k\u00f6nnen auch\u00a0 UV-h\u00e4rtende Tinten verwendet werden, die bei UV-Licht trocknen.<\/p>\n<h2>Geeignete Kennzeichnungstechniken auf Glas<\/h2>\n<p>Glas kann mittels <span style=\"text-decoration: underline\"><span style=\"color: #0000ff\"><a style=\"color: #0000ff;text-decoration: underline\" href=\"http:\/\/kortho.com\/de\/losungen\/kennzeichnungsgerate\/hi-res-inkjet\/\" target=\"_blank\">Hi-Res Inkjetsystemen<\/a><\/span><\/span> oder\u00a0<span style=\"text-decoration: underline\"><span style=\"color: #0000ff\"><a style=\"color: #0000ff;text-decoration: underline\" href=\"http:\/\/kortho.com\/de\/losungen\/kennzeichnungsgerate\/kleinschriftdrucker-cij\/\" target=\"_blank\">Kleinschriftdruckern (CIJ)<\/a><\/span><\/span>, kombiniert mit l\u00f6sungsmittelbasierten\u00a0 Tinten UV-h\u00e4rtenden Tinten codiert werden. Vor allem in der Lebensmittelindustrie werden individuellen Produktverpackungen mit kleinen Codes und Mindesthaltbarkeitsdaten (MHD) erstellt. Das rasche Verdampfen der L\u00f6sungsmittel macht schnelle Codierungsgeschwindigkeiten m\u00f6glich, aber auch UV-h\u00e4rtende Tinten k\u00f6nnen problemlos verwendet werden. Falls sich kleine Codierungen nicht h\u00e4ufig \u00e4ndern, stellen die festen Wachstinten eine g\u00fcnstige Alternative dar. Au\u00dferdem kann das Glas auch manuell mit speziell entwickelten <span style=\"text-decoration: underline\"><span style=\"color: #0000ff\"><a style=\"color: #0000ff;text-decoration: underline\" href=\"http:\/\/kortho.com\/de\/losungen\/kennzeichnungsgerate\/industriemarker\/\" target=\"_blank\">Glasmarkern<\/a><\/span><\/span> gekennzeichnet werden.<\/p>\n<p><span style=\"color: #ffffff\">.<\/span><\/p>\n","protected":false},"excerpt":{"rendered":"<p>. Eigenschaften von Glas Glas ist f\u00fcr seine schwer zu kennzeichnenden Eigenschaften bekannt. Dies liegt daran, dass Glas eine sehr&hellip;<\/p>\n","protected":false},"author":1,"featured_media":2741,"parent":170,"menu_order":5,"comment_status":"closed","ping_status":"closed","template":"page_taxonomy_child.php","meta":{"_monsterinsights_skip_tracking":false,"_monsterinsights_sitenote_active":false,"_monsterinsights_sitenote_note":"","_monsterinsights_sitenote_category":0,"footnotes":""},"class_list":["post-183","page","type-page","status-publish","format-standard","has-post-thumbnail","hentry"],"yoast_head":"<!-- This site is optimized with the Yoast SEO plugin v23.6 - https:\/\/yoast.com\/wordpress\/plugins\/seo\/ -->\n<title>Glas - Kortho - Deutschland<\/title>\n<meta name=\"robots\" content=\"index, follow, max-snippet:-1, max-image-preview:large, max-video-preview:-1\" \/>\n<link rel=\"canonical\" href=\"https:\/\/kortho.com\/de\/losungen\/materialien\/glas\/\" \/>\n<meta property=\"og:locale\" content=\"en_US\" \/>\n<meta property=\"og:type\" content=\"article\" \/>\n<meta property=\"og:title\" content=\"Glas - Kortho - Deutschland\" \/>\n<meta property=\"og:description\" content=\". Eigenschaften von Glas Glas ist f\u00fcr seine schwer zu kennzeichnenden Eigenschaften bekannt. Dies liegt daran, dass Glas eine sehr&hellip;\" \/>\n<meta property=\"og:url\" content=\"https:\/\/kortho.com\/de\/losungen\/materialien\/glas\/\" \/>\n<meta property=\"og:site_name\" content=\"Kortho - Deutschland\" \/>\n<meta property=\"article:modified_time\" content=\"2016-06-14T07:21:50+00:00\" \/>\n<meta property=\"og:image\" content=\"https:\/\/kortho.com\/de\/wp-content\/uploads\/sites\/5\/2015\/08\/Materialen-glas-pot-met-deksel.jpg\" \/>\n\t<meta property=\"og:image:width\" content=\"280\" \/>\n\t<meta property=\"og:image:height\" content=\"280\" \/>\n\t<meta property=\"og:image:type\" content=\"image\/jpeg\" \/>\n<meta name=\"twitter:card\" content=\"summary_large_image\" \/>\n<meta name=\"twitter:label1\" content=\"Est. reading time\" \/>\n\t<meta name=\"twitter:data1\" content=\"1 minute\" \/>\n<script type=\"application\/ld+json\" class=\"yoast-schema-graph\">{\"@context\":\"https:\/\/schema.org\",\"@graph\":[{\"@type\":\"WebPage\",\"@id\":\"https:\/\/kortho.com\/de\/losungen\/materialien\/glas\/\",\"url\":\"https:\/\/kortho.com\/de\/losungen\/materialien\/glas\/\",\"name\":\"Glas - Kortho - Deutschland\",\"isPartOf\":{\"@id\":\"https:\/\/kortho.com\/de\/#website\"},\"primaryImageOfPage\":{\"@id\":\"https:\/\/kortho.com\/de\/losungen\/materialien\/glas\/#primaryimage\"},\"image\":{\"@id\":\"https:\/\/kortho.com\/de\/losungen\/materialien\/glas\/#primaryimage\"},\"thumbnailUrl\":\"https:\/\/kortho.com\/de\/wp-content\/uploads\/sites\/5\/2015\/08\/Materialen-glas-pot-met-deksel.jpg\",\"datePublished\":\"2014-11-30T15:15:52+00:00\",\"dateModified\":\"2016-06-14T07:21:50+00:00\",\"breadcrumb\":{\"@id\":\"https:\/\/kortho.com\/de\/losungen\/materialien\/glas\/#breadcrumb\"},\"inLanguage\":\"en-US\",\"potentialAction\":[{\"@type\":\"ReadAction\",\"target\":[\"https:\/\/kortho.com\/de\/losungen\/materialien\/glas\/\"]}]},{\"@type\":\"ImageObject\",\"inLanguage\":\"en-US\",\"@id\":\"https:\/\/kortho.com\/de\/losungen\/materialien\/glas\/#primaryimage\",\"url\":\"https:\/\/kortho.com\/de\/wp-content\/uploads\/sites\/5\/2015\/08\/Materialen-glas-pot-met-deksel.jpg\",\"contentUrl\":\"https:\/\/kortho.com\/de\/wp-content\/uploads\/sites\/5\/2015\/08\/Materialen-glas-pot-met-deksel.jpg\",\"width\":280,\"height\":280},{\"@type\":\"BreadcrumbList\",\"@id\":\"https:\/\/kortho.com\/de\/losungen\/materialien\/glas\/#breadcrumb\",\"itemListElement\":[{\"@type\":\"ListItem\",\"position\":1,\"name\":\"Home\",\"item\":\"https:\/\/kortho.com\/de\/\"},{\"@type\":\"ListItem\",\"position\":2,\"name\":\"L\u00f6sungen\",\"item\":\"https:\/\/kortho.com\/de\/losungen\/\"},{\"@type\":\"ListItem\",\"position\":3,\"name\":\"Materialien\",\"item\":\"https:\/\/kortho.com\/de\/losungen\/materialien\/\"},{\"@type\":\"ListItem\",\"position\":4,\"name\":\"Glas\"}]},{\"@type\":\"WebSite\",\"@id\":\"https:\/\/kortho.com\/de\/#website\",\"url\":\"https:\/\/kortho.com\/de\/\",\"name\":\"Kortho - Deutschland\",\"description\":\"Coding Competence\",\"potentialAction\":[{\"@type\":\"SearchAction\",\"target\":{\"@type\":\"EntryPoint\",\"urlTemplate\":\"https:\/\/kortho.com\/de\/?s={search_term_string}\"},\"query-input\":{\"@type\":\"PropertyValueSpecification\",\"valueRequired\":true,\"valueName\":\"search_term_string\"}}],\"inLanguage\":\"en-US\"}]}<\/script>\n<!-- \/ Yoast SEO plugin. -->","yoast_head_json":{"title":"Glas - Kortho - Deutschland","robots":{"index":"index","follow":"follow","max-snippet":"max-snippet:-1","max-image-preview":"max-image-preview:large","max-video-preview":"max-video-preview:-1"},"canonical":"https:\/\/kortho.com\/de\/losungen\/materialien\/glas\/","og_locale":"en_US","og_type":"article","og_title":"Glas - Kortho - Deutschland","og_description":". Eigenschaften von Glas Glas ist f\u00fcr seine schwer zu kennzeichnenden Eigenschaften bekannt. Dies liegt daran, dass Glas eine sehr&hellip;","og_url":"https:\/\/kortho.com\/de\/losungen\/materialien\/glas\/","og_site_name":"Kortho - Deutschland","article_modified_time":"2016-06-14T07:21:50+00:00","og_image":[{"width":280,"height":280,"url":"https:\/\/kortho.com\/de\/wp-content\/uploads\/sites\/5\/2015\/08\/Materialen-glas-pot-met-deksel.jpg","type":"image\/jpeg"}],"twitter_card":"summary_large_image","twitter_misc":{"Est. reading time":"1 minute"},"schema":{"@context":"https:\/\/schema.org","@graph":[{"@type":"WebPage","@id":"https:\/\/kortho.com\/de\/losungen\/materialien\/glas\/","url":"https:\/\/kortho.com\/de\/losungen\/materialien\/glas\/","name":"Glas - Kortho - Deutschland","isPartOf":{"@id":"https:\/\/kortho.com\/de\/#website"},"primaryImageOfPage":{"@id":"https:\/\/kortho.com\/de\/losungen\/materialien\/glas\/#primaryimage"},"image":{"@id":"https:\/\/kortho.com\/de\/losungen\/materialien\/glas\/#primaryimage"},"thumbnailUrl":"https:\/\/kortho.com\/de\/wp-content\/uploads\/sites\/5\/2015\/08\/Materialen-glas-pot-met-deksel.jpg","datePublished":"2014-11-30T15:15:52+00:00","dateModified":"2016-06-14T07:21:50+00:00","breadcrumb":{"@id":"https:\/\/kortho.com\/de\/losungen\/materialien\/glas\/#breadcrumb"},"inLanguage":"en-US","potentialAction":[{"@type":"ReadAction","target":["https:\/\/kortho.com\/de\/losungen\/materialien\/glas\/"]}]},{"@type":"ImageObject","inLanguage":"en-US","@id":"https:\/\/kortho.com\/de\/losungen\/materialien\/glas\/#primaryimage","url":"https:\/\/kortho.com\/de\/wp-content\/uploads\/sites\/5\/2015\/08\/Materialen-glas-pot-met-deksel.jpg","contentUrl":"https:\/\/kortho.com\/de\/wp-content\/uploads\/sites\/5\/2015\/08\/Materialen-glas-pot-met-deksel.jpg","width":280,"height":280},{"@type":"BreadcrumbList","@id":"https:\/\/kortho.com\/de\/losungen\/materialien\/glas\/#breadcrumb","itemListElement":[{"@type":"ListItem","position":1,"name":"Home","item":"https:\/\/kortho.com\/de\/"},{"@type":"ListItem","position":2,"name":"L\u00f6sungen","item":"https:\/\/kortho.com\/de\/losungen\/"},{"@type":"ListItem","position":3,"name":"Materialien","item":"https:\/\/kortho.com\/de\/losungen\/materialien\/"},{"@type":"ListItem","position":4,"name":"Glas"}]},{"@type":"WebSite","@id":"https:\/\/kortho.com\/de\/#website","url":"https:\/\/kortho.com\/de\/","name":"Kortho - Deutschland","description":"Coding Competence","potentialAction":[{"@type":"SearchAction","target":{"@type":"EntryPoint","urlTemplate":"https:\/\/kortho.com\/de\/?s={search_term_string}"},"query-input":{"@type":"PropertyValueSpecification","valueRequired":true,"valueName":"search_term_string"}}],"inLanguage":"en-US"}]}},"aioseo_notices":[],"_links":{"self":[{"href":"https:\/\/kortho.com\/de\/wp-json\/wp\/v2\/pages\/183"}],"collection":[{"href":"https:\/\/kortho.com\/de\/wp-json\/wp\/v2\/pages"}],"about":[{"href":"https:\/\/kortho.com\/de\/wp-json\/wp\/v2\/types\/page"}],"author":[{"embeddable":true,"href":"https:\/\/kortho.com\/de\/wp-json\/wp\/v2\/users\/1"}],"replies":[{"embeddable":true,"href":"https:\/\/kortho.com\/de\/wp-json\/wp\/v2\/comments?post=183"}],"version-history":[{"count":49,"href":"https:\/\/kortho.com\/de\/wp-json\/wp\/v2\/pages\/183\/revisions"}],"predecessor-version":[{"id":4552,"href":"https:\/\/kortho.com\/de\/wp-json\/wp\/v2\/pages\/183\/revisions\/4552"}],"up":[{"embeddable":true,"href":"https:\/\/kortho.com\/de\/wp-json\/wp\/v2\/pages\/170"}],"wp:featuredmedia":[{"embeddable":true,"href":"https:\/\/kortho.com\/de\/wp-json\/wp\/v2\/media\/2741"}],"wp:attachment":[{"href":"https:\/\/kortho.com\/de\/wp-json\/wp\/v2\/media?parent=183"}],"curies":[{"name":"wp","href":"https:\/\/api.w.org\/{rel}","templated":true}]}}