{"id":187,"date":"2014-11-30T15:16:44","date_gmt":"2014-11-30T15:16:44","guid":{"rendered":"http:\/\/jaspervandermeij.nl\/kortho\/nl\/?page_id=187"},"modified":"2016-06-14T07:25:32","modified_gmt":"2016-06-14T07:25:32","slug":"kabeln","status":"publish","type":"page","link":"https:\/\/kortho.com\/de\/losungen\/materialien\/kabeln\/","title":{"rendered":"Kabel"},"content":{"rendered":"<h1><img loading=\"lazy\" decoding=\"async\" class=\"alignleft size-full wp-image-2998\" src=\"http:\/\/kortho.com\/wp-content\/uploads\/2015\/09\/coderen-op-kabelhoezen-met-Quickcoders.jpg\" alt=\"coderen-op-kabelhoezen-met-Quickcoders\" width=\"375\" height=\"138\" srcset=\"https:\/\/kortho.com\/de\/wp-content\/uploads\/sites\/5\/2015\/09\/coderen-op-kabelhoezen-met-Quickcoders.jpg 375w, https:\/\/kortho.com\/de\/wp-content\/uploads\/sites\/5\/2015\/09\/coderen-op-kabelhoezen-met-Quickcoders-300x110.jpg 300w\" sizes=\"(max-width: 375px) 100vw, 375px\" \/> <img loading=\"lazy\" decoding=\"async\" class=\"alignleft size-full wp-image-3000\" src=\"http:\/\/kortho.com\/wp-content\/uploads\/2014\/11\/Coderen-op-remkabel-met-hotprint.jpg\" alt=\"Coderen-op-remkabel-met-hotprint\" width=\"375\" height=\"138\" srcset=\"https:\/\/kortho.com\/de\/wp-content\/uploads\/sites\/5\/2014\/11\/Coderen-op-remkabel-met-hotprint.jpg 375w, https:\/\/kortho.com\/de\/wp-content\/uploads\/sites\/5\/2014\/11\/Coderen-op-remkabel-met-hotprint-300x110.jpg 300w\" sizes=\"(max-width: 375px) 100vw, 375px\" \/> <img loading=\"lazy\" decoding=\"async\" class=\"alignleft size-full wp-image-2997\" src=\"http:\/\/kortho.com\/wp-content\/uploads\/2015\/09\/printen-op-kabels-met-kleinkarakter-inkjet-in-de-Automotive.jpg\" alt=\"printen-op-kabels-met-kleinkarakter-inkjet-in-de-Automotive\" width=\"375\" height=\"138\" srcset=\"https:\/\/kortho.com\/de\/wp-content\/uploads\/sites\/5\/2015\/09\/printen-op-kabels-met-kleinkarakter-inkjet-in-de-Automotive.jpg 375w, https:\/\/kortho.com\/de\/wp-content\/uploads\/sites\/5\/2015\/09\/printen-op-kabels-met-kleinkarakter-inkjet-in-de-Automotive-300x110.jpg 300w\" sizes=\"(max-width: 375px) 100vw, 375px\" \/><span style=\"color: #ffffff\">.<\/span><\/h1>\n<h1>Eigenschaften von Kabeln<\/h1>\n<p>Kabel-Codierungen sind durch einen potenziell dunklen, nicht-por\u00f6sen Hintergrund und eine kleine Schreiboberfl\u00e4che gepr\u00e4gt, zudem mu\u00df\u00a0 die Codierung normalerweise bei einer hohen Geschwindigkeit durchgef\u00fchrt werden. Diese Bedingungen f\u00fchren dazu, dass eine sehr dichte und schnelltrocknende Tinte verwendet werden sollte.<br \/>\nDie am besten geeigneten Optionen sind wachs- oder l\u00f6sungsmittelbasierte, pigmentierte Tinten. Wenn wachsbasierte Tinte verwendet wird, wird die Haftung durch das unmittelbare Abk\u00fchlen und Verfestigung des Wachses beim Kontakt mit dem Kabel erreicht. Bei L\u00f6sungsmittelbasierten Tinten verfl\u00fcchtigt sich das L\u00f6sungsmittel unmittelbar nach dem Druck, so dass ein schneller Trocknungsprozess gew\u00e4hrleistet ist.<\/p>\n<h2>Geeignete Kennzeichnungstechniken f\u00fcr Kabel<\/h2>\n<p>Kabelcodierungen bestehen h\u00e4ufig aus Text, Barcode, Logo oder Markierungen nach Qualit\u00e4tskontrollen oder aus Erfassungspunkten.<br \/>\nF\u00fcr die Text- und Barcodecodierung ist <span style=\"text-decoration: underline;color: #0000ff\"><a style=\"color: #0000ff;text-decoration: underline\" href=\"http:\/\/kortho.com\/de\/losungen\/kennzeichnungsgerate\/heisspragen\/\" target=\"_blank\">Heisspr\u00e4gen<\/a><\/span> in Kombination mit Wachs-\/Harztinten eine geeignete Technik. Feste <span style=\"text-decoration: underline;color: #0000ff\"><a style=\"color: #0000ff;text-decoration: underline\" href=\"http:\/\/kortho.com\/de\/losungen\/kennzeichnungsgerate\/heisswachstinten\/\" target=\"_blank\">Wachstinten<\/a><\/span> sind hingegen eine gute Option f\u00fcr die Markierung interner Zwecke. UV-sichtbare Wachstinten sind ebenfalls erh\u00e4ltlich. Bei diesen ist die Codierung nur unter Schwarzlicht sichtbar und das Erscheinungsbild des Kabels bleibt unver\u00e4ndert. Ihre Anforderungen legen wir bei unseren Angeboten zugrunde. Bitte kontaktieren Sie uns.<\/p>\n<p><span style=\"color: #ffffff\">.<\/span><\/p>\n","protected":false},"excerpt":{"rendered":"<p>. Eigenschaften von Kabeln Kabel-Codierungen sind durch einen potenziell dunklen, nicht-por\u00f6sen Hintergrund und eine kleine Schreiboberfl\u00e4che gepr\u00e4gt, zudem mu\u00df\u00a0 die&hellip;<\/p>\n","protected":false},"author":1,"featured_media":2737,"parent":170,"menu_order":7,"comment_status":"closed","ping_status":"closed","template":"page_taxonomy_child.php","meta":{"_monsterinsights_skip_tracking":false,"_monsterinsights_sitenote_active":false,"_monsterinsights_sitenote_note":"","_monsterinsights_sitenote_category":0,"footnotes":""},"class_list":["post-187","page","type-page","status-publish","format-standard","has-post-thumbnail","hentry"],"yoast_head":"<!-- This site is optimized with the Yoast SEO plugin v23.6 - https:\/\/yoast.com\/wordpress\/plugins\/seo\/ -->\n<title>Kabel - Kortho - Deutschland<\/title>\n<meta name=\"robots\" content=\"index, follow, max-snippet:-1, max-image-preview:large, max-video-preview:-1\" \/>\n<link rel=\"canonical\" href=\"https:\/\/kortho.com\/de\/losungen\/materialien\/kabeln\/\" \/>\n<meta property=\"og:locale\" content=\"en_US\" \/>\n<meta property=\"og:type\" content=\"article\" \/>\n<meta property=\"og:title\" content=\"Kabel - Kortho - Deutschland\" \/>\n<meta property=\"og:description\" content=\". Eigenschaften von Kabeln Kabel-Codierungen sind durch einen potenziell dunklen, nicht-por\u00f6sen Hintergrund und eine kleine Schreiboberfl\u00e4che gepr\u00e4gt, zudem mu\u00df\u00a0 die&hellip;\" \/>\n<meta property=\"og:url\" content=\"https:\/\/kortho.com\/de\/losungen\/materialien\/kabeln\/\" \/>\n<meta property=\"og:site_name\" content=\"Kortho - Deutschland\" \/>\n<meta property=\"article:modified_time\" content=\"2016-06-14T07:25:32+00:00\" \/>\n<meta property=\"og:image\" content=\"https:\/\/kortho.com\/de\/wp-content\/uploads\/sites\/5\/2015\/08\/Materialen-kabels-electronica.jpg\" \/>\n\t<meta property=\"og:image:width\" content=\"280\" \/>\n\t<meta property=\"og:image:height\" content=\"280\" \/>\n\t<meta property=\"og:image:type\" content=\"image\/jpeg\" \/>\n<meta name=\"twitter:card\" content=\"summary_large_image\" \/>\n<meta name=\"twitter:label1\" content=\"Est. reading time\" \/>\n\t<meta name=\"twitter:data1\" content=\"1 minute\" \/>\n<script type=\"application\/ld+json\" class=\"yoast-schema-graph\">{\"@context\":\"https:\/\/schema.org\",\"@graph\":[{\"@type\":\"WebPage\",\"@id\":\"https:\/\/kortho.com\/de\/losungen\/materialien\/kabeln\/\",\"url\":\"https:\/\/kortho.com\/de\/losungen\/materialien\/kabeln\/\",\"name\":\"Kabel - Kortho - Deutschland\",\"isPartOf\":{\"@id\":\"https:\/\/kortho.com\/de\/#website\"},\"primaryImageOfPage\":{\"@id\":\"https:\/\/kortho.com\/de\/losungen\/materialien\/kabeln\/#primaryimage\"},\"image\":{\"@id\":\"https:\/\/kortho.com\/de\/losungen\/materialien\/kabeln\/#primaryimage\"},\"thumbnailUrl\":\"https:\/\/kortho.com\/de\/wp-content\/uploads\/sites\/5\/2015\/08\/Materialen-kabels-electronica.jpg\",\"datePublished\":\"2014-11-30T15:16:44+00:00\",\"dateModified\":\"2016-06-14T07:25:32+00:00\",\"breadcrumb\":{\"@id\":\"https:\/\/kortho.com\/de\/losungen\/materialien\/kabeln\/#breadcrumb\"},\"inLanguage\":\"en-US\",\"potentialAction\":[{\"@type\":\"ReadAction\",\"target\":[\"https:\/\/kortho.com\/de\/losungen\/materialien\/kabeln\/\"]}]},{\"@type\":\"ImageObject\",\"inLanguage\":\"en-US\",\"@id\":\"https:\/\/kortho.com\/de\/losungen\/materialien\/kabeln\/#primaryimage\",\"url\":\"https:\/\/kortho.com\/de\/wp-content\/uploads\/sites\/5\/2015\/08\/Materialen-kabels-electronica.jpg\",\"contentUrl\":\"https:\/\/kortho.com\/de\/wp-content\/uploads\/sites\/5\/2015\/08\/Materialen-kabels-electronica.jpg\",\"width\":280,\"height\":280},{\"@type\":\"BreadcrumbList\",\"@id\":\"https:\/\/kortho.com\/de\/losungen\/materialien\/kabeln\/#breadcrumb\",\"itemListElement\":[{\"@type\":\"ListItem\",\"position\":1,\"name\":\"Home\",\"item\":\"https:\/\/kortho.com\/de\/\"},{\"@type\":\"ListItem\",\"position\":2,\"name\":\"L\u00f6sungen\",\"item\":\"https:\/\/kortho.com\/de\/losungen\/\"},{\"@type\":\"ListItem\",\"position\":3,\"name\":\"Materialien\",\"item\":\"https:\/\/kortho.com\/de\/losungen\/materialien\/\"},{\"@type\":\"ListItem\",\"position\":4,\"name\":\"Kabel\"}]},{\"@type\":\"WebSite\",\"@id\":\"https:\/\/kortho.com\/de\/#website\",\"url\":\"https:\/\/kortho.com\/de\/\",\"name\":\"Kortho - Deutschland\",\"description\":\"Coding Competence\",\"potentialAction\":[{\"@type\":\"SearchAction\",\"target\":{\"@type\":\"EntryPoint\",\"urlTemplate\":\"https:\/\/kortho.com\/de\/?s={search_term_string}\"},\"query-input\":{\"@type\":\"PropertyValueSpecification\",\"valueRequired\":true,\"valueName\":\"search_term_string\"}}],\"inLanguage\":\"en-US\"}]}<\/script>\n<!-- \/ Yoast SEO plugin. -->","yoast_head_json":{"title":"Kabel - Kortho - Deutschland","robots":{"index":"index","follow":"follow","max-snippet":"max-snippet:-1","max-image-preview":"max-image-preview:large","max-video-preview":"max-video-preview:-1"},"canonical":"https:\/\/kortho.com\/de\/losungen\/materialien\/kabeln\/","og_locale":"en_US","og_type":"article","og_title":"Kabel - Kortho - Deutschland","og_description":". Eigenschaften von Kabeln Kabel-Codierungen sind durch einen potenziell dunklen, nicht-por\u00f6sen Hintergrund und eine kleine Schreiboberfl\u00e4che gepr\u00e4gt, zudem mu\u00df\u00a0 die&hellip;","og_url":"https:\/\/kortho.com\/de\/losungen\/materialien\/kabeln\/","og_site_name":"Kortho - Deutschland","article_modified_time":"2016-06-14T07:25:32+00:00","og_image":[{"width":280,"height":280,"url":"https:\/\/kortho.com\/de\/wp-content\/uploads\/sites\/5\/2015\/08\/Materialen-kabels-electronica.jpg","type":"image\/jpeg"}],"twitter_card":"summary_large_image","twitter_misc":{"Est. reading time":"1 minute"},"schema":{"@context":"https:\/\/schema.org","@graph":[{"@type":"WebPage","@id":"https:\/\/kortho.com\/de\/losungen\/materialien\/kabeln\/","url":"https:\/\/kortho.com\/de\/losungen\/materialien\/kabeln\/","name":"Kabel - Kortho - Deutschland","isPartOf":{"@id":"https:\/\/kortho.com\/de\/#website"},"primaryImageOfPage":{"@id":"https:\/\/kortho.com\/de\/losungen\/materialien\/kabeln\/#primaryimage"},"image":{"@id":"https:\/\/kortho.com\/de\/losungen\/materialien\/kabeln\/#primaryimage"},"thumbnailUrl":"https:\/\/kortho.com\/de\/wp-content\/uploads\/sites\/5\/2015\/08\/Materialen-kabels-electronica.jpg","datePublished":"2014-11-30T15:16:44+00:00","dateModified":"2016-06-14T07:25:32+00:00","breadcrumb":{"@id":"https:\/\/kortho.com\/de\/losungen\/materialien\/kabeln\/#breadcrumb"},"inLanguage":"en-US","potentialAction":[{"@type":"ReadAction","target":["https:\/\/kortho.com\/de\/losungen\/materialien\/kabeln\/"]}]},{"@type":"ImageObject","inLanguage":"en-US","@id":"https:\/\/kortho.com\/de\/losungen\/materialien\/kabeln\/#primaryimage","url":"https:\/\/kortho.com\/de\/wp-content\/uploads\/sites\/5\/2015\/08\/Materialen-kabels-electronica.jpg","contentUrl":"https:\/\/kortho.com\/de\/wp-content\/uploads\/sites\/5\/2015\/08\/Materialen-kabels-electronica.jpg","width":280,"height":280},{"@type":"BreadcrumbList","@id":"https:\/\/kortho.com\/de\/losungen\/materialien\/kabeln\/#breadcrumb","itemListElement":[{"@type":"ListItem","position":1,"name":"Home","item":"https:\/\/kortho.com\/de\/"},{"@type":"ListItem","position":2,"name":"L\u00f6sungen","item":"https:\/\/kortho.com\/de\/losungen\/"},{"@type":"ListItem","position":3,"name":"Materialien","item":"https:\/\/kortho.com\/de\/losungen\/materialien\/"},{"@type":"ListItem","position":4,"name":"Kabel"}]},{"@type":"WebSite","@id":"https:\/\/kortho.com\/de\/#website","url":"https:\/\/kortho.com\/de\/","name":"Kortho - Deutschland","description":"Coding Competence","potentialAction":[{"@type":"SearchAction","target":{"@type":"EntryPoint","urlTemplate":"https:\/\/kortho.com\/de\/?s={search_term_string}"},"query-input":{"@type":"PropertyValueSpecification","valueRequired":true,"valueName":"search_term_string"}}],"inLanguage":"en-US"}]}},"aioseo_notices":[],"_links":{"self":[{"href":"https:\/\/kortho.com\/de\/wp-json\/wp\/v2\/pages\/187"}],"collection":[{"href":"https:\/\/kortho.com\/de\/wp-json\/wp\/v2\/pages"}],"about":[{"href":"https:\/\/kortho.com\/de\/wp-json\/wp\/v2\/types\/page"}],"author":[{"embeddable":true,"href":"https:\/\/kortho.com\/de\/wp-json\/wp\/v2\/users\/1"}],"replies":[{"embeddable":true,"href":"https:\/\/kortho.com\/de\/wp-json\/wp\/v2\/comments?post=187"}],"version-history":[{"count":43,"href":"https:\/\/kortho.com\/de\/wp-json\/wp\/v2\/pages\/187\/revisions"}],"predecessor-version":[{"id":4554,"href":"https:\/\/kortho.com\/de\/wp-json\/wp\/v2\/pages\/187\/revisions\/4554"}],"up":[{"embeddable":true,"href":"https:\/\/kortho.com\/de\/wp-json\/wp\/v2\/pages\/170"}],"wp:featuredmedia":[{"embeddable":true,"href":"https:\/\/kortho.com\/de\/wp-json\/wp\/v2\/media\/2737"}],"wp:attachment":[{"href":"https:\/\/kortho.com\/de\/wp-json\/wp\/v2\/media?parent=187"}],"curies":[{"name":"wp","href":"https:\/\/api.w.org\/{rel}","templated":true}]}}