{"id":190,"date":"2014-11-30T15:17:36","date_gmt":"2014-11-30T15:17:36","guid":{"rendered":"http:\/\/jaspervandermeij.nl\/kortho\/nl\/?page_id=190"},"modified":"2016-06-14T07:20:26","modified_gmt":"2016-06-14T07:20:26","slug":"beschichtete-pappe","status":"publish","type":"page","link":"https:\/\/kortho.com\/de\/losungen\/materialien\/beschichtete-pappe\/","title":{"rendered":"Beschichtete Pappe"},"content":{"rendered":"<h1><img loading=\"lazy\" decoding=\"async\" class=\"alignleft size-full wp-image-2861\" src=\"http:\/\/kortho.com\/wp-content\/uploads\/2015\/09\/Coderen-op-gecoate-dozen-met-CIJ-kleinkarakterinkjet.jpg\" alt=\"Coderen-op-gecoate-dozen-met-CIJ-kleinkarakterinkjet\" width=\"375\" height=\"138\" srcset=\"https:\/\/kortho.com\/de\/wp-content\/uploads\/sites\/5\/2015\/09\/Coderen-op-gecoate-dozen-met-CIJ-kleinkarakterinkjet.jpg 375w, https:\/\/kortho.com\/de\/wp-content\/uploads\/sites\/5\/2015\/09\/Coderen-op-gecoate-dozen-met-CIJ-kleinkarakterinkjet-300x110.jpg 300w\" sizes=\"(max-width: 375px) 100vw, 375px\" \/> <img loading=\"lazy\" decoding=\"async\" class=\"alignleft size-full wp-image-2859\" src=\"http:\/\/kortho.com\/wp-content\/uploads\/2015\/09\/Coderen-op-gecoate-doosjes-met-GraphicJet.jpg\" alt=\"Coderen-op-gecoate-doosjes-met-GraphicJet\" width=\"375\" height=\"138\" srcset=\"https:\/\/kortho.com\/de\/wp-content\/uploads\/sites\/5\/2015\/09\/Coderen-op-gecoate-doosjes-met-GraphicJet.jpg 375w, https:\/\/kortho.com\/de\/wp-content\/uploads\/sites\/5\/2015\/09\/Coderen-op-gecoate-doosjes-met-GraphicJet-300x110.jpg 300w\" sizes=\"(max-width: 375px) 100vw, 375px\" \/> <img loading=\"lazy\" decoding=\"async\" class=\"alignleft size-full wp-image-2860\" src=\"http:\/\/kortho.com\/wp-content\/uploads\/2015\/09\/Coderen-op-gecoate-dozen-met-CIJ-kleinkarakterinkjet-serialisatie.jpg\" alt=\"Coderen-op-gecoate-dozen-met-CIJ-kleinkarakterinkjet-serialisatie\" width=\"375\" height=\"138\" srcset=\"https:\/\/kortho.com\/de\/wp-content\/uploads\/sites\/5\/2015\/09\/Coderen-op-gecoate-dozen-met-CIJ-kleinkarakterinkjet-serialisatie.jpg 375w, https:\/\/kortho.com\/de\/wp-content\/uploads\/sites\/5\/2015\/09\/Coderen-op-gecoate-dozen-met-CIJ-kleinkarakterinkjet-serialisatie-300x110.jpg 300w\" sizes=\"(max-width: 375px) 100vw, 375px\" \/><\/h1>\n<h1>Eigenschaften beschichteter Pappe<\/h1>\n<p>Beschichtete Pappe wird verwendet, wenn das Aussehen der (\u00e4u\u00dferen) Schachtel wichtig ist. Zum Beispiel, wenn das Produkt dem Endnutzer direkt aus der Box angeboten wird, oder falls das Logo\/die Marke wichtig ist. Die Beschichtung wird hierf\u00fcr vorgedruckt und variable Informationen wie der Barcode, Inhalt oder Adressdaten werden zu einem sp\u00e4teren Zeitpunkt aufgedruckt. Die Beschichtung besteht aus einem nicht-por\u00f6sen Material, wodurch \u00f6lbasierte Tinten weniger gut haften. Daher wird Tinte mit L\u00f6sungsmittel verwendet. Dieses L\u00f6sungsmittel verdunstet nach dem Druck und hinterl\u00e4sst die notwendigen Farbe.<\/p>\n<h2>Geeignete Kennzeichnungstechniken f\u00fcr beschichtete Pappe<\/h2>\n<p>Wegen der erforderlichen Aufl\u00f6sung f\u00fcr Barcodes, Logos und Texte, ist der Hi-Res Inkjet der\u00a0 geeignetste Drucker\u00a0 f\u00fcr die Codierung variabler Informationen auf beschichtete Pappe.<\/p>\n<p><span style=\"color: #ffffff\">.<\/span><\/p>\n","protected":false},"excerpt":{"rendered":"<p>Eigenschaften beschichteter Pappe Beschichtete Pappe wird verwendet, wenn das Aussehen der (\u00e4u\u00dferen) Schachtel wichtig ist. Zum Beispiel, wenn das Produkt&hellip;<\/p>\n","protected":false},"author":1,"featured_media":2725,"parent":170,"menu_order":2,"comment_status":"closed","ping_status":"closed","template":"page_taxonomy_child.php","meta":{"_monsterinsights_skip_tracking":false,"_monsterinsights_sitenote_active":false,"_monsterinsights_sitenote_note":"","_monsterinsights_sitenote_category":0,"footnotes":""},"class_list":["post-190","page","type-page","status-publish","format-standard","has-post-thumbnail","hentry"],"yoast_head":"<!-- This site is optimized with the Yoast SEO plugin v23.6 - https:\/\/yoast.com\/wordpress\/plugins\/seo\/ -->\n<title>Beschichtete Pappe - Kortho - Deutschland<\/title>\n<meta name=\"robots\" content=\"index, follow, max-snippet:-1, max-image-preview:large, max-video-preview:-1\" \/>\n<link rel=\"canonical\" href=\"https:\/\/kortho.com\/de\/losungen\/materialien\/beschichtete-pappe\/\" \/>\n<meta property=\"og:locale\" content=\"en_US\" \/>\n<meta property=\"og:type\" content=\"article\" \/>\n<meta property=\"og:title\" content=\"Beschichtete Pappe - Kortho - Deutschland\" \/>\n<meta property=\"og:description\" content=\"Eigenschaften beschichteter Pappe Beschichtete Pappe wird verwendet, wenn das Aussehen der (\u00e4u\u00dferen) Schachtel wichtig ist. Zum Beispiel, wenn das Produkt&hellip;\" \/>\n<meta property=\"og:url\" content=\"https:\/\/kortho.com\/de\/losungen\/materialien\/beschichtete-pappe\/\" \/>\n<meta property=\"og:site_name\" content=\"Kortho - Deutschland\" \/>\n<meta property=\"article:modified_time\" content=\"2016-06-14T07:20:26+00:00\" \/>\n<meta property=\"og:image\" content=\"https:\/\/kortho.com\/de\/wp-content\/uploads\/sites\/5\/2015\/08\/Materialen-gecoat-karton3.jpg\" \/>\n\t<meta property=\"og:image:width\" content=\"280\" \/>\n\t<meta property=\"og:image:height\" content=\"280\" \/>\n\t<meta property=\"og:image:type\" content=\"image\/jpeg\" \/>\n<meta name=\"twitter:card\" content=\"summary_large_image\" \/>\n<meta name=\"twitter:label1\" content=\"Est. reading time\" \/>\n\t<meta name=\"twitter:data1\" content=\"1 minute\" \/>\n<script type=\"application\/ld+json\" class=\"yoast-schema-graph\">{\"@context\":\"https:\/\/schema.org\",\"@graph\":[{\"@type\":\"WebPage\",\"@id\":\"https:\/\/kortho.com\/de\/losungen\/materialien\/beschichtete-pappe\/\",\"url\":\"https:\/\/kortho.com\/de\/losungen\/materialien\/beschichtete-pappe\/\",\"name\":\"Beschichtete Pappe - Kortho - Deutschland\",\"isPartOf\":{\"@id\":\"https:\/\/kortho.com\/de\/#website\"},\"primaryImageOfPage\":{\"@id\":\"https:\/\/kortho.com\/de\/losungen\/materialien\/beschichtete-pappe\/#primaryimage\"},\"image\":{\"@id\":\"https:\/\/kortho.com\/de\/losungen\/materialien\/beschichtete-pappe\/#primaryimage\"},\"thumbnailUrl\":\"https:\/\/kortho.com\/de\/wp-content\/uploads\/sites\/5\/2015\/08\/Materialen-gecoat-karton3.jpg\",\"datePublished\":\"2014-11-30T15:17:36+00:00\",\"dateModified\":\"2016-06-14T07:20:26+00:00\",\"breadcrumb\":{\"@id\":\"https:\/\/kortho.com\/de\/losungen\/materialien\/beschichtete-pappe\/#breadcrumb\"},\"inLanguage\":\"en-US\",\"potentialAction\":[{\"@type\":\"ReadAction\",\"target\":[\"https:\/\/kortho.com\/de\/losungen\/materialien\/beschichtete-pappe\/\"]}]},{\"@type\":\"ImageObject\",\"inLanguage\":\"en-US\",\"@id\":\"https:\/\/kortho.com\/de\/losungen\/materialien\/beschichtete-pappe\/#primaryimage\",\"url\":\"https:\/\/kortho.com\/de\/wp-content\/uploads\/sites\/5\/2015\/08\/Materialen-gecoat-karton3.jpg\",\"contentUrl\":\"https:\/\/kortho.com\/de\/wp-content\/uploads\/sites\/5\/2015\/08\/Materialen-gecoat-karton3.jpg\",\"width\":280,\"height\":280},{\"@type\":\"BreadcrumbList\",\"@id\":\"https:\/\/kortho.com\/de\/losungen\/materialien\/beschichtete-pappe\/#breadcrumb\",\"itemListElement\":[{\"@type\":\"ListItem\",\"position\":1,\"name\":\"Home\",\"item\":\"https:\/\/kortho.com\/de\/\"},{\"@type\":\"ListItem\",\"position\":2,\"name\":\"L\u00f6sungen\",\"item\":\"https:\/\/kortho.com\/de\/losungen\/\"},{\"@type\":\"ListItem\",\"position\":3,\"name\":\"Materialien\",\"item\":\"https:\/\/kortho.com\/de\/losungen\/materialien\/\"},{\"@type\":\"ListItem\",\"position\":4,\"name\":\"Beschichtete Pappe\"}]},{\"@type\":\"WebSite\",\"@id\":\"https:\/\/kortho.com\/de\/#website\",\"url\":\"https:\/\/kortho.com\/de\/\",\"name\":\"Kortho - Deutschland\",\"description\":\"Coding Competence\",\"potentialAction\":[{\"@type\":\"SearchAction\",\"target\":{\"@type\":\"EntryPoint\",\"urlTemplate\":\"https:\/\/kortho.com\/de\/?s={search_term_string}\"},\"query-input\":{\"@type\":\"PropertyValueSpecification\",\"valueRequired\":true,\"valueName\":\"search_term_string\"}}],\"inLanguage\":\"en-US\"}]}<\/script>\n<!-- \/ Yoast SEO plugin. -->","yoast_head_json":{"title":"Beschichtete Pappe - Kortho - Deutschland","robots":{"index":"index","follow":"follow","max-snippet":"max-snippet:-1","max-image-preview":"max-image-preview:large","max-video-preview":"max-video-preview:-1"},"canonical":"https:\/\/kortho.com\/de\/losungen\/materialien\/beschichtete-pappe\/","og_locale":"en_US","og_type":"article","og_title":"Beschichtete Pappe - Kortho - Deutschland","og_description":"Eigenschaften beschichteter Pappe Beschichtete Pappe wird verwendet, wenn das Aussehen der (\u00e4u\u00dferen) Schachtel wichtig ist. Zum Beispiel, wenn das Produkt&hellip;","og_url":"https:\/\/kortho.com\/de\/losungen\/materialien\/beschichtete-pappe\/","og_site_name":"Kortho - Deutschland","article_modified_time":"2016-06-14T07:20:26+00:00","og_image":[{"width":280,"height":280,"url":"https:\/\/kortho.com\/de\/wp-content\/uploads\/sites\/5\/2015\/08\/Materialen-gecoat-karton3.jpg","type":"image\/jpeg"}],"twitter_card":"summary_large_image","twitter_misc":{"Est. reading time":"1 minute"},"schema":{"@context":"https:\/\/schema.org","@graph":[{"@type":"WebPage","@id":"https:\/\/kortho.com\/de\/losungen\/materialien\/beschichtete-pappe\/","url":"https:\/\/kortho.com\/de\/losungen\/materialien\/beschichtete-pappe\/","name":"Beschichtete Pappe - Kortho - Deutschland","isPartOf":{"@id":"https:\/\/kortho.com\/de\/#website"},"primaryImageOfPage":{"@id":"https:\/\/kortho.com\/de\/losungen\/materialien\/beschichtete-pappe\/#primaryimage"},"image":{"@id":"https:\/\/kortho.com\/de\/losungen\/materialien\/beschichtete-pappe\/#primaryimage"},"thumbnailUrl":"https:\/\/kortho.com\/de\/wp-content\/uploads\/sites\/5\/2015\/08\/Materialen-gecoat-karton3.jpg","datePublished":"2014-11-30T15:17:36+00:00","dateModified":"2016-06-14T07:20:26+00:00","breadcrumb":{"@id":"https:\/\/kortho.com\/de\/losungen\/materialien\/beschichtete-pappe\/#breadcrumb"},"inLanguage":"en-US","potentialAction":[{"@type":"ReadAction","target":["https:\/\/kortho.com\/de\/losungen\/materialien\/beschichtete-pappe\/"]}]},{"@type":"ImageObject","inLanguage":"en-US","@id":"https:\/\/kortho.com\/de\/losungen\/materialien\/beschichtete-pappe\/#primaryimage","url":"https:\/\/kortho.com\/de\/wp-content\/uploads\/sites\/5\/2015\/08\/Materialen-gecoat-karton3.jpg","contentUrl":"https:\/\/kortho.com\/de\/wp-content\/uploads\/sites\/5\/2015\/08\/Materialen-gecoat-karton3.jpg","width":280,"height":280},{"@type":"BreadcrumbList","@id":"https:\/\/kortho.com\/de\/losungen\/materialien\/beschichtete-pappe\/#breadcrumb","itemListElement":[{"@type":"ListItem","position":1,"name":"Home","item":"https:\/\/kortho.com\/de\/"},{"@type":"ListItem","position":2,"name":"L\u00f6sungen","item":"https:\/\/kortho.com\/de\/losungen\/"},{"@type":"ListItem","position":3,"name":"Materialien","item":"https:\/\/kortho.com\/de\/losungen\/materialien\/"},{"@type":"ListItem","position":4,"name":"Beschichtete Pappe"}]},{"@type":"WebSite","@id":"https:\/\/kortho.com\/de\/#website","url":"https:\/\/kortho.com\/de\/","name":"Kortho - Deutschland","description":"Coding Competence","potentialAction":[{"@type":"SearchAction","target":{"@type":"EntryPoint","urlTemplate":"https:\/\/kortho.com\/de\/?s={search_term_string}"},"query-input":{"@type":"PropertyValueSpecification","valueRequired":true,"valueName":"search_term_string"}}],"inLanguage":"en-US"}]}},"aioseo_notices":[],"_links":{"self":[{"href":"https:\/\/kortho.com\/de\/wp-json\/wp\/v2\/pages\/190"}],"collection":[{"href":"https:\/\/kortho.com\/de\/wp-json\/wp\/v2\/pages"}],"about":[{"href":"https:\/\/kortho.com\/de\/wp-json\/wp\/v2\/types\/page"}],"author":[{"embeddable":true,"href":"https:\/\/kortho.com\/de\/wp-json\/wp\/v2\/users\/1"}],"replies":[{"embeddable":true,"href":"https:\/\/kortho.com\/de\/wp-json\/wp\/v2\/comments?post=190"}],"version-history":[{"count":53,"href":"https:\/\/kortho.com\/de\/wp-json\/wp\/v2\/pages\/190\/revisions"}],"predecessor-version":[{"id":4550,"href":"https:\/\/kortho.com\/de\/wp-json\/wp\/v2\/pages\/190\/revisions\/4550"}],"up":[{"embeddable":true,"href":"https:\/\/kortho.com\/de\/wp-json\/wp\/v2\/pages\/170"}],"wp:featuredmedia":[{"embeddable":true,"href":"https:\/\/kortho.com\/de\/wp-json\/wp\/v2\/media\/2725"}],"wp:attachment":[{"href":"https:\/\/kortho.com\/de\/wp-json\/wp\/v2\/media?parent=190"}],"curies":[{"name":"wp","href":"https:\/\/api.w.org\/{rel}","templated":true}]}}