{"id":193,"date":"2014-11-30T15:18:23","date_gmt":"2014-11-30T15:18:23","guid":{"rendered":"http:\/\/jaspervandermeij.nl\/kortho\/nl\/?page_id=193"},"modified":"2016-06-13T14:55:51","modified_gmt":"2016-06-13T14:55:51","slug":"unbeschichtete-pappe","status":"publish","type":"page","link":"https:\/\/kortho.com\/de\/losungen\/materialien\/unbeschichtete-pappe\/","title":{"rendered":"Unbeschichtete Pappe"},"content":{"rendered":"<h1><img loading=\"lazy\" decoding=\"async\" class=\"alignleft size-full wp-image-2896\" src=\"http:\/\/kortho.com\/wp-content\/uploads\/2014\/11\/printen-aan-binnenzijde-kartonnen-koker-met-GraphicJet.jpg\" alt=\"printen-aan-binnenzijde-kartonnen-koker-met-GraphicJet\" width=\"375\" height=\"138\" srcset=\"https:\/\/kortho.com\/de\/wp-content\/uploads\/sites\/5\/2014\/11\/printen-aan-binnenzijde-kartonnen-koker-met-GraphicJet.jpg 375w, https:\/\/kortho.com\/de\/wp-content\/uploads\/sites\/5\/2014\/11\/printen-aan-binnenzijde-kartonnen-koker-met-GraphicJet-300x110.jpg 300w\" sizes=\"(max-width: 375px) 100vw, 375px\" \/> <img loading=\"lazy\" decoding=\"async\" class=\"alignleft size-full wp-image-2967\" src=\"http:\/\/kortho.com\/wp-content\/uploads\/2015\/09\/printen-met-GraphicJet-HR-inkjet-op-papieren-stortgoed-zak.jpg\" alt=\"printen-met-GraphicJet-HR-inkjet-op-papieren-stortgoed-zak\" width=\"375\" height=\"138\" srcset=\"https:\/\/kortho.com\/de\/wp-content\/uploads\/sites\/5\/2015\/09\/printen-met-GraphicJet-HR-inkjet-op-papieren-stortgoed-zak.jpg 375w, https:\/\/kortho.com\/de\/wp-content\/uploads\/sites\/5\/2015\/09\/printen-met-GraphicJet-HR-inkjet-op-papieren-stortgoed-zak-300x110.jpg 300w\" sizes=\"(max-width: 375px) 100vw, 375px\" \/> <img loading=\"lazy\" decoding=\"async\" class=\"alignleft size-full wp-image-2895\" src=\"http:\/\/kortho.com\/wp-content\/uploads\/2014\/11\/printen-op-ongecoate-kartonnen-omdoos-met-GraphicJet.jpg\" alt=\"printen-op-ongecoate-kartonnen-omdoos-met-GraphicJet\" width=\"375\" height=\"138\" srcset=\"https:\/\/kortho.com\/de\/wp-content\/uploads\/sites\/5\/2014\/11\/printen-op-ongecoate-kartonnen-omdoos-met-GraphicJet.jpg 375w, https:\/\/kortho.com\/de\/wp-content\/uploads\/sites\/5\/2014\/11\/printen-op-ongecoate-kartonnen-omdoos-met-GraphicJet-300x110.jpg 300w\" sizes=\"(max-width: 375px) 100vw, 375px\" \/><\/h1>\n<h1>Eigenschaften der Pappe<\/h1>\n<p>Pappe hat eine offene Faserstruktur, die Tinte gut absorbiert. Diese por\u00f6se Oberfl\u00e4che macht \u00f6lbasierte Tinte zum bestgeeigneten Mittel der Codierung. Das \u00d6l wird fast umgehend von der Pappe absorbiert und hinterl\u00e4sst nur noch die Farbe auf der Oberfl\u00e4che. Mit Abstand wird dies am h\u00e4ufigsten f\u00fcr (\u00e4u\u00dfere) Verpackungen mit individuellen Produkten verwendet. Diese Verpackungen werden h\u00e4ufig mit einem Barcode, Adressdaten und einer Beschreibung des Inhalts ausgestattet.<\/p>\n<h2>Geeignete Kennzeichnungsstechniken f\u00fcr Pappe<\/h2>\n<p><span style=\"text-decoration: underline;color: #0000ff\"><a style=\"color: #0000ff;text-decoration: underline\" href=\"http:\/\/kortho.com\/de\/losungen\/kennzeichnungsgerate\/hi-res-inkjet\/\" target=\"_blank\">Hi-Res Inkjet<\/a><\/span> Inkjet-Systeme sind mit Abstand die am h\u00e4ufigsten verwendeten Drucker f\u00fcr Verpackungen. Dadurch, dass der Druck direkt auf der Pappe erfolgt, sind die individuellen Kosten pro Druck viel niedriger als beim Einsatz von Etiketten.<br \/>\nZus\u00e4tzlich k\u00f6nnen Hi-Res Inkjet-Drucker mit unserer Software digital kontrolliert werden, was einen automatischen Druck mit variablen Informationen f\u00fcr jede Box individuell m\u00f6glich macht. Der automatisierte Druck kann dann durch interne Funktionen des Druckers , von einem ERP , einer externen Datenbank oder durch Benutzereingiff gesteuert werden.<br \/>\nFalls Ihr Druck nicht ver\u00e4ndert werden muss, da Sie ein permanentes Logo oder einen gleichbleibenden Text verwenden, ist der Rollcoder eine \u00f6konomische Alternative.<\/p>\n<p><span style=\"color: #ffffff\">.<\/span><\/p>\n","protected":false},"excerpt":{"rendered":"<p>Eigenschaften der Pappe Pappe hat eine offene Faserstruktur, die Tinte gut absorbiert. Diese por\u00f6se Oberfl\u00e4che macht \u00f6lbasierte Tinte zum bestgeeigneten&hellip;<\/p>\n","protected":false},"author":1,"featured_media":2744,"parent":170,"menu_order":3,"comment_status":"closed","ping_status":"closed","template":"page_taxonomy_child.php","meta":{"_monsterinsights_skip_tracking":false,"_monsterinsights_sitenote_active":false,"_monsterinsights_sitenote_note":"","_monsterinsights_sitenote_category":0,"footnotes":""},"class_list":["post-193","page","type-page","status-publish","format-standard","has-post-thumbnail","hentry"],"yoast_head":"<!-- This site is optimized with the Yoast SEO plugin v23.6 - https:\/\/yoast.com\/wordpress\/plugins\/seo\/ -->\n<title>Unbeschichtete Pappe - Kortho - Deutschland<\/title>\n<meta name=\"robots\" content=\"index, follow, max-snippet:-1, max-image-preview:large, max-video-preview:-1\" \/>\n<link rel=\"canonical\" href=\"https:\/\/kortho.com\/de\/losungen\/materialien\/unbeschichtete-pappe\/\" \/>\n<meta property=\"og:locale\" content=\"en_US\" \/>\n<meta property=\"og:type\" content=\"article\" \/>\n<meta property=\"og:title\" content=\"Unbeschichtete Pappe - Kortho - Deutschland\" \/>\n<meta property=\"og:description\" content=\"Eigenschaften der Pappe Pappe hat eine offene Faserstruktur, die Tinte gut absorbiert. Diese por\u00f6se Oberfl\u00e4che macht \u00f6lbasierte Tinte zum bestgeeigneten&hellip;\" \/>\n<meta property=\"og:url\" content=\"https:\/\/kortho.com\/de\/losungen\/materialien\/unbeschichtete-pappe\/\" \/>\n<meta property=\"og:site_name\" content=\"Kortho - Deutschland\" \/>\n<meta property=\"article:modified_time\" content=\"2016-06-13T14:55:51+00:00\" \/>\n<meta property=\"og:image\" content=\"https:\/\/kortho.com\/de\/wp-content\/uploads\/sites\/5\/2015\/08\/Materialen-ongecoat-karton-dozen.jpg\" \/>\n\t<meta property=\"og:image:width\" content=\"280\" \/>\n\t<meta property=\"og:image:height\" content=\"280\" \/>\n\t<meta property=\"og:image:type\" content=\"image\/jpeg\" \/>\n<meta name=\"twitter:card\" content=\"summary_large_image\" \/>\n<meta name=\"twitter:label1\" content=\"Est. reading time\" \/>\n\t<meta name=\"twitter:data1\" content=\"1 minute\" \/>\n<script type=\"application\/ld+json\" class=\"yoast-schema-graph\">{\"@context\":\"https:\/\/schema.org\",\"@graph\":[{\"@type\":\"WebPage\",\"@id\":\"https:\/\/kortho.com\/de\/losungen\/materialien\/unbeschichtete-pappe\/\",\"url\":\"https:\/\/kortho.com\/de\/losungen\/materialien\/unbeschichtete-pappe\/\",\"name\":\"Unbeschichtete Pappe - Kortho - Deutschland\",\"isPartOf\":{\"@id\":\"https:\/\/kortho.com\/de\/#website\"},\"primaryImageOfPage\":{\"@id\":\"https:\/\/kortho.com\/de\/losungen\/materialien\/unbeschichtete-pappe\/#primaryimage\"},\"image\":{\"@id\":\"https:\/\/kortho.com\/de\/losungen\/materialien\/unbeschichtete-pappe\/#primaryimage\"},\"thumbnailUrl\":\"https:\/\/kortho.com\/de\/wp-content\/uploads\/sites\/5\/2015\/08\/Materialen-ongecoat-karton-dozen.jpg\",\"datePublished\":\"2014-11-30T15:18:23+00:00\",\"dateModified\":\"2016-06-13T14:55:51+00:00\",\"breadcrumb\":{\"@id\":\"https:\/\/kortho.com\/de\/losungen\/materialien\/unbeschichtete-pappe\/#breadcrumb\"},\"inLanguage\":\"en-US\",\"potentialAction\":[{\"@type\":\"ReadAction\",\"target\":[\"https:\/\/kortho.com\/de\/losungen\/materialien\/unbeschichtete-pappe\/\"]}]},{\"@type\":\"ImageObject\",\"inLanguage\":\"en-US\",\"@id\":\"https:\/\/kortho.com\/de\/losungen\/materialien\/unbeschichtete-pappe\/#primaryimage\",\"url\":\"https:\/\/kortho.com\/de\/wp-content\/uploads\/sites\/5\/2015\/08\/Materialen-ongecoat-karton-dozen.jpg\",\"contentUrl\":\"https:\/\/kortho.com\/de\/wp-content\/uploads\/sites\/5\/2015\/08\/Materialen-ongecoat-karton-dozen.jpg\",\"width\":280,\"height\":280},{\"@type\":\"BreadcrumbList\",\"@id\":\"https:\/\/kortho.com\/de\/losungen\/materialien\/unbeschichtete-pappe\/#breadcrumb\",\"itemListElement\":[{\"@type\":\"ListItem\",\"position\":1,\"name\":\"Home\",\"item\":\"https:\/\/kortho.com\/de\/\"},{\"@type\":\"ListItem\",\"position\":2,\"name\":\"L\u00f6sungen\",\"item\":\"https:\/\/kortho.com\/de\/losungen\/\"},{\"@type\":\"ListItem\",\"position\":3,\"name\":\"Materialien\",\"item\":\"https:\/\/kortho.com\/de\/losungen\/materialien\/\"},{\"@type\":\"ListItem\",\"position\":4,\"name\":\"Unbeschichtete Pappe\"}]},{\"@type\":\"WebSite\",\"@id\":\"https:\/\/kortho.com\/de\/#website\",\"url\":\"https:\/\/kortho.com\/de\/\",\"name\":\"Kortho - Deutschland\",\"description\":\"Coding Competence\",\"potentialAction\":[{\"@type\":\"SearchAction\",\"target\":{\"@type\":\"EntryPoint\",\"urlTemplate\":\"https:\/\/kortho.com\/de\/?s={search_term_string}\"},\"query-input\":{\"@type\":\"PropertyValueSpecification\",\"valueRequired\":true,\"valueName\":\"search_term_string\"}}],\"inLanguage\":\"en-US\"}]}<\/script>\n<!-- \/ Yoast SEO plugin. -->","yoast_head_json":{"title":"Unbeschichtete Pappe - Kortho - Deutschland","robots":{"index":"index","follow":"follow","max-snippet":"max-snippet:-1","max-image-preview":"max-image-preview:large","max-video-preview":"max-video-preview:-1"},"canonical":"https:\/\/kortho.com\/de\/losungen\/materialien\/unbeschichtete-pappe\/","og_locale":"en_US","og_type":"article","og_title":"Unbeschichtete Pappe - Kortho - Deutschland","og_description":"Eigenschaften der Pappe Pappe hat eine offene Faserstruktur, die Tinte gut absorbiert. Diese por\u00f6se Oberfl\u00e4che macht \u00f6lbasierte Tinte zum bestgeeigneten&hellip;","og_url":"https:\/\/kortho.com\/de\/losungen\/materialien\/unbeschichtete-pappe\/","og_site_name":"Kortho - Deutschland","article_modified_time":"2016-06-13T14:55:51+00:00","og_image":[{"width":280,"height":280,"url":"https:\/\/kortho.com\/de\/wp-content\/uploads\/sites\/5\/2015\/08\/Materialen-ongecoat-karton-dozen.jpg","type":"image\/jpeg"}],"twitter_card":"summary_large_image","twitter_misc":{"Est. reading time":"1 minute"},"schema":{"@context":"https:\/\/schema.org","@graph":[{"@type":"WebPage","@id":"https:\/\/kortho.com\/de\/losungen\/materialien\/unbeschichtete-pappe\/","url":"https:\/\/kortho.com\/de\/losungen\/materialien\/unbeschichtete-pappe\/","name":"Unbeschichtete Pappe - Kortho - Deutschland","isPartOf":{"@id":"https:\/\/kortho.com\/de\/#website"},"primaryImageOfPage":{"@id":"https:\/\/kortho.com\/de\/losungen\/materialien\/unbeschichtete-pappe\/#primaryimage"},"image":{"@id":"https:\/\/kortho.com\/de\/losungen\/materialien\/unbeschichtete-pappe\/#primaryimage"},"thumbnailUrl":"https:\/\/kortho.com\/de\/wp-content\/uploads\/sites\/5\/2015\/08\/Materialen-ongecoat-karton-dozen.jpg","datePublished":"2014-11-30T15:18:23+00:00","dateModified":"2016-06-13T14:55:51+00:00","breadcrumb":{"@id":"https:\/\/kortho.com\/de\/losungen\/materialien\/unbeschichtete-pappe\/#breadcrumb"},"inLanguage":"en-US","potentialAction":[{"@type":"ReadAction","target":["https:\/\/kortho.com\/de\/losungen\/materialien\/unbeschichtete-pappe\/"]}]},{"@type":"ImageObject","inLanguage":"en-US","@id":"https:\/\/kortho.com\/de\/losungen\/materialien\/unbeschichtete-pappe\/#primaryimage","url":"https:\/\/kortho.com\/de\/wp-content\/uploads\/sites\/5\/2015\/08\/Materialen-ongecoat-karton-dozen.jpg","contentUrl":"https:\/\/kortho.com\/de\/wp-content\/uploads\/sites\/5\/2015\/08\/Materialen-ongecoat-karton-dozen.jpg","width":280,"height":280},{"@type":"BreadcrumbList","@id":"https:\/\/kortho.com\/de\/losungen\/materialien\/unbeschichtete-pappe\/#breadcrumb","itemListElement":[{"@type":"ListItem","position":1,"name":"Home","item":"https:\/\/kortho.com\/de\/"},{"@type":"ListItem","position":2,"name":"L\u00f6sungen","item":"https:\/\/kortho.com\/de\/losungen\/"},{"@type":"ListItem","position":3,"name":"Materialien","item":"https:\/\/kortho.com\/de\/losungen\/materialien\/"},{"@type":"ListItem","position":4,"name":"Unbeschichtete Pappe"}]},{"@type":"WebSite","@id":"https:\/\/kortho.com\/de\/#website","url":"https:\/\/kortho.com\/de\/","name":"Kortho - Deutschland","description":"Coding Competence","potentialAction":[{"@type":"SearchAction","target":{"@type":"EntryPoint","urlTemplate":"https:\/\/kortho.com\/de\/?s={search_term_string}"},"query-input":{"@type":"PropertyValueSpecification","valueRequired":true,"valueName":"search_term_string"}}],"inLanguage":"en-US"}]}},"aioseo_notices":[],"_links":{"self":[{"href":"https:\/\/kortho.com\/de\/wp-json\/wp\/v2\/pages\/193"}],"collection":[{"href":"https:\/\/kortho.com\/de\/wp-json\/wp\/v2\/pages"}],"about":[{"href":"https:\/\/kortho.com\/de\/wp-json\/wp\/v2\/types\/page"}],"author":[{"embeddable":true,"href":"https:\/\/kortho.com\/de\/wp-json\/wp\/v2\/users\/1"}],"replies":[{"embeddable":true,"href":"https:\/\/kortho.com\/de\/wp-json\/wp\/v2\/comments?post=193"}],"version-history":[{"count":37,"href":"https:\/\/kortho.com\/de\/wp-json\/wp\/v2\/pages\/193\/revisions"}],"predecessor-version":[{"id":4539,"href":"https:\/\/kortho.com\/de\/wp-json\/wp\/v2\/pages\/193\/revisions\/4539"}],"up":[{"embeddable":true,"href":"https:\/\/kortho.com\/de\/wp-json\/wp\/v2\/pages\/170"}],"wp:featuredmedia":[{"embeddable":true,"href":"https:\/\/kortho.com\/de\/wp-json\/wp\/v2\/media\/2744"}],"wp:attachment":[{"href":"https:\/\/kortho.com\/de\/wp-json\/wp\/v2\/media?parent=193"}],"curies":[{"name":"wp","href":"https:\/\/api.w.org\/{rel}","templated":true}]}}