{"id":196,"date":"2014-11-30T15:19:09","date_gmt":"2014-11-30T15:19:09","guid":{"rendered":"http:\/\/jaspervandermeij.nl\/kortho\/nl\/?page_id=196"},"modified":"2016-06-14T07:46:37","modified_gmt":"2016-06-14T07:46:37","slug":"hartplastik","status":"publish","type":"page","link":"https:\/\/kortho.com\/de\/losungen\/materialien\/hartplastik\/","title":{"rendered":"Hartplastik"},"content":{"rendered":"<h1><img loading=\"lazy\" decoding=\"async\" class=\"alignleft size-full wp-image-3044\" src=\"http:\/\/kortho.com\/wp-content\/uploads\/2015\/09\/printen-op-hard-kunststof-met-Quickcoder-waxprinter.jpg\" alt=\"printen-op-hard-kunststof-met-Quickcoder-waxprinter\" width=\"375\" height=\"138\" srcset=\"https:\/\/kortho.com\/de\/wp-content\/uploads\/sites\/5\/2015\/09\/printen-op-hard-kunststof-met-Quickcoder-waxprinter.jpg 375w, https:\/\/kortho.com\/de\/wp-content\/uploads\/sites\/5\/2015\/09\/printen-op-hard-kunststof-met-Quickcoder-waxprinter-300x110.jpg 300w\" sizes=\"(max-width: 375px) 100vw, 375px\" \/> <img loading=\"lazy\" decoding=\"async\" class=\"alignleft size-full wp-image-3047\" src=\"http:\/\/kortho.com\/wp-content\/uploads\/2015\/09\/printen-op-hard-kunststof-met-kleinkarakter-injetprinter-CIJ-op-flexibele-buizen.jpg\" alt=\"printen-op-hard-kunststof-met-kleinkarakter-injetprinter-CIJ-op-flexibele-buizen\" width=\"375\" height=\"138\" srcset=\"https:\/\/kortho.com\/de\/wp-content\/uploads\/sites\/5\/2015\/09\/printen-op-hard-kunststof-met-kleinkarakter-injetprinter-CIJ-op-flexibele-buizen.jpg 375w, https:\/\/kortho.com\/de\/wp-content\/uploads\/sites\/5\/2015\/09\/printen-op-hard-kunststof-met-kleinkarakter-injetprinter-CIJ-op-flexibele-buizen-300x110.jpg 300w\" sizes=\"(max-width: 375px) 100vw, 375px\" \/> <img loading=\"lazy\" decoding=\"async\" class=\"alignleft size-full wp-image-3046\" src=\"http:\/\/kortho.com\/wp-content\/uploads\/2015\/09\/printen-op-hard-kunststof-met-kleinkarakter-injetprinter-CIJ-op-medicijnflesje.jpg\" alt=\"printen-op-hard-kunststof-met-kleinkarakter-injetprinter-CIJ-op-medicijnflesje\" width=\"375\" height=\"138\" srcset=\"https:\/\/kortho.com\/de\/wp-content\/uploads\/sites\/5\/2015\/09\/printen-op-hard-kunststof-met-kleinkarakter-injetprinter-CIJ-op-medicijnflesje.jpg 375w, https:\/\/kortho.com\/de\/wp-content\/uploads\/sites\/5\/2015\/09\/printen-op-hard-kunststof-met-kleinkarakter-injetprinter-CIJ-op-medicijnflesje-300x110.jpg 300w\" sizes=\"(max-width: 375px) 100vw, 375px\" \/><span style=\"color: #ffffff\">.<\/span><\/h1>\n<h1>Eigenschaften von Hartplastik<\/h1>\n<p>Synthetische Produkte sind sehr unterschiedlich in der Form und Zusammensetzung. Die am besten geeignete Kennzeichnungstechnik f\u00fcr diese Produkte h\u00e4ngt daher sehr stark von der Anwendung ab. Harte Kunststoffe haben oft eine glatte, nicht-por\u00f6se Oberfl\u00e4che, welche Fl\u00fcssigkeiten nicht absorbiert. Infolgedessen ist die Verwendung von nicht-por\u00f6sen Tinten auf L\u00f6sungsmittel- oder Wachsbasis erforderlich. Thermotransfer- oder UV-h\u00e4rtende Tinte kann ebenfalls verwendet werden. Letztendlich ist die Produktionsmethode des Kunststoffmaterials (z.B. Spitzgu\u00df vs. Extrusion) der zweite bestimmende Faktor f\u00fcr die Auswahl der am besten geeigneten Codierungstechnik.<\/p>\n<h2>Geeignete Kennzeichnungstechniken f\u00fcr harte Kunststoffe<\/h2>\n<p>Praktisch alle nicht-por\u00f6sen Kennzeichnungstechniken sind geeignet f\u00fcr die Codierung harter Kunststoffe, wobei die Anwendung die Technik bestimmt. Wenn ein klarer und kratzfester Druck erforderlich ist, ist <span style=\"text-decoration: underline;color: #0000ff\"><a style=\"color: #0000ff;text-decoration: underline\" href=\"http:\/\/kortho.com\/de\/losungen\/kennzeichnungsgerate\/heisspragen\/\" target=\"_blank\">Heisspr\u00e4gen<\/a><\/span> die beste Option. F\u00fcr den Druck variabler Codierung und\/oder Barcodes ist der <span style=\"text-decoration: underline\"><span style=\"color: #0000ff\"><a style=\"color: #0000ff;text-decoration: underline\" href=\"http:\/\/kortho.com\/de\/losungen\/kennzeichnungsgerate\/hi-res-inkjet\/\" target=\"_blank\">Hi-Res Inkjet<\/a><\/span><\/span> in Kombination mit l\u00f6sungsmittelbasierten oder UV-h\u00e4rtenden Tinten am besten geeignet. Au\u00dferdem sind feste <span style=\"text-decoration: underline\"><span style=\"color: #0000ff\"><a style=\"color: #0000ff;text-decoration: underline\" href=\"http:\/\/kortho.com\/de\/losungen\/kennzeichnungsgerate\/heisswachstinten\/\" target=\"_blank\">Wachstinten<\/a><\/span><\/span> am besten f\u00fcr kleine Druckfl\u00e4chen und schnelle Codierungen auf Kunststoffen geeignet.<\/p>\n<p><span style=\"color: #ffffff\">.<\/span><\/p>\n","protected":false},"excerpt":{"rendered":"<p>. Eigenschaften von Hartplastik Synthetische Produkte sind sehr unterschiedlich in der Form und Zusammensetzung. Die am besten geeignete Kennzeichnungstechnik f\u00fcr&hellip;<\/p>\n","protected":false},"author":1,"featured_media":2620,"parent":170,"menu_order":11,"comment_status":"closed","ping_status":"closed","template":"page_taxonomy_child.php","meta":{"_monsterinsights_skip_tracking":false,"_monsterinsights_sitenote_active":false,"_monsterinsights_sitenote_note":"","_monsterinsights_sitenote_category":0,"footnotes":""},"class_list":["post-196","page","type-page","status-publish","format-standard","has-post-thumbnail","hentry"],"yoast_head":"<!-- This site is optimized with the Yoast SEO plugin v23.6 - https:\/\/yoast.com\/wordpress\/plugins\/seo\/ -->\n<title>Hartplastik - Kortho - Deutschland<\/title>\n<meta name=\"robots\" content=\"index, follow, max-snippet:-1, max-image-preview:large, max-video-preview:-1\" \/>\n<link rel=\"canonical\" href=\"https:\/\/kortho.com\/de\/losungen\/materialien\/hartplastik\/\" \/>\n<meta property=\"og:locale\" content=\"en_US\" \/>\n<meta property=\"og:type\" content=\"article\" \/>\n<meta property=\"og:title\" content=\"Hartplastik - Kortho - Deutschland\" \/>\n<meta property=\"og:description\" content=\". Eigenschaften von Hartplastik Synthetische Produkte sind sehr unterschiedlich in der Form und Zusammensetzung. Die am besten geeignete Kennzeichnungstechnik f\u00fcr&hellip;\" \/>\n<meta property=\"og:url\" content=\"https:\/\/kortho.com\/de\/losungen\/materialien\/hartplastik\/\" \/>\n<meta property=\"og:site_name\" content=\"Kortho - Deutschland\" \/>\n<meta property=\"article:modified_time\" content=\"2016-06-14T07:46:37+00:00\" \/>\n<meta property=\"og:image\" content=\"https:\/\/kortho.com\/de\/wp-content\/uploads\/sites\/5\/2015\/08\/Materialen-harde-kunststoffen.jpg\" \/>\n\t<meta property=\"og:image:width\" content=\"280\" \/>\n\t<meta property=\"og:image:height\" content=\"280\" \/>\n\t<meta property=\"og:image:type\" content=\"image\/jpeg\" \/>\n<meta name=\"twitter:card\" content=\"summary_large_image\" \/>\n<meta name=\"twitter:label1\" content=\"Est. reading time\" \/>\n\t<meta name=\"twitter:data1\" content=\"1 minute\" \/>\n<script type=\"application\/ld+json\" class=\"yoast-schema-graph\">{\"@context\":\"https:\/\/schema.org\",\"@graph\":[{\"@type\":\"WebPage\",\"@id\":\"https:\/\/kortho.com\/de\/losungen\/materialien\/hartplastik\/\",\"url\":\"https:\/\/kortho.com\/de\/losungen\/materialien\/hartplastik\/\",\"name\":\"Hartplastik - Kortho - Deutschland\",\"isPartOf\":{\"@id\":\"https:\/\/kortho.com\/de\/#website\"},\"primaryImageOfPage\":{\"@id\":\"https:\/\/kortho.com\/de\/losungen\/materialien\/hartplastik\/#primaryimage\"},\"image\":{\"@id\":\"https:\/\/kortho.com\/de\/losungen\/materialien\/hartplastik\/#primaryimage\"},\"thumbnailUrl\":\"https:\/\/kortho.com\/de\/wp-content\/uploads\/sites\/5\/2015\/08\/Materialen-harde-kunststoffen.jpg\",\"datePublished\":\"2014-11-30T15:19:09+00:00\",\"dateModified\":\"2016-06-14T07:46:37+00:00\",\"breadcrumb\":{\"@id\":\"https:\/\/kortho.com\/de\/losungen\/materialien\/hartplastik\/#breadcrumb\"},\"inLanguage\":\"en-US\",\"potentialAction\":[{\"@type\":\"ReadAction\",\"target\":[\"https:\/\/kortho.com\/de\/losungen\/materialien\/hartplastik\/\"]}]},{\"@type\":\"ImageObject\",\"inLanguage\":\"en-US\",\"@id\":\"https:\/\/kortho.com\/de\/losungen\/materialien\/hartplastik\/#primaryimage\",\"url\":\"https:\/\/kortho.com\/de\/wp-content\/uploads\/sites\/5\/2015\/08\/Materialen-harde-kunststoffen.jpg\",\"contentUrl\":\"https:\/\/kortho.com\/de\/wp-content\/uploads\/sites\/5\/2015\/08\/Materialen-harde-kunststoffen.jpg\",\"width\":280,\"height\":280},{\"@type\":\"BreadcrumbList\",\"@id\":\"https:\/\/kortho.com\/de\/losungen\/materialien\/hartplastik\/#breadcrumb\",\"itemListElement\":[{\"@type\":\"ListItem\",\"position\":1,\"name\":\"Home\",\"item\":\"https:\/\/kortho.com\/de\/\"},{\"@type\":\"ListItem\",\"position\":2,\"name\":\"L\u00f6sungen\",\"item\":\"https:\/\/kortho.com\/de\/losungen\/\"},{\"@type\":\"ListItem\",\"position\":3,\"name\":\"Materialien\",\"item\":\"https:\/\/kortho.com\/de\/losungen\/materialien\/\"},{\"@type\":\"ListItem\",\"position\":4,\"name\":\"Hartplastik\"}]},{\"@type\":\"WebSite\",\"@id\":\"https:\/\/kortho.com\/de\/#website\",\"url\":\"https:\/\/kortho.com\/de\/\",\"name\":\"Kortho - Deutschland\",\"description\":\"Coding Competence\",\"potentialAction\":[{\"@type\":\"SearchAction\",\"target\":{\"@type\":\"EntryPoint\",\"urlTemplate\":\"https:\/\/kortho.com\/de\/?s={search_term_string}\"},\"query-input\":{\"@type\":\"PropertyValueSpecification\",\"valueRequired\":true,\"valueName\":\"search_term_string\"}}],\"inLanguage\":\"en-US\"}]}<\/script>\n<!-- \/ Yoast SEO plugin. -->","yoast_head_json":{"title":"Hartplastik - Kortho - Deutschland","robots":{"index":"index","follow":"follow","max-snippet":"max-snippet:-1","max-image-preview":"max-image-preview:large","max-video-preview":"max-video-preview:-1"},"canonical":"https:\/\/kortho.com\/de\/losungen\/materialien\/hartplastik\/","og_locale":"en_US","og_type":"article","og_title":"Hartplastik - Kortho - Deutschland","og_description":". Eigenschaften von Hartplastik Synthetische Produkte sind sehr unterschiedlich in der Form und Zusammensetzung. Die am besten geeignete Kennzeichnungstechnik f\u00fcr&hellip;","og_url":"https:\/\/kortho.com\/de\/losungen\/materialien\/hartplastik\/","og_site_name":"Kortho - Deutschland","article_modified_time":"2016-06-14T07:46:37+00:00","og_image":[{"width":280,"height":280,"url":"https:\/\/kortho.com\/de\/wp-content\/uploads\/sites\/5\/2015\/08\/Materialen-harde-kunststoffen.jpg","type":"image\/jpeg"}],"twitter_card":"summary_large_image","twitter_misc":{"Est. reading time":"1 minute"},"schema":{"@context":"https:\/\/schema.org","@graph":[{"@type":"WebPage","@id":"https:\/\/kortho.com\/de\/losungen\/materialien\/hartplastik\/","url":"https:\/\/kortho.com\/de\/losungen\/materialien\/hartplastik\/","name":"Hartplastik - Kortho - Deutschland","isPartOf":{"@id":"https:\/\/kortho.com\/de\/#website"},"primaryImageOfPage":{"@id":"https:\/\/kortho.com\/de\/losungen\/materialien\/hartplastik\/#primaryimage"},"image":{"@id":"https:\/\/kortho.com\/de\/losungen\/materialien\/hartplastik\/#primaryimage"},"thumbnailUrl":"https:\/\/kortho.com\/de\/wp-content\/uploads\/sites\/5\/2015\/08\/Materialen-harde-kunststoffen.jpg","datePublished":"2014-11-30T15:19:09+00:00","dateModified":"2016-06-14T07:46:37+00:00","breadcrumb":{"@id":"https:\/\/kortho.com\/de\/losungen\/materialien\/hartplastik\/#breadcrumb"},"inLanguage":"en-US","potentialAction":[{"@type":"ReadAction","target":["https:\/\/kortho.com\/de\/losungen\/materialien\/hartplastik\/"]}]},{"@type":"ImageObject","inLanguage":"en-US","@id":"https:\/\/kortho.com\/de\/losungen\/materialien\/hartplastik\/#primaryimage","url":"https:\/\/kortho.com\/de\/wp-content\/uploads\/sites\/5\/2015\/08\/Materialen-harde-kunststoffen.jpg","contentUrl":"https:\/\/kortho.com\/de\/wp-content\/uploads\/sites\/5\/2015\/08\/Materialen-harde-kunststoffen.jpg","width":280,"height":280},{"@type":"BreadcrumbList","@id":"https:\/\/kortho.com\/de\/losungen\/materialien\/hartplastik\/#breadcrumb","itemListElement":[{"@type":"ListItem","position":1,"name":"Home","item":"https:\/\/kortho.com\/de\/"},{"@type":"ListItem","position":2,"name":"L\u00f6sungen","item":"https:\/\/kortho.com\/de\/losungen\/"},{"@type":"ListItem","position":3,"name":"Materialien","item":"https:\/\/kortho.com\/de\/losungen\/materialien\/"},{"@type":"ListItem","position":4,"name":"Hartplastik"}]},{"@type":"WebSite","@id":"https:\/\/kortho.com\/de\/#website","url":"https:\/\/kortho.com\/de\/","name":"Kortho - Deutschland","description":"Coding Competence","potentialAction":[{"@type":"SearchAction","target":{"@type":"EntryPoint","urlTemplate":"https:\/\/kortho.com\/de\/?s={search_term_string}"},"query-input":{"@type":"PropertyValueSpecification","valueRequired":true,"valueName":"search_term_string"}}],"inLanguage":"en-US"}]}},"aioseo_notices":[],"_links":{"self":[{"href":"https:\/\/kortho.com\/de\/wp-json\/wp\/v2\/pages\/196"}],"collection":[{"href":"https:\/\/kortho.com\/de\/wp-json\/wp\/v2\/pages"}],"about":[{"href":"https:\/\/kortho.com\/de\/wp-json\/wp\/v2\/types\/page"}],"author":[{"embeddable":true,"href":"https:\/\/kortho.com\/de\/wp-json\/wp\/v2\/users\/1"}],"replies":[{"embeddable":true,"href":"https:\/\/kortho.com\/de\/wp-json\/wp\/v2\/comments?post=196"}],"version-history":[{"count":34,"href":"https:\/\/kortho.com\/de\/wp-json\/wp\/v2\/pages\/196\/revisions"}],"predecessor-version":[{"id":4564,"href":"https:\/\/kortho.com\/de\/wp-json\/wp\/v2\/pages\/196\/revisions\/4564"}],"up":[{"embeddable":true,"href":"https:\/\/kortho.com\/de\/wp-json\/wp\/v2\/pages\/170"}],"wp:featuredmedia":[{"embeddable":true,"href":"https:\/\/kortho.com\/de\/wp-json\/wp\/v2\/media\/2620"}],"wp:attachment":[{"href":"https:\/\/kortho.com\/de\/wp-json\/wp\/v2\/media?parent=196"}],"curies":[{"name":"wp","href":"https:\/\/api.w.org\/{rel}","templated":true}]}}