{"id":199,"date":"2014-11-30T15:20:12","date_gmt":"2014-11-30T15:20:12","guid":{"rendered":"http:\/\/jaspervandermeij.nl\/kortho\/nl\/?page_id=199"},"modified":"2016-06-14T07:18:48","modified_gmt":"2016-06-14T07:18:48","slug":"metall","status":"publish","type":"page","link":"https:\/\/kortho.com\/de\/losungen\/materialien\/metall\/","title":{"rendered":"Metall"},"content":{"rendered":"<h1><img loading=\"lazy\" decoding=\"async\" class=\"alignleft size-full wp-image-2974\" src=\"http:\/\/kortho.com\/wp-content\/uploads\/2015\/09\/Coderen-op-metalen-remschijf-in-Automotive-met-Quickcoder.jpg\" alt=\"Coderen-op-metalen-remschijf-in-Automotive-met-Quickcoder\" width=\"375\" height=\"138\" srcset=\"https:\/\/kortho.com\/de\/wp-content\/uploads\/sites\/5\/2015\/09\/Coderen-op-metalen-remschijf-in-Automotive-met-Quickcoder.jpg 375w, https:\/\/kortho.com\/de\/wp-content\/uploads\/sites\/5\/2015\/09\/Coderen-op-metalen-remschijf-in-Automotive-met-Quickcoder-300x110.jpg 300w\" sizes=\"(max-width: 375px) 100vw, 375px\" \/> <img loading=\"lazy\" decoding=\"async\" class=\"alignleft size-full wp-image-2975\" src=\"http:\/\/kortho.com\/wp-content\/uploads\/2015\/09\/printen-op-metalen-zaag-met-quickcoder.jpg\" alt=\"printen-op-metalen-zaag-met-quickcoder\" width=\"375\" height=\"138\" srcset=\"https:\/\/kortho.com\/de\/wp-content\/uploads\/sites\/5\/2015\/09\/printen-op-metalen-zaag-met-quickcoder.jpg 375w, https:\/\/kortho.com\/de\/wp-content\/uploads\/sites\/5\/2015\/09\/printen-op-metalen-zaag-met-quickcoder-300x110.jpg 300w\" sizes=\"(max-width: 375px) 100vw, 375px\" \/> <img loading=\"lazy\" decoding=\"async\" class=\"alignleft size-full wp-image-2976\" src=\"http:\/\/kortho.com\/wp-content\/uploads\/2015\/09\/printen-op-metalen-pijp-met-non-porous-inkjet-printer.jpg\" alt=\"printen-op-metalen-pijp-met-non-porous-inkjet-printer\" width=\"375\" height=\"138\" srcset=\"https:\/\/kortho.com\/de\/wp-content\/uploads\/sites\/5\/2015\/09\/printen-op-metalen-pijp-met-non-porous-inkjet-printer.jpg 375w, https:\/\/kortho.com\/de\/wp-content\/uploads\/sites\/5\/2015\/09\/printen-op-metalen-pijp-met-non-porous-inkjet-printer-300x110.jpg 300w\" sizes=\"(max-width: 375px) 100vw, 375px\" \/><span style=\"color: #ffffff\">.<\/span><\/h1>\n<h1>Eigenschaften von Metall<\/h1>\n<p>Metalle haben eine dichte, nicht-por\u00f6se Oberfl\u00e4che, welche wasserdicht ist. Dies verhindert, dass \u00f6lbasierte Tinten haften. Um auf Metall zu kodieren, sind Tinten auf L\u00f6sungsmittelbasis, Wachsbasis oder aber UV-h\u00e4rtende Tinten erforderlich. Diese Tinten haften an Metall, sobald ihr L\u00f6sungsmittel verdampft, ihr Wachs sich durch das Abk\u00fchlen verfestigt oder wenn UV-Licht sie aush\u00e4rtet. Die Codierung auf Metall wird weitestgehend zu Produktionszwecken oder an Arbeitspl\u00e4tzen mit Schwei\u00dfarbeiten wie z.B. auf Baustellen durchgef\u00fchrt.<\/p>\n<h2>Geeignete Kennzeichnungstechniken f\u00fcr Metall<\/h2>\n<p>Metall wird am h\u00e4ufigsten w\u00e4hrend der Produktionsphase mit <span style=\"text-decoration: underline\"><span style=\"color: #0000ff\"><a style=\"color: #0000ff;text-decoration: underline\" href=\"http:\/\/kortho.com\/de\/losungen\/kennzeichnungsgerate\/hi-res-inkjet\/\" target=\"_blank\">Hi-Res Inkjet Druckern<\/a><\/span><\/span> in Kombination mit l\u00f6sungsmittelbasierten Tinten oder UV-h\u00e4rtenden Tinten bedruckt. Der Hi-Res Inkjet kann ebenfalls mit UV-h\u00e4rtenden Tinten benutzt werden. Die Codierung wird an der Produktionslinie durchgef\u00fchrt, sofern das Material in Bewegung ist und am Drucker vorbeigef\u00fchrt werden kann. Alternativ dazu kann bei Produkten, die nicht in Bewegung sind, eine Verfahreinheit zum Einsatz kommen, bei der der Drucker die Bewegung vollzieht. F\u00fcr Codierungen, welche sich nicht h\u00e4ufig \u00e4ndern, k\u00f6nnen \u00f6konomischere Optionen wie der <span style=\"text-decoration: underline\"><span style=\"color: #0000ff\"><a style=\"color: #0000ff;text-decoration: underline\" href=\"http:\/\/kortho.com\/de\/losungen\/kennzeichnungsgerate\/rollcoder\/\" target=\"_blank\">Rollcoder<\/a><\/span><\/span> oder feste <span style=\"text-decoration: underline;color: #0000ff\"><a style=\"color: #0000ff;text-decoration: underline\" href=\"http:\/\/kortho.com\/de\/losungen\/kennzeichnungsgerate\/heisswachstinten\/\" target=\"_blank\">Wachstinten<\/a><\/span> verwendet werden. Zus\u00e4tzlich werden f\u00fcr manuelle Codierungen h\u00e4ufig auch <span style=\"text-decoration: underline;color: #0000ff\"><a style=\"color: #0000ff;text-decoration: underline\" href=\"http:\/\/kortho.com\/de\/losungen\/kennzeichnungsgerate\/industriemarker\/\" target=\"_blank\">Marker<\/a><\/span> verwendet.<\/p>\n<p><span style=\"color: #ffffff\">.<\/span><\/p>\n","protected":false},"excerpt":{"rendered":"<p>. Eigenschaften von Metall Metalle haben eine dichte, nicht-por\u00f6se Oberfl\u00e4che, welche wasserdicht ist. Dies verhindert, dass \u00f6lbasierte Tinten haften. Um&hellip;<\/p>\n","protected":false},"author":1,"featured_media":2754,"parent":170,"menu_order":6,"comment_status":"closed","ping_status":"closed","template":"page_taxonomy_child.php","meta":{"_monsterinsights_skip_tracking":false,"_monsterinsights_sitenote_active":false,"_monsterinsights_sitenote_note":"","_monsterinsights_sitenote_category":0,"footnotes":""},"class_list":["post-199","page","type-page","status-publish","format-standard","has-post-thumbnail","hentry"],"yoast_head":"<!-- This site is optimized with the Yoast SEO plugin v23.6 - https:\/\/yoast.com\/wordpress\/plugins\/seo\/ -->\n<title>Metall - Kortho - Deutschland<\/title>\n<meta name=\"robots\" content=\"index, follow, max-snippet:-1, max-image-preview:large, max-video-preview:-1\" \/>\n<link rel=\"canonical\" href=\"https:\/\/kortho.com\/de\/losungen\/materialien\/metall\/\" \/>\n<meta property=\"og:locale\" content=\"en_US\" \/>\n<meta property=\"og:type\" content=\"article\" \/>\n<meta property=\"og:title\" content=\"Metall - Kortho - Deutschland\" \/>\n<meta property=\"og:description\" content=\". Eigenschaften von Metall Metalle haben eine dichte, nicht-por\u00f6se Oberfl\u00e4che, welche wasserdicht ist. Dies verhindert, dass \u00f6lbasierte Tinten haften. Um&hellip;\" \/>\n<meta property=\"og:url\" content=\"https:\/\/kortho.com\/de\/losungen\/materialien\/metall\/\" \/>\n<meta property=\"og:site_name\" content=\"Kortho - Deutschland\" \/>\n<meta property=\"article:modified_time\" content=\"2016-06-14T07:18:48+00:00\" \/>\n<meta property=\"og:image\" content=\"https:\/\/kortho.com\/de\/wp-content\/uploads\/sites\/5\/2015\/08\/Materialen-metalen-stang.jpg\" \/>\n\t<meta property=\"og:image:width\" content=\"280\" \/>\n\t<meta property=\"og:image:height\" content=\"280\" \/>\n\t<meta property=\"og:image:type\" content=\"image\/jpeg\" \/>\n<meta name=\"twitter:card\" content=\"summary_large_image\" \/>\n<meta name=\"twitter:label1\" content=\"Est. reading time\" \/>\n\t<meta name=\"twitter:data1\" content=\"1 minute\" \/>\n<script type=\"application\/ld+json\" class=\"yoast-schema-graph\">{\"@context\":\"https:\/\/schema.org\",\"@graph\":[{\"@type\":\"WebPage\",\"@id\":\"https:\/\/kortho.com\/de\/losungen\/materialien\/metall\/\",\"url\":\"https:\/\/kortho.com\/de\/losungen\/materialien\/metall\/\",\"name\":\"Metall - Kortho - Deutschland\",\"isPartOf\":{\"@id\":\"https:\/\/kortho.com\/de\/#website\"},\"primaryImageOfPage\":{\"@id\":\"https:\/\/kortho.com\/de\/losungen\/materialien\/metall\/#primaryimage\"},\"image\":{\"@id\":\"https:\/\/kortho.com\/de\/losungen\/materialien\/metall\/#primaryimage\"},\"thumbnailUrl\":\"https:\/\/kortho.com\/de\/wp-content\/uploads\/sites\/5\/2015\/08\/Materialen-metalen-stang.jpg\",\"datePublished\":\"2014-11-30T15:20:12+00:00\",\"dateModified\":\"2016-06-14T07:18:48+00:00\",\"breadcrumb\":{\"@id\":\"https:\/\/kortho.com\/de\/losungen\/materialien\/metall\/#breadcrumb\"},\"inLanguage\":\"en-US\",\"potentialAction\":[{\"@type\":\"ReadAction\",\"target\":[\"https:\/\/kortho.com\/de\/losungen\/materialien\/metall\/\"]}]},{\"@type\":\"ImageObject\",\"inLanguage\":\"en-US\",\"@id\":\"https:\/\/kortho.com\/de\/losungen\/materialien\/metall\/#primaryimage\",\"url\":\"https:\/\/kortho.com\/de\/wp-content\/uploads\/sites\/5\/2015\/08\/Materialen-metalen-stang.jpg\",\"contentUrl\":\"https:\/\/kortho.com\/de\/wp-content\/uploads\/sites\/5\/2015\/08\/Materialen-metalen-stang.jpg\",\"width\":280,\"height\":280},{\"@type\":\"BreadcrumbList\",\"@id\":\"https:\/\/kortho.com\/de\/losungen\/materialien\/metall\/#breadcrumb\",\"itemListElement\":[{\"@type\":\"ListItem\",\"position\":1,\"name\":\"Home\",\"item\":\"https:\/\/kortho.com\/de\/\"},{\"@type\":\"ListItem\",\"position\":2,\"name\":\"L\u00f6sungen\",\"item\":\"https:\/\/kortho.com\/de\/losungen\/\"},{\"@type\":\"ListItem\",\"position\":3,\"name\":\"Materialien\",\"item\":\"https:\/\/kortho.com\/de\/losungen\/materialien\/\"},{\"@type\":\"ListItem\",\"position\":4,\"name\":\"Metall\"}]},{\"@type\":\"WebSite\",\"@id\":\"https:\/\/kortho.com\/de\/#website\",\"url\":\"https:\/\/kortho.com\/de\/\",\"name\":\"Kortho - Deutschland\",\"description\":\"Coding Competence\",\"potentialAction\":[{\"@type\":\"SearchAction\",\"target\":{\"@type\":\"EntryPoint\",\"urlTemplate\":\"https:\/\/kortho.com\/de\/?s={search_term_string}\"},\"query-input\":{\"@type\":\"PropertyValueSpecification\",\"valueRequired\":true,\"valueName\":\"search_term_string\"}}],\"inLanguage\":\"en-US\"}]}<\/script>\n<!-- \/ Yoast SEO plugin. -->","yoast_head_json":{"title":"Metall - Kortho - Deutschland","robots":{"index":"index","follow":"follow","max-snippet":"max-snippet:-1","max-image-preview":"max-image-preview:large","max-video-preview":"max-video-preview:-1"},"canonical":"https:\/\/kortho.com\/de\/losungen\/materialien\/metall\/","og_locale":"en_US","og_type":"article","og_title":"Metall - Kortho - Deutschland","og_description":". Eigenschaften von Metall Metalle haben eine dichte, nicht-por\u00f6se Oberfl\u00e4che, welche wasserdicht ist. Dies verhindert, dass \u00f6lbasierte Tinten haften. Um&hellip;","og_url":"https:\/\/kortho.com\/de\/losungen\/materialien\/metall\/","og_site_name":"Kortho - Deutschland","article_modified_time":"2016-06-14T07:18:48+00:00","og_image":[{"width":280,"height":280,"url":"https:\/\/kortho.com\/de\/wp-content\/uploads\/sites\/5\/2015\/08\/Materialen-metalen-stang.jpg","type":"image\/jpeg"}],"twitter_card":"summary_large_image","twitter_misc":{"Est. reading time":"1 minute"},"schema":{"@context":"https:\/\/schema.org","@graph":[{"@type":"WebPage","@id":"https:\/\/kortho.com\/de\/losungen\/materialien\/metall\/","url":"https:\/\/kortho.com\/de\/losungen\/materialien\/metall\/","name":"Metall - Kortho - Deutschland","isPartOf":{"@id":"https:\/\/kortho.com\/de\/#website"},"primaryImageOfPage":{"@id":"https:\/\/kortho.com\/de\/losungen\/materialien\/metall\/#primaryimage"},"image":{"@id":"https:\/\/kortho.com\/de\/losungen\/materialien\/metall\/#primaryimage"},"thumbnailUrl":"https:\/\/kortho.com\/de\/wp-content\/uploads\/sites\/5\/2015\/08\/Materialen-metalen-stang.jpg","datePublished":"2014-11-30T15:20:12+00:00","dateModified":"2016-06-14T07:18:48+00:00","breadcrumb":{"@id":"https:\/\/kortho.com\/de\/losungen\/materialien\/metall\/#breadcrumb"},"inLanguage":"en-US","potentialAction":[{"@type":"ReadAction","target":["https:\/\/kortho.com\/de\/losungen\/materialien\/metall\/"]}]},{"@type":"ImageObject","inLanguage":"en-US","@id":"https:\/\/kortho.com\/de\/losungen\/materialien\/metall\/#primaryimage","url":"https:\/\/kortho.com\/de\/wp-content\/uploads\/sites\/5\/2015\/08\/Materialen-metalen-stang.jpg","contentUrl":"https:\/\/kortho.com\/de\/wp-content\/uploads\/sites\/5\/2015\/08\/Materialen-metalen-stang.jpg","width":280,"height":280},{"@type":"BreadcrumbList","@id":"https:\/\/kortho.com\/de\/losungen\/materialien\/metall\/#breadcrumb","itemListElement":[{"@type":"ListItem","position":1,"name":"Home","item":"https:\/\/kortho.com\/de\/"},{"@type":"ListItem","position":2,"name":"L\u00f6sungen","item":"https:\/\/kortho.com\/de\/losungen\/"},{"@type":"ListItem","position":3,"name":"Materialien","item":"https:\/\/kortho.com\/de\/losungen\/materialien\/"},{"@type":"ListItem","position":4,"name":"Metall"}]},{"@type":"WebSite","@id":"https:\/\/kortho.com\/de\/#website","url":"https:\/\/kortho.com\/de\/","name":"Kortho - Deutschland","description":"Coding Competence","potentialAction":[{"@type":"SearchAction","target":{"@type":"EntryPoint","urlTemplate":"https:\/\/kortho.com\/de\/?s={search_term_string}"},"query-input":{"@type":"PropertyValueSpecification","valueRequired":true,"valueName":"search_term_string"}}],"inLanguage":"en-US"}]}},"aioseo_notices":[],"_links":{"self":[{"href":"https:\/\/kortho.com\/de\/wp-json\/wp\/v2\/pages\/199"}],"collection":[{"href":"https:\/\/kortho.com\/de\/wp-json\/wp\/v2\/pages"}],"about":[{"href":"https:\/\/kortho.com\/de\/wp-json\/wp\/v2\/types\/page"}],"author":[{"embeddable":true,"href":"https:\/\/kortho.com\/de\/wp-json\/wp\/v2\/users\/1"}],"replies":[{"embeddable":true,"href":"https:\/\/kortho.com\/de\/wp-json\/wp\/v2\/comments?post=199"}],"version-history":[{"count":43,"href":"https:\/\/kortho.com\/de\/wp-json\/wp\/v2\/pages\/199\/revisions"}],"predecessor-version":[{"id":4549,"href":"https:\/\/kortho.com\/de\/wp-json\/wp\/v2\/pages\/199\/revisions\/4549"}],"up":[{"embeddable":true,"href":"https:\/\/kortho.com\/de\/wp-json\/wp\/v2\/pages\/170"}],"wp:featuredmedia":[{"embeddable":true,"href":"https:\/\/kortho.com\/de\/wp-json\/wp\/v2\/media\/2754"}],"wp:attachment":[{"href":"https:\/\/kortho.com\/de\/wp-json\/wp\/v2\/media?parent=199"}],"curies":[{"name":"wp","href":"https:\/\/api.w.org\/{rel}","templated":true}]}}