{"id":2,"date":"2014-11-08T07:14:31","date_gmt":"2014-11-08T07:14:31","guid":{"rendered":"http:\/\/jaspervandermeij.nl\/kortho\/?page_id=2"},"modified":"2022-02-10T08:11:00","modified_gmt":"2022-02-10T08:11:00","slug":"home","status":"publish","type":"page","link":"https:\/\/kortho.com\/de\/","title":{"rendered":"Home"},"content":{"rendered":"<h2 class=\"text-center\" style=\"text-align: center;\"><span style=\"color: #34495f;\">Ihr Partner f\u00fcr <em>Kennzeichnen und Signieren<\/span><\/h2>\n<h2 class=\"text-center\" style=\"text-align: center;\"><span style=\"color: #34495f;\">in Deutschland<\/h2>\n<p class=\"text-center\"><a class=\"btn btn-success kortho\" href=\"https:\/\/kortho.com\/de\/losungen\/\">Unsere L\u00f6sungen<\/a> <a class=\"btn btn-default cta\" href=\"https:\/\/kortho.com\/de\/kontakt\/kostenlose-bestandsaufnahme\"> Freie Bestandsaufnahme<\/a><\/p>\n<div class=\"container references\">\n<h3 class=\"text-center\">Diese Unternehmen haben wir bereits unterst\u00fctzt. Wie k\u00f6nnen wir Ihnen helfen?<\/h3>\n\n            <div class=\"col-sm-2 col-md-1 col-md-offset-2 customers\"><img decoding=\"async\" src=\"https:\/\/kortho.com\/de\/wp-content\/themes\/kortho\/img\/customers\/nestle-2x.png\" class=\"img-responsive\"><\/div>\n            <div class=\"col-sm-2 col-md-1 customers\"><img decoding=\"async\" src=\"https:\/\/kortho.com\/de\/wp-content\/themes\/kortho\/img\/customers\/heinz-2x.png\" class=\"img-responsive\"><\/div>\n            <div class=\"col-sm-2 col-md-1 customers\"><img decoding=\"async\" src=\"https:\/\/kortho.com\/de\/wp-content\/themes\/kortho\/img\/customers\/bmw-2x.png\" class=\"img-responsive\"><\/div>\n            <div class=\"col-sm-2 col-md-1 customers\"><img decoding=\"async\" src=\"https:\/\/kortho.com\/de\/wp-content\/themes\/kortho\/img\/customers\/frieslandcampina-2x.png\" class=\"img-responsive\"><\/div>\n            <div class=\"col-sm-2 col-md-1 customers\"><img decoding=\"async\" src=\"https:\/\/kortho.com\/de\/wp-content\/themes\/kortho\/img\/customers\/unilever-2x.png\" class=\"img-responsive\"><\/div>\n            <div class=\"col-sm-2 col-md-1 customers\"><img decoding=\"async\" src=\"https:\/\/kortho.com\/de\/wp-content\/themes\/kortho\/img\/customers\/philips-2x.png\" class=\"img-responsive\"><\/div>\n            <div class=\"col-sm-2 col-md-1 customers\"><img decoding=\"async\" src=\"https:\/\/kortho.com\/de\/wp-content\/themes\/kortho\/img\/customers\/vw-2x.png\" class=\"img-responsive hidden-sm\"><\/div>\n            <div class=\"col-sm-2 col-md-1 customers\"><img decoding=\"async\" src=\"https:\/\/kortho.com\/de\/wp-content\/themes\/kortho\/img\/customers\/bosch-2x.png\" class=\"img-responsive hidden-sm\"><\/div>\n        \n<\/div>\n<div class=\"container references\">\n<h3 class=\"text-center\">Certifications<\/h3>\n<p><span style=\"color: #003300;\">\n          <div class=\"col-sm-2\">&nbsp;<\/div>\n          <div class=\"col-sm-10\">\n          <div class=\"row\">\n          <div class=\"col-sm-1 col-sm-offset-1 reference nicelabel1\"><\/div>\n          <div class=\"col-sm-1 reference nicelabel2\"><\/div>\n          <div class=\"col-sm-1 reference rohs\"><\/div>\n          <div class=\"col-sm-1 reference ce\"><\/div>\n          <div class=\"col-sm-1 reference leerbedrijf\"><\/div>\n          <div class=\"col-sm-1 reference iso9001\"><\/div>\n          <div class=\"col-sm-1 reference atex2\"><\/div>\n          <\/div>\n          <\/div>\n        <\/span><\/p>\n","protected":false},"excerpt":{"rendered":"<p>Ihr Partner f\u00fcr Kennzeichnen und Signieren in Deutschland Unsere L\u00f6sungen Freie Bestandsaufnahme Diese Unternehmen haben wir bereits unterst\u00fctzt. Wie k\u00f6nnen&hellip;<\/p>\n","protected":false},"author":1,"featured_media":0,"parent":0,"menu_order":5,"comment_status":"open","ping_status":"open","template":"","meta":{"_monsterinsights_skip_tracking":false,"_monsterinsights_sitenote_active":false,"_monsterinsights_sitenote_note":"","_monsterinsights_sitenote_category":0,"footnotes":""},"class_list":["post-2","page","type-page","status-publish","format-standard","hentry"],"yoast_head":"<!-- This site is optimized with the Yoast SEO plugin v23.6 - https:\/\/yoast.com\/wordpress\/plugins\/seo\/ -->\n<title>Home - Kortho - Deutschland<\/title>\n<meta name=\"robots\" content=\"index, follow, max-snippet:-1, max-image-preview:large, max-video-preview:-1\" \/>\n<link rel=\"canonical\" href=\"https:\/\/kortho.com\/de\/\" \/>\n<meta property=\"og:locale\" content=\"en_US\" \/>\n<meta property=\"og:type\" content=\"article\" \/>\n<meta property=\"og:title\" content=\"Home - Kortho - Deutschland\" \/>\n<meta property=\"og:description\" content=\"Ihr Partner f\u00fcr Kennzeichnen und Signieren in Deutschland Unsere L\u00f6sungen Freie Bestandsaufnahme Diese Unternehmen haben wir bereits unterst\u00fctzt. Wie k\u00f6nnen&hellip;\" \/>\n<meta property=\"og:url\" content=\"https:\/\/kortho.com\/de\/\" \/>\n<meta property=\"og:site_name\" content=\"Kortho - Deutschland\" \/>\n<meta property=\"article:modified_time\" content=\"2022-02-10T08:11:00+00:00\" \/>\n<meta name=\"twitter:card\" content=\"summary_large_image\" \/>\n<script type=\"application\/ld+json\" class=\"yoast-schema-graph\">{\"@context\":\"https:\/\/schema.org\",\"@graph\":[{\"@type\":\"WebPage\",\"@id\":\"https:\/\/kortho.com\/de\/\",\"url\":\"https:\/\/kortho.com\/de\/\",\"name\":\"Home - Kortho - Deutschland\",\"isPartOf\":{\"@id\":\"https:\/\/kortho.com\/de\/#website\"},\"datePublished\":\"2014-11-08T07:14:31+00:00\",\"dateModified\":\"2022-02-10T08:11:00+00:00\",\"breadcrumb\":{\"@id\":\"https:\/\/kortho.com\/de\/#breadcrumb\"},\"inLanguage\":\"en-US\",\"potentialAction\":[{\"@type\":\"ReadAction\",\"target\":[\"https:\/\/kortho.com\/de\/\"]}]},{\"@type\":\"BreadcrumbList\",\"@id\":\"https:\/\/kortho.com\/de\/#breadcrumb\",\"itemListElement\":[{\"@type\":\"ListItem\",\"position\":1,\"name\":\"Home\",\"item\":\"https:\/\/kortho.com\/de\/\"},{\"@type\":\"ListItem\",\"position\":2,\"name\":\"Home\"}]},{\"@type\":\"WebSite\",\"@id\":\"https:\/\/kortho.com\/de\/#website\",\"url\":\"https:\/\/kortho.com\/de\/\",\"name\":\"Kortho - Deutschland\",\"description\":\"Coding Competence\",\"potentialAction\":[{\"@type\":\"SearchAction\",\"target\":{\"@type\":\"EntryPoint\",\"urlTemplate\":\"https:\/\/kortho.com\/de\/?s={search_term_string}\"},\"query-input\":{\"@type\":\"PropertyValueSpecification\",\"valueRequired\":true,\"valueName\":\"search_term_string\"}}],\"inLanguage\":\"en-US\"}]}<\/script>\n<!-- \/ Yoast SEO plugin. -->","yoast_head_json":{"title":"Home - Kortho - Deutschland","robots":{"index":"index","follow":"follow","max-snippet":"max-snippet:-1","max-image-preview":"max-image-preview:large","max-video-preview":"max-video-preview:-1"},"canonical":"https:\/\/kortho.com\/de\/","og_locale":"en_US","og_type":"article","og_title":"Home - Kortho - Deutschland","og_description":"Ihr Partner f\u00fcr Kennzeichnen und Signieren in Deutschland Unsere L\u00f6sungen Freie Bestandsaufnahme Diese Unternehmen haben wir bereits unterst\u00fctzt. Wie k\u00f6nnen&hellip;","og_url":"https:\/\/kortho.com\/de\/","og_site_name":"Kortho - Deutschland","article_modified_time":"2022-02-10T08:11:00+00:00","twitter_card":"summary_large_image","schema":{"@context":"https:\/\/schema.org","@graph":[{"@type":"WebPage","@id":"https:\/\/kortho.com\/de\/","url":"https:\/\/kortho.com\/de\/","name":"Home - Kortho - Deutschland","isPartOf":{"@id":"https:\/\/kortho.com\/de\/#website"},"datePublished":"2014-11-08T07:14:31+00:00","dateModified":"2022-02-10T08:11:00+00:00","breadcrumb":{"@id":"https:\/\/kortho.com\/de\/#breadcrumb"},"inLanguage":"en-US","potentialAction":[{"@type":"ReadAction","target":["https:\/\/kortho.com\/de\/"]}]},{"@type":"BreadcrumbList","@id":"https:\/\/kortho.com\/de\/#breadcrumb","itemListElement":[{"@type":"ListItem","position":1,"name":"Home","item":"https:\/\/kortho.com\/de\/"},{"@type":"ListItem","position":2,"name":"Home"}]},{"@type":"WebSite","@id":"https:\/\/kortho.com\/de\/#website","url":"https:\/\/kortho.com\/de\/","name":"Kortho - Deutschland","description":"Coding Competence","potentialAction":[{"@type":"SearchAction","target":{"@type":"EntryPoint","urlTemplate":"https:\/\/kortho.com\/de\/?s={search_term_string}"},"query-input":{"@type":"PropertyValueSpecification","valueRequired":true,"valueName":"search_term_string"}}],"inLanguage":"en-US"}]}},"aioseo_notices":[],"_links":{"self":[{"href":"https:\/\/kortho.com\/de\/wp-json\/wp\/v2\/pages\/2"}],"collection":[{"href":"https:\/\/kortho.com\/de\/wp-json\/wp\/v2\/pages"}],"about":[{"href":"https:\/\/kortho.com\/de\/wp-json\/wp\/v2\/types\/page"}],"author":[{"embeddable":true,"href":"https:\/\/kortho.com\/de\/wp-json\/wp\/v2\/users\/1"}],"replies":[{"embeddable":true,"href":"https:\/\/kortho.com\/de\/wp-json\/wp\/v2\/comments?post=2"}],"version-history":[{"count":141,"href":"https:\/\/kortho.com\/de\/wp-json\/wp\/v2\/pages\/2\/revisions"}],"predecessor-version":[{"id":5015,"href":"https:\/\/kortho.com\/de\/wp-json\/wp\/v2\/pages\/2\/revisions\/5015"}],"wp:attachment":[{"href":"https:\/\/kortho.com\/de\/wp-json\/wp\/v2\/media?parent=2"}],"curies":[{"name":"wp","href":"https:\/\/api.w.org\/{rel}","templated":true}]}}