{"id":202,"date":"2014-11-30T15:21:14","date_gmt":"2014-11-30T15:21:14","guid":{"rendered":"http:\/\/jaspervandermeij.nl\/kortho\/nl\/?page_id=202"},"modified":"2016-06-14T08:11:36","modified_gmt":"2016-06-14T08:11:36","slug":"papier","status":"publish","type":"page","link":"https:\/\/kortho.com\/de\/losungen\/materialien\/papier\/","title":{"rendered":"Papier"},"content":{"rendered":"<h2><img loading=\"lazy\" decoding=\"async\" class=\"alignleft size-full wp-image-3061\" src=\"http:\/\/kortho.com\/wp-content\/uploads\/2015\/09\/printen-op-doosje-papier-karton-met-Quickcoder.jpg\" alt=\"printen-op-doosje-papier-karton-met-Quickcoder\" width=\"375\" height=\"138\" srcset=\"https:\/\/kortho.com\/de\/wp-content\/uploads\/sites\/5\/2015\/09\/printen-op-doosje-papier-karton-met-Quickcoder.jpg 375w, https:\/\/kortho.com\/de\/wp-content\/uploads\/sites\/5\/2015\/09\/printen-op-doosje-papier-karton-met-Quickcoder-300x110.jpg 300w\" sizes=\"(max-width: 375px) 100vw, 375px\" \/> <img loading=\"lazy\" decoding=\"async\" class=\"alignleft size-full wp-image-3060\" src=\"http:\/\/kortho.com\/wp-content\/uploads\/2015\/09\/Printen-op-papier-met-Hotprint-veterverpakking.jpg\" alt=\"Printen-op-papier-met-Hotprint-veterverpakking\" width=\"375\" height=\"138\" srcset=\"https:\/\/kortho.com\/de\/wp-content\/uploads\/sites\/5\/2015\/09\/Printen-op-papier-met-Hotprint-veterverpakking.jpg 375w, https:\/\/kortho.com\/de\/wp-content\/uploads\/sites\/5\/2015\/09\/Printen-op-papier-met-Hotprint-veterverpakking-300x110.jpg 300w\" sizes=\"(max-width: 375px) 100vw, 375px\" \/> <img loading=\"lazy\" decoding=\"async\" class=\"alignleft size-full wp-image-3068\" src=\"http:\/\/kortho.com\/wp-content\/uploads\/2014\/11\/Printen-op-papieren-zak-met-HR-inkjet-GraphicJet.jpg\" alt=\"Printen-op-papieren-zak-met-HR-inkjet-GraphicJet\" width=\"375\" height=\"138\" srcset=\"https:\/\/kortho.com\/de\/wp-content\/uploads\/sites\/5\/2014\/11\/Printen-op-papieren-zak-met-HR-inkjet-GraphicJet.jpg 375w, https:\/\/kortho.com\/de\/wp-content\/uploads\/sites\/5\/2014\/11\/Printen-op-papieren-zak-met-HR-inkjet-GraphicJet-300x110.jpg 300w\" sizes=\"(max-width: 375px) 100vw, 375px\" \/><\/h2>\n<h2><\/h2>\n<h2><\/h2>\n<h2><\/h2>\n<h1>Eigenschaften von Papier<\/h1>\n<p>Papier ist eines der am h\u00e4ufigsten verwendeten Verpackungsmaterialien auf der Welt. Die wichtigsten Gr\u00fcnde hierf\u00fcr sind neben dem \u00f6konomischen Kaufpreis die vielen Einsatzm\u00f6glichkeiten und die relativ einfache Verarbeitung. Praktisch alle Codierungstechniken sind geeignet, um variable Informationen auf Papier zu drucken. Aufgrund der geringen Kosten pro Druck wird sehr h\u00e4ufig die Inkjet Technik verwendet. Die por\u00f6se Struktur des Papiers sorgt f\u00fcr eine gute Absorption von \u00f6lbasierten Tinten, die Farbstoffe auf der Oberfl\u00e4che hinterl\u00e4sst.<\/p>\n<h2>Geeignete Kennzeichnungstechniken f\u00fcr Papier<\/h2>\n<p>Die \u00f6konomischsten Codierungsmethoden f\u00fcr Papier sind mit Abstand die Kontakt-Codierungstechniken wie <span style=\"text-decoration: underline;color: #0000ff\"><a style=\"color: #0000ff;text-decoration: underline\" href=\"http:\/\/kortho.com\/de\/losungen\/kennzeichnungsgerate\/rollcoder\/\" target=\"_blank\">Rollcoder<\/a><\/span> und feste <a href=\"http:\/\/kortho.com\/de\/losungen\/kennzeichnungsgerate\/heisswachstinten\/\" target=\"_blank\"><span style=\"text-decoration: underline;color: #0000ff\">Wachstinte<\/span><span style=\"text-decoration: underline\"><span style=\"color: #0000ff;text-decoration: underline\">n<\/span><\/span><\/a>. Diese Methoden &#8220;stempeln&#8221; das Bild auf das Papier mittels einer eingef\u00e4rbten Vorlage. Falls mehr Flexibilit\u00e4t ben\u00f6tigt wird, um die Drucke zu \u00e4ndern, ist der <span style=\"text-decoration: underline;color: #0000ff\"><a style=\"color: #0000ff;text-decoration: underline\" href=\"http:\/\/kortho.com\/de\/losungen\/kennzeichnungsgerate\/hi-res-inkjet\/\" target=\"_blank\">Hi-Res Inkjet<\/a><\/span> am besten geeignet. Diese Maschinen erlauben digitale \u00c4nderungen (wie z.B. Z\u00e4hler, Daten und andere Etiketteninformationen). Au\u00dferdem sind nat\u00fcrlich <span style=\"text-decoration: underline;color: #0000ff\"><a style=\"color: #0000ff;text-decoration: underline\" href=\"http:\/\/kortho.com\/de\/losungen\/kennzeichnungsgerate\/industriemarker\/\" target=\"_blank\">Marker<\/a><\/span> ebenfalls zum Markieren von Papier geeignet.<\/p>\n<p><span style=\"color: #ffffff\">.<\/span><\/p>\n","protected":false},"excerpt":{"rendered":"<p>Eigenschaften von Papier Papier ist eines der am h\u00e4ufigsten verwendeten Verpackungsmaterialien auf der Welt. Die wichtigsten Gr\u00fcnde hierf\u00fcr sind neben&hellip;<\/p>\n","protected":false},"author":1,"featured_media":2742,"parent":170,"menu_order":13,"comment_status":"closed","ping_status":"closed","template":"page_taxonomy_child.php","meta":{"_monsterinsights_skip_tracking":false,"_monsterinsights_sitenote_active":false,"_monsterinsights_sitenote_note":"","_monsterinsights_sitenote_category":0,"footnotes":""},"class_list":["post-202","page","type-page","status-publish","format-standard","has-post-thumbnail","hentry"],"yoast_head":"<!-- This site is optimized with the Yoast SEO plugin v23.6 - https:\/\/yoast.com\/wordpress\/plugins\/seo\/ -->\n<title>Papier - Kortho - Deutschland<\/title>\n<meta name=\"robots\" content=\"index, follow, max-snippet:-1, max-image-preview:large, max-video-preview:-1\" \/>\n<link rel=\"canonical\" href=\"https:\/\/kortho.com\/de\/losungen\/materialien\/papier\/\" \/>\n<meta property=\"og:locale\" content=\"en_US\" \/>\n<meta property=\"og:type\" content=\"article\" \/>\n<meta property=\"og:title\" content=\"Papier - Kortho - Deutschland\" \/>\n<meta property=\"og:description\" content=\"Eigenschaften von Papier Papier ist eines der am h\u00e4ufigsten verwendeten Verpackungsmaterialien auf der Welt. Die wichtigsten Gr\u00fcnde hierf\u00fcr sind neben&hellip;\" \/>\n<meta property=\"og:url\" content=\"https:\/\/kortho.com\/de\/losungen\/materialien\/papier\/\" \/>\n<meta property=\"og:site_name\" content=\"Kortho - Deutschland\" \/>\n<meta property=\"article:modified_time\" content=\"2016-06-14T08:11:36+00:00\" \/>\n<meta property=\"og:image\" content=\"https:\/\/kortho.com\/de\/wp-content\/uploads\/sites\/5\/2015\/08\/Materialen-papier-kaart.jpg\" \/>\n\t<meta property=\"og:image:width\" content=\"280\" \/>\n\t<meta property=\"og:image:height\" content=\"280\" \/>\n\t<meta property=\"og:image:type\" content=\"image\/jpeg\" \/>\n<meta name=\"twitter:card\" content=\"summary_large_image\" \/>\n<meta name=\"twitter:label1\" content=\"Est. reading time\" \/>\n\t<meta name=\"twitter:data1\" content=\"1 minute\" \/>\n<script type=\"application\/ld+json\" class=\"yoast-schema-graph\">{\"@context\":\"https:\/\/schema.org\",\"@graph\":[{\"@type\":\"WebPage\",\"@id\":\"https:\/\/kortho.com\/de\/losungen\/materialien\/papier\/\",\"url\":\"https:\/\/kortho.com\/de\/losungen\/materialien\/papier\/\",\"name\":\"Papier - Kortho - Deutschland\",\"isPartOf\":{\"@id\":\"https:\/\/kortho.com\/de\/#website\"},\"primaryImageOfPage\":{\"@id\":\"https:\/\/kortho.com\/de\/losungen\/materialien\/papier\/#primaryimage\"},\"image\":{\"@id\":\"https:\/\/kortho.com\/de\/losungen\/materialien\/papier\/#primaryimage\"},\"thumbnailUrl\":\"https:\/\/kortho.com\/de\/wp-content\/uploads\/sites\/5\/2015\/08\/Materialen-papier-kaart.jpg\",\"datePublished\":\"2014-11-30T15:21:14+00:00\",\"dateModified\":\"2016-06-14T08:11:36+00:00\",\"breadcrumb\":{\"@id\":\"https:\/\/kortho.com\/de\/losungen\/materialien\/papier\/#breadcrumb\"},\"inLanguage\":\"en-US\",\"potentialAction\":[{\"@type\":\"ReadAction\",\"target\":[\"https:\/\/kortho.com\/de\/losungen\/materialien\/papier\/\"]}]},{\"@type\":\"ImageObject\",\"inLanguage\":\"en-US\",\"@id\":\"https:\/\/kortho.com\/de\/losungen\/materialien\/papier\/#primaryimage\",\"url\":\"https:\/\/kortho.com\/de\/wp-content\/uploads\/sites\/5\/2015\/08\/Materialen-papier-kaart.jpg\",\"contentUrl\":\"https:\/\/kortho.com\/de\/wp-content\/uploads\/sites\/5\/2015\/08\/Materialen-papier-kaart.jpg\",\"width\":280,\"height\":280},{\"@type\":\"BreadcrumbList\",\"@id\":\"https:\/\/kortho.com\/de\/losungen\/materialien\/papier\/#breadcrumb\",\"itemListElement\":[{\"@type\":\"ListItem\",\"position\":1,\"name\":\"Home\",\"item\":\"https:\/\/kortho.com\/de\/\"},{\"@type\":\"ListItem\",\"position\":2,\"name\":\"L\u00f6sungen\",\"item\":\"https:\/\/kortho.com\/de\/losungen\/\"},{\"@type\":\"ListItem\",\"position\":3,\"name\":\"Materialien\",\"item\":\"https:\/\/kortho.com\/de\/losungen\/materialien\/\"},{\"@type\":\"ListItem\",\"position\":4,\"name\":\"Papier\"}]},{\"@type\":\"WebSite\",\"@id\":\"https:\/\/kortho.com\/de\/#website\",\"url\":\"https:\/\/kortho.com\/de\/\",\"name\":\"Kortho - Deutschland\",\"description\":\"Coding Competence\",\"potentialAction\":[{\"@type\":\"SearchAction\",\"target\":{\"@type\":\"EntryPoint\",\"urlTemplate\":\"https:\/\/kortho.com\/de\/?s={search_term_string}\"},\"query-input\":{\"@type\":\"PropertyValueSpecification\",\"valueRequired\":true,\"valueName\":\"search_term_string\"}}],\"inLanguage\":\"en-US\"}]}<\/script>\n<!-- \/ Yoast SEO plugin. -->","yoast_head_json":{"title":"Papier - Kortho - Deutschland","robots":{"index":"index","follow":"follow","max-snippet":"max-snippet:-1","max-image-preview":"max-image-preview:large","max-video-preview":"max-video-preview:-1"},"canonical":"https:\/\/kortho.com\/de\/losungen\/materialien\/papier\/","og_locale":"en_US","og_type":"article","og_title":"Papier - Kortho - Deutschland","og_description":"Eigenschaften von Papier Papier ist eines der am h\u00e4ufigsten verwendeten Verpackungsmaterialien auf der Welt. Die wichtigsten Gr\u00fcnde hierf\u00fcr sind neben&hellip;","og_url":"https:\/\/kortho.com\/de\/losungen\/materialien\/papier\/","og_site_name":"Kortho - Deutschland","article_modified_time":"2016-06-14T08:11:36+00:00","og_image":[{"width":280,"height":280,"url":"https:\/\/kortho.com\/de\/wp-content\/uploads\/sites\/5\/2015\/08\/Materialen-papier-kaart.jpg","type":"image\/jpeg"}],"twitter_card":"summary_large_image","twitter_misc":{"Est. reading time":"1 minute"},"schema":{"@context":"https:\/\/schema.org","@graph":[{"@type":"WebPage","@id":"https:\/\/kortho.com\/de\/losungen\/materialien\/papier\/","url":"https:\/\/kortho.com\/de\/losungen\/materialien\/papier\/","name":"Papier - Kortho - Deutschland","isPartOf":{"@id":"https:\/\/kortho.com\/de\/#website"},"primaryImageOfPage":{"@id":"https:\/\/kortho.com\/de\/losungen\/materialien\/papier\/#primaryimage"},"image":{"@id":"https:\/\/kortho.com\/de\/losungen\/materialien\/papier\/#primaryimage"},"thumbnailUrl":"https:\/\/kortho.com\/de\/wp-content\/uploads\/sites\/5\/2015\/08\/Materialen-papier-kaart.jpg","datePublished":"2014-11-30T15:21:14+00:00","dateModified":"2016-06-14T08:11:36+00:00","breadcrumb":{"@id":"https:\/\/kortho.com\/de\/losungen\/materialien\/papier\/#breadcrumb"},"inLanguage":"en-US","potentialAction":[{"@type":"ReadAction","target":["https:\/\/kortho.com\/de\/losungen\/materialien\/papier\/"]}]},{"@type":"ImageObject","inLanguage":"en-US","@id":"https:\/\/kortho.com\/de\/losungen\/materialien\/papier\/#primaryimage","url":"https:\/\/kortho.com\/de\/wp-content\/uploads\/sites\/5\/2015\/08\/Materialen-papier-kaart.jpg","contentUrl":"https:\/\/kortho.com\/de\/wp-content\/uploads\/sites\/5\/2015\/08\/Materialen-papier-kaart.jpg","width":280,"height":280},{"@type":"BreadcrumbList","@id":"https:\/\/kortho.com\/de\/losungen\/materialien\/papier\/#breadcrumb","itemListElement":[{"@type":"ListItem","position":1,"name":"Home","item":"https:\/\/kortho.com\/de\/"},{"@type":"ListItem","position":2,"name":"L\u00f6sungen","item":"https:\/\/kortho.com\/de\/losungen\/"},{"@type":"ListItem","position":3,"name":"Materialien","item":"https:\/\/kortho.com\/de\/losungen\/materialien\/"},{"@type":"ListItem","position":4,"name":"Papier"}]},{"@type":"WebSite","@id":"https:\/\/kortho.com\/de\/#website","url":"https:\/\/kortho.com\/de\/","name":"Kortho - Deutschland","description":"Coding Competence","potentialAction":[{"@type":"SearchAction","target":{"@type":"EntryPoint","urlTemplate":"https:\/\/kortho.com\/de\/?s={search_term_string}"},"query-input":{"@type":"PropertyValueSpecification","valueRequired":true,"valueName":"search_term_string"}}],"inLanguage":"en-US"}]}},"aioseo_notices":[],"_links":{"self":[{"href":"https:\/\/kortho.com\/de\/wp-json\/wp\/v2\/pages\/202"}],"collection":[{"href":"https:\/\/kortho.com\/de\/wp-json\/wp\/v2\/pages"}],"about":[{"href":"https:\/\/kortho.com\/de\/wp-json\/wp\/v2\/types\/page"}],"author":[{"embeddable":true,"href":"https:\/\/kortho.com\/de\/wp-json\/wp\/v2\/users\/1"}],"replies":[{"embeddable":true,"href":"https:\/\/kortho.com\/de\/wp-json\/wp\/v2\/comments?post=202"}],"version-history":[{"count":40,"href":"https:\/\/kortho.com\/de\/wp-json\/wp\/v2\/pages\/202\/revisions"}],"predecessor-version":[{"id":4569,"href":"https:\/\/kortho.com\/de\/wp-json\/wp\/v2\/pages\/202\/revisions\/4569"}],"up":[{"embeddable":true,"href":"https:\/\/kortho.com\/de\/wp-json\/wp\/v2\/pages\/170"}],"wp:featuredmedia":[{"embeddable":true,"href":"https:\/\/kortho.com\/de\/wp-json\/wp\/v2\/media\/2742"}],"wp:attachment":[{"href":"https:\/\/kortho.com\/de\/wp-json\/wp\/v2\/media?parent=202"}],"curies":[{"name":"wp","href":"https:\/\/api.w.org\/{rel}","templated":true}]}}