{"id":205,"date":"2014-11-30T15:22:21","date_gmt":"2014-11-30T15:22:21","guid":{"rendered":"http:\/\/jaspervandermeij.nl\/kortho\/nl\/?page_id=205"},"modified":"2016-06-14T08:18:29","modified_gmt":"2016-06-14T08:18:29","slug":"gummi","status":"publish","type":"page","link":"https:\/\/kortho.com\/de\/losungen\/materialien\/gummi\/","title":{"rendered":"Gummi"},"content":{"rendered":"<h1><img loading=\"lazy\" decoding=\"async\" class=\"alignleft size-full wp-image-3175\" src=\"http:\/\/kortho.com\/wp-content\/uploads\/2015\/09\/Coderen-op-rubber-met-HR-inkjet-printers-GraphicJet1.jpg\" alt=\"Coderen-op-rubber-met-HR-inkjet-printers-GraphicJet\" width=\"375\" height=\"138\" srcset=\"https:\/\/kortho.com\/de\/wp-content\/uploads\/sites\/5\/2015\/09\/Coderen-op-rubber-met-HR-inkjet-printers-GraphicJet1.jpg 375w, https:\/\/kortho.com\/de\/wp-content\/uploads\/sites\/5\/2015\/09\/Coderen-op-rubber-met-HR-inkjet-printers-GraphicJet1-300x110.jpg 300w\" sizes=\"(max-width: 375px) 100vw, 375px\" \/> <img loading=\"lazy\" decoding=\"async\" class=\"alignleft size-full wp-image-3104\" src=\"http:\/\/kortho.com\/wp-content\/uploads\/2015\/09\/Coderen-op-rubber-materiaal-met-rolcoders.jpg\" alt=\"Coderen-op-rubber-materiaal-met-rolcoders\" width=\"375\" height=\"138\" srcset=\"https:\/\/kortho.com\/de\/wp-content\/uploads\/sites\/5\/2015\/09\/Coderen-op-rubber-materiaal-met-rolcoders.jpg 375w, https:\/\/kortho.com\/de\/wp-content\/uploads\/sites\/5\/2015\/09\/Coderen-op-rubber-materiaal-met-rolcoders-300x110.jpg 300w\" sizes=\"(max-width: 375px) 100vw, 375px\" \/> <img loading=\"lazy\" decoding=\"async\" class=\"alignleft size-full wp-image-3103\" src=\"http:\/\/kortho.com\/wp-content\/uploads\/2015\/09\/coderen-op-rubberen-rollen-met-Rolcoders.jpg\" alt=\"coderen-op-rubberen-rollen-met-Rolcoders\" width=\"375\" height=\"138\" srcset=\"https:\/\/kortho.com\/de\/wp-content\/uploads\/sites\/5\/2015\/09\/coderen-op-rubberen-rollen-met-Rolcoders.jpg 375w, https:\/\/kortho.com\/de\/wp-content\/uploads\/sites\/5\/2015\/09\/coderen-op-rubberen-rollen-met-Rolcoders-300x110.jpg 300w\" sizes=\"(max-width: 375px) 100vw, 375px\" \/><span style=\"color: #ffffff\">.<\/span><\/h1>\n<h1>Eigenschaften von Gummi<\/h1>\n<p>Gummi ist ein nicht-por\u00f6ses Material, das Fl\u00fcssigkeiten abweist. Eine Konsequenz ist, dass \u00f6lbasierte Tinten nicht trocknen. Dar\u00fcber hinaus besitzt Gummi h\u00e4ufig eine dunkle Farbe, was eine gute Sichtbarkeit von dunklen Tinten verhindert. Um einen guten Kontrast bei der Codierung auf Gummi zu erreichen (welche ebenfalls gut trocknet), sind nicht-por\u00f6se Tinten mit Pigmenten erforderlich. Pigmente sind Farbstoffe, die als feingemahlene Partikel in der Tinte enthalten sind. Als Folge l\u00f6sen sie sich nicht auf und machen einen klaren, hellen Druck m\u00f6glich (wie beispielsweise wei\u00df, gelb oder rot).<\/p>\n<h2>Geeignete Kennzeichnungstechniken f\u00fcr Gummi<\/h2>\n<p>Pigmentierte, nicht-por\u00f6se (L\u00f6sungsmittel-)Tinten k\u00f6nnen effektiv in Kombination mit <span style=\"text-decoration: underline;color: #0000ff\"><a style=\"color: #0000ff;text-decoration: underline\" href=\"http:\/\/kortho.com\/de\/losungen\/kennzeichnungsgerate\/hi-res-inkjet\/\" target=\"_blank\">Hi-Res Inkjet<\/a>s<\/span> verwendet werden. Das L\u00f6sungsmittel verdampft, wenn der Code aufgetragen wird, und hinterl\u00e4sst das Pigment auf dem Gummi. Nicht-por\u00f6se Oberfl\u00e4chen k\u00f6nnen auch von Techniken, die auf Thermotransfer-Druck basieren (wie <span style=\"text-decoration: underline;color: #0000ff\"><a style=\"color: #0000ff;text-decoration: underline\" href=\"http:\/\/kortho.com\/de\/losungen\/kennzeichnungsgerate\/heisspragen\/\" target=\"_blank\">Heisspr\u00e4gen<\/a><\/span> oder feste <span style=\"text-decoration: underline;color: #0000ff\"><a style=\"color: #0000ff;text-decoration: underline\" href=\"http:\/\/kortho.com\/de\/losungen\/kennzeichnungsgerate\/heisswachstinten\/\" target=\"_blank\">Wachstinten<\/a><\/span>) ausgef\u00fchrt werden. Bei diesen Techniken bestehen die Farbstoffe aus Feststoffen (Wachs oder Harz). Durch Erhitzen werden diese verfl\u00fcssigt und k\u00f6nnen in diesem Zustand verwendet werden. Nach dem Auftragen k\u00fchlt die Codierung ab und hinterl\u00e4sst einen klaren, soliden Druck.<\/p>\n<p><span style=\"color: #ffffff\">.<\/span><\/p>\n","protected":false},"excerpt":{"rendered":"<p>. Eigenschaften von Gummi Gummi ist ein nicht-por\u00f6ses Material, das Fl\u00fcssigkeiten abweist. Eine Konsequenz ist, dass \u00f6lbasierte Tinten nicht trocknen.&hellip;<\/p>\n","protected":false},"author":1,"featured_media":2738,"parent":170,"menu_order":14,"comment_status":"closed","ping_status":"closed","template":"page_taxonomy_child.php","meta":{"_monsterinsights_skip_tracking":false,"_monsterinsights_sitenote_active":false,"_monsterinsights_sitenote_note":"","_monsterinsights_sitenote_category":0,"footnotes":""},"class_list":["post-205","page","type-page","status-publish","format-standard","has-post-thumbnail","hentry"],"yoast_head":"<!-- This site is optimized with the Yoast SEO plugin v23.6 - https:\/\/yoast.com\/wordpress\/plugins\/seo\/ -->\n<title>Gummi - Kortho - Deutschland<\/title>\n<meta name=\"robots\" content=\"index, follow, max-snippet:-1, max-image-preview:large, max-video-preview:-1\" \/>\n<link rel=\"canonical\" href=\"https:\/\/kortho.com\/de\/losungen\/materialien\/gummi\/\" \/>\n<meta property=\"og:locale\" content=\"en_US\" \/>\n<meta property=\"og:type\" content=\"article\" \/>\n<meta property=\"og:title\" content=\"Gummi - Kortho - Deutschland\" \/>\n<meta property=\"og:description\" content=\". Eigenschaften von Gummi Gummi ist ein nicht-por\u00f6ses Material, das Fl\u00fcssigkeiten abweist. Eine Konsequenz ist, dass \u00f6lbasierte Tinten nicht trocknen.&hellip;\" \/>\n<meta property=\"og:url\" content=\"https:\/\/kortho.com\/de\/losungen\/materialien\/gummi\/\" \/>\n<meta property=\"og:site_name\" content=\"Kortho - Deutschland\" \/>\n<meta property=\"article:modified_time\" content=\"2016-06-14T08:18:29+00:00\" \/>\n<meta property=\"og:image\" content=\"https:\/\/kortho.com\/de\/wp-content\/uploads\/sites\/5\/2015\/08\/Materialen-rubber-materiaal.jpg\" \/>\n\t<meta property=\"og:image:width\" content=\"280\" \/>\n\t<meta property=\"og:image:height\" content=\"280\" \/>\n\t<meta property=\"og:image:type\" content=\"image\/jpeg\" \/>\n<meta name=\"twitter:card\" content=\"summary_large_image\" \/>\n<meta name=\"twitter:label1\" content=\"Est. reading time\" \/>\n\t<meta name=\"twitter:data1\" content=\"1 minute\" \/>\n<script type=\"application\/ld+json\" class=\"yoast-schema-graph\">{\"@context\":\"https:\/\/schema.org\",\"@graph\":[{\"@type\":\"WebPage\",\"@id\":\"https:\/\/kortho.com\/de\/losungen\/materialien\/gummi\/\",\"url\":\"https:\/\/kortho.com\/de\/losungen\/materialien\/gummi\/\",\"name\":\"Gummi - Kortho - Deutschland\",\"isPartOf\":{\"@id\":\"https:\/\/kortho.com\/de\/#website\"},\"primaryImageOfPage\":{\"@id\":\"https:\/\/kortho.com\/de\/losungen\/materialien\/gummi\/#primaryimage\"},\"image\":{\"@id\":\"https:\/\/kortho.com\/de\/losungen\/materialien\/gummi\/#primaryimage\"},\"thumbnailUrl\":\"https:\/\/kortho.com\/de\/wp-content\/uploads\/sites\/5\/2015\/08\/Materialen-rubber-materiaal.jpg\",\"datePublished\":\"2014-11-30T15:22:21+00:00\",\"dateModified\":\"2016-06-14T08:18:29+00:00\",\"breadcrumb\":{\"@id\":\"https:\/\/kortho.com\/de\/losungen\/materialien\/gummi\/#breadcrumb\"},\"inLanguage\":\"en-US\",\"potentialAction\":[{\"@type\":\"ReadAction\",\"target\":[\"https:\/\/kortho.com\/de\/losungen\/materialien\/gummi\/\"]}]},{\"@type\":\"ImageObject\",\"inLanguage\":\"en-US\",\"@id\":\"https:\/\/kortho.com\/de\/losungen\/materialien\/gummi\/#primaryimage\",\"url\":\"https:\/\/kortho.com\/de\/wp-content\/uploads\/sites\/5\/2015\/08\/Materialen-rubber-materiaal.jpg\",\"contentUrl\":\"https:\/\/kortho.com\/de\/wp-content\/uploads\/sites\/5\/2015\/08\/Materialen-rubber-materiaal.jpg\",\"width\":280,\"height\":280},{\"@type\":\"BreadcrumbList\",\"@id\":\"https:\/\/kortho.com\/de\/losungen\/materialien\/gummi\/#breadcrumb\",\"itemListElement\":[{\"@type\":\"ListItem\",\"position\":1,\"name\":\"Home\",\"item\":\"https:\/\/kortho.com\/de\/\"},{\"@type\":\"ListItem\",\"position\":2,\"name\":\"L\u00f6sungen\",\"item\":\"https:\/\/kortho.com\/de\/losungen\/\"},{\"@type\":\"ListItem\",\"position\":3,\"name\":\"Materialien\",\"item\":\"https:\/\/kortho.com\/de\/losungen\/materialien\/\"},{\"@type\":\"ListItem\",\"position\":4,\"name\":\"Gummi\"}]},{\"@type\":\"WebSite\",\"@id\":\"https:\/\/kortho.com\/de\/#website\",\"url\":\"https:\/\/kortho.com\/de\/\",\"name\":\"Kortho - Deutschland\",\"description\":\"Coding Competence\",\"potentialAction\":[{\"@type\":\"SearchAction\",\"target\":{\"@type\":\"EntryPoint\",\"urlTemplate\":\"https:\/\/kortho.com\/de\/?s={search_term_string}\"},\"query-input\":{\"@type\":\"PropertyValueSpecification\",\"valueRequired\":true,\"valueName\":\"search_term_string\"}}],\"inLanguage\":\"en-US\"}]}<\/script>\n<!-- \/ Yoast SEO plugin. -->","yoast_head_json":{"title":"Gummi - Kortho - Deutschland","robots":{"index":"index","follow":"follow","max-snippet":"max-snippet:-1","max-image-preview":"max-image-preview:large","max-video-preview":"max-video-preview:-1"},"canonical":"https:\/\/kortho.com\/de\/losungen\/materialien\/gummi\/","og_locale":"en_US","og_type":"article","og_title":"Gummi - Kortho - Deutschland","og_description":". Eigenschaften von Gummi Gummi ist ein nicht-por\u00f6ses Material, das Fl\u00fcssigkeiten abweist. Eine Konsequenz ist, dass \u00f6lbasierte Tinten nicht trocknen.&hellip;","og_url":"https:\/\/kortho.com\/de\/losungen\/materialien\/gummi\/","og_site_name":"Kortho - Deutschland","article_modified_time":"2016-06-14T08:18:29+00:00","og_image":[{"width":280,"height":280,"url":"https:\/\/kortho.com\/de\/wp-content\/uploads\/sites\/5\/2015\/08\/Materialen-rubber-materiaal.jpg","type":"image\/jpeg"}],"twitter_card":"summary_large_image","twitter_misc":{"Est. reading time":"1 minute"},"schema":{"@context":"https:\/\/schema.org","@graph":[{"@type":"WebPage","@id":"https:\/\/kortho.com\/de\/losungen\/materialien\/gummi\/","url":"https:\/\/kortho.com\/de\/losungen\/materialien\/gummi\/","name":"Gummi - Kortho - Deutschland","isPartOf":{"@id":"https:\/\/kortho.com\/de\/#website"},"primaryImageOfPage":{"@id":"https:\/\/kortho.com\/de\/losungen\/materialien\/gummi\/#primaryimage"},"image":{"@id":"https:\/\/kortho.com\/de\/losungen\/materialien\/gummi\/#primaryimage"},"thumbnailUrl":"https:\/\/kortho.com\/de\/wp-content\/uploads\/sites\/5\/2015\/08\/Materialen-rubber-materiaal.jpg","datePublished":"2014-11-30T15:22:21+00:00","dateModified":"2016-06-14T08:18:29+00:00","breadcrumb":{"@id":"https:\/\/kortho.com\/de\/losungen\/materialien\/gummi\/#breadcrumb"},"inLanguage":"en-US","potentialAction":[{"@type":"ReadAction","target":["https:\/\/kortho.com\/de\/losungen\/materialien\/gummi\/"]}]},{"@type":"ImageObject","inLanguage":"en-US","@id":"https:\/\/kortho.com\/de\/losungen\/materialien\/gummi\/#primaryimage","url":"https:\/\/kortho.com\/de\/wp-content\/uploads\/sites\/5\/2015\/08\/Materialen-rubber-materiaal.jpg","contentUrl":"https:\/\/kortho.com\/de\/wp-content\/uploads\/sites\/5\/2015\/08\/Materialen-rubber-materiaal.jpg","width":280,"height":280},{"@type":"BreadcrumbList","@id":"https:\/\/kortho.com\/de\/losungen\/materialien\/gummi\/#breadcrumb","itemListElement":[{"@type":"ListItem","position":1,"name":"Home","item":"https:\/\/kortho.com\/de\/"},{"@type":"ListItem","position":2,"name":"L\u00f6sungen","item":"https:\/\/kortho.com\/de\/losungen\/"},{"@type":"ListItem","position":3,"name":"Materialien","item":"https:\/\/kortho.com\/de\/losungen\/materialien\/"},{"@type":"ListItem","position":4,"name":"Gummi"}]},{"@type":"WebSite","@id":"https:\/\/kortho.com\/de\/#website","url":"https:\/\/kortho.com\/de\/","name":"Kortho - Deutschland","description":"Coding Competence","potentialAction":[{"@type":"SearchAction","target":{"@type":"EntryPoint","urlTemplate":"https:\/\/kortho.com\/de\/?s={search_term_string}"},"query-input":{"@type":"PropertyValueSpecification","valueRequired":true,"valueName":"search_term_string"}}],"inLanguage":"en-US"}]}},"aioseo_notices":[],"_links":{"self":[{"href":"https:\/\/kortho.com\/de\/wp-json\/wp\/v2\/pages\/205"}],"collection":[{"href":"https:\/\/kortho.com\/de\/wp-json\/wp\/v2\/pages"}],"about":[{"href":"https:\/\/kortho.com\/de\/wp-json\/wp\/v2\/types\/page"}],"author":[{"embeddable":true,"href":"https:\/\/kortho.com\/de\/wp-json\/wp\/v2\/users\/1"}],"replies":[{"embeddable":true,"href":"https:\/\/kortho.com\/de\/wp-json\/wp\/v2\/comments?post=205"}],"version-history":[{"count":32,"href":"https:\/\/kortho.com\/de\/wp-json\/wp\/v2\/pages\/205\/revisions"}],"predecessor-version":[{"id":4571,"href":"https:\/\/kortho.com\/de\/wp-json\/wp\/v2\/pages\/205\/revisions\/4571"}],"up":[{"embeddable":true,"href":"https:\/\/kortho.com\/de\/wp-json\/wp\/v2\/pages\/170"}],"wp:featuredmedia":[{"embeddable":true,"href":"https:\/\/kortho.com\/de\/wp-json\/wp\/v2\/media\/2738"}],"wp:attachment":[{"href":"https:\/\/kortho.com\/de\/wp-json\/wp\/v2\/media?parent=205"}],"curies":[{"name":"wp","href":"https:\/\/api.w.org\/{rel}","templated":true}]}}