{"id":207,"date":"2014-11-30T15:22:45","date_gmt":"2014-11-30T15:22:45","guid":{"rendered":"http:\/\/jaspervandermeij.nl\/kortho\/nl\/?page_id=207"},"modified":"2016-06-14T08:27:26","modified_gmt":"2016-06-14T08:27:26","slug":"stein","status":"publish","type":"page","link":"https:\/\/kortho.com\/de\/losungen\/materialien\/stein\/","title":{"rendered":"Stein"},"content":{"rendered":"<h2><img loading=\"lazy\" decoding=\"async\" class=\"alignleft size-full wp-image-3138\" src=\"http:\/\/kortho.com\/wp-content\/uploads\/2015\/09\/Coderen-op-steen-met-rolcoder.jpg\" alt=\"Coderen-op-steen-met-rolcoder\" width=\"375\" height=\"138\" srcset=\"https:\/\/kortho.com\/de\/wp-content\/uploads\/sites\/5\/2015\/09\/Coderen-op-steen-met-rolcoder.jpg 375w, https:\/\/kortho.com\/de\/wp-content\/uploads\/sites\/5\/2015\/09\/Coderen-op-steen-met-rolcoder-300x110.jpg 300w\" sizes=\"(max-width: 375px) 100vw, 375px\" \/> <img loading=\"lazy\" decoding=\"async\" class=\"alignleft size-full wp-image-3137\" src=\"http:\/\/kortho.com\/wp-content\/uploads\/2015\/09\/Coderen-op-steen-met-inkjet.jpg\" alt=\"Coderen-op-steen-met-inkjet\" width=\"375\" height=\"138\" srcset=\"https:\/\/kortho.com\/de\/wp-content\/uploads\/sites\/5\/2015\/09\/Coderen-op-steen-met-inkjet.jpg 375w, https:\/\/kortho.com\/de\/wp-content\/uploads\/sites\/5\/2015\/09\/Coderen-op-steen-met-inkjet-300x110.jpg 300w\" sizes=\"(max-width: 375px) 100vw, 375px\" \/> <img loading=\"lazy\" decoding=\"async\" class=\"alignleft size-full wp-image-3139\" src=\"http:\/\/kortho.com\/wp-content\/uploads\/2015\/09\/Printen-op-steen-met-HR-inkjet-GraphicJet-sample-materiaal.jpg\" alt=\"Printen-op-steen-met-HR-inkjet-GraphicJet-sample-materiaal\" width=\"375\" height=\"138\" srcset=\"https:\/\/kortho.com\/de\/wp-content\/uploads\/sites\/5\/2015\/09\/Printen-op-steen-met-HR-inkjet-GraphicJet-sample-materiaal.jpg 375w, https:\/\/kortho.com\/de\/wp-content\/uploads\/sites\/5\/2015\/09\/Printen-op-steen-met-HR-inkjet-GraphicJet-sample-materiaal-300x110.jpg 300w\" sizes=\"(max-width: 375px) 100vw, 375px\" \/><\/h2>\n<h2><\/h2>\n<h2><\/h2>\n<h1><\/h1>\n<h1>Eigenschaften von Stein<\/h1>\n<p>Genauso wie Beton, hat Stein eine offene, por\u00f6se Struktur, die leicht Tinte absorbiert. Dadurch eignet sich die Oberfl\u00e4che f\u00fcr die Kennzeichnung mit nahezu allen beliebigen tintenbasierten Techniken wie beispielsweise Inkjet oder Kontaktkennzeichnungsger\u00e4ten. Wenn der Stein jedoch eine sehr raue Oberfl\u00e4che aufweist, k\u00f6nnen die Schablonen oder Gummitypen bei Rollcodern bei Kontakt abnutzen. Auch H\u00f6henunterschiede in den Oberfl\u00e4chen k\u00f6nnen den Druck ungleichm\u00e4\u00dfig erscheinen lassen. In der Praxis werden daher die kontaktlosen Inkjetsysteme mit Abstand am h\u00e4ufigsten auf Stein verwendet.<\/p>\n<h2>Geeignete Kennzeichnungsstechniken f\u00fcr Stein<\/h2>\n<p>F\u00fcr relativ unver\u00e4nderliche Drucke bieten Budgetl\u00f6sungen wie <span style=\"text-decoration: underline;color: #0000ff\"><a style=\"color: #0000ff;text-decoration: underline\" href=\"http:\/\/kortho.com\/de\/productgroepen\/schablonenmarkierungsprodukte\/\" target=\"_blank\">Schablonen<\/a><\/span> und <span style=\"text-decoration: underline;color: #0000ff\"><a style=\"color: #0000ff;text-decoration: underline\" href=\"http:\/\/kortho.com\/de\/losungen\/kennzeichnungsgerate\/rollcoder\/\" target=\"_blank\">Rollcoder<\/a><\/span> eine gute Codierungstechnik auf Stein. Eine zweite Voraussetzung f\u00fcr diese Techniken ist, dass die Steinoberfl\u00e4che nicht zu rauh ist oder zu viele Oberfl\u00e4chenh\u00f6henunterschiede aufweist. Die am h\u00e4ufigsten verwendete Codierungstechnik f\u00fcr Stein ist daher der <span style=\"text-decoration: underline;color: #0000ff\"><a style=\"color: #0000ff;text-decoration: underline\" href=\"http:\/\/kortho.com\/de\/losungen\/kennzeichnungsgerate\/hi-res-inkjet\/\" target=\"_blank\">Hi-Res Inkjet<\/a><\/span>. Mit dieser Methode k\u00f6nnen Drucke durch den Transport der Steine am Druckkopf vorbei w\u00e4hrend der Produktion erzielt werden.<\/p>\n<p><span style=\"color: #ffffff\">.<\/span><\/p>\n","protected":false},"excerpt":{"rendered":"<p>Eigenschaften von Stein Genauso wie Beton, hat Stein eine offene, por\u00f6se Struktur, die leicht Tinte absorbiert. Dadurch eignet sich die&hellip;<\/p>\n","protected":false},"author":1,"featured_media":2739,"parent":170,"menu_order":15,"comment_status":"closed","ping_status":"closed","template":"page_taxonomy_child.php","meta":{"_monsterinsights_skip_tracking":false,"_monsterinsights_sitenote_active":false,"_monsterinsights_sitenote_note":"","_monsterinsights_sitenote_category":0,"footnotes":""},"class_list":["post-207","page","type-page","status-publish","format-standard","has-post-thumbnail","hentry"],"yoast_head":"<!-- This site is optimized with the Yoast SEO plugin v23.6 - https:\/\/yoast.com\/wordpress\/plugins\/seo\/ -->\n<title>Stein - Kortho - Deutschland<\/title>\n<meta name=\"robots\" content=\"index, follow, max-snippet:-1, max-image-preview:large, max-video-preview:-1\" \/>\n<link rel=\"canonical\" href=\"https:\/\/kortho.com\/de\/losungen\/materialien\/stein\/\" \/>\n<meta property=\"og:locale\" content=\"en_US\" \/>\n<meta property=\"og:type\" content=\"article\" \/>\n<meta property=\"og:title\" content=\"Stein - Kortho - Deutschland\" \/>\n<meta property=\"og:description\" content=\"Eigenschaften von Stein Genauso wie Beton, hat Stein eine offene, por\u00f6se Struktur, die leicht Tinte absorbiert. Dadurch eignet sich die&hellip;\" \/>\n<meta property=\"og:url\" content=\"https:\/\/kortho.com\/de\/losungen\/materialien\/stein\/\" \/>\n<meta property=\"og:site_name\" content=\"Kortho - Deutschland\" \/>\n<meta property=\"article:modified_time\" content=\"2016-06-14T08:27:26+00:00\" \/>\n<meta property=\"og:image\" content=\"https:\/\/kortho.com\/de\/wp-content\/uploads\/sites\/5\/2015\/08\/Materialen-steen-blok.jpg\" \/>\n\t<meta property=\"og:image:width\" content=\"280\" \/>\n\t<meta property=\"og:image:height\" content=\"280\" \/>\n\t<meta property=\"og:image:type\" content=\"image\/jpeg\" \/>\n<meta name=\"twitter:card\" content=\"summary_large_image\" \/>\n<meta name=\"twitter:label1\" content=\"Est. reading time\" \/>\n\t<meta name=\"twitter:data1\" content=\"1 minute\" \/>\n<script type=\"application\/ld+json\" class=\"yoast-schema-graph\">{\"@context\":\"https:\/\/schema.org\",\"@graph\":[{\"@type\":\"WebPage\",\"@id\":\"https:\/\/kortho.com\/de\/losungen\/materialien\/stein\/\",\"url\":\"https:\/\/kortho.com\/de\/losungen\/materialien\/stein\/\",\"name\":\"Stein - Kortho - Deutschland\",\"isPartOf\":{\"@id\":\"https:\/\/kortho.com\/de\/#website\"},\"primaryImageOfPage\":{\"@id\":\"https:\/\/kortho.com\/de\/losungen\/materialien\/stein\/#primaryimage\"},\"image\":{\"@id\":\"https:\/\/kortho.com\/de\/losungen\/materialien\/stein\/#primaryimage\"},\"thumbnailUrl\":\"https:\/\/kortho.com\/de\/wp-content\/uploads\/sites\/5\/2015\/08\/Materialen-steen-blok.jpg\",\"datePublished\":\"2014-11-30T15:22:45+00:00\",\"dateModified\":\"2016-06-14T08:27:26+00:00\",\"breadcrumb\":{\"@id\":\"https:\/\/kortho.com\/de\/losungen\/materialien\/stein\/#breadcrumb\"},\"inLanguage\":\"en-US\",\"potentialAction\":[{\"@type\":\"ReadAction\",\"target\":[\"https:\/\/kortho.com\/de\/losungen\/materialien\/stein\/\"]}]},{\"@type\":\"ImageObject\",\"inLanguage\":\"en-US\",\"@id\":\"https:\/\/kortho.com\/de\/losungen\/materialien\/stein\/#primaryimage\",\"url\":\"https:\/\/kortho.com\/de\/wp-content\/uploads\/sites\/5\/2015\/08\/Materialen-steen-blok.jpg\",\"contentUrl\":\"https:\/\/kortho.com\/de\/wp-content\/uploads\/sites\/5\/2015\/08\/Materialen-steen-blok.jpg\",\"width\":280,\"height\":280},{\"@type\":\"BreadcrumbList\",\"@id\":\"https:\/\/kortho.com\/de\/losungen\/materialien\/stein\/#breadcrumb\",\"itemListElement\":[{\"@type\":\"ListItem\",\"position\":1,\"name\":\"Home\",\"item\":\"https:\/\/kortho.com\/de\/\"},{\"@type\":\"ListItem\",\"position\":2,\"name\":\"L\u00f6sungen\",\"item\":\"https:\/\/kortho.com\/de\/losungen\/\"},{\"@type\":\"ListItem\",\"position\":3,\"name\":\"Materialien\",\"item\":\"https:\/\/kortho.com\/de\/losungen\/materialien\/\"},{\"@type\":\"ListItem\",\"position\":4,\"name\":\"Stein\"}]},{\"@type\":\"WebSite\",\"@id\":\"https:\/\/kortho.com\/de\/#website\",\"url\":\"https:\/\/kortho.com\/de\/\",\"name\":\"Kortho - Deutschland\",\"description\":\"Coding Competence\",\"potentialAction\":[{\"@type\":\"SearchAction\",\"target\":{\"@type\":\"EntryPoint\",\"urlTemplate\":\"https:\/\/kortho.com\/de\/?s={search_term_string}\"},\"query-input\":{\"@type\":\"PropertyValueSpecification\",\"valueRequired\":true,\"valueName\":\"search_term_string\"}}],\"inLanguage\":\"en-US\"}]}<\/script>\n<!-- \/ Yoast SEO plugin. -->","yoast_head_json":{"title":"Stein - Kortho - Deutschland","robots":{"index":"index","follow":"follow","max-snippet":"max-snippet:-1","max-image-preview":"max-image-preview:large","max-video-preview":"max-video-preview:-1"},"canonical":"https:\/\/kortho.com\/de\/losungen\/materialien\/stein\/","og_locale":"en_US","og_type":"article","og_title":"Stein - Kortho - Deutschland","og_description":"Eigenschaften von Stein Genauso wie Beton, hat Stein eine offene, por\u00f6se Struktur, die leicht Tinte absorbiert. Dadurch eignet sich die&hellip;","og_url":"https:\/\/kortho.com\/de\/losungen\/materialien\/stein\/","og_site_name":"Kortho - Deutschland","article_modified_time":"2016-06-14T08:27:26+00:00","og_image":[{"width":280,"height":280,"url":"https:\/\/kortho.com\/de\/wp-content\/uploads\/sites\/5\/2015\/08\/Materialen-steen-blok.jpg","type":"image\/jpeg"}],"twitter_card":"summary_large_image","twitter_misc":{"Est. reading time":"1 minute"},"schema":{"@context":"https:\/\/schema.org","@graph":[{"@type":"WebPage","@id":"https:\/\/kortho.com\/de\/losungen\/materialien\/stein\/","url":"https:\/\/kortho.com\/de\/losungen\/materialien\/stein\/","name":"Stein - Kortho - Deutschland","isPartOf":{"@id":"https:\/\/kortho.com\/de\/#website"},"primaryImageOfPage":{"@id":"https:\/\/kortho.com\/de\/losungen\/materialien\/stein\/#primaryimage"},"image":{"@id":"https:\/\/kortho.com\/de\/losungen\/materialien\/stein\/#primaryimage"},"thumbnailUrl":"https:\/\/kortho.com\/de\/wp-content\/uploads\/sites\/5\/2015\/08\/Materialen-steen-blok.jpg","datePublished":"2014-11-30T15:22:45+00:00","dateModified":"2016-06-14T08:27:26+00:00","breadcrumb":{"@id":"https:\/\/kortho.com\/de\/losungen\/materialien\/stein\/#breadcrumb"},"inLanguage":"en-US","potentialAction":[{"@type":"ReadAction","target":["https:\/\/kortho.com\/de\/losungen\/materialien\/stein\/"]}]},{"@type":"ImageObject","inLanguage":"en-US","@id":"https:\/\/kortho.com\/de\/losungen\/materialien\/stein\/#primaryimage","url":"https:\/\/kortho.com\/de\/wp-content\/uploads\/sites\/5\/2015\/08\/Materialen-steen-blok.jpg","contentUrl":"https:\/\/kortho.com\/de\/wp-content\/uploads\/sites\/5\/2015\/08\/Materialen-steen-blok.jpg","width":280,"height":280},{"@type":"BreadcrumbList","@id":"https:\/\/kortho.com\/de\/losungen\/materialien\/stein\/#breadcrumb","itemListElement":[{"@type":"ListItem","position":1,"name":"Home","item":"https:\/\/kortho.com\/de\/"},{"@type":"ListItem","position":2,"name":"L\u00f6sungen","item":"https:\/\/kortho.com\/de\/losungen\/"},{"@type":"ListItem","position":3,"name":"Materialien","item":"https:\/\/kortho.com\/de\/losungen\/materialien\/"},{"@type":"ListItem","position":4,"name":"Stein"}]},{"@type":"WebSite","@id":"https:\/\/kortho.com\/de\/#website","url":"https:\/\/kortho.com\/de\/","name":"Kortho - Deutschland","description":"Coding Competence","potentialAction":[{"@type":"SearchAction","target":{"@type":"EntryPoint","urlTemplate":"https:\/\/kortho.com\/de\/?s={search_term_string}"},"query-input":{"@type":"PropertyValueSpecification","valueRequired":true,"valueName":"search_term_string"}}],"inLanguage":"en-US"}]}},"aioseo_notices":[],"_links":{"self":[{"href":"https:\/\/kortho.com\/de\/wp-json\/wp\/v2\/pages\/207"}],"collection":[{"href":"https:\/\/kortho.com\/de\/wp-json\/wp\/v2\/pages"}],"about":[{"href":"https:\/\/kortho.com\/de\/wp-json\/wp\/v2\/types\/page"}],"author":[{"embeddable":true,"href":"https:\/\/kortho.com\/de\/wp-json\/wp\/v2\/users\/1"}],"replies":[{"embeddable":true,"href":"https:\/\/kortho.com\/de\/wp-json\/wp\/v2\/comments?post=207"}],"version-history":[{"count":29,"href":"https:\/\/kortho.com\/de\/wp-json\/wp\/v2\/pages\/207\/revisions"}],"predecessor-version":[{"id":4576,"href":"https:\/\/kortho.com\/de\/wp-json\/wp\/v2\/pages\/207\/revisions\/4576"}],"up":[{"embeddable":true,"href":"https:\/\/kortho.com\/de\/wp-json\/wp\/v2\/pages\/170"}],"wp:featuredmedia":[{"embeddable":true,"href":"https:\/\/kortho.com\/de\/wp-json\/wp\/v2\/media\/2739"}],"wp:attachment":[{"href":"https:\/\/kortho.com\/de\/wp-json\/wp\/v2\/media?parent=207"}],"curies":[{"name":"wp","href":"https:\/\/api.w.org\/{rel}","templated":true}]}}