{"id":213,"date":"2014-11-30T15:24:59","date_gmt":"2014-11-30T15:24:59","guid":{"rendered":"http:\/\/jaspervandermeij.nl\/kortho\/nl\/?page_id=213"},"modified":"2016-06-14T09:15:03","modified_gmt":"2016-06-14T09:15:03","slug":"bauwesen","status":"publish","type":"page","link":"https:\/\/kortho.com\/de\/losungen\/geschaftsbereich\/bauwesen\/","title":{"rendered":"Bauwesen"},"content":{"rendered":"<h2><img loading=\"lazy\" decoding=\"async\" class=\"alignleft size-full wp-image-3137\" src=\"http:\/\/kortho.com\/wp-content\/uploads\/2015\/09\/Coderen-op-steen-met-inkjet.jpg\" alt=\"Coderen-op-steen-met-inkjet\" width=\"375\" height=\"138\" srcset=\"https:\/\/kortho.com\/de\/wp-content\/uploads\/sites\/5\/2015\/09\/Coderen-op-steen-met-inkjet.jpg 375w, https:\/\/kortho.com\/de\/wp-content\/uploads\/sites\/5\/2015\/09\/Coderen-op-steen-met-inkjet-300x110.jpg 300w\" sizes=\"(max-width: 375px) 100vw, 375px\" \/> <img loading=\"lazy\" decoding=\"async\" class=\"alignleft size-full wp-image-3040\" src=\"http:\/\/kortho.com\/wp-content\/uploads\/2015\/09\/printen-met-GraphicJet-op-houten-profiel-balken-HR-inkjet.jpg\" alt=\"printen-met-GraphicJet-op-houten-profiel-balken-HR-inkjet\" width=\"375\" height=\"138\" srcset=\"https:\/\/kortho.com\/de\/wp-content\/uploads\/sites\/5\/2015\/09\/printen-met-GraphicJet-op-houten-profiel-balken-HR-inkjet.jpg 375w, https:\/\/kortho.com\/de\/wp-content\/uploads\/sites\/5\/2015\/09\/printen-met-GraphicJet-op-houten-profiel-balken-HR-inkjet-300x110.jpg 300w\" sizes=\"(max-width: 375px) 100vw, 375px\" \/> <img loading=\"lazy\" decoding=\"async\" class=\"alignleft size-full wp-image-3003\" src=\"http:\/\/kortho.com\/wp-content\/uploads\/2015\/09\/printen-op-koperen-en-metalen-buizen-met-kleinkarakterinkjet.jpg\" alt=\"printen-op-koperen-en-metalen-buizen-met-kleinkarakterinkjet\" width=\"375\" height=\"138\" srcset=\"https:\/\/kortho.com\/de\/wp-content\/uploads\/sites\/5\/2015\/09\/printen-op-koperen-en-metalen-buizen-met-kleinkarakterinkjet.jpg 375w, https:\/\/kortho.com\/de\/wp-content\/uploads\/sites\/5\/2015\/09\/printen-op-koperen-en-metalen-buizen-met-kleinkarakterinkjet-300x110.jpg 300w\" sizes=\"(max-width: 375px) 100vw, 375px\" \/><\/h2>\n<h2><\/h2>\n<h2><\/h2>\n<h2><\/h2>\n<h2><\/h2>\n<h2><\/h2>\n<h1>Codierung in der Bauindustrie<\/h1>\n<p>Codierung und Markierung werden in der Bauindustrie nicht nur w\u00e4hrend der Herstellungsphase von Baustoffen genutzt, sondern auch (manuell) vor Ort w\u00e4hrend der eigentlichen Bauarbeiten.<br \/>\nBei der Herstellung ist die geeignete Kennzeichnungsmethode abh\u00e4ngig von der Zusammensetzung der Materialien und\/oder der Produktionsmethode. W\u00e4hrend der Herstellung von Baumaterialien wird die Produktcodierung verwendet, um die Erkennung und R\u00fcckverfolgbarkeit zu gew\u00e4hrleisten. Ebenso ist die geeignete Kennzeichnungsmethode bei Arbeiten auf der Baustelle von verschiedenen Faktoren abh\u00e4ngig. Hier beraten wir sie gerne.<\/p>\n<h2>Industrieorientierte L\u00f6sungen f\u00fcr die Kennzeichnung in der Bauindustrie<\/h2>\n<p>Aufgrund der vielen unterschiedlichen <span style=\"text-decoration: underline;color: #0000ff\"><a style=\"color: #0000ff;text-decoration: underline\" href=\"http:\/\/kortho.com\/de\/losungen\/materialien\/\" target=\"_blank\">Materialien<\/a><\/span> und Herstellungsverfahren ist es wichtig, der Bauindustrie ein <span style=\"text-decoration: underline;color: #0000ff\"><a style=\"color: #0000ff;text-decoration: underline\" href=\"http:\/\/kortho.com\/de\/losungen\/kennzeichnungsgerate\/\" target=\"_blank\">vollst\u00e4ndiges Sortiment<\/a><\/span> an Kennzeichnungstechniken zur Verf\u00fcgung zu stellen. Selbstverst\u00e4ndlich sollte die M\u00f6glichkeit f\u00fcr alle Drucker sein, direkt vom <span style=\"text-decoration: underline;color: #0000ff\"><a style=\"color: #0000ff;text-decoration: underline\" href=\"http:\/\/kortho.com\/de\/losungen\/automatisierung\/individuelle-konfiguration-nicht-mehr-notwendig\" target=\"_blank\">ERP<\/a><\/span> oder vom <span style=\"text-decoration: underline;color: #0000ff\"><a style=\"color: #0000ff;text-decoration: underline\" href=\"http:\/\/kortho.com\/de\/losungen\/automatisierung\/individuelle-konfiguration-nicht-mehr-notwendig\" target=\"_blank\">zentralen Produktions-PC<\/a><\/span> zu drucken. Au\u00dferdem sollten die Systeme in der Lage sein, Druckauftr\u00e4ge von den Produktionsmaschinen zu empfangen. Betrachten wir zum Beispiel die intelligenten Extrusions- oder S\u00e4gemaschinen, die direkt an einen Drucker senden, welche Messung oder Menge gedruckt werden soll. Die Daten k\u00f6nnen direkt verarbeitet werden und so Fehlcodierungen vermieden werden. Ein <span style=\"text-decoration: underline;color: #0000ff\"><a style=\"color: #0000ff;text-decoration: underline\" href=\"http:\/\/kortho.com\/de\/losungen\/automatisierung\/automatische-konfiguration-in-einer-aktion\" target=\"_blank\">manueller Eingriff<\/a><\/span> entf\u00e4llt komplett.<\/p>\n","protected":false},"excerpt":{"rendered":"<p>Codierung in der Bauindustrie Codierung und Markierung werden in der Bauindustrie nicht nur w\u00e4hrend der Herstellungsphase von Baustoffen genutzt, sondern&hellip;<\/p>\n","protected":false},"author":1,"featured_media":2739,"parent":167,"menu_order":6,"comment_status":"closed","ping_status":"closed","template":"page_taxonomy_child.php","meta":{"_monsterinsights_skip_tracking":false,"_monsterinsights_sitenote_active":false,"_monsterinsights_sitenote_note":"","_monsterinsights_sitenote_category":0,"footnotes":""},"class_list":["post-213","page","type-page","status-publish","format-standard","has-post-thumbnail","hentry"],"yoast_head":"<!-- This site is optimized with the Yoast SEO plugin v23.6 - https:\/\/yoast.com\/wordpress\/plugins\/seo\/ -->\n<title>Bauwesen - Kortho - Deutschland<\/title>\n<meta name=\"robots\" content=\"index, follow, max-snippet:-1, max-image-preview:large, max-video-preview:-1\" \/>\n<link rel=\"canonical\" href=\"https:\/\/kortho.com\/de\/losungen\/geschaftsbereich\/bauwesen\/\" \/>\n<meta property=\"og:locale\" content=\"en_US\" \/>\n<meta property=\"og:type\" content=\"article\" \/>\n<meta property=\"og:title\" content=\"Bauwesen - Kortho - Deutschland\" \/>\n<meta property=\"og:description\" content=\"Codierung in der Bauindustrie Codierung und Markierung werden in der Bauindustrie nicht nur w\u00e4hrend der Herstellungsphase von Baustoffen genutzt, sondern&hellip;\" \/>\n<meta property=\"og:url\" content=\"https:\/\/kortho.com\/de\/losungen\/geschaftsbereich\/bauwesen\/\" \/>\n<meta property=\"og:site_name\" content=\"Kortho - Deutschland\" \/>\n<meta property=\"article:modified_time\" content=\"2016-06-14T09:15:03+00:00\" \/>\n<meta property=\"og:image\" content=\"https:\/\/kortho.com\/de\/wp-content\/uploads\/sites\/5\/2015\/08\/Materialen-steen-blok.jpg\" \/>\n\t<meta property=\"og:image:width\" content=\"280\" \/>\n\t<meta property=\"og:image:height\" content=\"280\" \/>\n\t<meta property=\"og:image:type\" content=\"image\/jpeg\" \/>\n<meta name=\"twitter:card\" content=\"summary_large_image\" \/>\n<meta name=\"twitter:label1\" content=\"Est. reading time\" \/>\n\t<meta name=\"twitter:data1\" content=\"1 minute\" \/>\n<script type=\"application\/ld+json\" class=\"yoast-schema-graph\">{\"@context\":\"https:\/\/schema.org\",\"@graph\":[{\"@type\":\"WebPage\",\"@id\":\"https:\/\/kortho.com\/de\/losungen\/geschaftsbereich\/bauwesen\/\",\"url\":\"https:\/\/kortho.com\/de\/losungen\/geschaftsbereich\/bauwesen\/\",\"name\":\"Bauwesen - Kortho - Deutschland\",\"isPartOf\":{\"@id\":\"https:\/\/kortho.com\/de\/#website\"},\"primaryImageOfPage\":{\"@id\":\"https:\/\/kortho.com\/de\/losungen\/geschaftsbereich\/bauwesen\/#primaryimage\"},\"image\":{\"@id\":\"https:\/\/kortho.com\/de\/losungen\/geschaftsbereich\/bauwesen\/#primaryimage\"},\"thumbnailUrl\":\"https:\/\/kortho.com\/de\/wp-content\/uploads\/sites\/5\/2015\/08\/Materialen-steen-blok.jpg\",\"datePublished\":\"2014-11-30T15:24:59+00:00\",\"dateModified\":\"2016-06-14T09:15:03+00:00\",\"breadcrumb\":{\"@id\":\"https:\/\/kortho.com\/de\/losungen\/geschaftsbereich\/bauwesen\/#breadcrumb\"},\"inLanguage\":\"en-US\",\"potentialAction\":[{\"@type\":\"ReadAction\",\"target\":[\"https:\/\/kortho.com\/de\/losungen\/geschaftsbereich\/bauwesen\/\"]}]},{\"@type\":\"ImageObject\",\"inLanguage\":\"en-US\",\"@id\":\"https:\/\/kortho.com\/de\/losungen\/geschaftsbereich\/bauwesen\/#primaryimage\",\"url\":\"https:\/\/kortho.com\/de\/wp-content\/uploads\/sites\/5\/2015\/08\/Materialen-steen-blok.jpg\",\"contentUrl\":\"https:\/\/kortho.com\/de\/wp-content\/uploads\/sites\/5\/2015\/08\/Materialen-steen-blok.jpg\",\"width\":280,\"height\":280},{\"@type\":\"BreadcrumbList\",\"@id\":\"https:\/\/kortho.com\/de\/losungen\/geschaftsbereich\/bauwesen\/#breadcrumb\",\"itemListElement\":[{\"@type\":\"ListItem\",\"position\":1,\"name\":\"Home\",\"item\":\"https:\/\/kortho.com\/de\/\"},{\"@type\":\"ListItem\",\"position\":2,\"name\":\"L\u00f6sungen\",\"item\":\"https:\/\/kortho.com\/de\/losungen\/\"},{\"@type\":\"ListItem\",\"position\":3,\"name\":\"Gesch\u00e4ftsbereich\",\"item\":\"https:\/\/kortho.com\/de\/losungen\/geschaftsbereich\/\"},{\"@type\":\"ListItem\",\"position\":4,\"name\":\"Bauwesen\"}]},{\"@type\":\"WebSite\",\"@id\":\"https:\/\/kortho.com\/de\/#website\",\"url\":\"https:\/\/kortho.com\/de\/\",\"name\":\"Kortho - Deutschland\",\"description\":\"Coding Competence\",\"potentialAction\":[{\"@type\":\"SearchAction\",\"target\":{\"@type\":\"EntryPoint\",\"urlTemplate\":\"https:\/\/kortho.com\/de\/?s={search_term_string}\"},\"query-input\":{\"@type\":\"PropertyValueSpecification\",\"valueRequired\":true,\"valueName\":\"search_term_string\"}}],\"inLanguage\":\"en-US\"}]}<\/script>\n<!-- \/ Yoast SEO plugin. -->","yoast_head_json":{"title":"Bauwesen - Kortho - Deutschland","robots":{"index":"index","follow":"follow","max-snippet":"max-snippet:-1","max-image-preview":"max-image-preview:large","max-video-preview":"max-video-preview:-1"},"canonical":"https:\/\/kortho.com\/de\/losungen\/geschaftsbereich\/bauwesen\/","og_locale":"en_US","og_type":"article","og_title":"Bauwesen - Kortho - Deutschland","og_description":"Codierung in der Bauindustrie Codierung und Markierung werden in der Bauindustrie nicht nur w\u00e4hrend der Herstellungsphase von Baustoffen genutzt, sondern&hellip;","og_url":"https:\/\/kortho.com\/de\/losungen\/geschaftsbereich\/bauwesen\/","og_site_name":"Kortho - Deutschland","article_modified_time":"2016-06-14T09:15:03+00:00","og_image":[{"width":280,"height":280,"url":"https:\/\/kortho.com\/de\/wp-content\/uploads\/sites\/5\/2015\/08\/Materialen-steen-blok.jpg","type":"image\/jpeg"}],"twitter_card":"summary_large_image","twitter_misc":{"Est. reading time":"1 minute"},"schema":{"@context":"https:\/\/schema.org","@graph":[{"@type":"WebPage","@id":"https:\/\/kortho.com\/de\/losungen\/geschaftsbereich\/bauwesen\/","url":"https:\/\/kortho.com\/de\/losungen\/geschaftsbereich\/bauwesen\/","name":"Bauwesen - Kortho - Deutschland","isPartOf":{"@id":"https:\/\/kortho.com\/de\/#website"},"primaryImageOfPage":{"@id":"https:\/\/kortho.com\/de\/losungen\/geschaftsbereich\/bauwesen\/#primaryimage"},"image":{"@id":"https:\/\/kortho.com\/de\/losungen\/geschaftsbereich\/bauwesen\/#primaryimage"},"thumbnailUrl":"https:\/\/kortho.com\/de\/wp-content\/uploads\/sites\/5\/2015\/08\/Materialen-steen-blok.jpg","datePublished":"2014-11-30T15:24:59+00:00","dateModified":"2016-06-14T09:15:03+00:00","breadcrumb":{"@id":"https:\/\/kortho.com\/de\/losungen\/geschaftsbereich\/bauwesen\/#breadcrumb"},"inLanguage":"en-US","potentialAction":[{"@type":"ReadAction","target":["https:\/\/kortho.com\/de\/losungen\/geschaftsbereich\/bauwesen\/"]}]},{"@type":"ImageObject","inLanguage":"en-US","@id":"https:\/\/kortho.com\/de\/losungen\/geschaftsbereich\/bauwesen\/#primaryimage","url":"https:\/\/kortho.com\/de\/wp-content\/uploads\/sites\/5\/2015\/08\/Materialen-steen-blok.jpg","contentUrl":"https:\/\/kortho.com\/de\/wp-content\/uploads\/sites\/5\/2015\/08\/Materialen-steen-blok.jpg","width":280,"height":280},{"@type":"BreadcrumbList","@id":"https:\/\/kortho.com\/de\/losungen\/geschaftsbereich\/bauwesen\/#breadcrumb","itemListElement":[{"@type":"ListItem","position":1,"name":"Home","item":"https:\/\/kortho.com\/de\/"},{"@type":"ListItem","position":2,"name":"L\u00f6sungen","item":"https:\/\/kortho.com\/de\/losungen\/"},{"@type":"ListItem","position":3,"name":"Gesch\u00e4ftsbereich","item":"https:\/\/kortho.com\/de\/losungen\/geschaftsbereich\/"},{"@type":"ListItem","position":4,"name":"Bauwesen"}]},{"@type":"WebSite","@id":"https:\/\/kortho.com\/de\/#website","url":"https:\/\/kortho.com\/de\/","name":"Kortho - Deutschland","description":"Coding Competence","potentialAction":[{"@type":"SearchAction","target":{"@type":"EntryPoint","urlTemplate":"https:\/\/kortho.com\/de\/?s={search_term_string}"},"query-input":{"@type":"PropertyValueSpecification","valueRequired":true,"valueName":"search_term_string"}}],"inLanguage":"en-US"}]}},"aioseo_notices":[],"_links":{"self":[{"href":"https:\/\/kortho.com\/de\/wp-json\/wp\/v2\/pages\/213"}],"collection":[{"href":"https:\/\/kortho.com\/de\/wp-json\/wp\/v2\/pages"}],"about":[{"href":"https:\/\/kortho.com\/de\/wp-json\/wp\/v2\/types\/page"}],"author":[{"embeddable":true,"href":"https:\/\/kortho.com\/de\/wp-json\/wp\/v2\/users\/1"}],"replies":[{"embeddable":true,"href":"https:\/\/kortho.com\/de\/wp-json\/wp\/v2\/comments?post=213"}],"version-history":[{"count":33,"href":"https:\/\/kortho.com\/de\/wp-json\/wp\/v2\/pages\/213\/revisions"}],"predecessor-version":[{"id":4591,"href":"https:\/\/kortho.com\/de\/wp-json\/wp\/v2\/pages\/213\/revisions\/4591"}],"up":[{"embeddable":true,"href":"https:\/\/kortho.com\/de\/wp-json\/wp\/v2\/pages\/167"}],"wp:featuredmedia":[{"embeddable":true,"href":"https:\/\/kortho.com\/de\/wp-json\/wp\/v2\/media\/2739"}],"wp:attachment":[{"href":"https:\/\/kortho.com\/de\/wp-json\/wp\/v2\/media?parent=213"}],"curies":[{"name":"wp","href":"https:\/\/api.w.org\/{rel}","templated":true}]}}