{"id":215,"date":"2014-11-30T15:25:35","date_gmt":"2014-11-30T15:25:35","guid":{"rendered":"http:\/\/jaspervandermeij.nl\/kortho\/nl\/?page_id=215"},"modified":"2016-06-14T08:48:53","modified_gmt":"2016-06-14T08:48:53","slug":"chemisch","status":"publish","type":"page","link":"https:\/\/kortho.com\/de\/losungen\/geschaftsbereich\/chemisch\/","title":{"rendered":"Chemisch"},"content":{"rendered":"<h2><img loading=\"lazy\" decoding=\"async\" class=\"alignleft size-full wp-image-3615\" src=\"http:\/\/kortho.com\/wp-content\/uploads\/2015\/09\/coderen-van-vaten-met-sjablonen-SSC1.jpg\" alt=\"coderen-van-vaten-met-sjablonen-(SSC)\" width=\"375\" height=\"138\" srcset=\"https:\/\/kortho.com\/de\/wp-content\/uploads\/sites\/5\/2015\/09\/coderen-van-vaten-met-sjablonen-SSC1.jpg 375w, https:\/\/kortho.com\/de\/wp-content\/uploads\/sites\/5\/2015\/09\/coderen-van-vaten-met-sjablonen-SSC1-300x110.jpg 300w\" sizes=\"(max-width: 375px) 100vw, 375px\" \/> <img loading=\"lazy\" decoding=\"async\" class=\"alignleft size-full wp-image-3401\" src=\"http:\/\/kortho.com\/wp-content\/uploads\/2015\/09\/Coderen-in-de-chemie-met-quickcoders-in-Atex-zone.jpg\" alt=\"Coderen-in-de-chemie-met-quickcoders-in-Atex-zone\" width=\"375\" height=\"138\" srcset=\"https:\/\/kortho.com\/de\/wp-content\/uploads\/sites\/5\/2015\/09\/Coderen-in-de-chemie-met-quickcoders-in-Atex-zone.jpg 375w, https:\/\/kortho.com\/de\/wp-content\/uploads\/sites\/5\/2015\/09\/Coderen-in-de-chemie-met-quickcoders-in-Atex-zone-300x110.jpg 300w\" sizes=\"(max-width: 375px) 100vw, 375px\" \/> <img loading=\"lazy\" decoding=\"async\" class=\"alignleft size-full wp-image-3618\" src=\"http:\/\/kortho.com\/wp-content\/uploads\/2015\/09\/Handmatig-labelen-van-containers-met-GHS-label-in-twee-kleuren-in-de-chemie-met-Kortho-CAB-labelprinters.jpg\" alt=\"Handmatig-labelen-van-containers-met-GHS-label-in-twee-kleuren-in-de-chemie-met-Kortho-CAB-labelprinters\" width=\"375\" height=\"138\" srcset=\"https:\/\/kortho.com\/de\/wp-content\/uploads\/sites\/5\/2015\/09\/Handmatig-labelen-van-containers-met-GHS-label-in-twee-kleuren-in-de-chemie-met-Kortho-CAB-labelprinters.jpg 375w, https:\/\/kortho.com\/de\/wp-content\/uploads\/sites\/5\/2015\/09\/Handmatig-labelen-van-containers-met-GHS-label-in-twee-kleuren-in-de-chemie-met-Kortho-CAB-labelprinters-300x110.jpg 300w\" sizes=\"(max-width: 375px) 100vw, 375px\" \/><\/h2>\n<h2><\/h2>\n<h2><\/h2>\n<h2><\/h2>\n<h2><\/h2>\n<h2><\/h2>\n<h1>Codierung chemischer Produkte<\/h1>\n<p>Die Codierung chemischer Produkte wird durch strenge nationale gesetzliche Bestimmungen geregelt, die auf jeden Fall Beachtung finden m\u00fcssen! Nichtbeachtung oder fehlerhaft codierte Produkte kosten Zeit, Geld und Reputation. Daher ist es wichtig, ein flexibles Managementtool f\u00fcr Ihren Etikettierungsprozess zu verwenden, bei dem zus\u00e4tzliche Kennzeichnungselemente schnell und einfach hinzugef\u00fcgt werden k\u00f6nnen und zus\u00e4tzlich alle potentiellen Fehlerquellen beseitigt werden.\u00a0 So stellen Sie sicher, dass die unterschiedlichen Anforderungen und Kennzeichnungen jedes Kunden aus jedem Land\u00a0 ber\u00fccksichtigt werden. Zus\u00e4tzliche Sicherungen, wie z.B.: der Einsatz eines Kontrollger\u00e4tes am Ende der Produktionslinie, kann eine sinnvolle Erg\u00e4nzung Ihres Systems sein.<\/p>\n<h2>Industrieorientierte L\u00f6sungen f\u00fcr die Kennzeichnung chemischer Produkte<\/h2>\n<p>Unterst\u00fctzend zur <span style=\"text-decoration: underline;color: #0000ff\"><a style=\"color: #0000ff;text-decoration: underline\" href=\"http:\/\/kortho.com\/de\/losungen\/automatisierung\/nie-mehr-kennzeichnungsfehler\" target=\"_blank\">Verhinderung von Codierungsfehlern<\/a><\/span> mithilfe eines automatischen Codierungsprozesses, k\u00f6nnen zus\u00e4tzliche\u00a0<span style=\"text-decoration: underline;color: #0000ff\"><a style=\"color: #0000ff;text-decoration: underline\" href=\"http:\/\/kortho.com\/de\/losungen\/automatisierung\/uberprufen-sie-ihre-codes\/\" target=\"_blank\"> visuelle Kontrollen<\/a><\/span> am Ende einer Linie durch die Integration von Kameraerfassungsger\u00e4ten durchgef\u00fchrt werden. Eine flexible Etikettiermaschine verwendet Etikettiervorlagen mit variablen Eingabefeldern. Die Vorlage kann die Informationen der Datenbank oder des ERP Systems in Echtzeit und\/oder serialisierte 2D Barcodes drucken. So sind Etikett\u00e4nderungen durch die <span style=\"text-decoration: underline;color: #0000ff\"><a style=\"color: #0000ff;text-decoration: underline\" href=\"http:\/\/kortho.com\/de\/losungen\/automatisierung\/einzige-dynamische-vorlage\/\" target=\"_blank\">Verarbeitung eines einzigen Befehls f\u00fcr alle Produkte<\/a> <\/span>m\u00f6glich, anstelle der Verwendung von separaten statischen Etikettendateien.<\/p>\n","protected":false},"excerpt":{"rendered":"<p>Codierung chemischer Produkte Die Codierung chemischer Produkte wird durch strenge nationale gesetzliche Bestimmungen geregelt, die auf jeden Fall Beachtung finden&hellip;<\/p>\n","protected":false},"author":1,"featured_media":2728,"parent":167,"menu_order":4,"comment_status":"closed","ping_status":"closed","template":"page_taxonomy_child.php","meta":{"_monsterinsights_skip_tracking":false,"_monsterinsights_sitenote_active":false,"_monsterinsights_sitenote_note":"","_monsterinsights_sitenote_category":0,"footnotes":""},"class_list":["post-215","page","type-page","status-publish","format-standard","has-post-thumbnail","hentry"],"yoast_head":"<!-- This site is optimized with the Yoast SEO plugin v23.6 - https:\/\/yoast.com\/wordpress\/plugins\/seo\/ -->\n<title>Chemisch - Kortho - Deutschland<\/title>\n<meta name=\"robots\" content=\"index, follow, max-snippet:-1, max-image-preview:large, max-video-preview:-1\" \/>\n<link rel=\"canonical\" href=\"https:\/\/kortho.com\/de\/losungen\/geschaftsbereich\/chemisch\/\" \/>\n<meta property=\"og:locale\" content=\"en_US\" \/>\n<meta property=\"og:type\" content=\"article\" \/>\n<meta property=\"og:title\" content=\"Chemisch - Kortho - Deutschland\" \/>\n<meta property=\"og:description\" content=\"Codierung chemischer Produkte Die Codierung chemischer Produkte wird durch strenge nationale gesetzliche Bestimmungen geregelt, die auf jeden Fall Beachtung finden&hellip;\" \/>\n<meta property=\"og:url\" content=\"https:\/\/kortho.com\/de\/losungen\/geschaftsbereich\/chemisch\/\" \/>\n<meta property=\"og:site_name\" content=\"Kortho - Deutschland\" \/>\n<meta property=\"article:modified_time\" content=\"2016-06-14T08:48:53+00:00\" \/>\n<meta property=\"og:image\" content=\"https:\/\/kortho.com\/de\/wp-content\/uploads\/sites\/5\/2015\/08\/Branche-CHEMIE-vat.jpg\" \/>\n\t<meta property=\"og:image:width\" content=\"280\" \/>\n\t<meta property=\"og:image:height\" content=\"280\" \/>\n\t<meta property=\"og:image:type\" content=\"image\/jpeg\" \/>\n<meta name=\"twitter:card\" content=\"summary_large_image\" \/>\n<meta name=\"twitter:label1\" content=\"Est. reading time\" \/>\n\t<meta name=\"twitter:data1\" content=\"1 minute\" \/>\n<script type=\"application\/ld+json\" class=\"yoast-schema-graph\">{\"@context\":\"https:\/\/schema.org\",\"@graph\":[{\"@type\":\"WebPage\",\"@id\":\"https:\/\/kortho.com\/de\/losungen\/geschaftsbereich\/chemisch\/\",\"url\":\"https:\/\/kortho.com\/de\/losungen\/geschaftsbereich\/chemisch\/\",\"name\":\"Chemisch - Kortho - Deutschland\",\"isPartOf\":{\"@id\":\"https:\/\/kortho.com\/de\/#website\"},\"primaryImageOfPage\":{\"@id\":\"https:\/\/kortho.com\/de\/losungen\/geschaftsbereich\/chemisch\/#primaryimage\"},\"image\":{\"@id\":\"https:\/\/kortho.com\/de\/losungen\/geschaftsbereich\/chemisch\/#primaryimage\"},\"thumbnailUrl\":\"https:\/\/kortho.com\/de\/wp-content\/uploads\/sites\/5\/2015\/08\/Branche-CHEMIE-vat.jpg\",\"datePublished\":\"2014-11-30T15:25:35+00:00\",\"dateModified\":\"2016-06-14T08:48:53+00:00\",\"breadcrumb\":{\"@id\":\"https:\/\/kortho.com\/de\/losungen\/geschaftsbereich\/chemisch\/#breadcrumb\"},\"inLanguage\":\"en-US\",\"potentialAction\":[{\"@type\":\"ReadAction\",\"target\":[\"https:\/\/kortho.com\/de\/losungen\/geschaftsbereich\/chemisch\/\"]}]},{\"@type\":\"ImageObject\",\"inLanguage\":\"en-US\",\"@id\":\"https:\/\/kortho.com\/de\/losungen\/geschaftsbereich\/chemisch\/#primaryimage\",\"url\":\"https:\/\/kortho.com\/de\/wp-content\/uploads\/sites\/5\/2015\/08\/Branche-CHEMIE-vat.jpg\",\"contentUrl\":\"https:\/\/kortho.com\/de\/wp-content\/uploads\/sites\/5\/2015\/08\/Branche-CHEMIE-vat.jpg\",\"width\":280,\"height\":280},{\"@type\":\"BreadcrumbList\",\"@id\":\"https:\/\/kortho.com\/de\/losungen\/geschaftsbereich\/chemisch\/#breadcrumb\",\"itemListElement\":[{\"@type\":\"ListItem\",\"position\":1,\"name\":\"Home\",\"item\":\"https:\/\/kortho.com\/de\/\"},{\"@type\":\"ListItem\",\"position\":2,\"name\":\"L\u00f6sungen\",\"item\":\"https:\/\/kortho.com\/de\/losungen\/\"},{\"@type\":\"ListItem\",\"position\":3,\"name\":\"Gesch\u00e4ftsbereich\",\"item\":\"https:\/\/kortho.com\/de\/losungen\/geschaftsbereich\/\"},{\"@type\":\"ListItem\",\"position\":4,\"name\":\"Chemisch\"}]},{\"@type\":\"WebSite\",\"@id\":\"https:\/\/kortho.com\/de\/#website\",\"url\":\"https:\/\/kortho.com\/de\/\",\"name\":\"Kortho - Deutschland\",\"description\":\"Coding Competence\",\"potentialAction\":[{\"@type\":\"SearchAction\",\"target\":{\"@type\":\"EntryPoint\",\"urlTemplate\":\"https:\/\/kortho.com\/de\/?s={search_term_string}\"},\"query-input\":{\"@type\":\"PropertyValueSpecification\",\"valueRequired\":true,\"valueName\":\"search_term_string\"}}],\"inLanguage\":\"en-US\"}]}<\/script>\n<!-- \/ Yoast SEO plugin. -->","yoast_head_json":{"title":"Chemisch - Kortho - Deutschland","robots":{"index":"index","follow":"follow","max-snippet":"max-snippet:-1","max-image-preview":"max-image-preview:large","max-video-preview":"max-video-preview:-1"},"canonical":"https:\/\/kortho.com\/de\/losungen\/geschaftsbereich\/chemisch\/","og_locale":"en_US","og_type":"article","og_title":"Chemisch - Kortho - Deutschland","og_description":"Codierung chemischer Produkte Die Codierung chemischer Produkte wird durch strenge nationale gesetzliche Bestimmungen geregelt, die auf jeden Fall Beachtung finden&hellip;","og_url":"https:\/\/kortho.com\/de\/losungen\/geschaftsbereich\/chemisch\/","og_site_name":"Kortho - Deutschland","article_modified_time":"2016-06-14T08:48:53+00:00","og_image":[{"width":280,"height":280,"url":"https:\/\/kortho.com\/de\/wp-content\/uploads\/sites\/5\/2015\/08\/Branche-CHEMIE-vat.jpg","type":"image\/jpeg"}],"twitter_card":"summary_large_image","twitter_misc":{"Est. reading time":"1 minute"},"schema":{"@context":"https:\/\/schema.org","@graph":[{"@type":"WebPage","@id":"https:\/\/kortho.com\/de\/losungen\/geschaftsbereich\/chemisch\/","url":"https:\/\/kortho.com\/de\/losungen\/geschaftsbereich\/chemisch\/","name":"Chemisch - Kortho - Deutschland","isPartOf":{"@id":"https:\/\/kortho.com\/de\/#website"},"primaryImageOfPage":{"@id":"https:\/\/kortho.com\/de\/losungen\/geschaftsbereich\/chemisch\/#primaryimage"},"image":{"@id":"https:\/\/kortho.com\/de\/losungen\/geschaftsbereich\/chemisch\/#primaryimage"},"thumbnailUrl":"https:\/\/kortho.com\/de\/wp-content\/uploads\/sites\/5\/2015\/08\/Branche-CHEMIE-vat.jpg","datePublished":"2014-11-30T15:25:35+00:00","dateModified":"2016-06-14T08:48:53+00:00","breadcrumb":{"@id":"https:\/\/kortho.com\/de\/losungen\/geschaftsbereich\/chemisch\/#breadcrumb"},"inLanguage":"en-US","potentialAction":[{"@type":"ReadAction","target":["https:\/\/kortho.com\/de\/losungen\/geschaftsbereich\/chemisch\/"]}]},{"@type":"ImageObject","inLanguage":"en-US","@id":"https:\/\/kortho.com\/de\/losungen\/geschaftsbereich\/chemisch\/#primaryimage","url":"https:\/\/kortho.com\/de\/wp-content\/uploads\/sites\/5\/2015\/08\/Branche-CHEMIE-vat.jpg","contentUrl":"https:\/\/kortho.com\/de\/wp-content\/uploads\/sites\/5\/2015\/08\/Branche-CHEMIE-vat.jpg","width":280,"height":280},{"@type":"BreadcrumbList","@id":"https:\/\/kortho.com\/de\/losungen\/geschaftsbereich\/chemisch\/#breadcrumb","itemListElement":[{"@type":"ListItem","position":1,"name":"Home","item":"https:\/\/kortho.com\/de\/"},{"@type":"ListItem","position":2,"name":"L\u00f6sungen","item":"https:\/\/kortho.com\/de\/losungen\/"},{"@type":"ListItem","position":3,"name":"Gesch\u00e4ftsbereich","item":"https:\/\/kortho.com\/de\/losungen\/geschaftsbereich\/"},{"@type":"ListItem","position":4,"name":"Chemisch"}]},{"@type":"WebSite","@id":"https:\/\/kortho.com\/de\/#website","url":"https:\/\/kortho.com\/de\/","name":"Kortho - Deutschland","description":"Coding Competence","potentialAction":[{"@type":"SearchAction","target":{"@type":"EntryPoint","urlTemplate":"https:\/\/kortho.com\/de\/?s={search_term_string}"},"query-input":{"@type":"PropertyValueSpecification","valueRequired":true,"valueName":"search_term_string"}}],"inLanguage":"en-US"}]}},"aioseo_notices":[],"_links":{"self":[{"href":"https:\/\/kortho.com\/de\/wp-json\/wp\/v2\/pages\/215"}],"collection":[{"href":"https:\/\/kortho.com\/de\/wp-json\/wp\/v2\/pages"}],"about":[{"href":"https:\/\/kortho.com\/de\/wp-json\/wp\/v2\/types\/page"}],"author":[{"embeddable":true,"href":"https:\/\/kortho.com\/de\/wp-json\/wp\/v2\/users\/1"}],"replies":[{"embeddable":true,"href":"https:\/\/kortho.com\/de\/wp-json\/wp\/v2\/comments?post=215"}],"version-history":[{"count":43,"href":"https:\/\/kortho.com\/de\/wp-json\/wp\/v2\/pages\/215\/revisions"}],"predecessor-version":[{"id":4587,"href":"https:\/\/kortho.com\/de\/wp-json\/wp\/v2\/pages\/215\/revisions\/4587"}],"up":[{"embeddable":true,"href":"https:\/\/kortho.com\/de\/wp-json\/wp\/v2\/pages\/167"}],"wp:featuredmedia":[{"embeddable":true,"href":"https:\/\/kortho.com\/de\/wp-json\/wp\/v2\/media\/2728"}],"wp:attachment":[{"href":"https:\/\/kortho.com\/de\/wp-json\/wp\/v2\/media?parent=215"}],"curies":[{"name":"wp","href":"https:\/\/api.w.org\/{rel}","templated":true}]}}