{"id":222,"date":"2014-11-30T15:27:43","date_gmt":"2014-11-30T15:27:43","guid":{"rendered":"http:\/\/jaspervandermeij.nl\/kortho\/nl\/?page_id=222"},"modified":"2016-06-14T09:22:14","modified_gmt":"2016-06-14T09:22:14","slug":"elektronik","status":"publish","type":"page","link":"https:\/\/kortho.com\/de\/losungen\/geschaftsbereich\/elektronik\/","title":{"rendered":"Elektronik"},"content":{"rendered":"<p><img loading=\"lazy\" decoding=\"async\" class=\"alignleft size-full wp-image-3415\" src=\"http:\/\/kortho.com\/wp-content\/uploads\/2015\/09\/Coderen-van-auto-onderdelen-met-kleinkarakterinkjet-printers.jpg\" alt=\"Coderen-van--auto-onderdelen--met-kleinkarakterinkjet-printers\" width=\"375\" height=\"138\" srcset=\"https:\/\/kortho.com\/de\/wp-content\/uploads\/sites\/5\/2015\/09\/Coderen-van-auto-onderdelen-met-kleinkarakterinkjet-printers.jpg 375w, https:\/\/kortho.com\/de\/wp-content\/uploads\/sites\/5\/2015\/09\/Coderen-van-auto-onderdelen-met-kleinkarakterinkjet-printers-300x110.jpg 300w\" sizes=\"(max-width: 375px) 100vw, 375px\" \/> <img loading=\"lazy\" decoding=\"async\" class=\"alignleft size-full wp-image-3422\" src=\"http:\/\/kortho.com\/wp-content\/uploads\/2015\/09\/Coderen-van-electronische-onderdelen-met-kleinkarakterinkjet-printers.jpg\" alt=\"Coderen-van--electronische-onderdelen--met-kleinkarakterinkjet-printers\" width=\"375\" height=\"138\" srcset=\"https:\/\/kortho.com\/de\/wp-content\/uploads\/sites\/5\/2015\/09\/Coderen-van-electronische-onderdelen-met-kleinkarakterinkjet-printers.jpg 375w, https:\/\/kortho.com\/de\/wp-content\/uploads\/sites\/5\/2015\/09\/Coderen-van-electronische-onderdelen-met-kleinkarakterinkjet-printers-300x110.jpg 300w\" sizes=\"(max-width: 375px) 100vw, 375px\" \/> <img loading=\"lazy\" decoding=\"async\" class=\"alignleft size-full wp-image-3044\" src=\"http:\/\/kortho.com\/wp-content\/uploads\/2015\/09\/printen-op-hard-kunststof-met-Quickcoder-waxprinter.jpg\" alt=\"printen-op-hard-kunststof-met-Quickcoder-waxprinter\" width=\"375\" height=\"138\" srcset=\"https:\/\/kortho.com\/de\/wp-content\/uploads\/sites\/5\/2015\/09\/printen-op-hard-kunststof-met-Quickcoder-waxprinter.jpg 375w, https:\/\/kortho.com\/de\/wp-content\/uploads\/sites\/5\/2015\/09\/printen-op-hard-kunststof-met-Quickcoder-waxprinter-300x110.jpg 300w\" sizes=\"(max-width: 375px) 100vw, 375px\" \/><\/p>\n<p>&nbsp;<\/p>\n<p>&nbsp;<\/p>\n<p>&nbsp;<\/p>\n<p>&nbsp;<\/p>\n<h1>Kennzeichnung in der Elektronik<\/h1>\n<p>Elektrische Komponenten m\u00fcssen aus den verschiedensten Gr\u00fcnden codiert werden. Neben der R\u00fcckverfolgbarkeit und Identifizierung wird im Rahmen der Qualit\u00e4tskontrolle auch die Funktionalit\u00e4t gepr\u00fcft. So k\u00f6nnen defekte Produkte markiert und anschlie\u00dfend aus der Produktionslinie entfernt werden.<br \/>\nWichtig bei jeder Art der Markierung\/ Codierung ist, dass die verwendeten Farben keine Auswirkungen auf die Funktionalit\u00e4t des Produktes haben, obwohl Sie auf sichtbar auf kleine und \/oder dunkele Untergr\u00fcnde aufgebracht werden m\u00fcssen.<\/p>\n<p>&nbsp;<\/p>\n<h2>Branchengerechte L\u00f6sungen f\u00fcr das Kennzeichnen von elektronischen Komponenten<\/h2>\n<p>Von Bedeutung ist nicht nur <span style=\"text-decoration: underline\"><span style=\"color: #0000ff\">Zuverl\u00e4ssigkeit<\/span><\/span> eines Kennzeichnungsssystems sondern zus\u00e4tzlich die nahtlose Integration in Ihr Systeme\/ Ihre Abl\u00e4ufe. Das System sollte also nicht nur in der Lage sein, von einem beliebigen <span style=\"text-decoration: underline\"><span style=\"color: #0000ff\"><a style=\"color: #0000ff;text-decoration: underline\" href=\"http:\/\/kortho.com\/de\/losungen\/automatisierung\/individuelle-konfiguration-nicht-mehr-notwendig\" target=\"_blank\">ERP-System<\/a><\/span><\/span> zu drucken, sondern auch Drucksignale von externen Ger\u00e4ten (bspw. Kontrollger\u00e4te) zu empfangen und auszuwerten. Ziel ist eine deutlich lesbare und dauerhafte Markierung Ihres Produkts. Unsere <span style=\"text-decoration: underline\"><span style=\"color: #0000ff\">speziell entwickelten Ger\u00e4te<\/span><\/span> erm\u00f6glichen eine sehr kleine Codierung bei hoher Aufl\u00f6sung und angepasste Tinten, die immer ein lesbare Codierung gew\u00e4hrleisten.<\/p>\n<p>&nbsp;<\/p>\n","protected":false},"excerpt":{"rendered":"<p>&nbsp; &nbsp; &nbsp; &nbsp; Kennzeichnung in der Elektronik Elektrische Komponenten m\u00fcssen aus den verschiedensten Gr\u00fcnden codiert werden. Neben der R\u00fcckverfolgbarkeit&hellip;<\/p>\n","protected":false},"author":1,"featured_media":2727,"parent":167,"menu_order":7,"comment_status":"closed","ping_status":"closed","template":"page_taxonomy_child.php","meta":{"_monsterinsights_skip_tracking":false,"_monsterinsights_sitenote_active":false,"_monsterinsights_sitenote_note":"","_monsterinsights_sitenote_category":0,"footnotes":""},"class_list":["post-222","page","type-page","status-publish","format-standard","has-post-thumbnail","hentry"],"yoast_head":"<!-- This site is optimized with the Yoast SEO plugin v23.6 - https:\/\/yoast.com\/wordpress\/plugins\/seo\/ -->\n<title>Elektronik - Kortho - Deutschland<\/title>\n<meta name=\"robots\" content=\"index, follow, max-snippet:-1, max-image-preview:large, max-video-preview:-1\" \/>\n<link rel=\"canonical\" href=\"https:\/\/kortho.com\/de\/losungen\/geschaftsbereich\/elektronik\/\" \/>\n<meta property=\"og:locale\" content=\"en_US\" \/>\n<meta property=\"og:type\" content=\"article\" \/>\n<meta property=\"og:title\" content=\"Elektronik - Kortho - Deutschland\" \/>\n<meta property=\"og:description\" content=\"&nbsp; &nbsp; &nbsp; &nbsp; Kennzeichnung in der Elektronik Elektrische Komponenten m\u00fcssen aus den verschiedensten Gr\u00fcnden codiert werden. Neben der R\u00fcckverfolgbarkeit&hellip;\" \/>\n<meta property=\"og:url\" content=\"https:\/\/kortho.com\/de\/losungen\/geschaftsbereich\/elektronik\/\" \/>\n<meta property=\"og:site_name\" content=\"Kortho - Deutschland\" \/>\n<meta property=\"article:modified_time\" content=\"2016-06-14T09:22:14+00:00\" \/>\n<meta property=\"og:image\" content=\"https:\/\/kortho.com\/de\/wp-content\/uploads\/sites\/5\/2015\/08\/Branche-Electronica1.jpg\" \/>\n\t<meta property=\"og:image:width\" content=\"280\" \/>\n\t<meta property=\"og:image:height\" content=\"280\" \/>\n\t<meta property=\"og:image:type\" content=\"image\/jpeg\" \/>\n<meta name=\"twitter:card\" content=\"summary_large_image\" \/>\n<meta name=\"twitter:label1\" content=\"Est. reading time\" \/>\n\t<meta name=\"twitter:data1\" content=\"1 minute\" \/>\n<script type=\"application\/ld+json\" class=\"yoast-schema-graph\">{\"@context\":\"https:\/\/schema.org\",\"@graph\":[{\"@type\":\"WebPage\",\"@id\":\"https:\/\/kortho.com\/de\/losungen\/geschaftsbereich\/elektronik\/\",\"url\":\"https:\/\/kortho.com\/de\/losungen\/geschaftsbereich\/elektronik\/\",\"name\":\"Elektronik - Kortho - Deutschland\",\"isPartOf\":{\"@id\":\"https:\/\/kortho.com\/de\/#website\"},\"primaryImageOfPage\":{\"@id\":\"https:\/\/kortho.com\/de\/losungen\/geschaftsbereich\/elektronik\/#primaryimage\"},\"image\":{\"@id\":\"https:\/\/kortho.com\/de\/losungen\/geschaftsbereich\/elektronik\/#primaryimage\"},\"thumbnailUrl\":\"https:\/\/kortho.com\/de\/wp-content\/uploads\/sites\/5\/2015\/08\/Branche-Electronica1.jpg\",\"datePublished\":\"2014-11-30T15:27:43+00:00\",\"dateModified\":\"2016-06-14T09:22:14+00:00\",\"breadcrumb\":{\"@id\":\"https:\/\/kortho.com\/de\/losungen\/geschaftsbereich\/elektronik\/#breadcrumb\"},\"inLanguage\":\"en-US\",\"potentialAction\":[{\"@type\":\"ReadAction\",\"target\":[\"https:\/\/kortho.com\/de\/losungen\/geschaftsbereich\/elektronik\/\"]}]},{\"@type\":\"ImageObject\",\"inLanguage\":\"en-US\",\"@id\":\"https:\/\/kortho.com\/de\/losungen\/geschaftsbereich\/elektronik\/#primaryimage\",\"url\":\"https:\/\/kortho.com\/de\/wp-content\/uploads\/sites\/5\/2015\/08\/Branche-Electronica1.jpg\",\"contentUrl\":\"https:\/\/kortho.com\/de\/wp-content\/uploads\/sites\/5\/2015\/08\/Branche-Electronica1.jpg\",\"width\":280,\"height\":280},{\"@type\":\"BreadcrumbList\",\"@id\":\"https:\/\/kortho.com\/de\/losungen\/geschaftsbereich\/elektronik\/#breadcrumb\",\"itemListElement\":[{\"@type\":\"ListItem\",\"position\":1,\"name\":\"Home\",\"item\":\"https:\/\/kortho.com\/de\/\"},{\"@type\":\"ListItem\",\"position\":2,\"name\":\"L\u00f6sungen\",\"item\":\"https:\/\/kortho.com\/de\/losungen\/\"},{\"@type\":\"ListItem\",\"position\":3,\"name\":\"Gesch\u00e4ftsbereich\",\"item\":\"https:\/\/kortho.com\/de\/losungen\/geschaftsbereich\/\"},{\"@type\":\"ListItem\",\"position\":4,\"name\":\"Elektronik\"}]},{\"@type\":\"WebSite\",\"@id\":\"https:\/\/kortho.com\/de\/#website\",\"url\":\"https:\/\/kortho.com\/de\/\",\"name\":\"Kortho - Deutschland\",\"description\":\"Coding Competence\",\"potentialAction\":[{\"@type\":\"SearchAction\",\"target\":{\"@type\":\"EntryPoint\",\"urlTemplate\":\"https:\/\/kortho.com\/de\/?s={search_term_string}\"},\"query-input\":{\"@type\":\"PropertyValueSpecification\",\"valueRequired\":true,\"valueName\":\"search_term_string\"}}],\"inLanguage\":\"en-US\"}]}<\/script>\n<!-- \/ Yoast SEO plugin. -->","yoast_head_json":{"title":"Elektronik - Kortho - Deutschland","robots":{"index":"index","follow":"follow","max-snippet":"max-snippet:-1","max-image-preview":"max-image-preview:large","max-video-preview":"max-video-preview:-1"},"canonical":"https:\/\/kortho.com\/de\/losungen\/geschaftsbereich\/elektronik\/","og_locale":"en_US","og_type":"article","og_title":"Elektronik - Kortho - Deutschland","og_description":"&nbsp; &nbsp; &nbsp; &nbsp; Kennzeichnung in der Elektronik Elektrische Komponenten m\u00fcssen aus den verschiedensten Gr\u00fcnden codiert werden. Neben der R\u00fcckverfolgbarkeit&hellip;","og_url":"https:\/\/kortho.com\/de\/losungen\/geschaftsbereich\/elektronik\/","og_site_name":"Kortho - Deutschland","article_modified_time":"2016-06-14T09:22:14+00:00","og_image":[{"width":280,"height":280,"url":"https:\/\/kortho.com\/de\/wp-content\/uploads\/sites\/5\/2015\/08\/Branche-Electronica1.jpg","type":"image\/jpeg"}],"twitter_card":"summary_large_image","twitter_misc":{"Est. reading time":"1 minute"},"schema":{"@context":"https:\/\/schema.org","@graph":[{"@type":"WebPage","@id":"https:\/\/kortho.com\/de\/losungen\/geschaftsbereich\/elektronik\/","url":"https:\/\/kortho.com\/de\/losungen\/geschaftsbereich\/elektronik\/","name":"Elektronik - Kortho - Deutschland","isPartOf":{"@id":"https:\/\/kortho.com\/de\/#website"},"primaryImageOfPage":{"@id":"https:\/\/kortho.com\/de\/losungen\/geschaftsbereich\/elektronik\/#primaryimage"},"image":{"@id":"https:\/\/kortho.com\/de\/losungen\/geschaftsbereich\/elektronik\/#primaryimage"},"thumbnailUrl":"https:\/\/kortho.com\/de\/wp-content\/uploads\/sites\/5\/2015\/08\/Branche-Electronica1.jpg","datePublished":"2014-11-30T15:27:43+00:00","dateModified":"2016-06-14T09:22:14+00:00","breadcrumb":{"@id":"https:\/\/kortho.com\/de\/losungen\/geschaftsbereich\/elektronik\/#breadcrumb"},"inLanguage":"en-US","potentialAction":[{"@type":"ReadAction","target":["https:\/\/kortho.com\/de\/losungen\/geschaftsbereich\/elektronik\/"]}]},{"@type":"ImageObject","inLanguage":"en-US","@id":"https:\/\/kortho.com\/de\/losungen\/geschaftsbereich\/elektronik\/#primaryimage","url":"https:\/\/kortho.com\/de\/wp-content\/uploads\/sites\/5\/2015\/08\/Branche-Electronica1.jpg","contentUrl":"https:\/\/kortho.com\/de\/wp-content\/uploads\/sites\/5\/2015\/08\/Branche-Electronica1.jpg","width":280,"height":280},{"@type":"BreadcrumbList","@id":"https:\/\/kortho.com\/de\/losungen\/geschaftsbereich\/elektronik\/#breadcrumb","itemListElement":[{"@type":"ListItem","position":1,"name":"Home","item":"https:\/\/kortho.com\/de\/"},{"@type":"ListItem","position":2,"name":"L\u00f6sungen","item":"https:\/\/kortho.com\/de\/losungen\/"},{"@type":"ListItem","position":3,"name":"Gesch\u00e4ftsbereich","item":"https:\/\/kortho.com\/de\/losungen\/geschaftsbereich\/"},{"@type":"ListItem","position":4,"name":"Elektronik"}]},{"@type":"WebSite","@id":"https:\/\/kortho.com\/de\/#website","url":"https:\/\/kortho.com\/de\/","name":"Kortho - Deutschland","description":"Coding Competence","potentialAction":[{"@type":"SearchAction","target":{"@type":"EntryPoint","urlTemplate":"https:\/\/kortho.com\/de\/?s={search_term_string}"},"query-input":{"@type":"PropertyValueSpecification","valueRequired":true,"valueName":"search_term_string"}}],"inLanguage":"en-US"}]}},"aioseo_notices":[],"_links":{"self":[{"href":"https:\/\/kortho.com\/de\/wp-json\/wp\/v2\/pages\/222"}],"collection":[{"href":"https:\/\/kortho.com\/de\/wp-json\/wp\/v2\/pages"}],"about":[{"href":"https:\/\/kortho.com\/de\/wp-json\/wp\/v2\/types\/page"}],"author":[{"embeddable":true,"href":"https:\/\/kortho.com\/de\/wp-json\/wp\/v2\/users\/1"}],"replies":[{"embeddable":true,"href":"https:\/\/kortho.com\/de\/wp-json\/wp\/v2\/comments?post=222"}],"version-history":[{"count":44,"href":"https:\/\/kortho.com\/de\/wp-json\/wp\/v2\/pages\/222\/revisions"}],"predecessor-version":[{"id":4594,"href":"https:\/\/kortho.com\/de\/wp-json\/wp\/v2\/pages\/222\/revisions\/4594"}],"up":[{"embeddable":true,"href":"https:\/\/kortho.com\/de\/wp-json\/wp\/v2\/pages\/167"}],"wp:featuredmedia":[{"embeddable":true,"href":"https:\/\/kortho.com\/de\/wp-json\/wp\/v2\/media\/2727"}],"wp:attachment":[{"href":"https:\/\/kortho.com\/de\/wp-json\/wp\/v2\/media?parent=222"}],"curies":[{"name":"wp","href":"https:\/\/api.w.org\/{rel}","templated":true}]}}