{"id":224,"date":"2014-11-30T15:28:16","date_gmt":"2014-11-30T15:28:16","guid":{"rendered":"http:\/\/jaspervandermeij.nl\/kortho\/nl\/?page_id=224"},"modified":"2016-06-14T08:44:49","modified_gmt":"2016-06-14T08:44:49","slug":"gewerblich","status":"publish","type":"page","link":"https:\/\/kortho.com\/de\/losungen\/geschaftsbereich\/gewerblich\/","title":{"rendered":"Gewerblich"},"content":{"rendered":"<p><img loading=\"lazy\" decoding=\"async\" class=\"alignleft size-full wp-image-3290\" src=\"http:\/\/kortho.com\/wp-content\/uploads\/2015\/09\/Printen-op-datakabels-met-kleinkarakterinkjetprinters-coderen-van-kabelgoten.jpg\" alt=\"Printen-op-datakabels-met-kleinkarakterinkjetprinters-coderen-van-kabelgoten\" width=\"375\" height=\"138\" srcset=\"https:\/\/kortho.com\/de\/wp-content\/uploads\/sites\/5\/2015\/09\/Printen-op-datakabels-met-kleinkarakterinkjetprinters-coderen-van-kabelgoten.jpg 375w, https:\/\/kortho.com\/de\/wp-content\/uploads\/sites\/5\/2015\/09\/Printen-op-datakabels-met-kleinkarakterinkjetprinters-coderen-van-kabelgoten-300x110.jpg 300w\" sizes=\"(max-width: 375px) 100vw, 375px\" \/> <img loading=\"lazy\" decoding=\"async\" class=\"alignleft size-full wp-image-3289\" src=\"http:\/\/kortho.com\/wp-content\/uploads\/2015\/09\/Coderen-van-stip-met-Quickcoder-op-Ford-zuiger-Automotive.jpg\" alt=\"Coderen-van-stip-met-Quickcoder-op-Ford-zuiger-Automotive\" width=\"375\" height=\"138\" srcset=\"https:\/\/kortho.com\/de\/wp-content\/uploads\/sites\/5\/2015\/09\/Coderen-van-stip-met-Quickcoder-op-Ford-zuiger-Automotive.jpg 375w, https:\/\/kortho.com\/de\/wp-content\/uploads\/sites\/5\/2015\/09\/Coderen-van-stip-met-Quickcoder-op-Ford-zuiger-Automotive-300x110.jpg 300w\" sizes=\"(max-width: 375px) 100vw, 375px\" \/> <img loading=\"lazy\" decoding=\"async\" class=\"alignleft size-full wp-image-3292\" src=\"http:\/\/kortho.com\/wp-content\/uploads\/2015\/09\/Printen-van-gegevens-op-tube-met-kleinkarakter-inkjet.jpg\" alt=\"Printen-van-gegevens-op-tube-met-kleinkarakter-inkjet\" width=\"375\" height=\"138\" srcset=\"https:\/\/kortho.com\/de\/wp-content\/uploads\/sites\/5\/2015\/09\/Printen-van-gegevens-op-tube-met-kleinkarakter-inkjet.jpg 375w, https:\/\/kortho.com\/de\/wp-content\/uploads\/sites\/5\/2015\/09\/Printen-van-gegevens-op-tube-met-kleinkarakter-inkjet-300x110.jpg 300w\" sizes=\"(max-width: 375px) 100vw, 375px\" \/><\/p>\n<p>&nbsp;<\/p>\n<p>&nbsp;<\/p>\n<p>&nbsp;<\/p>\n<p>&nbsp;<\/p>\n<p>&nbsp;<\/p>\n<p>&nbsp;<\/p>\n<p>&nbsp;<\/p>\n<h1>Codierung industrieller Produkte<\/h1>\n<p>Neben der Identifizierung und R\u00fcckverfolgbarkeit, sind Markierungen nach internen Qualit\u00e4tskontrollen w\u00e4hrend der verschiedenen Herstellungsphasen eines Produktes von sehr gro\u00dfer Bedeutung.\u00a0 So sorgen Sie durch Markierung defekter Teile daf\u00fcr, dass Teile sowohl intern als auch extern visuell erkennbar sind und fehlerhafte Produkte aussortiert werden k\u00f6nnen.<\/p>\n<h2>Industrieorientierte L\u00f6sungen f\u00fcr die industrielle Codierung<\/h2>\n<p>Die Kennzeichnung zur Produkterkennung und R\u00fcckverfolgbarkeit ist ein sehr sensibeler Bereich, denn dieser Prozess greift direkt in Ihr Qualit\u00e4tsmanagement ein und muss deshalb <span style=\"text-decoration: underline;color: #0000ff\"><a style=\"color: #0000ff;text-decoration: underline\" href=\"http:\/\/kortho.com\/de\/losungen\/automatisierung\/kein-raum-fur-menschliche-fehler\" target=\"_blank\">einwandfrei <\/a><\/span>und zuverl\u00e4ssig funktionieren. Der erste Schritt in die fehlerfreie Produktion ist die <span style=\"text-decoration: underline;color: #0000ff\"><a style=\"color: #0000ff;text-decoration: underline\" href=\"http:\/\/kortho.com\/de\/losungen\/automatisierung\/automatische-konfiguration-in-einer-aktion\" target=\"_blank\">Automatisierung<\/a><\/span> und damit die <span style=\"text-decoration: underline;color: #0000ff\"><a style=\"color: #0000ff;text-decoration: underline\" href=\"http:\/\/kortho.com\/de\/losungen\/automatisierung\/kein-raum-fur-menschliche-fehler\" target=\"_blank\">Eliminierung<\/a><\/span> on Fehlerquellen, da alle Drucker und damit der komplette Druck\/ Markierung\u00a0 <span style=\"text-decoration: underline;color: #0000ff\"><a style=\"color: #0000ff;text-decoration: underline\" href=\"http:\/\/kortho.com\/de\/losungen\/automatisierung\/individuelle-konfiguration-nicht-mehr-notwendig\" target=\"_blank\">zentral<\/a><\/span> gesteuert wird. (durch PC oder ERP-System).<br \/>\nUm Produkte zu markieren stellen wir eine Reihe von verschiedenen L\u00f6sungen zur Verf\u00fcgung, wie z.B.: per <span style=\"text-decoration: underline;color: #0000ff\">Kontaktcodierung<\/span> , bei der, unter anderem, Tinten eingesetzt werden k\u00f6nnen, die nur unter UV-Licht erkennbar sind. So ist Ihre Qualit\u00e4tskontrolle in der Lage das Produkt zu erkennen, f\u00fcr Ihren Kunden hingegen bleibt das Erscheinungsbild unver\u00e4ndert.<\/p>\n","protected":false},"excerpt":{"rendered":"<p>&nbsp; &nbsp; &nbsp; &nbsp; &nbsp; &nbsp; &nbsp; Codierung industrieller Produkte Neben der Identifizierung und R\u00fcckverfolgbarkeit, sind Markierungen nach internen Qualit\u00e4tskontrollen&hellip;<\/p>\n","protected":false},"author":1,"featured_media":2726,"parent":167,"menu_order":3,"comment_status":"closed","ping_status":"closed","template":"page_taxonomy_child.php","meta":{"_monsterinsights_skip_tracking":false,"_monsterinsights_sitenote_active":false,"_monsterinsights_sitenote_note":"","_monsterinsights_sitenote_category":0,"footnotes":""},"class_list":["post-224","page","type-page","status-publish","format-standard","has-post-thumbnail","hentry"],"yoast_head":"<!-- This site is optimized with the Yoast SEO plugin v23.6 - https:\/\/yoast.com\/wordpress\/plugins\/seo\/ -->\n<title>Gewerblich - Kortho - Deutschland<\/title>\n<meta name=\"robots\" content=\"index, follow, max-snippet:-1, max-image-preview:large, max-video-preview:-1\" \/>\n<link rel=\"canonical\" href=\"https:\/\/kortho.com\/de\/losungen\/geschaftsbereich\/gewerblich\/\" \/>\n<meta property=\"og:locale\" content=\"en_US\" \/>\n<meta property=\"og:type\" content=\"article\" \/>\n<meta property=\"og:title\" content=\"Gewerblich - Kortho - Deutschland\" \/>\n<meta property=\"og:description\" content=\"&nbsp; &nbsp; &nbsp; &nbsp; &nbsp; &nbsp; &nbsp; Codierung industrieller Produkte Neben der Identifizierung und R\u00fcckverfolgbarkeit, sind Markierungen nach internen Qualit\u00e4tskontrollen&hellip;\" \/>\n<meta property=\"og:url\" content=\"https:\/\/kortho.com\/de\/losungen\/geschaftsbereich\/gewerblich\/\" \/>\n<meta property=\"og:site_name\" content=\"Kortho - Deutschland\" \/>\n<meta property=\"article:modified_time\" content=\"2016-06-14T08:44:49+00:00\" \/>\n<meta property=\"og:image\" content=\"https:\/\/kortho.com\/de\/wp-content\/uploads\/sites\/5\/2015\/08\/Branche-Industrie1.jpg\" \/>\n\t<meta property=\"og:image:width\" content=\"280\" \/>\n\t<meta property=\"og:image:height\" content=\"280\" \/>\n\t<meta property=\"og:image:type\" content=\"image\/jpeg\" \/>\n<meta name=\"twitter:card\" content=\"summary_large_image\" \/>\n<meta name=\"twitter:label1\" content=\"Est. reading time\" \/>\n\t<meta name=\"twitter:data1\" content=\"1 minute\" \/>\n<script type=\"application\/ld+json\" class=\"yoast-schema-graph\">{\"@context\":\"https:\/\/schema.org\",\"@graph\":[{\"@type\":\"WebPage\",\"@id\":\"https:\/\/kortho.com\/de\/losungen\/geschaftsbereich\/gewerblich\/\",\"url\":\"https:\/\/kortho.com\/de\/losungen\/geschaftsbereich\/gewerblich\/\",\"name\":\"Gewerblich - Kortho - Deutschland\",\"isPartOf\":{\"@id\":\"https:\/\/kortho.com\/de\/#website\"},\"primaryImageOfPage\":{\"@id\":\"https:\/\/kortho.com\/de\/losungen\/geschaftsbereich\/gewerblich\/#primaryimage\"},\"image\":{\"@id\":\"https:\/\/kortho.com\/de\/losungen\/geschaftsbereich\/gewerblich\/#primaryimage\"},\"thumbnailUrl\":\"https:\/\/kortho.com\/de\/wp-content\/uploads\/sites\/5\/2015\/08\/Branche-Industrie1.jpg\",\"datePublished\":\"2014-11-30T15:28:16+00:00\",\"dateModified\":\"2016-06-14T08:44:49+00:00\",\"breadcrumb\":{\"@id\":\"https:\/\/kortho.com\/de\/losungen\/geschaftsbereich\/gewerblich\/#breadcrumb\"},\"inLanguage\":\"en-US\",\"potentialAction\":[{\"@type\":\"ReadAction\",\"target\":[\"https:\/\/kortho.com\/de\/losungen\/geschaftsbereich\/gewerblich\/\"]}]},{\"@type\":\"ImageObject\",\"inLanguage\":\"en-US\",\"@id\":\"https:\/\/kortho.com\/de\/losungen\/geschaftsbereich\/gewerblich\/#primaryimage\",\"url\":\"https:\/\/kortho.com\/de\/wp-content\/uploads\/sites\/5\/2015\/08\/Branche-Industrie1.jpg\",\"contentUrl\":\"https:\/\/kortho.com\/de\/wp-content\/uploads\/sites\/5\/2015\/08\/Branche-Industrie1.jpg\",\"width\":280,\"height\":280},{\"@type\":\"BreadcrumbList\",\"@id\":\"https:\/\/kortho.com\/de\/losungen\/geschaftsbereich\/gewerblich\/#breadcrumb\",\"itemListElement\":[{\"@type\":\"ListItem\",\"position\":1,\"name\":\"Home\",\"item\":\"https:\/\/kortho.com\/de\/\"},{\"@type\":\"ListItem\",\"position\":2,\"name\":\"L\u00f6sungen\",\"item\":\"https:\/\/kortho.com\/de\/losungen\/\"},{\"@type\":\"ListItem\",\"position\":3,\"name\":\"Gesch\u00e4ftsbereich\",\"item\":\"https:\/\/kortho.com\/de\/losungen\/geschaftsbereich\/\"},{\"@type\":\"ListItem\",\"position\":4,\"name\":\"Gewerblich\"}]},{\"@type\":\"WebSite\",\"@id\":\"https:\/\/kortho.com\/de\/#website\",\"url\":\"https:\/\/kortho.com\/de\/\",\"name\":\"Kortho - Deutschland\",\"description\":\"Coding Competence\",\"potentialAction\":[{\"@type\":\"SearchAction\",\"target\":{\"@type\":\"EntryPoint\",\"urlTemplate\":\"https:\/\/kortho.com\/de\/?s={search_term_string}\"},\"query-input\":{\"@type\":\"PropertyValueSpecification\",\"valueRequired\":true,\"valueName\":\"search_term_string\"}}],\"inLanguage\":\"en-US\"}]}<\/script>\n<!-- \/ Yoast SEO plugin. -->","yoast_head_json":{"title":"Gewerblich - Kortho - Deutschland","robots":{"index":"index","follow":"follow","max-snippet":"max-snippet:-1","max-image-preview":"max-image-preview:large","max-video-preview":"max-video-preview:-1"},"canonical":"https:\/\/kortho.com\/de\/losungen\/geschaftsbereich\/gewerblich\/","og_locale":"en_US","og_type":"article","og_title":"Gewerblich - Kortho - Deutschland","og_description":"&nbsp; &nbsp; &nbsp; &nbsp; &nbsp; &nbsp; &nbsp; Codierung industrieller Produkte Neben der Identifizierung und R\u00fcckverfolgbarkeit, sind Markierungen nach internen Qualit\u00e4tskontrollen&hellip;","og_url":"https:\/\/kortho.com\/de\/losungen\/geschaftsbereich\/gewerblich\/","og_site_name":"Kortho - Deutschland","article_modified_time":"2016-06-14T08:44:49+00:00","og_image":[{"width":280,"height":280,"url":"https:\/\/kortho.com\/de\/wp-content\/uploads\/sites\/5\/2015\/08\/Branche-Industrie1.jpg","type":"image\/jpeg"}],"twitter_card":"summary_large_image","twitter_misc":{"Est. reading time":"1 minute"},"schema":{"@context":"https:\/\/schema.org","@graph":[{"@type":"WebPage","@id":"https:\/\/kortho.com\/de\/losungen\/geschaftsbereich\/gewerblich\/","url":"https:\/\/kortho.com\/de\/losungen\/geschaftsbereich\/gewerblich\/","name":"Gewerblich - Kortho - Deutschland","isPartOf":{"@id":"https:\/\/kortho.com\/de\/#website"},"primaryImageOfPage":{"@id":"https:\/\/kortho.com\/de\/losungen\/geschaftsbereich\/gewerblich\/#primaryimage"},"image":{"@id":"https:\/\/kortho.com\/de\/losungen\/geschaftsbereich\/gewerblich\/#primaryimage"},"thumbnailUrl":"https:\/\/kortho.com\/de\/wp-content\/uploads\/sites\/5\/2015\/08\/Branche-Industrie1.jpg","datePublished":"2014-11-30T15:28:16+00:00","dateModified":"2016-06-14T08:44:49+00:00","breadcrumb":{"@id":"https:\/\/kortho.com\/de\/losungen\/geschaftsbereich\/gewerblich\/#breadcrumb"},"inLanguage":"en-US","potentialAction":[{"@type":"ReadAction","target":["https:\/\/kortho.com\/de\/losungen\/geschaftsbereich\/gewerblich\/"]}]},{"@type":"ImageObject","inLanguage":"en-US","@id":"https:\/\/kortho.com\/de\/losungen\/geschaftsbereich\/gewerblich\/#primaryimage","url":"https:\/\/kortho.com\/de\/wp-content\/uploads\/sites\/5\/2015\/08\/Branche-Industrie1.jpg","contentUrl":"https:\/\/kortho.com\/de\/wp-content\/uploads\/sites\/5\/2015\/08\/Branche-Industrie1.jpg","width":280,"height":280},{"@type":"BreadcrumbList","@id":"https:\/\/kortho.com\/de\/losungen\/geschaftsbereich\/gewerblich\/#breadcrumb","itemListElement":[{"@type":"ListItem","position":1,"name":"Home","item":"https:\/\/kortho.com\/de\/"},{"@type":"ListItem","position":2,"name":"L\u00f6sungen","item":"https:\/\/kortho.com\/de\/losungen\/"},{"@type":"ListItem","position":3,"name":"Gesch\u00e4ftsbereich","item":"https:\/\/kortho.com\/de\/losungen\/geschaftsbereich\/"},{"@type":"ListItem","position":4,"name":"Gewerblich"}]},{"@type":"WebSite","@id":"https:\/\/kortho.com\/de\/#website","url":"https:\/\/kortho.com\/de\/","name":"Kortho - Deutschland","description":"Coding Competence","potentialAction":[{"@type":"SearchAction","target":{"@type":"EntryPoint","urlTemplate":"https:\/\/kortho.com\/de\/?s={search_term_string}"},"query-input":{"@type":"PropertyValueSpecification","valueRequired":true,"valueName":"search_term_string"}}],"inLanguage":"en-US"}]}},"aioseo_notices":[],"_links":{"self":[{"href":"https:\/\/kortho.com\/de\/wp-json\/wp\/v2\/pages\/224"}],"collection":[{"href":"https:\/\/kortho.com\/de\/wp-json\/wp\/v2\/pages"}],"about":[{"href":"https:\/\/kortho.com\/de\/wp-json\/wp\/v2\/types\/page"}],"author":[{"embeddable":true,"href":"https:\/\/kortho.com\/de\/wp-json\/wp\/v2\/users\/1"}],"replies":[{"embeddable":true,"href":"https:\/\/kortho.com\/de\/wp-json\/wp\/v2\/comments?post=224"}],"version-history":[{"count":24,"href":"https:\/\/kortho.com\/de\/wp-json\/wp\/v2\/pages\/224\/revisions"}],"predecessor-version":[{"id":4584,"href":"https:\/\/kortho.com\/de\/wp-json\/wp\/v2\/pages\/224\/revisions\/4584"}],"up":[{"embeddable":true,"href":"https:\/\/kortho.com\/de\/wp-json\/wp\/v2\/pages\/167"}],"wp:featuredmedia":[{"embeddable":true,"href":"https:\/\/kortho.com\/de\/wp-json\/wp\/v2\/media\/2726"}],"wp:attachment":[{"href":"https:\/\/kortho.com\/de\/wp-json\/wp\/v2\/media?parent=224"}],"curies":[{"name":"wp","href":"https:\/\/api.w.org\/{rel}","templated":true}]}}