{"id":228,"date":"2014-11-30T15:29:33","date_gmt":"2014-11-30T15:29:33","guid":{"rendered":"http:\/\/jaspervandermeij.nl\/kortho\/nl\/?page_id=228"},"modified":"2016-06-14T09:09:29","modified_gmt":"2016-06-14T09:09:29","slug":"pharmazeutisch","status":"publish","type":"page","link":"https:\/\/kortho.com\/de\/losungen\/geschaftsbereich\/pharmazeutisch\/","title":{"rendered":"Pharmazeutisch"},"content":{"rendered":"<h2><img loading=\"lazy\" decoding=\"async\" class=\"alignleft size-full wp-image-3270\" src=\"http:\/\/kortho.com\/wp-content\/uploads\/2015\/09\/Printen-van-gegevens-op-een-vlooienband-met-Hotprint.jpg\" alt=\"Printen-van-gegevens-op-een-vlooienband-met-Hotprint\" width=\"375\" height=\"138\" srcset=\"https:\/\/kortho.com\/de\/wp-content\/uploads\/sites\/5\/2015\/09\/Printen-van-gegevens-op-een-vlooienband-met-Hotprint.jpg 375w, https:\/\/kortho.com\/de\/wp-content\/uploads\/sites\/5\/2015\/09\/Printen-van-gegevens-op-een-vlooienband-met-Hotprint-300x110.jpg 300w\" sizes=\"(max-width: 375px) 100vw, 375px\" \/> <img loading=\"lazy\" decoding=\"async\" class=\"alignleft size-full wp-image-3268\" src=\"http:\/\/kortho.com\/wp-content\/uploads\/2015\/09\/Printen-van-gegevens-op-een-infuuszak-met-Hotprinters.jpg\" alt=\"Printen-van-gegevens-op-een-infuuszak-met-Hotprinters\" width=\"375\" height=\"138\" srcset=\"https:\/\/kortho.com\/de\/wp-content\/uploads\/sites\/5\/2015\/09\/Printen-van-gegevens-op-een-infuuszak-met-Hotprinters.jpg 375w, https:\/\/kortho.com\/de\/wp-content\/uploads\/sites\/5\/2015\/09\/Printen-van-gegevens-op-een-infuuszak-met-Hotprinters-300x110.jpg 300w\" sizes=\"(max-width: 375px) 100vw, 375px\" \/> <img loading=\"lazy\" decoding=\"async\" class=\"alignleft size-full wp-image-3269\" src=\"http:\/\/kortho.com\/wp-content\/uploads\/2015\/09\/Printen-op-pharma-verpakkingsdoosje-met-kleinkarakter-inkjetprinters.jpg\" alt=\"Printen-op-pharma-verpakkingsdoosje-met-kleinkarakter-inkjetprinters\" width=\"375\" height=\"138\" srcset=\"https:\/\/kortho.com\/de\/wp-content\/uploads\/sites\/5\/2015\/09\/Printen-op-pharma-verpakkingsdoosje-met-kleinkarakter-inkjetprinters.jpg 375w, https:\/\/kortho.com\/de\/wp-content\/uploads\/sites\/5\/2015\/09\/Printen-op-pharma-verpakkingsdoosje-met-kleinkarakter-inkjetprinters-300x110.jpg 300w\" sizes=\"(max-width: 375px) 100vw, 375px\" \/><\/h2>\n<h2><\/h2>\n<h2><\/h2>\n<h2><\/h2>\n<h2><\/h2>\n<h2><\/h2>\n<h1>Kennzeichnung pharmazeutischer Produkte<\/h1>\n<p>Die Herstellung pharmazeutischer Produkte unterliegt sehr strengen gesetzlichen Vorschriften, angefangen vom Produktionsprozess bis zur perfekten Codierung des Endproduktes.<br \/>\nHier ist die Codierung der einzelnen Produkte von entscheidender Wichtigkeit. R\u00fcckverfolgbarkeit, eine einwandfreie Information der Produktzusammensetzung, sowie das Mindesthaltbarkeitsdatum (MHD) sind die wichtigsten Informationen. Zus\u00e4tzlich sollten aber auch Anti-F\u00e4lschungstechniken zum Einsatz gebracht werden, der Ihr Produkt vor Produktpiraterie sch\u00fctzt.<\/p>\n<h2>Industrieorientierte L\u00f6sungen f\u00fcr die Codierung pharmazeutischer Produkte<\/h2>\n<p>Codierungsfehler m\u00fcssen ausgeschlossen werden \u2013 dieses gilt f\u00fcr die <span style=\"text-decoration: underline;color: #0000ff\"><a style=\"color: #0000ff;text-decoration: underline\" href=\"http:\/\/kortho.com\/de\/losungen\/produktionsschritte\/komplettlosungen\/\" target=\"_blank\">einzelnen Produkte<\/a><\/span> bis zu Paletten. Dieses k\u00f6nnen Sie durch unsere <span style=\"text-decoration: underline;color: #0000ff\"><a style=\"color: #0000ff;text-decoration: underline\" href=\"http:\/\/kortho.com\/de\/losungen\/kennzeichnungsgerate\/\" target=\"_blank\">Ger\u00e4te<\/a><\/span> und die\u00a0<span style=\"text-decoration: underline;color: #0000ff\"><a style=\"color: #0000ff;text-decoration: underline\" href=\"http:\/\/kortho.com\/de\/losungen\/automatisierung\/individuelle-konfiguration-nicht-mehr-notwendig\" target=\"_blank\"> automatische Steuerung<\/a><\/span> \u00fcber Ihr ERP-System erreichen. Zur Sicherung besonders sensitiver Produktlinien empfehlen wir zus\u00e4tzliche <span style=\"text-decoration: underline;color: #0000ff\">Kontrollger\u00e4te<\/span> aus unserem Hause.<\/p>\n","protected":false},"excerpt":{"rendered":"<p>Kennzeichnung pharmazeutischer Produkte Die Herstellung pharmazeutischer Produkte unterliegt sehr strengen gesetzlichen Vorschriften, angefangen vom Produktionsprozess bis zur perfekten Codierung des&hellip;<\/p>\n","protected":false},"author":1,"featured_media":2735,"parent":167,"menu_order":5,"comment_status":"closed","ping_status":"closed","template":"page_taxonomy_child.php","meta":{"_monsterinsights_skip_tracking":false,"_monsterinsights_sitenote_active":false,"_monsterinsights_sitenote_note":"","_monsterinsights_sitenote_category":0,"footnotes":""},"class_list":["post-228","page","type-page","status-publish","format-standard","has-post-thumbnail","hentry"],"yoast_head":"<!-- This site is optimized with the Yoast SEO plugin v23.6 - https:\/\/yoast.com\/wordpress\/plugins\/seo\/ -->\n<title>Pharmazeutisch - Kortho - Deutschland<\/title>\n<meta name=\"robots\" content=\"index, follow, max-snippet:-1, max-image-preview:large, max-video-preview:-1\" \/>\n<link rel=\"canonical\" href=\"https:\/\/kortho.com\/de\/losungen\/geschaftsbereich\/pharmazeutisch\/\" \/>\n<meta property=\"og:locale\" content=\"en_US\" \/>\n<meta property=\"og:type\" content=\"article\" \/>\n<meta property=\"og:title\" content=\"Pharmazeutisch - Kortho - Deutschland\" \/>\n<meta property=\"og:description\" content=\"Kennzeichnung pharmazeutischer Produkte Die Herstellung pharmazeutischer Produkte unterliegt sehr strengen gesetzlichen Vorschriften, angefangen vom Produktionsprozess bis zur perfekten Codierung des&hellip;\" \/>\n<meta property=\"og:url\" content=\"https:\/\/kortho.com\/de\/losungen\/geschaftsbereich\/pharmazeutisch\/\" \/>\n<meta property=\"og:site_name\" content=\"Kortho - Deutschland\" \/>\n<meta property=\"article:modified_time\" content=\"2016-06-14T09:09:29+00:00\" \/>\n<meta property=\"og:image\" content=\"https:\/\/kortho.com\/de\/wp-content\/uploads\/sites\/5\/2015\/08\/Branche-Pharma-blister.jpg\" \/>\n\t<meta property=\"og:image:width\" content=\"280\" \/>\n\t<meta property=\"og:image:height\" content=\"280\" \/>\n\t<meta property=\"og:image:type\" content=\"image\/jpeg\" \/>\n<meta name=\"twitter:card\" content=\"summary_large_image\" \/>\n<meta name=\"twitter:label1\" content=\"Est. reading time\" \/>\n\t<meta name=\"twitter:data1\" content=\"1 minute\" \/>\n<script type=\"application\/ld+json\" class=\"yoast-schema-graph\">{\"@context\":\"https:\/\/schema.org\",\"@graph\":[{\"@type\":\"WebPage\",\"@id\":\"https:\/\/kortho.com\/de\/losungen\/geschaftsbereich\/pharmazeutisch\/\",\"url\":\"https:\/\/kortho.com\/de\/losungen\/geschaftsbereich\/pharmazeutisch\/\",\"name\":\"Pharmazeutisch - Kortho - Deutschland\",\"isPartOf\":{\"@id\":\"https:\/\/kortho.com\/de\/#website\"},\"primaryImageOfPage\":{\"@id\":\"https:\/\/kortho.com\/de\/losungen\/geschaftsbereich\/pharmazeutisch\/#primaryimage\"},\"image\":{\"@id\":\"https:\/\/kortho.com\/de\/losungen\/geschaftsbereich\/pharmazeutisch\/#primaryimage\"},\"thumbnailUrl\":\"https:\/\/kortho.com\/de\/wp-content\/uploads\/sites\/5\/2015\/08\/Branche-Pharma-blister.jpg\",\"datePublished\":\"2014-11-30T15:29:33+00:00\",\"dateModified\":\"2016-06-14T09:09:29+00:00\",\"breadcrumb\":{\"@id\":\"https:\/\/kortho.com\/de\/losungen\/geschaftsbereich\/pharmazeutisch\/#breadcrumb\"},\"inLanguage\":\"en-US\",\"potentialAction\":[{\"@type\":\"ReadAction\",\"target\":[\"https:\/\/kortho.com\/de\/losungen\/geschaftsbereich\/pharmazeutisch\/\"]}]},{\"@type\":\"ImageObject\",\"inLanguage\":\"en-US\",\"@id\":\"https:\/\/kortho.com\/de\/losungen\/geschaftsbereich\/pharmazeutisch\/#primaryimage\",\"url\":\"https:\/\/kortho.com\/de\/wp-content\/uploads\/sites\/5\/2015\/08\/Branche-Pharma-blister.jpg\",\"contentUrl\":\"https:\/\/kortho.com\/de\/wp-content\/uploads\/sites\/5\/2015\/08\/Branche-Pharma-blister.jpg\",\"width\":280,\"height\":280},{\"@type\":\"BreadcrumbList\",\"@id\":\"https:\/\/kortho.com\/de\/losungen\/geschaftsbereich\/pharmazeutisch\/#breadcrumb\",\"itemListElement\":[{\"@type\":\"ListItem\",\"position\":1,\"name\":\"Home\",\"item\":\"https:\/\/kortho.com\/de\/\"},{\"@type\":\"ListItem\",\"position\":2,\"name\":\"L\u00f6sungen\",\"item\":\"https:\/\/kortho.com\/de\/losungen\/\"},{\"@type\":\"ListItem\",\"position\":3,\"name\":\"Gesch\u00e4ftsbereich\",\"item\":\"https:\/\/kortho.com\/de\/losungen\/geschaftsbereich\/\"},{\"@type\":\"ListItem\",\"position\":4,\"name\":\"Pharmazeutisch\"}]},{\"@type\":\"WebSite\",\"@id\":\"https:\/\/kortho.com\/de\/#website\",\"url\":\"https:\/\/kortho.com\/de\/\",\"name\":\"Kortho - Deutschland\",\"description\":\"Coding Competence\",\"potentialAction\":[{\"@type\":\"SearchAction\",\"target\":{\"@type\":\"EntryPoint\",\"urlTemplate\":\"https:\/\/kortho.com\/de\/?s={search_term_string}\"},\"query-input\":{\"@type\":\"PropertyValueSpecification\",\"valueRequired\":true,\"valueName\":\"search_term_string\"}}],\"inLanguage\":\"en-US\"}]}<\/script>\n<!-- \/ Yoast SEO plugin. -->","yoast_head_json":{"title":"Pharmazeutisch - Kortho - Deutschland","robots":{"index":"index","follow":"follow","max-snippet":"max-snippet:-1","max-image-preview":"max-image-preview:large","max-video-preview":"max-video-preview:-1"},"canonical":"https:\/\/kortho.com\/de\/losungen\/geschaftsbereich\/pharmazeutisch\/","og_locale":"en_US","og_type":"article","og_title":"Pharmazeutisch - Kortho - Deutschland","og_description":"Kennzeichnung pharmazeutischer Produkte Die Herstellung pharmazeutischer Produkte unterliegt sehr strengen gesetzlichen Vorschriften, angefangen vom Produktionsprozess bis zur perfekten Codierung des&hellip;","og_url":"https:\/\/kortho.com\/de\/losungen\/geschaftsbereich\/pharmazeutisch\/","og_site_name":"Kortho - Deutschland","article_modified_time":"2016-06-14T09:09:29+00:00","og_image":[{"width":280,"height":280,"url":"https:\/\/kortho.com\/de\/wp-content\/uploads\/sites\/5\/2015\/08\/Branche-Pharma-blister.jpg","type":"image\/jpeg"}],"twitter_card":"summary_large_image","twitter_misc":{"Est. reading time":"1 minute"},"schema":{"@context":"https:\/\/schema.org","@graph":[{"@type":"WebPage","@id":"https:\/\/kortho.com\/de\/losungen\/geschaftsbereich\/pharmazeutisch\/","url":"https:\/\/kortho.com\/de\/losungen\/geschaftsbereich\/pharmazeutisch\/","name":"Pharmazeutisch - Kortho - Deutschland","isPartOf":{"@id":"https:\/\/kortho.com\/de\/#website"},"primaryImageOfPage":{"@id":"https:\/\/kortho.com\/de\/losungen\/geschaftsbereich\/pharmazeutisch\/#primaryimage"},"image":{"@id":"https:\/\/kortho.com\/de\/losungen\/geschaftsbereich\/pharmazeutisch\/#primaryimage"},"thumbnailUrl":"https:\/\/kortho.com\/de\/wp-content\/uploads\/sites\/5\/2015\/08\/Branche-Pharma-blister.jpg","datePublished":"2014-11-30T15:29:33+00:00","dateModified":"2016-06-14T09:09:29+00:00","breadcrumb":{"@id":"https:\/\/kortho.com\/de\/losungen\/geschaftsbereich\/pharmazeutisch\/#breadcrumb"},"inLanguage":"en-US","potentialAction":[{"@type":"ReadAction","target":["https:\/\/kortho.com\/de\/losungen\/geschaftsbereich\/pharmazeutisch\/"]}]},{"@type":"ImageObject","inLanguage":"en-US","@id":"https:\/\/kortho.com\/de\/losungen\/geschaftsbereich\/pharmazeutisch\/#primaryimage","url":"https:\/\/kortho.com\/de\/wp-content\/uploads\/sites\/5\/2015\/08\/Branche-Pharma-blister.jpg","contentUrl":"https:\/\/kortho.com\/de\/wp-content\/uploads\/sites\/5\/2015\/08\/Branche-Pharma-blister.jpg","width":280,"height":280},{"@type":"BreadcrumbList","@id":"https:\/\/kortho.com\/de\/losungen\/geschaftsbereich\/pharmazeutisch\/#breadcrumb","itemListElement":[{"@type":"ListItem","position":1,"name":"Home","item":"https:\/\/kortho.com\/de\/"},{"@type":"ListItem","position":2,"name":"L\u00f6sungen","item":"https:\/\/kortho.com\/de\/losungen\/"},{"@type":"ListItem","position":3,"name":"Gesch\u00e4ftsbereich","item":"https:\/\/kortho.com\/de\/losungen\/geschaftsbereich\/"},{"@type":"ListItem","position":4,"name":"Pharmazeutisch"}]},{"@type":"WebSite","@id":"https:\/\/kortho.com\/de\/#website","url":"https:\/\/kortho.com\/de\/","name":"Kortho - Deutschland","description":"Coding Competence","potentialAction":[{"@type":"SearchAction","target":{"@type":"EntryPoint","urlTemplate":"https:\/\/kortho.com\/de\/?s={search_term_string}"},"query-input":{"@type":"PropertyValueSpecification","valueRequired":true,"valueName":"search_term_string"}}],"inLanguage":"en-US"}]}},"aioseo_notices":[],"_links":{"self":[{"href":"https:\/\/kortho.com\/de\/wp-json\/wp\/v2\/pages\/228"}],"collection":[{"href":"https:\/\/kortho.com\/de\/wp-json\/wp\/v2\/pages"}],"about":[{"href":"https:\/\/kortho.com\/de\/wp-json\/wp\/v2\/types\/page"}],"author":[{"embeddable":true,"href":"https:\/\/kortho.com\/de\/wp-json\/wp\/v2\/users\/1"}],"replies":[{"embeddable":true,"href":"https:\/\/kortho.com\/de\/wp-json\/wp\/v2\/comments?post=228"}],"version-history":[{"count":31,"href":"https:\/\/kortho.com\/de\/wp-json\/wp\/v2\/pages\/228\/revisions"}],"predecessor-version":[{"id":4589,"href":"https:\/\/kortho.com\/de\/wp-json\/wp\/v2\/pages\/228\/revisions\/4589"}],"up":[{"embeddable":true,"href":"https:\/\/kortho.com\/de\/wp-json\/wp\/v2\/pages\/167"}],"wp:featuredmedia":[{"embeddable":true,"href":"https:\/\/kortho.com\/de\/wp-json\/wp\/v2\/media\/2735"}],"wp:attachment":[{"href":"https:\/\/kortho.com\/de\/wp-json\/wp\/v2\/media?parent=228"}],"curies":[{"name":"wp","href":"https:\/\/api.w.org\/{rel}","templated":true}]}}