{"id":231,"date":"2014-11-30T15:30:19","date_gmt":"2014-11-30T15:30:19","guid":{"rendered":"http:\/\/jaspervandermeij.nl\/kortho\/nl\/?page_id=231"},"modified":"2016-06-07T13:28:26","modified_gmt":"2016-06-07T13:28:26","slug":"lebensmittelproduktion","status":"publish","type":"page","link":"https:\/\/kortho.com\/de\/losungen\/geschaftsbereich\/lebensmittelproduktion\/","title":{"rendered":"Lebensmittelproduktion"},"content":{"rendered":"<p><img loading=\"lazy\" decoding=\"async\" class=\"alignleft size-full wp-image-3254\" src=\"http:\/\/kortho.com\/wp-content\/uploads\/2015\/09\/Branche-voedingsmiddelen-printen-met-kleinkarakter-op-folie-koekverpakking.jpg\" alt=\"Branche-voedingsmiddelen-printen-met-kleinkarakter-op-folie-koekverpakking\" width=\"375\" height=\"138\" srcset=\"https:\/\/kortho.com\/de\/wp-content\/uploads\/sites\/5\/2015\/09\/Branche-voedingsmiddelen-printen-met-kleinkarakter-op-folie-koekverpakking.jpg 375w, https:\/\/kortho.com\/de\/wp-content\/uploads\/sites\/5\/2015\/09\/Branche-voedingsmiddelen-printen-met-kleinkarakter-op-folie-koekverpakking-300x110.jpg 300w\" sizes=\"(max-width: 375px) 100vw, 375px\" \/> <img loading=\"lazy\" decoding=\"async\" class=\"alignleft size-full wp-image-3264\" src=\"http:\/\/kortho.com\/wp-content\/uploads\/2015\/09\/printen-met-thermaltransfer-op-een-drankflesje.jpg\" alt=\"printen-met-thermaltransfer-op-een-drankflesje\" width=\"375\" height=\"138\" srcset=\"https:\/\/kortho.com\/de\/wp-content\/uploads\/sites\/5\/2015\/09\/printen-met-thermaltransfer-op-een-drankflesje.jpg 375w, https:\/\/kortho.com\/de\/wp-content\/uploads\/sites\/5\/2015\/09\/printen-met-thermaltransfer-op-een-drankflesje-300x110.jpg 300w\" sizes=\"(max-width: 375px) 100vw, 375px\" \/> <img loading=\"lazy\" decoding=\"async\" class=\"alignleft size-full wp-image-3263\" src=\"http:\/\/kortho.com\/wp-content\/uploads\/2015\/09\/printen-met-kleinkarakterinkjet-op-een-drankfles.jpg\" alt=\"printen-met-kleinkarakterinkjet-op-een-drankfles\" width=\"375\" height=\"138\" srcset=\"https:\/\/kortho.com\/de\/wp-content\/uploads\/sites\/5\/2015\/09\/printen-met-kleinkarakterinkjet-op-een-drankfles.jpg 375w, https:\/\/kortho.com\/de\/wp-content\/uploads\/sites\/5\/2015\/09\/printen-met-kleinkarakterinkjet-op-een-drankfles-300x110.jpg 300w\" sizes=\"(max-width: 375px) 100vw, 375px\" \/><\/p>\n<h1>Codierung von Lebensmitteln<\/h1>\n<p>Die Codierung in der Lebensmittelindustrie wird durch sehr strenge Gesetze geregelt. Die Codierung garantiert die R\u00fcckverfolgbarkeit, listet die Inhaltsstoffe eines Produkts und zeigt ebenfalls die Mindesthaltbarkeitsdaten und Verkaufsdaten an, um den immer strenger werdenden Standard-Anforderungen gerecht zu werden. Zus\u00e4tzlich k\u00f6nnen sich diese Anforderungen zwischen den L\u00e4ndern unterscheiden. Es muss daher sichergestellt werden, dass die Codierung immer fehlerlos ist, und dass das Etikett und der Inhalt sich schnell und einfach ver\u00e4ndern lassen. Dies ist vor allem wichtig, um Fehler bei der Codierung zu vermeiden, die zu schwerwiegenden Konsequenzen f\u00fchren k\u00f6nnen und\/oder daf\u00fcr sorgen, dass die Produkte umgepackt oder zur\u00fcckgerufen werden m\u00fcssen.<\/p>\n<h2>Industrieorientierte L\u00f6sungen f\u00fcr die Codierung von Lebensmitteln<\/h2>\n<p>Die L\u00f6sung ist, eine 100% fehlerfreie Codierung w\u00e4hrend der <span style=\"text-decoration: underline; color: #0000ff;\"><a style=\"color: #0000ff; text-decoration: underline;\" href=\"http:\/\/kortho.com\/de\/losungen\/produktionsschritte\/komplettlosungen\/\" target=\"_blank\">gesamten Produktionslinie<\/a><\/span> zu gew\u00e4hrleisten (vom Produkt zur Palette). Dies beginnt nat\u00fcrlich mit einer <span style=\"text-decoration: underline; color: #0000ff;\"><a style=\"color: #0000ff; text-decoration: underline;\" href=\"http:\/\/kortho.com\/de\/losungen\/kennzeichnungsgerate\/\" target=\"_blank\">zuverl\u00e4ssigen Codierausr\u00fcstung<\/a><\/span>, aber auch mit einer korrekten Verwaltung und Kontrolle, wie beispielsweise dem Abrufen von Druckdaten aus einer <span style=\"text-decoration: underline; color: #0000ff;\"><a style=\"color: #0000ff; text-decoration: underline;\" href=\"http:\/\/kortho.com\/de\/losungen\/automatisierung\/einzige-dynamische-vorlage\/\" target=\"_blank\">Datenbank<\/a><\/span> oder <span style=\"text-decoration: underline; color: #0000ff;\"><a style=\"color: #0000ff; text-decoration: underline;\" href=\"http:\/\/kortho.com\/de\/losungen\/automatisierung\/individuelle-konfiguration-nicht-mehr-notwendig\/\" target=\"_blank\">ERP<\/a><\/span> ohne menschliches Eingreifen, und dem <a href=\"http:\/\/kortho.com\/de\/losungen\/automatisierung\/uberprufen-sie-ihre-codes\/\" target=\"_blank\">\u00dcberpr\u00fcfen physischer Drucke<\/a> nach dem Vorgang. Letztendlich macht das Arbeiten mit <span style=\"text-decoration: underline; color: #0000ff;\"><a style=\"color: #0000ff; text-decoration: underline;\" href=\"http:\/\/kortho.com\/de\/losungen\/automatisierung\/einzige-dynamische-vorlage\/\" target=\"_blank\">dynamischen Etikettiervorlagen<\/a><\/span> (anstatt mehrerer einzelner Etiketten pro Produkt) es m\u00f6glich, Etiketten schnell zu ver\u00e4ndern und eine gemeinsame Aktion f\u00fcr alle Produkte zu t\u00e4tigen.<\/p>\n","protected":false},"excerpt":{"rendered":"<p>Codierung von Lebensmitteln Die Codierung in der Lebensmittelindustrie wird durch sehr strenge Gesetze geregelt. Die Codierung garantiert die R\u00fcckverfolgbarkeit, listet&hellip;<\/p>\n","protected":false},"author":1,"featured_media":2746,"parent":167,"menu_order":1,"comment_status":"closed","ping_status":"closed","template":"page_taxonomy_child.php","meta":{"_monsterinsights_skip_tracking":false,"_monsterinsights_sitenote_active":false,"_monsterinsights_sitenote_note":"","_monsterinsights_sitenote_category":0,"footnotes":""},"class_list":["post-231","page","type-page","status-publish","format-standard","has-post-thumbnail","hentry"],"yoast_head":"<!-- This site is optimized with the Yoast SEO plugin v23.6 - https:\/\/yoast.com\/wordpress\/plugins\/seo\/ -->\n<title>Lebensmittelproduktion - Kortho - Deutschland<\/title>\n<meta name=\"robots\" content=\"index, follow, max-snippet:-1, max-image-preview:large, max-video-preview:-1\" \/>\n<link rel=\"canonical\" href=\"https:\/\/kortho.com\/de\/losungen\/geschaftsbereich\/lebensmittelproduktion\/\" \/>\n<meta property=\"og:locale\" content=\"en_US\" \/>\n<meta property=\"og:type\" content=\"article\" \/>\n<meta property=\"og:title\" content=\"Lebensmittelproduktion - Kortho - Deutschland\" \/>\n<meta property=\"og:description\" content=\"Codierung von Lebensmitteln Die Codierung in der Lebensmittelindustrie wird durch sehr strenge Gesetze geregelt. Die Codierung garantiert die R\u00fcckverfolgbarkeit, listet&hellip;\" \/>\n<meta property=\"og:url\" content=\"https:\/\/kortho.com\/de\/losungen\/geschaftsbereich\/lebensmittelproduktion\/\" \/>\n<meta property=\"og:site_name\" content=\"Kortho - Deutschland\" \/>\n<meta property=\"article:modified_time\" content=\"2016-06-07T13:28:26+00:00\" \/>\n<meta property=\"og:image\" content=\"https:\/\/kortho.com\/de\/wp-content\/uploads\/sites\/5\/2015\/08\/Branche-voedingsmiddelen.jpg\" \/>\n\t<meta property=\"og:image:width\" content=\"280\" \/>\n\t<meta property=\"og:image:height\" content=\"280\" \/>\n\t<meta property=\"og:image:type\" content=\"image\/jpeg\" \/>\n<meta name=\"twitter:card\" content=\"summary_large_image\" \/>\n<meta name=\"twitter:label1\" content=\"Est. reading time\" \/>\n\t<meta name=\"twitter:data1\" content=\"1 minute\" \/>\n<script type=\"application\/ld+json\" class=\"yoast-schema-graph\">{\"@context\":\"https:\/\/schema.org\",\"@graph\":[{\"@type\":\"WebPage\",\"@id\":\"https:\/\/kortho.com\/de\/losungen\/geschaftsbereich\/lebensmittelproduktion\/\",\"url\":\"https:\/\/kortho.com\/de\/losungen\/geschaftsbereich\/lebensmittelproduktion\/\",\"name\":\"Lebensmittelproduktion - Kortho - Deutschland\",\"isPartOf\":{\"@id\":\"https:\/\/kortho.com\/de\/#website\"},\"primaryImageOfPage\":{\"@id\":\"https:\/\/kortho.com\/de\/losungen\/geschaftsbereich\/lebensmittelproduktion\/#primaryimage\"},\"image\":{\"@id\":\"https:\/\/kortho.com\/de\/losungen\/geschaftsbereich\/lebensmittelproduktion\/#primaryimage\"},\"thumbnailUrl\":\"https:\/\/kortho.com\/de\/wp-content\/uploads\/sites\/5\/2015\/08\/Branche-voedingsmiddelen.jpg\",\"datePublished\":\"2014-11-30T15:30:19+00:00\",\"dateModified\":\"2016-06-07T13:28:26+00:00\",\"breadcrumb\":{\"@id\":\"https:\/\/kortho.com\/de\/losungen\/geschaftsbereich\/lebensmittelproduktion\/#breadcrumb\"},\"inLanguage\":\"en-US\",\"potentialAction\":[{\"@type\":\"ReadAction\",\"target\":[\"https:\/\/kortho.com\/de\/losungen\/geschaftsbereich\/lebensmittelproduktion\/\"]}]},{\"@type\":\"ImageObject\",\"inLanguage\":\"en-US\",\"@id\":\"https:\/\/kortho.com\/de\/losungen\/geschaftsbereich\/lebensmittelproduktion\/#primaryimage\",\"url\":\"https:\/\/kortho.com\/de\/wp-content\/uploads\/sites\/5\/2015\/08\/Branche-voedingsmiddelen.jpg\",\"contentUrl\":\"https:\/\/kortho.com\/de\/wp-content\/uploads\/sites\/5\/2015\/08\/Branche-voedingsmiddelen.jpg\",\"width\":280,\"height\":280},{\"@type\":\"BreadcrumbList\",\"@id\":\"https:\/\/kortho.com\/de\/losungen\/geschaftsbereich\/lebensmittelproduktion\/#breadcrumb\",\"itemListElement\":[{\"@type\":\"ListItem\",\"position\":1,\"name\":\"Home\",\"item\":\"https:\/\/kortho.com\/de\/\"},{\"@type\":\"ListItem\",\"position\":2,\"name\":\"L\u00f6sungen\",\"item\":\"https:\/\/kortho.com\/de\/losungen\/\"},{\"@type\":\"ListItem\",\"position\":3,\"name\":\"Gesch\u00e4ftsbereich\",\"item\":\"https:\/\/kortho.com\/de\/losungen\/geschaftsbereich\/\"},{\"@type\":\"ListItem\",\"position\":4,\"name\":\"Lebensmittelproduktion\"}]},{\"@type\":\"WebSite\",\"@id\":\"https:\/\/kortho.com\/de\/#website\",\"url\":\"https:\/\/kortho.com\/de\/\",\"name\":\"Kortho - Deutschland\",\"description\":\"Coding Competence\",\"potentialAction\":[{\"@type\":\"SearchAction\",\"target\":{\"@type\":\"EntryPoint\",\"urlTemplate\":\"https:\/\/kortho.com\/de\/?s={search_term_string}\"},\"query-input\":{\"@type\":\"PropertyValueSpecification\",\"valueRequired\":true,\"valueName\":\"search_term_string\"}}],\"inLanguage\":\"en-US\"}]}<\/script>\n<!-- \/ Yoast SEO plugin. -->","yoast_head_json":{"title":"Lebensmittelproduktion - Kortho - Deutschland","robots":{"index":"index","follow":"follow","max-snippet":"max-snippet:-1","max-image-preview":"max-image-preview:large","max-video-preview":"max-video-preview:-1"},"canonical":"https:\/\/kortho.com\/de\/losungen\/geschaftsbereich\/lebensmittelproduktion\/","og_locale":"en_US","og_type":"article","og_title":"Lebensmittelproduktion - Kortho - Deutschland","og_description":"Codierung von Lebensmitteln Die Codierung in der Lebensmittelindustrie wird durch sehr strenge Gesetze geregelt. Die Codierung garantiert die R\u00fcckverfolgbarkeit, listet&hellip;","og_url":"https:\/\/kortho.com\/de\/losungen\/geschaftsbereich\/lebensmittelproduktion\/","og_site_name":"Kortho - Deutschland","article_modified_time":"2016-06-07T13:28:26+00:00","og_image":[{"width":280,"height":280,"url":"https:\/\/kortho.com\/de\/wp-content\/uploads\/sites\/5\/2015\/08\/Branche-voedingsmiddelen.jpg","type":"image\/jpeg"}],"twitter_card":"summary_large_image","twitter_misc":{"Est. reading time":"1 minute"},"schema":{"@context":"https:\/\/schema.org","@graph":[{"@type":"WebPage","@id":"https:\/\/kortho.com\/de\/losungen\/geschaftsbereich\/lebensmittelproduktion\/","url":"https:\/\/kortho.com\/de\/losungen\/geschaftsbereich\/lebensmittelproduktion\/","name":"Lebensmittelproduktion - Kortho - Deutschland","isPartOf":{"@id":"https:\/\/kortho.com\/de\/#website"},"primaryImageOfPage":{"@id":"https:\/\/kortho.com\/de\/losungen\/geschaftsbereich\/lebensmittelproduktion\/#primaryimage"},"image":{"@id":"https:\/\/kortho.com\/de\/losungen\/geschaftsbereich\/lebensmittelproduktion\/#primaryimage"},"thumbnailUrl":"https:\/\/kortho.com\/de\/wp-content\/uploads\/sites\/5\/2015\/08\/Branche-voedingsmiddelen.jpg","datePublished":"2014-11-30T15:30:19+00:00","dateModified":"2016-06-07T13:28:26+00:00","breadcrumb":{"@id":"https:\/\/kortho.com\/de\/losungen\/geschaftsbereich\/lebensmittelproduktion\/#breadcrumb"},"inLanguage":"en-US","potentialAction":[{"@type":"ReadAction","target":["https:\/\/kortho.com\/de\/losungen\/geschaftsbereich\/lebensmittelproduktion\/"]}]},{"@type":"ImageObject","inLanguage":"en-US","@id":"https:\/\/kortho.com\/de\/losungen\/geschaftsbereich\/lebensmittelproduktion\/#primaryimage","url":"https:\/\/kortho.com\/de\/wp-content\/uploads\/sites\/5\/2015\/08\/Branche-voedingsmiddelen.jpg","contentUrl":"https:\/\/kortho.com\/de\/wp-content\/uploads\/sites\/5\/2015\/08\/Branche-voedingsmiddelen.jpg","width":280,"height":280},{"@type":"BreadcrumbList","@id":"https:\/\/kortho.com\/de\/losungen\/geschaftsbereich\/lebensmittelproduktion\/#breadcrumb","itemListElement":[{"@type":"ListItem","position":1,"name":"Home","item":"https:\/\/kortho.com\/de\/"},{"@type":"ListItem","position":2,"name":"L\u00f6sungen","item":"https:\/\/kortho.com\/de\/losungen\/"},{"@type":"ListItem","position":3,"name":"Gesch\u00e4ftsbereich","item":"https:\/\/kortho.com\/de\/losungen\/geschaftsbereich\/"},{"@type":"ListItem","position":4,"name":"Lebensmittelproduktion"}]},{"@type":"WebSite","@id":"https:\/\/kortho.com\/de\/#website","url":"https:\/\/kortho.com\/de\/","name":"Kortho - Deutschland","description":"Coding Competence","potentialAction":[{"@type":"SearchAction","target":{"@type":"EntryPoint","urlTemplate":"https:\/\/kortho.com\/de\/?s={search_term_string}"},"query-input":{"@type":"PropertyValueSpecification","valueRequired":true,"valueName":"search_term_string"}}],"inLanguage":"en-US"}]}},"aioseo_notices":[],"_links":{"self":[{"href":"https:\/\/kortho.com\/de\/wp-json\/wp\/v2\/pages\/231"}],"collection":[{"href":"https:\/\/kortho.com\/de\/wp-json\/wp\/v2\/pages"}],"about":[{"href":"https:\/\/kortho.com\/de\/wp-json\/wp\/v2\/types\/page"}],"author":[{"embeddable":true,"href":"https:\/\/kortho.com\/de\/wp-json\/wp\/v2\/users\/1"}],"replies":[{"embeddable":true,"href":"https:\/\/kortho.com\/de\/wp-json\/wp\/v2\/comments?post=231"}],"version-history":[{"count":42,"href":"https:\/\/kortho.com\/de\/wp-json\/wp\/v2\/pages\/231\/revisions"}],"predecessor-version":[{"id":4342,"href":"https:\/\/kortho.com\/de\/wp-json\/wp\/v2\/pages\/231\/revisions\/4342"}],"up":[{"embeddable":true,"href":"https:\/\/kortho.com\/de\/wp-json\/wp\/v2\/pages\/167"}],"wp:featuredmedia":[{"embeddable":true,"href":"https:\/\/kortho.com\/de\/wp-json\/wp\/v2\/media\/2746"}],"wp:attachment":[{"href":"https:\/\/kortho.com\/de\/wp-json\/wp\/v2\/media?parent=231"}],"curies":[{"name":"wp","href":"https:\/\/api.w.org\/{rel}","templated":true}]}}