{"id":234,"date":"2014-11-30T15:30:45","date_gmt":"2014-11-30T15:30:45","guid":{"rendered":"http:\/\/jaspervandermeij.nl\/kortho\/nl\/?page_id=234"},"modified":"2016-06-14T09:27:12","modified_gmt":"2016-06-14T09:27:12","slug":"logistik","status":"publish","type":"page","link":"https:\/\/kortho.com\/de\/losungen\/geschaftsbereich\/logistik\/","title":{"rendered":"Logistik"},"content":{"rendered":"<p><img loading=\"lazy\" decoding=\"async\" class=\"alignleft size-full wp-image-3458\" src=\"http:\/\/kortho.com\/wp-content\/uploads\/2015\/09\/Kortho-Logistiek-De-juiste-informatie-uit-uw-WMS-systeem-op-uw-verzendLabels-met-een-Avery-printer.jpg\" alt=\"Kortho-Logistiek-De-juiste-informatie-uit-uw-WMS-systeem-op-uw-(verzend)Labels-met-een-Avery-printer\" width=\"375\" height=\"138\" srcset=\"https:\/\/kortho.com\/de\/wp-content\/uploads\/sites\/5\/2015\/09\/Kortho-Logistiek-De-juiste-informatie-uit-uw-WMS-systeem-op-uw-verzendLabels-met-een-Avery-printer.jpg 375w, https:\/\/kortho.com\/de\/wp-content\/uploads\/sites\/5\/2015\/09\/Kortho-Logistiek-De-juiste-informatie-uit-uw-WMS-systeem-op-uw-verzendLabels-met-een-Avery-printer-300x110.jpg 300w\" sizes=\"(max-width: 375px) 100vw, 375px\" \/> <img loading=\"lazy\" decoding=\"async\" class=\"alignleft size-full wp-image-3461\" src=\"http:\/\/kortho.com\/wp-content\/uploads\/2015\/09\/Logistiek-De-juiste-informatie-uit-uw-WMS-systeem-op-uw-verzend-twee-kleuren-GHS-Labels-met-CAB-labelprinters.jpg\" alt=\"Logistiek-De-juiste-informatie-uit-uw-WMS-systeem-op-uw-(verzend)-twee-kleuren-GHS-Labels-met--CAB-labelprinters\" width=\"375\" height=\"138\" srcset=\"https:\/\/kortho.com\/de\/wp-content\/uploads\/sites\/5\/2015\/09\/Logistiek-De-juiste-informatie-uit-uw-WMS-systeem-op-uw-verzend-twee-kleuren-GHS-Labels-met-CAB-labelprinters.jpg 375w, https:\/\/kortho.com\/de\/wp-content\/uploads\/sites\/5\/2015\/09\/Logistiek-De-juiste-informatie-uit-uw-WMS-systeem-op-uw-verzend-twee-kleuren-GHS-Labels-met-CAB-labelprinters-300x110.jpg 300w\" sizes=\"(max-width: 375px) 100vw, 375px\" \/> <img loading=\"lazy\" decoding=\"async\" class=\"alignleft size-full wp-image-3459\" src=\"http:\/\/kortho.com\/wp-content\/uploads\/2015\/09\/Kortho-Logistiek-De-juiste-informatie-uit-uw-WMS-systeem-op-uw-verzendLabels-met-een-CAB-printer.jpg\" alt=\"Kortho-Logistiek-De-juiste-informatie-uit-uw-WMS-systeem-op-uw-(verzend)Labels-met-een-CAB-printer\" width=\"375\" height=\"138\" srcset=\"https:\/\/kortho.com\/de\/wp-content\/uploads\/sites\/5\/2015\/09\/Kortho-Logistiek-De-juiste-informatie-uit-uw-WMS-systeem-op-uw-verzendLabels-met-een-CAB-printer.jpg 375w, https:\/\/kortho.com\/de\/wp-content\/uploads\/sites\/5\/2015\/09\/Kortho-Logistiek-De-juiste-informatie-uit-uw-WMS-systeem-op-uw-verzendLabels-met-een-CAB-printer-300x110.jpg 300w\" sizes=\"(max-width: 375px) 100vw, 375px\" \/><\/p>\n<p>&nbsp;<\/p>\n<p>&nbsp;<\/p>\n<p>&nbsp;<\/p>\n<p>&nbsp;<\/p>\n<p>&nbsp;<\/p>\n<p>&nbsp;<\/p>\n<h2><\/h2>\n<h2><\/h2>\n<h1>Kennzeichnung in der Logistik<\/h1>\n<p>Einer der wichtigsten Punkte der Logistik ist die Verfolgbarkeit von Produkten. Eine fehlerfreie und effiziente Codierung von Produkten ist dabei unabdingbar. Da mit gro\u00dfen Mengen von Verpackungen, Kunden und Lieferanten gearbeitet wird, sind flexibel einzusetzende Systeme und variable Ausdrucke notwendig um effizient zu arbeiten. Mit unseren Systemen lassen sich alle Notwendigkeiten f\u00fcr eine zuverl\u00e4ssige L\u00f6sung Ihrer Aufgaben schaffen.<\/p>\n<h2>Industriefokussierte L\u00f6sungen f\u00fcr die Kennzeichnung in der Logistik<\/h2>\n<p>Im Ergebnis ist es m\u00f6glich, Versandinformationen in Echtzeit direkt von <a href=\"http:\/\/kortho.com\/de\/losungen\/automatisierung\/individuelle-konfiguration-nicht-mehr-notwendig\" target=\"_blank\"><span style=\"text-decoration: underline\"><span style=\"color: #0000ff;text-decoration: underline\">j<\/span><\/span><span style=\"text-decoration: underline;color: #0000ff\">edem Lager-Managementsystem (WMS)<\/span><\/a> zu drucken \u2013 mit\u00a0 jedem einzelnen <span style=\"text-decoration: underline;color: #0000ff\">Drucker<\/span> , oder auch mit mehreren Druckern.\u00a0 \u00dcber die gesamte Produktionslinie hinweg und unabh\u00e4ngig von Zeitpunkt oder Druckertyp.\u00a0 <span style=\"text-decoration: underline;color: #0000ff\"><a style=\"color: #0000ff;text-decoration: underline\" href=\"http:\/\/kortho.com\/de\/losungen\/automatisierung\/automatische-konfiguration-in-einer-aktion\" target=\"_blank\">Manuelle<\/a><\/span> Druckerkonfigurationen der <span style=\"text-decoration: underline;color: #0000ff\"><a style=\"color: #0000ff;text-decoration: underline\" href=\"http:\/\/kortho.com\/de\/losungen\/produktionsschritte\/komplettlosungen\/\" target=\"_blank\">Produktionslinie<\/a><\/span>sind \u00fcberfl\u00fcssig, da alle Parameter der Druckauftr\u00e4ge schon im Vorfeld definiert und festgelegt wurden. Individuelle Druckvorlagen und somit Fehlerquellen sind nicht mehr notwendig.<\/p>\n<p>&nbsp;<\/p>\n","protected":false},"excerpt":{"rendered":"<p>&nbsp; &nbsp; &nbsp; &nbsp; &nbsp; &nbsp; Kennzeichnung in der Logistik Einer der wichtigsten Punkte der Logistik ist die Verfolgbarkeit von&hellip;<\/p>\n","protected":false},"author":1,"featured_media":2732,"parent":167,"menu_order":8,"comment_status":"closed","ping_status":"closed","template":"page_taxonomy_child.php","meta":{"_monsterinsights_skip_tracking":false,"_monsterinsights_sitenote_active":false,"_monsterinsights_sitenote_note":"","_monsterinsights_sitenote_category":0,"footnotes":""},"class_list":["post-234","page","type-page","status-publish","format-standard","has-post-thumbnail","hentry"],"yoast_head":"<!-- This site is optimized with the Yoast SEO plugin v23.6 - https:\/\/yoast.com\/wordpress\/plugins\/seo\/ -->\n<title>Logistik - Kortho - Deutschland<\/title>\n<meta name=\"robots\" content=\"index, follow, max-snippet:-1, max-image-preview:large, max-video-preview:-1\" \/>\n<link rel=\"canonical\" href=\"https:\/\/kortho.com\/de\/losungen\/geschaftsbereich\/logistik\/\" \/>\n<meta property=\"og:locale\" content=\"en_US\" \/>\n<meta property=\"og:type\" content=\"article\" \/>\n<meta property=\"og:title\" content=\"Logistik - Kortho - Deutschland\" \/>\n<meta property=\"og:description\" content=\"&nbsp; &nbsp; &nbsp; &nbsp; &nbsp; &nbsp; Kennzeichnung in der Logistik Einer der wichtigsten Punkte der Logistik ist die Verfolgbarkeit von&hellip;\" \/>\n<meta property=\"og:url\" content=\"https:\/\/kortho.com\/de\/losungen\/geschaftsbereich\/logistik\/\" \/>\n<meta property=\"og:site_name\" content=\"Kortho - Deutschland\" \/>\n<meta property=\"article:modified_time\" content=\"2016-06-14T09:27:12+00:00\" \/>\n<meta property=\"og:image\" content=\"https:\/\/kortho.com\/de\/wp-content\/uploads\/sites\/5\/2015\/08\/Branche-Industrie-TNT.jpg\" \/>\n\t<meta property=\"og:image:width\" content=\"280\" \/>\n\t<meta property=\"og:image:height\" content=\"280\" \/>\n\t<meta property=\"og:image:type\" content=\"image\/jpeg\" \/>\n<meta name=\"twitter:card\" content=\"summary_large_image\" \/>\n<meta name=\"twitter:label1\" content=\"Est. reading time\" \/>\n\t<meta name=\"twitter:data1\" content=\"1 minute\" \/>\n<script type=\"application\/ld+json\" class=\"yoast-schema-graph\">{\"@context\":\"https:\/\/schema.org\",\"@graph\":[{\"@type\":\"WebPage\",\"@id\":\"https:\/\/kortho.com\/de\/losungen\/geschaftsbereich\/logistik\/\",\"url\":\"https:\/\/kortho.com\/de\/losungen\/geschaftsbereich\/logistik\/\",\"name\":\"Logistik - Kortho - Deutschland\",\"isPartOf\":{\"@id\":\"https:\/\/kortho.com\/de\/#website\"},\"primaryImageOfPage\":{\"@id\":\"https:\/\/kortho.com\/de\/losungen\/geschaftsbereich\/logistik\/#primaryimage\"},\"image\":{\"@id\":\"https:\/\/kortho.com\/de\/losungen\/geschaftsbereich\/logistik\/#primaryimage\"},\"thumbnailUrl\":\"https:\/\/kortho.com\/de\/wp-content\/uploads\/sites\/5\/2015\/08\/Branche-Industrie-TNT.jpg\",\"datePublished\":\"2014-11-30T15:30:45+00:00\",\"dateModified\":\"2016-06-14T09:27:12+00:00\",\"breadcrumb\":{\"@id\":\"https:\/\/kortho.com\/de\/losungen\/geschaftsbereich\/logistik\/#breadcrumb\"},\"inLanguage\":\"en-US\",\"potentialAction\":[{\"@type\":\"ReadAction\",\"target\":[\"https:\/\/kortho.com\/de\/losungen\/geschaftsbereich\/logistik\/\"]}]},{\"@type\":\"ImageObject\",\"inLanguage\":\"en-US\",\"@id\":\"https:\/\/kortho.com\/de\/losungen\/geschaftsbereich\/logistik\/#primaryimage\",\"url\":\"https:\/\/kortho.com\/de\/wp-content\/uploads\/sites\/5\/2015\/08\/Branche-Industrie-TNT.jpg\",\"contentUrl\":\"https:\/\/kortho.com\/de\/wp-content\/uploads\/sites\/5\/2015\/08\/Branche-Industrie-TNT.jpg\",\"width\":280,\"height\":280},{\"@type\":\"BreadcrumbList\",\"@id\":\"https:\/\/kortho.com\/de\/losungen\/geschaftsbereich\/logistik\/#breadcrumb\",\"itemListElement\":[{\"@type\":\"ListItem\",\"position\":1,\"name\":\"Home\",\"item\":\"https:\/\/kortho.com\/de\/\"},{\"@type\":\"ListItem\",\"position\":2,\"name\":\"L\u00f6sungen\",\"item\":\"https:\/\/kortho.com\/de\/losungen\/\"},{\"@type\":\"ListItem\",\"position\":3,\"name\":\"Gesch\u00e4ftsbereich\",\"item\":\"https:\/\/kortho.com\/de\/losungen\/geschaftsbereich\/\"},{\"@type\":\"ListItem\",\"position\":4,\"name\":\"Logistik\"}]},{\"@type\":\"WebSite\",\"@id\":\"https:\/\/kortho.com\/de\/#website\",\"url\":\"https:\/\/kortho.com\/de\/\",\"name\":\"Kortho - Deutschland\",\"description\":\"Coding Competence\",\"potentialAction\":[{\"@type\":\"SearchAction\",\"target\":{\"@type\":\"EntryPoint\",\"urlTemplate\":\"https:\/\/kortho.com\/de\/?s={search_term_string}\"},\"query-input\":{\"@type\":\"PropertyValueSpecification\",\"valueRequired\":true,\"valueName\":\"search_term_string\"}}],\"inLanguage\":\"en-US\"}]}<\/script>\n<!-- \/ Yoast SEO plugin. -->","yoast_head_json":{"title":"Logistik - Kortho - Deutschland","robots":{"index":"index","follow":"follow","max-snippet":"max-snippet:-1","max-image-preview":"max-image-preview:large","max-video-preview":"max-video-preview:-1"},"canonical":"https:\/\/kortho.com\/de\/losungen\/geschaftsbereich\/logistik\/","og_locale":"en_US","og_type":"article","og_title":"Logistik - Kortho - Deutschland","og_description":"&nbsp; &nbsp; &nbsp; &nbsp; &nbsp; &nbsp; Kennzeichnung in der Logistik Einer der wichtigsten Punkte der Logistik ist die Verfolgbarkeit von&hellip;","og_url":"https:\/\/kortho.com\/de\/losungen\/geschaftsbereich\/logistik\/","og_site_name":"Kortho - Deutschland","article_modified_time":"2016-06-14T09:27:12+00:00","og_image":[{"width":280,"height":280,"url":"https:\/\/kortho.com\/de\/wp-content\/uploads\/sites\/5\/2015\/08\/Branche-Industrie-TNT.jpg","type":"image\/jpeg"}],"twitter_card":"summary_large_image","twitter_misc":{"Est. reading time":"1 minute"},"schema":{"@context":"https:\/\/schema.org","@graph":[{"@type":"WebPage","@id":"https:\/\/kortho.com\/de\/losungen\/geschaftsbereich\/logistik\/","url":"https:\/\/kortho.com\/de\/losungen\/geschaftsbereich\/logistik\/","name":"Logistik - Kortho - Deutschland","isPartOf":{"@id":"https:\/\/kortho.com\/de\/#website"},"primaryImageOfPage":{"@id":"https:\/\/kortho.com\/de\/losungen\/geschaftsbereich\/logistik\/#primaryimage"},"image":{"@id":"https:\/\/kortho.com\/de\/losungen\/geschaftsbereich\/logistik\/#primaryimage"},"thumbnailUrl":"https:\/\/kortho.com\/de\/wp-content\/uploads\/sites\/5\/2015\/08\/Branche-Industrie-TNT.jpg","datePublished":"2014-11-30T15:30:45+00:00","dateModified":"2016-06-14T09:27:12+00:00","breadcrumb":{"@id":"https:\/\/kortho.com\/de\/losungen\/geschaftsbereich\/logistik\/#breadcrumb"},"inLanguage":"en-US","potentialAction":[{"@type":"ReadAction","target":["https:\/\/kortho.com\/de\/losungen\/geschaftsbereich\/logistik\/"]}]},{"@type":"ImageObject","inLanguage":"en-US","@id":"https:\/\/kortho.com\/de\/losungen\/geschaftsbereich\/logistik\/#primaryimage","url":"https:\/\/kortho.com\/de\/wp-content\/uploads\/sites\/5\/2015\/08\/Branche-Industrie-TNT.jpg","contentUrl":"https:\/\/kortho.com\/de\/wp-content\/uploads\/sites\/5\/2015\/08\/Branche-Industrie-TNT.jpg","width":280,"height":280},{"@type":"BreadcrumbList","@id":"https:\/\/kortho.com\/de\/losungen\/geschaftsbereich\/logistik\/#breadcrumb","itemListElement":[{"@type":"ListItem","position":1,"name":"Home","item":"https:\/\/kortho.com\/de\/"},{"@type":"ListItem","position":2,"name":"L\u00f6sungen","item":"https:\/\/kortho.com\/de\/losungen\/"},{"@type":"ListItem","position":3,"name":"Gesch\u00e4ftsbereich","item":"https:\/\/kortho.com\/de\/losungen\/geschaftsbereich\/"},{"@type":"ListItem","position":4,"name":"Logistik"}]},{"@type":"WebSite","@id":"https:\/\/kortho.com\/de\/#website","url":"https:\/\/kortho.com\/de\/","name":"Kortho - Deutschland","description":"Coding Competence","potentialAction":[{"@type":"SearchAction","target":{"@type":"EntryPoint","urlTemplate":"https:\/\/kortho.com\/de\/?s={search_term_string}"},"query-input":{"@type":"PropertyValueSpecification","valueRequired":true,"valueName":"search_term_string"}}],"inLanguage":"en-US"}]}},"aioseo_notices":[],"_links":{"self":[{"href":"https:\/\/kortho.com\/de\/wp-json\/wp\/v2\/pages\/234"}],"collection":[{"href":"https:\/\/kortho.com\/de\/wp-json\/wp\/v2\/pages"}],"about":[{"href":"https:\/\/kortho.com\/de\/wp-json\/wp\/v2\/types\/page"}],"author":[{"embeddable":true,"href":"https:\/\/kortho.com\/de\/wp-json\/wp\/v2\/users\/1"}],"replies":[{"embeddable":true,"href":"https:\/\/kortho.com\/de\/wp-json\/wp\/v2\/comments?post=234"}],"version-history":[{"count":29,"href":"https:\/\/kortho.com\/de\/wp-json\/wp\/v2\/pages\/234\/revisions"}],"predecessor-version":[{"id":4596,"href":"https:\/\/kortho.com\/de\/wp-json\/wp\/v2\/pages\/234\/revisions\/4596"}],"up":[{"embeddable":true,"href":"https:\/\/kortho.com\/de\/wp-json\/wp\/v2\/pages\/167"}],"wp:featuredmedia":[{"embeddable":true,"href":"https:\/\/kortho.com\/de\/wp-json\/wp\/v2\/media\/2732"}],"wp:attachment":[{"href":"https:\/\/kortho.com\/de\/wp-json\/wp\/v2\/media?parent=234"}],"curies":[{"name":"wp","href":"https:\/\/api.w.org\/{rel}","templated":true}]}}