{"id":236,"date":"2014-11-30T15:31:30","date_gmt":"2014-11-30T15:31:30","guid":{"rendered":"http:\/\/jaspervandermeij.nl\/kortho\/nl\/?page_id=236"},"modified":"2016-06-28T09:17:19","modified_gmt":"2016-06-28T09:17:19","slug":"primare-verpackungsstufe","status":"publish","type":"page","link":"https:\/\/kortho.com\/de\/losungen\/produktionsschritte\/primare-verpackungsstufe\/","title":{"rendered":"Prim\u00e4re Verpackungsstufe"},"content":{"rendered":"<h1><img loading=\"lazy\" decoding=\"async\" class=\"alignleft size-full wp-image-2171\" src=\"http:\/\/kortho.com\/wp-content\/uploads\/2014\/11\/Productielijn-primair.jpg\" alt=\"Productielijn-primair\" width=\"840\" height=\"138\" srcset=\"https:\/\/kortho.com\/de\/wp-content\/uploads\/sites\/5\/2014\/11\/Productielijn-primair.jpg 840w, https:\/\/kortho.com\/de\/wp-content\/uploads\/sites\/5\/2014\/11\/Productielijn-primair-300x49.jpg 300w\" sizes=\"(max-width: 840px) 100vw, 840px\" \/><\/h1>\n<h1><\/h1>\n<h1><\/h1>\n<h1>Individuelle Produktcodierung<\/h1>\n<p>W\u00e4hrend der Prim\u00e4rstufe des Verpackungsprozesses werden Codes auf die einzelnen Produkte gedruckt. Weil es sich in der Regel um eine relativ hohe Anzahl an Einzelprodukten handelt, ist eine hohe Kennzeichnungsgeschwindigkeit erforderlich.<br \/>\nProdukte f\u00fcr den menschlichen Verzehr sind h\u00e4ufig mit einem Mindesthaltbarkeitsdatum und einem Barcode versehen. Industrielle Produktionslinien drucken \u2013 zus\u00e4tzlich zu den Barcodes \u2013 oftmals auch Seriennummern, Detektionspunkte oder Logos auf ihre Produkte.<br \/>\nF\u00fcr die variable Kennzeichnung empfehlen wir Inkjet- und Thermotransfersysteme, um einfachste Abl\u00e4ufe zu erm\u00f6glichen. Sollte sich die Codierung nur selten \u00e4ndern, sind Hei\u00dfpr\u00e4ge- und Hot-Quick-Codingsysteme eine zuverl\u00e4ssige und g\u00fcnstige Alternative.<\/p>\n<p><img loading=\"lazy\" decoding=\"async\" class=\"alignleft wp-image-4307 size-full\" src=\"http:\/\/kortho.com\/de\/wp-content\/uploads\/sites\/5\/2016\/05\/Primaere-Verpackungsstufe-840x-280-1.png\" alt=\"\" width=\"840\" height=\"279\" srcset=\"https:\/\/kortho.com\/de\/wp-content\/uploads\/sites\/5\/2016\/05\/Primaere-Verpackungsstufe-840x-280-1.png 840w, https:\/\/kortho.com\/de\/wp-content\/uploads\/sites\/5\/2016\/05\/Primaere-Verpackungsstufe-840x-280-1-300x100.png 300w, https:\/\/kortho.com\/de\/wp-content\/uploads\/sites\/5\/2016\/05\/Primaere-Verpackungsstufe-840x-280-1-768x255.png 768w\" sizes=\"(max-width: 840px) 100vw, 840px\" \/><\/p>\n<h2><\/h2>\n<h2><\/h2>\n<h2><\/h2>\n<h2><\/h2>\n<h2><\/h2>\n<h2 style=\"color: #0000ff;text-decoration: underline\" title=\"CIJ\">Die am h\u00e4ufigsten verwendeten Kennzeichnungstechniken<\/h2>\n<ul>\n<li><span style=\"text-decoration: underline;color: #0000ff\"><a style=\"color: #0000ff;text-decoration: underline\" title=\"CIJ\" href=\"http:\/\/kortho.com\/de\/losungen\/kennzeichnungsgerate\/kleinschriftdrucker-cij\/\" target=\"_blank\">Kleinschriftdrucker (CIJ)<\/a><\/span><\/li>\n<li><span style=\"text-decoration: underline\"><span style=\"color: #0000ff\"><a style=\"color: #0000ff;text-decoration: underline\" title=\"TTO\" href=\"http:\/\/kortho.com\/de\/losungen\/kennzeichnungsgerate\/warme-ubertragung-thermotransfer-tto\/\" target=\"_blank\">Thermotransferdrucker (TTO)<\/a><\/span><\/span><\/li>\n<li><span style=\"text-decoration: underline\"><span style=\"color: #0000ff\"><a style=\"color: #0000ff;text-decoration: underline\" title=\"Hot Quickcoder\" href=\"http:\/\/kortho.com\/de\/losungen\/kennzeichnungsgerate\/heisswachstinten\/\" target=\"_blank\">Heisswachstinten<\/a><\/span><\/span><\/li>\n<li><span style=\"text-decoration: underline;color: #0000ff\"><a style=\"color: #0000ff;text-decoration: underline\" title=\"Hotprint\" href=\"http:\/\/kortho.com\/de\/losungen\/kennzeichnungsgerate\/heisspragen\/\" target=\"_blank\">Heisspr\u00e4gesysteme<\/a><\/span><\/li>\n<\/ul>\n<h3><\/h3>\n<p>&nbsp;<\/p>\n<p>&nbsp;<\/p>\n","protected":false},"excerpt":{"rendered":"<p>Individuelle Produktcodierung W\u00e4hrend der Prim\u00e4rstufe des Verpackungsprozesses werden Codes auf die einzelnen Produkte gedruckt. Weil es sich in der Regel&hellip;<\/p>\n","protected":false},"author":1,"featured_media":2198,"parent":161,"menu_order":1,"comment_status":"closed","ping_status":"closed","template":"page_taxonomy_child.php","meta":{"_monsterinsights_skip_tracking":false,"_monsterinsights_sitenote_active":false,"_monsterinsights_sitenote_note":"","_monsterinsights_sitenote_category":0,"footnotes":""},"class_list":["post-236","page","type-page","status-publish","format-standard","has-post-thumbnail","hentry"],"yoast_head":"<!-- This site is optimized with the Yoast SEO plugin v23.6 - https:\/\/yoast.com\/wordpress\/plugins\/seo\/ -->\n<title>Prim\u00e4re Verpackungsstufe - Kortho - Deutschland<\/title>\n<meta name=\"robots\" content=\"index, follow, max-snippet:-1, max-image-preview:large, max-video-preview:-1\" \/>\n<link rel=\"canonical\" href=\"https:\/\/kortho.com\/de\/losungen\/produktionsschritte\/primare-verpackungsstufe\/\" \/>\n<meta property=\"og:locale\" content=\"en_US\" \/>\n<meta property=\"og:type\" content=\"article\" \/>\n<meta property=\"og:title\" content=\"Prim\u00e4re Verpackungsstufe - Kortho - Deutschland\" \/>\n<meta property=\"og:description\" content=\"Individuelle Produktcodierung W\u00e4hrend der Prim\u00e4rstufe des Verpackungsprozesses werden Codes auf die einzelnen Produkte gedruckt. Weil es sich in der Regel&hellip;\" \/>\n<meta property=\"og:url\" content=\"https:\/\/kortho.com\/de\/losungen\/produktionsschritte\/primare-verpackungsstufe\/\" \/>\n<meta property=\"og:site_name\" content=\"Kortho - Deutschland\" \/>\n<meta property=\"article:modified_time\" content=\"2016-06-28T09:17:19+00:00\" \/>\n<meta property=\"og:image\" content=\"https:\/\/kortho.com\/de\/wp-content\/uploads\/sites\/5\/2015\/07\/Primair2.jpg\" \/>\n\t<meta property=\"og:image:width\" content=\"280\" \/>\n\t<meta property=\"og:image:height\" content=\"280\" \/>\n\t<meta property=\"og:image:type\" content=\"image\/jpeg\" \/>\n<meta name=\"twitter:card\" content=\"summary_large_image\" \/>\n<meta name=\"twitter:label1\" content=\"Est. reading time\" \/>\n\t<meta name=\"twitter:data1\" content=\"1 minute\" \/>\n<script type=\"application\/ld+json\" class=\"yoast-schema-graph\">{\"@context\":\"https:\/\/schema.org\",\"@graph\":[{\"@type\":\"WebPage\",\"@id\":\"https:\/\/kortho.com\/de\/losungen\/produktionsschritte\/primare-verpackungsstufe\/\",\"url\":\"https:\/\/kortho.com\/de\/losungen\/produktionsschritte\/primare-verpackungsstufe\/\",\"name\":\"Prim\u00e4re Verpackungsstufe - Kortho - Deutschland\",\"isPartOf\":{\"@id\":\"https:\/\/kortho.com\/de\/#website\"},\"primaryImageOfPage\":{\"@id\":\"https:\/\/kortho.com\/de\/losungen\/produktionsschritte\/primare-verpackungsstufe\/#primaryimage\"},\"image\":{\"@id\":\"https:\/\/kortho.com\/de\/losungen\/produktionsschritte\/primare-verpackungsstufe\/#primaryimage\"},\"thumbnailUrl\":\"https:\/\/kortho.com\/de\/wp-content\/uploads\/sites\/5\/2015\/07\/Primair2.jpg\",\"datePublished\":\"2014-11-30T15:31:30+00:00\",\"dateModified\":\"2016-06-28T09:17:19+00:00\",\"breadcrumb\":{\"@id\":\"https:\/\/kortho.com\/de\/losungen\/produktionsschritte\/primare-verpackungsstufe\/#breadcrumb\"},\"inLanguage\":\"en-US\",\"potentialAction\":[{\"@type\":\"ReadAction\",\"target\":[\"https:\/\/kortho.com\/de\/losungen\/produktionsschritte\/primare-verpackungsstufe\/\"]}]},{\"@type\":\"ImageObject\",\"inLanguage\":\"en-US\",\"@id\":\"https:\/\/kortho.com\/de\/losungen\/produktionsschritte\/primare-verpackungsstufe\/#primaryimage\",\"url\":\"https:\/\/kortho.com\/de\/wp-content\/uploads\/sites\/5\/2015\/07\/Primair2.jpg\",\"contentUrl\":\"https:\/\/kortho.com\/de\/wp-content\/uploads\/sites\/5\/2015\/07\/Primair2.jpg\",\"width\":280,\"height\":280},{\"@type\":\"BreadcrumbList\",\"@id\":\"https:\/\/kortho.com\/de\/losungen\/produktionsschritte\/primare-verpackungsstufe\/#breadcrumb\",\"itemListElement\":[{\"@type\":\"ListItem\",\"position\":1,\"name\":\"Home\",\"item\":\"https:\/\/kortho.com\/de\/\"},{\"@type\":\"ListItem\",\"position\":2,\"name\":\"L\u00f6sungen\",\"item\":\"https:\/\/kortho.com\/de\/losungen\/\"},{\"@type\":\"ListItem\",\"position\":3,\"name\":\"Produktionsschritte\",\"item\":\"https:\/\/kortho.com\/de\/losungen\/produktionsschritte\/\"},{\"@type\":\"ListItem\",\"position\":4,\"name\":\"Prim\u00e4re Verpackungsstufe\"}]},{\"@type\":\"WebSite\",\"@id\":\"https:\/\/kortho.com\/de\/#website\",\"url\":\"https:\/\/kortho.com\/de\/\",\"name\":\"Kortho - Deutschland\",\"description\":\"Coding Competence\",\"potentialAction\":[{\"@type\":\"SearchAction\",\"target\":{\"@type\":\"EntryPoint\",\"urlTemplate\":\"https:\/\/kortho.com\/de\/?s={search_term_string}\"},\"query-input\":{\"@type\":\"PropertyValueSpecification\",\"valueRequired\":true,\"valueName\":\"search_term_string\"}}],\"inLanguage\":\"en-US\"}]}<\/script>\n<!-- \/ Yoast SEO plugin. -->","yoast_head_json":{"title":"Prim\u00e4re Verpackungsstufe - Kortho - Deutschland","robots":{"index":"index","follow":"follow","max-snippet":"max-snippet:-1","max-image-preview":"max-image-preview:large","max-video-preview":"max-video-preview:-1"},"canonical":"https:\/\/kortho.com\/de\/losungen\/produktionsschritte\/primare-verpackungsstufe\/","og_locale":"en_US","og_type":"article","og_title":"Prim\u00e4re Verpackungsstufe - Kortho - Deutschland","og_description":"Individuelle Produktcodierung W\u00e4hrend der Prim\u00e4rstufe des Verpackungsprozesses werden Codes auf die einzelnen Produkte gedruckt. Weil es sich in der Regel&hellip;","og_url":"https:\/\/kortho.com\/de\/losungen\/produktionsschritte\/primare-verpackungsstufe\/","og_site_name":"Kortho - Deutschland","article_modified_time":"2016-06-28T09:17:19+00:00","og_image":[{"width":280,"height":280,"url":"https:\/\/kortho.com\/de\/wp-content\/uploads\/sites\/5\/2015\/07\/Primair2.jpg","type":"image\/jpeg"}],"twitter_card":"summary_large_image","twitter_misc":{"Est. reading time":"1 minute"},"schema":{"@context":"https:\/\/schema.org","@graph":[{"@type":"WebPage","@id":"https:\/\/kortho.com\/de\/losungen\/produktionsschritte\/primare-verpackungsstufe\/","url":"https:\/\/kortho.com\/de\/losungen\/produktionsschritte\/primare-verpackungsstufe\/","name":"Prim\u00e4re Verpackungsstufe - Kortho - Deutschland","isPartOf":{"@id":"https:\/\/kortho.com\/de\/#website"},"primaryImageOfPage":{"@id":"https:\/\/kortho.com\/de\/losungen\/produktionsschritte\/primare-verpackungsstufe\/#primaryimage"},"image":{"@id":"https:\/\/kortho.com\/de\/losungen\/produktionsschritte\/primare-verpackungsstufe\/#primaryimage"},"thumbnailUrl":"https:\/\/kortho.com\/de\/wp-content\/uploads\/sites\/5\/2015\/07\/Primair2.jpg","datePublished":"2014-11-30T15:31:30+00:00","dateModified":"2016-06-28T09:17:19+00:00","breadcrumb":{"@id":"https:\/\/kortho.com\/de\/losungen\/produktionsschritte\/primare-verpackungsstufe\/#breadcrumb"},"inLanguage":"en-US","potentialAction":[{"@type":"ReadAction","target":["https:\/\/kortho.com\/de\/losungen\/produktionsschritte\/primare-verpackungsstufe\/"]}]},{"@type":"ImageObject","inLanguage":"en-US","@id":"https:\/\/kortho.com\/de\/losungen\/produktionsschritte\/primare-verpackungsstufe\/#primaryimage","url":"https:\/\/kortho.com\/de\/wp-content\/uploads\/sites\/5\/2015\/07\/Primair2.jpg","contentUrl":"https:\/\/kortho.com\/de\/wp-content\/uploads\/sites\/5\/2015\/07\/Primair2.jpg","width":280,"height":280},{"@type":"BreadcrumbList","@id":"https:\/\/kortho.com\/de\/losungen\/produktionsschritte\/primare-verpackungsstufe\/#breadcrumb","itemListElement":[{"@type":"ListItem","position":1,"name":"Home","item":"https:\/\/kortho.com\/de\/"},{"@type":"ListItem","position":2,"name":"L\u00f6sungen","item":"https:\/\/kortho.com\/de\/losungen\/"},{"@type":"ListItem","position":3,"name":"Produktionsschritte","item":"https:\/\/kortho.com\/de\/losungen\/produktionsschritte\/"},{"@type":"ListItem","position":4,"name":"Prim\u00e4re Verpackungsstufe"}]},{"@type":"WebSite","@id":"https:\/\/kortho.com\/de\/#website","url":"https:\/\/kortho.com\/de\/","name":"Kortho - Deutschland","description":"Coding Competence","potentialAction":[{"@type":"SearchAction","target":{"@type":"EntryPoint","urlTemplate":"https:\/\/kortho.com\/de\/?s={search_term_string}"},"query-input":{"@type":"PropertyValueSpecification","valueRequired":true,"valueName":"search_term_string"}}],"inLanguage":"en-US"}]}},"aioseo_notices":[],"_links":{"self":[{"href":"https:\/\/kortho.com\/de\/wp-json\/wp\/v2\/pages\/236"}],"collection":[{"href":"https:\/\/kortho.com\/de\/wp-json\/wp\/v2\/pages"}],"about":[{"href":"https:\/\/kortho.com\/de\/wp-json\/wp\/v2\/types\/page"}],"author":[{"embeddable":true,"href":"https:\/\/kortho.com\/de\/wp-json\/wp\/v2\/users\/1"}],"replies":[{"embeddable":true,"href":"https:\/\/kortho.com\/de\/wp-json\/wp\/v2\/comments?post=236"}],"version-history":[{"count":32,"href":"https:\/\/kortho.com\/de\/wp-json\/wp\/v2\/pages\/236\/revisions"}],"predecessor-version":[{"id":4684,"href":"https:\/\/kortho.com\/de\/wp-json\/wp\/v2\/pages\/236\/revisions\/4684"}],"up":[{"embeddable":true,"href":"https:\/\/kortho.com\/de\/wp-json\/wp\/v2\/pages\/161"}],"wp:featuredmedia":[{"embeddable":true,"href":"https:\/\/kortho.com\/de\/wp-json\/wp\/v2\/media\/2198"}],"wp:attachment":[{"href":"https:\/\/kortho.com\/de\/wp-json\/wp\/v2\/media?parent=236"}],"curies":[{"name":"wp","href":"https:\/\/api.w.org\/{rel}","templated":true}]}}