{"id":238,"date":"2014-11-30T15:32:19","date_gmt":"2014-11-30T15:32:19","guid":{"rendered":"http:\/\/jaspervandermeij.nl\/kortho\/nl\/?page_id=238"},"modified":"2016-06-28T09:41:15","modified_gmt":"2016-06-28T09:41:15","slug":"sekundare-verpackungsstufe","status":"publish","type":"page","link":"https:\/\/kortho.com\/de\/losungen\/produktionsschritte\/sekundare-verpackungsstufe\/","title":{"rendered":"Sekund\u00e4re Verpackungsstufe"},"content":{"rendered":"<h1><img loading=\"lazy\" decoding=\"async\" class=\"alignleft size-full wp-image-2175\" src=\"http:\/\/kortho.com\/wp-content\/uploads\/2014\/11\/Productielijn-secundairr.jpg\" alt=\"Productielijn-secundairr\" width=\"840\" height=\"138\" srcset=\"https:\/\/kortho.com\/de\/wp-content\/uploads\/sites\/5\/2014\/11\/Productielijn-secundairr.jpg 840w, https:\/\/kortho.com\/de\/wp-content\/uploads\/sites\/5\/2014\/11\/Productielijn-secundairr-300x49.jpg 300w\" sizes=\"(max-width: 840px) 100vw, 840px\" \/><\/h1>\n<h1><\/h1>\n<p>&nbsp;<\/p>\n<h1>Chargencodierung<\/h1>\n<p>W\u00e4hrend der Sekund\u00e4rphase des Verpackungsprozesses wird eine Charge von Produkten codiert. Diese Chargen enthalten die individuell codierten Produkte der prim\u00e4ren Phase. In den meisten Situationen werden Kartons gekennzeichnet, auf die ein Barcode und eine\u00a0 Inhaltsangabe gedruckt wird.<br \/>\nF\u00fcr einen variablen Druck kann das Hi-Res Inkjet-System verwendet werden. Falls der Druck nur selten ge\u00e4ndert wird, ist der Rollcoder die kosteng\u00fcnstigere Variante.<\/p>\n<h2><img loading=\"lazy\" decoding=\"async\" class=\"alignleft wp-image-4310 size-full\" src=\"http:\/\/kortho.com\/de\/wp-content\/uploads\/sites\/5\/2016\/05\/Sekundaere-Verpackungsstufe-840x-280.png\" alt=\"\" width=\"840\" height=\"280\" srcset=\"https:\/\/kortho.com\/de\/wp-content\/uploads\/sites\/5\/2016\/05\/Sekundaere-Verpackungsstufe-840x-280.png 840w, https:\/\/kortho.com\/de\/wp-content\/uploads\/sites\/5\/2016\/05\/Sekundaere-Verpackungsstufe-840x-280-300x100.png 300w, https:\/\/kortho.com\/de\/wp-content\/uploads\/sites\/5\/2016\/05\/Sekundaere-Verpackungsstufe-840x-280-768x256.png 768w\" sizes=\"(max-width: 840px) 100vw, 840px\" \/><\/h2>\n<p>&nbsp;<\/p>\n<h2 style=\"text-decoration: underline;color: #0000ff\">Die am h\u00e4ufigsten verwendeten Kennzeichnungstechniken<\/h2>\n<ul>\n<li><span style=\"text-decoration: underline;color: #0000ff\"><a style=\"color: #0000ff;text-decoration: underline\" title=\"Hi-Res Inkjet\" href=\"http:\/\/kortho.com\/de\/losungen\/kennzeichnungsgerate\/hi-res-inkjet\/\" target=\"_blank\">Hi-Res Inkjet<\/a><\/span><\/li>\n<li><a title=\"Rolcoder\" href=\"http:\/\/kortho.com\/de\/losungen\/kennzeichnungsgerate\/rollcoder\/\" target=\"_blank\"><span style=\"text-decoration: underline\"><span style=\"color: #0000ff;text-decoration: underline\">Rollcoder<\/span><\/span><\/a><\/li>\n<\/ul>\n<p>&nbsp;<\/p>\n","protected":false},"excerpt":{"rendered":"<p>&nbsp; Chargencodierung W\u00e4hrend der Sekund\u00e4rphase des Verpackungsprozesses wird eine Charge von Produkten codiert. Diese Chargen enthalten die individuell codierten Produkte&hellip;<\/p>\n","protected":false},"author":1,"featured_media":2199,"parent":161,"menu_order":2,"comment_status":"closed","ping_status":"closed","template":"page_taxonomy_child.php","meta":{"_monsterinsights_skip_tracking":false,"_monsterinsights_sitenote_active":false,"_monsterinsights_sitenote_note":"","_monsterinsights_sitenote_category":0,"footnotes":""},"class_list":["post-238","page","type-page","status-publish","format-standard","has-post-thumbnail","hentry"],"yoast_head":"<!-- This site is optimized with the Yoast SEO plugin v23.6 - https:\/\/yoast.com\/wordpress\/plugins\/seo\/ -->\n<title>Sekund\u00e4re Verpackungsstufe - Kortho - Deutschland<\/title>\n<meta name=\"robots\" content=\"index, follow, max-snippet:-1, max-image-preview:large, max-video-preview:-1\" \/>\n<link rel=\"canonical\" href=\"https:\/\/kortho.com\/de\/losungen\/produktionsschritte\/sekundare-verpackungsstufe\/\" \/>\n<meta property=\"og:locale\" content=\"en_US\" \/>\n<meta property=\"og:type\" content=\"article\" \/>\n<meta property=\"og:title\" content=\"Sekund\u00e4re Verpackungsstufe - Kortho - Deutschland\" \/>\n<meta property=\"og:description\" content=\"&nbsp; Chargencodierung W\u00e4hrend der Sekund\u00e4rphase des Verpackungsprozesses wird eine Charge von Produkten codiert. Diese Chargen enthalten die individuell codierten Produkte&hellip;\" \/>\n<meta property=\"og:url\" content=\"https:\/\/kortho.com\/de\/losungen\/produktionsschritte\/sekundare-verpackungsstufe\/\" \/>\n<meta property=\"og:site_name\" content=\"Kortho - Deutschland\" \/>\n<meta property=\"article:modified_time\" content=\"2016-06-28T09:41:15+00:00\" \/>\n<meta property=\"og:image\" content=\"https:\/\/kortho.com\/de\/wp-content\/uploads\/sites\/5\/2015\/07\/secundair2.jpg\" \/>\n\t<meta property=\"og:image:width\" content=\"280\" \/>\n\t<meta property=\"og:image:height\" content=\"280\" \/>\n\t<meta property=\"og:image:type\" content=\"image\/jpeg\" \/>\n<meta name=\"twitter:card\" content=\"summary_large_image\" \/>\n<script type=\"application\/ld+json\" class=\"yoast-schema-graph\">{\"@context\":\"https:\/\/schema.org\",\"@graph\":[{\"@type\":\"WebPage\",\"@id\":\"https:\/\/kortho.com\/de\/losungen\/produktionsschritte\/sekundare-verpackungsstufe\/\",\"url\":\"https:\/\/kortho.com\/de\/losungen\/produktionsschritte\/sekundare-verpackungsstufe\/\",\"name\":\"Sekund\u00e4re Verpackungsstufe - Kortho - Deutschland\",\"isPartOf\":{\"@id\":\"https:\/\/kortho.com\/de\/#website\"},\"primaryImageOfPage\":{\"@id\":\"https:\/\/kortho.com\/de\/losungen\/produktionsschritte\/sekundare-verpackungsstufe\/#primaryimage\"},\"image\":{\"@id\":\"https:\/\/kortho.com\/de\/losungen\/produktionsschritte\/sekundare-verpackungsstufe\/#primaryimage\"},\"thumbnailUrl\":\"https:\/\/kortho.com\/de\/wp-content\/uploads\/sites\/5\/2015\/07\/secundair2.jpg\",\"datePublished\":\"2014-11-30T15:32:19+00:00\",\"dateModified\":\"2016-06-28T09:41:15+00:00\",\"breadcrumb\":{\"@id\":\"https:\/\/kortho.com\/de\/losungen\/produktionsschritte\/sekundare-verpackungsstufe\/#breadcrumb\"},\"inLanguage\":\"en-US\",\"potentialAction\":[{\"@type\":\"ReadAction\",\"target\":[\"https:\/\/kortho.com\/de\/losungen\/produktionsschritte\/sekundare-verpackungsstufe\/\"]}]},{\"@type\":\"ImageObject\",\"inLanguage\":\"en-US\",\"@id\":\"https:\/\/kortho.com\/de\/losungen\/produktionsschritte\/sekundare-verpackungsstufe\/#primaryimage\",\"url\":\"https:\/\/kortho.com\/de\/wp-content\/uploads\/sites\/5\/2015\/07\/secundair2.jpg\",\"contentUrl\":\"https:\/\/kortho.com\/de\/wp-content\/uploads\/sites\/5\/2015\/07\/secundair2.jpg\",\"width\":280,\"height\":280},{\"@type\":\"BreadcrumbList\",\"@id\":\"https:\/\/kortho.com\/de\/losungen\/produktionsschritte\/sekundare-verpackungsstufe\/#breadcrumb\",\"itemListElement\":[{\"@type\":\"ListItem\",\"position\":1,\"name\":\"Home\",\"item\":\"https:\/\/kortho.com\/de\/\"},{\"@type\":\"ListItem\",\"position\":2,\"name\":\"L\u00f6sungen\",\"item\":\"https:\/\/kortho.com\/de\/losungen\/\"},{\"@type\":\"ListItem\",\"position\":3,\"name\":\"Produktionsschritte\",\"item\":\"https:\/\/kortho.com\/de\/losungen\/produktionsschritte\/\"},{\"@type\":\"ListItem\",\"position\":4,\"name\":\"Sekund\u00e4re Verpackungsstufe\"}]},{\"@type\":\"WebSite\",\"@id\":\"https:\/\/kortho.com\/de\/#website\",\"url\":\"https:\/\/kortho.com\/de\/\",\"name\":\"Kortho - Deutschland\",\"description\":\"Coding Competence\",\"potentialAction\":[{\"@type\":\"SearchAction\",\"target\":{\"@type\":\"EntryPoint\",\"urlTemplate\":\"https:\/\/kortho.com\/de\/?s={search_term_string}\"},\"query-input\":{\"@type\":\"PropertyValueSpecification\",\"valueRequired\":true,\"valueName\":\"search_term_string\"}}],\"inLanguage\":\"en-US\"}]}<\/script>\n<!-- \/ Yoast SEO plugin. -->","yoast_head_json":{"title":"Sekund\u00e4re Verpackungsstufe - Kortho - Deutschland","robots":{"index":"index","follow":"follow","max-snippet":"max-snippet:-1","max-image-preview":"max-image-preview:large","max-video-preview":"max-video-preview:-1"},"canonical":"https:\/\/kortho.com\/de\/losungen\/produktionsschritte\/sekundare-verpackungsstufe\/","og_locale":"en_US","og_type":"article","og_title":"Sekund\u00e4re Verpackungsstufe - Kortho - Deutschland","og_description":"&nbsp; Chargencodierung W\u00e4hrend der Sekund\u00e4rphase des Verpackungsprozesses wird eine Charge von Produkten codiert. Diese Chargen enthalten die individuell codierten Produkte&hellip;","og_url":"https:\/\/kortho.com\/de\/losungen\/produktionsschritte\/sekundare-verpackungsstufe\/","og_site_name":"Kortho - Deutschland","article_modified_time":"2016-06-28T09:41:15+00:00","og_image":[{"width":280,"height":280,"url":"https:\/\/kortho.com\/de\/wp-content\/uploads\/sites\/5\/2015\/07\/secundair2.jpg","type":"image\/jpeg"}],"twitter_card":"summary_large_image","schema":{"@context":"https:\/\/schema.org","@graph":[{"@type":"WebPage","@id":"https:\/\/kortho.com\/de\/losungen\/produktionsschritte\/sekundare-verpackungsstufe\/","url":"https:\/\/kortho.com\/de\/losungen\/produktionsschritte\/sekundare-verpackungsstufe\/","name":"Sekund\u00e4re Verpackungsstufe - Kortho - Deutschland","isPartOf":{"@id":"https:\/\/kortho.com\/de\/#website"},"primaryImageOfPage":{"@id":"https:\/\/kortho.com\/de\/losungen\/produktionsschritte\/sekundare-verpackungsstufe\/#primaryimage"},"image":{"@id":"https:\/\/kortho.com\/de\/losungen\/produktionsschritte\/sekundare-verpackungsstufe\/#primaryimage"},"thumbnailUrl":"https:\/\/kortho.com\/de\/wp-content\/uploads\/sites\/5\/2015\/07\/secundair2.jpg","datePublished":"2014-11-30T15:32:19+00:00","dateModified":"2016-06-28T09:41:15+00:00","breadcrumb":{"@id":"https:\/\/kortho.com\/de\/losungen\/produktionsschritte\/sekundare-verpackungsstufe\/#breadcrumb"},"inLanguage":"en-US","potentialAction":[{"@type":"ReadAction","target":["https:\/\/kortho.com\/de\/losungen\/produktionsschritte\/sekundare-verpackungsstufe\/"]}]},{"@type":"ImageObject","inLanguage":"en-US","@id":"https:\/\/kortho.com\/de\/losungen\/produktionsschritte\/sekundare-verpackungsstufe\/#primaryimage","url":"https:\/\/kortho.com\/de\/wp-content\/uploads\/sites\/5\/2015\/07\/secundair2.jpg","contentUrl":"https:\/\/kortho.com\/de\/wp-content\/uploads\/sites\/5\/2015\/07\/secundair2.jpg","width":280,"height":280},{"@type":"BreadcrumbList","@id":"https:\/\/kortho.com\/de\/losungen\/produktionsschritte\/sekundare-verpackungsstufe\/#breadcrumb","itemListElement":[{"@type":"ListItem","position":1,"name":"Home","item":"https:\/\/kortho.com\/de\/"},{"@type":"ListItem","position":2,"name":"L\u00f6sungen","item":"https:\/\/kortho.com\/de\/losungen\/"},{"@type":"ListItem","position":3,"name":"Produktionsschritte","item":"https:\/\/kortho.com\/de\/losungen\/produktionsschritte\/"},{"@type":"ListItem","position":4,"name":"Sekund\u00e4re Verpackungsstufe"}]},{"@type":"WebSite","@id":"https:\/\/kortho.com\/de\/#website","url":"https:\/\/kortho.com\/de\/","name":"Kortho - Deutschland","description":"Coding Competence","potentialAction":[{"@type":"SearchAction","target":{"@type":"EntryPoint","urlTemplate":"https:\/\/kortho.com\/de\/?s={search_term_string}"},"query-input":{"@type":"PropertyValueSpecification","valueRequired":true,"valueName":"search_term_string"}}],"inLanguage":"en-US"}]}},"aioseo_notices":[],"_links":{"self":[{"href":"https:\/\/kortho.com\/de\/wp-json\/wp\/v2\/pages\/238"}],"collection":[{"href":"https:\/\/kortho.com\/de\/wp-json\/wp\/v2\/pages"}],"about":[{"href":"https:\/\/kortho.com\/de\/wp-json\/wp\/v2\/types\/page"}],"author":[{"embeddable":true,"href":"https:\/\/kortho.com\/de\/wp-json\/wp\/v2\/users\/1"}],"replies":[{"embeddable":true,"href":"https:\/\/kortho.com\/de\/wp-json\/wp\/v2\/comments?post=238"}],"version-history":[{"count":33,"href":"https:\/\/kortho.com\/de\/wp-json\/wp\/v2\/pages\/238\/revisions"}],"predecessor-version":[{"id":4686,"href":"https:\/\/kortho.com\/de\/wp-json\/wp\/v2\/pages\/238\/revisions\/4686"}],"up":[{"embeddable":true,"href":"https:\/\/kortho.com\/de\/wp-json\/wp\/v2\/pages\/161"}],"wp:featuredmedia":[{"embeddable":true,"href":"https:\/\/kortho.com\/de\/wp-json\/wp\/v2\/media\/2199"}],"wp:attachment":[{"href":"https:\/\/kortho.com\/de\/wp-json\/wp\/v2\/media?parent=238"}],"curies":[{"name":"wp","href":"https:\/\/api.w.org\/{rel}","templated":true}]}}