{"id":240,"date":"2014-11-30T15:32:48","date_gmt":"2014-11-30T15:32:48","guid":{"rendered":"http:\/\/jaspervandermeij.nl\/kortho\/nl\/?page_id=240"},"modified":"2016-06-28T09:48:14","modified_gmt":"2016-06-28T09:48:14","slug":"tertiare-verpackungsstufe","status":"publish","type":"page","link":"https:\/\/kortho.com\/de\/losungen\/produktionsschritte\/tertiare-verpackungsstufe\/","title":{"rendered":"Terti\u00e4re Verpackungsstufe"},"content":{"rendered":"<h1><img loading=\"lazy\" decoding=\"async\" class=\"alignleft size-full wp-image-2181\" src=\"http:\/\/kortho.com\/wp-content\/uploads\/2015\/07\/Productielijn-tertiar.jpg\" alt=\"Productielijn-tertiar\" width=\"840\" height=\"138\" srcset=\"https:\/\/kortho.com\/de\/wp-content\/uploads\/sites\/5\/2015\/07\/Productielijn-tertiar.jpg 840w, https:\/\/kortho.com\/de\/wp-content\/uploads\/sites\/5\/2015\/07\/Productielijn-tertiar-300x49.jpg 300w\" sizes=\"(max-width: 840px) 100vw, 840px\" \/><\/h1>\n<h1><\/h1>\n<h1><\/h1>\n<h1>Palletencodierung<\/h1>\n<p>W\u00e4hrend der Terti\u00e4rphase des Verpackungsprozesses werden die endg\u00fcltigen Markierungen und Kennzeichnungen auf den Paletten und Kisten appliziert, bevor diese versendet werden. Zus\u00e4tzlich zu dem manuellen Verfahren mit Markern, schlie\u00dft dieses oftmals SSCC Palettencodes mit ein (Serial Shipping Container Code). Diese k\u00f6nnen direkt von dem Hi-Res Inkjet gedruckt werden. Au\u00dferdem werden in anspruchsvollen Industrie- oder feuchten Umgebungen, oder aber aus Haushaltsgr\u00fcnden, Schablonenvorlagen oder Rollcoder h\u00e4ufig verwendet.<\/p>\n<h2><img loading=\"lazy\" decoding=\"async\" class=\"alignleft wp-image-4309 size-full\" src=\"http:\/\/kortho.com\/de\/wp-content\/uploads\/sites\/5\/2016\/05\/Tertiaere-Verpackungsstufe-840x-280.png\" alt=\"\" width=\"840\" height=\"280\" srcset=\"https:\/\/kortho.com\/de\/wp-content\/uploads\/sites\/5\/2016\/05\/Tertiaere-Verpackungsstufe-840x-280.png 840w, https:\/\/kortho.com\/de\/wp-content\/uploads\/sites\/5\/2016\/05\/Tertiaere-Verpackungsstufe-840x-280-300x100.png 300w, https:\/\/kortho.com\/de\/wp-content\/uploads\/sites\/5\/2016\/05\/Tertiaere-Verpackungsstufe-840x-280-768x256.png 768w\" sizes=\"(max-width: 840px) 100vw, 840px\" \/><\/h2>\n<h2><\/h2>\n<h2><\/h2>\n<h2><\/h2>\n<h2 style=\"color: #0000ff;text-decoration: underline\" title=\"Labelprint\">Die am h\u00e4ufigsten verwendeten Codierungstechniken<\/h2>\n<ul>\n<li><span style=\"text-decoration: underline;color: #0000ff\"><a style=\"color: #0000ff;text-decoration: underline\" title=\"Hi-Res Inkjet\" href=\"http:\/\/kortho.com\/de\/losungen\/kennzeichnungsgerate\/hi-res-inkjet\/\" target=\"_blank\">Hi-Res Inkjet<\/a><\/span><\/li>\n<li><a title=\"Rolcoder\" href=\"http:\/\/kortho.com\/de\/losungen\/kennzeichnungsgerate\/rollcoder\/\" target=\"_blank\"><span style=\"text-decoration: underline\"><span style=\"color: #0000ff;text-decoration: underline\">Rollcoder<\/span><\/span><\/a><\/li>\n<li><span style=\"text-decoration: underline\"><span style=\"color: #0000ff\"><a style=\"color: #0000ff;text-decoration: underline\" title=\"Industri\u00eble Markers\" href=\"http:\/\/kortho.com\/de\/losungen\/kennzeichnungsgerate\/industriemarker\/\" target=\"_blank\">Industriemarker<\/a><\/span><\/span><\/li>\n<li><a title=\"Sjabloneren\" href=\"http:\/\/kortho.com\/de\/losungen\/kennzeichnungsgerate\/schablonenmarkierung\/\" target=\"_blank\"><span style=\"text-decoration: underline\"><span style=\"color: #0000ff;text-decoration: underline\">Schablonenmarkierung<\/span><\/span><\/a><\/li>\n<\/ul>\n<h3>Downloads<\/h3>\n<p>Leaflet: <span style=\"text-decoration: underline;color: #0000ff\"><a style=\"color: #0000ff;text-decoration: underline\" href=\"http:\/\/kortho.com\/de\/wp-content\/uploads\/sites\/5\/2016\/02\/Automatiseer-uw-codeerproces-met-Kortho-apparatuur-in-het-complete-verpakkingstraject-en-bespaar-02-2-16.pdf\" target=\"_blank\">Automatiseer *** NOG AANPASSEN uw totale productieproces met Kortho codeersystemen en bespaar!<\/a><\/span><\/p>\n<p>&nbsp;<\/p>\n","protected":false},"excerpt":{"rendered":"<p>Palletencodierung W\u00e4hrend der Terti\u00e4rphase des Verpackungsprozesses werden die endg\u00fcltigen Markierungen und Kennzeichnungen auf den Paletten und Kisten appliziert, bevor diese&hellip;<\/p>\n","protected":false},"author":1,"featured_media":2200,"parent":161,"menu_order":3,"comment_status":"closed","ping_status":"closed","template":"page_taxonomy_child.php","meta":{"_monsterinsights_skip_tracking":false,"_monsterinsights_sitenote_active":false,"_monsterinsights_sitenote_note":"","_monsterinsights_sitenote_category":0,"footnotes":""},"class_list":["post-240","page","type-page","status-publish","format-standard","has-post-thumbnail","hentry"],"yoast_head":"<!-- This site is optimized with the Yoast SEO plugin v23.6 - https:\/\/yoast.com\/wordpress\/plugins\/seo\/ -->\n<title>Terti\u00e4re Verpackungsstufe - Kortho - Deutschland<\/title>\n<meta name=\"robots\" content=\"index, follow, max-snippet:-1, max-image-preview:large, max-video-preview:-1\" \/>\n<link rel=\"canonical\" href=\"https:\/\/kortho.com\/de\/losungen\/produktionsschritte\/tertiare-verpackungsstufe\/\" \/>\n<meta property=\"og:locale\" content=\"en_US\" \/>\n<meta property=\"og:type\" content=\"article\" \/>\n<meta property=\"og:title\" content=\"Terti\u00e4re Verpackungsstufe - Kortho - Deutschland\" \/>\n<meta property=\"og:description\" content=\"Palletencodierung W\u00e4hrend der Terti\u00e4rphase des Verpackungsprozesses werden die endg\u00fcltigen Markierungen und Kennzeichnungen auf den Paletten und Kisten appliziert, bevor diese&hellip;\" \/>\n<meta property=\"og:url\" content=\"https:\/\/kortho.com\/de\/losungen\/produktionsschritte\/tertiare-verpackungsstufe\/\" \/>\n<meta property=\"og:site_name\" content=\"Kortho - Deutschland\" \/>\n<meta property=\"article:modified_time\" content=\"2016-06-28T09:48:14+00:00\" \/>\n<meta property=\"og:image\" content=\"https:\/\/kortho.com\/de\/wp-content\/uploads\/sites\/5\/2015\/07\/tertiar2.jpg\" \/>\n\t<meta property=\"og:image:width\" content=\"280\" \/>\n\t<meta property=\"og:image:height\" content=\"280\" \/>\n\t<meta property=\"og:image:type\" content=\"image\/jpeg\" \/>\n<meta name=\"twitter:card\" content=\"summary_large_image\" \/>\n<meta name=\"twitter:label1\" content=\"Est. reading time\" \/>\n\t<meta name=\"twitter:data1\" content=\"1 minute\" \/>\n<script type=\"application\/ld+json\" class=\"yoast-schema-graph\">{\"@context\":\"https:\/\/schema.org\",\"@graph\":[{\"@type\":\"WebPage\",\"@id\":\"https:\/\/kortho.com\/de\/losungen\/produktionsschritte\/tertiare-verpackungsstufe\/\",\"url\":\"https:\/\/kortho.com\/de\/losungen\/produktionsschritte\/tertiare-verpackungsstufe\/\",\"name\":\"Terti\u00e4re Verpackungsstufe - Kortho - Deutschland\",\"isPartOf\":{\"@id\":\"https:\/\/kortho.com\/de\/#website\"},\"primaryImageOfPage\":{\"@id\":\"https:\/\/kortho.com\/de\/losungen\/produktionsschritte\/tertiare-verpackungsstufe\/#primaryimage\"},\"image\":{\"@id\":\"https:\/\/kortho.com\/de\/losungen\/produktionsschritte\/tertiare-verpackungsstufe\/#primaryimage\"},\"thumbnailUrl\":\"https:\/\/kortho.com\/de\/wp-content\/uploads\/sites\/5\/2015\/07\/tertiar2.jpg\",\"datePublished\":\"2014-11-30T15:32:48+00:00\",\"dateModified\":\"2016-06-28T09:48:14+00:00\",\"breadcrumb\":{\"@id\":\"https:\/\/kortho.com\/de\/losungen\/produktionsschritte\/tertiare-verpackungsstufe\/#breadcrumb\"},\"inLanguage\":\"en-US\",\"potentialAction\":[{\"@type\":\"ReadAction\",\"target\":[\"https:\/\/kortho.com\/de\/losungen\/produktionsschritte\/tertiare-verpackungsstufe\/\"]}]},{\"@type\":\"ImageObject\",\"inLanguage\":\"en-US\",\"@id\":\"https:\/\/kortho.com\/de\/losungen\/produktionsschritte\/tertiare-verpackungsstufe\/#primaryimage\",\"url\":\"https:\/\/kortho.com\/de\/wp-content\/uploads\/sites\/5\/2015\/07\/tertiar2.jpg\",\"contentUrl\":\"https:\/\/kortho.com\/de\/wp-content\/uploads\/sites\/5\/2015\/07\/tertiar2.jpg\",\"width\":280,\"height\":280},{\"@type\":\"BreadcrumbList\",\"@id\":\"https:\/\/kortho.com\/de\/losungen\/produktionsschritte\/tertiare-verpackungsstufe\/#breadcrumb\",\"itemListElement\":[{\"@type\":\"ListItem\",\"position\":1,\"name\":\"Home\",\"item\":\"https:\/\/kortho.com\/de\/\"},{\"@type\":\"ListItem\",\"position\":2,\"name\":\"L\u00f6sungen\",\"item\":\"https:\/\/kortho.com\/de\/losungen\/\"},{\"@type\":\"ListItem\",\"position\":3,\"name\":\"Produktionsschritte\",\"item\":\"https:\/\/kortho.com\/de\/losungen\/produktionsschritte\/\"},{\"@type\":\"ListItem\",\"position\":4,\"name\":\"Terti\u00e4re Verpackungsstufe\"}]},{\"@type\":\"WebSite\",\"@id\":\"https:\/\/kortho.com\/de\/#website\",\"url\":\"https:\/\/kortho.com\/de\/\",\"name\":\"Kortho - Deutschland\",\"description\":\"Coding Competence\",\"potentialAction\":[{\"@type\":\"SearchAction\",\"target\":{\"@type\":\"EntryPoint\",\"urlTemplate\":\"https:\/\/kortho.com\/de\/?s={search_term_string}\"},\"query-input\":{\"@type\":\"PropertyValueSpecification\",\"valueRequired\":true,\"valueName\":\"search_term_string\"}}],\"inLanguage\":\"en-US\"}]}<\/script>\n<!-- \/ Yoast SEO plugin. -->","yoast_head_json":{"title":"Terti\u00e4re Verpackungsstufe - Kortho - Deutschland","robots":{"index":"index","follow":"follow","max-snippet":"max-snippet:-1","max-image-preview":"max-image-preview:large","max-video-preview":"max-video-preview:-1"},"canonical":"https:\/\/kortho.com\/de\/losungen\/produktionsschritte\/tertiare-verpackungsstufe\/","og_locale":"en_US","og_type":"article","og_title":"Terti\u00e4re Verpackungsstufe - Kortho - Deutschland","og_description":"Palletencodierung W\u00e4hrend der Terti\u00e4rphase des Verpackungsprozesses werden die endg\u00fcltigen Markierungen und Kennzeichnungen auf den Paletten und Kisten appliziert, bevor diese&hellip;","og_url":"https:\/\/kortho.com\/de\/losungen\/produktionsschritte\/tertiare-verpackungsstufe\/","og_site_name":"Kortho - Deutschland","article_modified_time":"2016-06-28T09:48:14+00:00","og_image":[{"width":280,"height":280,"url":"https:\/\/kortho.com\/de\/wp-content\/uploads\/sites\/5\/2015\/07\/tertiar2.jpg","type":"image\/jpeg"}],"twitter_card":"summary_large_image","twitter_misc":{"Est. reading time":"1 minute"},"schema":{"@context":"https:\/\/schema.org","@graph":[{"@type":"WebPage","@id":"https:\/\/kortho.com\/de\/losungen\/produktionsschritte\/tertiare-verpackungsstufe\/","url":"https:\/\/kortho.com\/de\/losungen\/produktionsschritte\/tertiare-verpackungsstufe\/","name":"Terti\u00e4re Verpackungsstufe - Kortho - Deutschland","isPartOf":{"@id":"https:\/\/kortho.com\/de\/#website"},"primaryImageOfPage":{"@id":"https:\/\/kortho.com\/de\/losungen\/produktionsschritte\/tertiare-verpackungsstufe\/#primaryimage"},"image":{"@id":"https:\/\/kortho.com\/de\/losungen\/produktionsschritte\/tertiare-verpackungsstufe\/#primaryimage"},"thumbnailUrl":"https:\/\/kortho.com\/de\/wp-content\/uploads\/sites\/5\/2015\/07\/tertiar2.jpg","datePublished":"2014-11-30T15:32:48+00:00","dateModified":"2016-06-28T09:48:14+00:00","breadcrumb":{"@id":"https:\/\/kortho.com\/de\/losungen\/produktionsschritte\/tertiare-verpackungsstufe\/#breadcrumb"},"inLanguage":"en-US","potentialAction":[{"@type":"ReadAction","target":["https:\/\/kortho.com\/de\/losungen\/produktionsschritte\/tertiare-verpackungsstufe\/"]}]},{"@type":"ImageObject","inLanguage":"en-US","@id":"https:\/\/kortho.com\/de\/losungen\/produktionsschritte\/tertiare-verpackungsstufe\/#primaryimage","url":"https:\/\/kortho.com\/de\/wp-content\/uploads\/sites\/5\/2015\/07\/tertiar2.jpg","contentUrl":"https:\/\/kortho.com\/de\/wp-content\/uploads\/sites\/5\/2015\/07\/tertiar2.jpg","width":280,"height":280},{"@type":"BreadcrumbList","@id":"https:\/\/kortho.com\/de\/losungen\/produktionsschritte\/tertiare-verpackungsstufe\/#breadcrumb","itemListElement":[{"@type":"ListItem","position":1,"name":"Home","item":"https:\/\/kortho.com\/de\/"},{"@type":"ListItem","position":2,"name":"L\u00f6sungen","item":"https:\/\/kortho.com\/de\/losungen\/"},{"@type":"ListItem","position":3,"name":"Produktionsschritte","item":"https:\/\/kortho.com\/de\/losungen\/produktionsschritte\/"},{"@type":"ListItem","position":4,"name":"Terti\u00e4re Verpackungsstufe"}]},{"@type":"WebSite","@id":"https:\/\/kortho.com\/de\/#website","url":"https:\/\/kortho.com\/de\/","name":"Kortho - Deutschland","description":"Coding Competence","potentialAction":[{"@type":"SearchAction","target":{"@type":"EntryPoint","urlTemplate":"https:\/\/kortho.com\/de\/?s={search_term_string}"},"query-input":{"@type":"PropertyValueSpecification","valueRequired":true,"valueName":"search_term_string"}}],"inLanguage":"en-US"}]}},"aioseo_notices":[],"_links":{"self":[{"href":"https:\/\/kortho.com\/de\/wp-json\/wp\/v2\/pages\/240"}],"collection":[{"href":"https:\/\/kortho.com\/de\/wp-json\/wp\/v2\/pages"}],"about":[{"href":"https:\/\/kortho.com\/de\/wp-json\/wp\/v2\/types\/page"}],"author":[{"embeddable":true,"href":"https:\/\/kortho.com\/de\/wp-json\/wp\/v2\/users\/1"}],"replies":[{"embeddable":true,"href":"https:\/\/kortho.com\/de\/wp-json\/wp\/v2\/comments?post=240"}],"version-history":[{"count":32,"href":"https:\/\/kortho.com\/de\/wp-json\/wp\/v2\/pages\/240\/revisions"}],"predecessor-version":[{"id":4689,"href":"https:\/\/kortho.com\/de\/wp-json\/wp\/v2\/pages\/240\/revisions\/4689"}],"up":[{"embeddable":true,"href":"https:\/\/kortho.com\/de\/wp-json\/wp\/v2\/pages\/161"}],"wp:featuredmedia":[{"embeddable":true,"href":"https:\/\/kortho.com\/de\/wp-json\/wp\/v2\/media\/2200"}],"wp:attachment":[{"href":"https:\/\/kortho.com\/de\/wp-json\/wp\/v2\/media?parent=240"}],"curies":[{"name":"wp","href":"https:\/\/api.w.org\/{rel}","templated":true}]}}