{"id":242,"date":"2014-11-30T15:33:31","date_gmt":"2014-11-30T15:33:31","guid":{"rendered":"http:\/\/jaspervandermeij.nl\/kortho\/nl\/?page_id=242"},"modified":"2016-06-28T08:25:45","modified_gmt":"2016-06-28T08:25:45","slug":"heisswachstinten","status":"publish","type":"page","link":"https:\/\/kortho.com\/de\/losungen\/kennzeichnungsgerate\/heisswachstinten\/","title":{"rendered":"Heisswachs-Drucker"},"content":{"rendered":"<h2><img loading=\"lazy\" decoding=\"async\" class=\"alignleft size-full wp-image-1102\" src=\"http:\/\/kortho.com\/wp-content\/uploads\/2015\/05\/Kortho-Hot-Quickcoder-waxprinter-voorbeeld-arabisch-op-folieverpakkin-K.jpg\" alt=\"Kortho-Hot-Quickcoder-waxprinter-voorbeeld-arabisch-op-folieverpakkin--K\" width=\"138\" height=\"138\" \/> <img loading=\"lazy\" decoding=\"async\" class=\"alignleft size-full wp-image-1098\" src=\"http:\/\/kortho.com\/wp-content\/uploads\/2015\/05\/Kortho-Hot-Quickcoder-waxprinter-voorbeeld-Installatienummer-tbv-installatie-handleiding-K.jpg\" alt=\"Kortho-Hot-Quickcoder-waxprinter-voorbeeld-Installatienummer-tbv-installatie-handleiding---K\" width=\"138\" height=\"138\" \/> <img loading=\"lazy\" decoding=\"async\" class=\"alignleft size-full wp-image-1076\" src=\"http:\/\/kortho.com\/wp-content\/uploads\/2015\/05\/Kortho-Hot-Quickcoder-waxprinter-voorbeeld-stip-op-onderdeel-ruitenwisser-K.jpg\" alt=\"Kortho-Hot-Quickcoder-waxprinter-voorbeeld-stip-op-onderdeel-ruitenwisser-K\" width=\"138\" height=\"138\" \/> <img loading=\"lazy\" decoding=\"async\" class=\"alignleft size-full wp-image-1077\" src=\"http:\/\/kortho.com\/wp-content\/uploads\/2015\/05\/Kortho-Hot-Quickcoder-waxprinter-voorbeeld-ijzerzaag-K.jpg\" alt=\"Kortho-Hot-Quickcoder-waxprinter-voorbeeld-ijzerzaag-K\" width=\"138\" height=\"138\" \/> <img loading=\"lazy\" decoding=\"async\" class=\"alignleft size-full wp-image-1075\" src=\"http:\/\/kortho.com\/wp-content\/uploads\/2015\/05\/Kortho-Hot-Quickcoder-waxprinter-voorbeeld-tekst-op-automotive-onderdeel-K.jpg\" alt=\"Kortho-Hot-Quickcoder-waxprinter-voorbeeld-tekst-op-automotive-onderdeel-K\" width=\"138\" height=\"138\" \/> <img loading=\"lazy\" decoding=\"async\" class=\"alignleft size-full wp-image-1078\" src=\"http:\/\/kortho.com\/wp-content\/uploads\/2015\/05\/Kortho-Hot-Quickcoder-waxprinter-voorbeeld-juiste-kwaliteit-bout-automotive-K.jpg\" alt=\"Kortho-Hot-Quickcoder-waxprinter-voorbeeld-juiste-kwaliteit-bout-automotive-K\" width=\"138\" height=\"138\" \/><\/h2>\n<h1><\/h1>\n<h1><\/h1>\n<h1>Wie funktionieren Heisswachstinten?<\/h1>\n<p>Feste Hei\u00dfwachstinten (oder Wachstinten) werden in mechanischen Drucksystemen verwendet. Die Hei\u00dfwachstinte, die in einer Schaumstoffrolle gespeichert ist, besteht aus Wachs und Pigmenten. Diese \u201cWachswalze\u201d ist fest, wenn sie in den Drucker eingesetzt wird. Sobald sie im Drucker ist, wir das Wachs erhitzt und es verfl\u00fcssigt sich. Mithilfe eines\u00a0 mechanischen Arms innerhalb des Druckers, wird das Klischee in einer einzigen Bewegung zun\u00e4chst gegen die Wachswalze und dann auf die Druckoberfl\u00e4che (Substrat) gedr\u00fcckt. Das Klischee kann dabei aus Text, einem Logo , einem Symbol oder der Kombination von allem bestehen. Durch das sofortige Erkalten der Tinte bei Ber\u00fchrung mit dem Substrat, ist der Druck in Sekundenbruchteilen &#8220;trocken&#8221; und wischfest.<\/p>\n<h2>Intermittierende und kontinuierliche Kennzeichnung auf jeder Oberfl\u00e4che<\/h2>\n<p>Feste Wachstinten k\u00f6nnen fast \u00fcberall eingesetzt werden. Die diese Form der Kennzeichnung in Sekundenbruchteilen vorgenommen wird, kann der Druck sowohl auf statischen (intermittierenden), als auch auf sich bewegenden Produkten (kontinuierlichen) erfolgen. Das Wachs k\u00fchlt ab und verfestigt sich unmittelbar nach der Pr\u00e4gung, was eine Migration der Tinte verhindert. Dieses Verfahren macht den Druck auf por\u00f6sen und nicht-por\u00f6sen Oberfl\u00e4chen gleichwohl m\u00f6glich,\u00a0 au\u00dferdem haftet der Druck auf praktisch jedem Material.<\/p>\n<h2>Anwendungen f\u00fcr feste Wachstinten<\/h2>\n<p>Ihre Zuverl\u00e4ssigkeit, die kompakten Einbaumasse, die universelle Tintenhaftung und die niedrigen Kosten machen die Wachstinten besonders f\u00fcr den Einsatz bei Anwendungen, deren Codierung sich nicht h\u00e4ufig \u00e4ndert, zu der besten Wahl. Feste Wachstinten werden daher h\u00e4ufig in der <span style=\"text-decoration: underline;color: #0000ff\"><a style=\"color: #0000ff;text-decoration: underline\" href=\"http:\/\/kortho.com\/de\/losungen\/produktionsschritte\/primare-verpackungsstufe\/\" target=\"_blank\">prim\u00e4ren Verpackungsstufe<\/a><\/span> der <span style=\"text-decoration: underline;color: #0000ff\"><a style=\"color: #0000ff;text-decoration: underline\" href=\"http:\/\/kortho.com\/de\/losungen\/geschaftsbereich\/gewerblich\/\" target=\"_blank\">industriellen Produktionsumgebung<\/a><\/span> eingesetzt, wie bspw\u00a0\u00a0 der Automobil- und <span style=\"text-decoration: underline;color: #0000ff\"><a style=\"color: #0000ff;text-decoration: underline\" href=\"http:\/\/kortho.com\/de\/losungen\/geschaftsbereich\/elektronik\/\" target=\"_blank\">Elektronikindustrie<\/a><\/span>. In diesen Umgebungen werden die Teile bei der Produktion durch ein Zeichen, eine Chargennummer oder ein Logo gekennzeichnet, um Sortierungen, Nachvollziehbarkeit und Qualit\u00e4tssicherungen zu erm\u00f6glichen.<\/p>\n<h3><span style=\"text-decoration: underline;color: #0000ff\"><a style=\"color: #0000ff;text-decoration: underline\" title=\"Kortho Hot Quickcoder\" href=\"http:\/\/kortho.com\/de\/productgroepen\/hot-quickcoder\/\">Klicken Sie hier f\u00fcr mehr Informationen \u00fcber Kortho\u2019s Hot Quickcoder<\/a><\/span><\/h3>\n","protected":false},"excerpt":{"rendered":"<p>Wie funktionieren Heisswachstinten? Feste Hei\u00dfwachstinten (oder Wachstinten) werden in mechanischen Drucksystemen verwendet. Die Hei\u00dfwachstinte, die in einer Schaumstoffrolle gespeichert ist,&hellip;<\/p>\n","protected":false},"author":1,"featured_media":1061,"parent":132,"menu_order":5,"comment_status":"closed","ping_status":"closed","template":"page_taxonomy_child.php","meta":{"_monsterinsights_skip_tracking":false,"_monsterinsights_sitenote_active":false,"_monsterinsights_sitenote_note":"","_monsterinsights_sitenote_category":0,"footnotes":""},"class_list":["post-242","page","type-page","status-publish","format-standard","has-post-thumbnail","hentry"],"yoast_head":"<!-- This site is optimized with the Yoast SEO plugin v23.6 - https:\/\/yoast.com\/wordpress\/plugins\/seo\/ -->\n<title>Heisswachs-Drucker - Kortho - Deutschland<\/title>\n<meta name=\"robots\" content=\"index, follow, max-snippet:-1, max-image-preview:large, max-video-preview:-1\" \/>\n<link rel=\"canonical\" href=\"https:\/\/kortho.com\/de\/losungen\/kennzeichnungsgerate\/heisswachstinten\/\" \/>\n<meta property=\"og:locale\" content=\"en_US\" \/>\n<meta property=\"og:type\" content=\"article\" \/>\n<meta property=\"og:title\" content=\"Heisswachs-Drucker - Kortho - Deutschland\" \/>\n<meta property=\"og:description\" content=\"Wie funktionieren Heisswachstinten? Feste Hei\u00dfwachstinten (oder Wachstinten) werden in mechanischen Drucksystemen verwendet. Die Hei\u00dfwachstinte, die in einer Schaumstoffrolle gespeichert ist,&hellip;\" \/>\n<meta property=\"og:url\" content=\"https:\/\/kortho.com\/de\/losungen\/kennzeichnungsgerate\/heisswachstinten\/\" \/>\n<meta property=\"og:site_name\" content=\"Kortho - Deutschland\" \/>\n<meta property=\"article:modified_time\" content=\"2016-06-28T08:25:45+00:00\" \/>\n<meta property=\"og:image\" content=\"https:\/\/kortho.com\/de\/wp-content\/uploads\/sites\/5\/2015\/05\/Kortho-Hot-Quickcoder-waxprinter-N2.jpg\" \/>\n\t<meta property=\"og:image:width\" content=\"1478\" \/>\n\t<meta property=\"og:image:height\" content=\"1280\" \/>\n\t<meta property=\"og:image:type\" content=\"image\/jpeg\" \/>\n<meta name=\"twitter:card\" content=\"summary_large_image\" \/>\n<meta name=\"twitter:label1\" content=\"Est. reading time\" \/>\n\t<meta name=\"twitter:data1\" content=\"1 minute\" \/>\n<script type=\"application\/ld+json\" class=\"yoast-schema-graph\">{\"@context\":\"https:\/\/schema.org\",\"@graph\":[{\"@type\":\"WebPage\",\"@id\":\"https:\/\/kortho.com\/de\/losungen\/kennzeichnungsgerate\/heisswachstinten\/\",\"url\":\"https:\/\/kortho.com\/de\/losungen\/kennzeichnungsgerate\/heisswachstinten\/\",\"name\":\"Heisswachs-Drucker - Kortho - Deutschland\",\"isPartOf\":{\"@id\":\"https:\/\/kortho.com\/de\/#website\"},\"primaryImageOfPage\":{\"@id\":\"https:\/\/kortho.com\/de\/losungen\/kennzeichnungsgerate\/heisswachstinten\/#primaryimage\"},\"image\":{\"@id\":\"https:\/\/kortho.com\/de\/losungen\/kennzeichnungsgerate\/heisswachstinten\/#primaryimage\"},\"thumbnailUrl\":\"https:\/\/kortho.com\/de\/wp-content\/uploads\/sites\/5\/2015\/05\/Kortho-Hot-Quickcoder-waxprinter-N2.jpg\",\"datePublished\":\"2014-11-30T15:33:31+00:00\",\"dateModified\":\"2016-06-28T08:25:45+00:00\",\"breadcrumb\":{\"@id\":\"https:\/\/kortho.com\/de\/losungen\/kennzeichnungsgerate\/heisswachstinten\/#breadcrumb\"},\"inLanguage\":\"en-US\",\"potentialAction\":[{\"@type\":\"ReadAction\",\"target\":[\"https:\/\/kortho.com\/de\/losungen\/kennzeichnungsgerate\/heisswachstinten\/\"]}]},{\"@type\":\"ImageObject\",\"inLanguage\":\"en-US\",\"@id\":\"https:\/\/kortho.com\/de\/losungen\/kennzeichnungsgerate\/heisswachstinten\/#primaryimage\",\"url\":\"https:\/\/kortho.com\/de\/wp-content\/uploads\/sites\/5\/2015\/05\/Kortho-Hot-Quickcoder-waxprinter-N2.jpg\",\"contentUrl\":\"https:\/\/kortho.com\/de\/wp-content\/uploads\/sites\/5\/2015\/05\/Kortho-Hot-Quickcoder-waxprinter-N2.jpg\",\"width\":1478,\"height\":1280},{\"@type\":\"BreadcrumbList\",\"@id\":\"https:\/\/kortho.com\/de\/losungen\/kennzeichnungsgerate\/heisswachstinten\/#breadcrumb\",\"itemListElement\":[{\"@type\":\"ListItem\",\"position\":1,\"name\":\"Home\",\"item\":\"https:\/\/kortho.com\/de\/\"},{\"@type\":\"ListItem\",\"position\":2,\"name\":\"L\u00f6sungen\",\"item\":\"https:\/\/kortho.com\/de\/losungen\/\"},{\"@type\":\"ListItem\",\"position\":3,\"name\":\"Kennzeichnungsger\u00e4te\",\"item\":\"https:\/\/kortho.com\/de\/losungen\/kennzeichnungsgerate\/\"},{\"@type\":\"ListItem\",\"position\":4,\"name\":\"Heisswachs-Drucker\"}]},{\"@type\":\"WebSite\",\"@id\":\"https:\/\/kortho.com\/de\/#website\",\"url\":\"https:\/\/kortho.com\/de\/\",\"name\":\"Kortho - Deutschland\",\"description\":\"Coding Competence\",\"potentialAction\":[{\"@type\":\"SearchAction\",\"target\":{\"@type\":\"EntryPoint\",\"urlTemplate\":\"https:\/\/kortho.com\/de\/?s={search_term_string}\"},\"query-input\":{\"@type\":\"PropertyValueSpecification\",\"valueRequired\":true,\"valueName\":\"search_term_string\"}}],\"inLanguage\":\"en-US\"}]}<\/script>\n<!-- \/ Yoast SEO plugin. -->","yoast_head_json":{"title":"Heisswachs-Drucker - Kortho - Deutschland","robots":{"index":"index","follow":"follow","max-snippet":"max-snippet:-1","max-image-preview":"max-image-preview:large","max-video-preview":"max-video-preview:-1"},"canonical":"https:\/\/kortho.com\/de\/losungen\/kennzeichnungsgerate\/heisswachstinten\/","og_locale":"en_US","og_type":"article","og_title":"Heisswachs-Drucker - Kortho - Deutschland","og_description":"Wie funktionieren Heisswachstinten? Feste Hei\u00dfwachstinten (oder Wachstinten) werden in mechanischen Drucksystemen verwendet. Die Hei\u00dfwachstinte, die in einer Schaumstoffrolle gespeichert ist,&hellip;","og_url":"https:\/\/kortho.com\/de\/losungen\/kennzeichnungsgerate\/heisswachstinten\/","og_site_name":"Kortho - Deutschland","article_modified_time":"2016-06-28T08:25:45+00:00","og_image":[{"width":1478,"height":1280,"url":"https:\/\/kortho.com\/de\/wp-content\/uploads\/sites\/5\/2015\/05\/Kortho-Hot-Quickcoder-waxprinter-N2.jpg","type":"image\/jpeg"}],"twitter_card":"summary_large_image","twitter_misc":{"Est. reading time":"1 minute"},"schema":{"@context":"https:\/\/schema.org","@graph":[{"@type":"WebPage","@id":"https:\/\/kortho.com\/de\/losungen\/kennzeichnungsgerate\/heisswachstinten\/","url":"https:\/\/kortho.com\/de\/losungen\/kennzeichnungsgerate\/heisswachstinten\/","name":"Heisswachs-Drucker - Kortho - Deutschland","isPartOf":{"@id":"https:\/\/kortho.com\/de\/#website"},"primaryImageOfPage":{"@id":"https:\/\/kortho.com\/de\/losungen\/kennzeichnungsgerate\/heisswachstinten\/#primaryimage"},"image":{"@id":"https:\/\/kortho.com\/de\/losungen\/kennzeichnungsgerate\/heisswachstinten\/#primaryimage"},"thumbnailUrl":"https:\/\/kortho.com\/de\/wp-content\/uploads\/sites\/5\/2015\/05\/Kortho-Hot-Quickcoder-waxprinter-N2.jpg","datePublished":"2014-11-30T15:33:31+00:00","dateModified":"2016-06-28T08:25:45+00:00","breadcrumb":{"@id":"https:\/\/kortho.com\/de\/losungen\/kennzeichnungsgerate\/heisswachstinten\/#breadcrumb"},"inLanguage":"en-US","potentialAction":[{"@type":"ReadAction","target":["https:\/\/kortho.com\/de\/losungen\/kennzeichnungsgerate\/heisswachstinten\/"]}]},{"@type":"ImageObject","inLanguage":"en-US","@id":"https:\/\/kortho.com\/de\/losungen\/kennzeichnungsgerate\/heisswachstinten\/#primaryimage","url":"https:\/\/kortho.com\/de\/wp-content\/uploads\/sites\/5\/2015\/05\/Kortho-Hot-Quickcoder-waxprinter-N2.jpg","contentUrl":"https:\/\/kortho.com\/de\/wp-content\/uploads\/sites\/5\/2015\/05\/Kortho-Hot-Quickcoder-waxprinter-N2.jpg","width":1478,"height":1280},{"@type":"BreadcrumbList","@id":"https:\/\/kortho.com\/de\/losungen\/kennzeichnungsgerate\/heisswachstinten\/#breadcrumb","itemListElement":[{"@type":"ListItem","position":1,"name":"Home","item":"https:\/\/kortho.com\/de\/"},{"@type":"ListItem","position":2,"name":"L\u00f6sungen","item":"https:\/\/kortho.com\/de\/losungen\/"},{"@type":"ListItem","position":3,"name":"Kennzeichnungsger\u00e4te","item":"https:\/\/kortho.com\/de\/losungen\/kennzeichnungsgerate\/"},{"@type":"ListItem","position":4,"name":"Heisswachs-Drucker"}]},{"@type":"WebSite","@id":"https:\/\/kortho.com\/de\/#website","url":"https:\/\/kortho.com\/de\/","name":"Kortho - Deutschland","description":"Coding Competence","potentialAction":[{"@type":"SearchAction","target":{"@type":"EntryPoint","urlTemplate":"https:\/\/kortho.com\/de\/?s={search_term_string}"},"query-input":{"@type":"PropertyValueSpecification","valueRequired":true,"valueName":"search_term_string"}}],"inLanguage":"en-US"}]}},"aioseo_notices":[],"_links":{"self":[{"href":"https:\/\/kortho.com\/de\/wp-json\/wp\/v2\/pages\/242"}],"collection":[{"href":"https:\/\/kortho.com\/de\/wp-json\/wp\/v2\/pages"}],"about":[{"href":"https:\/\/kortho.com\/de\/wp-json\/wp\/v2\/types\/page"}],"author":[{"embeddable":true,"href":"https:\/\/kortho.com\/de\/wp-json\/wp\/v2\/users\/1"}],"replies":[{"embeddable":true,"href":"https:\/\/kortho.com\/de\/wp-json\/wp\/v2\/comments?post=242"}],"version-history":[{"count":54,"href":"https:\/\/kortho.com\/de\/wp-json\/wp\/v2\/pages\/242\/revisions"}],"predecessor-version":[{"id":4669,"href":"https:\/\/kortho.com\/de\/wp-json\/wp\/v2\/pages\/242\/revisions\/4669"}],"up":[{"embeddable":true,"href":"https:\/\/kortho.com\/de\/wp-json\/wp\/v2\/pages\/132"}],"wp:featuredmedia":[{"embeddable":true,"href":"https:\/\/kortho.com\/de\/wp-json\/wp\/v2\/media\/1061"}],"wp:attachment":[{"href":"https:\/\/kortho.com\/de\/wp-json\/wp\/v2\/media?parent=242"}],"curies":[{"name":"wp","href":"https:\/\/api.w.org\/{rel}","templated":true}]}}