{"id":244,"date":"2014-11-30T15:34:17","date_gmt":"2014-11-30T15:34:17","guid":{"rendered":"http:\/\/jaspervandermeij.nl\/kortho\/nl\/?page_id=244"},"modified":"2016-06-27T10:45:58","modified_gmt":"2016-06-27T10:45:58","slug":"valvejet-handprinters","status":"publish","type":"page","link":"https:\/\/kortho.com\/de\/losungen\/kennzeichnungsgerate\/valvejet-handprinters\/","title":{"rendered":"Mobile Inkjet Systeme"},"content":{"rendered":"<h1><img loading=\"lazy\" decoding=\"async\" class=\"alignleft size-full wp-image-1239\" src=\"http:\/\/kortho.com\/wp-content\/uploads\/2015\/06\/Kortho-EBS-250-Handjet-DOD-mobiel-inkjet-printen-op-houten-transportkist-G.jpg\" alt=\"Kortho-EBS-250-Handjet-DOD-mobiel-inkjet-printen-op-houten-transportkist-G\" width=\"138\" height=\"138\" \/> <img loading=\"lazy\" decoding=\"async\" class=\"alignleft size-full wp-image-1238\" src=\"http:\/\/kortho.com\/wp-content\/uploads\/2015\/06\/Kortho-EBS-250-Handjet-DOD-mobiel-inkjet-printen-op-rioolbuis-van-beton-2-K.jpg\" alt=\"Kortho-EBS-250-Handjet-DOD-mobiel-inkjet-printen-op-rioolbuis-van-beton-2-K\" width=\"138\" height=\"138\" \/> <img loading=\"lazy\" decoding=\"async\" class=\"alignleft size-full wp-image-1234\" src=\"http:\/\/kortho.com\/wp-content\/uploads\/2015\/06\/Kortho-EBS-250-Handjet-DOD-mobiel-inkjet-printen-op-houten-transport-kist-K.jpg\" alt=\"Kortho-EBS-250-Handjet-DOD-mobiel-inkjet-printen-op-houten-transport-kist-K\" width=\"138\" height=\"138\" \/> <img loading=\"lazy\" decoding=\"async\" class=\"alignleft size-full wp-image-1237\" src=\"http:\/\/kortho.com\/wp-content\/uploads\/2015\/06\/Kortho-EBS-250-Handjet-DOD-mobiel-inkjet-printen-op-houten-boomstam-K.jpg\" alt=\"Kortho-EBS-250-Handjet-DOD-mobiel-inkjet-printen-op-houten-boomstam-K\" width=\"138\" height=\"138\" \/> <img loading=\"lazy\" decoding=\"async\" class=\"alignleft size-full wp-image-1235\" src=\"http:\/\/kortho.com\/wp-content\/uploads\/2015\/06\/Kortho-EBS-250-Handjet-DOD-mobiel-inkjet-printen-op-Kunststof-folie-K.jpg\" alt=\"Kortho-EBS-250-Handjet-DOD-mobiel-inkjet-printen-op-Kunststof-folie-K\" width=\"138\" height=\"138\" \/> <img loading=\"lazy\" decoding=\"async\" class=\"alignleft size-full wp-image-1236\" src=\"http:\/\/kortho.com\/wp-content\/uploads\/2015\/06\/Kortho-EBS-250-Handjet-DOD-mobiel-inkjet-printen-metalen-vatr-K.jpg\" alt=\"Kortho-EBS-250-Handjet-DOD-mobiel-inkjet-printen-metalen-vatr-K\" width=\"138\" height=\"138\" \/><\/h1>\n<h1><\/h1>\n<h1><\/h1>\n<h1>Wie funktioniert ein Drop-On-Demand Valvejet Tintenstrahldrucker ?<\/h1>\n<p>Der DOD Inkjet (Drop-on-Demand, auch Valvejet genannt) wird als Vorl\u00e4ufer von <span style=\"color: #0000ff\"><a style=\"color: #0000ff\" title=\"Hi-Res Inkjet\" href=\"http:\/\/kortho.com\/de\/losungen\/kennzeichnungsgerate\/hi-res-inkjet\/\" target=\"_blank\"><span style=\"text-decoration: underline\">Hi-Res Inkjet<\/span><\/a><\/span> gesehen. In DOD-Systemen werden kurzzeitig die in einer vertikalen Linie angeordneten Ventile in einer bestimmten Reihenfolge ge\u00f6ffnet, somit werden einzelne Punkte auf das Substrat gedruckt. Das Entstehen des Druckbildes erfolgt dann durch die Bewegung des Substrats an dem Drucker vorbei, oder wie bei Handger\u00e4ten indem der Drucker an dem Substrat vorbeigef\u00fchrt wird. Diese absolut zuverl\u00e4ssige und robuste Technologie hat eine niedrige Aufl\u00f6sung, damit sind die DOD Drucker besonders f\u00fcr gro\u00dfe Texte geeignet.<\/p>\n<h2>Tragbares Kennzeichnungssystem zum mobilen Drucken<\/h2>\n<p>Die geringere Aufl\u00f6sung im Vergleich zu Hi-Res-Inkjet-Systemen sorgt daf\u00fcr, dass DOD-Drucker entlang Produktionslinien seltener eingesetzt werden. Die robuste und kompakte Technik hat allerdings die Vorteile, dass sie flexibel und mobil eingesetzt werden kann. Durch die digitale Steuerung der Ventile k\u00f6nnen auch komplexe variable Drucke erzeugt werden. Dabei sollte man an fortlaufende Nummerierung denken, oder auch das Drucken der aktuellen Zeit, bzw. des Datums.<\/p>\n<h2>Anwendungen von tragbaren DOD-Systemen<\/h2>\n<p>Tragbare DOD-Systeme werden oft im <a title=\"Bouwprinter\" href=\"http:\/\/kortho.com\/de\/losungen\/geschaftsbereich\/bauwesen\/\" target=\"_blank\"><span style=\"text-decoration: underline;color: #0000ff\">Bauwesen <\/span><\/a>und in der <span style=\"color: #0000ff\"><a style=\"color: #0000ff\" title=\"Logistiek\" href=\"http:\/\/kortho.com\/de\/losungen\/geschaftsbereich\/logistik\/\" target=\"_blank\"><span style=\"text-decoration: underline\">Logistikbranche<\/span><\/a><\/span> verwendet. Die Kennzeichnung kann hier einfach auf Baumaterialien, Kartons oder Kisten direkt vor Ort angebracht werden. Diese Einfachheit macht den tragbaren DOD-Drucker ideal f\u00fcr mobiles Kennzeichnen. Kennzeichnungen per\u00a0 <a title=\"Sjabloneren\" href=\"http:\/\/kortho.com\/de\/losungen\/kennzeichnungsgerate\/schablonenmarkierung\/\" target=\"_blank\"><span style=\"text-decoration: underline\"><span style=\"color: #0000ff;text-decoration: underline\">Schablonenmarkierung<\/span><\/span><\/a> geh\u00f6ren damit der Vergangenheit an. Der gro\u00dfe Vorteil gegen\u00fcber\u00a0 den herk\u00f6mmlichen tragbaren Kennzeichnungstechniken (Schablone, Freihand o.\u00e4.) ist die einfache Bedienbarkeit des Ger\u00e4tes, die Lesbarkeit der gedruckten Texte und die Flexibilit\u00e4t.<\/p>\n<h3><span style=\"text-decoration: underline;color: #0000ff\">Klicken Sie hier f\u00fcr mehr Info \u00fcber den EBS Handjet<\/span><\/h3>\n","protected":false},"excerpt":{"rendered":"<p>Wie funktioniert ein Drop-On-Demand Valvejet Tintenstrahldrucker ? Der DOD Inkjet (Drop-on-Demand, auch Valvejet genannt) wird als Vorl\u00e4ufer von Hi-Res Inkjet&hellip;<\/p>\n","protected":false},"author":1,"featured_media":1228,"parent":132,"menu_order":6,"comment_status":"closed","ping_status":"closed","template":"page_taxonomy_child.php","meta":{"_monsterinsights_skip_tracking":false,"_monsterinsights_sitenote_active":false,"_monsterinsights_sitenote_note":"","_monsterinsights_sitenote_category":0,"footnotes":""},"class_list":["post-244","page","type-page","status-publish","format-standard","has-post-thumbnail","hentry"],"yoast_head":"<!-- This site is optimized with the Yoast SEO plugin v23.6 - https:\/\/yoast.com\/wordpress\/plugins\/seo\/ -->\n<title>Mobile Inkjet Systeme - Kortho - Deutschland<\/title>\n<meta name=\"robots\" content=\"index, follow, max-snippet:-1, max-image-preview:large, max-video-preview:-1\" \/>\n<link rel=\"canonical\" href=\"https:\/\/kortho.com\/de\/losungen\/kennzeichnungsgerate\/valvejet-handprinters\/\" \/>\n<meta property=\"og:locale\" content=\"en_US\" \/>\n<meta property=\"og:type\" content=\"article\" \/>\n<meta property=\"og:title\" content=\"Mobile Inkjet Systeme - Kortho - Deutschland\" \/>\n<meta property=\"og:description\" content=\"Wie funktioniert ein Drop-On-Demand Valvejet Tintenstrahldrucker ? Der DOD Inkjet (Drop-on-Demand, auch Valvejet genannt) wird als Vorl\u00e4ufer von Hi-Res Inkjet&hellip;\" \/>\n<meta property=\"og:url\" content=\"https:\/\/kortho.com\/de\/losungen\/kennzeichnungsgerate\/valvejet-handprinters\/\" \/>\n<meta property=\"og:site_name\" content=\"Kortho - Deutschland\" \/>\n<meta property=\"article:modified_time\" content=\"2016-06-27T10:45:58+00:00\" \/>\n<meta property=\"og:image\" content=\"https:\/\/kortho.com\/de\/wp-content\/uploads\/sites\/5\/2015\/06\/Kortho-EBS-260-Handjet-DOD-printer-N.jpg\" \/>\n\t<meta property=\"og:image:width\" content=\"1024\" \/>\n\t<meta property=\"og:image:height\" content=\"887\" \/>\n\t<meta property=\"og:image:type\" content=\"image\/jpeg\" \/>\n<meta name=\"twitter:card\" content=\"summary_large_image\" \/>\n<meta name=\"twitter:label1\" content=\"Est. reading time\" \/>\n\t<meta name=\"twitter:data1\" content=\"1 minute\" \/>\n<script type=\"application\/ld+json\" class=\"yoast-schema-graph\">{\"@context\":\"https:\/\/schema.org\",\"@graph\":[{\"@type\":\"WebPage\",\"@id\":\"https:\/\/kortho.com\/de\/losungen\/kennzeichnungsgerate\/valvejet-handprinters\/\",\"url\":\"https:\/\/kortho.com\/de\/losungen\/kennzeichnungsgerate\/valvejet-handprinters\/\",\"name\":\"Mobile Inkjet Systeme - Kortho - Deutschland\",\"isPartOf\":{\"@id\":\"https:\/\/kortho.com\/de\/#website\"},\"primaryImageOfPage\":{\"@id\":\"https:\/\/kortho.com\/de\/losungen\/kennzeichnungsgerate\/valvejet-handprinters\/#primaryimage\"},\"image\":{\"@id\":\"https:\/\/kortho.com\/de\/losungen\/kennzeichnungsgerate\/valvejet-handprinters\/#primaryimage\"},\"thumbnailUrl\":\"https:\/\/kortho.com\/de\/wp-content\/uploads\/sites\/5\/2015\/06\/Kortho-EBS-260-Handjet-DOD-printer-N.jpg\",\"datePublished\":\"2014-11-30T15:34:17+00:00\",\"dateModified\":\"2016-06-27T10:45:58+00:00\",\"breadcrumb\":{\"@id\":\"https:\/\/kortho.com\/de\/losungen\/kennzeichnungsgerate\/valvejet-handprinters\/#breadcrumb\"},\"inLanguage\":\"en-US\",\"potentialAction\":[{\"@type\":\"ReadAction\",\"target\":[\"https:\/\/kortho.com\/de\/losungen\/kennzeichnungsgerate\/valvejet-handprinters\/\"]}]},{\"@type\":\"ImageObject\",\"inLanguage\":\"en-US\",\"@id\":\"https:\/\/kortho.com\/de\/losungen\/kennzeichnungsgerate\/valvejet-handprinters\/#primaryimage\",\"url\":\"https:\/\/kortho.com\/de\/wp-content\/uploads\/sites\/5\/2015\/06\/Kortho-EBS-260-Handjet-DOD-printer-N.jpg\",\"contentUrl\":\"https:\/\/kortho.com\/de\/wp-content\/uploads\/sites\/5\/2015\/06\/Kortho-EBS-260-Handjet-DOD-printer-N.jpg\",\"width\":1024,\"height\":887},{\"@type\":\"BreadcrumbList\",\"@id\":\"https:\/\/kortho.com\/de\/losungen\/kennzeichnungsgerate\/valvejet-handprinters\/#breadcrumb\",\"itemListElement\":[{\"@type\":\"ListItem\",\"position\":1,\"name\":\"Home\",\"item\":\"https:\/\/kortho.com\/de\/\"},{\"@type\":\"ListItem\",\"position\":2,\"name\":\"L\u00f6sungen\",\"item\":\"https:\/\/kortho.com\/de\/losungen\/\"},{\"@type\":\"ListItem\",\"position\":3,\"name\":\"Kennzeichnungsger\u00e4te\",\"item\":\"https:\/\/kortho.com\/de\/losungen\/kennzeichnungsgerate\/\"},{\"@type\":\"ListItem\",\"position\":4,\"name\":\"Mobile Inkjet Systeme\"}]},{\"@type\":\"WebSite\",\"@id\":\"https:\/\/kortho.com\/de\/#website\",\"url\":\"https:\/\/kortho.com\/de\/\",\"name\":\"Kortho - Deutschland\",\"description\":\"Coding Competence\",\"potentialAction\":[{\"@type\":\"SearchAction\",\"target\":{\"@type\":\"EntryPoint\",\"urlTemplate\":\"https:\/\/kortho.com\/de\/?s={search_term_string}\"},\"query-input\":{\"@type\":\"PropertyValueSpecification\",\"valueRequired\":true,\"valueName\":\"search_term_string\"}}],\"inLanguage\":\"en-US\"}]}<\/script>\n<!-- \/ Yoast SEO plugin. -->","yoast_head_json":{"title":"Mobile Inkjet Systeme - Kortho - Deutschland","robots":{"index":"index","follow":"follow","max-snippet":"max-snippet:-1","max-image-preview":"max-image-preview:large","max-video-preview":"max-video-preview:-1"},"canonical":"https:\/\/kortho.com\/de\/losungen\/kennzeichnungsgerate\/valvejet-handprinters\/","og_locale":"en_US","og_type":"article","og_title":"Mobile Inkjet Systeme - Kortho - Deutschland","og_description":"Wie funktioniert ein Drop-On-Demand Valvejet Tintenstrahldrucker ? Der DOD Inkjet (Drop-on-Demand, auch Valvejet genannt) wird als Vorl\u00e4ufer von Hi-Res Inkjet&hellip;","og_url":"https:\/\/kortho.com\/de\/losungen\/kennzeichnungsgerate\/valvejet-handprinters\/","og_site_name":"Kortho - Deutschland","article_modified_time":"2016-06-27T10:45:58+00:00","og_image":[{"width":1024,"height":887,"url":"https:\/\/kortho.com\/de\/wp-content\/uploads\/sites\/5\/2015\/06\/Kortho-EBS-260-Handjet-DOD-printer-N.jpg","type":"image\/jpeg"}],"twitter_card":"summary_large_image","twitter_misc":{"Est. reading time":"1 minute"},"schema":{"@context":"https:\/\/schema.org","@graph":[{"@type":"WebPage","@id":"https:\/\/kortho.com\/de\/losungen\/kennzeichnungsgerate\/valvejet-handprinters\/","url":"https:\/\/kortho.com\/de\/losungen\/kennzeichnungsgerate\/valvejet-handprinters\/","name":"Mobile Inkjet Systeme - Kortho - Deutschland","isPartOf":{"@id":"https:\/\/kortho.com\/de\/#website"},"primaryImageOfPage":{"@id":"https:\/\/kortho.com\/de\/losungen\/kennzeichnungsgerate\/valvejet-handprinters\/#primaryimage"},"image":{"@id":"https:\/\/kortho.com\/de\/losungen\/kennzeichnungsgerate\/valvejet-handprinters\/#primaryimage"},"thumbnailUrl":"https:\/\/kortho.com\/de\/wp-content\/uploads\/sites\/5\/2015\/06\/Kortho-EBS-260-Handjet-DOD-printer-N.jpg","datePublished":"2014-11-30T15:34:17+00:00","dateModified":"2016-06-27T10:45:58+00:00","breadcrumb":{"@id":"https:\/\/kortho.com\/de\/losungen\/kennzeichnungsgerate\/valvejet-handprinters\/#breadcrumb"},"inLanguage":"en-US","potentialAction":[{"@type":"ReadAction","target":["https:\/\/kortho.com\/de\/losungen\/kennzeichnungsgerate\/valvejet-handprinters\/"]}]},{"@type":"ImageObject","inLanguage":"en-US","@id":"https:\/\/kortho.com\/de\/losungen\/kennzeichnungsgerate\/valvejet-handprinters\/#primaryimage","url":"https:\/\/kortho.com\/de\/wp-content\/uploads\/sites\/5\/2015\/06\/Kortho-EBS-260-Handjet-DOD-printer-N.jpg","contentUrl":"https:\/\/kortho.com\/de\/wp-content\/uploads\/sites\/5\/2015\/06\/Kortho-EBS-260-Handjet-DOD-printer-N.jpg","width":1024,"height":887},{"@type":"BreadcrumbList","@id":"https:\/\/kortho.com\/de\/losungen\/kennzeichnungsgerate\/valvejet-handprinters\/#breadcrumb","itemListElement":[{"@type":"ListItem","position":1,"name":"Home","item":"https:\/\/kortho.com\/de\/"},{"@type":"ListItem","position":2,"name":"L\u00f6sungen","item":"https:\/\/kortho.com\/de\/losungen\/"},{"@type":"ListItem","position":3,"name":"Kennzeichnungsger\u00e4te","item":"https:\/\/kortho.com\/de\/losungen\/kennzeichnungsgerate\/"},{"@type":"ListItem","position":4,"name":"Mobile Inkjet Systeme"}]},{"@type":"WebSite","@id":"https:\/\/kortho.com\/de\/#website","url":"https:\/\/kortho.com\/de\/","name":"Kortho - Deutschland","description":"Coding Competence","potentialAction":[{"@type":"SearchAction","target":{"@type":"EntryPoint","urlTemplate":"https:\/\/kortho.com\/de\/?s={search_term_string}"},"query-input":{"@type":"PropertyValueSpecification","valueRequired":true,"valueName":"search_term_string"}}],"inLanguage":"en-US"}]}},"aioseo_notices":[],"_links":{"self":[{"href":"https:\/\/kortho.com\/de\/wp-json\/wp\/v2\/pages\/244"}],"collection":[{"href":"https:\/\/kortho.com\/de\/wp-json\/wp\/v2\/pages"}],"about":[{"href":"https:\/\/kortho.com\/de\/wp-json\/wp\/v2\/types\/page"}],"author":[{"embeddable":true,"href":"https:\/\/kortho.com\/de\/wp-json\/wp\/v2\/users\/1"}],"replies":[{"embeddable":true,"href":"https:\/\/kortho.com\/de\/wp-json\/wp\/v2\/comments?post=244"}],"version-history":[{"count":55,"href":"https:\/\/kortho.com\/de\/wp-json\/wp\/v2\/pages\/244\/revisions"}],"predecessor-version":[{"id":4654,"href":"https:\/\/kortho.com\/de\/wp-json\/wp\/v2\/pages\/244\/revisions\/4654"}],"up":[{"embeddable":true,"href":"https:\/\/kortho.com\/de\/wp-json\/wp\/v2\/pages\/132"}],"wp:featuredmedia":[{"embeddable":true,"href":"https:\/\/kortho.com\/de\/wp-json\/wp\/v2\/media\/1228"}],"wp:attachment":[{"href":"https:\/\/kortho.com\/de\/wp-json\/wp\/v2\/media?parent=244"}],"curies":[{"name":"wp","href":"https:\/\/api.w.org\/{rel}","templated":true}]}}