{"id":248,"date":"2014-11-30T15:35:16","date_gmt":"2014-11-30T15:35:16","guid":{"rendered":"http:\/\/jaspervandermeij.nl\/kortho\/nl\/?page_id=248"},"modified":"2016-06-28T08:16:39","modified_gmt":"2016-06-28T08:16:39","slug":"hi-res-inkjet","status":"publish","type":"page","link":"https:\/\/kortho.com\/de\/losungen\/kennzeichnungsgerate\/hi-res-inkjet\/","title":{"rendered":"Hi-Res Inkjet"},"content":{"rendered":"<p><img loading=\"lazy\" decoding=\"async\" class=\"alignleft wp-image-773\" src=\"http:\/\/kortho.com\/wp-content\/uploads\/2015\/04\/Kortho-GraphicJet-HR-inkjet-printen-op-houten-metsel-profiel-S.jpg\" alt=\"Kortho-GraphicJet-HR-inkjet-printen-op-houten-metsel-profiel-S\" width=\"140\" height=\"140\" srcset=\"https:\/\/kortho.com\/de\/wp-content\/uploads\/sites\/5\/2015\/04\/Kortho-GraphicJet-HR-inkjet-printen-op-houten-metsel-profiel-S.jpg 280w, https:\/\/kortho.com\/de\/wp-content\/uploads\/sites\/5\/2015\/04\/Kortho-GraphicJet-HR-inkjet-printen-op-houten-metsel-profiel-S-250x250.jpg 250w\" sizes=\"(max-width: 140px) 100vw, 140px\" \/> <img loading=\"lazy\" decoding=\"async\" class=\"alignleft wp-image-789\" src=\"http:\/\/kortho.com\/wp-content\/uploads\/2015\/04\/Kortho-GraphicJet-HR-inkjet-70P-printen-op-karton-doos-S.jpg\" alt=\"Kortho-GraphicJet-HR-inkjet-70P-printen-op-karton-doos-S\" width=\"140\" height=\"140\" srcset=\"https:\/\/kortho.com\/de\/wp-content\/uploads\/sites\/5\/2015\/04\/Kortho-GraphicJet-HR-inkjet-70P-printen-op-karton-doos-S.jpg 280w, https:\/\/kortho.com\/de\/wp-content\/uploads\/sites\/5\/2015\/04\/Kortho-GraphicJet-HR-inkjet-70P-printen-op-karton-doos-S-250x250.jpg 250w\" sizes=\"(max-width: 140px) 100vw, 140px\" \/> <img loading=\"lazy\" decoding=\"async\" class=\"alignleft wp-image-774\" src=\"http:\/\/kortho.com\/wp-content\/uploads\/2015\/04\/Kortho-GraphicJet-HR-inkjet-printen-op-spanband-S.jpg\" alt=\"Kortho-GraphicJet-HR-inkjet-printen-op-spanband-S\" width=\"140\" height=\"140\" srcset=\"https:\/\/kortho.com\/de\/wp-content\/uploads\/sites\/5\/2015\/04\/Kortho-GraphicJet-HR-inkjet-printen-op-spanband-S.jpg 280w, https:\/\/kortho.com\/de\/wp-content\/uploads\/sites\/5\/2015\/04\/Kortho-GraphicJet-HR-inkjet-printen-op-spanband-S-250x250.jpg 250w\" sizes=\"(max-width: 140px) 100vw, 140px\" \/> <img loading=\"lazy\" decoding=\"async\" class=\"alignleft wp-image-784\" src=\"http:\/\/kortho.com\/wp-content\/uploads\/2015\/04\/Kortho-GraphicJet-HR-inkjet-printen-op-koker-karton-S.jpg\" alt=\"Kortho-GraphicJet-HR-inkjet-printen-op-koker-karton-S\" width=\"140\" height=\"140\" srcset=\"https:\/\/kortho.com\/de\/wp-content\/uploads\/sites\/5\/2015\/04\/Kortho-GraphicJet-HR-inkjet-printen-op-koker-karton-S.jpg 280w, https:\/\/kortho.com\/de\/wp-content\/uploads\/sites\/5\/2015\/04\/Kortho-GraphicJet-HR-inkjet-printen-op-koker-karton-S-250x250.jpg 250w\" sizes=\"(max-width: 140px) 100vw, 140px\" \/> <img loading=\"lazy\" decoding=\"async\" class=\"alignleft wp-image-777\" src=\"http:\/\/kortho.com\/wp-content\/uploads\/2015\/04\/Kortho-GraphicJet-HR-inkjet-printen-op-doos-karton-AGF-S.jpg\" alt=\"Kortho-GraphicJet-HR-inkjet-printen-op-doos-karton-AGF-S\" width=\"140\" height=\"140\" srcset=\"https:\/\/kortho.com\/de\/wp-content\/uploads\/sites\/5\/2015\/04\/Kortho-GraphicJet-HR-inkjet-printen-op-doos-karton-AGF-S.jpg 280w, https:\/\/kortho.com\/de\/wp-content\/uploads\/sites\/5\/2015\/04\/Kortho-GraphicJet-HR-inkjet-printen-op-doos-karton-AGF-S-250x250.jpg 250w\" sizes=\"(max-width: 140px) 100vw, 140px\" \/> <img loading=\"lazy\" decoding=\"async\" class=\"alignleft wp-image-775\" src=\"http:\/\/kortho.com\/wp-content\/uploads\/2015\/04\/Kortho-GraphicJet-HR-inkjet-printen-op-houten-balk-S.jpg\" alt=\"Kortho-GraphicJet-HR-inkjet-printen-op-houten-balk-S\" width=\"140\" height=\"140\" srcset=\"https:\/\/kortho.com\/de\/wp-content\/uploads\/sites\/5\/2015\/04\/Kortho-GraphicJet-HR-inkjet-printen-op-houten-balk-S.jpg 280w, https:\/\/kortho.com\/de\/wp-content\/uploads\/sites\/5\/2015\/04\/Kortho-GraphicJet-HR-inkjet-printen-op-houten-balk-S-250x250.jpg 250w\" sizes=\"(max-width: 140px) 100vw, 140px\" \/><\/p>\n<h1><\/h1>\n<h1><\/h1>\n<h1>Wie funktioniert der Hi-Res Inkjet?<\/h1>\n<p>Der Hi-Res Inkjet funktioniert durch das Verwenden vertikal platzierter Tintenkammern (D\u00fcsen), die Tintentropfen auf das zu bedruckende Material (Substrat) schie\u00dfen. Der Druckkopf mit den D\u00fcsen ist in einer fixierten Position entlang der Produktionslinie platziert, w\u00e4hrend das Substrat davor entlang transportiert wird. Anschlie\u00dfend wird der Druck durch die Sequenz erzeugt, in der die Tropfen aus den Tintend\u00fcsen abgeschossen werden. Dadurch, dass die D\u00fcsen individuell piezo-elektrisch gesteuert werden, ist ein variabler Datendruck m\u00f6glich.<\/p>\n<h2>Ber\u00fchrungslose, hochaufl\u00f6sende Codierung<\/h2>\n<p>Da die Tintentropfen auf das Substrat geschossen werden, ohne dass das Substrat Kontakt mit dem Druckkopf hat, wird diese Methode als ber\u00fchrungslose Codierung bezeichnet. Die Distanz, die die Tintentropfen ben\u00f6tigen um das Substrat zu bedecken, wird \u201cDruckdistanz\u201d genannt. In dem Fall des Hi-Res Inkjets sind die Punkte nur weinige Zehntel Picoliter gro\u00df und erm\u00f6glichen eine sehr hohe Aufl\u00f6sung von 185 dpi. Da die Tintentropfen direkt aus den D\u00fcsen \u201cgefeuert\u201d werden, ist die maximale H\u00f6he des Drucks durch die H\u00f6he des Druckkopfes beschr\u00e4nkt. Die gel\u00e4ufigsten H\u00f6hen sind 18mm und 54mm bei einer m\u00f6glichen Schreibgeschwindigkeit von bis zu 70 Metern pro Minute.<\/p>\n<h2>Anwendungen f\u00fcr den Hi-Res Inkjet<\/h2>\n<p>Hi-Res Inkjet wird vor allem in der <span style=\"text-decoration: underline;color: #0000ff\"><a style=\"color: #0000ff;text-decoration: underline\" href=\"http:\/\/kortho.com\/de\/losungen\/produktionsschritte\/sekundare-verpackungsstufe\/\" target=\"_blank\">sekund\u00e4ren<\/a><\/span> und <span style=\"text-decoration: underline;color: #0000ff\"><a style=\"color: #0000ff;text-decoration: underline\" href=\"http:\/\/kortho.com\/de\/losungen\/produktionsschritte\/tertiare-verpackungsstufe\/\" target=\"_blank\">terti\u00e4ren<\/a><\/span> Stufe des Verpackungsprozesses verwendet, was am h\u00e4ufigsten der Codierung von Kartons entspricht. Die hohe Aufl\u00f6sung macht es ebenfalls m\u00f6glich, qualitativ hochwertige, Grafiken zu erstellen, wie beispielsweise Logos und Barcodes. Zus\u00e4tzlich k\u00f6nnen, im Gegenteil zu einem CIJ,\u00a0 viele weitere Textzeilen mit einem Druckkopf gedruckt werden. Abh\u00e4ngig von der Art des Substrats, wird die am besten geeignete Tinte bestimmt. Der erste Schritt in diesem Vorgang ist, zwischen por\u00f6sen und nicht-por\u00f6sen Materialien zu unterscheiden. F\u00fcr por\u00f6se Materialien wie <span style=\"text-decoration: underline;color: #0000ff\"><a style=\"color: #0000ff;text-decoration: underline\" href=\"http:\/\/kortho.com\/de\/losungen\/materialien\/unbeschichtete-pappe\/\" target=\"_blank\">Unbeschichtete Pappe<\/a><\/span>, <span style=\"text-decoration: underline;color: #0000ff\"><a style=\"color: #0000ff;text-decoration: underline\" href=\"http:\/\/kortho.com\/de\/losungen\/materialien\/papier\/\" target=\"_blank\">Papier<\/a><\/span>, <span style=\"text-decoration: underline;color: #0000ff\"><a style=\"color: #0000ff;text-decoration: underline\" href=\"http:\/\/kortho.com\/de\/losungen\/materialien\/holz\/\" target=\"_blank\">Holz<\/a><\/span> und <span style=\"text-decoration: underline;color: #0000ff\"><a style=\"color: #0000ff;text-decoration: underline\" href=\"http:\/\/kortho.com\/de\/losungen\/materialien\/fasern\/\" target=\"_blank\">Fasern<\/a><\/span> werden am h\u00e4ufigsten \u00d6l-basierte Tinten verwendet. F\u00fcr nicht-por\u00f6se Materialien wie <span style=\"text-decoration: underline;color: #0000ff\"><a style=\"color: #0000ff;text-decoration: underline\" href=\"http:\/\/kortho.com\/de\/losungen\/materialien\/metall\/\" target=\"_blank\">Metall<\/a><\/span>, <span style=\"text-decoration: underline;color: #0000ff\"><a style=\"color: #0000ff;text-decoration: underline\" href=\"http:\/\/kortho.com\/de\/losungen\/materialien\/glas\/\" target=\"_blank\">Glas<\/a><\/span> und <span style=\"text-decoration: underline;color: #0000ff\"><a style=\"color: #0000ff;text-decoration: underline\" href=\"http:\/\/kortho.com\/de\/losungen\/materialien\/hartplastik\/\" target=\"_blank\">Hartplastik<\/a><\/span> werden l\u00f6sungsmittelbasierte Tinten verwendet. Wenn die Geschwindigkeit f\u00fcr das Material nicht zu hoch und die Haftung gut ist, ist der Hi-Res Inkjet eine \u00f6konomische und sorgenfreie Alternative zu CIJ.<\/p>\n<h3><a title=\"Kortho's Hi-Res Inkjets\" href=\"http:\/\/kortho.com\/de\/productgroepen\/graphicjet-hi-res-inkjet\/\"><span style=\"color: #0000ff\"><strong><span style=\"text-decoration: underline\">Klicken Sie hier f\u00fcr weitere Informationen \u00fcber Kortho\u2019s Hi-Res Inkjet Systeme <\/span><\/strong><\/span><\/a><\/h3>\n","protected":false},"excerpt":{"rendered":"<p>Wie funktioniert der Hi-Res Inkjet? Der Hi-Res Inkjet funktioniert durch das Verwenden vertikal platzierter Tintenkammern (D\u00fcsen), die Tintentropfen auf das&hellip;<\/p>\n","protected":false},"author":1,"featured_media":3986,"parent":132,"menu_order":3,"comment_status":"closed","ping_status":"closed","template":"page_taxonomy_child.php","meta":{"_monsterinsights_skip_tracking":false,"_monsterinsights_sitenote_active":false,"_monsterinsights_sitenote_note":"","_monsterinsights_sitenote_category":0,"footnotes":""},"class_list":["post-248","page","type-page","status-publish","format-standard","has-post-thumbnail","hentry"],"yoast_head":"<!-- This site is optimized with the Yoast SEO plugin v23.6 - https:\/\/yoast.com\/wordpress\/plugins\/seo\/ -->\n<title>Hi-Res Inkjet - Kortho - Deutschland<\/title>\n<meta name=\"robots\" content=\"index, follow, max-snippet:-1, max-image-preview:large, max-video-preview:-1\" \/>\n<link rel=\"canonical\" href=\"https:\/\/kortho.com\/de\/losungen\/kennzeichnungsgerate\/hi-res-inkjet\/\" \/>\n<meta property=\"og:locale\" content=\"en_US\" \/>\n<meta property=\"og:type\" content=\"article\" \/>\n<meta property=\"og:title\" content=\"Hi-Res Inkjet - Kortho - Deutschland\" \/>\n<meta property=\"og:description\" content=\"Wie funktioniert der Hi-Res Inkjet? Der Hi-Res Inkjet funktioniert durch das Verwenden vertikal platzierter Tintenkammern (D\u00fcsen), die Tintentropfen auf das&hellip;\" \/>\n<meta property=\"og:url\" content=\"https:\/\/kortho.com\/de\/losungen\/kennzeichnungsgerate\/hi-res-inkjet\/\" \/>\n<meta property=\"og:site_name\" content=\"Kortho - Deutschland\" \/>\n<meta property=\"article:modified_time\" content=\"2016-06-28T08:16:39+00:00\" \/>\n<meta property=\"og:image\" content=\"https:\/\/kortho.com\/de\/wp-content\/uploads\/sites\/5\/2015\/12\/Kortho-GraphicJet-X54-HiRes-Inkjet-N2.png\" \/>\n\t<meta property=\"og:image:width\" content=\"1478\" \/>\n\t<meta property=\"og:image:height\" content=\"1280\" \/>\n\t<meta property=\"og:image:type\" content=\"image\/png\" \/>\n<meta name=\"twitter:card\" content=\"summary_large_image\" \/>\n<meta name=\"twitter:label1\" content=\"Est. reading time\" \/>\n\t<meta name=\"twitter:data1\" content=\"2 minutes\" \/>\n<script type=\"application\/ld+json\" class=\"yoast-schema-graph\">{\"@context\":\"https:\/\/schema.org\",\"@graph\":[{\"@type\":\"WebPage\",\"@id\":\"https:\/\/kortho.com\/de\/losungen\/kennzeichnungsgerate\/hi-res-inkjet\/\",\"url\":\"https:\/\/kortho.com\/de\/losungen\/kennzeichnungsgerate\/hi-res-inkjet\/\",\"name\":\"Hi-Res Inkjet - Kortho - Deutschland\",\"isPartOf\":{\"@id\":\"https:\/\/kortho.com\/de\/#website\"},\"primaryImageOfPage\":{\"@id\":\"https:\/\/kortho.com\/de\/losungen\/kennzeichnungsgerate\/hi-res-inkjet\/#primaryimage\"},\"image\":{\"@id\":\"https:\/\/kortho.com\/de\/losungen\/kennzeichnungsgerate\/hi-res-inkjet\/#primaryimage\"},\"thumbnailUrl\":\"https:\/\/kortho.com\/de\/wp-content\/uploads\/sites\/5\/2015\/12\/Kortho-GraphicJet-X54-HiRes-Inkjet-N2.png\",\"datePublished\":\"2014-11-30T15:35:16+00:00\",\"dateModified\":\"2016-06-28T08:16:39+00:00\",\"breadcrumb\":{\"@id\":\"https:\/\/kortho.com\/de\/losungen\/kennzeichnungsgerate\/hi-res-inkjet\/#breadcrumb\"},\"inLanguage\":\"en-US\",\"potentialAction\":[{\"@type\":\"ReadAction\",\"target\":[\"https:\/\/kortho.com\/de\/losungen\/kennzeichnungsgerate\/hi-res-inkjet\/\"]}]},{\"@type\":\"ImageObject\",\"inLanguage\":\"en-US\",\"@id\":\"https:\/\/kortho.com\/de\/losungen\/kennzeichnungsgerate\/hi-res-inkjet\/#primaryimage\",\"url\":\"https:\/\/kortho.com\/de\/wp-content\/uploads\/sites\/5\/2015\/12\/Kortho-GraphicJet-X54-HiRes-Inkjet-N2.png\",\"contentUrl\":\"https:\/\/kortho.com\/de\/wp-content\/uploads\/sites\/5\/2015\/12\/Kortho-GraphicJet-X54-HiRes-Inkjet-N2.png\",\"width\":1478,\"height\":1280},{\"@type\":\"BreadcrumbList\",\"@id\":\"https:\/\/kortho.com\/de\/losungen\/kennzeichnungsgerate\/hi-res-inkjet\/#breadcrumb\",\"itemListElement\":[{\"@type\":\"ListItem\",\"position\":1,\"name\":\"Home\",\"item\":\"https:\/\/kortho.com\/de\/\"},{\"@type\":\"ListItem\",\"position\":2,\"name\":\"L\u00f6sungen\",\"item\":\"https:\/\/kortho.com\/de\/losungen\/\"},{\"@type\":\"ListItem\",\"position\":3,\"name\":\"Kennzeichnungsger\u00e4te\",\"item\":\"https:\/\/kortho.com\/de\/losungen\/kennzeichnungsgerate\/\"},{\"@type\":\"ListItem\",\"position\":4,\"name\":\"Hi-Res Inkjet\"}]},{\"@type\":\"WebSite\",\"@id\":\"https:\/\/kortho.com\/de\/#website\",\"url\":\"https:\/\/kortho.com\/de\/\",\"name\":\"Kortho - Deutschland\",\"description\":\"Coding Competence\",\"potentialAction\":[{\"@type\":\"SearchAction\",\"target\":{\"@type\":\"EntryPoint\",\"urlTemplate\":\"https:\/\/kortho.com\/de\/?s={search_term_string}\"},\"query-input\":{\"@type\":\"PropertyValueSpecification\",\"valueRequired\":true,\"valueName\":\"search_term_string\"}}],\"inLanguage\":\"en-US\"}]}<\/script>\n<!-- \/ Yoast SEO plugin. -->","yoast_head_json":{"title":"Hi-Res Inkjet - Kortho - Deutschland","robots":{"index":"index","follow":"follow","max-snippet":"max-snippet:-1","max-image-preview":"max-image-preview:large","max-video-preview":"max-video-preview:-1"},"canonical":"https:\/\/kortho.com\/de\/losungen\/kennzeichnungsgerate\/hi-res-inkjet\/","og_locale":"en_US","og_type":"article","og_title":"Hi-Res Inkjet - Kortho - Deutschland","og_description":"Wie funktioniert der Hi-Res Inkjet? Der Hi-Res Inkjet funktioniert durch das Verwenden vertikal platzierter Tintenkammern (D\u00fcsen), die Tintentropfen auf das&hellip;","og_url":"https:\/\/kortho.com\/de\/losungen\/kennzeichnungsgerate\/hi-res-inkjet\/","og_site_name":"Kortho - Deutschland","article_modified_time":"2016-06-28T08:16:39+00:00","og_image":[{"width":1478,"height":1280,"url":"https:\/\/kortho.com\/de\/wp-content\/uploads\/sites\/5\/2015\/12\/Kortho-GraphicJet-X54-HiRes-Inkjet-N2.png","type":"image\/png"}],"twitter_card":"summary_large_image","twitter_misc":{"Est. reading time":"2 minutes"},"schema":{"@context":"https:\/\/schema.org","@graph":[{"@type":"WebPage","@id":"https:\/\/kortho.com\/de\/losungen\/kennzeichnungsgerate\/hi-res-inkjet\/","url":"https:\/\/kortho.com\/de\/losungen\/kennzeichnungsgerate\/hi-res-inkjet\/","name":"Hi-Res Inkjet - Kortho - Deutschland","isPartOf":{"@id":"https:\/\/kortho.com\/de\/#website"},"primaryImageOfPage":{"@id":"https:\/\/kortho.com\/de\/losungen\/kennzeichnungsgerate\/hi-res-inkjet\/#primaryimage"},"image":{"@id":"https:\/\/kortho.com\/de\/losungen\/kennzeichnungsgerate\/hi-res-inkjet\/#primaryimage"},"thumbnailUrl":"https:\/\/kortho.com\/de\/wp-content\/uploads\/sites\/5\/2015\/12\/Kortho-GraphicJet-X54-HiRes-Inkjet-N2.png","datePublished":"2014-11-30T15:35:16+00:00","dateModified":"2016-06-28T08:16:39+00:00","breadcrumb":{"@id":"https:\/\/kortho.com\/de\/losungen\/kennzeichnungsgerate\/hi-res-inkjet\/#breadcrumb"},"inLanguage":"en-US","potentialAction":[{"@type":"ReadAction","target":["https:\/\/kortho.com\/de\/losungen\/kennzeichnungsgerate\/hi-res-inkjet\/"]}]},{"@type":"ImageObject","inLanguage":"en-US","@id":"https:\/\/kortho.com\/de\/losungen\/kennzeichnungsgerate\/hi-res-inkjet\/#primaryimage","url":"https:\/\/kortho.com\/de\/wp-content\/uploads\/sites\/5\/2015\/12\/Kortho-GraphicJet-X54-HiRes-Inkjet-N2.png","contentUrl":"https:\/\/kortho.com\/de\/wp-content\/uploads\/sites\/5\/2015\/12\/Kortho-GraphicJet-X54-HiRes-Inkjet-N2.png","width":1478,"height":1280},{"@type":"BreadcrumbList","@id":"https:\/\/kortho.com\/de\/losungen\/kennzeichnungsgerate\/hi-res-inkjet\/#breadcrumb","itemListElement":[{"@type":"ListItem","position":1,"name":"Home","item":"https:\/\/kortho.com\/de\/"},{"@type":"ListItem","position":2,"name":"L\u00f6sungen","item":"https:\/\/kortho.com\/de\/losungen\/"},{"@type":"ListItem","position":3,"name":"Kennzeichnungsger\u00e4te","item":"https:\/\/kortho.com\/de\/losungen\/kennzeichnungsgerate\/"},{"@type":"ListItem","position":4,"name":"Hi-Res Inkjet"}]},{"@type":"WebSite","@id":"https:\/\/kortho.com\/de\/#website","url":"https:\/\/kortho.com\/de\/","name":"Kortho - Deutschland","description":"Coding Competence","potentialAction":[{"@type":"SearchAction","target":{"@type":"EntryPoint","urlTemplate":"https:\/\/kortho.com\/de\/?s={search_term_string}"},"query-input":{"@type":"PropertyValueSpecification","valueRequired":true,"valueName":"search_term_string"}}],"inLanguage":"en-US"}]}},"aioseo_notices":[],"_links":{"self":[{"href":"https:\/\/kortho.com\/de\/wp-json\/wp\/v2\/pages\/248"}],"collection":[{"href":"https:\/\/kortho.com\/de\/wp-json\/wp\/v2\/pages"}],"about":[{"href":"https:\/\/kortho.com\/de\/wp-json\/wp\/v2\/types\/page"}],"author":[{"embeddable":true,"href":"https:\/\/kortho.com\/de\/wp-json\/wp\/v2\/users\/1"}],"replies":[{"embeddable":true,"href":"https:\/\/kortho.com\/de\/wp-json\/wp\/v2\/comments?post=248"}],"version-history":[{"count":44,"href":"https:\/\/kortho.com\/de\/wp-json\/wp\/v2\/pages\/248\/revisions"}],"predecessor-version":[{"id":4666,"href":"https:\/\/kortho.com\/de\/wp-json\/wp\/v2\/pages\/248\/revisions\/4666"}],"up":[{"embeddable":true,"href":"https:\/\/kortho.com\/de\/wp-json\/wp\/v2\/pages\/132"}],"wp:featuredmedia":[{"embeddable":true,"href":"https:\/\/kortho.com\/de\/wp-json\/wp\/v2\/media\/3986"}],"wp:attachment":[{"href":"https:\/\/kortho.com\/de\/wp-json\/wp\/v2\/media?parent=248"}],"curies":[{"name":"wp","href":"https:\/\/api.w.org\/{rel}","templated":true}]}}