{"id":250,"date":"2014-11-30T15:35:45","date_gmt":"2014-11-30T15:35:45","guid":{"rendered":"http:\/\/jaspervandermeij.nl\/kortho\/nl\/?page_id=250"},"modified":"2016-06-28T08:37:36","modified_gmt":"2016-06-28T08:37:36","slug":"heisspragen","status":"publish","type":"page","link":"https:\/\/kortho.com\/de\/losungen\/kennzeichnungsgerate\/heisspragen\/","title":{"rendered":"Heisspr\u00e4gesysteme"},"content":{"rendered":"<h1><img loading=\"lazy\" decoding=\"async\" class=\"alignleft size-full wp-image-1144\" src=\"http:\/\/kortho.com\/wp-content\/uploads\/2015\/05\/Kortho-Hotprinter-logo-printen-op-leer-riem-K.jpg\" alt=\"Kortho-Hotprinter-logo-printen-op-leer-riem K\" width=\"138\" height=\"138\" \/> <img loading=\"lazy\" decoding=\"async\" class=\"alignleft size-full wp-image-1148\" src=\"http:\/\/kortho.com\/wp-content\/uploads\/2015\/05\/Kortho-Hotprinter-printen-variabele-gegevens-op-een-medicijn-blisterverpakking-K.jpg\" alt=\"Kortho-Hotprinter-printen-variabele-gegevens-op-een-medicijn-blisterverpakking K\" width=\"138\" height=\"138\" \/> <img loading=\"lazy\" decoding=\"async\" class=\"alignleft size-full wp-image-1145\" src=\"http:\/\/kortho.com\/wp-content\/uploads\/2015\/05\/Kortho-Hotprinter-logo-printen-op-spuitzak-K.jpg\" alt=\"Kortho-Hotprinter-logo-printen-op-spuitzak K\" width=\"138\" height=\"138\" \/> <img loading=\"lazy\" decoding=\"async\" class=\"alignleft size-full wp-image-1149\" src=\"http:\/\/kortho.com\/wp-content\/uploads\/2015\/05\/Kortho-Hotprinter-inhoud-print-op-onderdelenzakje-K.jpg\" alt=\"Kortho-Hotprinter-inhoud-print-op-onderdelenzakje-K\" width=\"138\" height=\"138\" \/> <img loading=\"lazy\" decoding=\"async\" class=\"alignleft size-full wp-image-1147\" src=\"http:\/\/kortho.com\/wp-content\/uploads\/2015\/05\/Kortho-Hotprinter-oplopend-nummer-printen-op-postzak-afsluitstrap-K.jpg\" alt=\"Kortho-Hotprinter-oplopend-nummer-printen-op-postzak-afsluitstrap K\" width=\"138\" height=\"138\" \/> <img loading=\"lazy\" decoding=\"async\" class=\"alignleft size-full wp-image-1146\" src=\"http:\/\/kortho.com\/wp-content\/uploads\/2015\/05\/Kortho-Hotprinter-nummer-printen-op-remkabel-Renault-K.jpg\" alt=\"Kortho-Hotprinter-nummer-printen-op-remkabel-Renault K\" width=\"138\" height=\"138\" \/><\/h1>\n<h1><\/h1>\n<h1><\/h1>\n<h1>Wie funktioniert ein Heisspr\u00e4gedrucker?<\/h1>\n<p>Hei\u00dfpr\u00e4gedruck (oder Hotprint oder Hei\u00dfpr\u00e4gen) wird als Vorstufe zu <span style=\"text-decoration: underline;color: #0000ff\"><a style=\"color: #0000ff;text-decoration: underline\" href=\"http:\/\/kortho.com\/de\/losungen\/kennzeichnungsgerate\/warme-ubertragung-thermotransfer-tto\/\" target=\"_blank\">Thermotransferdruck<\/a><\/span> angesehen. Wie beim Thermotransferdruck\u00a0 wird hier eine Farbschicht von einem Farbband geschmolzen und auf die Oberfl\u00e4che des Produkts (Substrat) gedruckt. Jedoch wird dies beim Hei\u00dfpr\u00e4gen mit einem erhitzten Metallklischee durchgef\u00fchrt, anstelle eines digital gesteuerten Druckkopfes. Um den Druck zu \u00e4ndern, muss dieses Klischee vorher physisch ausgetauscht werden. Es ist jedoch m\u00f6glich, fortlaufende Nummern oder Daten durch die Benutzung eines Datenrads oder Z\u00e4hlers zu drucken. Weil der Hei\u00dfpr\u00e4ger \u00f6konomisch und \u00e4u\u00dferst zuverl\u00e4ssig ist und eine bessere Haftung als TTO vorzuweisen hat, ist er immer noch weit verbreitet.<\/p>\n<h2>Kratzfeste Beschichtung auf fast jeder Oberfl\u00e4che<\/h2>\n<p>Im Heisspr\u00e4ge- sowie dem TTO Druck wird ein Farbband (Heisspr\u00e4gefolie) mit fester Tinte \u00fcber das Substrat durch den Drucker gerollt. Das Metallklischee presst die Folie kurz auf das Material, auf das gedruckt werden soll, wodurch die Tinte geschmolzen wird und der Druck erfolgt. Das Material, auf das gedruckt werden muss, muss statisch w\u00e4hrend des Drucks (intermittierend) sein. F\u00fcr eine (kontinuierliche) Produktionslinie, bei dem die Produkte bedruckt werden m\u00fcssen, k\u00f6nnen Puffer verwendet werden. Dies erzeugt einen Stillstandmoment des Produkts, sodass der Druck erfolgen kann. Dadurch, dass der Heisspr\u00e4gen eine l\u00e4ngere Pr\u00e4gezeit hat und mehr Energie f\u00fcr den Druck verwendet wird als bei TTO, sind diese Drucke kratzfester und haften besser.<\/p>\n<h2>Anwendungen f\u00fcr den Hei\u00dfpr\u00e4gedruck<\/h2>\n<p>Durch die robuste, mechanische Ausf\u00fchrung der Hei\u00dfpr\u00e4gers, werden diese haupts\u00e4chlich in der <span style=\"text-decoration: underline;color: #0000ff\"><a style=\"color: #0000ff;text-decoration: underline\" href=\"http:\/\/kortho.com\/de\/losungen\/produktionsschritte\/primare-verpackungsstufe\/\" target=\"_blank\">prim\u00e4ren Verpackungsstufe<\/a><\/span> der Produktionsprozesse eingesetzt, in der die TTO Druckk\u00f6pfe nicht funktionieren k\u00f6nnen. Zum Beispiel in staubigen, schwierigen Umgebungen der <span style=\"text-decoration: underline;color: #0000ff\"><a style=\"color: #0000ff;text-decoration: underline\" href=\"http:\/\/kortho.com\/de\/losungen\/geschaftsbereich\/gewerblich\/\" target=\"_blank\">Industrie<\/a><\/span>,\u00a0 oder in der Landwirtschafts- und <span style=\"text-decoration: underline;color: #0000ff\"><a style=\"color: #0000ff;text-decoration: underline\" href=\"http:\/\/kortho.com\/de\/losungen\/geschaftsbereich\/bauwesen\/\" target=\"_blank\">Bauindustrie<\/a><\/span>.<br \/>\nF\u00fcr Anwendungen, bei denen die Drucke sich nicht h\u00e4ufig \u00e4ndern m\u00fcssen oder nur eine schrittweise Erh\u00f6hung der Zahlen oder Daten n\u00f6tig ist, k\u00f6nnen niedrige Anschaffungskosten der entscheidende Faktor sein, um einen Hei\u00dfpr\u00e4ger zu verwenden. Schlie\u00dflich ist der Hei\u00dfpr\u00e4ger in der Lage, sehr scharfe Logos\/Bilder auf schwierigen Oberfl\u00e4chen (wie z.B. auf <span style=\"text-decoration: underline;color: #0000ff\"><a style=\"color: #0000ff;text-decoration: underline\" href=\"http:\/\/kortho.com\/de\/losungen\/materialien\/hartplastik\/\" target=\"_blank\">Hartplastik<\/a><\/span>, <span style=\"text-decoration: underline;color: #0000ff\"><a style=\"color: #0000ff;text-decoration: underline\" href=\"http:\/\/kortho.com\/de\/losungen\/materialien\/fasern\/\" target=\"_blank\">Faserstoffen<\/a><\/span> oder sogar Leder) zu drucken.<\/p>\n<p>&nbsp;<\/p>\n<h3><span style=\"text-decoration: underline;color: #0000ff\"><a style=\"color: #0000ff;text-decoration: underline\" title=\"Kortho Hotprinters\" href=\"http:\/\/kortho.com\/de\/productgroepen\/heisspragedrucker\/\">Klicken Sie hier f\u00fcr mehr Informationen \u00fcber Kortho\u2019s Heisspr\u00e4gesysteme<\/a><\/span><\/h3>\n","protected":false},"excerpt":{"rendered":"<p>Wie funktioniert ein Heisspr\u00e4gedrucker? Hei\u00dfpr\u00e4gedruck (oder Hotprint oder Hei\u00dfpr\u00e4gen) wird als Vorstufe zu Thermotransferdruck angesehen. Wie beim Thermotransferdruck\u00a0 wird hier&hellip;<\/p>\n","protected":false},"author":1,"featured_media":1174,"parent":132,"menu_order":7,"comment_status":"closed","ping_status":"closed","template":"page_taxonomy_child.php","meta":{"_monsterinsights_skip_tracking":false,"_monsterinsights_sitenote_active":false,"_monsterinsights_sitenote_note":"","_monsterinsights_sitenote_category":0,"footnotes":""},"class_list":["post-250","page","type-page","status-publish","format-standard","has-post-thumbnail","hentry"],"yoast_head":"<!-- This site is optimized with the Yoast SEO plugin v23.6 - https:\/\/yoast.com\/wordpress\/plugins\/seo\/ -->\n<title>Heisspr\u00e4gesysteme - Kortho - Deutschland<\/title>\n<meta name=\"robots\" content=\"index, follow, max-snippet:-1, max-image-preview:large, max-video-preview:-1\" \/>\n<link rel=\"canonical\" href=\"https:\/\/kortho.com\/de\/losungen\/kennzeichnungsgerate\/heisspragen\/\" \/>\n<meta property=\"og:locale\" content=\"en_US\" \/>\n<meta property=\"og:type\" content=\"article\" \/>\n<meta property=\"og:title\" content=\"Heisspr\u00e4gesysteme - Kortho - Deutschland\" \/>\n<meta property=\"og:description\" content=\"Wie funktioniert ein Heisspr\u00e4gedrucker? Hei\u00dfpr\u00e4gedruck (oder Hotprint oder Hei\u00dfpr\u00e4gen) wird als Vorstufe zu Thermotransferdruck angesehen. Wie beim Thermotransferdruck\u00a0 wird hier&hellip;\" \/>\n<meta property=\"og:url\" content=\"https:\/\/kortho.com\/de\/losungen\/kennzeichnungsgerate\/heisspragen\/\" \/>\n<meta property=\"og:site_name\" content=\"Kortho - Deutschland\" \/>\n<meta property=\"article:modified_time\" content=\"2016-06-28T08:37:36+00:00\" \/>\n<meta property=\"og:image\" content=\"https:\/\/kortho.com\/de\/wp-content\/uploads\/sites\/5\/2015\/05\/Kortho-Hotprinter-M-150-D-series-N1.jpg\" \/>\n\t<meta property=\"og:image:width\" content=\"1024\" \/>\n\t<meta property=\"og:image:height\" content=\"887\" \/>\n\t<meta property=\"og:image:type\" content=\"image\/jpeg\" \/>\n<meta name=\"twitter:card\" content=\"summary_large_image\" \/>\n<meta name=\"twitter:label1\" content=\"Est. reading time\" \/>\n\t<meta name=\"twitter:data1\" content=\"2 minutes\" \/>\n<script type=\"application\/ld+json\" class=\"yoast-schema-graph\">{\"@context\":\"https:\/\/schema.org\",\"@graph\":[{\"@type\":\"WebPage\",\"@id\":\"https:\/\/kortho.com\/de\/losungen\/kennzeichnungsgerate\/heisspragen\/\",\"url\":\"https:\/\/kortho.com\/de\/losungen\/kennzeichnungsgerate\/heisspragen\/\",\"name\":\"Heisspr\u00e4gesysteme - Kortho - Deutschland\",\"isPartOf\":{\"@id\":\"https:\/\/kortho.com\/de\/#website\"},\"primaryImageOfPage\":{\"@id\":\"https:\/\/kortho.com\/de\/losungen\/kennzeichnungsgerate\/heisspragen\/#primaryimage\"},\"image\":{\"@id\":\"https:\/\/kortho.com\/de\/losungen\/kennzeichnungsgerate\/heisspragen\/#primaryimage\"},\"thumbnailUrl\":\"https:\/\/kortho.com\/de\/wp-content\/uploads\/sites\/5\/2015\/05\/Kortho-Hotprinter-M-150-D-series-N1.jpg\",\"datePublished\":\"2014-11-30T15:35:45+00:00\",\"dateModified\":\"2016-06-28T08:37:36+00:00\",\"breadcrumb\":{\"@id\":\"https:\/\/kortho.com\/de\/losungen\/kennzeichnungsgerate\/heisspragen\/#breadcrumb\"},\"inLanguage\":\"en-US\",\"potentialAction\":[{\"@type\":\"ReadAction\",\"target\":[\"https:\/\/kortho.com\/de\/losungen\/kennzeichnungsgerate\/heisspragen\/\"]}]},{\"@type\":\"ImageObject\",\"inLanguage\":\"en-US\",\"@id\":\"https:\/\/kortho.com\/de\/losungen\/kennzeichnungsgerate\/heisspragen\/#primaryimage\",\"url\":\"https:\/\/kortho.com\/de\/wp-content\/uploads\/sites\/5\/2015\/05\/Kortho-Hotprinter-M-150-D-series-N1.jpg\",\"contentUrl\":\"https:\/\/kortho.com\/de\/wp-content\/uploads\/sites\/5\/2015\/05\/Kortho-Hotprinter-M-150-D-series-N1.jpg\",\"width\":1024,\"height\":887},{\"@type\":\"BreadcrumbList\",\"@id\":\"https:\/\/kortho.com\/de\/losungen\/kennzeichnungsgerate\/heisspragen\/#breadcrumb\",\"itemListElement\":[{\"@type\":\"ListItem\",\"position\":1,\"name\":\"Home\",\"item\":\"https:\/\/kortho.com\/de\/\"},{\"@type\":\"ListItem\",\"position\":2,\"name\":\"L\u00f6sungen\",\"item\":\"https:\/\/kortho.com\/de\/losungen\/\"},{\"@type\":\"ListItem\",\"position\":3,\"name\":\"Kennzeichnungsger\u00e4te\",\"item\":\"https:\/\/kortho.com\/de\/losungen\/kennzeichnungsgerate\/\"},{\"@type\":\"ListItem\",\"position\":4,\"name\":\"Heisspr\u00e4gesysteme\"}]},{\"@type\":\"WebSite\",\"@id\":\"https:\/\/kortho.com\/de\/#website\",\"url\":\"https:\/\/kortho.com\/de\/\",\"name\":\"Kortho - Deutschland\",\"description\":\"Coding Competence\",\"potentialAction\":[{\"@type\":\"SearchAction\",\"target\":{\"@type\":\"EntryPoint\",\"urlTemplate\":\"https:\/\/kortho.com\/de\/?s={search_term_string}\"},\"query-input\":{\"@type\":\"PropertyValueSpecification\",\"valueRequired\":true,\"valueName\":\"search_term_string\"}}],\"inLanguage\":\"en-US\"}]}<\/script>\n<!-- \/ Yoast SEO plugin. -->","yoast_head_json":{"title":"Heisspr\u00e4gesysteme - Kortho - Deutschland","robots":{"index":"index","follow":"follow","max-snippet":"max-snippet:-1","max-image-preview":"max-image-preview:large","max-video-preview":"max-video-preview:-1"},"canonical":"https:\/\/kortho.com\/de\/losungen\/kennzeichnungsgerate\/heisspragen\/","og_locale":"en_US","og_type":"article","og_title":"Heisspr\u00e4gesysteme - Kortho - Deutschland","og_description":"Wie funktioniert ein Heisspr\u00e4gedrucker? Hei\u00dfpr\u00e4gedruck (oder Hotprint oder Hei\u00dfpr\u00e4gen) wird als Vorstufe zu Thermotransferdruck angesehen. Wie beim Thermotransferdruck\u00a0 wird hier&hellip;","og_url":"https:\/\/kortho.com\/de\/losungen\/kennzeichnungsgerate\/heisspragen\/","og_site_name":"Kortho - Deutschland","article_modified_time":"2016-06-28T08:37:36+00:00","og_image":[{"width":1024,"height":887,"url":"https:\/\/kortho.com\/de\/wp-content\/uploads\/sites\/5\/2015\/05\/Kortho-Hotprinter-M-150-D-series-N1.jpg","type":"image\/jpeg"}],"twitter_card":"summary_large_image","twitter_misc":{"Est. reading time":"2 minutes"},"schema":{"@context":"https:\/\/schema.org","@graph":[{"@type":"WebPage","@id":"https:\/\/kortho.com\/de\/losungen\/kennzeichnungsgerate\/heisspragen\/","url":"https:\/\/kortho.com\/de\/losungen\/kennzeichnungsgerate\/heisspragen\/","name":"Heisspr\u00e4gesysteme - Kortho - Deutschland","isPartOf":{"@id":"https:\/\/kortho.com\/de\/#website"},"primaryImageOfPage":{"@id":"https:\/\/kortho.com\/de\/losungen\/kennzeichnungsgerate\/heisspragen\/#primaryimage"},"image":{"@id":"https:\/\/kortho.com\/de\/losungen\/kennzeichnungsgerate\/heisspragen\/#primaryimage"},"thumbnailUrl":"https:\/\/kortho.com\/de\/wp-content\/uploads\/sites\/5\/2015\/05\/Kortho-Hotprinter-M-150-D-series-N1.jpg","datePublished":"2014-11-30T15:35:45+00:00","dateModified":"2016-06-28T08:37:36+00:00","breadcrumb":{"@id":"https:\/\/kortho.com\/de\/losungen\/kennzeichnungsgerate\/heisspragen\/#breadcrumb"},"inLanguage":"en-US","potentialAction":[{"@type":"ReadAction","target":["https:\/\/kortho.com\/de\/losungen\/kennzeichnungsgerate\/heisspragen\/"]}]},{"@type":"ImageObject","inLanguage":"en-US","@id":"https:\/\/kortho.com\/de\/losungen\/kennzeichnungsgerate\/heisspragen\/#primaryimage","url":"https:\/\/kortho.com\/de\/wp-content\/uploads\/sites\/5\/2015\/05\/Kortho-Hotprinter-M-150-D-series-N1.jpg","contentUrl":"https:\/\/kortho.com\/de\/wp-content\/uploads\/sites\/5\/2015\/05\/Kortho-Hotprinter-M-150-D-series-N1.jpg","width":1024,"height":887},{"@type":"BreadcrumbList","@id":"https:\/\/kortho.com\/de\/losungen\/kennzeichnungsgerate\/heisspragen\/#breadcrumb","itemListElement":[{"@type":"ListItem","position":1,"name":"Home","item":"https:\/\/kortho.com\/de\/"},{"@type":"ListItem","position":2,"name":"L\u00f6sungen","item":"https:\/\/kortho.com\/de\/losungen\/"},{"@type":"ListItem","position":3,"name":"Kennzeichnungsger\u00e4te","item":"https:\/\/kortho.com\/de\/losungen\/kennzeichnungsgerate\/"},{"@type":"ListItem","position":4,"name":"Heisspr\u00e4gesysteme"}]},{"@type":"WebSite","@id":"https:\/\/kortho.com\/de\/#website","url":"https:\/\/kortho.com\/de\/","name":"Kortho - Deutschland","description":"Coding Competence","potentialAction":[{"@type":"SearchAction","target":{"@type":"EntryPoint","urlTemplate":"https:\/\/kortho.com\/de\/?s={search_term_string}"},"query-input":{"@type":"PropertyValueSpecification","valueRequired":true,"valueName":"search_term_string"}}],"inLanguage":"en-US"}]}},"aioseo_notices":[],"_links":{"self":[{"href":"https:\/\/kortho.com\/de\/wp-json\/wp\/v2\/pages\/250"}],"collection":[{"href":"https:\/\/kortho.com\/de\/wp-json\/wp\/v2\/pages"}],"about":[{"href":"https:\/\/kortho.com\/de\/wp-json\/wp\/v2\/types\/page"}],"author":[{"embeddable":true,"href":"https:\/\/kortho.com\/de\/wp-json\/wp\/v2\/users\/1"}],"replies":[{"embeddable":true,"href":"https:\/\/kortho.com\/de\/wp-json\/wp\/v2\/comments?post=250"}],"version-history":[{"count":49,"href":"https:\/\/kortho.com\/de\/wp-json\/wp\/v2\/pages\/250\/revisions"}],"predecessor-version":[{"id":4675,"href":"https:\/\/kortho.com\/de\/wp-json\/wp\/v2\/pages\/250\/revisions\/4675"}],"up":[{"embeddable":true,"href":"https:\/\/kortho.com\/de\/wp-json\/wp\/v2\/pages\/132"}],"wp:featuredmedia":[{"embeddable":true,"href":"https:\/\/kortho.com\/de\/wp-json\/wp\/v2\/media\/1174"}],"wp:attachment":[{"href":"https:\/\/kortho.com\/de\/wp-json\/wp\/v2\/media?parent=250"}],"curies":[{"name":"wp","href":"https:\/\/api.w.org\/{rel}","templated":true}]}}