{"id":254,"date":"2014-11-30T15:36:58","date_gmt":"2014-11-30T15:36:58","guid":{"rendered":"http:\/\/jaspervandermeij.nl\/kortho\/nl\/?page_id=254"},"modified":"2016-06-28T08:48:08","modified_gmt":"2016-06-28T08:48:08","slug":"rollcoder","status":"publish","type":"page","link":"https:\/\/kortho.com\/de\/losungen\/kennzeichnungsgerate\/rollcoder\/","title":{"rendered":"Rollcoder"},"content":{"rendered":"<h1><img loading=\"lazy\" decoding=\"async\" class=\"alignleft size-full wp-image-1359\" src=\"http:\/\/kortho.com\/wp-content\/uploads\/2015\/06\/Kortho-Rolcoder-printen-op-kunststof-folie-K2.jpg\" alt=\"Kortho-Rolcoder-printen-op-kunststof-folie-K\" width=\"138\" height=\"138\" \/> <img loading=\"lazy\" decoding=\"async\" class=\"alignleft size-full wp-image-1340\" src=\"http:\/\/kortho.com\/wp-content\/uploads\/2015\/06\/Kortho-Rolcoder-printen-op-papieren-zak-in-stofrijke-ruimte-gips-cement-K.jpg\" alt=\"Kortho-Rolcoder-printen-op-papieren-zak-in-stofrijke-ruimte-gips-cement-K\" width=\"138\" height=\"138\" \/> <img loading=\"lazy\" decoding=\"async\" class=\"alignleft size-full wp-image-1346\" src=\"http:\/\/kortho.com\/wp-content\/uploads\/2015\/06\/Kortho-Rolcoder-printen-logo-en-doorlopende-stippel-snijlijn-op-eindloos-betumen-product-K.jpg\" alt=\"Kortho-Rolcoder-printen-logo-en-doorlopende-stippel-snijlijn-op-eindloos-betumen-product-K\" width=\"138\" height=\"138\" \/> <img loading=\"lazy\" decoding=\"async\" class=\"alignleft size-full wp-image-1360\" src=\"http:\/\/kortho.com\/wp-content\/uploads\/2015\/06\/Kortho-Rolcoder-printen-op-diverse-materialen-poreus-en-niet-poreus-K2.jpg\" alt=\"Kortho-Rolcoder-printen-op-diverse-materialen-poreus-en-niet-poreus-K\" width=\"138\" height=\"138\" \/> <img loading=\"lazy\" decoding=\"async\" class=\"alignleft size-full wp-image-1344\" src=\"http:\/\/kortho.com\/wp-content\/uploads\/2015\/06\/Kortho-Rolcoder-printen-logo-op-kartonnen-doos-K.jpg\" alt=\"Kortho-Rolcoder-printen-logo-op-kartonnen-doos-K\" width=\"138\" height=\"138\" \/> <img loading=\"lazy\" decoding=\"async\" class=\"alignleft size-full wp-image-1343\" src=\"http:\/\/kortho.com\/wp-content\/uploads\/2015\/06\/Kortho-Rolcoder-printen-logo-op-katoen-K.jpg\" alt=\"Kortho-Rolcoder-printen-logo-op-katoen-K\" width=\"138\" height=\"138\" \/><\/h1>\n<h1><\/h1>\n<h1><\/h1>\n<h1><\/h1>\n<h1>Wie funktioniert ein Rollcoder?<\/h1>\n<p>Rollcoder sind zu 100%\u00a0 mechanische Signiersysteme, die linear verwendet werden k\u00f6nnen. Ein Gummiklischee mit Zeichen und\/oder Logos wird auf einem Zylinder angeordnet, wobei das Material, welches bedruckt werden soll, seitlich an dem Ger\u00e4t vorbeigef\u00fchrt wird. Durch eine einzige Bewegung wird das Klischee eingef\u00e4rbt und anschlie\u00dfend \u00fcber das Produkt abgerollt. Hierdurch entsteht ein sauberer immer wiederkehrender Abdruck auf dem Substrat.<\/p>\n<h2>Sowohl bewegliche als auch lineare Codierung in den anspruchsvollsten Umgebungen<\/h2>\n<p>Zus\u00e4tzlich zu der linearen Verwendung kann der Rollcoder au\u00dferdem manuell auf einem Produkt abgerollt werden. In diesem Fall sprechen wir von einem Handrollcoder. Da der Rollcoder 100% mechanisch funktioniert, ist er eine \u00e4u\u00dferst zuverl\u00e4ssige und robuste Signiertechnik; Temperatur, Staub, Schmutz oder Feuchtigkeit beeintr\u00e4chtigen die Funktionen nicht. Dies macht den Rollcoder zu einer vollst\u00e4ndig wartungsfreien Signiertechnik, unabh\u00e4ngig von der industriellen Umgebung, in der sie verwendet wird.<\/p>\n<h2>Anwendungen f\u00fcr Rollcoder<\/h2>\n<p>Rollcoder werden haupts\u00e4chlich in der\u00a0 <span style=\"text-decoration: underline;color: #0000ff\"><a style=\"color: #0000ff;text-decoration: underline\" href=\"http:\/\/kortho.com\/de\/losungen\/produktionsschritte\/sekundare-verpackungsstufe\/\" target=\"_blank\">sekund\u00e4ren<\/a><\/span> und <span style=\"text-decoration: underline;color: #0000ff\"><a style=\"color: #0000ff;text-decoration: underline\" href=\"http:\/\/kortho.com\/de\/losungen\/produktionsschritte\/tertiare-verpackungsstufe\/\" target=\"_blank\">terti\u00e4ren<\/a><\/span> Stufe einer Verpackungslinie verwendet, in denen Haushaltsfragen wichtig sind und bei denen sich der Druck nicht viel ver\u00e4ndert. Ein zweites, unterst\u00fctzendes Argument ist die hohe Zuverl\u00e4ssigkeit und die fehlende Notwendigkeit von Strom und\/oder Druckluft, zum Beispiel in anspruchsvollen Umgebungen (ATEX), oder im Fall des Handcodierers auf Schiffen oder Bohrinseln mit einer hohen Luftfeuchtigkeit. Kisten, Boxen, F\u00e4sser und Paletten k\u00f6nnen leichter codiert werden. Dar\u00fcber hinaus ist die extreme Robustheit der Rollcoder ideal f\u00fcr den Einsatz in staubigen Umgebungen, wie beispielsweise in der <span style=\"text-decoration: underline\"><span style=\"color: #0000ff\"><a style=\"color: #0000ff;text-decoration: underline\" href=\"http:\/\/kortho.com\/de\/losungen\/materialien\/holz\/\" target=\"_blank\">Holz-<\/a><\/span><\/span>, <a href=\"http:\/\/kortho.com\/de\/losungen\/geschaftsbereich\/bauwesen\/\" target=\"_blank\"><span style=\"text-decoration: underline;color: #0000ff\">Bau<\/span>&#8211;<\/a> und\/oder <span style=\"text-decoration: underline;color: #0000ff\"><a style=\"color: #0000ff;text-decoration: underline\" href=\"http:\/\/kortho.com\/de\/losungen\/materialien\/fasern\/\" target=\"_blank\">Faserverarbeitung<\/a><\/span>.<\/p>\n<h3><span style=\"text-decoration: underline;color: #0000ff\"><a style=\"color: #0000ff;text-decoration: underline\" title=\"Kortho Rolcoder\" href=\"http:\/\/kortho.com\/de\/productgroepen\/rollcoder\/\">Klicken Sie hier f\u00fcr mehr Informationen \u00fcber Kortho\u2019s Rollcoder<\/a><\/span><\/h3>\n","protected":false},"excerpt":{"rendered":"<p>Wie funktioniert ein Rollcoder? Rollcoder sind zu 100%\u00a0 mechanische Signiersysteme, die linear verwendet werden k\u00f6nnen. Ein Gummiklischee mit Zeichen und\/oder&hellip;<\/p>\n","protected":false},"author":1,"featured_media":1356,"parent":132,"menu_order":8,"comment_status":"closed","ping_status":"closed","template":"page_taxonomy_child.php","meta":{"_monsterinsights_skip_tracking":false,"_monsterinsights_sitenote_active":false,"_monsterinsights_sitenote_note":"","_monsterinsights_sitenote_category":0,"footnotes":""},"class_list":["post-254","page","type-page","status-publish","format-standard","has-post-thumbnail","hentry"],"yoast_head":"<!-- This site is optimized with the Yoast SEO plugin v23.6 - https:\/\/yoast.com\/wordpress\/plugins\/seo\/ -->\n<title>Rollcoder - Kortho - Deutschland<\/title>\n<meta name=\"robots\" content=\"index, follow, max-snippet:-1, max-image-preview:large, max-video-preview:-1\" \/>\n<link rel=\"canonical\" href=\"https:\/\/kortho.com\/de\/losungen\/kennzeichnungsgerate\/rollcoder\/\" \/>\n<meta property=\"og:locale\" content=\"en_US\" \/>\n<meta property=\"og:type\" content=\"article\" \/>\n<meta property=\"og:title\" content=\"Rollcoder - Kortho - Deutschland\" \/>\n<meta property=\"og:description\" content=\"Wie funktioniert ein Rollcoder? Rollcoder sind zu 100%\u00a0 mechanische Signiersysteme, die linear verwendet werden k\u00f6nnen. Ein Gummiklischee mit Zeichen und\/oder&hellip;\" \/>\n<meta property=\"og:url\" content=\"https:\/\/kortho.com\/de\/losungen\/kennzeichnungsgerate\/rollcoder\/\" \/>\n<meta property=\"og:site_name\" content=\"Kortho - Deutschland\" \/>\n<meta property=\"article:modified_time\" content=\"2016-06-28T08:48:08+00:00\" \/>\n<meta property=\"og:image\" content=\"https:\/\/kortho.com\/de\/wp-content\/uploads\/sites\/5\/2015\/06\/Kortho-25-55-100-_140-Rolcoder-N2.jpg\" \/>\n\t<meta property=\"og:image:width\" content=\"280\" \/>\n\t<meta property=\"og:image:height\" content=\"242\" \/>\n\t<meta property=\"og:image:type\" content=\"image\/jpeg\" \/>\n<meta name=\"twitter:card\" content=\"summary_large_image\" \/>\n<meta name=\"twitter:label1\" content=\"Est. reading time\" \/>\n\t<meta name=\"twitter:data1\" content=\"1 minute\" \/>\n<script type=\"application\/ld+json\" class=\"yoast-schema-graph\">{\"@context\":\"https:\/\/schema.org\",\"@graph\":[{\"@type\":\"WebPage\",\"@id\":\"https:\/\/kortho.com\/de\/losungen\/kennzeichnungsgerate\/rollcoder\/\",\"url\":\"https:\/\/kortho.com\/de\/losungen\/kennzeichnungsgerate\/rollcoder\/\",\"name\":\"Rollcoder - Kortho - Deutschland\",\"isPartOf\":{\"@id\":\"https:\/\/kortho.com\/de\/#website\"},\"primaryImageOfPage\":{\"@id\":\"https:\/\/kortho.com\/de\/losungen\/kennzeichnungsgerate\/rollcoder\/#primaryimage\"},\"image\":{\"@id\":\"https:\/\/kortho.com\/de\/losungen\/kennzeichnungsgerate\/rollcoder\/#primaryimage\"},\"thumbnailUrl\":\"https:\/\/kortho.com\/de\/wp-content\/uploads\/sites\/5\/2015\/06\/Kortho-25-55-100-_140-Rolcoder-N2.jpg\",\"datePublished\":\"2014-11-30T15:36:58+00:00\",\"dateModified\":\"2016-06-28T08:48:08+00:00\",\"breadcrumb\":{\"@id\":\"https:\/\/kortho.com\/de\/losungen\/kennzeichnungsgerate\/rollcoder\/#breadcrumb\"},\"inLanguage\":\"en-US\",\"potentialAction\":[{\"@type\":\"ReadAction\",\"target\":[\"https:\/\/kortho.com\/de\/losungen\/kennzeichnungsgerate\/rollcoder\/\"]}]},{\"@type\":\"ImageObject\",\"inLanguage\":\"en-US\",\"@id\":\"https:\/\/kortho.com\/de\/losungen\/kennzeichnungsgerate\/rollcoder\/#primaryimage\",\"url\":\"https:\/\/kortho.com\/de\/wp-content\/uploads\/sites\/5\/2015\/06\/Kortho-25-55-100-_140-Rolcoder-N2.jpg\",\"contentUrl\":\"https:\/\/kortho.com\/de\/wp-content\/uploads\/sites\/5\/2015\/06\/Kortho-25-55-100-_140-Rolcoder-N2.jpg\",\"width\":280,\"height\":242},{\"@type\":\"BreadcrumbList\",\"@id\":\"https:\/\/kortho.com\/de\/losungen\/kennzeichnungsgerate\/rollcoder\/#breadcrumb\",\"itemListElement\":[{\"@type\":\"ListItem\",\"position\":1,\"name\":\"Home\",\"item\":\"https:\/\/kortho.com\/de\/\"},{\"@type\":\"ListItem\",\"position\":2,\"name\":\"L\u00f6sungen\",\"item\":\"https:\/\/kortho.com\/de\/losungen\/\"},{\"@type\":\"ListItem\",\"position\":3,\"name\":\"Kennzeichnungsger\u00e4te\",\"item\":\"https:\/\/kortho.com\/de\/losungen\/kennzeichnungsgerate\/\"},{\"@type\":\"ListItem\",\"position\":4,\"name\":\"Rollcoder\"}]},{\"@type\":\"WebSite\",\"@id\":\"https:\/\/kortho.com\/de\/#website\",\"url\":\"https:\/\/kortho.com\/de\/\",\"name\":\"Kortho - Deutschland\",\"description\":\"Coding Competence\",\"potentialAction\":[{\"@type\":\"SearchAction\",\"target\":{\"@type\":\"EntryPoint\",\"urlTemplate\":\"https:\/\/kortho.com\/de\/?s={search_term_string}\"},\"query-input\":{\"@type\":\"PropertyValueSpecification\",\"valueRequired\":true,\"valueName\":\"search_term_string\"}}],\"inLanguage\":\"en-US\"}]}<\/script>\n<!-- \/ Yoast SEO plugin. -->","yoast_head_json":{"title":"Rollcoder - Kortho - Deutschland","robots":{"index":"index","follow":"follow","max-snippet":"max-snippet:-1","max-image-preview":"max-image-preview:large","max-video-preview":"max-video-preview:-1"},"canonical":"https:\/\/kortho.com\/de\/losungen\/kennzeichnungsgerate\/rollcoder\/","og_locale":"en_US","og_type":"article","og_title":"Rollcoder - Kortho - Deutschland","og_description":"Wie funktioniert ein Rollcoder? Rollcoder sind zu 100%\u00a0 mechanische Signiersysteme, die linear verwendet werden k\u00f6nnen. Ein Gummiklischee mit Zeichen und\/oder&hellip;","og_url":"https:\/\/kortho.com\/de\/losungen\/kennzeichnungsgerate\/rollcoder\/","og_site_name":"Kortho - Deutschland","article_modified_time":"2016-06-28T08:48:08+00:00","og_image":[{"width":280,"height":242,"url":"https:\/\/kortho.com\/de\/wp-content\/uploads\/sites\/5\/2015\/06\/Kortho-25-55-100-_140-Rolcoder-N2.jpg","type":"image\/jpeg"}],"twitter_card":"summary_large_image","twitter_misc":{"Est. reading time":"1 minute"},"schema":{"@context":"https:\/\/schema.org","@graph":[{"@type":"WebPage","@id":"https:\/\/kortho.com\/de\/losungen\/kennzeichnungsgerate\/rollcoder\/","url":"https:\/\/kortho.com\/de\/losungen\/kennzeichnungsgerate\/rollcoder\/","name":"Rollcoder - Kortho - Deutschland","isPartOf":{"@id":"https:\/\/kortho.com\/de\/#website"},"primaryImageOfPage":{"@id":"https:\/\/kortho.com\/de\/losungen\/kennzeichnungsgerate\/rollcoder\/#primaryimage"},"image":{"@id":"https:\/\/kortho.com\/de\/losungen\/kennzeichnungsgerate\/rollcoder\/#primaryimage"},"thumbnailUrl":"https:\/\/kortho.com\/de\/wp-content\/uploads\/sites\/5\/2015\/06\/Kortho-25-55-100-_140-Rolcoder-N2.jpg","datePublished":"2014-11-30T15:36:58+00:00","dateModified":"2016-06-28T08:48:08+00:00","breadcrumb":{"@id":"https:\/\/kortho.com\/de\/losungen\/kennzeichnungsgerate\/rollcoder\/#breadcrumb"},"inLanguage":"en-US","potentialAction":[{"@type":"ReadAction","target":["https:\/\/kortho.com\/de\/losungen\/kennzeichnungsgerate\/rollcoder\/"]}]},{"@type":"ImageObject","inLanguage":"en-US","@id":"https:\/\/kortho.com\/de\/losungen\/kennzeichnungsgerate\/rollcoder\/#primaryimage","url":"https:\/\/kortho.com\/de\/wp-content\/uploads\/sites\/5\/2015\/06\/Kortho-25-55-100-_140-Rolcoder-N2.jpg","contentUrl":"https:\/\/kortho.com\/de\/wp-content\/uploads\/sites\/5\/2015\/06\/Kortho-25-55-100-_140-Rolcoder-N2.jpg","width":280,"height":242},{"@type":"BreadcrumbList","@id":"https:\/\/kortho.com\/de\/losungen\/kennzeichnungsgerate\/rollcoder\/#breadcrumb","itemListElement":[{"@type":"ListItem","position":1,"name":"Home","item":"https:\/\/kortho.com\/de\/"},{"@type":"ListItem","position":2,"name":"L\u00f6sungen","item":"https:\/\/kortho.com\/de\/losungen\/"},{"@type":"ListItem","position":3,"name":"Kennzeichnungsger\u00e4te","item":"https:\/\/kortho.com\/de\/losungen\/kennzeichnungsgerate\/"},{"@type":"ListItem","position":4,"name":"Rollcoder"}]},{"@type":"WebSite","@id":"https:\/\/kortho.com\/de\/#website","url":"https:\/\/kortho.com\/de\/","name":"Kortho - Deutschland","description":"Coding Competence","potentialAction":[{"@type":"SearchAction","target":{"@type":"EntryPoint","urlTemplate":"https:\/\/kortho.com\/de\/?s={search_term_string}"},"query-input":{"@type":"PropertyValueSpecification","valueRequired":true,"valueName":"search_term_string"}}],"inLanguage":"en-US"}]}},"aioseo_notices":[],"_links":{"self":[{"href":"https:\/\/kortho.com\/de\/wp-json\/wp\/v2\/pages\/254"}],"collection":[{"href":"https:\/\/kortho.com\/de\/wp-json\/wp\/v2\/pages"}],"about":[{"href":"https:\/\/kortho.com\/de\/wp-json\/wp\/v2\/types\/page"}],"author":[{"embeddable":true,"href":"https:\/\/kortho.com\/de\/wp-json\/wp\/v2\/users\/1"}],"replies":[{"embeddable":true,"href":"https:\/\/kortho.com\/de\/wp-json\/wp\/v2\/comments?post=254"}],"version-history":[{"count":52,"href":"https:\/\/kortho.com\/de\/wp-json\/wp\/v2\/pages\/254\/revisions"}],"predecessor-version":[{"id":4677,"href":"https:\/\/kortho.com\/de\/wp-json\/wp\/v2\/pages\/254\/revisions\/4677"}],"up":[{"embeddable":true,"href":"https:\/\/kortho.com\/de\/wp-json\/wp\/v2\/pages\/132"}],"wp:featuredmedia":[{"embeddable":true,"href":"https:\/\/kortho.com\/de\/wp-json\/wp\/v2\/media\/1356"}],"wp:attachment":[{"href":"https:\/\/kortho.com\/de\/wp-json\/wp\/v2\/media?parent=254"}],"curies":[{"name":"wp","href":"https:\/\/api.w.org\/{rel}","templated":true}]}}