{"id":256,"date":"2014-11-30T15:37:28","date_gmt":"2014-11-30T15:37:28","guid":{"rendered":"http:\/\/jaspervandermeij.nl\/kortho\/nl\/?page_id=256"},"modified":"2016-06-28T08:09:34","modified_gmt":"2016-06-28T08:09:34","slug":"warme-ubertragung-thermotransfer-tto","status":"publish","type":"page","link":"https:\/\/kortho.com\/de\/losungen\/kennzeichnungsgerate\/warme-ubertragung-thermotransfer-tto\/","title":{"rendered":"Thermotransferdrucker (TTO)"},"content":{"rendered":"<h2><img loading=\"lazy\" decoding=\"async\" class=\"alignleft wp-image-682\" src=\"http:\/\/kortho.com\/wp-content\/uploads\/2015\/03\/Kortho-TTO-BULB.jpg\" alt=\"Kortho-TTO-BULB\" width=\"140\" height=\"140\" \/> <img loading=\"lazy\" decoding=\"async\" class=\"alignleft wp-image-677\" src=\"http:\/\/kortho.com\/wp-content\/uploads\/2015\/03\/Kortho-TTO-Foil4.jpg\" alt=\"Kortho-TTO-Foil4\" width=\"140\" height=\"140\" srcset=\"https:\/\/kortho.com\/de\/wp-content\/uploads\/sites\/5\/2015\/03\/Kortho-TTO-Foil4.jpg 280w, https:\/\/kortho.com\/de\/wp-content\/uploads\/sites\/5\/2015\/03\/Kortho-TTO-Foil4-250x250.jpg 250w\" sizes=\"(max-width: 140px) 100vw, 140px\" \/> <img loading=\"lazy\" decoding=\"async\" class=\"alignleft wp-image-681\" src=\"http:\/\/kortho.com\/wp-content\/uploads\/2015\/03\/Kortho-TTO-FOIL.jpg\" alt=\"Kortho-TTO-FOIL\" width=\"140\" height=\"140\" \/> <img loading=\"lazy\" decoding=\"async\" class=\"alignleft wp-image-678\" src=\"http:\/\/kortho.com\/wp-content\/uploads\/2015\/03\/Kortho-TTO-FOIL3.jpg\" alt=\"Kortho-TTO-FOIL3\" width=\"140\" height=\"140\" srcset=\"https:\/\/kortho.com\/de\/wp-content\/uploads\/sites\/5\/2015\/03\/Kortho-TTO-FOIL3.jpg 280w, https:\/\/kortho.com\/de\/wp-content\/uploads\/sites\/5\/2015\/03\/Kortho-TTO-FOIL3-250x250.jpg 250w\" sizes=\"(max-width: 140px) 100vw, 140px\" \/> <img loading=\"lazy\" decoding=\"async\" class=\"alignleft wp-image-680\" src=\"http:\/\/kortho.com\/wp-content\/uploads\/2015\/03\/Kortho-TTO-BOX.jpg\" alt=\"Kortho-TTO-BOX\" width=\"140\" height=\"140\" srcset=\"https:\/\/kortho.com\/de\/wp-content\/uploads\/sites\/5\/2015\/03\/Kortho-TTO-BOX.jpg 280w, https:\/\/kortho.com\/de\/wp-content\/uploads\/sites\/5\/2015\/03\/Kortho-TTO-BOX-250x250.jpg 250w\" sizes=\"(max-width: 140px) 100vw, 140px\" \/> <img loading=\"lazy\" decoding=\"async\" class=\"alignleft wp-image-679\" src=\"http:\/\/kortho.com\/wp-content\/uploads\/2015\/03\/Kortho-TTO-FOIL2.jpg\" alt=\"Kortho-TTO-FOIL2\" width=\"140\" height=\"140\" \/><\/h2>\n<h2><\/h2>\n<h2><\/h2>\n<h2><\/h2>\n<h1>Wie funktioniert ein Thermotransferdrucker?<\/h1>\n<p>Eine\u00a0Thermotransferfolie, die aus mehreren Schichten besteht \u2013 darunter einer schmelzbaren Farbschicht \u2013 l\u00e4uft synchron zu der Verpackungsfolie oder Etiketten durch einen Drucker. Dieser Drucker ist mit einem Druckkopf ausgestattet, der \u00fcber Heizelemente verf\u00fcgt, welche wiederum \u00fcber einen Computer gesteuert werden. Wenn nun der beheizte Druckkopf \u00fcber die Thermotransferfolie gesteuert wird, l\u00f6st sich die schmelzbare Farbschicht an den gew\u00fcnschten Punkten und wird auf das Etikett \u00fcbertragen.<br \/>\nDas Thermotransferdruckverfahren zeichnet sich durch eine hohe Druckgeschwindigkeit bei einer hohen Druckqualit\u00e4t aus.<\/p>\n<h2>Kontinuierlicher oder intermittierender Druck<\/h2>\n<p>Dadurch, dass der Druckkopf und die Folie w\u00e4hrend des Druckvorgangs in Kontakt mit dem Substrat sind, nennen wir den Vorgang Kontaktkennzeichnung. Der Drucker ist unmittelbar an der Verpackungs- oder Produktionsanlage durch eine Halterung installiert. Falls das Substrat w\u00e4hrend des Druckvorgangs in Bewegung ist, nennen wir dies kontinuierlichen Betrieb. In diesem Fall ist der Druckkopf, um einen Druck zu erstellen, am Drucker fest installiert, w\u00e4hrend sich das Substrat bewegt. Bei dem intermittierendem Druckvorgang geschieht das Gegenteil und der Drucker transportiert den Druckkopf \u00fcber das Substrat, w\u00e4hrend diese Komponente statisch bleibt.<\/p>\n<h2>Thermotransferdruck-Anwendungen<\/h2>\n<p>Thermotransferdruck-Anwendungen werden am h\u00e4ufigsten in der <span style=\"text-decoration: underline\"><span style=\"color: #0000ff;text-decoration: underline\"><a style=\"color: #0000ff;text-decoration: underline\" href=\"http:\/\/kortho.com\/de\/losungen\/produktionsschritte\/primare-verpackungsstufe\/\" target=\"_blank\">prim\u00e4ren Verpackungsstufe<\/a><\/span><\/span> des Verpackungsprozesses (bei dem individuellen Produktlevel) verwendet. TTO ist ideal f\u00fcr das Drucken auf nicht-por\u00f6sen <span style=\"text-decoration: underline\"><span style=\"color: #0000ff;text-decoration: underline\"><a style=\"color: #0000ff;text-decoration: underline\" href=\"http:\/\/kortho.com\/de\/losungen\/materialien\/verpackungsfolie\/\" target=\"_blank\">Folienverpackungen<\/a>.<\/span> <\/span>Eine zweite allgemeine Verwendung des TTO ist, die variablen Informationen auf vorgedruckten (farbigen) <span style=\"text-decoration: underline;color: #0000ff\"><a style=\"color: #0000ff;text-decoration: underline\" href=\"http:\/\/kortho.com\/de\/losungen\/materialien\/etiketten\/\" target=\"_blank\">Produktkennzeichnungen<\/a><\/span> zu drucken. Die hohe Aufl\u00f6sung macht es m\u00f6glich, hochwertige Drucke wie Logos, Texte, Symbole und Barcodes zu kreieren.<\/p>\n<h3><strong><span style=\"text-decoration: underline\"><span style=\"color: #0000ff\"><a style=\"color: #0000ff;text-decoration: underline\" title=\"Kortho Thermoprinters\" href=\"http:\/\/kortho.com\/de\/productgroepen\/qic-thermotransferdrucker\/\">Klicken Sie hier f\u00fcr mehr Informationen \u00fcber Kortho\u2019s Thermotransferdrucker<\/a><\/span><\/span><\/strong><\/h3>\n","protected":false},"excerpt":{"rendered":"<p>Wie funktioniert ein Thermotransferdrucker? Eine\u00a0Thermotransferfolie, die aus mehreren Schichten besteht \u2013 darunter einer schmelzbaren Farbschicht \u2013 l\u00e4uft synchron zu der&hellip;<\/p>\n","protected":false},"author":1,"featured_media":684,"parent":132,"menu_order":2,"comment_status":"closed","ping_status":"closed","template":"page_taxonomy_child.php","meta":{"_monsterinsights_skip_tracking":false,"_monsterinsights_sitenote_active":false,"_monsterinsights_sitenote_note":"","_monsterinsights_sitenote_category":0,"footnotes":""},"class_list":["post-256","page","type-page","status-publish","format-standard","has-post-thumbnail","hentry"],"yoast_head":"<!-- This site is optimized with the Yoast SEO plugin v23.6 - https:\/\/yoast.com\/wordpress\/plugins\/seo\/ -->\n<title>Thermotransferdrucker (TTO) - Kortho - Deutschland<\/title>\n<meta name=\"robots\" content=\"index, follow, max-snippet:-1, max-image-preview:large, max-video-preview:-1\" \/>\n<link rel=\"canonical\" href=\"https:\/\/kortho.com\/de\/losungen\/kennzeichnungsgerate\/warme-ubertragung-thermotransfer-tto\/\" \/>\n<meta property=\"og:locale\" content=\"en_US\" \/>\n<meta property=\"og:type\" content=\"article\" \/>\n<meta property=\"og:title\" content=\"Thermotransferdrucker (TTO) - Kortho - Deutschland\" \/>\n<meta property=\"og:description\" content=\"Wie funktioniert ein Thermotransferdrucker? Eine\u00a0Thermotransferfolie, die aus mehreren Schichten besteht \u2013 darunter einer schmelzbaren Farbschicht \u2013 l\u00e4uft synchron zu der&hellip;\" \/>\n<meta property=\"og:url\" content=\"https:\/\/kortho.com\/de\/losungen\/kennzeichnungsgerate\/warme-ubertragung-thermotransfer-tto\/\" \/>\n<meta property=\"og:site_name\" content=\"Kortho - Deutschland\" \/>\n<meta property=\"article:modified_time\" content=\"2016-06-28T08:09:34+00:00\" \/>\n<meta property=\"og:image\" content=\"https:\/\/kortho.com\/de\/wp-content\/uploads\/sites\/5\/2015\/03\/Kortho-QiC-30i-280.jpg\" \/>\n\t<meta property=\"og:image:width\" content=\"280\" \/>\n\t<meta property=\"og:image:height\" content=\"280\" \/>\n\t<meta property=\"og:image:type\" content=\"image\/jpeg\" \/>\n<meta name=\"twitter:card\" content=\"summary_large_image\" \/>\n<meta name=\"twitter:label1\" content=\"Est. reading time\" \/>\n\t<meta name=\"twitter:data1\" content=\"1 minute\" \/>\n<script type=\"application\/ld+json\" class=\"yoast-schema-graph\">{\"@context\":\"https:\/\/schema.org\",\"@graph\":[{\"@type\":\"WebPage\",\"@id\":\"https:\/\/kortho.com\/de\/losungen\/kennzeichnungsgerate\/warme-ubertragung-thermotransfer-tto\/\",\"url\":\"https:\/\/kortho.com\/de\/losungen\/kennzeichnungsgerate\/warme-ubertragung-thermotransfer-tto\/\",\"name\":\"Thermotransferdrucker (TTO) - Kortho - Deutschland\",\"isPartOf\":{\"@id\":\"https:\/\/kortho.com\/de\/#website\"},\"primaryImageOfPage\":{\"@id\":\"https:\/\/kortho.com\/de\/losungen\/kennzeichnungsgerate\/warme-ubertragung-thermotransfer-tto\/#primaryimage\"},\"image\":{\"@id\":\"https:\/\/kortho.com\/de\/losungen\/kennzeichnungsgerate\/warme-ubertragung-thermotransfer-tto\/#primaryimage\"},\"thumbnailUrl\":\"https:\/\/kortho.com\/de\/wp-content\/uploads\/sites\/5\/2015\/03\/Kortho-QiC-30i-280.jpg\",\"datePublished\":\"2014-11-30T15:37:28+00:00\",\"dateModified\":\"2016-06-28T08:09:34+00:00\",\"breadcrumb\":{\"@id\":\"https:\/\/kortho.com\/de\/losungen\/kennzeichnungsgerate\/warme-ubertragung-thermotransfer-tto\/#breadcrumb\"},\"inLanguage\":\"en-US\",\"potentialAction\":[{\"@type\":\"ReadAction\",\"target\":[\"https:\/\/kortho.com\/de\/losungen\/kennzeichnungsgerate\/warme-ubertragung-thermotransfer-tto\/\"]}]},{\"@type\":\"ImageObject\",\"inLanguage\":\"en-US\",\"@id\":\"https:\/\/kortho.com\/de\/losungen\/kennzeichnungsgerate\/warme-ubertragung-thermotransfer-tto\/#primaryimage\",\"url\":\"https:\/\/kortho.com\/de\/wp-content\/uploads\/sites\/5\/2015\/03\/Kortho-QiC-30i-280.jpg\",\"contentUrl\":\"https:\/\/kortho.com\/de\/wp-content\/uploads\/sites\/5\/2015\/03\/Kortho-QiC-30i-280.jpg\",\"width\":280,\"height\":280},{\"@type\":\"BreadcrumbList\",\"@id\":\"https:\/\/kortho.com\/de\/losungen\/kennzeichnungsgerate\/warme-ubertragung-thermotransfer-tto\/#breadcrumb\",\"itemListElement\":[{\"@type\":\"ListItem\",\"position\":1,\"name\":\"Home\",\"item\":\"https:\/\/kortho.com\/de\/\"},{\"@type\":\"ListItem\",\"position\":2,\"name\":\"L\u00f6sungen\",\"item\":\"https:\/\/kortho.com\/de\/losungen\/\"},{\"@type\":\"ListItem\",\"position\":3,\"name\":\"Kennzeichnungsger\u00e4te\",\"item\":\"https:\/\/kortho.com\/de\/losungen\/kennzeichnungsgerate\/\"},{\"@type\":\"ListItem\",\"position\":4,\"name\":\"Thermotransferdrucker (TTO)\"}]},{\"@type\":\"WebSite\",\"@id\":\"https:\/\/kortho.com\/de\/#website\",\"url\":\"https:\/\/kortho.com\/de\/\",\"name\":\"Kortho - Deutschland\",\"description\":\"Coding Competence\",\"potentialAction\":[{\"@type\":\"SearchAction\",\"target\":{\"@type\":\"EntryPoint\",\"urlTemplate\":\"https:\/\/kortho.com\/de\/?s={search_term_string}\"},\"query-input\":{\"@type\":\"PropertyValueSpecification\",\"valueRequired\":true,\"valueName\":\"search_term_string\"}}],\"inLanguage\":\"en-US\"}]}<\/script>\n<!-- \/ Yoast SEO plugin. -->","yoast_head_json":{"title":"Thermotransferdrucker (TTO) - Kortho - Deutschland","robots":{"index":"index","follow":"follow","max-snippet":"max-snippet:-1","max-image-preview":"max-image-preview:large","max-video-preview":"max-video-preview:-1"},"canonical":"https:\/\/kortho.com\/de\/losungen\/kennzeichnungsgerate\/warme-ubertragung-thermotransfer-tto\/","og_locale":"en_US","og_type":"article","og_title":"Thermotransferdrucker (TTO) - Kortho - Deutschland","og_description":"Wie funktioniert ein Thermotransferdrucker? Eine\u00a0Thermotransferfolie, die aus mehreren Schichten besteht \u2013 darunter einer schmelzbaren Farbschicht \u2013 l\u00e4uft synchron zu der&hellip;","og_url":"https:\/\/kortho.com\/de\/losungen\/kennzeichnungsgerate\/warme-ubertragung-thermotransfer-tto\/","og_site_name":"Kortho - Deutschland","article_modified_time":"2016-06-28T08:09:34+00:00","og_image":[{"width":280,"height":280,"url":"https:\/\/kortho.com\/de\/wp-content\/uploads\/sites\/5\/2015\/03\/Kortho-QiC-30i-280.jpg","type":"image\/jpeg"}],"twitter_card":"summary_large_image","twitter_misc":{"Est. reading time":"1 minute"},"schema":{"@context":"https:\/\/schema.org","@graph":[{"@type":"WebPage","@id":"https:\/\/kortho.com\/de\/losungen\/kennzeichnungsgerate\/warme-ubertragung-thermotransfer-tto\/","url":"https:\/\/kortho.com\/de\/losungen\/kennzeichnungsgerate\/warme-ubertragung-thermotransfer-tto\/","name":"Thermotransferdrucker (TTO) - Kortho - Deutschland","isPartOf":{"@id":"https:\/\/kortho.com\/de\/#website"},"primaryImageOfPage":{"@id":"https:\/\/kortho.com\/de\/losungen\/kennzeichnungsgerate\/warme-ubertragung-thermotransfer-tto\/#primaryimage"},"image":{"@id":"https:\/\/kortho.com\/de\/losungen\/kennzeichnungsgerate\/warme-ubertragung-thermotransfer-tto\/#primaryimage"},"thumbnailUrl":"https:\/\/kortho.com\/de\/wp-content\/uploads\/sites\/5\/2015\/03\/Kortho-QiC-30i-280.jpg","datePublished":"2014-11-30T15:37:28+00:00","dateModified":"2016-06-28T08:09:34+00:00","breadcrumb":{"@id":"https:\/\/kortho.com\/de\/losungen\/kennzeichnungsgerate\/warme-ubertragung-thermotransfer-tto\/#breadcrumb"},"inLanguage":"en-US","potentialAction":[{"@type":"ReadAction","target":["https:\/\/kortho.com\/de\/losungen\/kennzeichnungsgerate\/warme-ubertragung-thermotransfer-tto\/"]}]},{"@type":"ImageObject","inLanguage":"en-US","@id":"https:\/\/kortho.com\/de\/losungen\/kennzeichnungsgerate\/warme-ubertragung-thermotransfer-tto\/#primaryimage","url":"https:\/\/kortho.com\/de\/wp-content\/uploads\/sites\/5\/2015\/03\/Kortho-QiC-30i-280.jpg","contentUrl":"https:\/\/kortho.com\/de\/wp-content\/uploads\/sites\/5\/2015\/03\/Kortho-QiC-30i-280.jpg","width":280,"height":280},{"@type":"BreadcrumbList","@id":"https:\/\/kortho.com\/de\/losungen\/kennzeichnungsgerate\/warme-ubertragung-thermotransfer-tto\/#breadcrumb","itemListElement":[{"@type":"ListItem","position":1,"name":"Home","item":"https:\/\/kortho.com\/de\/"},{"@type":"ListItem","position":2,"name":"L\u00f6sungen","item":"https:\/\/kortho.com\/de\/losungen\/"},{"@type":"ListItem","position":3,"name":"Kennzeichnungsger\u00e4te","item":"https:\/\/kortho.com\/de\/losungen\/kennzeichnungsgerate\/"},{"@type":"ListItem","position":4,"name":"Thermotransferdrucker (TTO)"}]},{"@type":"WebSite","@id":"https:\/\/kortho.com\/de\/#website","url":"https:\/\/kortho.com\/de\/","name":"Kortho - Deutschland","description":"Coding Competence","potentialAction":[{"@type":"SearchAction","target":{"@type":"EntryPoint","urlTemplate":"https:\/\/kortho.com\/de\/?s={search_term_string}"},"query-input":{"@type":"PropertyValueSpecification","valueRequired":true,"valueName":"search_term_string"}}],"inLanguage":"en-US"}]}},"aioseo_notices":[],"_links":{"self":[{"href":"https:\/\/kortho.com\/de\/wp-json\/wp\/v2\/pages\/256"}],"collection":[{"href":"https:\/\/kortho.com\/de\/wp-json\/wp\/v2\/pages"}],"about":[{"href":"https:\/\/kortho.com\/de\/wp-json\/wp\/v2\/types\/page"}],"author":[{"embeddable":true,"href":"https:\/\/kortho.com\/de\/wp-json\/wp\/v2\/users\/1"}],"replies":[{"embeddable":true,"href":"https:\/\/kortho.com\/de\/wp-json\/wp\/v2\/comments?post=256"}],"version-history":[{"count":87,"href":"https:\/\/kortho.com\/de\/wp-json\/wp\/v2\/pages\/256\/revisions"}],"predecessor-version":[{"id":4664,"href":"https:\/\/kortho.com\/de\/wp-json\/wp\/v2\/pages\/256\/revisions\/4664"}],"up":[{"embeddable":true,"href":"https:\/\/kortho.com\/de\/wp-json\/wp\/v2\/pages\/132"}],"wp:featuredmedia":[{"embeddable":true,"href":"https:\/\/kortho.com\/de\/wp-json\/wp\/v2\/media\/684"}],"wp:attachment":[{"href":"https:\/\/kortho.com\/de\/wp-json\/wp\/v2\/media?parent=256"}],"curies":[{"name":"wp","href":"https:\/\/api.w.org\/{rel}","templated":true}]}}