{"id":267,"date":"2014-11-30T16:04:15","date_gmt":"2014-11-30T16:04:15","guid":{"rendered":"http:\/\/jaspervandermeij.nl\/kortho\/nl\/?page_id=267"},"modified":"2016-06-07T13:44:13","modified_gmt":"2016-06-07T13:44:13","slug":"qic-thermotransferdrucker","status":"publish","type":"page","link":"https:\/\/kortho.com\/de\/produktgruppen\/qic-thermotransferdrucker\/","title":{"rendered":"QiC Thermotransferdrucker"},"content":{"rendered":"<p><img loading=\"lazy\" decoding=\"async\" class=\"alignleft size-full wp-image-682\" src=\"http:\/\/kortho.com\/wp-content\/uploads\/2015\/03\/Kortho-TTO-BULB.jpg\" alt=\"tto print on packaging material\" width=\"138\" height=\"138\" \/> <img loading=\"lazy\" decoding=\"async\" class=\"alignleft wp-image-677\" src=\"http:\/\/kortho.com\/wp-content\/uploads\/2015\/03\/Kortho-TTO-Foil4.jpg\" alt=\"tto print with barcode on foil\" width=\"138\" height=\"138\" srcset=\"https:\/\/kortho.com\/de\/wp-content\/uploads\/sites\/5\/2015\/03\/Kortho-TTO-Foil4.jpg 280w, https:\/\/kortho.com\/de\/wp-content\/uploads\/sites\/5\/2015\/03\/Kortho-TTO-Foil4-250x250.jpg 250w\" sizes=\"(max-width: 138px) 100vw, 138px\" \/> <img loading=\"lazy\" decoding=\"async\" class=\"alignleft size-full wp-image-731\" src=\"http:\/\/kortho.com\/wp-content\/uploads\/2015\/03\/Kortho-TTO-FOILw.jpg\" alt=\"thermal transfer print on plastic\" width=\"138\" height=\"138\" \/> <img loading=\"lazy\" decoding=\"async\" class=\"alignleft wp-image-712\" src=\"http:\/\/kortho.com\/wp-content\/uploads\/2015\/03\/Kortho-TTO-FOIL3w.jpg\" alt=\"thermal transfer print on plastic foil\" width=\"138\" height=\"138\" srcset=\"https:\/\/kortho.com\/de\/wp-content\/uploads\/sites\/5\/2015\/03\/Kortho-TTO-FOIL3w.jpg 280w, https:\/\/kortho.com\/de\/wp-content\/uploads\/sites\/5\/2015\/03\/Kortho-TTO-FOIL3w-250x250.jpg 250w\" sizes=\"(max-width: 138px) 100vw, 138px\" \/> <img loading=\"lazy\" decoding=\"async\" class=\"alignleft wp-image-680\" src=\"http:\/\/kortho.com\/wp-content\/uploads\/2015\/03\/Kortho-TTO-BOX.jpg\" alt=\"tto print with barcode\" width=\"138\" height=\"138\" srcset=\"https:\/\/kortho.com\/de\/wp-content\/uploads\/sites\/5\/2015\/03\/Kortho-TTO-BOX.jpg 280w, https:\/\/kortho.com\/de\/wp-content\/uploads\/sites\/5\/2015\/03\/Kortho-TTO-BOX-250x250.jpg 250w\" sizes=\"(max-width: 138px) 100vw, 138px\" \/> <img loading=\"lazy\" decoding=\"async\" class=\"alignleft size-full wp-image-730\" src=\"http:\/\/kortho.com\/wp-content\/uploads\/2015\/03\/Kortho-TTO-FOIL2w.jpg\" alt=\"Thermal transfer print op plastic foil\" width=\"138\" height=\"138\" \/><\/p>\n<h1><\/h1>\n<h1><\/h1>\n<h1>Kortho\u2019s QiC Thermotransferdrucker<\/h1>\n<p>QiC Drucker sind die dritte Generation der TTO-Drucker, die von Kortho entwickelt wurden. Jahrzehntelange Erfahrung als Hersteller, mit Hauptsitz in den Niederlanden, haben es Kortho m\u00f6glich gemacht, einen Top-Segment Drucker zu entwickeln, der eine einzigartige Technologie bietet und in der ganzen Welt verkauft wird. Druckluft macht den Einsatz von anf\u00e4lligen und teuren Schrittmotoren \u00fcberfl\u00fcssig und hebt diese Druckerlinie mit ihrer Einfachheit und robusten Technologie hervor. Ganz im Einklang mit Korthos Prinzipien, die es erm\u00f6glichen, jede Signierung von einer Plattform aus zu verwalten, k\u00f6nnen QiC Drucker zudem von jeder Windows Software oder ERP System kontrolliert werden.<\/p>\n<h2>Funktionen der QiC Thermotransferdrucker<\/h2>\n<ul>\n<li>Durch das Verwenden von Luftdruck anstatt Schrittmotoren f\u00fcr den Folientransport und die Druckkopfkontrolle kann die Verwendung von zerbrechlichen und teuren Komponenten vermieden werden.<\/li>\n<li>Im Gegensatz zu Schrittmotoren ben\u00f6tigt der Luftdruck keine konstante Energie, was zu niedrigeren Betriebskosten f\u00fchrt.<\/li>\n<li>Konstante Kontrolle der Geschwindigkeit und der Position des Druckkopfes via eines Encoderstreifens machen den QiC zu dem genauesten Drucker der Welt.<\/li>\n<li>Die Verwendung einer Folienkassette macht \u00c4nderungen des Farbbands zu einem schnellen und einfachen Prozess.<\/li>\n<li>Ausgestattet mit einer sehr benutzerfreundlichen und kompakten Steuerung mit einem Farbbildschirm.<\/li>\n<li>Hergestellt aus den besten Materialien. Das Geh\u00e4use wurde aus Edelstahl hergestellt, was eine dauerhafte Haltbarkeit und Zuverl\u00e4ssigkeit garantiert.<\/li>\n<li>Alle Teile k\u00f6nnen individuell ersetzt werden. Dies beugt den Erwerb einer vollst\u00e4ndigen Baugruppe vor, wenn nur ein kleiner Bestandteil ersetzt werden muss.<\/li>\n<li>Kostenlose Basislabeldesign-Software.<\/li>\n<li>Abgesehen vom \u201cStandalone\u201d-Betrieb k\u00f6nnen QiC Drucker auch unmittelbar in ein Windows-Umfeld integriert und kontrolliert werden, eingeschlossen des vollst\u00e4ndigen Supports aller <span style=\"text-decoration: underline; color: #0000ff;\"><a style=\"color: #0000ff; text-decoration: underline;\" href=\"http:\/\/kortho.com\/de\/oplossingen\/automatisering_coderen\/\" target=\"_blank\">Nicelabel<\/a> <\/span>Funktionalit\u00e4ten.<\/li>\n<li>Serialisierung ist via variablen Drucks und bidirektionaler Kommunikation mit dem ERP System m\u00f6glich.<\/li>\n<\/ul>\n<p>&nbsp;<\/p>\n","protected":false},"excerpt":{"rendered":"<p>Kortho\u2019s QiC Thermotransferdrucker QiC Drucker sind die dritte Generation der TTO-Drucker, die von Kortho entwickelt wurden. Jahrzehntelange Erfahrung als Hersteller,&hellip;<\/p>\n","protected":false},"author":1,"featured_media":0,"parent":128,"menu_order":2,"comment_status":"closed","ping_status":"closed","template":"page_taxonomy_child.php","meta":{"_monsterinsights_skip_tracking":false,"_monsterinsights_sitenote_active":false,"_monsterinsights_sitenote_note":"","_monsterinsights_sitenote_category":0,"footnotes":""},"class_list":["post-267","page","type-page","status-publish","format-standard","hentry"],"yoast_head":"<!-- This site is optimized with the Yoast SEO plugin v23.6 - https:\/\/yoast.com\/wordpress\/plugins\/seo\/ -->\n<title>QiC Thermotransferdrucker - Kortho - Deutschland<\/title>\n<meta name=\"robots\" content=\"index, follow, max-snippet:-1, max-image-preview:large, max-video-preview:-1\" \/>\n<link rel=\"canonical\" href=\"https:\/\/kortho.com\/de\/produktgruppen\/qic-thermotransferdrucker\/\" \/>\n<meta property=\"og:locale\" content=\"en_US\" \/>\n<meta property=\"og:type\" content=\"article\" \/>\n<meta property=\"og:title\" content=\"QiC Thermotransferdrucker - Kortho - Deutschland\" \/>\n<meta property=\"og:description\" content=\"Kortho\u2019s QiC Thermotransferdrucker QiC Drucker sind die dritte Generation der TTO-Drucker, die von Kortho entwickelt wurden. Jahrzehntelange Erfahrung als Hersteller,&hellip;\" \/>\n<meta property=\"og:url\" content=\"https:\/\/kortho.com\/de\/produktgruppen\/qic-thermotransferdrucker\/\" \/>\n<meta property=\"og:site_name\" content=\"Kortho - Deutschland\" \/>\n<meta property=\"article:modified_time\" content=\"2016-06-07T13:44:13+00:00\" \/>\n<meta property=\"og:image\" content=\"http:\/\/kortho.com\/wp-content\/uploads\/2015\/03\/Kortho-TTO-BULB.jpg\" \/>\n<meta name=\"twitter:card\" content=\"summary_large_image\" \/>\n<meta name=\"twitter:label1\" content=\"Est. reading time\" \/>\n\t<meta name=\"twitter:data1\" content=\"1 minute\" \/>\n<script type=\"application\/ld+json\" class=\"yoast-schema-graph\">{\"@context\":\"https:\/\/schema.org\",\"@graph\":[{\"@type\":\"WebPage\",\"@id\":\"https:\/\/kortho.com\/de\/produktgruppen\/qic-thermotransferdrucker\/\",\"url\":\"https:\/\/kortho.com\/de\/produktgruppen\/qic-thermotransferdrucker\/\",\"name\":\"QiC Thermotransferdrucker - Kortho - Deutschland\",\"isPartOf\":{\"@id\":\"https:\/\/kortho.com\/de\/#website\"},\"primaryImageOfPage\":{\"@id\":\"https:\/\/kortho.com\/de\/produktgruppen\/qic-thermotransferdrucker\/#primaryimage\"},\"image\":{\"@id\":\"https:\/\/kortho.com\/de\/produktgruppen\/qic-thermotransferdrucker\/#primaryimage\"},\"thumbnailUrl\":\"http:\/\/kortho.com\/wp-content\/uploads\/2015\/03\/Kortho-TTO-BULB.jpg\",\"datePublished\":\"2014-11-30T16:04:15+00:00\",\"dateModified\":\"2016-06-07T13:44:13+00:00\",\"breadcrumb\":{\"@id\":\"https:\/\/kortho.com\/de\/produktgruppen\/qic-thermotransferdrucker\/#breadcrumb\"},\"inLanguage\":\"en-US\",\"potentialAction\":[{\"@type\":\"ReadAction\",\"target\":[\"https:\/\/kortho.com\/de\/produktgruppen\/qic-thermotransferdrucker\/\"]}]},{\"@type\":\"ImageObject\",\"inLanguage\":\"en-US\",\"@id\":\"https:\/\/kortho.com\/de\/produktgruppen\/qic-thermotransferdrucker\/#primaryimage\",\"url\":\"http:\/\/kortho.com\/wp-content\/uploads\/2015\/03\/Kortho-TTO-BULB.jpg\",\"contentUrl\":\"http:\/\/kortho.com\/wp-content\/uploads\/2015\/03\/Kortho-TTO-BULB.jpg\"},{\"@type\":\"BreadcrumbList\",\"@id\":\"https:\/\/kortho.com\/de\/produktgruppen\/qic-thermotransferdrucker\/#breadcrumb\",\"itemListElement\":[{\"@type\":\"ListItem\",\"position\":1,\"name\":\"Home\",\"item\":\"https:\/\/kortho.com\/de\/\"},{\"@type\":\"ListItem\",\"position\":2,\"name\":\"Produktgruppen\",\"item\":\"https:\/\/kortho.com\/de\/produktgruppen\/\"},{\"@type\":\"ListItem\",\"position\":3,\"name\":\"QiC Thermotransferdrucker\"}]},{\"@type\":\"WebSite\",\"@id\":\"https:\/\/kortho.com\/de\/#website\",\"url\":\"https:\/\/kortho.com\/de\/\",\"name\":\"Kortho - Deutschland\",\"description\":\"Coding Competence\",\"potentialAction\":[{\"@type\":\"SearchAction\",\"target\":{\"@type\":\"EntryPoint\",\"urlTemplate\":\"https:\/\/kortho.com\/de\/?s={search_term_string}\"},\"query-input\":{\"@type\":\"PropertyValueSpecification\",\"valueRequired\":true,\"valueName\":\"search_term_string\"}}],\"inLanguage\":\"en-US\"}]}<\/script>\n<!-- \/ Yoast SEO plugin. -->","yoast_head_json":{"title":"QiC Thermotransferdrucker - Kortho - Deutschland","robots":{"index":"index","follow":"follow","max-snippet":"max-snippet:-1","max-image-preview":"max-image-preview:large","max-video-preview":"max-video-preview:-1"},"canonical":"https:\/\/kortho.com\/de\/produktgruppen\/qic-thermotransferdrucker\/","og_locale":"en_US","og_type":"article","og_title":"QiC Thermotransferdrucker - Kortho - Deutschland","og_description":"Kortho\u2019s QiC Thermotransferdrucker QiC Drucker sind die dritte Generation der TTO-Drucker, die von Kortho entwickelt wurden. Jahrzehntelange Erfahrung als Hersteller,&hellip;","og_url":"https:\/\/kortho.com\/de\/produktgruppen\/qic-thermotransferdrucker\/","og_site_name":"Kortho - Deutschland","article_modified_time":"2016-06-07T13:44:13+00:00","og_image":[{"url":"http:\/\/kortho.com\/wp-content\/uploads\/2015\/03\/Kortho-TTO-BULB.jpg"}],"twitter_card":"summary_large_image","twitter_misc":{"Est. reading time":"1 minute"},"schema":{"@context":"https:\/\/schema.org","@graph":[{"@type":"WebPage","@id":"https:\/\/kortho.com\/de\/produktgruppen\/qic-thermotransferdrucker\/","url":"https:\/\/kortho.com\/de\/produktgruppen\/qic-thermotransferdrucker\/","name":"QiC Thermotransferdrucker - Kortho - Deutschland","isPartOf":{"@id":"https:\/\/kortho.com\/de\/#website"},"primaryImageOfPage":{"@id":"https:\/\/kortho.com\/de\/produktgruppen\/qic-thermotransferdrucker\/#primaryimage"},"image":{"@id":"https:\/\/kortho.com\/de\/produktgruppen\/qic-thermotransferdrucker\/#primaryimage"},"thumbnailUrl":"http:\/\/kortho.com\/wp-content\/uploads\/2015\/03\/Kortho-TTO-BULB.jpg","datePublished":"2014-11-30T16:04:15+00:00","dateModified":"2016-06-07T13:44:13+00:00","breadcrumb":{"@id":"https:\/\/kortho.com\/de\/produktgruppen\/qic-thermotransferdrucker\/#breadcrumb"},"inLanguage":"en-US","potentialAction":[{"@type":"ReadAction","target":["https:\/\/kortho.com\/de\/produktgruppen\/qic-thermotransferdrucker\/"]}]},{"@type":"ImageObject","inLanguage":"en-US","@id":"https:\/\/kortho.com\/de\/produktgruppen\/qic-thermotransferdrucker\/#primaryimage","url":"http:\/\/kortho.com\/wp-content\/uploads\/2015\/03\/Kortho-TTO-BULB.jpg","contentUrl":"http:\/\/kortho.com\/wp-content\/uploads\/2015\/03\/Kortho-TTO-BULB.jpg"},{"@type":"BreadcrumbList","@id":"https:\/\/kortho.com\/de\/produktgruppen\/qic-thermotransferdrucker\/#breadcrumb","itemListElement":[{"@type":"ListItem","position":1,"name":"Home","item":"https:\/\/kortho.com\/de\/"},{"@type":"ListItem","position":2,"name":"Produktgruppen","item":"https:\/\/kortho.com\/de\/produktgruppen\/"},{"@type":"ListItem","position":3,"name":"QiC Thermotransferdrucker"}]},{"@type":"WebSite","@id":"https:\/\/kortho.com\/de\/#website","url":"https:\/\/kortho.com\/de\/","name":"Kortho - Deutschland","description":"Coding Competence","potentialAction":[{"@type":"SearchAction","target":{"@type":"EntryPoint","urlTemplate":"https:\/\/kortho.com\/de\/?s={search_term_string}"},"query-input":{"@type":"PropertyValueSpecification","valueRequired":true,"valueName":"search_term_string"}}],"inLanguage":"en-US"}]}},"aioseo_notices":[],"_links":{"self":[{"href":"https:\/\/kortho.com\/de\/wp-json\/wp\/v2\/pages\/267"}],"collection":[{"href":"https:\/\/kortho.com\/de\/wp-json\/wp\/v2\/pages"}],"about":[{"href":"https:\/\/kortho.com\/de\/wp-json\/wp\/v2\/types\/page"}],"author":[{"embeddable":true,"href":"https:\/\/kortho.com\/de\/wp-json\/wp\/v2\/users\/1"}],"replies":[{"embeddable":true,"href":"https:\/\/kortho.com\/de\/wp-json\/wp\/v2\/comments?post=267"}],"version-history":[{"count":17,"href":"https:\/\/kortho.com\/de\/wp-json\/wp\/v2\/pages\/267\/revisions"}],"predecessor-version":[{"id":4233,"href":"https:\/\/kortho.com\/de\/wp-json\/wp\/v2\/pages\/267\/revisions\/4233"}],"up":[{"embeddable":true,"href":"https:\/\/kortho.com\/de\/wp-json\/wp\/v2\/pages\/128"}],"wp:attachment":[{"href":"https:\/\/kortho.com\/de\/wp-json\/wp\/v2\/media?parent=267"}],"curies":[{"name":"wp","href":"https:\/\/api.w.org\/{rel}","templated":true}]}}