{"id":269,"date":"2014-11-30T16:05:00","date_gmt":"2014-11-30T16:05:00","guid":{"rendered":"http:\/\/jaspervandermeij.nl\/kortho\/nl\/?page_id=269"},"modified":"2019-08-19T07:13:43","modified_gmt":"2019-08-19T07:13:43","slug":"graphicjet-hi-res-inkjet","status":"publish","type":"page","link":"https:\/\/kortho.com\/de\/produktgruppen\/graphicjet-hi-res-inkjet\/","title":{"rendered":"GraphicJet Hi-Res Inkjet"},"content":{"rendered":"<p><img loading=\"lazy\" decoding=\"async\" class=\"alignleft wp-image-773\" src=\"http:\/\/kortho.com\/wp-content\/uploads\/2015\/04\/Kortho-GraphicJet-HR-inkjet-printen-op-houten-metsel-profiel-S.jpg\" alt=\"Kortho-GraphicJet-HR-inkjet-printen-op-houten-metsel-profiel-S\" width=\"138\" height=\"138\" srcset=\"https:\/\/kortho.com\/de\/wp-content\/uploads\/sites\/5\/2015\/04\/Kortho-GraphicJet-HR-inkjet-printen-op-houten-metsel-profiel-S.jpg 280w, https:\/\/kortho.com\/de\/wp-content\/uploads\/sites\/5\/2015\/04\/Kortho-GraphicJet-HR-inkjet-printen-op-houten-metsel-profiel-S-250x250.jpg 250w\" sizes=\"(max-width: 138px) 100vw, 138px\" \/> <img loading=\"lazy\" decoding=\"async\" class=\"alignleft wp-image-789\" src=\"http:\/\/kortho.com\/wp-content\/uploads\/2015\/04\/Kortho-GraphicJet-HR-inkjet-70P-printen-op-karton-doos-S.jpg\" alt=\"Kortho-GraphicJet-HR-inkjet-70P-printen-op-karton-doos-S\" width=\"138\" height=\"138\" srcset=\"https:\/\/kortho.com\/de\/wp-content\/uploads\/sites\/5\/2015\/04\/Kortho-GraphicJet-HR-inkjet-70P-printen-op-karton-doos-S.jpg 280w, https:\/\/kortho.com\/de\/wp-content\/uploads\/sites\/5\/2015\/04\/Kortho-GraphicJet-HR-inkjet-70P-printen-op-karton-doos-S-250x250.jpg 250w\" sizes=\"(max-width: 138px) 100vw, 138px\" \/> <img loading=\"lazy\" decoding=\"async\" class=\"alignleft wp-image-774\" src=\"http:\/\/kortho.com\/wp-content\/uploads\/2015\/04\/Kortho-GraphicJet-HR-inkjet-printen-op-spanband-S.jpg\" alt=\"Kortho-GraphicJet-HR-inkjet-printen-op-spanband-S\" width=\"138\" height=\"138\" srcset=\"https:\/\/kortho.com\/de\/wp-content\/uploads\/sites\/5\/2015\/04\/Kortho-GraphicJet-HR-inkjet-printen-op-spanband-S.jpg 280w, https:\/\/kortho.com\/de\/wp-content\/uploads\/sites\/5\/2015\/04\/Kortho-GraphicJet-HR-inkjet-printen-op-spanband-S-250x250.jpg 250w\" sizes=\"(max-width: 138px) 100vw, 138px\" \/> <img loading=\"lazy\" decoding=\"async\" class=\"alignleft wp-image-784\" src=\"http:\/\/kortho.com\/wp-content\/uploads\/2015\/04\/Kortho-GraphicJet-HR-inkjet-printen-op-koker-karton-S.jpg\" alt=\"Kortho-GraphicJet-HR-inkjet-printen-op-koker-karton-S\" width=\"138\" height=\"138\" srcset=\"https:\/\/kortho.com\/de\/wp-content\/uploads\/sites\/5\/2015\/04\/Kortho-GraphicJet-HR-inkjet-printen-op-koker-karton-S.jpg 280w, https:\/\/kortho.com\/de\/wp-content\/uploads\/sites\/5\/2015\/04\/Kortho-GraphicJet-HR-inkjet-printen-op-koker-karton-S-250x250.jpg 250w\" sizes=\"(max-width: 138px) 100vw, 138px\" \/> <img loading=\"lazy\" decoding=\"async\" class=\"alignleft wp-image-777\" src=\"http:\/\/kortho.com\/wp-content\/uploads\/2015\/04\/Kortho-GraphicJet-HR-inkjet-printen-op-doos-karton-AGF-S.jpg\" alt=\"Kortho-GraphicJet-HR-inkjet-printen-op-doos-karton-AGF-S\" width=\"138\" height=\"138\" srcset=\"https:\/\/kortho.com\/de\/wp-content\/uploads\/sites\/5\/2015\/04\/Kortho-GraphicJet-HR-inkjet-printen-op-doos-karton-AGF-S.jpg 280w, https:\/\/kortho.com\/de\/wp-content\/uploads\/sites\/5\/2015\/04\/Kortho-GraphicJet-HR-inkjet-printen-op-doos-karton-AGF-S-250x250.jpg 250w\" sizes=\"(max-width: 138px) 100vw, 138px\" \/> <img loading=\"lazy\" decoding=\"async\" class=\"alignleft wp-image-775\" src=\"http:\/\/kortho.com\/wp-content\/uploads\/2015\/04\/Kortho-GraphicJet-HR-inkjet-printen-op-houten-balk-S.jpg\" alt=\"Kortho-GraphicJet-HR-inkjet-printen-op-houten-balk-S\" width=\"138\" height=\"138\" srcset=\"https:\/\/kortho.com\/de\/wp-content\/uploads\/sites\/5\/2015\/04\/Kortho-GraphicJet-HR-inkjet-printen-op-houten-balk-S.jpg 280w, https:\/\/kortho.com\/de\/wp-content\/uploads\/sites\/5\/2015\/04\/Kortho-GraphicJet-HR-inkjet-printen-op-houten-balk-S-250x250.jpg 250w\" sizes=\"(max-width: 138px) 100vw, 138px\" \/><\/p>\n<h1><\/h1>\n<h1><\/h1>\n<p><a href=\"https:\/\/kortho.com\/nl\/kortho-ontvangt-ce-design-award\/\"><img loading=\"lazy\" decoding=\"async\" class=\"alignright wp-image-5930\" src=\"https:\/\/kortho.com\/nl\/wp-content\/uploads\/sites\/1\/2019\/02\/award-Kortho-GraphicJet-X72-CE-DESIGN-148x300.jpg\" alt=\"\" width=\"123\" height=\"250\" \/><\/a><br \/>\n<iframe loading=\"lazy\" src=\"https:\/\/player.vimeo.com\/video\/344262703\" width=\"640\" height=\"360\" frameborder=\"0\" allowfullscreen=\"allowfullscreen\"><\/iframe><\/p>\n<h1><\/h1>\n<h1><\/h1>\n<h1>Kortho\u2019s GraphicJet Hi-Res Inkjet<\/h1>\n<p>Unter dem Namen &#8220;Kortho GraphicJet&#8221; bietet Kortho eine breite Palette von Hi-Res Inkjet-Druckern an; von unabh\u00e4ngigen Budget-Modellen (die mit Kartuschensystemen konkurrieren) bis zu Windows-basierten Systemen, die Nicelabel Windows-Treiber enthalten. Dies macht es m\u00f6glich, diese Drucker von jeder beliebigen Windows-Software oder ERP-Systemen zu steuern. Viele unserer fr\u00fchesten (Jahrgang 2000) \u00a0Modelle sind noch im Einsatz &#8211; eine Tatsache, die die Haltbarkeit und Qualit\u00e4t dieser Palette von Druckern unterstreicht.\u00a0 Kortho\u2019s Hi-Res Inkjet ist einer der zuverl\u00e4ssigsten Hi-Res Druckern der auf dem weltweiten Markt.<\/p>\n<h2>Eigenschaften der Kortho GraphicJet Hi-Res Inkjetdrucker<\/h2>\n<ul>\n<li>Luftdruckloses Tintensystem, welches den Druckkopf mit Tinte durch Kapillarwirkung versorgt. Dadurch wird sichergestellt, dass sich \u00e4ndernde Umgebungsbedingungen die Druckqualit\u00e4t nicht beeinflussen.<\/li>\n<li>Niedrigste Verbrauchs- und Wartungskosten auf dem Markt.<\/li>\n<li>Sehr breite Palette von Modellen, von unabh\u00e4ngigen Budgets bis zu vollst\u00e4ndig Windows-basierten Modellen einschlie\u00dflich eines Nicelabeltreibers.<\/li>\n<li>Bis zu zwei Druckk\u00f6pfe mit einem einzigen Controller<\/li>\n<li>Aus den besten Materialien gefertigt. Das Geh\u00e4use ist aus Edelstahl, eine lange Lebensdauer und Zuverl\u00e4ssigkeit sind garantiert.<\/li>\n<li>Alle Teile sind einzeln austauschbar. Dies verhindert den Erwerb kompletter Modelle, um kleine Komponenten zu ersetzen.<\/li>\n<li>Kodiert in eine beliebige Richtung innerhalb von 180 Grad, sodass die M\u00f6glichkeit besteht, auch in einem Winkel zu drucken.<\/li>\n<li>Erh\u00e4ltlich mit verschiedenen Druckkopfh\u00f6hen.<\/li>\n<li>Kostenlose Basislabeldesign-Software.<\/li>\n<li>Abgesehen vom &#8220;stand-alone\u201d Einsatz, k\u00f6nnen sie auch direkt integriert und aus jeder Windows-Umgebung, einschlie\u00dflich der vollst\u00e4ndigen Unterst\u00fctzung aller <span style=\"text-decoration: underline; color: #0000ff;\"><a style=\"color: #0000ff; text-decoration: underline;\" href=\"http:\/\/kortho.com\/de\/oplossingen\/automatisering_coderen\/\" target=\"_blank\" rel=\"noopener noreferrer\">Nicelabel<\/a> <\/span>Funktionen, gesteuert werden.<\/li>\n<li>Serialisierung ist \u00fcber variablen Druck und bidirektionale Kommunikation mit dem ERP-System m\u00f6glich.<\/li>\n<\/ul>\n<p>&nbsp;<\/p>\n","protected":false},"excerpt":{"rendered":"<p>Kortho\u2019s GraphicJet Hi-Res Inkjet Unter dem Namen &#8220;Kortho GraphicJet&#8221; bietet Kortho eine breite Palette von Hi-Res Inkjet-Druckern an; von unabh\u00e4ngigen&hellip;<\/p>\n","protected":false},"author":1,"featured_media":3987,"parent":128,"menu_order":3,"comment_status":"closed","ping_status":"closed","template":"page_taxonomy_child.php","meta":{"_monsterinsights_skip_tracking":false,"_monsterinsights_sitenote_active":false,"_monsterinsights_sitenote_note":"","_monsterinsights_sitenote_category":0,"footnotes":""},"class_list":["post-269","page","type-page","status-publish","format-standard","has-post-thumbnail","hentry"],"yoast_head":"<!-- This site is optimized with the Yoast SEO plugin v23.6 - https:\/\/yoast.com\/wordpress\/plugins\/seo\/ -->\n<title>GraphicJet Hi-Res Inkjet - Kortho - Deutschland<\/title>\n<meta name=\"robots\" content=\"index, follow, max-snippet:-1, max-image-preview:large, max-video-preview:-1\" \/>\n<link rel=\"canonical\" href=\"https:\/\/kortho.com\/de\/produktgruppen\/graphicjet-hi-res-inkjet\/\" \/>\n<meta property=\"og:locale\" content=\"en_US\" \/>\n<meta property=\"og:type\" content=\"article\" \/>\n<meta property=\"og:title\" content=\"GraphicJet Hi-Res Inkjet - Kortho - Deutschland\" \/>\n<meta property=\"og:description\" content=\"Kortho\u2019s GraphicJet Hi-Res Inkjet Unter dem Namen &#8220;Kortho GraphicJet&#8221; bietet Kortho eine breite Palette von Hi-Res Inkjet-Druckern an; von unabh\u00e4ngigen&hellip;\" \/>\n<meta property=\"og:url\" content=\"https:\/\/kortho.com\/de\/produktgruppen\/graphicjet-hi-res-inkjet\/\" \/>\n<meta property=\"og:site_name\" content=\"Kortho - Deutschland\" \/>\n<meta property=\"article:modified_time\" content=\"2019-08-19T07:13:43+00:00\" \/>\n<meta property=\"og:image\" content=\"https:\/\/kortho.com\/de\/wp-content\/uploads\/sites\/5\/2015\/12\/Kortho-GraphicJet-X54-HiRes-Inkjet-W2.png\" \/>\n\t<meta property=\"og:image:width\" content=\"1024\" \/>\n\t<meta property=\"og:image:height\" content=\"819\" \/>\n\t<meta property=\"og:image:type\" content=\"image\/png\" \/>\n<meta name=\"twitter:card\" content=\"summary_large_image\" \/>\n<meta name=\"twitter:label1\" content=\"Est. reading time\" \/>\n\t<meta name=\"twitter:data1\" content=\"1 minute\" \/>\n<script type=\"application\/ld+json\" class=\"yoast-schema-graph\">{\"@context\":\"https:\/\/schema.org\",\"@graph\":[{\"@type\":\"WebPage\",\"@id\":\"https:\/\/kortho.com\/de\/produktgruppen\/graphicjet-hi-res-inkjet\/\",\"url\":\"https:\/\/kortho.com\/de\/produktgruppen\/graphicjet-hi-res-inkjet\/\",\"name\":\"GraphicJet Hi-Res Inkjet - Kortho - Deutschland\",\"isPartOf\":{\"@id\":\"https:\/\/kortho.com\/de\/#website\"},\"primaryImageOfPage\":{\"@id\":\"https:\/\/kortho.com\/de\/produktgruppen\/graphicjet-hi-res-inkjet\/#primaryimage\"},\"image\":{\"@id\":\"https:\/\/kortho.com\/de\/produktgruppen\/graphicjet-hi-res-inkjet\/#primaryimage\"},\"thumbnailUrl\":\"https:\/\/kortho.com\/de\/wp-content\/uploads\/sites\/5\/2015\/12\/Kortho-GraphicJet-X54-HiRes-Inkjet-W2.png\",\"datePublished\":\"2014-11-30T16:05:00+00:00\",\"dateModified\":\"2019-08-19T07:13:43+00:00\",\"breadcrumb\":{\"@id\":\"https:\/\/kortho.com\/de\/produktgruppen\/graphicjet-hi-res-inkjet\/#breadcrumb\"},\"inLanguage\":\"en-US\",\"potentialAction\":[{\"@type\":\"ReadAction\",\"target\":[\"https:\/\/kortho.com\/de\/produktgruppen\/graphicjet-hi-res-inkjet\/\"]}]},{\"@type\":\"ImageObject\",\"inLanguage\":\"en-US\",\"@id\":\"https:\/\/kortho.com\/de\/produktgruppen\/graphicjet-hi-res-inkjet\/#primaryimage\",\"url\":\"https:\/\/kortho.com\/de\/wp-content\/uploads\/sites\/5\/2015\/12\/Kortho-GraphicJet-X54-HiRes-Inkjet-W2.png\",\"contentUrl\":\"https:\/\/kortho.com\/de\/wp-content\/uploads\/sites\/5\/2015\/12\/Kortho-GraphicJet-X54-HiRes-Inkjet-W2.png\",\"width\":1024,\"height\":819,\"caption\":\"GraphicJet X54 - der Hi-Res Inkjet-Drucker zur Produktkennzeichnung auf saugf\u00e4higen Untergr\u00fcnden von Kortho Kennzeichnungssysteme - Paderborn - Deutschland\"},{\"@type\":\"BreadcrumbList\",\"@id\":\"https:\/\/kortho.com\/de\/produktgruppen\/graphicjet-hi-res-inkjet\/#breadcrumb\",\"itemListElement\":[{\"@type\":\"ListItem\",\"position\":1,\"name\":\"Home\",\"item\":\"https:\/\/kortho.com\/de\/\"},{\"@type\":\"ListItem\",\"position\":2,\"name\":\"Produktgruppen\",\"item\":\"https:\/\/kortho.com\/de\/produktgruppen\/\"},{\"@type\":\"ListItem\",\"position\":3,\"name\":\"GraphicJet Hi-Res Inkjet\"}]},{\"@type\":\"WebSite\",\"@id\":\"https:\/\/kortho.com\/de\/#website\",\"url\":\"https:\/\/kortho.com\/de\/\",\"name\":\"Kortho - Deutschland\",\"description\":\"Coding Competence\",\"potentialAction\":[{\"@type\":\"SearchAction\",\"target\":{\"@type\":\"EntryPoint\",\"urlTemplate\":\"https:\/\/kortho.com\/de\/?s={search_term_string}\"},\"query-input\":{\"@type\":\"PropertyValueSpecification\",\"valueRequired\":true,\"valueName\":\"search_term_string\"}}],\"inLanguage\":\"en-US\"}]}<\/script>\n<!-- \/ Yoast SEO plugin. -->","yoast_head_json":{"title":"GraphicJet Hi-Res Inkjet - Kortho - Deutschland","robots":{"index":"index","follow":"follow","max-snippet":"max-snippet:-1","max-image-preview":"max-image-preview:large","max-video-preview":"max-video-preview:-1"},"canonical":"https:\/\/kortho.com\/de\/produktgruppen\/graphicjet-hi-res-inkjet\/","og_locale":"en_US","og_type":"article","og_title":"GraphicJet Hi-Res Inkjet - Kortho - Deutschland","og_description":"Kortho\u2019s GraphicJet Hi-Res Inkjet Unter dem Namen &#8220;Kortho GraphicJet&#8221; bietet Kortho eine breite Palette von Hi-Res Inkjet-Druckern an; von unabh\u00e4ngigen&hellip;","og_url":"https:\/\/kortho.com\/de\/produktgruppen\/graphicjet-hi-res-inkjet\/","og_site_name":"Kortho - Deutschland","article_modified_time":"2019-08-19T07:13:43+00:00","og_image":[{"width":1024,"height":819,"url":"https:\/\/kortho.com\/de\/wp-content\/uploads\/sites\/5\/2015\/12\/Kortho-GraphicJet-X54-HiRes-Inkjet-W2.png","type":"image\/png"}],"twitter_card":"summary_large_image","twitter_misc":{"Est. reading time":"1 minute"},"schema":{"@context":"https:\/\/schema.org","@graph":[{"@type":"WebPage","@id":"https:\/\/kortho.com\/de\/produktgruppen\/graphicjet-hi-res-inkjet\/","url":"https:\/\/kortho.com\/de\/produktgruppen\/graphicjet-hi-res-inkjet\/","name":"GraphicJet Hi-Res Inkjet - Kortho - Deutschland","isPartOf":{"@id":"https:\/\/kortho.com\/de\/#website"},"primaryImageOfPage":{"@id":"https:\/\/kortho.com\/de\/produktgruppen\/graphicjet-hi-res-inkjet\/#primaryimage"},"image":{"@id":"https:\/\/kortho.com\/de\/produktgruppen\/graphicjet-hi-res-inkjet\/#primaryimage"},"thumbnailUrl":"https:\/\/kortho.com\/de\/wp-content\/uploads\/sites\/5\/2015\/12\/Kortho-GraphicJet-X54-HiRes-Inkjet-W2.png","datePublished":"2014-11-30T16:05:00+00:00","dateModified":"2019-08-19T07:13:43+00:00","breadcrumb":{"@id":"https:\/\/kortho.com\/de\/produktgruppen\/graphicjet-hi-res-inkjet\/#breadcrumb"},"inLanguage":"en-US","potentialAction":[{"@type":"ReadAction","target":["https:\/\/kortho.com\/de\/produktgruppen\/graphicjet-hi-res-inkjet\/"]}]},{"@type":"ImageObject","inLanguage":"en-US","@id":"https:\/\/kortho.com\/de\/produktgruppen\/graphicjet-hi-res-inkjet\/#primaryimage","url":"https:\/\/kortho.com\/de\/wp-content\/uploads\/sites\/5\/2015\/12\/Kortho-GraphicJet-X54-HiRes-Inkjet-W2.png","contentUrl":"https:\/\/kortho.com\/de\/wp-content\/uploads\/sites\/5\/2015\/12\/Kortho-GraphicJet-X54-HiRes-Inkjet-W2.png","width":1024,"height":819,"caption":"GraphicJet X54 - der Hi-Res Inkjet-Drucker zur Produktkennzeichnung auf saugf\u00e4higen Untergr\u00fcnden von Kortho Kennzeichnungssysteme - Paderborn - Deutschland"},{"@type":"BreadcrumbList","@id":"https:\/\/kortho.com\/de\/produktgruppen\/graphicjet-hi-res-inkjet\/#breadcrumb","itemListElement":[{"@type":"ListItem","position":1,"name":"Home","item":"https:\/\/kortho.com\/de\/"},{"@type":"ListItem","position":2,"name":"Produktgruppen","item":"https:\/\/kortho.com\/de\/produktgruppen\/"},{"@type":"ListItem","position":3,"name":"GraphicJet Hi-Res Inkjet"}]},{"@type":"WebSite","@id":"https:\/\/kortho.com\/de\/#website","url":"https:\/\/kortho.com\/de\/","name":"Kortho - Deutschland","description":"Coding Competence","potentialAction":[{"@type":"SearchAction","target":{"@type":"EntryPoint","urlTemplate":"https:\/\/kortho.com\/de\/?s={search_term_string}"},"query-input":{"@type":"PropertyValueSpecification","valueRequired":true,"valueName":"search_term_string"}}],"inLanguage":"en-US"}]}},"aioseo_notices":[],"_links":{"self":[{"href":"https:\/\/kortho.com\/de\/wp-json\/wp\/v2\/pages\/269"}],"collection":[{"href":"https:\/\/kortho.com\/de\/wp-json\/wp\/v2\/pages"}],"about":[{"href":"https:\/\/kortho.com\/de\/wp-json\/wp\/v2\/types\/page"}],"author":[{"embeddable":true,"href":"https:\/\/kortho.com\/de\/wp-json\/wp\/v2\/users\/1"}],"replies":[{"embeddable":true,"href":"https:\/\/kortho.com\/de\/wp-json\/wp\/v2\/comments?post=269"}],"version-history":[{"count":17,"href":"https:\/\/kortho.com\/de\/wp-json\/wp\/v2\/pages\/269\/revisions"}],"predecessor-version":[{"id":4985,"href":"https:\/\/kortho.com\/de\/wp-json\/wp\/v2\/pages\/269\/revisions\/4985"}],"up":[{"embeddable":true,"href":"https:\/\/kortho.com\/de\/wp-json\/wp\/v2\/pages\/128"}],"wp:featuredmedia":[{"embeddable":true,"href":"https:\/\/kortho.com\/de\/wp-json\/wp\/v2\/media\/3987"}],"wp:attachment":[{"href":"https:\/\/kortho.com\/de\/wp-json\/wp\/v2\/media?parent=269"}],"curies":[{"name":"wp","href":"https:\/\/api.w.org\/{rel}","templated":true}]}}