{"id":275,"date":"2014-11-30T16:06:27","date_gmt":"2014-11-30T16:06:27","guid":{"rendered":"http:\/\/jaspervandermeij.nl\/kortho\/nl\/?page_id=275"},"modified":"2016-06-07T13:50:29","modified_gmt":"2016-06-07T13:50:29","slug":"heisspragedrucker","status":"publish","type":"page","link":"https:\/\/kortho.com\/de\/produktgruppen\/heisspragedrucker\/","title":{"rendered":"Hotprinter &#8211; Heisspr\u00e4gedrucker"},"content":{"rendered":"<p><img loading=\"lazy\" decoding=\"async\" class=\"alignleft size-full wp-image-1144\" src=\"http:\/\/kortho.com\/wp-content\/uploads\/2015\/05\/Kortho-Hotprinter-logo-printen-op-leer-riem-K.jpg\" alt=\"Kortho-Hotprinter-logo-printen-op-leer-riem K\" width=\"138\" height=\"138\" \/> <img loading=\"lazy\" decoding=\"async\" class=\"alignleft size-full wp-image-1148\" src=\"http:\/\/kortho.com\/wp-content\/uploads\/2015\/05\/Kortho-Hotprinter-printen-variabele-gegevens-op-een-medicijn-blisterverpakking-K.jpg\" alt=\"Kortho-Hotprinter-printen-variabele-gegevens-op-een-medicijn-blisterverpakking K\" width=\"138\" height=\"138\" \/> <img loading=\"lazy\" decoding=\"async\" class=\"alignleft size-full wp-image-1145\" src=\"http:\/\/kortho.com\/wp-content\/uploads\/2015\/05\/Kortho-Hotprinter-logo-printen-op-spuitzak-K.jpg\" alt=\"Kortho-Hotprinter-logo-printen-op-spuitzak K\" width=\"138\" height=\"138\" \/> <img loading=\"lazy\" decoding=\"async\" class=\"alignleft size-full wp-image-1149\" src=\"http:\/\/kortho.com\/wp-content\/uploads\/2015\/05\/Kortho-Hotprinter-inhoud-print-op-onderdelenzakje-K.jpg\" alt=\"Kortho-Hotprinter-inhoud-print-op-onderdelenzakje-K\" width=\"138\" height=\"138\" \/> <img loading=\"lazy\" decoding=\"async\" class=\"alignleft size-full wp-image-1147\" src=\"http:\/\/kortho.com\/wp-content\/uploads\/2015\/05\/Kortho-Hotprinter-oplopend-nummer-printen-op-postzak-afsluitstrap-K.jpg\" alt=\"Kortho-Hotprinter-oplopend-nummer-printen-op-postzak-afsluitstrap K\" width=\"138\" height=\"138\" \/> <img loading=\"lazy\" decoding=\"async\" class=\"alignleft size-full wp-image-1146\" src=\"http:\/\/kortho.com\/wp-content\/uploads\/2015\/05\/Kortho-Hotprinter-nummer-printen-op-remkabel-Renault-K.jpg\" alt=\"Kortho-Hotprinter-nummer-printen-op-remkabel-Renault K\" width=\"138\" height=\"138\" \/><\/p>\n<h1><\/h1>\n<h1><\/h1>\n<p><iframe loading=\"lazy\" src=\"https:\/\/player.vimeo.com\/video\/147820798?color=ffffff&amp;title=0&amp;byline=0&amp;portrait=0\" width=\"720\" height=\"405\" frameborder=\"0\" allowfullscreen=\"allowfullscreen\"><\/iframe><\/p>\n<h1><\/h1>\n<h1><\/h1>\n<h1>Kortho\u2019s Heisspr\u00e4gedrucker<\/h1>\n<p>Der erste Kortho Heisspr\u00e4ger wurde im Jahr 1986 entwickelt. Mit mehr als 10.000 verkauften Einheiten, sind die Kortho Heisspr\u00e4ger hochentwickelte und extrem zuverl\u00e4ssige Maschinen. Es kommt nicht selten vor, dass diese Drucker auch 15 Jahre nach Erwerb weiterhin verwendet werden k\u00f6nnen. Schlie\u00dflich erm\u00f6glicht das breite Spektrum der Einstellungen des Kortho Heisspr\u00e4gers einen klaren und gleichm\u00e4ssigen Druck &#8211; auch auf den schwierigsten Oberfl\u00e4chen.<\/p>\n<h2>Funktionen des Kortho Heisspr\u00e4geners<\/h2>\n<ul>\n<li>Extrem langlebig und wartungsfrei<\/li>\n<li>Niedriger Anschaffungspreis<\/li>\n<li>Produziert immer klare und langanhaltende Drucke, auch unter den schwierigsten Bedingungen.<\/li>\n<li>Breites Spektrum an Heisspr\u00e4genern f\u00fcr jede Anwendung.<\/li>\n<li>Vorlagen k\u00f6nnen &#8220;ma\u00dfgeschneidert\u201d (inklusive Datums- und Nummernstempel) bestellt werden.<\/li>\n<li>Viele Arten von Farbb\u00e4ndern erh\u00e4ltlich.<\/li>\n<li>Sehr gut geeignet f\u00fcr schwierige Oberfl\u00e4chen wie Hartkunststoff, Leder und Textilien.<\/li>\n<\/ul>\n<p>&nbsp;<\/p>\n","protected":false},"excerpt":{"rendered":"<p>Kortho\u2019s Heisspr\u00e4gedrucker Der erste Kortho Heisspr\u00e4ger wurde im Jahr 1986 entwickelt. Mit mehr als 10.000 verkauften Einheiten, sind die Kortho&hellip;<\/p>\n","protected":false},"author":1,"featured_media":0,"parent":128,"menu_order":7,"comment_status":"closed","ping_status":"closed","template":"page_taxonomy_child.php","meta":{"_monsterinsights_skip_tracking":false,"_monsterinsights_sitenote_active":false,"_monsterinsights_sitenote_note":"","_monsterinsights_sitenote_category":0,"footnotes":""},"class_list":["post-275","page","type-page","status-publish","format-standard","hentry"],"yoast_head":"<!-- This site is optimized with the Yoast SEO plugin v23.6 - https:\/\/yoast.com\/wordpress\/plugins\/seo\/ -->\n<title>Hotprinter - Heisspr\u00e4gedrucker - Kortho - Deutschland<\/title>\n<meta name=\"robots\" content=\"index, follow, max-snippet:-1, max-image-preview:large, max-video-preview:-1\" \/>\n<link rel=\"canonical\" href=\"https:\/\/kortho.com\/de\/produktgruppen\/heisspragedrucker\/\" \/>\n<meta property=\"og:locale\" content=\"en_US\" \/>\n<meta property=\"og:type\" content=\"article\" \/>\n<meta property=\"og:title\" content=\"Hotprinter - Heisspr\u00e4gedrucker - Kortho - Deutschland\" \/>\n<meta property=\"og:description\" content=\"Kortho\u2019s Heisspr\u00e4gedrucker Der erste Kortho Heisspr\u00e4ger wurde im Jahr 1986 entwickelt. Mit mehr als 10.000 verkauften Einheiten, sind die Kortho&hellip;\" \/>\n<meta property=\"og:url\" content=\"https:\/\/kortho.com\/de\/produktgruppen\/heisspragedrucker\/\" \/>\n<meta property=\"og:site_name\" content=\"Kortho - Deutschland\" \/>\n<meta property=\"article:modified_time\" content=\"2016-06-07T13:50:29+00:00\" \/>\n<meta property=\"og:image\" content=\"http:\/\/kortho.com\/wp-content\/uploads\/2015\/05\/Kortho-Hotprinter-logo-printen-op-leer-riem-K.jpg\" \/>\n<meta name=\"twitter:card\" content=\"summary_large_image\" \/>\n<meta name=\"twitter:label1\" content=\"Est. reading time\" \/>\n\t<meta name=\"twitter:data1\" content=\"1 minute\" \/>\n<script type=\"application\/ld+json\" class=\"yoast-schema-graph\">{\"@context\":\"https:\/\/schema.org\",\"@graph\":[{\"@type\":\"WebPage\",\"@id\":\"https:\/\/kortho.com\/de\/produktgruppen\/heisspragedrucker\/\",\"url\":\"https:\/\/kortho.com\/de\/produktgruppen\/heisspragedrucker\/\",\"name\":\"Hotprinter - Heisspr\u00e4gedrucker - Kortho - Deutschland\",\"isPartOf\":{\"@id\":\"https:\/\/kortho.com\/de\/#website\"},\"primaryImageOfPage\":{\"@id\":\"https:\/\/kortho.com\/de\/produktgruppen\/heisspragedrucker\/#primaryimage\"},\"image\":{\"@id\":\"https:\/\/kortho.com\/de\/produktgruppen\/heisspragedrucker\/#primaryimage\"},\"thumbnailUrl\":\"http:\/\/kortho.com\/wp-content\/uploads\/2015\/05\/Kortho-Hotprinter-logo-printen-op-leer-riem-K.jpg\",\"datePublished\":\"2014-11-30T16:06:27+00:00\",\"dateModified\":\"2016-06-07T13:50:29+00:00\",\"breadcrumb\":{\"@id\":\"https:\/\/kortho.com\/de\/produktgruppen\/heisspragedrucker\/#breadcrumb\"},\"inLanguage\":\"en-US\",\"potentialAction\":[{\"@type\":\"ReadAction\",\"target\":[\"https:\/\/kortho.com\/de\/produktgruppen\/heisspragedrucker\/\"]}]},{\"@type\":\"ImageObject\",\"inLanguage\":\"en-US\",\"@id\":\"https:\/\/kortho.com\/de\/produktgruppen\/heisspragedrucker\/#primaryimage\",\"url\":\"http:\/\/kortho.com\/wp-content\/uploads\/2015\/05\/Kortho-Hotprinter-logo-printen-op-leer-riem-K.jpg\",\"contentUrl\":\"http:\/\/kortho.com\/wp-content\/uploads\/2015\/05\/Kortho-Hotprinter-logo-printen-op-leer-riem-K.jpg\"},{\"@type\":\"BreadcrumbList\",\"@id\":\"https:\/\/kortho.com\/de\/produktgruppen\/heisspragedrucker\/#breadcrumb\",\"itemListElement\":[{\"@type\":\"ListItem\",\"position\":1,\"name\":\"Home\",\"item\":\"https:\/\/kortho.com\/de\/\"},{\"@type\":\"ListItem\",\"position\":2,\"name\":\"Produktgruppen\",\"item\":\"https:\/\/kortho.com\/de\/produktgruppen\/\"},{\"@type\":\"ListItem\",\"position\":3,\"name\":\"Hotprinter &#8211; Heisspr\u00e4gedrucker\"}]},{\"@type\":\"WebSite\",\"@id\":\"https:\/\/kortho.com\/de\/#website\",\"url\":\"https:\/\/kortho.com\/de\/\",\"name\":\"Kortho - Deutschland\",\"description\":\"Coding Competence\",\"potentialAction\":[{\"@type\":\"SearchAction\",\"target\":{\"@type\":\"EntryPoint\",\"urlTemplate\":\"https:\/\/kortho.com\/de\/?s={search_term_string}\"},\"query-input\":{\"@type\":\"PropertyValueSpecification\",\"valueRequired\":true,\"valueName\":\"search_term_string\"}}],\"inLanguage\":\"en-US\"}]}<\/script>\n<!-- \/ Yoast SEO plugin. -->","yoast_head_json":{"title":"Hotprinter - Heisspr\u00e4gedrucker - Kortho - Deutschland","robots":{"index":"index","follow":"follow","max-snippet":"max-snippet:-1","max-image-preview":"max-image-preview:large","max-video-preview":"max-video-preview:-1"},"canonical":"https:\/\/kortho.com\/de\/produktgruppen\/heisspragedrucker\/","og_locale":"en_US","og_type":"article","og_title":"Hotprinter - Heisspr\u00e4gedrucker - Kortho - Deutschland","og_description":"Kortho\u2019s Heisspr\u00e4gedrucker Der erste Kortho Heisspr\u00e4ger wurde im Jahr 1986 entwickelt. Mit mehr als 10.000 verkauften Einheiten, sind die Kortho&hellip;","og_url":"https:\/\/kortho.com\/de\/produktgruppen\/heisspragedrucker\/","og_site_name":"Kortho - Deutschland","article_modified_time":"2016-06-07T13:50:29+00:00","og_image":[{"url":"http:\/\/kortho.com\/wp-content\/uploads\/2015\/05\/Kortho-Hotprinter-logo-printen-op-leer-riem-K.jpg"}],"twitter_card":"summary_large_image","twitter_misc":{"Est. reading time":"1 minute"},"schema":{"@context":"https:\/\/schema.org","@graph":[{"@type":"WebPage","@id":"https:\/\/kortho.com\/de\/produktgruppen\/heisspragedrucker\/","url":"https:\/\/kortho.com\/de\/produktgruppen\/heisspragedrucker\/","name":"Hotprinter - Heisspr\u00e4gedrucker - Kortho - Deutschland","isPartOf":{"@id":"https:\/\/kortho.com\/de\/#website"},"primaryImageOfPage":{"@id":"https:\/\/kortho.com\/de\/produktgruppen\/heisspragedrucker\/#primaryimage"},"image":{"@id":"https:\/\/kortho.com\/de\/produktgruppen\/heisspragedrucker\/#primaryimage"},"thumbnailUrl":"http:\/\/kortho.com\/wp-content\/uploads\/2015\/05\/Kortho-Hotprinter-logo-printen-op-leer-riem-K.jpg","datePublished":"2014-11-30T16:06:27+00:00","dateModified":"2016-06-07T13:50:29+00:00","breadcrumb":{"@id":"https:\/\/kortho.com\/de\/produktgruppen\/heisspragedrucker\/#breadcrumb"},"inLanguage":"en-US","potentialAction":[{"@type":"ReadAction","target":["https:\/\/kortho.com\/de\/produktgruppen\/heisspragedrucker\/"]}]},{"@type":"ImageObject","inLanguage":"en-US","@id":"https:\/\/kortho.com\/de\/produktgruppen\/heisspragedrucker\/#primaryimage","url":"http:\/\/kortho.com\/wp-content\/uploads\/2015\/05\/Kortho-Hotprinter-logo-printen-op-leer-riem-K.jpg","contentUrl":"http:\/\/kortho.com\/wp-content\/uploads\/2015\/05\/Kortho-Hotprinter-logo-printen-op-leer-riem-K.jpg"},{"@type":"BreadcrumbList","@id":"https:\/\/kortho.com\/de\/produktgruppen\/heisspragedrucker\/#breadcrumb","itemListElement":[{"@type":"ListItem","position":1,"name":"Home","item":"https:\/\/kortho.com\/de\/"},{"@type":"ListItem","position":2,"name":"Produktgruppen","item":"https:\/\/kortho.com\/de\/produktgruppen\/"},{"@type":"ListItem","position":3,"name":"Hotprinter &#8211; Heisspr\u00e4gedrucker"}]},{"@type":"WebSite","@id":"https:\/\/kortho.com\/de\/#website","url":"https:\/\/kortho.com\/de\/","name":"Kortho - Deutschland","description":"Coding Competence","potentialAction":[{"@type":"SearchAction","target":{"@type":"EntryPoint","urlTemplate":"https:\/\/kortho.com\/de\/?s={search_term_string}"},"query-input":{"@type":"PropertyValueSpecification","valueRequired":true,"valueName":"search_term_string"}}],"inLanguage":"en-US"}]}},"aioseo_notices":[],"_links":{"self":[{"href":"https:\/\/kortho.com\/de\/wp-json\/wp\/v2\/pages\/275"}],"collection":[{"href":"https:\/\/kortho.com\/de\/wp-json\/wp\/v2\/pages"}],"about":[{"href":"https:\/\/kortho.com\/de\/wp-json\/wp\/v2\/types\/page"}],"author":[{"embeddable":true,"href":"https:\/\/kortho.com\/de\/wp-json\/wp\/v2\/users\/1"}],"replies":[{"embeddable":true,"href":"https:\/\/kortho.com\/de\/wp-json\/wp\/v2\/comments?post=275"}],"version-history":[{"count":13,"href":"https:\/\/kortho.com\/de\/wp-json\/wp\/v2\/pages\/275\/revisions"}],"predecessor-version":[{"id":4439,"href":"https:\/\/kortho.com\/de\/wp-json\/wp\/v2\/pages\/275\/revisions\/4439"}],"up":[{"embeddable":true,"href":"https:\/\/kortho.com\/de\/wp-json\/wp\/v2\/pages\/128"}],"wp:attachment":[{"href":"https:\/\/kortho.com\/de\/wp-json\/wp\/v2\/media?parent=275"}],"curies":[{"name":"wp","href":"https:\/\/api.w.org\/{rel}","templated":true}]}}