{"id":277,"date":"2014-11-30T16:06:53","date_gmt":"2014-11-30T16:06:53","guid":{"rendered":"http:\/\/jaspervandermeij.nl\/kortho\/nl\/?page_id=277"},"modified":"2016-06-07T13:48:35","modified_gmt":"2016-06-07T13:48:35","slug":"hot-quickcoder","status":"publish","type":"page","link":"https:\/\/kortho.com\/de\/produktgruppen\/hot-quickcoder\/","title":{"rendered":"Hot Quickcoder &#8211; Heisswachstinten"},"content":{"rendered":"<p><img loading=\"lazy\" decoding=\"async\" class=\"alignleft wp-image-1102\" src=\"http:\/\/kortho.com\/wp-content\/uploads\/2015\/05\/Kortho-Hot-Quickcoder-waxprinter-voorbeeld-arabisch-op-folieverpakkin-K.jpg\" alt=\"Kortho-Hot-Quickcoder-waxprinter-voorbeeld-arabisch-op-folieverpakkin--K\" width=\"136\" height=\"136\" \/> <img loading=\"lazy\" decoding=\"async\" class=\"alignleft wp-image-1098\" src=\"http:\/\/kortho.com\/wp-content\/uploads\/2015\/05\/Kortho-Hot-Quickcoder-waxprinter-voorbeeld-Installatienummer-tbv-installatie-handleiding-K.jpg\" alt=\"Kortho-Hot-Quickcoder-waxprinter-voorbeeld-Installatienummer-tbv-installatie-handleiding---K\" width=\"136\" height=\"136\" \/> <img loading=\"lazy\" decoding=\"async\" class=\"alignleft wp-image-1076\" src=\"http:\/\/kortho.com\/wp-content\/uploads\/2015\/05\/Kortho-Hot-Quickcoder-waxprinter-voorbeeld-stip-op-onderdeel-ruitenwisser-K.jpg\" alt=\"Kortho-Hot-Quickcoder-waxprinter-voorbeeld-stip-op-onderdeel-ruitenwisser-K\" width=\"136\" height=\"136\" \/> <img loading=\"lazy\" decoding=\"async\" class=\"alignleft wp-image-1077\" src=\"http:\/\/kortho.com\/wp-content\/uploads\/2015\/05\/Kortho-Hot-Quickcoder-waxprinter-voorbeeld-ijzerzaag-K.jpg\" alt=\"Kortho-Hot-Quickcoder-waxprinter-voorbeeld-ijzerzaag-K\" width=\"136\" height=\"136\" \/> <img loading=\"lazy\" decoding=\"async\" class=\"alignleft wp-image-1075\" src=\"http:\/\/kortho.com\/wp-content\/uploads\/2015\/05\/Kortho-Hot-Quickcoder-waxprinter-voorbeeld-tekst-op-automotive-onderdeel-K.jpg\" alt=\"Kortho-Hot-Quickcoder-waxprinter-voorbeeld-tekst-op-automotive-onderdeel-K\" width=\"137\" height=\"137\" \/> <img loading=\"lazy\" decoding=\"async\" class=\"alignleft wp-image-1078\" src=\"http:\/\/kortho.com\/wp-content\/uploads\/2015\/05\/Kortho-Hot-Quickcoder-waxprinter-voorbeeld-juiste-kwaliteit-bout-automotive-K.jpg\" alt=\"Kortho-Hot-Quickcoder-waxprinter-voorbeeld-juiste-kwaliteit-bout-automotive-K\" width=\"136\" height=\"136\" \/><\/p>\n<h1><\/h1>\n<h1><\/h1>\n<p><iframe loading=\"lazy\" src=\"https:\/\/player.vimeo.com\/video\/147722854?color=ffffff&amp;title=0&amp;byline=0&amp;portrait=0\" width=\"720\" height=\"405\" frameborder=\"0\" allowfullscreen=\"allowfullscreen\"><\/iframe><\/p>\n<h1><\/h1>\n<h1><\/h1>\n<h1>Kortho\u2019s Hot Quickcoder<\/h1>\n<p>Der erste Kortho Quickcoder wurde in den 70er Jahren entwickelt und ist weiterhin einer der erfolgreichsten in der Erfolgsgeschichte Kortho&#8217;s. Seine j\u00fcngste Generation, der Hot Quickcoder, ist die zuverl\u00e4ssigste Budgetl\u00f6sung f\u00fcr Anwendungen, bei denen die Drucke nicht viel variieren, wie beispielsweise bei dem Druck von Logos oder optischen Erkennungsmarkierungen. Erh\u00e4ltlich mit einem Ziffern- oder Buchstabensatz oder einer Vorlage Ihres eigenen Designs. Dies macht den Hot Quickcoder zu einer weitverbreiteten Codierl\u00f6sung in der deutschen Industrie.<\/p>\n<h2>Eigenschaften des Kortho Hot Quickcoders<\/h2>\n<ul>\n<li>Kodiert auf por\u00f6sen, genauso wie auf nicht-por\u00f6sen Oberfl\u00e4chen.<\/li>\n<li>Kann bei kontinuierlichen wie intermittierenden Produktionslinien verwendet werden.<\/li>\n<li>Sehr geringe Anschaffungskosten<\/li>\n<li>Extrem langlebig und wartungsfrei.<\/li>\n<li>Hergestellt aus den beste Materialien wie Edelstahl.<\/li>\n<li>Erh\u00e4ltlich mit Standard-Vorlagenset wie Textzeichen oder Zahlen, oder einem Logo Ihres eigenen Designs.<\/li>\n<li>Viele Farben der Wachswalzen sind verf\u00fcgbar, einschlie\u00dflich UV-lesbar und fluoreszierend.<\/li>\n<li>Kompakte Einbauma\u00dfe.<\/li>\n<li>Sehr einfache Installation.<\/li>\n<\/ul>\n<p>&nbsp;<\/p>\n","protected":false},"excerpt":{"rendered":"<p>Kortho\u2019s Hot Quickcoder Der erste Kortho Quickcoder wurde in den 70er Jahren entwickelt und ist weiterhin einer der erfolgreichsten in&hellip;<\/p>\n","protected":false},"author":1,"featured_media":0,"parent":128,"menu_order":5,"comment_status":"closed","ping_status":"closed","template":"page_taxonomy_child.php","meta":{"_monsterinsights_skip_tracking":false,"_monsterinsights_sitenote_active":false,"_monsterinsights_sitenote_note":"","_monsterinsights_sitenote_category":0,"footnotes":""},"class_list":["post-277","page","type-page","status-publish","format-standard","hentry"],"yoast_head":"<!-- This site is optimized with the Yoast SEO plugin v23.6 - https:\/\/yoast.com\/wordpress\/plugins\/seo\/ -->\n<title>Hot Quickcoder - Heisswachstinten - Kortho - Deutschland<\/title>\n<meta name=\"robots\" content=\"index, follow, max-snippet:-1, max-image-preview:large, max-video-preview:-1\" \/>\n<link rel=\"canonical\" href=\"https:\/\/kortho.com\/de\/produktgruppen\/hot-quickcoder\/\" \/>\n<meta property=\"og:locale\" content=\"en_US\" \/>\n<meta property=\"og:type\" content=\"article\" \/>\n<meta property=\"og:title\" content=\"Hot Quickcoder - Heisswachstinten - Kortho - Deutschland\" \/>\n<meta property=\"og:description\" content=\"Kortho\u2019s Hot Quickcoder Der erste Kortho Quickcoder wurde in den 70er Jahren entwickelt und ist weiterhin einer der erfolgreichsten in&hellip;\" \/>\n<meta property=\"og:url\" content=\"https:\/\/kortho.com\/de\/produktgruppen\/hot-quickcoder\/\" \/>\n<meta property=\"og:site_name\" content=\"Kortho - Deutschland\" \/>\n<meta property=\"article:modified_time\" content=\"2016-06-07T13:48:35+00:00\" \/>\n<meta property=\"og:image\" content=\"http:\/\/kortho.com\/wp-content\/uploads\/2015\/05\/Kortho-Hot-Quickcoder-waxprinter-voorbeeld-arabisch-op-folieverpakkin-K.jpg\" \/>\n<meta name=\"twitter:card\" content=\"summary_large_image\" \/>\n<meta name=\"twitter:label1\" content=\"Est. reading time\" \/>\n\t<meta name=\"twitter:data1\" content=\"1 minute\" \/>\n<script type=\"application\/ld+json\" class=\"yoast-schema-graph\">{\"@context\":\"https:\/\/schema.org\",\"@graph\":[{\"@type\":\"WebPage\",\"@id\":\"https:\/\/kortho.com\/de\/produktgruppen\/hot-quickcoder\/\",\"url\":\"https:\/\/kortho.com\/de\/produktgruppen\/hot-quickcoder\/\",\"name\":\"Hot Quickcoder - Heisswachstinten - Kortho - Deutschland\",\"isPartOf\":{\"@id\":\"https:\/\/kortho.com\/de\/#website\"},\"primaryImageOfPage\":{\"@id\":\"https:\/\/kortho.com\/de\/produktgruppen\/hot-quickcoder\/#primaryimage\"},\"image\":{\"@id\":\"https:\/\/kortho.com\/de\/produktgruppen\/hot-quickcoder\/#primaryimage\"},\"thumbnailUrl\":\"http:\/\/kortho.com\/wp-content\/uploads\/2015\/05\/Kortho-Hot-Quickcoder-waxprinter-voorbeeld-arabisch-op-folieverpakkin-K.jpg\",\"datePublished\":\"2014-11-30T16:06:53+00:00\",\"dateModified\":\"2016-06-07T13:48:35+00:00\",\"breadcrumb\":{\"@id\":\"https:\/\/kortho.com\/de\/produktgruppen\/hot-quickcoder\/#breadcrumb\"},\"inLanguage\":\"en-US\",\"potentialAction\":[{\"@type\":\"ReadAction\",\"target\":[\"https:\/\/kortho.com\/de\/produktgruppen\/hot-quickcoder\/\"]}]},{\"@type\":\"ImageObject\",\"inLanguage\":\"en-US\",\"@id\":\"https:\/\/kortho.com\/de\/produktgruppen\/hot-quickcoder\/#primaryimage\",\"url\":\"http:\/\/kortho.com\/wp-content\/uploads\/2015\/05\/Kortho-Hot-Quickcoder-waxprinter-voorbeeld-arabisch-op-folieverpakkin-K.jpg\",\"contentUrl\":\"http:\/\/kortho.com\/wp-content\/uploads\/2015\/05\/Kortho-Hot-Quickcoder-waxprinter-voorbeeld-arabisch-op-folieverpakkin-K.jpg\"},{\"@type\":\"BreadcrumbList\",\"@id\":\"https:\/\/kortho.com\/de\/produktgruppen\/hot-quickcoder\/#breadcrumb\",\"itemListElement\":[{\"@type\":\"ListItem\",\"position\":1,\"name\":\"Home\",\"item\":\"https:\/\/kortho.com\/de\/\"},{\"@type\":\"ListItem\",\"position\":2,\"name\":\"Produktgruppen\",\"item\":\"https:\/\/kortho.com\/de\/produktgruppen\/\"},{\"@type\":\"ListItem\",\"position\":3,\"name\":\"Hot Quickcoder &#8211; Heisswachstinten\"}]},{\"@type\":\"WebSite\",\"@id\":\"https:\/\/kortho.com\/de\/#website\",\"url\":\"https:\/\/kortho.com\/de\/\",\"name\":\"Kortho - Deutschland\",\"description\":\"Coding Competence\",\"potentialAction\":[{\"@type\":\"SearchAction\",\"target\":{\"@type\":\"EntryPoint\",\"urlTemplate\":\"https:\/\/kortho.com\/de\/?s={search_term_string}\"},\"query-input\":{\"@type\":\"PropertyValueSpecification\",\"valueRequired\":true,\"valueName\":\"search_term_string\"}}],\"inLanguage\":\"en-US\"}]}<\/script>\n<!-- \/ Yoast SEO plugin. -->","yoast_head_json":{"title":"Hot Quickcoder - Heisswachstinten - Kortho - Deutschland","robots":{"index":"index","follow":"follow","max-snippet":"max-snippet:-1","max-image-preview":"max-image-preview:large","max-video-preview":"max-video-preview:-1"},"canonical":"https:\/\/kortho.com\/de\/produktgruppen\/hot-quickcoder\/","og_locale":"en_US","og_type":"article","og_title":"Hot Quickcoder - Heisswachstinten - Kortho - Deutschland","og_description":"Kortho\u2019s Hot Quickcoder Der erste Kortho Quickcoder wurde in den 70er Jahren entwickelt und ist weiterhin einer der erfolgreichsten in&hellip;","og_url":"https:\/\/kortho.com\/de\/produktgruppen\/hot-quickcoder\/","og_site_name":"Kortho - Deutschland","article_modified_time":"2016-06-07T13:48:35+00:00","og_image":[{"url":"http:\/\/kortho.com\/wp-content\/uploads\/2015\/05\/Kortho-Hot-Quickcoder-waxprinter-voorbeeld-arabisch-op-folieverpakkin-K.jpg"}],"twitter_card":"summary_large_image","twitter_misc":{"Est. reading time":"1 minute"},"schema":{"@context":"https:\/\/schema.org","@graph":[{"@type":"WebPage","@id":"https:\/\/kortho.com\/de\/produktgruppen\/hot-quickcoder\/","url":"https:\/\/kortho.com\/de\/produktgruppen\/hot-quickcoder\/","name":"Hot Quickcoder - Heisswachstinten - Kortho - Deutschland","isPartOf":{"@id":"https:\/\/kortho.com\/de\/#website"},"primaryImageOfPage":{"@id":"https:\/\/kortho.com\/de\/produktgruppen\/hot-quickcoder\/#primaryimage"},"image":{"@id":"https:\/\/kortho.com\/de\/produktgruppen\/hot-quickcoder\/#primaryimage"},"thumbnailUrl":"http:\/\/kortho.com\/wp-content\/uploads\/2015\/05\/Kortho-Hot-Quickcoder-waxprinter-voorbeeld-arabisch-op-folieverpakkin-K.jpg","datePublished":"2014-11-30T16:06:53+00:00","dateModified":"2016-06-07T13:48:35+00:00","breadcrumb":{"@id":"https:\/\/kortho.com\/de\/produktgruppen\/hot-quickcoder\/#breadcrumb"},"inLanguage":"en-US","potentialAction":[{"@type":"ReadAction","target":["https:\/\/kortho.com\/de\/produktgruppen\/hot-quickcoder\/"]}]},{"@type":"ImageObject","inLanguage":"en-US","@id":"https:\/\/kortho.com\/de\/produktgruppen\/hot-quickcoder\/#primaryimage","url":"http:\/\/kortho.com\/wp-content\/uploads\/2015\/05\/Kortho-Hot-Quickcoder-waxprinter-voorbeeld-arabisch-op-folieverpakkin-K.jpg","contentUrl":"http:\/\/kortho.com\/wp-content\/uploads\/2015\/05\/Kortho-Hot-Quickcoder-waxprinter-voorbeeld-arabisch-op-folieverpakkin-K.jpg"},{"@type":"BreadcrumbList","@id":"https:\/\/kortho.com\/de\/produktgruppen\/hot-quickcoder\/#breadcrumb","itemListElement":[{"@type":"ListItem","position":1,"name":"Home","item":"https:\/\/kortho.com\/de\/"},{"@type":"ListItem","position":2,"name":"Produktgruppen","item":"https:\/\/kortho.com\/de\/produktgruppen\/"},{"@type":"ListItem","position":3,"name":"Hot Quickcoder &#8211; Heisswachstinten"}]},{"@type":"WebSite","@id":"https:\/\/kortho.com\/de\/#website","url":"https:\/\/kortho.com\/de\/","name":"Kortho - Deutschland","description":"Coding Competence","potentialAction":[{"@type":"SearchAction","target":{"@type":"EntryPoint","urlTemplate":"https:\/\/kortho.com\/de\/?s={search_term_string}"},"query-input":{"@type":"PropertyValueSpecification","valueRequired":true,"valueName":"search_term_string"}}],"inLanguage":"en-US"}]}},"aioseo_notices":[],"_links":{"self":[{"href":"https:\/\/kortho.com\/de\/wp-json\/wp\/v2\/pages\/277"}],"collection":[{"href":"https:\/\/kortho.com\/de\/wp-json\/wp\/v2\/pages"}],"about":[{"href":"https:\/\/kortho.com\/de\/wp-json\/wp\/v2\/types\/page"}],"author":[{"embeddable":true,"href":"https:\/\/kortho.com\/de\/wp-json\/wp\/v2\/users\/1"}],"replies":[{"embeddable":true,"href":"https:\/\/kortho.com\/de\/wp-json\/wp\/v2\/comments?post=277"}],"version-history":[{"count":13,"href":"https:\/\/kortho.com\/de\/wp-json\/wp\/v2\/pages\/277\/revisions"}],"predecessor-version":[{"id":4438,"href":"https:\/\/kortho.com\/de\/wp-json\/wp\/v2\/pages\/277\/revisions\/4438"}],"up":[{"embeddable":true,"href":"https:\/\/kortho.com\/de\/wp-json\/wp\/v2\/pages\/128"}],"wp:attachment":[{"href":"https:\/\/kortho.com\/de\/wp-json\/wp\/v2\/media?parent=277"}],"curies":[{"name":"wp","href":"https:\/\/api.w.org\/{rel}","templated":true}]}}