{"id":279,"date":"2014-11-30T16:07:16","date_gmt":"2014-11-30T16:07:16","guid":{"rendered":"http:\/\/jaspervandermeij.nl\/kortho\/nl\/?page_id=279"},"modified":"2016-06-07T13:51:13","modified_gmt":"2016-06-07T13:51:13","slug":"rollcoder","status":"publish","type":"page","link":"https:\/\/kortho.com\/de\/produktgruppen\/rollcoder\/","title":{"rendered":"Rollcoder"},"content":{"rendered":"<p><img loading=\"lazy\" decoding=\"async\" class=\"alignleft size-full wp-image-1341\" src=\"http:\/\/kortho.com\/wp-content\/uploads\/2015\/06\/Kortho-Rolcoder-printen-op-kunststof-folie-K.jpg\" alt=\"Kortho-Rolcoder-printen-op-kunststof-folie-K\" width=\"138\" height=\"138\" \/> <img loading=\"lazy\" decoding=\"async\" class=\"alignleft size-full wp-image-1340\" src=\"http:\/\/kortho.com\/wp-content\/uploads\/2015\/06\/Kortho-Rolcoder-printen-op-papieren-zak-in-stofrijke-ruimte-gips-cement-K.jpg\" alt=\"Kortho-Rolcoder-printen-op-papieren-zak-in-stofrijke-ruimte-gips-cement-K\" width=\"138\" height=\"138\" \/> <img loading=\"lazy\" decoding=\"async\" class=\"alignleft size-full wp-image-1346\" src=\"http:\/\/kortho.com\/wp-content\/uploads\/2015\/06\/Kortho-Rolcoder-printen-logo-en-doorlopende-stippel-snijlijn-op-eindloos-betumen-product-K.jpg\" alt=\"Kortho-Rolcoder-printen-logo-en-doorlopende-stippel-snijlijn-op-eindloos-betumen-product-K\" width=\"138\" height=\"138\" \/> <img loading=\"lazy\" decoding=\"async\" class=\"alignleft size-full wp-image-1360\" src=\"http:\/\/kortho.com\/wp-content\/uploads\/2015\/06\/Kortho-Rolcoder-printen-op-diverse-materialen-poreus-en-niet-poreus-K2.jpg\" alt=\"Kortho-Rolcoder-printen-op-diverse-materialen-poreus-en-niet-poreus-K\" width=\"138\" height=\"138\" \/> <img loading=\"lazy\" decoding=\"async\" class=\"alignleft size-full wp-image-1344\" src=\"http:\/\/kortho.com\/wp-content\/uploads\/2015\/06\/Kortho-Rolcoder-printen-logo-op-kartonnen-doos-K.jpg\" alt=\"Kortho-Rolcoder-printen-logo-op-kartonnen-doos-K\" width=\"138\" height=\"138\" \/> <img loading=\"lazy\" decoding=\"async\" class=\"alignleft size-full wp-image-1343\" src=\"http:\/\/kortho.com\/wp-content\/uploads\/2015\/06\/Kortho-Rolcoder-printen-logo-op-katoen-K.jpg\" alt=\"Kortho-Rolcoder-printen-logo-op-katoen-K\" width=\"138\" height=\"138\" \/><\/p>\n<h1><\/h1>\n<h1><\/h1>\n<p><iframe loading=\"lazy\" src=\"https:\/\/player.vimeo.com\/video\/147722853?color=ffffff&amp;title=0&amp;byline=0&amp;portrait=0\" width=\"720\" height=\"405\" frameborder=\"0\" allowfullscreen=\"allowfullscreen\"><\/iframe><\/p>\n<h1><\/h1>\n<h1><\/h1>\n<h1>Kortho\u2019s Rollcoder<\/h1>\n<p>Der Rollcoder war Kortho&#8217;s erstes eigenes Produkt. Trotz der Tatsache, dass das Produkt viele Verbesserungen im Laufe der Jahre durchlaufen hat, bleibt die Technik im wesentlichen unver\u00e4ndert. Die einfache und 100% mechanische Bet\u00e4tigung stellt sicher, dass die Rollcoder eine \u00e4u\u00dferst wirtschaftliche und robuste L\u00f6sung sind. Besonders an Orten, in denen sensible Elektronik oder Druckk\u00f6pfe zu anf\u00e4llig sind, werden Rollcoder nach wie vor verwendet.<\/p>\n<h2>Funktionen des Kortho Rollcoders<\/h2>\n<ul>\n<li>Sehr niedrige Anschaffungskosten.<\/li>\n<li>Vollst\u00e4ndig mechanisch, Strom oder Druckluft sind nicht erforderlich.<\/li>\n<li>Extrem langlebig und wartungsfrei.<\/li>\n<li>Sehr einfache Installation.<\/li>\n<li>Erh\u00e4ltlich mit Standardvorlagen wie Textzeichen, Zahlen oder einem Logo ihres eigenen Designs.<\/li>\n<li>Verf\u00fcgbarkeit vieler Farbtinten.<\/li>\n<li>Lineare Modelle in 3 verschiedenen H\u00f6hen verf\u00fcgbar.<\/li>\n<li>Auch als Handcodierer verf\u00fcgbar.<\/li>\n<\/ul>\n<p>&nbsp;<\/p>\n","protected":false},"excerpt":{"rendered":"<p>Kortho\u2019s Rollcoder Der Rollcoder war Kortho&#8217;s erstes eigenes Produkt. Trotz der Tatsache, dass das Produkt viele Verbesserungen im Laufe der&hellip;<\/p>\n","protected":false},"author":1,"featured_media":0,"parent":128,"menu_order":8,"comment_status":"closed","ping_status":"closed","template":"page_taxonomy_child.php","meta":{"_monsterinsights_skip_tracking":false,"_monsterinsights_sitenote_active":false,"_monsterinsights_sitenote_note":"","_monsterinsights_sitenote_category":0,"footnotes":""},"class_list":["post-279","page","type-page","status-publish","format-standard","hentry"],"yoast_head":"<!-- This site is optimized with the Yoast SEO plugin v23.6 - https:\/\/yoast.com\/wordpress\/plugins\/seo\/ -->\n<title>Rollcoder - Kortho - Deutschland<\/title>\n<meta name=\"robots\" content=\"index, follow, max-snippet:-1, max-image-preview:large, max-video-preview:-1\" \/>\n<link rel=\"canonical\" href=\"https:\/\/kortho.com\/de\/produktgruppen\/rollcoder\/\" \/>\n<meta property=\"og:locale\" content=\"en_US\" \/>\n<meta property=\"og:type\" content=\"article\" \/>\n<meta property=\"og:title\" content=\"Rollcoder - Kortho - Deutschland\" \/>\n<meta property=\"og:description\" content=\"Kortho\u2019s Rollcoder Der Rollcoder war Kortho&#8217;s erstes eigenes Produkt. Trotz der Tatsache, dass das Produkt viele Verbesserungen im Laufe der&hellip;\" \/>\n<meta property=\"og:url\" content=\"https:\/\/kortho.com\/de\/produktgruppen\/rollcoder\/\" \/>\n<meta property=\"og:site_name\" content=\"Kortho - Deutschland\" \/>\n<meta property=\"article:modified_time\" content=\"2016-06-07T13:51:13+00:00\" \/>\n<meta property=\"og:image\" content=\"http:\/\/kortho.com\/wp-content\/uploads\/2015\/06\/Kortho-Rolcoder-printen-op-kunststof-folie-K.jpg\" \/>\n<meta name=\"twitter:card\" content=\"summary_large_image\" \/>\n<meta name=\"twitter:label1\" content=\"Est. reading time\" \/>\n\t<meta name=\"twitter:data1\" content=\"1 minute\" \/>\n<script type=\"application\/ld+json\" class=\"yoast-schema-graph\">{\"@context\":\"https:\/\/schema.org\",\"@graph\":[{\"@type\":\"WebPage\",\"@id\":\"https:\/\/kortho.com\/de\/produktgruppen\/rollcoder\/\",\"url\":\"https:\/\/kortho.com\/de\/produktgruppen\/rollcoder\/\",\"name\":\"Rollcoder - Kortho - Deutschland\",\"isPartOf\":{\"@id\":\"https:\/\/kortho.com\/de\/#website\"},\"primaryImageOfPage\":{\"@id\":\"https:\/\/kortho.com\/de\/produktgruppen\/rollcoder\/#primaryimage\"},\"image\":{\"@id\":\"https:\/\/kortho.com\/de\/produktgruppen\/rollcoder\/#primaryimage\"},\"thumbnailUrl\":\"http:\/\/kortho.com\/wp-content\/uploads\/2015\/06\/Kortho-Rolcoder-printen-op-kunststof-folie-K.jpg\",\"datePublished\":\"2014-11-30T16:07:16+00:00\",\"dateModified\":\"2016-06-07T13:51:13+00:00\",\"breadcrumb\":{\"@id\":\"https:\/\/kortho.com\/de\/produktgruppen\/rollcoder\/#breadcrumb\"},\"inLanguage\":\"en-US\",\"potentialAction\":[{\"@type\":\"ReadAction\",\"target\":[\"https:\/\/kortho.com\/de\/produktgruppen\/rollcoder\/\"]}]},{\"@type\":\"ImageObject\",\"inLanguage\":\"en-US\",\"@id\":\"https:\/\/kortho.com\/de\/produktgruppen\/rollcoder\/#primaryimage\",\"url\":\"http:\/\/kortho.com\/wp-content\/uploads\/2015\/06\/Kortho-Rolcoder-printen-op-kunststof-folie-K.jpg\",\"contentUrl\":\"http:\/\/kortho.com\/wp-content\/uploads\/2015\/06\/Kortho-Rolcoder-printen-op-kunststof-folie-K.jpg\"},{\"@type\":\"BreadcrumbList\",\"@id\":\"https:\/\/kortho.com\/de\/produktgruppen\/rollcoder\/#breadcrumb\",\"itemListElement\":[{\"@type\":\"ListItem\",\"position\":1,\"name\":\"Home\",\"item\":\"https:\/\/kortho.com\/de\/\"},{\"@type\":\"ListItem\",\"position\":2,\"name\":\"Produktgruppen\",\"item\":\"https:\/\/kortho.com\/de\/produktgruppen\/\"},{\"@type\":\"ListItem\",\"position\":3,\"name\":\"Rollcoder\"}]},{\"@type\":\"WebSite\",\"@id\":\"https:\/\/kortho.com\/de\/#website\",\"url\":\"https:\/\/kortho.com\/de\/\",\"name\":\"Kortho - Deutschland\",\"description\":\"Coding Competence\",\"potentialAction\":[{\"@type\":\"SearchAction\",\"target\":{\"@type\":\"EntryPoint\",\"urlTemplate\":\"https:\/\/kortho.com\/de\/?s={search_term_string}\"},\"query-input\":{\"@type\":\"PropertyValueSpecification\",\"valueRequired\":true,\"valueName\":\"search_term_string\"}}],\"inLanguage\":\"en-US\"}]}<\/script>\n<!-- \/ Yoast SEO plugin. -->","yoast_head_json":{"title":"Rollcoder - Kortho - Deutschland","robots":{"index":"index","follow":"follow","max-snippet":"max-snippet:-1","max-image-preview":"max-image-preview:large","max-video-preview":"max-video-preview:-1"},"canonical":"https:\/\/kortho.com\/de\/produktgruppen\/rollcoder\/","og_locale":"en_US","og_type":"article","og_title":"Rollcoder - Kortho - Deutschland","og_description":"Kortho\u2019s Rollcoder Der Rollcoder war Kortho&#8217;s erstes eigenes Produkt. Trotz der Tatsache, dass das Produkt viele Verbesserungen im Laufe der&hellip;","og_url":"https:\/\/kortho.com\/de\/produktgruppen\/rollcoder\/","og_site_name":"Kortho - Deutschland","article_modified_time":"2016-06-07T13:51:13+00:00","og_image":[{"url":"http:\/\/kortho.com\/wp-content\/uploads\/2015\/06\/Kortho-Rolcoder-printen-op-kunststof-folie-K.jpg"}],"twitter_card":"summary_large_image","twitter_misc":{"Est. reading time":"1 minute"},"schema":{"@context":"https:\/\/schema.org","@graph":[{"@type":"WebPage","@id":"https:\/\/kortho.com\/de\/produktgruppen\/rollcoder\/","url":"https:\/\/kortho.com\/de\/produktgruppen\/rollcoder\/","name":"Rollcoder - Kortho - Deutschland","isPartOf":{"@id":"https:\/\/kortho.com\/de\/#website"},"primaryImageOfPage":{"@id":"https:\/\/kortho.com\/de\/produktgruppen\/rollcoder\/#primaryimage"},"image":{"@id":"https:\/\/kortho.com\/de\/produktgruppen\/rollcoder\/#primaryimage"},"thumbnailUrl":"http:\/\/kortho.com\/wp-content\/uploads\/2015\/06\/Kortho-Rolcoder-printen-op-kunststof-folie-K.jpg","datePublished":"2014-11-30T16:07:16+00:00","dateModified":"2016-06-07T13:51:13+00:00","breadcrumb":{"@id":"https:\/\/kortho.com\/de\/produktgruppen\/rollcoder\/#breadcrumb"},"inLanguage":"en-US","potentialAction":[{"@type":"ReadAction","target":["https:\/\/kortho.com\/de\/produktgruppen\/rollcoder\/"]}]},{"@type":"ImageObject","inLanguage":"en-US","@id":"https:\/\/kortho.com\/de\/produktgruppen\/rollcoder\/#primaryimage","url":"http:\/\/kortho.com\/wp-content\/uploads\/2015\/06\/Kortho-Rolcoder-printen-op-kunststof-folie-K.jpg","contentUrl":"http:\/\/kortho.com\/wp-content\/uploads\/2015\/06\/Kortho-Rolcoder-printen-op-kunststof-folie-K.jpg"},{"@type":"BreadcrumbList","@id":"https:\/\/kortho.com\/de\/produktgruppen\/rollcoder\/#breadcrumb","itemListElement":[{"@type":"ListItem","position":1,"name":"Home","item":"https:\/\/kortho.com\/de\/"},{"@type":"ListItem","position":2,"name":"Produktgruppen","item":"https:\/\/kortho.com\/de\/produktgruppen\/"},{"@type":"ListItem","position":3,"name":"Rollcoder"}]},{"@type":"WebSite","@id":"https:\/\/kortho.com\/de\/#website","url":"https:\/\/kortho.com\/de\/","name":"Kortho - Deutschland","description":"Coding Competence","potentialAction":[{"@type":"SearchAction","target":{"@type":"EntryPoint","urlTemplate":"https:\/\/kortho.com\/de\/?s={search_term_string}"},"query-input":{"@type":"PropertyValueSpecification","valueRequired":true,"valueName":"search_term_string"}}],"inLanguage":"en-US"}]}},"aioseo_notices":[],"_links":{"self":[{"href":"https:\/\/kortho.com\/de\/wp-json\/wp\/v2\/pages\/279"}],"collection":[{"href":"https:\/\/kortho.com\/de\/wp-json\/wp\/v2\/pages"}],"about":[{"href":"https:\/\/kortho.com\/de\/wp-json\/wp\/v2\/types\/page"}],"author":[{"embeddable":true,"href":"https:\/\/kortho.com\/de\/wp-json\/wp\/v2\/users\/1"}],"replies":[{"embeddable":true,"href":"https:\/\/kortho.com\/de\/wp-json\/wp\/v2\/comments?post=279"}],"version-history":[{"count":11,"href":"https:\/\/kortho.com\/de\/wp-json\/wp\/v2\/pages\/279\/revisions"}],"predecessor-version":[{"id":4238,"href":"https:\/\/kortho.com\/de\/wp-json\/wp\/v2\/pages\/279\/revisions\/4238"}],"up":[{"embeddable":true,"href":"https:\/\/kortho.com\/de\/wp-json\/wp\/v2\/pages\/128"}],"wp:attachment":[{"href":"https:\/\/kortho.com\/de\/wp-json\/wp\/v2\/media?parent=279"}],"curies":[{"name":"wp","href":"https:\/\/api.w.org\/{rel}","templated":true}]}}