{"id":281,"date":"2014-11-30T16:07:39","date_gmt":"2014-11-30T16:07:39","guid":{"rendered":"http:\/\/jaspervandermeij.nl\/kortho\/nl\/?page_id=281"},"modified":"2016-06-07T13:55:36","modified_gmt":"2016-06-07T13:55:36","slug":"schablonenmarkierungsprodukte","status":"publish","type":"page","link":"https:\/\/kortho.com\/de\/produktgruppen\/schablonenmarkierungsprodukte\/","title":{"rendered":"Schablonenmarkierungsprodukte"},"content":{"rendered":"<p><img loading=\"lazy\" decoding=\"async\" class=\"alignleft size-full wp-image-1443\" src=\"http:\/\/kortho.com\/wp-content\/uploads\/2015\/07\/Kortho-Sjabloneren-op-metalen-vat.jpg\" alt=\"Kortho-Sjabloneren-op-metalen-vat\" width=\"138\" height=\"138\" \/> <img loading=\"lazy\" decoding=\"async\" class=\"alignleft size-full wp-image-1531\" src=\"http:\/\/kortho.com\/wp-content\/uploads\/2015\/07\/Kortho-Sjabloneren-metalen-vat-K2.jpg\" alt=\"Kortho-Sjabloneren-metalen-vat-K2\" width=\"138\" height=\"138\" \/> <img loading=\"lazy\" decoding=\"async\" class=\"alignleft size-full wp-image-1437\" src=\"http:\/\/kortho.com\/wp-content\/uploads\/2015\/07\/Kortho-Sjabloneren-op-houten-transport-kist-K.jpg\" alt=\"Kortho-Sjabloneren-op-houten-transport-kist--K\" width=\"138\" height=\"138\" \/> <img loading=\"lazy\" decoding=\"async\" class=\"alignleft size-full wp-image-1444\" src=\"http:\/\/kortho.com\/wp-content\/uploads\/2015\/07\/Kortho-Sjabloneren-MYLAR-K.jpg\" alt=\"Kortho-Sjabloneren-MYLAR-K\" width=\"138\" height=\"138\" \/> <img loading=\"lazy\" decoding=\"async\" class=\"alignleft size-full wp-image-1438\" src=\"http:\/\/kortho.com\/wp-content\/uploads\/2015\/07\/Kortho-Sjabloneren-op-houten-transport-kist-3-K.jpg\" alt=\"Kortho-Sjabloneren-op-houten-transport-kist-3-K\" width=\"138\" height=\"138\" \/> <img loading=\"lazy\" decoding=\"async\" class=\"alignleft size-full wp-image-1442\" src=\"http:\/\/kortho.com\/wp-content\/uploads\/2015\/07\/Kortho-Sjabloneren-met-met-Oneshot-K.jpg\" alt=\"Kortho-Sjabloneren met-met-Oneshot-K\" width=\"138\" height=\"138\" \/><\/p>\n<h1><\/h1>\n<h1><\/h1>\n<h1>Kortho\u2019s Schablonenmarkierungsprodukte<\/h1>\n<p>Kortho verf\u00fcgt \u00fcber eine breite Palette an erh\u00e4ltlichen Schablonierprodukten. Neben einer Schablonier- und Schneidemaschine sind au\u00dferdem blanke Vorlagen aus ge\u00f6ltem Karton oder langlebigerem Mylar verf\u00fcgbar. F\u00fcr den Tintenauftrag steht eine breite Palette von Diagraphmarkern, Aerosoldosen und Tintenrollern zur Verf\u00fcgung.<\/p>\n<h2>Eigenschaften von Kortho\u2018s Schablonenmarkierungsprodukten<\/h2>\n<ul>\n<li>Sehr niedriger Anschaffungspreis.<\/li>\n<li>Markiert auf por\u00f6sen sowie auf nicht-por\u00f6sen Oberfl\u00e4chen.<\/li>\n<li>Manuelle Anwendung, Strom oder Druckluft nicht erforderlich.<\/li>\n<li>Extrem langlebig und wartungsfrei<\/li>\n<li>Schablonenvorlagen sind verf\u00fcgbar in ge\u00f6ltem Karton oder Mylar.<\/li>\n<li>Viele Tintenfarben verf\u00fcgbar.<\/li>\n<li>Viele Tintenanwendungsm\u00f6glichkeiten.<\/li>\n<\/ul>\n","protected":false},"excerpt":{"rendered":"<p>Kortho\u2019s Schablonenmarkierungsprodukte Kortho verf\u00fcgt \u00fcber eine breite Palette an erh\u00e4ltlichen Schablonierprodukten. Neben einer Schablonier- und Schneidemaschine sind au\u00dferdem blanke Vorlagen&hellip;<\/p>\n","protected":false},"author":1,"featured_media":0,"parent":128,"menu_order":10,"comment_status":"closed","ping_status":"closed","template":"page_taxonomy_child.php","meta":{"_monsterinsights_skip_tracking":false,"_monsterinsights_sitenote_active":false,"_monsterinsights_sitenote_note":"","_monsterinsights_sitenote_category":0,"footnotes":""},"class_list":["post-281","page","type-page","status-publish","format-standard","hentry"],"yoast_head":"<!-- This site is optimized with the Yoast SEO plugin v23.6 - https:\/\/yoast.com\/wordpress\/plugins\/seo\/ -->\n<title>Schablonenmarkierungsprodukte - Kortho - Deutschland<\/title>\n<meta name=\"robots\" content=\"index, follow, max-snippet:-1, max-image-preview:large, max-video-preview:-1\" \/>\n<link rel=\"canonical\" href=\"https:\/\/kortho.com\/de\/produktgruppen\/schablonenmarkierungsprodukte\/\" \/>\n<meta property=\"og:locale\" content=\"en_US\" \/>\n<meta property=\"og:type\" content=\"article\" \/>\n<meta property=\"og:title\" content=\"Schablonenmarkierungsprodukte - Kortho - Deutschland\" \/>\n<meta property=\"og:description\" content=\"Kortho\u2019s Schablonenmarkierungsprodukte Kortho verf\u00fcgt \u00fcber eine breite Palette an erh\u00e4ltlichen Schablonierprodukten. Neben einer Schablonier- und Schneidemaschine sind au\u00dferdem blanke Vorlagen&hellip;\" \/>\n<meta property=\"og:url\" content=\"https:\/\/kortho.com\/de\/produktgruppen\/schablonenmarkierungsprodukte\/\" \/>\n<meta property=\"og:site_name\" content=\"Kortho - Deutschland\" \/>\n<meta property=\"article:modified_time\" content=\"2016-06-07T13:55:36+00:00\" \/>\n<meta property=\"og:image\" content=\"http:\/\/kortho.com\/wp-content\/uploads\/2015\/07\/Kortho-Sjabloneren-op-metalen-vat.jpg\" \/>\n<meta name=\"twitter:card\" content=\"summary_large_image\" \/>\n<script type=\"application\/ld+json\" class=\"yoast-schema-graph\">{\"@context\":\"https:\/\/schema.org\",\"@graph\":[{\"@type\":\"WebPage\",\"@id\":\"https:\/\/kortho.com\/de\/produktgruppen\/schablonenmarkierungsprodukte\/\",\"url\":\"https:\/\/kortho.com\/de\/produktgruppen\/schablonenmarkierungsprodukte\/\",\"name\":\"Schablonenmarkierungsprodukte - Kortho - Deutschland\",\"isPartOf\":{\"@id\":\"https:\/\/kortho.com\/de\/#website\"},\"primaryImageOfPage\":{\"@id\":\"https:\/\/kortho.com\/de\/produktgruppen\/schablonenmarkierungsprodukte\/#primaryimage\"},\"image\":{\"@id\":\"https:\/\/kortho.com\/de\/produktgruppen\/schablonenmarkierungsprodukte\/#primaryimage\"},\"thumbnailUrl\":\"http:\/\/kortho.com\/wp-content\/uploads\/2015\/07\/Kortho-Sjabloneren-op-metalen-vat.jpg\",\"datePublished\":\"2014-11-30T16:07:39+00:00\",\"dateModified\":\"2016-06-07T13:55:36+00:00\",\"breadcrumb\":{\"@id\":\"https:\/\/kortho.com\/de\/produktgruppen\/schablonenmarkierungsprodukte\/#breadcrumb\"},\"inLanguage\":\"en-US\",\"potentialAction\":[{\"@type\":\"ReadAction\",\"target\":[\"https:\/\/kortho.com\/de\/produktgruppen\/schablonenmarkierungsprodukte\/\"]}]},{\"@type\":\"ImageObject\",\"inLanguage\":\"en-US\",\"@id\":\"https:\/\/kortho.com\/de\/produktgruppen\/schablonenmarkierungsprodukte\/#primaryimage\",\"url\":\"http:\/\/kortho.com\/wp-content\/uploads\/2015\/07\/Kortho-Sjabloneren-op-metalen-vat.jpg\",\"contentUrl\":\"http:\/\/kortho.com\/wp-content\/uploads\/2015\/07\/Kortho-Sjabloneren-op-metalen-vat.jpg\"},{\"@type\":\"BreadcrumbList\",\"@id\":\"https:\/\/kortho.com\/de\/produktgruppen\/schablonenmarkierungsprodukte\/#breadcrumb\",\"itemListElement\":[{\"@type\":\"ListItem\",\"position\":1,\"name\":\"Home\",\"item\":\"https:\/\/kortho.com\/de\/\"},{\"@type\":\"ListItem\",\"position\":2,\"name\":\"Produktgruppen\",\"item\":\"https:\/\/kortho.com\/de\/produktgruppen\/\"},{\"@type\":\"ListItem\",\"position\":3,\"name\":\"Schablonenmarkierungsprodukte\"}]},{\"@type\":\"WebSite\",\"@id\":\"https:\/\/kortho.com\/de\/#website\",\"url\":\"https:\/\/kortho.com\/de\/\",\"name\":\"Kortho - Deutschland\",\"description\":\"Coding Competence\",\"potentialAction\":[{\"@type\":\"SearchAction\",\"target\":{\"@type\":\"EntryPoint\",\"urlTemplate\":\"https:\/\/kortho.com\/de\/?s={search_term_string}\"},\"query-input\":{\"@type\":\"PropertyValueSpecification\",\"valueRequired\":true,\"valueName\":\"search_term_string\"}}],\"inLanguage\":\"en-US\"}]}<\/script>\n<!-- \/ Yoast SEO plugin. -->","yoast_head_json":{"title":"Schablonenmarkierungsprodukte - Kortho - Deutschland","robots":{"index":"index","follow":"follow","max-snippet":"max-snippet:-1","max-image-preview":"max-image-preview:large","max-video-preview":"max-video-preview:-1"},"canonical":"https:\/\/kortho.com\/de\/produktgruppen\/schablonenmarkierungsprodukte\/","og_locale":"en_US","og_type":"article","og_title":"Schablonenmarkierungsprodukte - Kortho - Deutschland","og_description":"Kortho\u2019s Schablonenmarkierungsprodukte Kortho verf\u00fcgt \u00fcber eine breite Palette an erh\u00e4ltlichen Schablonierprodukten. Neben einer Schablonier- und Schneidemaschine sind au\u00dferdem blanke Vorlagen&hellip;","og_url":"https:\/\/kortho.com\/de\/produktgruppen\/schablonenmarkierungsprodukte\/","og_site_name":"Kortho - Deutschland","article_modified_time":"2016-06-07T13:55:36+00:00","og_image":[{"url":"http:\/\/kortho.com\/wp-content\/uploads\/2015\/07\/Kortho-Sjabloneren-op-metalen-vat.jpg"}],"twitter_card":"summary_large_image","schema":{"@context":"https:\/\/schema.org","@graph":[{"@type":"WebPage","@id":"https:\/\/kortho.com\/de\/produktgruppen\/schablonenmarkierungsprodukte\/","url":"https:\/\/kortho.com\/de\/produktgruppen\/schablonenmarkierungsprodukte\/","name":"Schablonenmarkierungsprodukte - Kortho - Deutschland","isPartOf":{"@id":"https:\/\/kortho.com\/de\/#website"},"primaryImageOfPage":{"@id":"https:\/\/kortho.com\/de\/produktgruppen\/schablonenmarkierungsprodukte\/#primaryimage"},"image":{"@id":"https:\/\/kortho.com\/de\/produktgruppen\/schablonenmarkierungsprodukte\/#primaryimage"},"thumbnailUrl":"http:\/\/kortho.com\/wp-content\/uploads\/2015\/07\/Kortho-Sjabloneren-op-metalen-vat.jpg","datePublished":"2014-11-30T16:07:39+00:00","dateModified":"2016-06-07T13:55:36+00:00","breadcrumb":{"@id":"https:\/\/kortho.com\/de\/produktgruppen\/schablonenmarkierungsprodukte\/#breadcrumb"},"inLanguage":"en-US","potentialAction":[{"@type":"ReadAction","target":["https:\/\/kortho.com\/de\/produktgruppen\/schablonenmarkierungsprodukte\/"]}]},{"@type":"ImageObject","inLanguage":"en-US","@id":"https:\/\/kortho.com\/de\/produktgruppen\/schablonenmarkierungsprodukte\/#primaryimage","url":"http:\/\/kortho.com\/wp-content\/uploads\/2015\/07\/Kortho-Sjabloneren-op-metalen-vat.jpg","contentUrl":"http:\/\/kortho.com\/wp-content\/uploads\/2015\/07\/Kortho-Sjabloneren-op-metalen-vat.jpg"},{"@type":"BreadcrumbList","@id":"https:\/\/kortho.com\/de\/produktgruppen\/schablonenmarkierungsprodukte\/#breadcrumb","itemListElement":[{"@type":"ListItem","position":1,"name":"Home","item":"https:\/\/kortho.com\/de\/"},{"@type":"ListItem","position":2,"name":"Produktgruppen","item":"https:\/\/kortho.com\/de\/produktgruppen\/"},{"@type":"ListItem","position":3,"name":"Schablonenmarkierungsprodukte"}]},{"@type":"WebSite","@id":"https:\/\/kortho.com\/de\/#website","url":"https:\/\/kortho.com\/de\/","name":"Kortho - Deutschland","description":"Coding Competence","potentialAction":[{"@type":"SearchAction","target":{"@type":"EntryPoint","urlTemplate":"https:\/\/kortho.com\/de\/?s={search_term_string}"},"query-input":{"@type":"PropertyValueSpecification","valueRequired":true,"valueName":"search_term_string"}}],"inLanguage":"en-US"}]}},"aioseo_notices":[],"_links":{"self":[{"href":"https:\/\/kortho.com\/de\/wp-json\/wp\/v2\/pages\/281"}],"collection":[{"href":"https:\/\/kortho.com\/de\/wp-json\/wp\/v2\/pages"}],"about":[{"href":"https:\/\/kortho.com\/de\/wp-json\/wp\/v2\/types\/page"}],"author":[{"embeddable":true,"href":"https:\/\/kortho.com\/de\/wp-json\/wp\/v2\/users\/1"}],"replies":[{"embeddable":true,"href":"https:\/\/kortho.com\/de\/wp-json\/wp\/v2\/comments?post=281"}],"version-history":[{"count":5,"href":"https:\/\/kortho.com\/de\/wp-json\/wp\/v2\/pages\/281\/revisions"}],"predecessor-version":[{"id":4171,"href":"https:\/\/kortho.com\/de\/wp-json\/wp\/v2\/pages\/281\/revisions\/4171"}],"up":[{"embeddable":true,"href":"https:\/\/kortho.com\/de\/wp-json\/wp\/v2\/pages\/128"}],"wp:attachment":[{"href":"https:\/\/kortho.com\/de\/wp-json\/wp\/v2\/media?parent=281"}],"curies":[{"name":"wp","href":"https:\/\/api.w.org\/{rel}","templated":true}]}}