{"id":3778,"date":"2015-10-09T06:46:41","date_gmt":"2015-10-09T06:46:41","guid":{"rendered":"http:\/\/kortho.com\/nl\/?page_id=3778"},"modified":"2019-11-21T13:06:56","modified_gmt":"2019-11-21T13:06:56","slug":"offene-stellen","status":"publish","type":"page","link":"https:\/\/kortho.com\/de\/offene-stellen\/","title":{"rendered":"Stellenangebote &#8211; Offene Stellen"},"content":{"rendered":"<p><code><\/code>Offene Stellen : Stand Januar 2019<\/p>\n<p><img loading=\"lazy\" decoding=\"async\" class=\"wp-image-4604 alignleft\" src=\"http:\/\/kortho.com\/de\/wp-content\/uploads\/sites\/5\/2016\/06\/4-300x194.jpg\" alt=\"Offene Stellen bei Kortho Kennzeichnungssysteme Vertriebs-GmbH - Standort Paderborn Firmensitz\" width=\"436\" height=\"282\" srcset=\"https:\/\/kortho.com\/de\/wp-content\/uploads\/sites\/5\/2016\/06\/4-300x194.jpg 300w, https:\/\/kortho.com\/de\/wp-content\/uploads\/sites\/5\/2016\/06\/4-768x497.jpg 768w, https:\/\/kortho.com\/de\/wp-content\/uploads\/sites\/5\/2016\/06\/4-1024x662.jpg 1024w\" sizes=\"(max-width: 436px) 100vw, 436px\" \/><\/p>\n<p>&nbsp;<\/p>\n<p>&nbsp;<\/p>\n<p>&nbsp;<\/p>\n<p>&nbsp;<\/p>\n<p>&nbsp;<\/p>\n<p>&nbsp;<\/p>\n<p>&nbsp;<\/p>\n<p>&nbsp;<\/p>\n<blockquote><p><img loading=\"lazy\" decoding=\"async\" class=\"alignleft wp-image-3897\" src=\"http:\/\/kortho.com\/de\/wp-content\/uploads\/sites\/5\/2015\/11\/Kortho.png\" alt=\"\" width=\"25\" height=\"50\" \/><\/p><\/blockquote>\n<p>&nbsp;<\/p>\n<p>&nbsp;<\/p>\n<p>Hallo Bewerber, hallo Bewerberin.<\/p>\n<p>Wir freuen uns \u00fcber Dein Interesse an der Kortho Kennzeichnungssysteme Vertriebs GmbH. Seit mehr als 50 Jahren beraten wir unsere Kunden auf dem Gebiet der Kennzeichnungstechnik im deutschsprachigen Raum aus unserer Zentrale in Paderborn. Der au\u00dfergew\u00f6hnliche Teamgeist unserer Mitarbeiter, das hohe Know-How und die langj\u00e4hrige Erfahrung zeichnet uns ebenso aus, wie die Einbindung engagierter junger Neueinsteiger.<\/p>\n<p>Zu unseren Kompetenzen geh\u00f6ren industrielle Inkjetsysteme, Kleinschriftsysteme, Schabloniertechnik, Heisspr\u00e4gen und verschiedene Stempelsysteme. Von der Planung, \u00fcber die Installation eines optimalen Systems bis hin zum Service und der Wartung der Systeme &#8211; f\u00fcr unsere Kunden ist immer das Team von Kortho der Ansprechpartner. Stets kompetent, immer freundlich und zu 100% engagiert.<\/p>\n<p>Ob die Anwendung unserer Kunden Einzeldrucker ben\u00f6tigt, oder ob es sich um softwaregest\u00fctzte komplexe Anbindungen von diversen Kennzeichungssystemen in mehreren Produktionslinien handelt, die zentrale Datenbankabfragen verarbeiten. Wir haben die passenden L\u00f6sungen und die engagierten Mitarbeiter diese Projekte im Sinne des Kunden umzusetzen<\/p>\n<h2><\/h2>\n<p>Unser Team freut sich nicht nur auf diese Aufgaben, sondern auch auf kreative und engagierte Mitarbeiter in den verschiedenen Bereichen.<\/p>\n<h2><\/h2>\n<h2>Wir haben der Zeit f\u00fcr Paderborn folgende offene Stellen ausgeschrieben :<\/h2>\n<p><strong>Verwaltung:<\/strong><\/p>\n<ul>\n<li>Leider keine offene Stellen derzeit.<\/li>\n<\/ul>\n<p><strong>Technik \/ Programmierung:<\/strong><\/p>\n<ul>\n<li>Leider keine offene Stellen derzeit.<\/li>\n<\/ul>\n<p><strong>Vertrieb \/ Kundenmanagement:<\/strong><\/p>\n<ul>\n<li>Leider keine offene Stelle derzeit.<\/li>\n<\/ul>\n<p><strong>Ausbildungspl\u00e4tze f\u00fcr 2018:<\/strong><\/p>\n<ul>\n<li>Leider keine offene Stelle derzeit.<\/li>\n<\/ul>\n<h2><\/h2>\n<p>Es steht Dir aber frei uns Deine Bewerbungsunterlagen unverbindlich zukommen zu lassen. Gerne werden wir jede Bewerbung auf eine etwaige Verwendungsm\u00f6glichkeit in unserem Hause \u00fcberpr\u00fcfen. Habe bitte Verst\u00e4ndnis, dass wir papiergebundene Bewerbungen aus verwaltungstechnischen Gr\u00fcnden nicht wieder zur\u00fccksenden k\u00f6nnen, wenn Du keinen frankierten Briefumschlag mit sendest. Vielleicht sollen wir deine Bewerbung aber auch f\u00fcr einen sp\u00e4teren Zeitpunkt vormerken? Dann mache bitte einen entsprechenden Verweis, damit wir auf deine Bewerbung zur\u00fcckgreifen k\u00f6nnen und die Unterlagen bei uns ablegen k\u00f6nnen. Selbstverst\u00e4ndlich behandeln wir die Bewerbung zu jedem Zeitpunkt streng vertraulich.<\/p>\n<h1><\/h1>\n<p>&nbsp;<\/p>\n<p>&nbsp;<\/p>\n","protected":false},"excerpt":{"rendered":"<p>Offene Stellen : Stand Januar 2019 &nbsp; &nbsp; &nbsp; &nbsp; &nbsp; &nbsp; &nbsp; &nbsp; &nbsp; &nbsp; Hallo Bewerber, hallo Bewerberin.&hellip;<\/p>\n","protected":false},"author":1,"featured_media":0,"parent":0,"menu_order":10,"comment_status":"closed","ping_status":"closed","template":"page_children.php","meta":{"_monsterinsights_skip_tracking":false,"_monsterinsights_sitenote_active":false,"_monsterinsights_sitenote_note":"","_monsterinsights_sitenote_category":0,"footnotes":""},"class_list":["post-3778","page","type-page","status-publish","format-standard","hentry"],"yoast_head":"<!-- This site is optimized with the Yoast SEO plugin v23.6 - https:\/\/yoast.com\/wordpress\/plugins\/seo\/ -->\n<title>Offene Stellen bei Kortho Kennzeichnungssysteme Vertriebs GmbH<\/title>\n<meta name=\"description\" content=\"Offene Stellen bei Kortho Deutschland in Paderborn, dem Spezialisten von Kennzeichnungssystemen aller Bereiche. Bewerben Sie sich jetzt bei uns ...\" \/>\n<meta name=\"robots\" content=\"index, follow, max-snippet:-1, max-image-preview:large, max-video-preview:-1\" \/>\n<link rel=\"canonical\" href=\"https:\/\/kortho.com\/de\/offene-stellen\/\" \/>\n<meta property=\"og:locale\" content=\"en_US\" \/>\n<meta property=\"og:type\" content=\"article\" \/>\n<meta property=\"og:title\" content=\"Offene Stellen bei Kortho Kennzeichnungssysteme Vertriebs GmbH\" \/>\n<meta property=\"og:description\" content=\"Offene Stellen bei Kortho Deutschland in Paderborn, dem Spezialisten von Kennzeichnungssystemen aller Bereiche. Bewerben Sie sich jetzt bei uns ...\" \/>\n<meta property=\"og:url\" content=\"https:\/\/kortho.com\/de\/offene-stellen\/\" \/>\n<meta property=\"og:site_name\" content=\"Kortho - Deutschland\" \/>\n<meta property=\"article:modified_time\" content=\"2019-11-21T13:06:56+00:00\" \/>\n<meta property=\"og:image\" content=\"http:\/\/kortho.com\/de\/wp-content\/uploads\/sites\/5\/2016\/06\/4-300x194.jpg\" \/>\n<meta name=\"twitter:card\" content=\"summary_large_image\" \/>\n<meta name=\"twitter:label1\" content=\"Est. reading time\" \/>\n\t<meta name=\"twitter:data1\" content=\"2 minutes\" \/>\n<script type=\"application\/ld+json\" class=\"yoast-schema-graph\">{\"@context\":\"https:\/\/schema.org\",\"@graph\":[{\"@type\":\"WebPage\",\"@id\":\"https:\/\/kortho.com\/de\/offene-stellen\/\",\"url\":\"https:\/\/kortho.com\/de\/offene-stellen\/\",\"name\":\"Offene Stellen bei Kortho Kennzeichnungssysteme Vertriebs GmbH\",\"isPartOf\":{\"@id\":\"https:\/\/kortho.com\/de\/#website\"},\"primaryImageOfPage\":{\"@id\":\"https:\/\/kortho.com\/de\/offene-stellen\/#primaryimage\"},\"image\":{\"@id\":\"https:\/\/kortho.com\/de\/offene-stellen\/#primaryimage\"},\"thumbnailUrl\":\"http:\/\/kortho.com\/de\/wp-content\/uploads\/sites\/5\/2016\/06\/4-300x194.jpg\",\"datePublished\":\"2015-10-09T06:46:41+00:00\",\"dateModified\":\"2019-11-21T13:06:56+00:00\",\"description\":\"Offene Stellen bei Kortho Deutschland in Paderborn, dem Spezialisten von Kennzeichnungssystemen aller Bereiche. Bewerben Sie sich jetzt bei uns ...\",\"breadcrumb\":{\"@id\":\"https:\/\/kortho.com\/de\/offene-stellen\/#breadcrumb\"},\"inLanguage\":\"en-US\",\"potentialAction\":[{\"@type\":\"ReadAction\",\"target\":[\"https:\/\/kortho.com\/de\/offene-stellen\/\"]}]},{\"@type\":\"ImageObject\",\"inLanguage\":\"en-US\",\"@id\":\"https:\/\/kortho.com\/de\/offene-stellen\/#primaryimage\",\"url\":\"http:\/\/kortho.com\/de\/wp-content\/uploads\/sites\/5\/2016\/06\/4-300x194.jpg\",\"contentUrl\":\"http:\/\/kortho.com\/de\/wp-content\/uploads\/sites\/5\/2016\/06\/4-300x194.jpg\"},{\"@type\":\"BreadcrumbList\",\"@id\":\"https:\/\/kortho.com\/de\/offene-stellen\/#breadcrumb\",\"itemListElement\":[{\"@type\":\"ListItem\",\"position\":1,\"name\":\"Home\",\"item\":\"https:\/\/kortho.com\/de\/\"},{\"@type\":\"ListItem\",\"position\":2,\"name\":\"Stellenangebote &#8211; Offene Stellen\"}]},{\"@type\":\"WebSite\",\"@id\":\"https:\/\/kortho.com\/de\/#website\",\"url\":\"https:\/\/kortho.com\/de\/\",\"name\":\"Kortho - Deutschland\",\"description\":\"Coding Competence\",\"potentialAction\":[{\"@type\":\"SearchAction\",\"target\":{\"@type\":\"EntryPoint\",\"urlTemplate\":\"https:\/\/kortho.com\/de\/?s={search_term_string}\"},\"query-input\":{\"@type\":\"PropertyValueSpecification\",\"valueRequired\":true,\"valueName\":\"search_term_string\"}}],\"inLanguage\":\"en-US\"}]}<\/script>\n<!-- \/ Yoast SEO plugin. -->","yoast_head_json":{"title":"Offene Stellen bei Kortho Kennzeichnungssysteme Vertriebs GmbH","description":"Offene Stellen bei Kortho Deutschland in Paderborn, dem Spezialisten von Kennzeichnungssystemen aller Bereiche. Bewerben Sie sich jetzt bei uns ...","robots":{"index":"index","follow":"follow","max-snippet":"max-snippet:-1","max-image-preview":"max-image-preview:large","max-video-preview":"max-video-preview:-1"},"canonical":"https:\/\/kortho.com\/de\/offene-stellen\/","og_locale":"en_US","og_type":"article","og_title":"Offene Stellen bei Kortho Kennzeichnungssysteme Vertriebs GmbH","og_description":"Offene Stellen bei Kortho Deutschland in Paderborn, dem Spezialisten von Kennzeichnungssystemen aller Bereiche. Bewerben Sie sich jetzt bei uns ...","og_url":"https:\/\/kortho.com\/de\/offene-stellen\/","og_site_name":"Kortho - Deutschland","article_modified_time":"2019-11-21T13:06:56+00:00","og_image":[{"url":"http:\/\/kortho.com\/de\/wp-content\/uploads\/sites\/5\/2016\/06\/4-300x194.jpg"}],"twitter_card":"summary_large_image","twitter_misc":{"Est. reading time":"2 minutes"},"schema":{"@context":"https:\/\/schema.org","@graph":[{"@type":"WebPage","@id":"https:\/\/kortho.com\/de\/offene-stellen\/","url":"https:\/\/kortho.com\/de\/offene-stellen\/","name":"Offene Stellen bei Kortho Kennzeichnungssysteme Vertriebs GmbH","isPartOf":{"@id":"https:\/\/kortho.com\/de\/#website"},"primaryImageOfPage":{"@id":"https:\/\/kortho.com\/de\/offene-stellen\/#primaryimage"},"image":{"@id":"https:\/\/kortho.com\/de\/offene-stellen\/#primaryimage"},"thumbnailUrl":"http:\/\/kortho.com\/de\/wp-content\/uploads\/sites\/5\/2016\/06\/4-300x194.jpg","datePublished":"2015-10-09T06:46:41+00:00","dateModified":"2019-11-21T13:06:56+00:00","description":"Offene Stellen bei Kortho Deutschland in Paderborn, dem Spezialisten von Kennzeichnungssystemen aller Bereiche. Bewerben Sie sich jetzt bei uns ...","breadcrumb":{"@id":"https:\/\/kortho.com\/de\/offene-stellen\/#breadcrumb"},"inLanguage":"en-US","potentialAction":[{"@type":"ReadAction","target":["https:\/\/kortho.com\/de\/offene-stellen\/"]}]},{"@type":"ImageObject","inLanguage":"en-US","@id":"https:\/\/kortho.com\/de\/offene-stellen\/#primaryimage","url":"http:\/\/kortho.com\/de\/wp-content\/uploads\/sites\/5\/2016\/06\/4-300x194.jpg","contentUrl":"http:\/\/kortho.com\/de\/wp-content\/uploads\/sites\/5\/2016\/06\/4-300x194.jpg"},{"@type":"BreadcrumbList","@id":"https:\/\/kortho.com\/de\/offene-stellen\/#breadcrumb","itemListElement":[{"@type":"ListItem","position":1,"name":"Home","item":"https:\/\/kortho.com\/de\/"},{"@type":"ListItem","position":2,"name":"Stellenangebote &#8211; Offene Stellen"}]},{"@type":"WebSite","@id":"https:\/\/kortho.com\/de\/#website","url":"https:\/\/kortho.com\/de\/","name":"Kortho - Deutschland","description":"Coding Competence","potentialAction":[{"@type":"SearchAction","target":{"@type":"EntryPoint","urlTemplate":"https:\/\/kortho.com\/de\/?s={search_term_string}"},"query-input":{"@type":"PropertyValueSpecification","valueRequired":true,"valueName":"search_term_string"}}],"inLanguage":"en-US"}]}},"aioseo_notices":[],"_links":{"self":[{"href":"https:\/\/kortho.com\/de\/wp-json\/wp\/v2\/pages\/3778"}],"collection":[{"href":"https:\/\/kortho.com\/de\/wp-json\/wp\/v2\/pages"}],"about":[{"href":"https:\/\/kortho.com\/de\/wp-json\/wp\/v2\/types\/page"}],"author":[{"embeddable":true,"href":"https:\/\/kortho.com\/de\/wp-json\/wp\/v2\/users\/1"}],"replies":[{"embeddable":true,"href":"https:\/\/kortho.com\/de\/wp-json\/wp\/v2\/comments?post=3778"}],"version-history":[{"count":35,"href":"https:\/\/kortho.com\/de\/wp-json\/wp\/v2\/pages\/3778\/revisions"}],"predecessor-version":[{"id":5000,"href":"https:\/\/kortho.com\/de\/wp-json\/wp\/v2\/pages\/3778\/revisions\/5000"}],"wp:attachment":[{"href":"https:\/\/kortho.com\/de\/wp-json\/wp\/v2\/media?parent=3778"}],"curies":[{"name":"wp","href":"https:\/\/api.w.org\/{rel}","templated":true}]}}