{"id":390,"date":"2015-01-11T19:30:19","date_gmt":"2015-01-11T19:30:19","guid":{"rendered":"http:\/\/jaspervandermeij.nl\/kortho\/nl\/?page_id=390"},"modified":"2016-06-28T09:55:25","modified_gmt":"2016-06-28T09:55:25","slug":"komplettlosungen","status":"publish","type":"page","link":"https:\/\/kortho.com\/de\/losungen\/produktionsschritte\/komplettlosungen\/","title":{"rendered":"Komplettl\u00f6sungen"},"content":{"rendered":"<p><img loading=\"lazy\" decoding=\"async\" class=\"alignleft size-full wp-image-2159\" src=\"http:\/\/kortho.com\/wp-content\/uploads\/2015\/01\/Productielijn-totaal.jpg\" alt=\"Productielijn-totaal\" width=\"840\" height=\"138\" srcset=\"https:\/\/kortho.com\/de\/wp-content\/uploads\/sites\/5\/2015\/01\/Productielijn-totaal.jpg 840w, https:\/\/kortho.com\/de\/wp-content\/uploads\/sites\/5\/2015\/01\/Productielijn-totaal-300x49.jpg 300w\" sizes=\"(max-width: 840px) 100vw, 840px\" \/><\/p>\n<p>&nbsp;<\/p>\n<h1>Vollst\u00e4ndige Fertigungsliniencodierung<\/h1>\n<p>Kortho bietet eine Vielzahl an Codierungsm\u00f6glichkeiten f\u00fcr jede Stufe des Verpackungsprozesses an. Abh\u00e4ngig vom Budget, variierenden oder nicht-variierenden Drucken, Arbeitsplatzumgebung oder Material, ist immer die am besten geeignete L\u00f6sung verf\u00fcgbar \u2013 von der 100% mechanischen Kontaktcodierung bis zur zentralen, digital gesteuerten Inkjet- und Thermodruckercodierung.<\/p>\n<p>Kortho ist der Partner f\u00fcr Hardware, Software und Integration und verf\u00fcgt \u00fcber die am besten geeignete \u201cPlug-and-Play\u201d-L\u00f6sung und dem zugeh\u00f6rigen Service.<\/p>\n<p><img loading=\"lazy\" decoding=\"async\" class=\"alignleft wp-image-4311 size-full\" src=\"http:\/\/kortho.com\/de\/wp-content\/uploads\/sites\/5\/2016\/05\/Komplettloesungen-840x-280-versie-2.png\" alt=\"\" width=\"840\" height=\"280\" srcset=\"https:\/\/kortho.com\/de\/wp-content\/uploads\/sites\/5\/2016\/05\/Komplettloesungen-840x-280-versie-2.png 840w, https:\/\/kortho.com\/de\/wp-content\/uploads\/sites\/5\/2016\/05\/Komplettloesungen-840x-280-versie-2-300x100.png 300w, https:\/\/kortho.com\/de\/wp-content\/uploads\/sites\/5\/2016\/05\/Komplettloesungen-840x-280-versie-2-768x256.png 768w\" sizes=\"(max-width: 840px) 100vw, 840px\" \/><\/p>\n<p>&nbsp;<\/p>\n<h2>Die am h\u00e4ufigsten verwendeten Codierungstechniken<\/h2>\n<ul>\n<li><span style=\"text-decoration: underline;color: #0000ff\"><a style=\"color: #0000ff;text-decoration: underline\" title=\"CIJ\" href=\"http:\/\/kortho.com\/de\/losungen\/kennzeichnungsgerate\/kleinschriftdrucker-cij\/\" target=\"_blank\">Kleinschriftdrucker (CIJ)<\/a><\/span><\/li>\n<li><span style=\"text-decoration: underline\"><span style=\"color: #0000ff\"><a style=\"color: #0000ff;text-decoration: underline\" title=\"TTO\" href=\"http:\/\/kortho.com\/de\/losungen\/kennzeichnungsgerate\/warme-ubertragung-thermotransfer-tto\/\" target=\"_blank\">Thermotransferdrucker (TTO)<\/a><\/span><\/span><\/li>\n<li><span style=\"text-decoration: underline\"><span style=\"color: #0000ff\"><a style=\"color: #0000ff;text-decoration: underline\" title=\"Hot Quickcoder\" href=\"http:\/\/kortho.com\/de\/losungen\/kennzeichnungsgerate\/heisswachstinten\/\" target=\"_blank\">Heisswachstinten<\/a><\/span><\/span><\/li>\n<li><span style=\"text-decoration: underline;color: #0000ff\"><a style=\"color: #0000ff;text-decoration: underline\" title=\"Hotprint\" href=\"http:\/\/kortho.com\/de\/losungen\/kennzeichnungsgerate\/heisspragen\/\" target=\"_blank\">Heisspr\u00e4gen<\/a><\/span><\/li>\n<li><span style=\"text-decoration: underline;color: #0000ff\"><a style=\"color: #0000ff;text-decoration: underline\" title=\"Hi-Res Inkjet\" href=\"http:\/\/kortho.com\/de\/losungen\/kennzeichnungsgerate\/hi-res-inkjet\/\" target=\"_blank\">Hi-Res Inkjet<\/a><\/span><\/li>\n<li><a title=\"Rolcoder\" href=\"http:\/\/kortho.com\/de\/losungen\/kennzeichnungsgerate\/rollcoder\/\" target=\"_blank\"><span style=\"text-decoration: underline\"><span style=\"color: #0000ff;text-decoration: underline\">Rollcoder<\/span><\/span><\/a><\/li>\n<li><span style=\"text-decoration: underline\"><span style=\"color: #0000ff\"><a style=\"color: #0000ff;text-decoration: underline\" title=\"Industri\u00eble Markers\" href=\"http:\/\/kortho.com\/de\/losungen\/kennzeichnungsgerate\/industriemarker\/\" target=\"_blank\">Industriemarker<\/a><\/span><\/span><\/li>\n<li><a title=\"Sjabloneren\" href=\"http:\/\/kortho.com\/de\/losungen\/kennzeichnungsgerate\/schablonenmarkierung\/\" target=\"_blank\"><span style=\"text-decoration: underline\"><span style=\"color: #0000ff;text-decoration: underline\">Schablonenmarkierung<\/span><\/span><\/a><\/li>\n<\/ul>\n<p>&nbsp;<\/p>\n","protected":false},"excerpt":{"rendered":"<p>&nbsp; Vollst\u00e4ndige Fertigungsliniencodierung Kortho bietet eine Vielzahl an Codierungsm\u00f6glichkeiten f\u00fcr jede Stufe des Verpackungsprozesses an. Abh\u00e4ngig vom Budget, variierenden oder&hellip;<\/p>\n","protected":false},"author":1,"featured_media":2195,"parent":161,"menu_order":4,"comment_status":"closed","ping_status":"closed","template":"page_taxonomy_child.php","meta":{"_monsterinsights_skip_tracking":false,"_monsterinsights_sitenote_active":false,"_monsterinsights_sitenote_note":"","_monsterinsights_sitenote_category":0,"footnotes":""},"class_list":["post-390","page","type-page","status-publish","format-standard","has-post-thumbnail","hentry"],"yoast_head":"<!-- This site is optimized with the Yoast SEO plugin v23.6 - https:\/\/yoast.com\/wordpress\/plugins\/seo\/ -->\n<title>Komplettl\u00f6sungen - Kortho - Deutschland<\/title>\n<meta name=\"robots\" content=\"index, follow, max-snippet:-1, max-image-preview:large, max-video-preview:-1\" \/>\n<link rel=\"canonical\" href=\"https:\/\/kortho.com\/de\/losungen\/produktionsschritte\/komplettlosungen\/\" \/>\n<meta property=\"og:locale\" content=\"en_US\" \/>\n<meta property=\"og:type\" content=\"article\" \/>\n<meta property=\"og:title\" content=\"Komplettl\u00f6sungen - Kortho - Deutschland\" \/>\n<meta property=\"og:description\" content=\"&nbsp; Vollst\u00e4ndige Fertigungsliniencodierung Kortho bietet eine Vielzahl an Codierungsm\u00f6glichkeiten f\u00fcr jede Stufe des Verpackungsprozesses an. Abh\u00e4ngig vom Budget, variierenden oder&hellip;\" \/>\n<meta property=\"og:url\" content=\"https:\/\/kortho.com\/de\/losungen\/produktionsschritte\/komplettlosungen\/\" \/>\n<meta property=\"og:site_name\" content=\"Kortho - Deutschland\" \/>\n<meta property=\"article:modified_time\" content=\"2016-06-28T09:55:25+00:00\" \/>\n<meta property=\"og:image\" content=\"https:\/\/kortho.com\/de\/wp-content\/uploads\/sites\/5\/2015\/07\/PRISECTER-totaal.jpg\" \/>\n\t<meta property=\"og:image:width\" content=\"280\" \/>\n\t<meta property=\"og:image:height\" content=\"280\" \/>\n\t<meta property=\"og:image:type\" content=\"image\/jpeg\" \/>\n<meta name=\"twitter:card\" content=\"summary_large_image\" \/>\n<script type=\"application\/ld+json\" class=\"yoast-schema-graph\">{\"@context\":\"https:\/\/schema.org\",\"@graph\":[{\"@type\":\"WebPage\",\"@id\":\"https:\/\/kortho.com\/de\/losungen\/produktionsschritte\/komplettlosungen\/\",\"url\":\"https:\/\/kortho.com\/de\/losungen\/produktionsschritte\/komplettlosungen\/\",\"name\":\"Komplettl\u00f6sungen - Kortho - Deutschland\",\"isPartOf\":{\"@id\":\"https:\/\/kortho.com\/de\/#website\"},\"primaryImageOfPage\":{\"@id\":\"https:\/\/kortho.com\/de\/losungen\/produktionsschritte\/komplettlosungen\/#primaryimage\"},\"image\":{\"@id\":\"https:\/\/kortho.com\/de\/losungen\/produktionsschritte\/komplettlosungen\/#primaryimage\"},\"thumbnailUrl\":\"https:\/\/kortho.com\/de\/wp-content\/uploads\/sites\/5\/2015\/07\/PRISECTER-totaal.jpg\",\"datePublished\":\"2015-01-11T19:30:19+00:00\",\"dateModified\":\"2016-06-28T09:55:25+00:00\",\"breadcrumb\":{\"@id\":\"https:\/\/kortho.com\/de\/losungen\/produktionsschritte\/komplettlosungen\/#breadcrumb\"},\"inLanguage\":\"en-US\",\"potentialAction\":[{\"@type\":\"ReadAction\",\"target\":[\"https:\/\/kortho.com\/de\/losungen\/produktionsschritte\/komplettlosungen\/\"]}]},{\"@type\":\"ImageObject\",\"inLanguage\":\"en-US\",\"@id\":\"https:\/\/kortho.com\/de\/losungen\/produktionsschritte\/komplettlosungen\/#primaryimage\",\"url\":\"https:\/\/kortho.com\/de\/wp-content\/uploads\/sites\/5\/2015\/07\/PRISECTER-totaal.jpg\",\"contentUrl\":\"https:\/\/kortho.com\/de\/wp-content\/uploads\/sites\/5\/2015\/07\/PRISECTER-totaal.jpg\",\"width\":280,\"height\":280},{\"@type\":\"BreadcrumbList\",\"@id\":\"https:\/\/kortho.com\/de\/losungen\/produktionsschritte\/komplettlosungen\/#breadcrumb\",\"itemListElement\":[{\"@type\":\"ListItem\",\"position\":1,\"name\":\"Home\",\"item\":\"https:\/\/kortho.com\/de\/\"},{\"@type\":\"ListItem\",\"position\":2,\"name\":\"L\u00f6sungen\",\"item\":\"https:\/\/kortho.com\/de\/losungen\/\"},{\"@type\":\"ListItem\",\"position\":3,\"name\":\"Produktionsschritte\",\"item\":\"https:\/\/kortho.com\/de\/losungen\/produktionsschritte\/\"},{\"@type\":\"ListItem\",\"position\":4,\"name\":\"Komplettl\u00f6sungen\"}]},{\"@type\":\"WebSite\",\"@id\":\"https:\/\/kortho.com\/de\/#website\",\"url\":\"https:\/\/kortho.com\/de\/\",\"name\":\"Kortho - Deutschland\",\"description\":\"Coding Competence\",\"potentialAction\":[{\"@type\":\"SearchAction\",\"target\":{\"@type\":\"EntryPoint\",\"urlTemplate\":\"https:\/\/kortho.com\/de\/?s={search_term_string}\"},\"query-input\":{\"@type\":\"PropertyValueSpecification\",\"valueRequired\":true,\"valueName\":\"search_term_string\"}}],\"inLanguage\":\"en-US\"}]}<\/script>\n<!-- \/ Yoast SEO plugin. -->","yoast_head_json":{"title":"Komplettl\u00f6sungen - Kortho - Deutschland","robots":{"index":"index","follow":"follow","max-snippet":"max-snippet:-1","max-image-preview":"max-image-preview:large","max-video-preview":"max-video-preview:-1"},"canonical":"https:\/\/kortho.com\/de\/losungen\/produktionsschritte\/komplettlosungen\/","og_locale":"en_US","og_type":"article","og_title":"Komplettl\u00f6sungen - Kortho - Deutschland","og_description":"&nbsp; Vollst\u00e4ndige Fertigungsliniencodierung Kortho bietet eine Vielzahl an Codierungsm\u00f6glichkeiten f\u00fcr jede Stufe des Verpackungsprozesses an. Abh\u00e4ngig vom Budget, variierenden oder&hellip;","og_url":"https:\/\/kortho.com\/de\/losungen\/produktionsschritte\/komplettlosungen\/","og_site_name":"Kortho - Deutschland","article_modified_time":"2016-06-28T09:55:25+00:00","og_image":[{"width":280,"height":280,"url":"https:\/\/kortho.com\/de\/wp-content\/uploads\/sites\/5\/2015\/07\/PRISECTER-totaal.jpg","type":"image\/jpeg"}],"twitter_card":"summary_large_image","schema":{"@context":"https:\/\/schema.org","@graph":[{"@type":"WebPage","@id":"https:\/\/kortho.com\/de\/losungen\/produktionsschritte\/komplettlosungen\/","url":"https:\/\/kortho.com\/de\/losungen\/produktionsschritte\/komplettlosungen\/","name":"Komplettl\u00f6sungen - Kortho - Deutschland","isPartOf":{"@id":"https:\/\/kortho.com\/de\/#website"},"primaryImageOfPage":{"@id":"https:\/\/kortho.com\/de\/losungen\/produktionsschritte\/komplettlosungen\/#primaryimage"},"image":{"@id":"https:\/\/kortho.com\/de\/losungen\/produktionsschritte\/komplettlosungen\/#primaryimage"},"thumbnailUrl":"https:\/\/kortho.com\/de\/wp-content\/uploads\/sites\/5\/2015\/07\/PRISECTER-totaal.jpg","datePublished":"2015-01-11T19:30:19+00:00","dateModified":"2016-06-28T09:55:25+00:00","breadcrumb":{"@id":"https:\/\/kortho.com\/de\/losungen\/produktionsschritte\/komplettlosungen\/#breadcrumb"},"inLanguage":"en-US","potentialAction":[{"@type":"ReadAction","target":["https:\/\/kortho.com\/de\/losungen\/produktionsschritte\/komplettlosungen\/"]}]},{"@type":"ImageObject","inLanguage":"en-US","@id":"https:\/\/kortho.com\/de\/losungen\/produktionsschritte\/komplettlosungen\/#primaryimage","url":"https:\/\/kortho.com\/de\/wp-content\/uploads\/sites\/5\/2015\/07\/PRISECTER-totaal.jpg","contentUrl":"https:\/\/kortho.com\/de\/wp-content\/uploads\/sites\/5\/2015\/07\/PRISECTER-totaal.jpg","width":280,"height":280},{"@type":"BreadcrumbList","@id":"https:\/\/kortho.com\/de\/losungen\/produktionsschritte\/komplettlosungen\/#breadcrumb","itemListElement":[{"@type":"ListItem","position":1,"name":"Home","item":"https:\/\/kortho.com\/de\/"},{"@type":"ListItem","position":2,"name":"L\u00f6sungen","item":"https:\/\/kortho.com\/de\/losungen\/"},{"@type":"ListItem","position":3,"name":"Produktionsschritte","item":"https:\/\/kortho.com\/de\/losungen\/produktionsschritte\/"},{"@type":"ListItem","position":4,"name":"Komplettl\u00f6sungen"}]},{"@type":"WebSite","@id":"https:\/\/kortho.com\/de\/#website","url":"https:\/\/kortho.com\/de\/","name":"Kortho - Deutschland","description":"Coding Competence","potentialAction":[{"@type":"SearchAction","target":{"@type":"EntryPoint","urlTemplate":"https:\/\/kortho.com\/de\/?s={search_term_string}"},"query-input":{"@type":"PropertyValueSpecification","valueRequired":true,"valueName":"search_term_string"}}],"inLanguage":"en-US"}]}},"aioseo_notices":[],"_links":{"self":[{"href":"https:\/\/kortho.com\/de\/wp-json\/wp\/v2\/pages\/390"}],"collection":[{"href":"https:\/\/kortho.com\/de\/wp-json\/wp\/v2\/pages"}],"about":[{"href":"https:\/\/kortho.com\/de\/wp-json\/wp\/v2\/types\/page"}],"author":[{"embeddable":true,"href":"https:\/\/kortho.com\/de\/wp-json\/wp\/v2\/users\/1"}],"replies":[{"embeddable":true,"href":"https:\/\/kortho.com\/de\/wp-json\/wp\/v2\/comments?post=390"}],"version-history":[{"count":36,"href":"https:\/\/kortho.com\/de\/wp-json\/wp\/v2\/pages\/390\/revisions"}],"predecessor-version":[{"id":4692,"href":"https:\/\/kortho.com\/de\/wp-json\/wp\/v2\/pages\/390\/revisions\/4692"}],"up":[{"embeddable":true,"href":"https:\/\/kortho.com\/de\/wp-json\/wp\/v2\/pages\/161"}],"wp:featuredmedia":[{"embeddable":true,"href":"https:\/\/kortho.com\/de\/wp-json\/wp\/v2\/media\/2195"}],"wp:attachment":[{"href":"https:\/\/kortho.com\/de\/wp-json\/wp\/v2\/media?parent=390"}],"curies":[{"name":"wp","href":"https:\/\/api.w.org\/{rel}","templated":true}]}}