{"id":397,"date":"2015-01-11T19:37:35","date_gmt":"2015-01-11T19:37:35","guid":{"rendered":"http:\/\/jaspervandermeij.nl\/kortho\/nl\/?page_id=397"},"modified":"2016-06-13T12:17:09","modified_gmt":"2016-06-13T12:17:09","slug":"nie-mehr-kennzeichnungsfehler","status":"publish","type":"page","link":"https:\/\/kortho.com\/de\/losungen\/automatisierung\/nie-mehr-kennzeichnungsfehler\/","title":{"rendered":"Nie wieder Kennzeichnungsfehler"},"content":{"rendered":"<h1><img loading=\"lazy\" decoding=\"async\" class=\"alignleft wp-image-4367 size-full\" src=\"http:\/\/kortho.com\/de\/wp-content\/uploads\/sites\/5\/2016\/05\/Balk-REJECTED-Kortho-AUSGEWORFEN-1.png\" alt=\"\" width=\"276\" height=\"138\" \/> <img loading=\"lazy\" decoding=\"async\" class=\"alignleft size-full wp-image-1611\" src=\"http:\/\/kortho.com\/wp-content\/uploads\/2015\/07\/Balk-REJECTED-Kortho-Approved-2.jpg\" alt=\"Balk-REJECTED--Kortho--Approved---2\" width=\"276\" height=\"138\" \/> <img loading=\"lazy\" decoding=\"async\" class=\"alignleft wp-image-4366 size-full\" src=\"http:\/\/kortho.com\/de\/wp-content\/uploads\/sites\/5\/2016\/05\/Balk-REJECTED-Kortho-In-ordnung-3.png\" alt=\"\" width=\"276\" height=\"137\" \/><\/h1>\n<h1><\/h1>\n<h1><\/h1>\n<h1>Nie mehr Kennzeichnungsfehler<\/h1>\n<p>Produktr\u00fcckrufe oder Fehldrucke bei Umverpackungen aufgrund von Codierungsfehlern sind sehr kostspielig, zeitintensiv und k\u00f6nnen Reputationen besch\u00e4digen.<\/p>\n<p>Kortho kann Ihnen dabei helfen, spezifische Ursachen von <strong>Codierungsfehlern dauerhaft auszuschlie\u00dfen<\/strong>. Neben der Vermeidung von mechanischen Ursachen, durch den Einsatz unserer Systeme,\u00a0 liegen weitere Vorteile im Einsatz von spezieller Software, der einfachen Bedienbarkeit\u00a0 und der simplen Integration der Ger\u00e4te. Dieses schlie\u00dft den kompletten Druckprozess ein und hilft dabei, menschliche Fehler oder Prozessfehler, durch Automatisierung \u00a0zu vermeiden.<\/p>\n<h2>Vollst\u00e4ndige, kundenspezifische L\u00f6sungen, aber wie ein Standardprodukt ab Lager verf\u00fcgbar<\/h2>\n<p>Kortho ist weitaus mehr als ein reiner Hardwarelieferant f\u00fcr Kennzeichnungssysteme.<\/p>\n<p>Hardware, Software, Benutzerschulung und die Integration des Systems in Ihren Produktionsprozess sind gleichwertige Komponenten f\u00fcr einen reibungslosen Produktionsablauf. Hierbei ist es ein gro\u00dfer Vorteil, dass unser Portfolio aufeinander abgestimmt ist, aber trotzdem modular eingesetzt werden kann.<br \/>\nOptimale Ergebnisse erzielen Sie mit unseren Komplettl\u00f6sungen, aber auch der Einsatz externer Etikettensoftware, ERP-Anbindung oder die\u00a0 Integration (optisch\/abwiegend) von Steuerungsequipment ist unproblematisch m\u00f6glich.<br \/>\nSicherheit bei der Codierung Ihrer Produkte ist eines unserer Hauptziele, denn Ihre fehlerfreie Codierung ist unser Gewinn.<\/p>\n<p>&nbsp;<\/p>\n<p><img loading=\"lazy\" decoding=\"async\" class=\"alignleft wp-image-4371 size-full\" src=\"http:\/\/kortho.com\/de\/wp-content\/uploads\/sites\/5\/2015\/01\/Nie-mehr-Kennzeichnungsfehler.png\" alt=\"\" width=\"840\" height=\"279\" srcset=\"https:\/\/kortho.com\/de\/wp-content\/uploads\/sites\/5\/2015\/01\/Nie-mehr-Kennzeichnungsfehler.png 840w, https:\/\/kortho.com\/de\/wp-content\/uploads\/sites\/5\/2015\/01\/Nie-mehr-Kennzeichnungsfehler-300x100.png 300w, https:\/\/kortho.com\/de\/wp-content\/uploads\/sites\/5\/2015\/01\/Nie-mehr-Kennzeichnungsfehler-768x255.png 768w\" sizes=\"(max-width: 840px) 100vw, 840px\" \/><\/p>\n<p>&nbsp;<\/p>\n<p>&nbsp;<\/p>\n<p>&nbsp;<\/p>\n<p>&nbsp;<\/p>\n<p>&nbsp;<\/p>\n<p>&nbsp;<\/p>\n<p>&nbsp;<\/p>\n<p>&nbsp;<\/p>\n<p>&nbsp;<\/p>\n<h3>Downloads<\/h3>\n<ul>\n<li>Drivers: <span style=\"text-decoration: underline\"><span style=\"color: #0000ff\"><a style=\"color: #0000ff;text-decoration: underline\" href=\"http:\/\/www.nicelabel.com\/downloads\/nicedrivers\/kortho\/?uid=00094\" target=\"_blank\">Kortho<\/a><\/span><\/span><span style=\"text-decoration: underline\"><span style=\"color: #0000ff\">\u00a0<\/span><\/span> &amp; <span style=\"text-decoration: underline;color: #0000ff\"><a style=\"color: #0000ff;text-decoration: underline\" href=\"http:\/\/www.nicelabel.com\/downloads\/nicedrivers\/cab\/?uid=00094\" target=\"_blank\">Cab<\/a><\/span>\u00a0&amp; <span style=\"text-decoration: underline\"><span style=\"color: #0000ff\"><a style=\"color: #0000ff;text-decoration: underline\" href=\"http:\/\/www.nicelabel.com\/downloads\/nicedrivers\/avery\/?uid=00094\" target=\"_blank\">Avery<\/a><\/span><\/span><\/li>\n<li>Software: <span style=\"text-decoration: underline\"><a href=\"http:\/\/www.nicelabel.com\/downloads\/all-software-downloads\/?uid=00094\" target=\"_blank\"><span style=\"color: #0000ff;text-decoration: underline\">Nicelabel Label Management Software<\/span><\/a><\/span><\/li>\n<li>Leaflet:\u00a0<span style=\"text-decoration: underline\"><span style=\"color: #0000ff\"><a style=\"color: #0000ff;text-decoration: underline\" href=\"http:\/\/kortho.com\/wp-content\/uploads\/2015\/07\/Kortho-Sluit-Codeerfouten-uit-Automatiseer-in-3-stappen-Hoe-werkt-het-16-06-15.pdf\">Kortho NOG AAN TE PASSEN\u00a0 Software leaflet<\/a><\/span><\/span><\/li>\n<\/ul>\n","protected":false},"excerpt":{"rendered":"<p>Nie mehr Kennzeichnungsfehler Produktr\u00fcckrufe oder Fehldrucke bei Umverpackungen aufgrund von Codierungsfehlern sind sehr kostspielig, zeitintensiv und k\u00f6nnen Reputationen besch\u00e4digen. Kortho&hellip;<\/p>\n","protected":false},"author":1,"featured_media":4373,"parent":394,"menu_order":2,"comment_status":"closed","ping_status":"closed","template":"page_taxonomy_child.php","meta":{"_monsterinsights_skip_tracking":false,"_monsterinsights_sitenote_active":false,"_monsterinsights_sitenote_note":"","_monsterinsights_sitenote_category":0,"footnotes":""},"class_list":["post-397","page","type-page","status-publish","format-standard","has-post-thumbnail","hentry"],"yoast_head":"<!-- This site is optimized with the Yoast SEO plugin v23.6 - https:\/\/yoast.com\/wordpress\/plugins\/seo\/ -->\n<title>Nie wieder Kennzeichnungsfehler - Kortho - Deutschland<\/title>\n<meta name=\"robots\" content=\"index, follow, max-snippet:-1, max-image-preview:large, max-video-preview:-1\" \/>\n<link rel=\"canonical\" href=\"https:\/\/kortho.com\/de\/losungen\/automatisierung\/nie-mehr-kennzeichnungsfehler\/\" \/>\n<meta property=\"og:locale\" content=\"en_US\" \/>\n<meta property=\"og:type\" content=\"article\" \/>\n<meta property=\"og:title\" content=\"Nie wieder Kennzeichnungsfehler - Kortho - Deutschland\" \/>\n<meta property=\"og:description\" content=\"Nie mehr Kennzeichnungsfehler Produktr\u00fcckrufe oder Fehldrucke bei Umverpackungen aufgrund von Codierungsfehlern sind sehr kostspielig, zeitintensiv und k\u00f6nnen Reputationen besch\u00e4digen. Kortho&hellip;\" \/>\n<meta property=\"og:url\" content=\"https:\/\/kortho.com\/de\/losungen\/automatisierung\/nie-mehr-kennzeichnungsfehler\/\" \/>\n<meta property=\"og:site_name\" content=\"Kortho - Deutschland\" \/>\n<meta property=\"article:modified_time\" content=\"2016-06-13T12:17:09+00:00\" \/>\n<meta property=\"og:image\" content=\"https:\/\/kortho.com\/de\/wp-content\/uploads\/sites\/5\/2016\/05\/Nie-mehr-Kennzeichnungsfehler-280-280.png\" \/>\n\t<meta property=\"og:image:width\" content=\"280\" \/>\n\t<meta property=\"og:image:height\" content=\"279\" \/>\n\t<meta property=\"og:image:type\" content=\"image\/png\" \/>\n<meta name=\"twitter:card\" content=\"summary_large_image\" \/>\n<meta name=\"twitter:label1\" content=\"Est. reading time\" \/>\n\t<meta name=\"twitter:data1\" content=\"1 minute\" \/>\n<script type=\"application\/ld+json\" class=\"yoast-schema-graph\">{\"@context\":\"https:\/\/schema.org\",\"@graph\":[{\"@type\":\"WebPage\",\"@id\":\"https:\/\/kortho.com\/de\/losungen\/automatisierung\/nie-mehr-kennzeichnungsfehler\/\",\"url\":\"https:\/\/kortho.com\/de\/losungen\/automatisierung\/nie-mehr-kennzeichnungsfehler\/\",\"name\":\"Nie wieder Kennzeichnungsfehler - Kortho - Deutschland\",\"isPartOf\":{\"@id\":\"https:\/\/kortho.com\/de\/#website\"},\"primaryImageOfPage\":{\"@id\":\"https:\/\/kortho.com\/de\/losungen\/automatisierung\/nie-mehr-kennzeichnungsfehler\/#primaryimage\"},\"image\":{\"@id\":\"https:\/\/kortho.com\/de\/losungen\/automatisierung\/nie-mehr-kennzeichnungsfehler\/#primaryimage\"},\"thumbnailUrl\":\"https:\/\/kortho.com\/de\/wp-content\/uploads\/sites\/5\/2016\/05\/Nie-mehr-Kennzeichnungsfehler-280-280.png\",\"datePublished\":\"2015-01-11T19:37:35+00:00\",\"dateModified\":\"2016-06-13T12:17:09+00:00\",\"breadcrumb\":{\"@id\":\"https:\/\/kortho.com\/de\/losungen\/automatisierung\/nie-mehr-kennzeichnungsfehler\/#breadcrumb\"},\"inLanguage\":\"en-US\",\"potentialAction\":[{\"@type\":\"ReadAction\",\"target\":[\"https:\/\/kortho.com\/de\/losungen\/automatisierung\/nie-mehr-kennzeichnungsfehler\/\"]}]},{\"@type\":\"ImageObject\",\"inLanguage\":\"en-US\",\"@id\":\"https:\/\/kortho.com\/de\/losungen\/automatisierung\/nie-mehr-kennzeichnungsfehler\/#primaryimage\",\"url\":\"https:\/\/kortho.com\/de\/wp-content\/uploads\/sites\/5\/2016\/05\/Nie-mehr-Kennzeichnungsfehler-280-280.png\",\"contentUrl\":\"https:\/\/kortho.com\/de\/wp-content\/uploads\/sites\/5\/2016\/05\/Nie-mehr-Kennzeichnungsfehler-280-280.png\",\"width\":280,\"height\":279},{\"@type\":\"BreadcrumbList\",\"@id\":\"https:\/\/kortho.com\/de\/losungen\/automatisierung\/nie-mehr-kennzeichnungsfehler\/#breadcrumb\",\"itemListElement\":[{\"@type\":\"ListItem\",\"position\":1,\"name\":\"Home\",\"item\":\"https:\/\/kortho.com\/de\/\"},{\"@type\":\"ListItem\",\"position\":2,\"name\":\"L\u00f6sungen\",\"item\":\"https:\/\/kortho.com\/de\/losungen\/\"},{\"@type\":\"ListItem\",\"position\":3,\"name\":\"Software\",\"item\":\"https:\/\/kortho.com\/de\/losungen\/automatisierung\/\"},{\"@type\":\"ListItem\",\"position\":4,\"name\":\"Nie wieder Kennzeichnungsfehler\"}]},{\"@type\":\"WebSite\",\"@id\":\"https:\/\/kortho.com\/de\/#website\",\"url\":\"https:\/\/kortho.com\/de\/\",\"name\":\"Kortho - Deutschland\",\"description\":\"Coding Competence\",\"potentialAction\":[{\"@type\":\"SearchAction\",\"target\":{\"@type\":\"EntryPoint\",\"urlTemplate\":\"https:\/\/kortho.com\/de\/?s={search_term_string}\"},\"query-input\":{\"@type\":\"PropertyValueSpecification\",\"valueRequired\":true,\"valueName\":\"search_term_string\"}}],\"inLanguage\":\"en-US\"}]}<\/script>\n<!-- \/ Yoast SEO plugin. -->","yoast_head_json":{"title":"Nie wieder Kennzeichnungsfehler - Kortho - Deutschland","robots":{"index":"index","follow":"follow","max-snippet":"max-snippet:-1","max-image-preview":"max-image-preview:large","max-video-preview":"max-video-preview:-1"},"canonical":"https:\/\/kortho.com\/de\/losungen\/automatisierung\/nie-mehr-kennzeichnungsfehler\/","og_locale":"en_US","og_type":"article","og_title":"Nie wieder Kennzeichnungsfehler - Kortho - Deutschland","og_description":"Nie mehr Kennzeichnungsfehler Produktr\u00fcckrufe oder Fehldrucke bei Umverpackungen aufgrund von Codierungsfehlern sind sehr kostspielig, zeitintensiv und k\u00f6nnen Reputationen besch\u00e4digen. Kortho&hellip;","og_url":"https:\/\/kortho.com\/de\/losungen\/automatisierung\/nie-mehr-kennzeichnungsfehler\/","og_site_name":"Kortho - Deutschland","article_modified_time":"2016-06-13T12:17:09+00:00","og_image":[{"width":280,"height":279,"url":"https:\/\/kortho.com\/de\/wp-content\/uploads\/sites\/5\/2016\/05\/Nie-mehr-Kennzeichnungsfehler-280-280.png","type":"image\/png"}],"twitter_card":"summary_large_image","twitter_misc":{"Est. reading time":"1 minute"},"schema":{"@context":"https:\/\/schema.org","@graph":[{"@type":"WebPage","@id":"https:\/\/kortho.com\/de\/losungen\/automatisierung\/nie-mehr-kennzeichnungsfehler\/","url":"https:\/\/kortho.com\/de\/losungen\/automatisierung\/nie-mehr-kennzeichnungsfehler\/","name":"Nie wieder Kennzeichnungsfehler - Kortho - Deutschland","isPartOf":{"@id":"https:\/\/kortho.com\/de\/#website"},"primaryImageOfPage":{"@id":"https:\/\/kortho.com\/de\/losungen\/automatisierung\/nie-mehr-kennzeichnungsfehler\/#primaryimage"},"image":{"@id":"https:\/\/kortho.com\/de\/losungen\/automatisierung\/nie-mehr-kennzeichnungsfehler\/#primaryimage"},"thumbnailUrl":"https:\/\/kortho.com\/de\/wp-content\/uploads\/sites\/5\/2016\/05\/Nie-mehr-Kennzeichnungsfehler-280-280.png","datePublished":"2015-01-11T19:37:35+00:00","dateModified":"2016-06-13T12:17:09+00:00","breadcrumb":{"@id":"https:\/\/kortho.com\/de\/losungen\/automatisierung\/nie-mehr-kennzeichnungsfehler\/#breadcrumb"},"inLanguage":"en-US","potentialAction":[{"@type":"ReadAction","target":["https:\/\/kortho.com\/de\/losungen\/automatisierung\/nie-mehr-kennzeichnungsfehler\/"]}]},{"@type":"ImageObject","inLanguage":"en-US","@id":"https:\/\/kortho.com\/de\/losungen\/automatisierung\/nie-mehr-kennzeichnungsfehler\/#primaryimage","url":"https:\/\/kortho.com\/de\/wp-content\/uploads\/sites\/5\/2016\/05\/Nie-mehr-Kennzeichnungsfehler-280-280.png","contentUrl":"https:\/\/kortho.com\/de\/wp-content\/uploads\/sites\/5\/2016\/05\/Nie-mehr-Kennzeichnungsfehler-280-280.png","width":280,"height":279},{"@type":"BreadcrumbList","@id":"https:\/\/kortho.com\/de\/losungen\/automatisierung\/nie-mehr-kennzeichnungsfehler\/#breadcrumb","itemListElement":[{"@type":"ListItem","position":1,"name":"Home","item":"https:\/\/kortho.com\/de\/"},{"@type":"ListItem","position":2,"name":"L\u00f6sungen","item":"https:\/\/kortho.com\/de\/losungen\/"},{"@type":"ListItem","position":3,"name":"Software","item":"https:\/\/kortho.com\/de\/losungen\/automatisierung\/"},{"@type":"ListItem","position":4,"name":"Nie wieder Kennzeichnungsfehler"}]},{"@type":"WebSite","@id":"https:\/\/kortho.com\/de\/#website","url":"https:\/\/kortho.com\/de\/","name":"Kortho - Deutschland","description":"Coding Competence","potentialAction":[{"@type":"SearchAction","target":{"@type":"EntryPoint","urlTemplate":"https:\/\/kortho.com\/de\/?s={search_term_string}"},"query-input":{"@type":"PropertyValueSpecification","valueRequired":true,"valueName":"search_term_string"}}],"inLanguage":"en-US"}]}},"aioseo_notices":[],"_links":{"self":[{"href":"https:\/\/kortho.com\/de\/wp-json\/wp\/v2\/pages\/397"}],"collection":[{"href":"https:\/\/kortho.com\/de\/wp-json\/wp\/v2\/pages"}],"about":[{"href":"https:\/\/kortho.com\/de\/wp-json\/wp\/v2\/types\/page"}],"author":[{"embeddable":true,"href":"https:\/\/kortho.com\/de\/wp-json\/wp\/v2\/users\/1"}],"replies":[{"embeddable":true,"href":"https:\/\/kortho.com\/de\/wp-json\/wp\/v2\/comments?post=397"}],"version-history":[{"count":81,"href":"https:\/\/kortho.com\/de\/wp-json\/wp\/v2\/pages\/397\/revisions"}],"predecessor-version":[{"id":4520,"href":"https:\/\/kortho.com\/de\/wp-json\/wp\/v2\/pages\/397\/revisions\/4520"}],"up":[{"embeddable":true,"href":"https:\/\/kortho.com\/de\/wp-json\/wp\/v2\/pages\/394"}],"wp:featuredmedia":[{"embeddable":true,"href":"https:\/\/kortho.com\/de\/wp-json\/wp\/v2\/media\/4373"}],"wp:attachment":[{"href":"https:\/\/kortho.com\/de\/wp-json\/wp\/v2\/media?parent=397"}],"curies":[{"name":"wp","href":"https:\/\/api.w.org\/{rel}","templated":true}]}}