{"id":399,"date":"2015-01-11T19:38:23","date_gmt":"2015-01-11T19:38:23","guid":{"rendered":"http:\/\/jaspervandermeij.nl\/kortho\/nl\/?page_id=399"},"modified":"2016-06-07T06:50:21","modified_gmt":"2016-06-07T06:50:21","slug":"individuelle-konfiguration-nicht-mehr-notwendig","status":"publish","type":"page","link":"https:\/\/kortho.com\/de\/losungen\/automatisierung\/individuelle-konfiguration-nicht-mehr-notwendig\/","title":{"rendered":"Individuelle Konfiguration nicht mehr notwendig"},"content":{"rendered":"<h1><img loading=\"lazy\" decoding=\"async\" class=\"alignleft wp-image-4374 size-full\" src=\"http:\/\/kortho.com\/de\/wp-content\/uploads\/sites\/5\/2016\/06\/Individuelle-Konfiguration-nicht-mehr-notwendig-bestcode.png\" alt=\"\" width=\"840\" height=\"140\" srcset=\"https:\/\/kortho.com\/de\/wp-content\/uploads\/sites\/5\/2016\/06\/Individuelle-Konfiguration-nicht-mehr-notwendig-bestcode.png 840w, https:\/\/kortho.com\/de\/wp-content\/uploads\/sites\/5\/2016\/06\/Individuelle-Konfiguration-nicht-mehr-notwendig-bestcode-300x50.png 300w, https:\/\/kortho.com\/de\/wp-content\/uploads\/sites\/5\/2016\/06\/Individuelle-Konfiguration-nicht-mehr-notwendig-bestcode-768x128.png 768w\" sizes=\"(max-width: 840px) 100vw, 840px\" \/><\/h1>\n<h1><\/h1>\n<h1>Die individuelle Konfiguration der Drucker ist nicht mehr notwendig<\/h1>\n<p>Kortho bietet eine vollst\u00e4ndige Palette von Ger\u00e4ten (Thermotransfer-\u00a0 und Inkjet-Systeme), die mithilfe unserer Software von einem ERP oder einem zentralen PC gesteuert werden k\u00f6nnen. Individuelle manuelle Zeilenkonfiguration am Ger\u00e4t vor Ort ist somit nicht mehr notwendig. Benutzerfehler werden eliminiert, was ein \u00a0Vorteil ist, wenn mit vielen wechselnden Produkten\/Labels gearbeitet wird, oder wenn viele (unterschiedliche) Systeme im Einsatz sind.<\/p>\n<p><strong>Nur ein Knopfdruck gen\u00fcgt<\/strong>, um das <strong>gesamte System oder ausgew\u00e4hlte Komponenten <\/strong>f\u00fcr den n\u00e4chsten Druckauftrag zu konfigurieren.<\/p>\n<h2>Kommunikation via Netzwerk<\/h2>\n<p>Druckauftr\u00e4ge k\u00f6nnen direkt \u00fcber das Netzwerk an den Drucker gesendet werden.\u00a0 Entweder geschieht dieses durch Benutzereingriff am zentralen PC oder per Datenbank, wobei mehrere Datenbanken, unabh\u00e4ngig vom Format, angebunden werden k\u00f6nnen (falls notwendig via ODBC Verbindung).<\/p>\n<p>Durch die Installation der Treiber auf dem zentralen System (ERP oder PC), wird eine bi-direktionale Kommunikation eingerichtet. Dies erm\u00f6glicht den Druckern nicht nur zu empfangen, sondern auch Informationen zur\u00fcckzusenden, wie beispielsweise Alarmsignale oder eine Nachricht, wenn die Tinte oder das Band zur Neige geht. Hierzu besitzen alle Kortho Inkjet- und Thermotransfersysteme eine eignen, frei konfigurierbare, IP-Adresse und einen entsprechenden Netzwerktreiber.<\/p>\n<p>.<\/p>\n<p>&nbsp;<\/p>\n<p>&nbsp;<\/p>\n<p><img loading=\"lazy\" decoding=\"async\" class=\"alignleft wp-image-4376 size-full\" src=\"http:\/\/kortho.com\/de\/wp-content\/uploads\/sites\/5\/2016\/06\/Individuelle-Konfiguration-nicht-mehr-notwendig-with-Nicelabel-840-280.png\" alt=\"\" width=\"840\" height=\"291\" srcset=\"https:\/\/kortho.com\/de\/wp-content\/uploads\/sites\/5\/2016\/06\/Individuelle-Konfiguration-nicht-mehr-notwendig-with-Nicelabel-840-280.png 840w, https:\/\/kortho.com\/de\/wp-content\/uploads\/sites\/5\/2016\/06\/Individuelle-Konfiguration-nicht-mehr-notwendig-with-Nicelabel-840-280-300x104.png 300w, https:\/\/kortho.com\/de\/wp-content\/uploads\/sites\/5\/2016\/06\/Individuelle-Konfiguration-nicht-mehr-notwendig-with-Nicelabel-840-280-768x266.png 768w\" sizes=\"(max-width: 840px) 100vw, 840px\" \/><\/p>\n<h3>\u00a0Downloads<\/h3>\n<ul>\n<li>Drivers: <span style=\"text-decoration: underline\"><span style=\"color: #0000ff\"><a style=\"color: #0000ff;text-decoration: underline\" href=\"http:\/\/www.nicelabel.com\/downloads\/nicedrivers\/kortho\/?uid=00094\" target=\"_blank\">Kortho<\/a><\/span><\/span> &amp; <span style=\"text-decoration: underline;color: #0000ff\"><a style=\"color: #0000ff;text-decoration: underline\" href=\"http:\/\/www.nicelabel.com\/downloads\/nicedrivers\/cab\/?uid=00094\" target=\"_blank\">Cab<\/a><\/span>\u00a0&amp; <span style=\"text-decoration: underline\"><span style=\"color: #0000ff\"><a style=\"color: #0000ff;text-decoration: underline\" href=\"http:\/\/www.nicelabel.com\/downloads\/nicedrivers\/avery\/?uid=00094\" target=\"_blank\">Avery<\/a><\/span><\/span><\/li>\n<li>Software: <span style=\"text-decoration: underline;color: #0000ff\"><a style=\"color: #0000ff\" href=\"http:\/\/www.nicelabel.com\/enterprise\/?uid=00094\" target=\"_blank\"><span style=\"text-decoration: underline\">Nicelabel Label Management Software<\/span><\/a><\/span><\/li>\n<li>Leaflet:\u00a0<span style=\"text-decoration: underline;color: #0000ff\"><a style=\"color: #0000ff;text-decoration: underline\" title=\"Automatiseer in 3 stappen\" href=\"http:\/\/kortho.com\/wp-content\/uploads\/2015\/07\/Kortho-Sluit-Codeerfouten-uit-Automatiseer-in-3-stappen-Hoe-werkt-het-16-06-15.pdf\" target=\"_blank\">Kortho NOG AAN TE PASSEN Software leaflet<\/a><\/span><\/li>\n<\/ul>\n","protected":false},"excerpt":{"rendered":"<p>Die individuelle Konfiguration der Drucker ist nicht mehr notwendig Kortho bietet eine vollst\u00e4ndige Palette von Ger\u00e4ten (Thermotransfer-\u00a0 und Inkjet-Systeme), die&hellip;<\/p>\n","protected":false},"author":1,"featured_media":4378,"parent":394,"menu_order":3,"comment_status":"closed","ping_status":"closed","template":"page_taxonomy_child.php","meta":{"_monsterinsights_skip_tracking":false,"_monsterinsights_sitenote_active":false,"_monsterinsights_sitenote_note":"","_monsterinsights_sitenote_category":0,"footnotes":""},"class_list":["post-399","page","type-page","status-publish","format-standard","has-post-thumbnail","hentry"],"yoast_head":"<!-- This site is optimized with the Yoast SEO plugin v23.6 - https:\/\/yoast.com\/wordpress\/plugins\/seo\/ -->\n<title>Individuelle Konfiguration nicht mehr notwendig - Kortho - Deutschland<\/title>\n<meta name=\"robots\" content=\"index, follow, max-snippet:-1, max-image-preview:large, max-video-preview:-1\" \/>\n<link rel=\"canonical\" href=\"https:\/\/kortho.com\/de\/losungen\/automatisierung\/individuelle-konfiguration-nicht-mehr-notwendig\/\" \/>\n<meta property=\"og:locale\" content=\"en_US\" \/>\n<meta property=\"og:type\" content=\"article\" \/>\n<meta property=\"og:title\" content=\"Individuelle Konfiguration nicht mehr notwendig - Kortho - Deutschland\" \/>\n<meta property=\"og:description\" content=\"Die individuelle Konfiguration der Drucker ist nicht mehr notwendig Kortho bietet eine vollst\u00e4ndige Palette von Ger\u00e4ten (Thermotransfer-\u00a0 und Inkjet-Systeme), die&hellip;\" \/>\n<meta property=\"og:url\" content=\"https:\/\/kortho.com\/de\/losungen\/automatisierung\/individuelle-konfiguration-nicht-mehr-notwendig\/\" \/>\n<meta property=\"og:site_name\" content=\"Kortho - Deutschland\" \/>\n<meta property=\"article:modified_time\" content=\"2016-06-07T06:50:21+00:00\" \/>\n<meta property=\"og:image\" content=\"https:\/\/kortho.com\/de\/wp-content\/uploads\/sites\/5\/2016\/06\/Individuelle-Konfiguration-nicht-mehr-notwendig-Nicelabel-and-Kortho-280x280-3.png\" \/>\n\t<meta property=\"og:image:width\" content=\"280\" \/>\n\t<meta property=\"og:image:height\" content=\"279\" \/>\n\t<meta property=\"og:image:type\" content=\"image\/png\" \/>\n<meta name=\"twitter:card\" content=\"summary_large_image\" \/>\n<meta name=\"twitter:label1\" content=\"Est. reading time\" \/>\n\t<meta name=\"twitter:data1\" content=\"1 minute\" \/>\n<script type=\"application\/ld+json\" class=\"yoast-schema-graph\">{\"@context\":\"https:\/\/schema.org\",\"@graph\":[{\"@type\":\"WebPage\",\"@id\":\"https:\/\/kortho.com\/de\/losungen\/automatisierung\/individuelle-konfiguration-nicht-mehr-notwendig\/\",\"url\":\"https:\/\/kortho.com\/de\/losungen\/automatisierung\/individuelle-konfiguration-nicht-mehr-notwendig\/\",\"name\":\"Individuelle Konfiguration nicht mehr notwendig - Kortho - Deutschland\",\"isPartOf\":{\"@id\":\"https:\/\/kortho.com\/de\/#website\"},\"primaryImageOfPage\":{\"@id\":\"https:\/\/kortho.com\/de\/losungen\/automatisierung\/individuelle-konfiguration-nicht-mehr-notwendig\/#primaryimage\"},\"image\":{\"@id\":\"https:\/\/kortho.com\/de\/losungen\/automatisierung\/individuelle-konfiguration-nicht-mehr-notwendig\/#primaryimage\"},\"thumbnailUrl\":\"https:\/\/kortho.com\/de\/wp-content\/uploads\/sites\/5\/2016\/06\/Individuelle-Konfiguration-nicht-mehr-notwendig-Nicelabel-and-Kortho-280x280-3.png\",\"datePublished\":\"2015-01-11T19:38:23+00:00\",\"dateModified\":\"2016-06-07T06:50:21+00:00\",\"breadcrumb\":{\"@id\":\"https:\/\/kortho.com\/de\/losungen\/automatisierung\/individuelle-konfiguration-nicht-mehr-notwendig\/#breadcrumb\"},\"inLanguage\":\"en-US\",\"potentialAction\":[{\"@type\":\"ReadAction\",\"target\":[\"https:\/\/kortho.com\/de\/losungen\/automatisierung\/individuelle-konfiguration-nicht-mehr-notwendig\/\"]}]},{\"@type\":\"ImageObject\",\"inLanguage\":\"en-US\",\"@id\":\"https:\/\/kortho.com\/de\/losungen\/automatisierung\/individuelle-konfiguration-nicht-mehr-notwendig\/#primaryimage\",\"url\":\"https:\/\/kortho.com\/de\/wp-content\/uploads\/sites\/5\/2016\/06\/Individuelle-Konfiguration-nicht-mehr-notwendig-Nicelabel-and-Kortho-280x280-3.png\",\"contentUrl\":\"https:\/\/kortho.com\/de\/wp-content\/uploads\/sites\/5\/2016\/06\/Individuelle-Konfiguration-nicht-mehr-notwendig-Nicelabel-and-Kortho-280x280-3.png\",\"width\":280,\"height\":279},{\"@type\":\"BreadcrumbList\",\"@id\":\"https:\/\/kortho.com\/de\/losungen\/automatisierung\/individuelle-konfiguration-nicht-mehr-notwendig\/#breadcrumb\",\"itemListElement\":[{\"@type\":\"ListItem\",\"position\":1,\"name\":\"Home\",\"item\":\"https:\/\/kortho.com\/de\/\"},{\"@type\":\"ListItem\",\"position\":2,\"name\":\"L\u00f6sungen\",\"item\":\"https:\/\/kortho.com\/de\/losungen\/\"},{\"@type\":\"ListItem\",\"position\":3,\"name\":\"Software\",\"item\":\"https:\/\/kortho.com\/de\/losungen\/automatisierung\/\"},{\"@type\":\"ListItem\",\"position\":4,\"name\":\"Individuelle Konfiguration nicht mehr notwendig\"}]},{\"@type\":\"WebSite\",\"@id\":\"https:\/\/kortho.com\/de\/#website\",\"url\":\"https:\/\/kortho.com\/de\/\",\"name\":\"Kortho - Deutschland\",\"description\":\"Coding Competence\",\"potentialAction\":[{\"@type\":\"SearchAction\",\"target\":{\"@type\":\"EntryPoint\",\"urlTemplate\":\"https:\/\/kortho.com\/de\/?s={search_term_string}\"},\"query-input\":{\"@type\":\"PropertyValueSpecification\",\"valueRequired\":true,\"valueName\":\"search_term_string\"}}],\"inLanguage\":\"en-US\"}]}<\/script>\n<!-- \/ Yoast SEO plugin. -->","yoast_head_json":{"title":"Individuelle Konfiguration nicht mehr notwendig - Kortho - Deutschland","robots":{"index":"index","follow":"follow","max-snippet":"max-snippet:-1","max-image-preview":"max-image-preview:large","max-video-preview":"max-video-preview:-1"},"canonical":"https:\/\/kortho.com\/de\/losungen\/automatisierung\/individuelle-konfiguration-nicht-mehr-notwendig\/","og_locale":"en_US","og_type":"article","og_title":"Individuelle Konfiguration nicht mehr notwendig - Kortho - Deutschland","og_description":"Die individuelle Konfiguration der Drucker ist nicht mehr notwendig Kortho bietet eine vollst\u00e4ndige Palette von Ger\u00e4ten (Thermotransfer-\u00a0 und Inkjet-Systeme), die&hellip;","og_url":"https:\/\/kortho.com\/de\/losungen\/automatisierung\/individuelle-konfiguration-nicht-mehr-notwendig\/","og_site_name":"Kortho - Deutschland","article_modified_time":"2016-06-07T06:50:21+00:00","og_image":[{"width":280,"height":279,"url":"https:\/\/kortho.com\/de\/wp-content\/uploads\/sites\/5\/2016\/06\/Individuelle-Konfiguration-nicht-mehr-notwendig-Nicelabel-and-Kortho-280x280-3.png","type":"image\/png"}],"twitter_card":"summary_large_image","twitter_misc":{"Est. reading time":"1 minute"},"schema":{"@context":"https:\/\/schema.org","@graph":[{"@type":"WebPage","@id":"https:\/\/kortho.com\/de\/losungen\/automatisierung\/individuelle-konfiguration-nicht-mehr-notwendig\/","url":"https:\/\/kortho.com\/de\/losungen\/automatisierung\/individuelle-konfiguration-nicht-mehr-notwendig\/","name":"Individuelle Konfiguration nicht mehr notwendig - Kortho - Deutschland","isPartOf":{"@id":"https:\/\/kortho.com\/de\/#website"},"primaryImageOfPage":{"@id":"https:\/\/kortho.com\/de\/losungen\/automatisierung\/individuelle-konfiguration-nicht-mehr-notwendig\/#primaryimage"},"image":{"@id":"https:\/\/kortho.com\/de\/losungen\/automatisierung\/individuelle-konfiguration-nicht-mehr-notwendig\/#primaryimage"},"thumbnailUrl":"https:\/\/kortho.com\/de\/wp-content\/uploads\/sites\/5\/2016\/06\/Individuelle-Konfiguration-nicht-mehr-notwendig-Nicelabel-and-Kortho-280x280-3.png","datePublished":"2015-01-11T19:38:23+00:00","dateModified":"2016-06-07T06:50:21+00:00","breadcrumb":{"@id":"https:\/\/kortho.com\/de\/losungen\/automatisierung\/individuelle-konfiguration-nicht-mehr-notwendig\/#breadcrumb"},"inLanguage":"en-US","potentialAction":[{"@type":"ReadAction","target":["https:\/\/kortho.com\/de\/losungen\/automatisierung\/individuelle-konfiguration-nicht-mehr-notwendig\/"]}]},{"@type":"ImageObject","inLanguage":"en-US","@id":"https:\/\/kortho.com\/de\/losungen\/automatisierung\/individuelle-konfiguration-nicht-mehr-notwendig\/#primaryimage","url":"https:\/\/kortho.com\/de\/wp-content\/uploads\/sites\/5\/2016\/06\/Individuelle-Konfiguration-nicht-mehr-notwendig-Nicelabel-and-Kortho-280x280-3.png","contentUrl":"https:\/\/kortho.com\/de\/wp-content\/uploads\/sites\/5\/2016\/06\/Individuelle-Konfiguration-nicht-mehr-notwendig-Nicelabel-and-Kortho-280x280-3.png","width":280,"height":279},{"@type":"BreadcrumbList","@id":"https:\/\/kortho.com\/de\/losungen\/automatisierung\/individuelle-konfiguration-nicht-mehr-notwendig\/#breadcrumb","itemListElement":[{"@type":"ListItem","position":1,"name":"Home","item":"https:\/\/kortho.com\/de\/"},{"@type":"ListItem","position":2,"name":"L\u00f6sungen","item":"https:\/\/kortho.com\/de\/losungen\/"},{"@type":"ListItem","position":3,"name":"Software","item":"https:\/\/kortho.com\/de\/losungen\/automatisierung\/"},{"@type":"ListItem","position":4,"name":"Individuelle Konfiguration nicht mehr notwendig"}]},{"@type":"WebSite","@id":"https:\/\/kortho.com\/de\/#website","url":"https:\/\/kortho.com\/de\/","name":"Kortho - Deutschland","description":"Coding Competence","potentialAction":[{"@type":"SearchAction","target":{"@type":"EntryPoint","urlTemplate":"https:\/\/kortho.com\/de\/?s={search_term_string}"},"query-input":{"@type":"PropertyValueSpecification","valueRequired":true,"valueName":"search_term_string"}}],"inLanguage":"en-US"}]}},"aioseo_notices":[],"_links":{"self":[{"href":"https:\/\/kortho.com\/de\/wp-json\/wp\/v2\/pages\/399"}],"collection":[{"href":"https:\/\/kortho.com\/de\/wp-json\/wp\/v2\/pages"}],"about":[{"href":"https:\/\/kortho.com\/de\/wp-json\/wp\/v2\/types\/page"}],"author":[{"embeddable":true,"href":"https:\/\/kortho.com\/de\/wp-json\/wp\/v2\/users\/1"}],"replies":[{"embeddable":true,"href":"https:\/\/kortho.com\/de\/wp-json\/wp\/v2\/comments?post=399"}],"version-history":[{"count":73,"href":"https:\/\/kortho.com\/de\/wp-json\/wp\/v2\/pages\/399\/revisions"}],"predecessor-version":[{"id":4458,"href":"https:\/\/kortho.com\/de\/wp-json\/wp\/v2\/pages\/399\/revisions\/4458"}],"up":[{"embeddable":true,"href":"https:\/\/kortho.com\/de\/wp-json\/wp\/v2\/pages\/394"}],"wp:featuredmedia":[{"embeddable":true,"href":"https:\/\/kortho.com\/de\/wp-json\/wp\/v2\/media\/4378"}],"wp:attachment":[{"href":"https:\/\/kortho.com\/de\/wp-json\/wp\/v2\/media?parent=399"}],"curies":[{"name":"wp","href":"https:\/\/api.w.org\/{rel}","templated":true}]}}