{"id":401,"date":"2015-01-11T19:38:55","date_gmt":"2015-01-11T19:38:55","guid":{"rendered":"http:\/\/jaspervandermeij.nl\/kortho\/nl\/?page_id=401"},"modified":"2016-06-10T09:22:12","modified_gmt":"2016-06-10T09:22:12","slug":"automatische-konfiguration-in-einer-aktion","status":"publish","type":"page","link":"https:\/\/kortho.com\/de\/losungen\/automatisierung\/automatische-konfiguration-in-einer-aktion\/","title":{"rendered":"Automatische Konfiguration in einer Aktion"},"content":{"rendered":"<h1><img loading=\"lazy\" decoding=\"async\" class=\"alignleft size-full wp-image-1740\" src=\"http:\/\/kortho.com\/wp-content\/uploads\/2015\/07\/Automatiseer-uw-labelontwerp-met-Kortho-Voorkom-handmatig-maatwerk.jpg\" alt=\"Automatiseer-uw-labelontwerp-met-Kortho--Voorkom-handmatig-maatwerk\" width=\"840\" height=\"138\" srcset=\"https:\/\/kortho.com\/de\/wp-content\/uploads\/sites\/5\/2015\/07\/Automatiseer-uw-labelontwerp-met-Kortho-Voorkom-handmatig-maatwerk.jpg 840w, https:\/\/kortho.com\/de\/wp-content\/uploads\/sites\/5\/2015\/07\/Automatiseer-uw-labelontwerp-met-Kortho-Voorkom-handmatig-maatwerk-300x49.jpg 300w\" sizes=\"(max-width: 840px) 100vw, 840px\" \/><\/h1>\n<h1><\/h1>\n<h1>Automatische Konfiguration der vollst\u00e4ndigen Linie in einer Aktion<\/h1>\n<p>Die Automatisierung des gesamten \u00a0Codierungsprozesses wird durch die Voreinstellung und Speicherung aller Druckauftragsparameter erreicht. Alle Einstellungen werden in einem bestimmten Produktionslauf geb\u00fcndelt und k\u00f6nnen punktgenau abgerufen werden.<\/p>\n<p>Wenn der Produktionslauf gestartet wird, werden alle festgelegten Parameter \u00fcber das Netzwerk an den\/die Drucker \u00fcbergeben. Die Aufforderung hierzu kann entweder automatisch aus dem\u00a0 ERP erfolgen oder auch manuell von\u00a0 einem PC.<\/p>\n<p>Abgesehen von der Tatsache, dass <strong>Ausfallzeiten<\/strong> durch wiederholte manuelle Eingaben <strong>verhindert<\/strong> werden, entstehen <strong><u>keine Konfigurationsfehler<\/u><\/strong> mehr, wenn ein Lauf neu gestartet wird.<\/p>\n<h2><\/h2>\n<h2>Automatische Druckauftragauswahl und Zwischenkontrollen<\/h2>\n<p>Nach dem Start des Produktionslaufs sind grunds\u00e4tzlich\u00a0 <span style=\"text-decoration: underline\"><strong>keine weitere Aktionen<\/strong><\/span> erforderlich.<br \/>\nDie Abl\u00e4ufe in Ihrem Unternehmen k\u00f6nnen aber, aus Gr\u00fcnden der Sicherheit oder der Arbeitsabl\u00e4ufe,\u00a0 trotzdem die manuelle Bedienung oder ein Kontrollschritt\u00a0 erfordern. Dieses kann problemlos hinzugef\u00fcgt werden, ebenso automatisierte Kontrollen oder visuelle\/wiegende Kontrollger\u00e4te.<br \/>\nAuf diese Weise kann der Druckprozess modular und den Anforderungen entsprechend bestimmt und gesteuert werden, so dass die spezifischen Fehlerursachen ausgeschlossen werden und Ihre Produktion fehlerfrei codiert wird .<\/p>\n<p>&nbsp;<\/p>\n<p><img loading=\"lazy\" decoding=\"async\" class=\"alignleft wp-image-4384 size-full\" src=\"http:\/\/kortho.com\/de\/wp-content\/uploads\/sites\/5\/2016\/06\/Automatische-Konfiguration-in-einer-Aktion-mit-Kortho-und-Nicelabel.png\" alt=\"\" width=\"840\" height=\"280\" srcset=\"https:\/\/kortho.com\/de\/wp-content\/uploads\/sites\/5\/2016\/06\/Automatische-Konfiguration-in-einer-Aktion-mit-Kortho-und-Nicelabel.png 840w, https:\/\/kortho.com\/de\/wp-content\/uploads\/sites\/5\/2016\/06\/Automatische-Konfiguration-in-einer-Aktion-mit-Kortho-und-Nicelabel-300x100.png 300w, https:\/\/kortho.com\/de\/wp-content\/uploads\/sites\/5\/2016\/06\/Automatische-Konfiguration-in-einer-Aktion-mit-Kortho-und-Nicelabel-768x256.png 768w\" sizes=\"(max-width: 840px) 100vw, 840px\" \/><\/p>\n<h3>Downloads<\/h3>\n<ul>\n<li>Drivers: <span style=\"text-decoration: underline\"><span style=\"color: #0000ff\"><a style=\"color: #0000ff;text-decoration: underline\" href=\"http:\/\/www.nicelabel.com\/downloads\/nicedrivers\/kortho\/?uid=00094\" target=\"_blank\">Kortho<\/a><\/span><\/span> &amp; <span style=\"text-decoration: underline;color: #0000ff\"><a style=\"color: #0000ff;text-decoration: underline\" href=\"http:\/\/www.nicelabel.com\/downloads\/nicedrivers\/cab\/?uid=00094\" target=\"_blank\">Cab<\/a><\/span>\u00a0&amp; <span style=\"text-decoration: underline\"><span style=\"color: #0000ff\"><a style=\"color: #0000ff;text-decoration: underline\" href=\"http:\/\/www.nicelabel.com\/downloads\/nicedrivers\/avery\/?uid=00094\" target=\"_blank\">Avery<\/a><\/span><\/span><\/li>\n<li>Software: <a href=\"http:\/\/www.nicelabel.com\/downloads\/nicelabel-automation-easy\/?uid=00094\" target=\"_blank\"><span style=\"text-decoration: underline;color: #0000ff\"><span style=\"text-decoration: underline\">Nicelabel Label Management Software<\/span><\/span><\/a><\/li>\n<li>Leaflet:\u00a0<span style=\"text-decoration: underline;color: #0000ff\"><a style=\"color: #0000ff;text-decoration: underline\" title=\"Automatiseer in 3 stappen\" href=\"http:\/\/kortho.com\/wp-content\/uploads\/2015\/07\/Kortho-Sluit-Codeerfouten-uit-Automatiseer-in-3-stappen-Hoe-werkt-het-16-06-15.pdf\" target=\"_blank\">Kortho\u00a0 NOG AAN TE PASSEN Software leaflet<\/a><\/span><\/li>\n<\/ul>\n<p>&nbsp;<\/p>\n<p>&nbsp;<\/p>\n<p>&nbsp;<\/p>\n","protected":false},"excerpt":{"rendered":"<p>Automatische Konfiguration der vollst\u00e4ndigen Linie in einer Aktion Die Automatisierung des gesamten \u00a0Codierungsprozesses wird durch die Voreinstellung und Speicherung aller&hellip;<\/p>\n","protected":false},"author":1,"featured_media":1742,"parent":394,"menu_order":4,"comment_status":"closed","ping_status":"closed","template":"page_taxonomy_child.php","meta":{"_monsterinsights_skip_tracking":false,"_monsterinsights_sitenote_active":false,"_monsterinsights_sitenote_note":"","_monsterinsights_sitenote_category":0,"footnotes":""},"class_list":["post-401","page","type-page","status-publish","format-standard","has-post-thumbnail","hentry"],"yoast_head":"<!-- This site is optimized with the Yoast SEO plugin v23.6 - https:\/\/yoast.com\/wordpress\/plugins\/seo\/ -->\n<title>Automatische Konfiguration in einer Aktion - Kortho - Deutschland<\/title>\n<meta name=\"robots\" content=\"index, follow, max-snippet:-1, max-image-preview:large, max-video-preview:-1\" \/>\n<link rel=\"canonical\" href=\"https:\/\/kortho.com\/de\/losungen\/automatisierung\/automatische-konfiguration-in-einer-aktion\/\" \/>\n<meta property=\"og:locale\" content=\"en_US\" \/>\n<meta property=\"og:type\" content=\"article\" \/>\n<meta property=\"og:title\" content=\"Automatische Konfiguration in einer Aktion - Kortho - Deutschland\" \/>\n<meta property=\"og:description\" content=\"Automatische Konfiguration der vollst\u00e4ndigen Linie in einer Aktion Die Automatisierung des gesamten \u00a0Codierungsprozesses wird durch die Voreinstellung und Speicherung aller&hellip;\" \/>\n<meta property=\"og:url\" content=\"https:\/\/kortho.com\/de\/losungen\/automatisierung\/automatische-konfiguration-in-einer-aktion\/\" \/>\n<meta property=\"og:site_name\" content=\"Kortho - Deutschland\" \/>\n<meta property=\"article:modified_time\" content=\"2016-06-10T09:22:12+00:00\" \/>\n<meta property=\"og:image\" content=\"https:\/\/kortho.com\/de\/wp-content\/uploads\/sites\/5\/2015\/07\/Automatiseer-printjobs.jpg\" \/>\n\t<meta property=\"og:image:width\" content=\"280\" \/>\n\t<meta property=\"og:image:height\" content=\"280\" \/>\n\t<meta property=\"og:image:type\" content=\"image\/jpeg\" \/>\n<meta name=\"twitter:card\" content=\"summary_large_image\" \/>\n<meta name=\"twitter:label1\" content=\"Est. reading time\" \/>\n\t<meta name=\"twitter:data1\" content=\"1 minute\" \/>\n<script type=\"application\/ld+json\" class=\"yoast-schema-graph\">{\"@context\":\"https:\/\/schema.org\",\"@graph\":[{\"@type\":\"WebPage\",\"@id\":\"https:\/\/kortho.com\/de\/losungen\/automatisierung\/automatische-konfiguration-in-einer-aktion\/\",\"url\":\"https:\/\/kortho.com\/de\/losungen\/automatisierung\/automatische-konfiguration-in-einer-aktion\/\",\"name\":\"Automatische Konfiguration in einer Aktion - Kortho - Deutschland\",\"isPartOf\":{\"@id\":\"https:\/\/kortho.com\/de\/#website\"},\"primaryImageOfPage\":{\"@id\":\"https:\/\/kortho.com\/de\/losungen\/automatisierung\/automatische-konfiguration-in-einer-aktion\/#primaryimage\"},\"image\":{\"@id\":\"https:\/\/kortho.com\/de\/losungen\/automatisierung\/automatische-konfiguration-in-einer-aktion\/#primaryimage\"},\"thumbnailUrl\":\"https:\/\/kortho.com\/de\/wp-content\/uploads\/sites\/5\/2015\/07\/Automatiseer-printjobs.jpg\",\"datePublished\":\"2015-01-11T19:38:55+00:00\",\"dateModified\":\"2016-06-10T09:22:12+00:00\",\"breadcrumb\":{\"@id\":\"https:\/\/kortho.com\/de\/losungen\/automatisierung\/automatische-konfiguration-in-einer-aktion\/#breadcrumb\"},\"inLanguage\":\"en-US\",\"potentialAction\":[{\"@type\":\"ReadAction\",\"target\":[\"https:\/\/kortho.com\/de\/losungen\/automatisierung\/automatische-konfiguration-in-einer-aktion\/\"]}]},{\"@type\":\"ImageObject\",\"inLanguage\":\"en-US\",\"@id\":\"https:\/\/kortho.com\/de\/losungen\/automatisierung\/automatische-konfiguration-in-einer-aktion\/#primaryimage\",\"url\":\"https:\/\/kortho.com\/de\/wp-content\/uploads\/sites\/5\/2015\/07\/Automatiseer-printjobs.jpg\",\"contentUrl\":\"https:\/\/kortho.com\/de\/wp-content\/uploads\/sites\/5\/2015\/07\/Automatiseer-printjobs.jpg\",\"width\":280,\"height\":280},{\"@type\":\"BreadcrumbList\",\"@id\":\"https:\/\/kortho.com\/de\/losungen\/automatisierung\/automatische-konfiguration-in-einer-aktion\/#breadcrumb\",\"itemListElement\":[{\"@type\":\"ListItem\",\"position\":1,\"name\":\"Home\",\"item\":\"https:\/\/kortho.com\/de\/\"},{\"@type\":\"ListItem\",\"position\":2,\"name\":\"L\u00f6sungen\",\"item\":\"https:\/\/kortho.com\/de\/losungen\/\"},{\"@type\":\"ListItem\",\"position\":3,\"name\":\"Software\",\"item\":\"https:\/\/kortho.com\/de\/losungen\/automatisierung\/\"},{\"@type\":\"ListItem\",\"position\":4,\"name\":\"Automatische Konfiguration in einer Aktion\"}]},{\"@type\":\"WebSite\",\"@id\":\"https:\/\/kortho.com\/de\/#website\",\"url\":\"https:\/\/kortho.com\/de\/\",\"name\":\"Kortho - Deutschland\",\"description\":\"Coding Competence\",\"potentialAction\":[{\"@type\":\"SearchAction\",\"target\":{\"@type\":\"EntryPoint\",\"urlTemplate\":\"https:\/\/kortho.com\/de\/?s={search_term_string}\"},\"query-input\":{\"@type\":\"PropertyValueSpecification\",\"valueRequired\":true,\"valueName\":\"search_term_string\"}}],\"inLanguage\":\"en-US\"}]}<\/script>\n<!-- \/ Yoast SEO plugin. -->","yoast_head_json":{"title":"Automatische Konfiguration in einer Aktion - Kortho - Deutschland","robots":{"index":"index","follow":"follow","max-snippet":"max-snippet:-1","max-image-preview":"max-image-preview:large","max-video-preview":"max-video-preview:-1"},"canonical":"https:\/\/kortho.com\/de\/losungen\/automatisierung\/automatische-konfiguration-in-einer-aktion\/","og_locale":"en_US","og_type":"article","og_title":"Automatische Konfiguration in einer Aktion - Kortho - Deutschland","og_description":"Automatische Konfiguration der vollst\u00e4ndigen Linie in einer Aktion Die Automatisierung des gesamten \u00a0Codierungsprozesses wird durch die Voreinstellung und Speicherung aller&hellip;","og_url":"https:\/\/kortho.com\/de\/losungen\/automatisierung\/automatische-konfiguration-in-einer-aktion\/","og_site_name":"Kortho - Deutschland","article_modified_time":"2016-06-10T09:22:12+00:00","og_image":[{"width":280,"height":280,"url":"https:\/\/kortho.com\/de\/wp-content\/uploads\/sites\/5\/2015\/07\/Automatiseer-printjobs.jpg","type":"image\/jpeg"}],"twitter_card":"summary_large_image","twitter_misc":{"Est. reading time":"1 minute"},"schema":{"@context":"https:\/\/schema.org","@graph":[{"@type":"WebPage","@id":"https:\/\/kortho.com\/de\/losungen\/automatisierung\/automatische-konfiguration-in-einer-aktion\/","url":"https:\/\/kortho.com\/de\/losungen\/automatisierung\/automatische-konfiguration-in-einer-aktion\/","name":"Automatische Konfiguration in einer Aktion - Kortho - Deutschland","isPartOf":{"@id":"https:\/\/kortho.com\/de\/#website"},"primaryImageOfPage":{"@id":"https:\/\/kortho.com\/de\/losungen\/automatisierung\/automatische-konfiguration-in-einer-aktion\/#primaryimage"},"image":{"@id":"https:\/\/kortho.com\/de\/losungen\/automatisierung\/automatische-konfiguration-in-einer-aktion\/#primaryimage"},"thumbnailUrl":"https:\/\/kortho.com\/de\/wp-content\/uploads\/sites\/5\/2015\/07\/Automatiseer-printjobs.jpg","datePublished":"2015-01-11T19:38:55+00:00","dateModified":"2016-06-10T09:22:12+00:00","breadcrumb":{"@id":"https:\/\/kortho.com\/de\/losungen\/automatisierung\/automatische-konfiguration-in-einer-aktion\/#breadcrumb"},"inLanguage":"en-US","potentialAction":[{"@type":"ReadAction","target":["https:\/\/kortho.com\/de\/losungen\/automatisierung\/automatische-konfiguration-in-einer-aktion\/"]}]},{"@type":"ImageObject","inLanguage":"en-US","@id":"https:\/\/kortho.com\/de\/losungen\/automatisierung\/automatische-konfiguration-in-einer-aktion\/#primaryimage","url":"https:\/\/kortho.com\/de\/wp-content\/uploads\/sites\/5\/2015\/07\/Automatiseer-printjobs.jpg","contentUrl":"https:\/\/kortho.com\/de\/wp-content\/uploads\/sites\/5\/2015\/07\/Automatiseer-printjobs.jpg","width":280,"height":280},{"@type":"BreadcrumbList","@id":"https:\/\/kortho.com\/de\/losungen\/automatisierung\/automatische-konfiguration-in-einer-aktion\/#breadcrumb","itemListElement":[{"@type":"ListItem","position":1,"name":"Home","item":"https:\/\/kortho.com\/de\/"},{"@type":"ListItem","position":2,"name":"L\u00f6sungen","item":"https:\/\/kortho.com\/de\/losungen\/"},{"@type":"ListItem","position":3,"name":"Software","item":"https:\/\/kortho.com\/de\/losungen\/automatisierung\/"},{"@type":"ListItem","position":4,"name":"Automatische Konfiguration in einer Aktion"}]},{"@type":"WebSite","@id":"https:\/\/kortho.com\/de\/#website","url":"https:\/\/kortho.com\/de\/","name":"Kortho - Deutschland","description":"Coding Competence","potentialAction":[{"@type":"SearchAction","target":{"@type":"EntryPoint","urlTemplate":"https:\/\/kortho.com\/de\/?s={search_term_string}"},"query-input":{"@type":"PropertyValueSpecification","valueRequired":true,"valueName":"search_term_string"}}],"inLanguage":"en-US"}]}},"aioseo_notices":[],"_links":{"self":[{"href":"https:\/\/kortho.com\/de\/wp-json\/wp\/v2\/pages\/401"}],"collection":[{"href":"https:\/\/kortho.com\/de\/wp-json\/wp\/v2\/pages"}],"about":[{"href":"https:\/\/kortho.com\/de\/wp-json\/wp\/v2\/types\/page"}],"author":[{"embeddable":true,"href":"https:\/\/kortho.com\/de\/wp-json\/wp\/v2\/users\/1"}],"replies":[{"embeddable":true,"href":"https:\/\/kortho.com\/de\/wp-json\/wp\/v2\/comments?post=401"}],"version-history":[{"count":51,"href":"https:\/\/kortho.com\/de\/wp-json\/wp\/v2\/pages\/401\/revisions"}],"predecessor-version":[{"id":4491,"href":"https:\/\/kortho.com\/de\/wp-json\/wp\/v2\/pages\/401\/revisions\/4491"}],"up":[{"embeddable":true,"href":"https:\/\/kortho.com\/de\/wp-json\/wp\/v2\/pages\/394"}],"wp:featuredmedia":[{"embeddable":true,"href":"https:\/\/kortho.com\/de\/wp-json\/wp\/v2\/media\/1742"}],"wp:attachment":[{"href":"https:\/\/kortho.com\/de\/wp-json\/wp\/v2\/media?parent=401"}],"curies":[{"name":"wp","href":"https:\/\/api.w.org\/{rel}","templated":true}]}}