{"id":403,"date":"2015-01-11T19:39:32","date_gmt":"2015-01-11T19:39:32","guid":{"rendered":"http:\/\/jaspervandermeij.nl\/kortho\/nl\/?page_id=403"},"modified":"2016-06-10T09:23:57","modified_gmt":"2016-06-10T09:23:57","slug":"kein-raum-fur-menschliche-fehler","status":"publish","type":"page","link":"https:\/\/kortho.com\/de\/losungen\/automatisierung\/kein-raum-fur-menschliche-fehler\/","title":{"rendered":"Kein Raum f\u00fcr menschliche Fehler"},"content":{"rendered":"<h1><img loading=\"lazy\" decoding=\"async\" class=\"alignleft wp-image-4389 size-full\" src=\"http:\/\/kortho.com\/de\/wp-content\/uploads\/sites\/5\/2016\/06\/Kein-Raum-fuer-menschliche-Fehler-840x138-mit-Nicelabel-und-Kortho-VS3.png\" alt=\"\" width=\"840\" height=\"138\" srcset=\"https:\/\/kortho.com\/de\/wp-content\/uploads\/sites\/5\/2016\/06\/Kein-Raum-fuer-menschliche-Fehler-840x138-mit-Nicelabel-und-Kortho-VS3.png 840w, https:\/\/kortho.com\/de\/wp-content\/uploads\/sites\/5\/2016\/06\/Kein-Raum-fuer-menschliche-Fehler-840x138-mit-Nicelabel-und-Kortho-VS3-300x49.png 300w, https:\/\/kortho.com\/de\/wp-content\/uploads\/sites\/5\/2016\/06\/Kein-Raum-fuer-menschliche-Fehler-840x138-mit-Nicelabel-und-Kortho-VS3-768x126.png 768w\" sizes=\"(max-width: 840px) 100vw, 840px\" \/><\/h1>\n<h1><\/h1>\n<h1>Kein Raum f\u00fcr menschliche Fehler<\/h1>\n<p>Eine gro\u00dfe Anzahl von Codierungsfehlern entstehen aufgrund menschlichen Versagens, wie beispielsweise der falschen Einstellungen der Systeme, das Ausw\u00e4hlen der falschen Etiketten oder einer Kombination aus Beiden. Zus\u00e4tzlich zu diesen vermeidbaren Fehlern, sind unn\u00f6tig komplizierte, nicht benutzerfreundliche Prozesse oder Kommunikations- (und Sprach-) Barrieren h\u00e4ufig genannte Fehlerursachen.<\/p>\n<p>Die L\u00f6sung liegt eindeutig bei den <strong><u>automatischen Steuerungen<\/u><\/strong> und damit der Reduzierung der durch Menschen verursachten Fehler auf ein Minimum.<\/p>\n<p><span style=\"color: #ffffff\">.<\/span><\/p>\n<h2>Automatische Steuerungen, Warnungen und Benutzerrechte<\/h2>\n<p>Durch den Einsatz unserer Systeme werden Benutzerfehler, weitgehend ausgeschlossen, indem Prozesse automatisiert werden und somit kein Raum mehr f\u00fcr diese Fehler vorhanden ist. Dies beginnt schon mit einer Bestandsaufnahme der notwendigen Prozessschritte, die beim Start eines Produktionslaufs durchgef\u00fchrt werden sollen und m\u00fcssen.<\/p>\n<p>Alle Arbeitsschritte werden erfasst, automatisiert und, sofern doch ein Benutzereingriff notwendig ist, in Ihrer Behandlung so eingegrenzt, dass Fehler auszuschlie\u00dfen sind . Dies kann bspw. durch Warnungen auf dem Bedienerbildschirm \u00a0f\u00fcr unlogische Etiketten\/Zeilenauswahlen geschehen, die mit Symbolen anstelle von Worten (um Sprachbarrieren vorzubeugen) kommuniziert werden, oder durch die Einrichtung bestimmter Nutzungsrechte, damit \u00c4nderungen nur durch legitimierte und geschulte Benutzer durchgef\u00fchrt werden k\u00f6nnen.<\/p>\n<p><img loading=\"lazy\" decoding=\"async\" class=\"alignleft wp-image-4388 size-full\" src=\"http:\/\/kortho.com\/de\/wp-content\/uploads\/sites\/5\/2016\/06\/Kein-Raum-fuer-menschliche-Fehler-840x280-mit-Kortho-und-Nicelabel-v3.png\" alt=\"\" width=\"840\" height=\"272\" srcset=\"https:\/\/kortho.com\/de\/wp-content\/uploads\/sites\/5\/2016\/06\/Kein-Raum-fuer-menschliche-Fehler-840x280-mit-Kortho-und-Nicelabel-v3.png 840w, https:\/\/kortho.com\/de\/wp-content\/uploads\/sites\/5\/2016\/06\/Kein-Raum-fuer-menschliche-Fehler-840x280-mit-Kortho-und-Nicelabel-v3-300x97.png 300w, https:\/\/kortho.com\/de\/wp-content\/uploads\/sites\/5\/2016\/06\/Kein-Raum-fuer-menschliche-Fehler-840x280-mit-Kortho-und-Nicelabel-v3-768x249.png 768w\" sizes=\"(max-width: 840px) 100vw, 840px\" \/><\/p>\n<h3>Downloads<\/h3>\n<ul>\n<li>Drivers: <span style=\"text-decoration: underline\"><span style=\"color: #0000ff\"><a style=\"color: #0000ff;text-decoration: underline\" href=\"http:\/\/www.nicelabel.com\/downloads\/nicedrivers\/kortho\/?uid=00094\" target=\"_blank\">Kortho<\/a><\/span><\/span>\u00a0&amp;\u00a0 <span style=\"text-decoration: underline;color: #0000ff\"><a style=\"color: #0000ff;text-decoration: underline\" href=\"http:\/\/www.nicelabel.com\/downloads\/nicedrivers\/cab\/?uid=00094\" target=\"_blank\">Cab<\/a><\/span>\u00a0&amp; <span style=\"text-decoration: underline\"><span style=\"color: #0000ff\"><a style=\"color: #0000ff;text-decoration: underline\" href=\"http:\/\/www.nicelabel.com\/downloads\/nicedrivers\/avery\/?uid=00094\" target=\"_blank\">Avery<\/a><\/span><\/span><\/li>\n<li>Software: <a title=\"Powerforms Desktop\" href=\"http:\/\/www.nicelabel.com\/products\/powerforms-desktop\/?uid=00094\" target=\"_blank\"><span style=\"text-decoration: underline;color: #0000ff\"><span style=\"text-decoration: underline\">Nicelabel Label Management Software<\/span><\/span><\/a><\/li>\n<li>Leaflet:\u00a0<a title=\"Automatiseer in 3 stappen\" href=\"http:\/\/kortho.com\/wp-content\/uploads\/2015\/07\/Kortho-Sluit-Codeerfouten-uit-Automatiseer-in-3-stappen-Hoe-werkt-het-16-06-15.pdf\" target=\"_blank\"><span style=\"text-decoration: underline;color: #0000ff\">Kortho NOG AAN TE PASSEN Software leaflet<\/span><\/a><\/li>\n<\/ul>\n<p>&nbsp;<\/p>\n","protected":false},"excerpt":{"rendered":"<p>Kein Raum f\u00fcr menschliche Fehler Eine gro\u00dfe Anzahl von Codierungsfehlern entstehen aufgrund menschlichen Versagens, wie beispielsweise der falschen Einstellungen der&hellip;<\/p>\n","protected":false},"author":1,"featured_media":4391,"parent":394,"menu_order":5,"comment_status":"closed","ping_status":"closed","template":"page_taxonomy_child.php","meta":{"_monsterinsights_skip_tracking":false,"_monsterinsights_sitenote_active":false,"_monsterinsights_sitenote_note":"","_monsterinsights_sitenote_category":0,"footnotes":""},"class_list":["post-403","page","type-page","status-publish","format-standard","has-post-thumbnail","hentry"],"yoast_head":"<!-- This site is optimized with the Yoast SEO plugin v23.6 - https:\/\/yoast.com\/wordpress\/plugins\/seo\/ -->\n<title>Kein Raum f\u00fcr menschliche Fehler - Kortho - Deutschland<\/title>\n<meta name=\"robots\" content=\"index, follow, max-snippet:-1, max-image-preview:large, max-video-preview:-1\" \/>\n<link rel=\"canonical\" href=\"https:\/\/kortho.com\/de\/losungen\/automatisierung\/kein-raum-fur-menschliche-fehler\/\" \/>\n<meta property=\"og:locale\" content=\"en_US\" \/>\n<meta property=\"og:type\" content=\"article\" \/>\n<meta property=\"og:title\" content=\"Kein Raum f\u00fcr menschliche Fehler - Kortho - Deutschland\" \/>\n<meta property=\"og:description\" content=\"Kein Raum f\u00fcr menschliche Fehler Eine gro\u00dfe Anzahl von Codierungsfehlern entstehen aufgrund menschlichen Versagens, wie beispielsweise der falschen Einstellungen der&hellip;\" \/>\n<meta property=\"og:url\" content=\"https:\/\/kortho.com\/de\/losungen\/automatisierung\/kein-raum-fur-menschliche-fehler\/\" \/>\n<meta property=\"og:site_name\" content=\"Kortho - Deutschland\" \/>\n<meta property=\"article:modified_time\" content=\"2016-06-10T09:23:57+00:00\" \/>\n<meta property=\"og:image\" content=\"https:\/\/kortho.com\/de\/wp-content\/uploads\/sites\/5\/2016\/06\/Kein-Raum-fuer-menschliche-Fehler-mit-Kortho-und-Nicelabel-280-280-v4-zl.png\" \/>\n\t<meta property=\"og:image:width\" content=\"280\" \/>\n\t<meta property=\"og:image:height\" content=\"280\" \/>\n\t<meta property=\"og:image:type\" content=\"image\/png\" \/>\n<meta name=\"twitter:card\" content=\"summary_large_image\" \/>\n<meta name=\"twitter:label1\" content=\"Est. reading time\" \/>\n\t<meta name=\"twitter:data1\" content=\"1 minute\" \/>\n<script type=\"application\/ld+json\" class=\"yoast-schema-graph\">{\"@context\":\"https:\/\/schema.org\",\"@graph\":[{\"@type\":\"WebPage\",\"@id\":\"https:\/\/kortho.com\/de\/losungen\/automatisierung\/kein-raum-fur-menschliche-fehler\/\",\"url\":\"https:\/\/kortho.com\/de\/losungen\/automatisierung\/kein-raum-fur-menschliche-fehler\/\",\"name\":\"Kein Raum f\u00fcr menschliche Fehler - Kortho - Deutschland\",\"isPartOf\":{\"@id\":\"https:\/\/kortho.com\/de\/#website\"},\"primaryImageOfPage\":{\"@id\":\"https:\/\/kortho.com\/de\/losungen\/automatisierung\/kein-raum-fur-menschliche-fehler\/#primaryimage\"},\"image\":{\"@id\":\"https:\/\/kortho.com\/de\/losungen\/automatisierung\/kein-raum-fur-menschliche-fehler\/#primaryimage\"},\"thumbnailUrl\":\"https:\/\/kortho.com\/de\/wp-content\/uploads\/sites\/5\/2016\/06\/Kein-Raum-fuer-menschliche-Fehler-mit-Kortho-und-Nicelabel-280-280-v4-zl.png\",\"datePublished\":\"2015-01-11T19:39:32+00:00\",\"dateModified\":\"2016-06-10T09:23:57+00:00\",\"breadcrumb\":{\"@id\":\"https:\/\/kortho.com\/de\/losungen\/automatisierung\/kein-raum-fur-menschliche-fehler\/#breadcrumb\"},\"inLanguage\":\"en-US\",\"potentialAction\":[{\"@type\":\"ReadAction\",\"target\":[\"https:\/\/kortho.com\/de\/losungen\/automatisierung\/kein-raum-fur-menschliche-fehler\/\"]}]},{\"@type\":\"ImageObject\",\"inLanguage\":\"en-US\",\"@id\":\"https:\/\/kortho.com\/de\/losungen\/automatisierung\/kein-raum-fur-menschliche-fehler\/#primaryimage\",\"url\":\"https:\/\/kortho.com\/de\/wp-content\/uploads\/sites\/5\/2016\/06\/Kein-Raum-fuer-menschliche-Fehler-mit-Kortho-und-Nicelabel-280-280-v4-zl.png\",\"contentUrl\":\"https:\/\/kortho.com\/de\/wp-content\/uploads\/sites\/5\/2016\/06\/Kein-Raum-fuer-menschliche-Fehler-mit-Kortho-und-Nicelabel-280-280-v4-zl.png\",\"width\":280,\"height\":280},{\"@type\":\"BreadcrumbList\",\"@id\":\"https:\/\/kortho.com\/de\/losungen\/automatisierung\/kein-raum-fur-menschliche-fehler\/#breadcrumb\",\"itemListElement\":[{\"@type\":\"ListItem\",\"position\":1,\"name\":\"Home\",\"item\":\"https:\/\/kortho.com\/de\/\"},{\"@type\":\"ListItem\",\"position\":2,\"name\":\"L\u00f6sungen\",\"item\":\"https:\/\/kortho.com\/de\/losungen\/\"},{\"@type\":\"ListItem\",\"position\":3,\"name\":\"Software\",\"item\":\"https:\/\/kortho.com\/de\/losungen\/automatisierung\/\"},{\"@type\":\"ListItem\",\"position\":4,\"name\":\"Kein Raum f\u00fcr menschliche Fehler\"}]},{\"@type\":\"WebSite\",\"@id\":\"https:\/\/kortho.com\/de\/#website\",\"url\":\"https:\/\/kortho.com\/de\/\",\"name\":\"Kortho - Deutschland\",\"description\":\"Coding Competence\",\"potentialAction\":[{\"@type\":\"SearchAction\",\"target\":{\"@type\":\"EntryPoint\",\"urlTemplate\":\"https:\/\/kortho.com\/de\/?s={search_term_string}\"},\"query-input\":{\"@type\":\"PropertyValueSpecification\",\"valueRequired\":true,\"valueName\":\"search_term_string\"}}],\"inLanguage\":\"en-US\"}]}<\/script>\n<!-- \/ Yoast SEO plugin. -->","yoast_head_json":{"title":"Kein Raum f\u00fcr menschliche Fehler - Kortho - Deutschland","robots":{"index":"index","follow":"follow","max-snippet":"max-snippet:-1","max-image-preview":"max-image-preview:large","max-video-preview":"max-video-preview:-1"},"canonical":"https:\/\/kortho.com\/de\/losungen\/automatisierung\/kein-raum-fur-menschliche-fehler\/","og_locale":"en_US","og_type":"article","og_title":"Kein Raum f\u00fcr menschliche Fehler - Kortho - Deutschland","og_description":"Kein Raum f\u00fcr menschliche Fehler Eine gro\u00dfe Anzahl von Codierungsfehlern entstehen aufgrund menschlichen Versagens, wie beispielsweise der falschen Einstellungen der&hellip;","og_url":"https:\/\/kortho.com\/de\/losungen\/automatisierung\/kein-raum-fur-menschliche-fehler\/","og_site_name":"Kortho - Deutschland","article_modified_time":"2016-06-10T09:23:57+00:00","og_image":[{"width":280,"height":280,"url":"https:\/\/kortho.com\/de\/wp-content\/uploads\/sites\/5\/2016\/06\/Kein-Raum-fuer-menschliche-Fehler-mit-Kortho-und-Nicelabel-280-280-v4-zl.png","type":"image\/png"}],"twitter_card":"summary_large_image","twitter_misc":{"Est. reading time":"1 minute"},"schema":{"@context":"https:\/\/schema.org","@graph":[{"@type":"WebPage","@id":"https:\/\/kortho.com\/de\/losungen\/automatisierung\/kein-raum-fur-menschliche-fehler\/","url":"https:\/\/kortho.com\/de\/losungen\/automatisierung\/kein-raum-fur-menschliche-fehler\/","name":"Kein Raum f\u00fcr menschliche Fehler - Kortho - Deutschland","isPartOf":{"@id":"https:\/\/kortho.com\/de\/#website"},"primaryImageOfPage":{"@id":"https:\/\/kortho.com\/de\/losungen\/automatisierung\/kein-raum-fur-menschliche-fehler\/#primaryimage"},"image":{"@id":"https:\/\/kortho.com\/de\/losungen\/automatisierung\/kein-raum-fur-menschliche-fehler\/#primaryimage"},"thumbnailUrl":"https:\/\/kortho.com\/de\/wp-content\/uploads\/sites\/5\/2016\/06\/Kein-Raum-fuer-menschliche-Fehler-mit-Kortho-und-Nicelabel-280-280-v4-zl.png","datePublished":"2015-01-11T19:39:32+00:00","dateModified":"2016-06-10T09:23:57+00:00","breadcrumb":{"@id":"https:\/\/kortho.com\/de\/losungen\/automatisierung\/kein-raum-fur-menschliche-fehler\/#breadcrumb"},"inLanguage":"en-US","potentialAction":[{"@type":"ReadAction","target":["https:\/\/kortho.com\/de\/losungen\/automatisierung\/kein-raum-fur-menschliche-fehler\/"]}]},{"@type":"ImageObject","inLanguage":"en-US","@id":"https:\/\/kortho.com\/de\/losungen\/automatisierung\/kein-raum-fur-menschliche-fehler\/#primaryimage","url":"https:\/\/kortho.com\/de\/wp-content\/uploads\/sites\/5\/2016\/06\/Kein-Raum-fuer-menschliche-Fehler-mit-Kortho-und-Nicelabel-280-280-v4-zl.png","contentUrl":"https:\/\/kortho.com\/de\/wp-content\/uploads\/sites\/5\/2016\/06\/Kein-Raum-fuer-menschliche-Fehler-mit-Kortho-und-Nicelabel-280-280-v4-zl.png","width":280,"height":280},{"@type":"BreadcrumbList","@id":"https:\/\/kortho.com\/de\/losungen\/automatisierung\/kein-raum-fur-menschliche-fehler\/#breadcrumb","itemListElement":[{"@type":"ListItem","position":1,"name":"Home","item":"https:\/\/kortho.com\/de\/"},{"@type":"ListItem","position":2,"name":"L\u00f6sungen","item":"https:\/\/kortho.com\/de\/losungen\/"},{"@type":"ListItem","position":3,"name":"Software","item":"https:\/\/kortho.com\/de\/losungen\/automatisierung\/"},{"@type":"ListItem","position":4,"name":"Kein Raum f\u00fcr menschliche Fehler"}]},{"@type":"WebSite","@id":"https:\/\/kortho.com\/de\/#website","url":"https:\/\/kortho.com\/de\/","name":"Kortho - Deutschland","description":"Coding Competence","potentialAction":[{"@type":"SearchAction","target":{"@type":"EntryPoint","urlTemplate":"https:\/\/kortho.com\/de\/?s={search_term_string}"},"query-input":{"@type":"PropertyValueSpecification","valueRequired":true,"valueName":"search_term_string"}}],"inLanguage":"en-US"}]}},"aioseo_notices":[],"_links":{"self":[{"href":"https:\/\/kortho.com\/de\/wp-json\/wp\/v2\/pages\/403"}],"collection":[{"href":"https:\/\/kortho.com\/de\/wp-json\/wp\/v2\/pages"}],"about":[{"href":"https:\/\/kortho.com\/de\/wp-json\/wp\/v2\/types\/page"}],"author":[{"embeddable":true,"href":"https:\/\/kortho.com\/de\/wp-json\/wp\/v2\/users\/1"}],"replies":[{"embeddable":true,"href":"https:\/\/kortho.com\/de\/wp-json\/wp\/v2\/comments?post=403"}],"version-history":[{"count":46,"href":"https:\/\/kortho.com\/de\/wp-json\/wp\/v2\/pages\/403\/revisions"}],"predecessor-version":[{"id":4493,"href":"https:\/\/kortho.com\/de\/wp-json\/wp\/v2\/pages\/403\/revisions\/4493"}],"up":[{"embeddable":true,"href":"https:\/\/kortho.com\/de\/wp-json\/wp\/v2\/pages\/394"}],"wp:featuredmedia":[{"embeddable":true,"href":"https:\/\/kortho.com\/de\/wp-json\/wp\/v2\/media\/4391"}],"wp:attachment":[{"href":"https:\/\/kortho.com\/de\/wp-json\/wp\/v2\/media?parent=403"}],"curies":[{"name":"wp","href":"https:\/\/api.w.org\/{rel}","templated":true}]}}