{"id":405,"date":"2015-01-11T19:40:07","date_gmt":"2015-01-11T19:40:07","guid":{"rendered":"http:\/\/jaspervandermeij.nl\/kortho\/nl\/?page_id=405"},"modified":"2016-06-13T12:18:13","modified_gmt":"2016-06-13T12:18:13","slug":"serialisierung","status":"publish","type":"page","link":"https:\/\/kortho.com\/de\/losungen\/automatisierung\/serialisierung\/","title":{"rendered":"Serialisierung einzelner Produkte"},"content":{"rendered":"<h1><img loading=\"lazy\" decoding=\"async\" class=\"alignleft size-full wp-image-2072\" src=\"http:\/\/kortho.com\/wp-content\/uploads\/2015\/01\/Serialisatie-in-2D-barcodes-met-Kortho2.jpg\" alt=\"Serialisatie-in-2D-barcodes-met-Kortho\" width=\"840\" height=\"139\" srcset=\"https:\/\/kortho.com\/de\/wp-content\/uploads\/sites\/5\/2015\/01\/Serialisatie-in-2D-barcodes-met-Kortho2.jpg 840w, https:\/\/kortho.com\/de\/wp-content\/uploads\/sites\/5\/2015\/01\/Serialisatie-in-2D-barcodes-met-Kortho2-300x50.jpg 300w\" sizes=\"(max-width: 840px) 100vw, 840px\" \/><\/h1>\n<h1>Geben Sie jedem Produkt einen einzigartigen R\u00fcckverfolgungscode<\/h1>\n<p>Die Serialisierung ist ein Prozess, der verwendet wird, um bspw. Produktf\u00e4lschungen entgegen zu wirken.<\/p>\n<p>Dies wird erreicht, indem jedes einzelne Produkt mit einem individuellen 2D-Barcode w\u00e4hrend der Produktion gekennzeichnet wird. Da in der Software gleichzeitig ein Protokoll von allen gedruckten Codes angelegt wird, kann jedes einzelne Produkt durch seinen eindeutigen Code identifiziert werden.<\/p>\n<p>Die <strong><u>R\u00fcckverfolgbarkeit<\/u><\/strong> eines einzelnen Produktes kann damit zu jedem\u00a0 Zeitpunkt <strong><u>garantiert<\/u><\/strong> werden. Hierzu muss nur der aufgedruckte Code mit der Protokolldatei verglichen werden.<\/p>\n<p><span style=\"color: #ffffff\">.<\/span><\/p>\n<h2>Generieren Sie Barcodes in Echtzeit, w\u00e4hrend Sie diese an der Produktionslinie drucken<\/h2>\n<p>Die 2D Barcodes werden als Datens\u00e4tze aus dem ERP \u00fcber das Netzwerk an den Drucker gesendet und nicht als Bitmap. Alle Kortho Inkjet \u2013 und Thermotransfer-Systeme\u00a0 besitzen einen internen Barcode-Generator, der direkt in der Steuerung aus den Datens\u00e4tzen die Grafiken generiert. Dieses Vorgehen erm\u00f6glicht eine sehr hohe Druckgeschwindigkeit, da nicht gro\u00dfvolumige Grafiken, sondern nur Datens\u00e4tze transportiert werden.<\/p>\n<p>Neben den herk\u00f6mmlichen Protokollfunktionen aus dem ERP kann die Protokollierung zudem auch durch angeschlossene Sichtger\u00e4te durchgef\u00fchrt werden. \u00a0Hierzu nutzt Kortho UV-reflektierende Tinte, die so viel Kontrast erzeugt, dass die 2D-Barcodes gescannt werden k\u00f6nnen, selbst wenn das Substrat transparent oder farbig ist. In Kopplung mit der Software kann sichergestellt werden, dass kein Produkt ungekennzeichnet und unregistriert Ihre Produktion verl\u00e4sst.<\/p>\n<p><img loading=\"lazy\" decoding=\"async\" class=\"alignleft wp-image-4394 size-full\" src=\"http:\/\/kortho.com\/de\/wp-content\/uploads\/sites\/5\/2016\/06\/Serialisierung-Geben-Sie-jedem-Produkt-einen-einzigartigen-Rueckverfolgungscode-mit-Kortho-840x-280-v3-1.png\" alt=\"\" width=\"840\" height=\"296\" srcset=\"https:\/\/kortho.com\/de\/wp-content\/uploads\/sites\/5\/2016\/06\/Serialisierung-Geben-Sie-jedem-Produkt-einen-einzigartigen-Rueckverfolgungscode-mit-Kortho-840x-280-v3-1.png 840w, https:\/\/kortho.com\/de\/wp-content\/uploads\/sites\/5\/2016\/06\/Serialisierung-Geben-Sie-jedem-Produkt-einen-einzigartigen-Rueckverfolgungscode-mit-Kortho-840x-280-v3-1-300x106.png 300w, https:\/\/kortho.com\/de\/wp-content\/uploads\/sites\/5\/2016\/06\/Serialisierung-Geben-Sie-jedem-Produkt-einen-einzigartigen-Rueckverfolgungscode-mit-Kortho-840x-280-v3-1-768x271.png 768w\" sizes=\"(max-width: 840px) 100vw, 840px\" \/><\/p>\n<h3>Downloads<\/h3>\n<ul>\n<li>Drivers: <span style=\"text-decoration: underline\"><span style=\"color: #0000ff\"><a style=\"color: #0000ff;text-decoration: underline\" href=\"http:\/\/www.nicelabel.com\/downloads\/nicedrivers\/kortho\/?uid=00094\" target=\"_blank\">Kortho<\/a><\/span><\/span>\u00a0&amp;\u00a0 <span style=\"text-decoration: underline;color: #0000ff\"><a style=\"color: #0000ff;text-decoration: underline\" href=\"http:\/\/www.nicelabel.com\/downloads\/nicedrivers\/cab\/?uid=00094\" target=\"_blank\">Cab<\/a><\/span>\u00a0&amp; <span style=\"text-decoration: underline\"><span style=\"color: #0000ff\"><a style=\"color: #0000ff;text-decoration: underline\" href=\"http:\/\/www.nicelabel.com\/downloads\/nicedrivers\/avery\/?uid=00094\" target=\"_blank\">Avery<\/a><\/span><\/span><\/li>\n<li>Software: <a title=\"Nicelabel Software\" href=\"http:\/\/www.nicelabel.com\/downloads\/all-software-downloads\/?uid=00094\" target=\"_blank\"><span style=\"text-decoration: underline;color: #0000ff\"><span style=\"text-decoration: underline\">Nicelabel Label Management Software<\/span><\/span><\/a><\/li>\n<li>Leaflet:\u00a0<span style=\"text-decoration: underline\"><span style=\"color: #0000ff\"><a style=\"color: #0000ff;text-decoration: underline\" title=\"Automatiseer in 3 stappen\" href=\"http:\/\/kortho.com\/wp-content\/uploads\/2015\/07\/Kortho-Sluit-Codeerfouten-uit-Automatiseer-in-3-stappen-Hoe-werkt-het-16-06-15.pdf\" target=\"_blank\">Kortho NOG AAN TE PASSEN Software leaflet<\/a><\/span><\/span><\/li>\n<\/ul>\n<p>&nbsp;<\/p>\n","protected":false},"excerpt":{"rendered":"<p>Geben Sie jedem Produkt einen einzigartigen R\u00fcckverfolgungscode Die Serialisierung ist ein Prozess, der verwendet wird, um bspw. Produktf\u00e4lschungen entgegen zu&hellip;<\/p>\n","protected":false},"author":1,"featured_media":1972,"parent":394,"menu_order":6,"comment_status":"closed","ping_status":"closed","template":"page_taxonomy_child.php","meta":{"_monsterinsights_skip_tracking":false,"_monsterinsights_sitenote_active":false,"_monsterinsights_sitenote_note":"","_monsterinsights_sitenote_category":0,"footnotes":""},"class_list":["post-405","page","type-page","status-publish","format-standard","has-post-thumbnail","hentry"],"yoast_head":"<!-- This site is optimized with the Yoast SEO plugin v23.6 - https:\/\/yoast.com\/wordpress\/plugins\/seo\/ -->\n<title>Serialisierung einzelner Produkte - Kortho - Deutschland<\/title>\n<meta name=\"robots\" content=\"index, follow, max-snippet:-1, max-image-preview:large, max-video-preview:-1\" \/>\n<link rel=\"canonical\" href=\"https:\/\/kortho.com\/de\/losungen\/automatisierung\/serialisierung\/\" \/>\n<meta property=\"og:locale\" content=\"en_US\" \/>\n<meta property=\"og:type\" content=\"article\" \/>\n<meta property=\"og:title\" content=\"Serialisierung einzelner Produkte - Kortho - Deutschland\" \/>\n<meta property=\"og:description\" content=\"Geben Sie jedem Produkt einen einzigartigen R\u00fcckverfolgungscode Die Serialisierung ist ein Prozess, der verwendet wird, um bspw. Produktf\u00e4lschungen entgegen zu&hellip;\" \/>\n<meta property=\"og:url\" content=\"https:\/\/kortho.com\/de\/losungen\/automatisierung\/serialisierung\/\" \/>\n<meta property=\"og:site_name\" content=\"Kortho - Deutschland\" \/>\n<meta property=\"article:modified_time\" content=\"2016-06-13T12:18:13+00:00\" \/>\n<meta property=\"og:image\" content=\"https:\/\/kortho.com\/de\/wp-content\/uploads\/sites\/5\/2015\/07\/Serialisatie-met-Kortho-en-Nicelabe-met-2D-barcodes.jpg\" \/>\n\t<meta property=\"og:image:width\" content=\"280\" \/>\n\t<meta property=\"og:image:height\" content=\"280\" \/>\n\t<meta property=\"og:image:type\" content=\"image\/jpeg\" \/>\n<meta name=\"twitter:card\" content=\"summary_large_image\" \/>\n<meta name=\"twitter:label1\" content=\"Est. reading time\" \/>\n\t<meta name=\"twitter:data1\" content=\"1 minute\" \/>\n<script type=\"application\/ld+json\" class=\"yoast-schema-graph\">{\"@context\":\"https:\/\/schema.org\",\"@graph\":[{\"@type\":\"WebPage\",\"@id\":\"https:\/\/kortho.com\/de\/losungen\/automatisierung\/serialisierung\/\",\"url\":\"https:\/\/kortho.com\/de\/losungen\/automatisierung\/serialisierung\/\",\"name\":\"Serialisierung einzelner Produkte - Kortho - Deutschland\",\"isPartOf\":{\"@id\":\"https:\/\/kortho.com\/de\/#website\"},\"primaryImageOfPage\":{\"@id\":\"https:\/\/kortho.com\/de\/losungen\/automatisierung\/serialisierung\/#primaryimage\"},\"image\":{\"@id\":\"https:\/\/kortho.com\/de\/losungen\/automatisierung\/serialisierung\/#primaryimage\"},\"thumbnailUrl\":\"https:\/\/kortho.com\/de\/wp-content\/uploads\/sites\/5\/2015\/07\/Serialisatie-met-Kortho-en-Nicelabe-met-2D-barcodes.jpg\",\"datePublished\":\"2015-01-11T19:40:07+00:00\",\"dateModified\":\"2016-06-13T12:18:13+00:00\",\"breadcrumb\":{\"@id\":\"https:\/\/kortho.com\/de\/losungen\/automatisierung\/serialisierung\/#breadcrumb\"},\"inLanguage\":\"en-US\",\"potentialAction\":[{\"@type\":\"ReadAction\",\"target\":[\"https:\/\/kortho.com\/de\/losungen\/automatisierung\/serialisierung\/\"]}]},{\"@type\":\"ImageObject\",\"inLanguage\":\"en-US\",\"@id\":\"https:\/\/kortho.com\/de\/losungen\/automatisierung\/serialisierung\/#primaryimage\",\"url\":\"https:\/\/kortho.com\/de\/wp-content\/uploads\/sites\/5\/2015\/07\/Serialisatie-met-Kortho-en-Nicelabe-met-2D-barcodes.jpg\",\"contentUrl\":\"https:\/\/kortho.com\/de\/wp-content\/uploads\/sites\/5\/2015\/07\/Serialisatie-met-Kortho-en-Nicelabe-met-2D-barcodes.jpg\",\"width\":280,\"height\":280},{\"@type\":\"BreadcrumbList\",\"@id\":\"https:\/\/kortho.com\/de\/losungen\/automatisierung\/serialisierung\/#breadcrumb\",\"itemListElement\":[{\"@type\":\"ListItem\",\"position\":1,\"name\":\"Home\",\"item\":\"https:\/\/kortho.com\/de\/\"},{\"@type\":\"ListItem\",\"position\":2,\"name\":\"L\u00f6sungen\",\"item\":\"https:\/\/kortho.com\/de\/losungen\/\"},{\"@type\":\"ListItem\",\"position\":3,\"name\":\"Software\",\"item\":\"https:\/\/kortho.com\/de\/losungen\/automatisierung\/\"},{\"@type\":\"ListItem\",\"position\":4,\"name\":\"Serialisierung einzelner Produkte\"}]},{\"@type\":\"WebSite\",\"@id\":\"https:\/\/kortho.com\/de\/#website\",\"url\":\"https:\/\/kortho.com\/de\/\",\"name\":\"Kortho - Deutschland\",\"description\":\"Coding Competence\",\"potentialAction\":[{\"@type\":\"SearchAction\",\"target\":{\"@type\":\"EntryPoint\",\"urlTemplate\":\"https:\/\/kortho.com\/de\/?s={search_term_string}\"},\"query-input\":{\"@type\":\"PropertyValueSpecification\",\"valueRequired\":true,\"valueName\":\"search_term_string\"}}],\"inLanguage\":\"en-US\"}]}<\/script>\n<!-- \/ Yoast SEO plugin. -->","yoast_head_json":{"title":"Serialisierung einzelner Produkte - Kortho - Deutschland","robots":{"index":"index","follow":"follow","max-snippet":"max-snippet:-1","max-image-preview":"max-image-preview:large","max-video-preview":"max-video-preview:-1"},"canonical":"https:\/\/kortho.com\/de\/losungen\/automatisierung\/serialisierung\/","og_locale":"en_US","og_type":"article","og_title":"Serialisierung einzelner Produkte - Kortho - Deutschland","og_description":"Geben Sie jedem Produkt einen einzigartigen R\u00fcckverfolgungscode Die Serialisierung ist ein Prozess, der verwendet wird, um bspw. Produktf\u00e4lschungen entgegen zu&hellip;","og_url":"https:\/\/kortho.com\/de\/losungen\/automatisierung\/serialisierung\/","og_site_name":"Kortho - Deutschland","article_modified_time":"2016-06-13T12:18:13+00:00","og_image":[{"width":280,"height":280,"url":"https:\/\/kortho.com\/de\/wp-content\/uploads\/sites\/5\/2015\/07\/Serialisatie-met-Kortho-en-Nicelabe-met-2D-barcodes.jpg","type":"image\/jpeg"}],"twitter_card":"summary_large_image","twitter_misc":{"Est. reading time":"1 minute"},"schema":{"@context":"https:\/\/schema.org","@graph":[{"@type":"WebPage","@id":"https:\/\/kortho.com\/de\/losungen\/automatisierung\/serialisierung\/","url":"https:\/\/kortho.com\/de\/losungen\/automatisierung\/serialisierung\/","name":"Serialisierung einzelner Produkte - Kortho - Deutschland","isPartOf":{"@id":"https:\/\/kortho.com\/de\/#website"},"primaryImageOfPage":{"@id":"https:\/\/kortho.com\/de\/losungen\/automatisierung\/serialisierung\/#primaryimage"},"image":{"@id":"https:\/\/kortho.com\/de\/losungen\/automatisierung\/serialisierung\/#primaryimage"},"thumbnailUrl":"https:\/\/kortho.com\/de\/wp-content\/uploads\/sites\/5\/2015\/07\/Serialisatie-met-Kortho-en-Nicelabe-met-2D-barcodes.jpg","datePublished":"2015-01-11T19:40:07+00:00","dateModified":"2016-06-13T12:18:13+00:00","breadcrumb":{"@id":"https:\/\/kortho.com\/de\/losungen\/automatisierung\/serialisierung\/#breadcrumb"},"inLanguage":"en-US","potentialAction":[{"@type":"ReadAction","target":["https:\/\/kortho.com\/de\/losungen\/automatisierung\/serialisierung\/"]}]},{"@type":"ImageObject","inLanguage":"en-US","@id":"https:\/\/kortho.com\/de\/losungen\/automatisierung\/serialisierung\/#primaryimage","url":"https:\/\/kortho.com\/de\/wp-content\/uploads\/sites\/5\/2015\/07\/Serialisatie-met-Kortho-en-Nicelabe-met-2D-barcodes.jpg","contentUrl":"https:\/\/kortho.com\/de\/wp-content\/uploads\/sites\/5\/2015\/07\/Serialisatie-met-Kortho-en-Nicelabe-met-2D-barcodes.jpg","width":280,"height":280},{"@type":"BreadcrumbList","@id":"https:\/\/kortho.com\/de\/losungen\/automatisierung\/serialisierung\/#breadcrumb","itemListElement":[{"@type":"ListItem","position":1,"name":"Home","item":"https:\/\/kortho.com\/de\/"},{"@type":"ListItem","position":2,"name":"L\u00f6sungen","item":"https:\/\/kortho.com\/de\/losungen\/"},{"@type":"ListItem","position":3,"name":"Software","item":"https:\/\/kortho.com\/de\/losungen\/automatisierung\/"},{"@type":"ListItem","position":4,"name":"Serialisierung einzelner Produkte"}]},{"@type":"WebSite","@id":"https:\/\/kortho.com\/de\/#website","url":"https:\/\/kortho.com\/de\/","name":"Kortho - Deutschland","description":"Coding Competence","potentialAction":[{"@type":"SearchAction","target":{"@type":"EntryPoint","urlTemplate":"https:\/\/kortho.com\/de\/?s={search_term_string}"},"query-input":{"@type":"PropertyValueSpecification","valueRequired":true,"valueName":"search_term_string"}}],"inLanguage":"en-US"}]}},"aioseo_notices":[],"_links":{"self":[{"href":"https:\/\/kortho.com\/de\/wp-json\/wp\/v2\/pages\/405"}],"collection":[{"href":"https:\/\/kortho.com\/de\/wp-json\/wp\/v2\/pages"}],"about":[{"href":"https:\/\/kortho.com\/de\/wp-json\/wp\/v2\/types\/page"}],"author":[{"embeddable":true,"href":"https:\/\/kortho.com\/de\/wp-json\/wp\/v2\/users\/1"}],"replies":[{"embeddable":true,"href":"https:\/\/kortho.com\/de\/wp-json\/wp\/v2\/comments?post=405"}],"version-history":[{"count":58,"href":"https:\/\/kortho.com\/de\/wp-json\/wp\/v2\/pages\/405\/revisions"}],"predecessor-version":[{"id":4521,"href":"https:\/\/kortho.com\/de\/wp-json\/wp\/v2\/pages\/405\/revisions\/4521"}],"up":[{"embeddable":true,"href":"https:\/\/kortho.com\/de\/wp-json\/wp\/v2\/pages\/394"}],"wp:featuredmedia":[{"embeddable":true,"href":"https:\/\/kortho.com\/de\/wp-json\/wp\/v2\/media\/1972"}],"wp:attachment":[{"href":"https:\/\/kortho.com\/de\/wp-json\/wp\/v2\/media?parent=405"}],"curies":[{"name":"wp","href":"https:\/\/api.w.org\/{rel}","templated":true}]}}