{"id":407,"date":"2015-01-11T19:40:44","date_gmt":"2015-01-11T19:40:44","guid":{"rendered":"http:\/\/jaspervandermeij.nl\/kortho\/nl\/?page_id=407"},"modified":"2016-06-13T12:19:05","modified_gmt":"2016-06-13T12:19:05","slug":"uberprufen-sie-ihre-codes","status":"publish","type":"page","link":"https:\/\/kortho.com\/de\/losungen\/automatisierung\/uberprufen-sie-ihre-codes\/","title":{"rendered":"\u00dcberpr\u00fcfen Sie Ihre gedruckten Codes"},"content":{"rendered":"<h1><img loading=\"lazy\" decoding=\"async\" class=\"alignleft wp-image-4396 size-full\" src=\"http:\/\/kortho.com\/de\/wp-content\/uploads\/sites\/5\/2016\/06\/Ueberpruefen-Sie-Ihre-Codes-mit-Kortho-und-Nicelabel-840x138.png\" alt=\"\" width=\"840\" height=\"148\" srcset=\"https:\/\/kortho.com\/de\/wp-content\/uploads\/sites\/5\/2016\/06\/Ueberpruefen-Sie-Ihre-Codes-mit-Kortho-und-Nicelabel-840x138.png 840w, https:\/\/kortho.com\/de\/wp-content\/uploads\/sites\/5\/2016\/06\/Ueberpruefen-Sie-Ihre-Codes-mit-Kortho-und-Nicelabel-840x138-300x53.png 300w, https:\/\/kortho.com\/de\/wp-content\/uploads\/sites\/5\/2016\/06\/Ueberpruefen-Sie-Ihre-Codes-mit-Kortho-und-Nicelabel-840x138-768x135.png 768w\" sizes=\"(max-width: 840px) 100vw, 840px\" \/><\/h1>\n<h1>\u00dcberpr\u00fcfen Sie Ihre Codes<\/h1>\n<p>\u00dcberpr\u00fcfung der Codierung<\/p>\n<p>Codierungsfehler k\u00f6nnen nicht nur von Anfang an durch Automatisierung verhindert werden, sondern weitere physikalische \u00dcberpr\u00fcfungen am Ende der Produktionslinie erh\u00f6hen ihre Sicherheit. Hierzu k\u00f6nnen Kontrollger\u00e4te wie Sicht-, Abw\u00e4g- oder Me\u00dfsysteme eingesetzt werden, wobei solches externes Equipment ebenfalls eingesetzt werden kann um dynamische Drucke zu erzeugen, wie Gewichtsangaben und Preise, l\u00e4ngen oder Mengenangaben.<\/p>\n<p><span style=\"color: #ffffff\">.<\/span><\/p>\n<h2>\u201cPlug-and-Play\u201d Integration von Wiegen, Scannen und Messausr\u00fcstung<\/h2>\n<p>Plug-and-Play\u201d Integration von externen Ger\u00e4ten<br \/>\nDank der standardisierten Protokolle von Kortho Systemen, k\u00f6nnen externe Ger\u00e4te direkt und ohne eine komplizierte Integration eingebunden und verkn\u00fcpft werden. Druckwerte vom ERP k\u00f6nnen an den Drucker und die Pr\u00fcfeinrichtung gleichzeitig gesendet werden. Treten dann Abweichungen zwischen den Daten und dem physischen Druck nach dem Scannen\/Wiegen auf, wird ein Alarmsignal erzeugt. Dieses Alarmsignal kann dann dazu genutzt werden, um eine Aktion wie das Anhalten der Produktionslinie und\/oder eine Warnung auf dem Produktionscomputers zu initiieren.<\/p>\n<p><span style=\"color: #ffffff\">.<\/span><br \/>\n<img loading=\"lazy\" decoding=\"async\" class=\"alignleft wp-image-4402 size-full\" src=\"http:\/\/kortho.com\/de\/wp-content\/uploads\/sites\/5\/2016\/06\/Kortho-und-Nicelabel-Plug-and-Play-Integration-von-Wiegen-Scannen-und-Messausruestung-840x-280.png\" alt=\"\" width=\"840\" height=\"280\" srcset=\"https:\/\/kortho.com\/de\/wp-content\/uploads\/sites\/5\/2016\/06\/Kortho-und-Nicelabel-Plug-and-Play-Integration-von-Wiegen-Scannen-und-Messausruestung-840x-280.png 840w, https:\/\/kortho.com\/de\/wp-content\/uploads\/sites\/5\/2016\/06\/Kortho-und-Nicelabel-Plug-and-Play-Integration-von-Wiegen-Scannen-und-Messausruestung-840x-280-300x100.png 300w, https:\/\/kortho.com\/de\/wp-content\/uploads\/sites\/5\/2016\/06\/Kortho-und-Nicelabel-Plug-and-Play-Integration-von-Wiegen-Scannen-und-Messausruestung-840x-280-768x256.png 768w\" sizes=\"(max-width: 840px) 100vw, 840px\" \/><\/p>\n<h3>Downloads<\/h3>\n<ul>\n<li>Drivers: <span style=\"text-decoration: underline\"><span style=\"color: #0000ff\"><a style=\"color: #0000ff;text-decoration: underline\" href=\"http:\/\/www.nicelabel.com\/downloads\/nicedrivers\/kortho\/?uid=00094\" target=\"_blank\">Kortho<\/a><\/span><\/span> &amp; <span style=\"text-decoration: underline;color: #0000ff\"><a style=\"color: #0000ff;text-decoration: underline\" href=\"http:\/\/www.nicelabel.com\/downloads\/nicedrivers\/cab\/?uid=00094\" target=\"_blank\">Cab<\/a><\/span>\u00a0&amp; <span style=\"text-decoration: underline\"><span style=\"color: #0000ff\"><a style=\"color: #0000ff;text-decoration: underline\" href=\"http:\/\/www.nicelabel.com\/downloads\/nicedrivers\/avery\/?uid=00094\" target=\"_blank\">Avery<\/a><\/span><\/span><\/li>\n<li>Software: <a title=\"Nicelabel Software\" href=\"http:\/\/www.nicelabel.com\/downloads\/all-software-downloads\/?uid=00094\" target=\"_blank\"><span style=\"text-decoration: underline;color: #0000ff\"><span style=\"text-decoration: underline\">Nicelabel Label Management Software<\/span><\/span><\/a><\/li>\n<li>Leaflet:\u00a0<a title=\"Automatiseer in 3 stappen\" href=\"http:\/\/kortho.com\/wp-content\/uploads\/2015\/07\/Kortho-Sluit-Codeerfouten-uit-Automatiseer-in-3-stappen-Hoe-werkt-het-16-06-15.pdf\" target=\"_blank\"><span style=\"text-decoration: underline;color: #0000ff\">Kortho NOG AAN TE PASSEN Software leaflet<\/span><\/a><\/li>\n<\/ul>\n<p>&nbsp;<\/p>\n","protected":false},"excerpt":{"rendered":"<p>\u00dcberpr\u00fcfen Sie Ihre Codes \u00dcberpr\u00fcfung der Codierung Codierungsfehler k\u00f6nnen nicht nur von Anfang an durch Automatisierung verhindert werden, sondern weitere&hellip;<\/p>\n","protected":false},"author":1,"featured_media":2033,"parent":394,"menu_order":7,"comment_status":"closed","ping_status":"closed","template":"page_taxonomy_child.php","meta":{"_monsterinsights_skip_tracking":false,"_monsterinsights_sitenote_active":false,"_monsterinsights_sitenote_note":"","_monsterinsights_sitenote_category":0,"footnotes":""},"class_list":["post-407","page","type-page","status-publish","format-standard","has-post-thumbnail","hentry"],"yoast_head":"<!-- This site is optimized with the Yoast SEO plugin v23.6 - https:\/\/yoast.com\/wordpress\/plugins\/seo\/ -->\n<title>\u00dcberpr\u00fcfen Sie Ihre gedruckten Codes - Kortho - Deutschland<\/title>\n<meta name=\"robots\" content=\"index, follow, max-snippet:-1, max-image-preview:large, max-video-preview:-1\" \/>\n<link rel=\"canonical\" href=\"https:\/\/kortho.com\/de\/losungen\/automatisierung\/uberprufen-sie-ihre-codes\/\" \/>\n<meta property=\"og:locale\" content=\"en_US\" \/>\n<meta property=\"og:type\" content=\"article\" \/>\n<meta property=\"og:title\" content=\"\u00dcberpr\u00fcfen Sie Ihre gedruckten Codes - Kortho - Deutschland\" \/>\n<meta property=\"og:description\" content=\"\u00dcberpr\u00fcfen Sie Ihre Codes \u00dcberpr\u00fcfung der Codierung Codierungsfehler k\u00f6nnen nicht nur von Anfang an durch Automatisierung verhindert werden, sondern weitere&hellip;\" \/>\n<meta property=\"og:url\" content=\"https:\/\/kortho.com\/de\/losungen\/automatisierung\/uberprufen-sie-ihre-codes\/\" \/>\n<meta property=\"og:site_name\" content=\"Kortho - Deutschland\" \/>\n<meta property=\"article:modified_time\" content=\"2016-06-13T12:19:05+00:00\" \/>\n<meta property=\"og:image\" content=\"https:\/\/kortho.com\/de\/wp-content\/uploads\/sites\/5\/2015\/07\/Integreer-checksystemen-met-Nicelabel.jpg\" \/>\n\t<meta property=\"og:image:width\" content=\"280\" \/>\n\t<meta property=\"og:image:height\" content=\"280\" \/>\n\t<meta property=\"og:image:type\" content=\"image\/jpeg\" \/>\n<meta name=\"twitter:card\" content=\"summary_large_image\" \/>\n<meta name=\"twitter:label1\" content=\"Est. reading time\" \/>\n\t<meta name=\"twitter:data1\" content=\"1 minute\" \/>\n<script type=\"application\/ld+json\" class=\"yoast-schema-graph\">{\"@context\":\"https:\/\/schema.org\",\"@graph\":[{\"@type\":\"WebPage\",\"@id\":\"https:\/\/kortho.com\/de\/losungen\/automatisierung\/uberprufen-sie-ihre-codes\/\",\"url\":\"https:\/\/kortho.com\/de\/losungen\/automatisierung\/uberprufen-sie-ihre-codes\/\",\"name\":\"\u00dcberpr\u00fcfen Sie Ihre gedruckten Codes - Kortho - Deutschland\",\"isPartOf\":{\"@id\":\"https:\/\/kortho.com\/de\/#website\"},\"primaryImageOfPage\":{\"@id\":\"https:\/\/kortho.com\/de\/losungen\/automatisierung\/uberprufen-sie-ihre-codes\/#primaryimage\"},\"image\":{\"@id\":\"https:\/\/kortho.com\/de\/losungen\/automatisierung\/uberprufen-sie-ihre-codes\/#primaryimage\"},\"thumbnailUrl\":\"https:\/\/kortho.com\/de\/wp-content\/uploads\/sites\/5\/2015\/07\/Integreer-checksystemen-met-Nicelabel.jpg\",\"datePublished\":\"2015-01-11T19:40:44+00:00\",\"dateModified\":\"2016-06-13T12:19:05+00:00\",\"breadcrumb\":{\"@id\":\"https:\/\/kortho.com\/de\/losungen\/automatisierung\/uberprufen-sie-ihre-codes\/#breadcrumb\"},\"inLanguage\":\"en-US\",\"potentialAction\":[{\"@type\":\"ReadAction\",\"target\":[\"https:\/\/kortho.com\/de\/losungen\/automatisierung\/uberprufen-sie-ihre-codes\/\"]}]},{\"@type\":\"ImageObject\",\"inLanguage\":\"en-US\",\"@id\":\"https:\/\/kortho.com\/de\/losungen\/automatisierung\/uberprufen-sie-ihre-codes\/#primaryimage\",\"url\":\"https:\/\/kortho.com\/de\/wp-content\/uploads\/sites\/5\/2015\/07\/Integreer-checksystemen-met-Nicelabel.jpg\",\"contentUrl\":\"https:\/\/kortho.com\/de\/wp-content\/uploads\/sites\/5\/2015\/07\/Integreer-checksystemen-met-Nicelabel.jpg\",\"width\":280,\"height\":280},{\"@type\":\"BreadcrumbList\",\"@id\":\"https:\/\/kortho.com\/de\/losungen\/automatisierung\/uberprufen-sie-ihre-codes\/#breadcrumb\",\"itemListElement\":[{\"@type\":\"ListItem\",\"position\":1,\"name\":\"Home\",\"item\":\"https:\/\/kortho.com\/de\/\"},{\"@type\":\"ListItem\",\"position\":2,\"name\":\"L\u00f6sungen\",\"item\":\"https:\/\/kortho.com\/de\/losungen\/\"},{\"@type\":\"ListItem\",\"position\":3,\"name\":\"Software\",\"item\":\"https:\/\/kortho.com\/de\/losungen\/automatisierung\/\"},{\"@type\":\"ListItem\",\"position\":4,\"name\":\"\u00dcberpr\u00fcfen Sie Ihre gedruckten Codes\"}]},{\"@type\":\"WebSite\",\"@id\":\"https:\/\/kortho.com\/de\/#website\",\"url\":\"https:\/\/kortho.com\/de\/\",\"name\":\"Kortho - Deutschland\",\"description\":\"Coding Competence\",\"potentialAction\":[{\"@type\":\"SearchAction\",\"target\":{\"@type\":\"EntryPoint\",\"urlTemplate\":\"https:\/\/kortho.com\/de\/?s={search_term_string}\"},\"query-input\":{\"@type\":\"PropertyValueSpecification\",\"valueRequired\":true,\"valueName\":\"search_term_string\"}}],\"inLanguage\":\"en-US\"}]}<\/script>\n<!-- \/ Yoast SEO plugin. -->","yoast_head_json":{"title":"\u00dcberpr\u00fcfen Sie Ihre gedruckten Codes - Kortho - Deutschland","robots":{"index":"index","follow":"follow","max-snippet":"max-snippet:-1","max-image-preview":"max-image-preview:large","max-video-preview":"max-video-preview:-1"},"canonical":"https:\/\/kortho.com\/de\/losungen\/automatisierung\/uberprufen-sie-ihre-codes\/","og_locale":"en_US","og_type":"article","og_title":"\u00dcberpr\u00fcfen Sie Ihre gedruckten Codes - Kortho - Deutschland","og_description":"\u00dcberpr\u00fcfen Sie Ihre Codes \u00dcberpr\u00fcfung der Codierung Codierungsfehler k\u00f6nnen nicht nur von Anfang an durch Automatisierung verhindert werden, sondern weitere&hellip;","og_url":"https:\/\/kortho.com\/de\/losungen\/automatisierung\/uberprufen-sie-ihre-codes\/","og_site_name":"Kortho - Deutschland","article_modified_time":"2016-06-13T12:19:05+00:00","og_image":[{"width":280,"height":280,"url":"https:\/\/kortho.com\/de\/wp-content\/uploads\/sites\/5\/2015\/07\/Integreer-checksystemen-met-Nicelabel.jpg","type":"image\/jpeg"}],"twitter_card":"summary_large_image","twitter_misc":{"Est. reading time":"1 minute"},"schema":{"@context":"https:\/\/schema.org","@graph":[{"@type":"WebPage","@id":"https:\/\/kortho.com\/de\/losungen\/automatisierung\/uberprufen-sie-ihre-codes\/","url":"https:\/\/kortho.com\/de\/losungen\/automatisierung\/uberprufen-sie-ihre-codes\/","name":"\u00dcberpr\u00fcfen Sie Ihre gedruckten Codes - Kortho - Deutschland","isPartOf":{"@id":"https:\/\/kortho.com\/de\/#website"},"primaryImageOfPage":{"@id":"https:\/\/kortho.com\/de\/losungen\/automatisierung\/uberprufen-sie-ihre-codes\/#primaryimage"},"image":{"@id":"https:\/\/kortho.com\/de\/losungen\/automatisierung\/uberprufen-sie-ihre-codes\/#primaryimage"},"thumbnailUrl":"https:\/\/kortho.com\/de\/wp-content\/uploads\/sites\/5\/2015\/07\/Integreer-checksystemen-met-Nicelabel.jpg","datePublished":"2015-01-11T19:40:44+00:00","dateModified":"2016-06-13T12:19:05+00:00","breadcrumb":{"@id":"https:\/\/kortho.com\/de\/losungen\/automatisierung\/uberprufen-sie-ihre-codes\/#breadcrumb"},"inLanguage":"en-US","potentialAction":[{"@type":"ReadAction","target":["https:\/\/kortho.com\/de\/losungen\/automatisierung\/uberprufen-sie-ihre-codes\/"]}]},{"@type":"ImageObject","inLanguage":"en-US","@id":"https:\/\/kortho.com\/de\/losungen\/automatisierung\/uberprufen-sie-ihre-codes\/#primaryimage","url":"https:\/\/kortho.com\/de\/wp-content\/uploads\/sites\/5\/2015\/07\/Integreer-checksystemen-met-Nicelabel.jpg","contentUrl":"https:\/\/kortho.com\/de\/wp-content\/uploads\/sites\/5\/2015\/07\/Integreer-checksystemen-met-Nicelabel.jpg","width":280,"height":280},{"@type":"BreadcrumbList","@id":"https:\/\/kortho.com\/de\/losungen\/automatisierung\/uberprufen-sie-ihre-codes\/#breadcrumb","itemListElement":[{"@type":"ListItem","position":1,"name":"Home","item":"https:\/\/kortho.com\/de\/"},{"@type":"ListItem","position":2,"name":"L\u00f6sungen","item":"https:\/\/kortho.com\/de\/losungen\/"},{"@type":"ListItem","position":3,"name":"Software","item":"https:\/\/kortho.com\/de\/losungen\/automatisierung\/"},{"@type":"ListItem","position":4,"name":"\u00dcberpr\u00fcfen Sie Ihre gedruckten Codes"}]},{"@type":"WebSite","@id":"https:\/\/kortho.com\/de\/#website","url":"https:\/\/kortho.com\/de\/","name":"Kortho - Deutschland","description":"Coding Competence","potentialAction":[{"@type":"SearchAction","target":{"@type":"EntryPoint","urlTemplate":"https:\/\/kortho.com\/de\/?s={search_term_string}"},"query-input":{"@type":"PropertyValueSpecification","valueRequired":true,"valueName":"search_term_string"}}],"inLanguage":"en-US"}]}},"aioseo_notices":[],"_links":{"self":[{"href":"https:\/\/kortho.com\/de\/wp-json\/wp\/v2\/pages\/407"}],"collection":[{"href":"https:\/\/kortho.com\/de\/wp-json\/wp\/v2\/pages"}],"about":[{"href":"https:\/\/kortho.com\/de\/wp-json\/wp\/v2\/types\/page"}],"author":[{"embeddable":true,"href":"https:\/\/kortho.com\/de\/wp-json\/wp\/v2\/users\/1"}],"replies":[{"embeddable":true,"href":"https:\/\/kortho.com\/de\/wp-json\/wp\/v2\/comments?post=407"}],"version-history":[{"count":51,"href":"https:\/\/kortho.com\/de\/wp-json\/wp\/v2\/pages\/407\/revisions"}],"predecessor-version":[{"id":4522,"href":"https:\/\/kortho.com\/de\/wp-json\/wp\/v2\/pages\/407\/revisions\/4522"}],"up":[{"embeddable":true,"href":"https:\/\/kortho.com\/de\/wp-json\/wp\/v2\/pages\/394"}],"wp:featuredmedia":[{"embeddable":true,"href":"https:\/\/kortho.com\/de\/wp-json\/wp\/v2\/media\/2033"}],"wp:attachment":[{"href":"https:\/\/kortho.com\/de\/wp-json\/wp\/v2\/media?parent=407"}],"curies":[{"name":"wp","href":"https:\/\/api.w.org\/{rel}","templated":true}]}}