{"id":409,"date":"2015-01-11T19:41:12","date_gmt":"2015-01-11T19:41:12","guid":{"rendered":"http:\/\/jaspervandermeij.nl\/kortho\/nl\/?page_id=409"},"modified":"2016-06-13T12:19:48","modified_gmt":"2016-06-13T12:19:48","slug":"einzige-dynamische-vorlage","status":"publish","type":"page","link":"https:\/\/kortho.com\/de\/losungen\/automatisierung\/einzige-dynamische-vorlage\/","title":{"rendered":"Nur eine einzige dynamische Vorlage"},"content":{"rendered":"<p><img loading=\"lazy\" decoding=\"async\" class=\"alignleft wp-image-4404 size-full\" src=\"http:\/\/kortho.com\/de\/wp-content\/uploads\/sites\/5\/2016\/06\/Ersetzen-Sie-viele-statische-Etiketten-durch-eine-einzige-dynamische-Vorlage-840x138.png\" alt=\"\" width=\"840\" height=\"167\" srcset=\"https:\/\/kortho.com\/de\/wp-content\/uploads\/sites\/5\/2016\/06\/Ersetzen-Sie-viele-statische-Etiketten-durch-eine-einzige-dynamische-Vorlage-840x138.png 840w, https:\/\/kortho.com\/de\/wp-content\/uploads\/sites\/5\/2016\/06\/Ersetzen-Sie-viele-statische-Etiketten-durch-eine-einzige-dynamische-Vorlage-840x138-300x60.png 300w, https:\/\/kortho.com\/de\/wp-content\/uploads\/sites\/5\/2016\/06\/Ersetzen-Sie-viele-statische-Etiketten-durch-eine-einzige-dynamische-Vorlage-840x138-768x153.png 768w\" sizes=\"(max-width: 840px) 100vw, 840px\" \/><\/p>\n<p>&nbsp;<\/p>\n<h1>Ersetzen Sie viele statische Etiketten durch eine einzige dynamische Vorlage<\/h1>\n<p>In der Vergangenheit wurde f\u00fcr jedes Individuelle Produkt ein eigenes statisches Etikett erstellt. Nun ist es m\u00f6glich eine Vorlage mit dynamisch ver\u00e4nderbaren Feldern zu verwenden. Die variablen Inhalte eines Etiketts werden in Echtzeit von der Datenbank \/ den Datenbanken an den Drucker \u00fcbergeben und dort mit internen Druckerfunktionen (Daten, Zahlen, etc ) zusammengef\u00fchrt und gedruckt.<br \/>\nEtikett\u00e4nderungen m\u00fcssen nicht mehr einzeln manuell durchgef\u00fchrt werden, sondern werden automatisiert unter Verwendung einer dynamischen Vorlage verarbeitet.<\/p>\n<p><span style=\"color: #ffffff\">.<\/span><\/p>\n<p>&nbsp;<\/p>\n<h2>Automatische Hervorhebung von Allergenen, Berechnung der N\u00e4hrwerte und Skalierung des Texts<\/h2>\n<p>Neben der drastisch reduzierten Anzahl von Etiketten macht es eine Vorlage ebenfalls m\u00f6glich, automatische Funktionen hinzuzuf\u00fcgen. Zum Beispiel die automatische Erkennung und Hervorhebung von Allergenen, die Berechnung der N\u00e4hrwerte oder eine\u00a0 Skalierung der Elemente, wenn sie den Druckbereich zu \u00fcberschreiten drohen. Diese Funktionen werden in Echtzeit w\u00e4hrend des Drucks auf das Etikett angewendet, wobei die Datenbank, aus der die Basisinformation extrahiert wird, unver\u00e4ndert bleibt.<\/p>\n<p><span style=\"color: #ffffff\">.<\/span><\/p>\n<p><img loading=\"lazy\" decoding=\"async\" class=\"alignleft wp-image-4406 size-full\" src=\"http:\/\/kortho.com\/de\/wp-content\/uploads\/sites\/5\/2016\/06\/Automatische-Hervorhebung-von-Allergenen-Berechnung-der-Naehrwerte-und-Skalierung-des-Texts-mit-Kortho-und-Nicelabel-840x-280.png\" alt=\"\" width=\"840\" height=\"279\" srcset=\"https:\/\/kortho.com\/de\/wp-content\/uploads\/sites\/5\/2016\/06\/Automatische-Hervorhebung-von-Allergenen-Berechnung-der-Naehrwerte-und-Skalierung-des-Texts-mit-Kortho-und-Nicelabel-840x-280.png 840w, https:\/\/kortho.com\/de\/wp-content\/uploads\/sites\/5\/2016\/06\/Automatische-Hervorhebung-von-Allergenen-Berechnung-der-Naehrwerte-und-Skalierung-des-Texts-mit-Kortho-und-Nicelabel-840x-280-300x100.png 300w, https:\/\/kortho.com\/de\/wp-content\/uploads\/sites\/5\/2016\/06\/Automatische-Hervorhebung-von-Allergenen-Berechnung-der-Naehrwerte-und-Skalierung-des-Texts-mit-Kortho-und-Nicelabel-840x-280-768x255.png 768w\" sizes=\"(max-width: 840px) 100vw, 840px\" \/><\/p>\n<h3>Downloads<\/h3>\n<ul>\n<li>Drivers: <span style=\"text-decoration: underline\"><span style=\"color: #0000ff\"><a style=\"color: #0000ff;text-decoration: underline\" href=\"http:\/\/www.nicelabel.com\/downloads\/nicedrivers\/kortho\/?uid=00094\" target=\"_blank\">Kortho<\/a><\/span><\/span> &amp; <span style=\"text-decoration: underline;color: #0000ff\"><a style=\"color: #0000ff;text-decoration: underline\" href=\"http:\/\/www.nicelabel.com\/downloads\/nicedrivers\/cab\/?uid=00094\" target=\"_blank\">Cab<\/a><\/span>\u00a0&amp; <span style=\"text-decoration: underline\"><span style=\"color: #0000ff\"><a style=\"color: #0000ff;text-decoration: underline\" href=\"http:\/\/www.nicelabel.com\/downloads\/nicedrivers\/avery\/?uid=00094\" target=\"_blank\">Avery<\/a><\/span><\/span><\/li>\n<li>Software: <a title=\"Nicelabel Designer Pro\" href=\"http:\/\/www.nicelabel.com\/products\/designer-pro\/?uid=00094\" target=\"_blank\"><span style=\"text-decoration: underline;color: #0000ff\"><span style=\"text-decoration: underline\">Nicelabel Label Management Software<\/span><\/span><\/a><\/li>\n<li>Leaflet:\u00a0<span style=\"text-decoration: underline\"><span style=\"color: #0000ff\"><a style=\"color: #0000ff;text-decoration: underline\" title=\"Automatiseer in 3 stappen\" href=\"http:\/\/kortho.com\/wp-content\/uploads\/2015\/07\/Kortho-Sluit-Codeerfouten-uit-Automatiseer-in-3-stappen-Hoe-werkt-het-16-06-15.pdf\" target=\"_blank\">Kortho NOG AAN TE PASSEN Software leaflet<\/a><\/span><\/span><\/li>\n<\/ul>\n<p>&nbsp;<\/p>\n<p>&nbsp;<\/p>\n","protected":false},"excerpt":{"rendered":"<p>&nbsp; Ersetzen Sie viele statische Etiketten durch eine einzige dynamische Vorlage In der Vergangenheit wurde f\u00fcr jedes Individuelle Produkt ein&hellip;<\/p>\n","protected":false},"author":1,"featured_media":1986,"parent":394,"menu_order":8,"comment_status":"closed","ping_status":"closed","template":"page_taxonomy_child.php","meta":{"_monsterinsights_skip_tracking":false,"_monsterinsights_sitenote_active":false,"_monsterinsights_sitenote_note":"","_monsterinsights_sitenote_category":0,"footnotes":""},"class_list":["post-409","page","type-page","status-publish","format-standard","has-post-thumbnail","hentry"],"yoast_head":"<!-- This site is optimized with the Yoast SEO plugin v23.6 - https:\/\/yoast.com\/wordpress\/plugins\/seo\/ -->\n<title>Nur eine einzige dynamische Vorlage - Kortho - Deutschland<\/title>\n<meta name=\"robots\" content=\"index, follow, max-snippet:-1, max-image-preview:large, max-video-preview:-1\" \/>\n<link rel=\"canonical\" href=\"https:\/\/kortho.com\/de\/losungen\/automatisierung\/einzige-dynamische-vorlage\/\" \/>\n<meta property=\"og:locale\" content=\"en_US\" \/>\n<meta property=\"og:type\" content=\"article\" \/>\n<meta property=\"og:title\" content=\"Nur eine einzige dynamische Vorlage - Kortho - Deutschland\" \/>\n<meta property=\"og:description\" content=\"&nbsp; Ersetzen Sie viele statische Etiketten durch eine einzige dynamische Vorlage In der Vergangenheit wurde f\u00fcr jedes Individuelle Produkt ein&hellip;\" \/>\n<meta property=\"og:url\" content=\"https:\/\/kortho.com\/de\/losungen\/automatisierung\/einzige-dynamische-vorlage\/\" \/>\n<meta property=\"og:site_name\" content=\"Kortho - Deutschland\" \/>\n<meta property=\"article:modified_time\" content=\"2016-06-13T12:19:48+00:00\" \/>\n<meta property=\"og:image\" content=\"https:\/\/kortho.com\/de\/wp-content\/uploads\/sites\/5\/2015\/07\/Intelligent-labeldesign-met-Kortho-en-Nicelabel-software1.jpg\" \/>\n\t<meta property=\"og:image:width\" content=\"280\" \/>\n\t<meta property=\"og:image:height\" content=\"280\" \/>\n\t<meta property=\"og:image:type\" content=\"image\/jpeg\" \/>\n<meta name=\"twitter:card\" content=\"summary_large_image\" \/>\n<meta name=\"twitter:label1\" content=\"Est. reading time\" \/>\n\t<meta name=\"twitter:data1\" content=\"1 minute\" \/>\n<script type=\"application\/ld+json\" class=\"yoast-schema-graph\">{\"@context\":\"https:\/\/schema.org\",\"@graph\":[{\"@type\":\"WebPage\",\"@id\":\"https:\/\/kortho.com\/de\/losungen\/automatisierung\/einzige-dynamische-vorlage\/\",\"url\":\"https:\/\/kortho.com\/de\/losungen\/automatisierung\/einzige-dynamische-vorlage\/\",\"name\":\"Nur eine einzige dynamische Vorlage - Kortho - Deutschland\",\"isPartOf\":{\"@id\":\"https:\/\/kortho.com\/de\/#website\"},\"primaryImageOfPage\":{\"@id\":\"https:\/\/kortho.com\/de\/losungen\/automatisierung\/einzige-dynamische-vorlage\/#primaryimage\"},\"image\":{\"@id\":\"https:\/\/kortho.com\/de\/losungen\/automatisierung\/einzige-dynamische-vorlage\/#primaryimage\"},\"thumbnailUrl\":\"https:\/\/kortho.com\/de\/wp-content\/uploads\/sites\/5\/2015\/07\/Intelligent-labeldesign-met-Kortho-en-Nicelabel-software1.jpg\",\"datePublished\":\"2015-01-11T19:41:12+00:00\",\"dateModified\":\"2016-06-13T12:19:48+00:00\",\"breadcrumb\":{\"@id\":\"https:\/\/kortho.com\/de\/losungen\/automatisierung\/einzige-dynamische-vorlage\/#breadcrumb\"},\"inLanguage\":\"en-US\",\"potentialAction\":[{\"@type\":\"ReadAction\",\"target\":[\"https:\/\/kortho.com\/de\/losungen\/automatisierung\/einzige-dynamische-vorlage\/\"]}]},{\"@type\":\"ImageObject\",\"inLanguage\":\"en-US\",\"@id\":\"https:\/\/kortho.com\/de\/losungen\/automatisierung\/einzige-dynamische-vorlage\/#primaryimage\",\"url\":\"https:\/\/kortho.com\/de\/wp-content\/uploads\/sites\/5\/2015\/07\/Intelligent-labeldesign-met-Kortho-en-Nicelabel-software1.jpg\",\"contentUrl\":\"https:\/\/kortho.com\/de\/wp-content\/uploads\/sites\/5\/2015\/07\/Intelligent-labeldesign-met-Kortho-en-Nicelabel-software1.jpg\",\"width\":280,\"height\":280},{\"@type\":\"BreadcrumbList\",\"@id\":\"https:\/\/kortho.com\/de\/losungen\/automatisierung\/einzige-dynamische-vorlage\/#breadcrumb\",\"itemListElement\":[{\"@type\":\"ListItem\",\"position\":1,\"name\":\"Home\",\"item\":\"https:\/\/kortho.com\/de\/\"},{\"@type\":\"ListItem\",\"position\":2,\"name\":\"L\u00f6sungen\",\"item\":\"https:\/\/kortho.com\/de\/losungen\/\"},{\"@type\":\"ListItem\",\"position\":3,\"name\":\"Software\",\"item\":\"https:\/\/kortho.com\/de\/losungen\/automatisierung\/\"},{\"@type\":\"ListItem\",\"position\":4,\"name\":\"Nur eine einzige dynamische Vorlage\"}]},{\"@type\":\"WebSite\",\"@id\":\"https:\/\/kortho.com\/de\/#website\",\"url\":\"https:\/\/kortho.com\/de\/\",\"name\":\"Kortho - Deutschland\",\"description\":\"Coding Competence\",\"potentialAction\":[{\"@type\":\"SearchAction\",\"target\":{\"@type\":\"EntryPoint\",\"urlTemplate\":\"https:\/\/kortho.com\/de\/?s={search_term_string}\"},\"query-input\":{\"@type\":\"PropertyValueSpecification\",\"valueRequired\":true,\"valueName\":\"search_term_string\"}}],\"inLanguage\":\"en-US\"}]}<\/script>\n<!-- \/ Yoast SEO plugin. -->","yoast_head_json":{"title":"Nur eine einzige dynamische Vorlage - Kortho - Deutschland","robots":{"index":"index","follow":"follow","max-snippet":"max-snippet:-1","max-image-preview":"max-image-preview:large","max-video-preview":"max-video-preview:-1"},"canonical":"https:\/\/kortho.com\/de\/losungen\/automatisierung\/einzige-dynamische-vorlage\/","og_locale":"en_US","og_type":"article","og_title":"Nur eine einzige dynamische Vorlage - Kortho - Deutschland","og_description":"&nbsp; Ersetzen Sie viele statische Etiketten durch eine einzige dynamische Vorlage In der Vergangenheit wurde f\u00fcr jedes Individuelle Produkt ein&hellip;","og_url":"https:\/\/kortho.com\/de\/losungen\/automatisierung\/einzige-dynamische-vorlage\/","og_site_name":"Kortho - Deutschland","article_modified_time":"2016-06-13T12:19:48+00:00","og_image":[{"width":280,"height":280,"url":"https:\/\/kortho.com\/de\/wp-content\/uploads\/sites\/5\/2015\/07\/Intelligent-labeldesign-met-Kortho-en-Nicelabel-software1.jpg","type":"image\/jpeg"}],"twitter_card":"summary_large_image","twitter_misc":{"Est. reading time":"1 minute"},"schema":{"@context":"https:\/\/schema.org","@graph":[{"@type":"WebPage","@id":"https:\/\/kortho.com\/de\/losungen\/automatisierung\/einzige-dynamische-vorlage\/","url":"https:\/\/kortho.com\/de\/losungen\/automatisierung\/einzige-dynamische-vorlage\/","name":"Nur eine einzige dynamische Vorlage - Kortho - Deutschland","isPartOf":{"@id":"https:\/\/kortho.com\/de\/#website"},"primaryImageOfPage":{"@id":"https:\/\/kortho.com\/de\/losungen\/automatisierung\/einzige-dynamische-vorlage\/#primaryimage"},"image":{"@id":"https:\/\/kortho.com\/de\/losungen\/automatisierung\/einzige-dynamische-vorlage\/#primaryimage"},"thumbnailUrl":"https:\/\/kortho.com\/de\/wp-content\/uploads\/sites\/5\/2015\/07\/Intelligent-labeldesign-met-Kortho-en-Nicelabel-software1.jpg","datePublished":"2015-01-11T19:41:12+00:00","dateModified":"2016-06-13T12:19:48+00:00","breadcrumb":{"@id":"https:\/\/kortho.com\/de\/losungen\/automatisierung\/einzige-dynamische-vorlage\/#breadcrumb"},"inLanguage":"en-US","potentialAction":[{"@type":"ReadAction","target":["https:\/\/kortho.com\/de\/losungen\/automatisierung\/einzige-dynamische-vorlage\/"]}]},{"@type":"ImageObject","inLanguage":"en-US","@id":"https:\/\/kortho.com\/de\/losungen\/automatisierung\/einzige-dynamische-vorlage\/#primaryimage","url":"https:\/\/kortho.com\/de\/wp-content\/uploads\/sites\/5\/2015\/07\/Intelligent-labeldesign-met-Kortho-en-Nicelabel-software1.jpg","contentUrl":"https:\/\/kortho.com\/de\/wp-content\/uploads\/sites\/5\/2015\/07\/Intelligent-labeldesign-met-Kortho-en-Nicelabel-software1.jpg","width":280,"height":280},{"@type":"BreadcrumbList","@id":"https:\/\/kortho.com\/de\/losungen\/automatisierung\/einzige-dynamische-vorlage\/#breadcrumb","itemListElement":[{"@type":"ListItem","position":1,"name":"Home","item":"https:\/\/kortho.com\/de\/"},{"@type":"ListItem","position":2,"name":"L\u00f6sungen","item":"https:\/\/kortho.com\/de\/losungen\/"},{"@type":"ListItem","position":3,"name":"Software","item":"https:\/\/kortho.com\/de\/losungen\/automatisierung\/"},{"@type":"ListItem","position":4,"name":"Nur eine einzige dynamische Vorlage"}]},{"@type":"WebSite","@id":"https:\/\/kortho.com\/de\/#website","url":"https:\/\/kortho.com\/de\/","name":"Kortho - Deutschland","description":"Coding Competence","potentialAction":[{"@type":"SearchAction","target":{"@type":"EntryPoint","urlTemplate":"https:\/\/kortho.com\/de\/?s={search_term_string}"},"query-input":{"@type":"PropertyValueSpecification","valueRequired":true,"valueName":"search_term_string"}}],"inLanguage":"en-US"}]}},"aioseo_notices":[],"_links":{"self":[{"href":"https:\/\/kortho.com\/de\/wp-json\/wp\/v2\/pages\/409"}],"collection":[{"href":"https:\/\/kortho.com\/de\/wp-json\/wp\/v2\/pages"}],"about":[{"href":"https:\/\/kortho.com\/de\/wp-json\/wp\/v2\/types\/page"}],"author":[{"embeddable":true,"href":"https:\/\/kortho.com\/de\/wp-json\/wp\/v2\/users\/1"}],"replies":[{"embeddable":true,"href":"https:\/\/kortho.com\/de\/wp-json\/wp\/v2\/comments?post=409"}],"version-history":[{"count":69,"href":"https:\/\/kortho.com\/de\/wp-json\/wp\/v2\/pages\/409\/revisions"}],"predecessor-version":[{"id":4523,"href":"https:\/\/kortho.com\/de\/wp-json\/wp\/v2\/pages\/409\/revisions\/4523"}],"up":[{"embeddable":true,"href":"https:\/\/kortho.com\/de\/wp-json\/wp\/v2\/pages\/394"}],"wp:featuredmedia":[{"embeddable":true,"href":"https:\/\/kortho.com\/de\/wp-json\/wp\/v2\/media\/1986"}],"wp:attachment":[{"href":"https:\/\/kortho.com\/de\/wp-json\/wp\/v2\/media?parent=409"}],"curies":[{"name":"wp","href":"https:\/\/api.w.org\/{rel}","templated":true}]}}