{"id":411,"date":"2015-01-11T19:41:48","date_gmt":"2015-01-11T19:41:48","guid":{"rendered":"http:\/\/jaspervandermeij.nl\/kortho\/nl\/?page_id=411"},"modified":"2016-06-10T09:33:36","modified_gmt":"2016-06-10T09:33:36","slug":"maximierte-benutzerfreundlichkeit","status":"publish","type":"page","link":"https:\/\/kortho.com\/de\/losungen\/automatisierung\/maximierte-benutzerfreundlichkeit\/","title":{"rendered":"Maximierte Benutzerfreundlichkeit"},"content":{"rendered":"<h1><img loading=\"lazy\" decoding=\"async\" class=\"alignleft wp-image-4410 size-full\" src=\"http:\/\/kortho.com\/de\/wp-content\/uploads\/sites\/5\/2016\/06\/Maximieren-Sie-die-Benutzerfreundlichkeit-Ihrer-Drucker-840-138-1.png\" alt=\"\" width=\"840\" height=\"138\" srcset=\"https:\/\/kortho.com\/de\/wp-content\/uploads\/sites\/5\/2016\/06\/Maximieren-Sie-die-Benutzerfreundlichkeit-Ihrer-Drucker-840-138-1.png 840w, https:\/\/kortho.com\/de\/wp-content\/uploads\/sites\/5\/2016\/06\/Maximieren-Sie-die-Benutzerfreundlichkeit-Ihrer-Drucker-840-138-1-300x49.png 300w, https:\/\/kortho.com\/de\/wp-content\/uploads\/sites\/5\/2016\/06\/Maximieren-Sie-die-Benutzerfreundlichkeit-Ihrer-Drucker-840-138-1-768x126.png 768w\" sizes=\"(max-width: 840px) 100vw, 840px\" \/><\/h1>\n<h1><\/h1>\n<h1>Maximieren Sie die Benutzerfreundlichkeit Ihrer Drucker<\/h1>\n<p>Kortho bietet mit seinen innovativen Systemen maximale Bedienerfreundlichkeit und einfachste Handhabung. Durch die Zusammenfassung aller notwendigen Informationen und M\u00f6glichkeiten an einem zentralen Punkt, geh\u00f6ren unterschiedliche Softwareanwendungen, inkompatibele Dateiformate und missverst\u00e4ndliche Benutzermen\u00fcs der Vergangenheit an. Fehler werden dadurch automatisch vermieden.<\/p>\n<p><span style=\"color: #ffffff\">.<\/span><\/p>\n<h2>V\u00f6llig freies Layout des Bedienfelds<\/h2>\n<p>Alle Kortho Inkjets und Thermodrucker k\u00f6nnen von einer einzigen Bedienoberfl\u00e4che gesteuert werden, die zus\u00e4tzlich vollst\u00e4ndig anpassbar ist. Dies schlie\u00dft nicht nur das Layout ein, sondern auch die Funktionalit\u00e4t und die Men\u00fcstruktur. Die wesentlichen Funktionen sind im Men\u00fc vorprogrammiert. Abh\u00e4ngig von Ihren speziellen Codierungsbed\u00fcrfnissen, k\u00f6nnen auch Benutzerrechte, Alarme und automatische Pr\u00fcfungen hinzugef\u00fcgt werden.<br \/>\nNeu: Zus\u00e4tzlich zu der Funktionalit\u00e4t, dass Sie alle Kortho Systeme von einem zentralen Punkt steuern k\u00f6nnen, kann die Benutzeroberfl\u00e4che nach eigenen W\u00fcnschen und Vorgaben konfiguriert werden. Das gilt nicht nur f\u00fcr das Layout, sondern auch f\u00fcr die Funktionalit\u00e4t und Men\u00fcstruktur. Passen Sie das System Ihren Anspr\u00fcchen und Notwendigkeit an, um ein Maximum an Effiktivit\u00e4t zu erreichen.<\/p>\n<p><span style=\"color: #ffffff\">.<\/span><br \/>\n<img loading=\"lazy\" decoding=\"async\" class=\"alignleft wp-image-4413 size-full\" src=\"http:\/\/kortho.com\/de\/wp-content\/uploads\/sites\/5\/2016\/06\/Maximieren-Sie-die-Benutzerfreundlichkeit-Ihrer-Drucker-840x-280.png\" alt=\"\" width=\"840\" height=\"297\" srcset=\"https:\/\/kortho.com\/de\/wp-content\/uploads\/sites\/5\/2016\/06\/Maximieren-Sie-die-Benutzerfreundlichkeit-Ihrer-Drucker-840x-280.png 840w, https:\/\/kortho.com\/de\/wp-content\/uploads\/sites\/5\/2016\/06\/Maximieren-Sie-die-Benutzerfreundlichkeit-Ihrer-Drucker-840x-280-300x106.png 300w, https:\/\/kortho.com\/de\/wp-content\/uploads\/sites\/5\/2016\/06\/Maximieren-Sie-die-Benutzerfreundlichkeit-Ihrer-Drucker-840x-280-768x272.png 768w\" sizes=\"(max-width: 840px) 100vw, 840px\" \/><\/p>\n<h3><\/h3>\n<h3>Downloads<\/h3>\n<ul>\n<li>Drivers: <span style=\"text-decoration: underline\"><span style=\"color: #0000ff\"><a style=\"color: #0000ff;text-decoration: underline\" href=\"http:\/\/www.nicelabel.com\/downloads\/nicedrivers\/kortho\/?uid=00094\" target=\"_blank\">Kortho<\/a><\/span><\/span> &amp; <span style=\"text-decoration: underline;color: #0000ff\"><a style=\"color: #0000ff;text-decoration: underline\" href=\"http:\/\/www.nicelabel.com\/downloads\/nicedrivers\/cab\/?uid=00094\" target=\"_blank\">Cab<\/a><\/span>\u00a0&amp; <span style=\"text-decoration: underline\"><span style=\"color: #0000ff\"><a style=\"color: #0000ff;text-decoration: underline\" href=\"http:\/\/www.nicelabel.com\/downloads\/nicedrivers\/avery\/?uid=00094\" target=\"_blank\">Avery<\/a><\/span><\/span><\/li>\n<li>Software: <a title=\"Nicelabel Powerforms Desktop\" href=\"http:\/\/www.nicelabel.com\/products\/powerforms-desktop\/?uid=00094\" target=\"_blank\"><span style=\"text-decoration: underline;color: #0000ff\"><span style=\"text-decoration: underline\">Nicelabel Label Management Software<\/span><\/span><\/a><\/li>\n<li>Leaflet:\u00a0<span style=\"text-decoration: underline;color: #0000ff\"><a style=\"color: #0000ff;text-decoration: underline\" title=\"Sluit Codeerfouten uit Automatiseer in 3 stappen\" href=\"http:\/\/kortho.com\/wp-content\/uploads\/2015\/07\/Kortho-Sluit-Codeerfouten-uit-Automatiseer-in-3-stappen-Hoe-werkt-het-16-06-15.pdf\" target=\"_blank\">Kortho NOG AAN TE PASSEN Software leaflet<\/a><\/span><\/li>\n<\/ul>\n","protected":false},"excerpt":{"rendered":"<p>Maximieren Sie die Benutzerfreundlichkeit Ihrer Drucker Kortho bietet mit seinen innovativen Systemen maximale Bedienerfreundlichkeit und einfachste Handhabung. Durch die Zusammenfassung&hellip;<\/p>\n","protected":false},"author":1,"featured_media":4412,"parent":394,"menu_order":9,"comment_status":"closed","ping_status":"closed","template":"page_taxonomy_child.php","meta":{"_monsterinsights_skip_tracking":false,"_monsterinsights_sitenote_active":false,"_monsterinsights_sitenote_note":"","_monsterinsights_sitenote_category":0,"footnotes":""},"class_list":["post-411","page","type-page","status-publish","format-standard","has-post-thumbnail","hentry"],"yoast_head":"<!-- This site is optimized with the Yoast SEO plugin v23.6 - https:\/\/yoast.com\/wordpress\/plugins\/seo\/ -->\n<title>Maximierte Benutzerfreundlichkeit - Kortho - Deutschland<\/title>\n<meta name=\"robots\" content=\"index, follow, max-snippet:-1, max-image-preview:large, max-video-preview:-1\" \/>\n<link rel=\"canonical\" href=\"https:\/\/kortho.com\/de\/losungen\/automatisierung\/maximierte-benutzerfreundlichkeit\/\" \/>\n<meta property=\"og:locale\" content=\"en_US\" \/>\n<meta property=\"og:type\" content=\"article\" \/>\n<meta property=\"og:title\" content=\"Maximierte Benutzerfreundlichkeit - Kortho - Deutschland\" \/>\n<meta property=\"og:description\" content=\"Maximieren Sie die Benutzerfreundlichkeit Ihrer Drucker Kortho bietet mit seinen innovativen Systemen maximale Bedienerfreundlichkeit und einfachste Handhabung. Durch die Zusammenfassung&hellip;\" \/>\n<meta property=\"og:url\" content=\"https:\/\/kortho.com\/de\/losungen\/automatisierung\/maximierte-benutzerfreundlichkeit\/\" \/>\n<meta property=\"og:site_name\" content=\"Kortho - Deutschland\" \/>\n<meta property=\"article:modified_time\" content=\"2016-06-10T09:33:36+00:00\" \/>\n<meta property=\"og:image\" content=\"https:\/\/kortho.com\/de\/wp-content\/uploads\/sites\/5\/2016\/06\/Maximieren-Sie-die-Benutzerfreundlichkeit-Ihrer-Drucker-op-maat-280-280-3.png\" \/>\n\t<meta property=\"og:image:width\" content=\"280\" \/>\n\t<meta property=\"og:image:height\" content=\"279\" \/>\n\t<meta property=\"og:image:type\" content=\"image\/png\" \/>\n<meta name=\"twitter:card\" content=\"summary_large_image\" \/>\n<meta name=\"twitter:label1\" content=\"Est. reading time\" \/>\n\t<meta name=\"twitter:data1\" content=\"1 minute\" \/>\n<script type=\"application\/ld+json\" class=\"yoast-schema-graph\">{\"@context\":\"https:\/\/schema.org\",\"@graph\":[{\"@type\":\"WebPage\",\"@id\":\"https:\/\/kortho.com\/de\/losungen\/automatisierung\/maximierte-benutzerfreundlichkeit\/\",\"url\":\"https:\/\/kortho.com\/de\/losungen\/automatisierung\/maximierte-benutzerfreundlichkeit\/\",\"name\":\"Maximierte Benutzerfreundlichkeit - Kortho - Deutschland\",\"isPartOf\":{\"@id\":\"https:\/\/kortho.com\/de\/#website\"},\"primaryImageOfPage\":{\"@id\":\"https:\/\/kortho.com\/de\/losungen\/automatisierung\/maximierte-benutzerfreundlichkeit\/#primaryimage\"},\"image\":{\"@id\":\"https:\/\/kortho.com\/de\/losungen\/automatisierung\/maximierte-benutzerfreundlichkeit\/#primaryimage\"},\"thumbnailUrl\":\"https:\/\/kortho.com\/de\/wp-content\/uploads\/sites\/5\/2016\/06\/Maximieren-Sie-die-Benutzerfreundlichkeit-Ihrer-Drucker-op-maat-280-280-3.png\",\"datePublished\":\"2015-01-11T19:41:48+00:00\",\"dateModified\":\"2016-06-10T09:33:36+00:00\",\"breadcrumb\":{\"@id\":\"https:\/\/kortho.com\/de\/losungen\/automatisierung\/maximierte-benutzerfreundlichkeit\/#breadcrumb\"},\"inLanguage\":\"en-US\",\"potentialAction\":[{\"@type\":\"ReadAction\",\"target\":[\"https:\/\/kortho.com\/de\/losungen\/automatisierung\/maximierte-benutzerfreundlichkeit\/\"]}]},{\"@type\":\"ImageObject\",\"inLanguage\":\"en-US\",\"@id\":\"https:\/\/kortho.com\/de\/losungen\/automatisierung\/maximierte-benutzerfreundlichkeit\/#primaryimage\",\"url\":\"https:\/\/kortho.com\/de\/wp-content\/uploads\/sites\/5\/2016\/06\/Maximieren-Sie-die-Benutzerfreundlichkeit-Ihrer-Drucker-op-maat-280-280-3.png\",\"contentUrl\":\"https:\/\/kortho.com\/de\/wp-content\/uploads\/sites\/5\/2016\/06\/Maximieren-Sie-die-Benutzerfreundlichkeit-Ihrer-Drucker-op-maat-280-280-3.png\",\"width\":280,\"height\":279},{\"@type\":\"BreadcrumbList\",\"@id\":\"https:\/\/kortho.com\/de\/losungen\/automatisierung\/maximierte-benutzerfreundlichkeit\/#breadcrumb\",\"itemListElement\":[{\"@type\":\"ListItem\",\"position\":1,\"name\":\"Home\",\"item\":\"https:\/\/kortho.com\/de\/\"},{\"@type\":\"ListItem\",\"position\":2,\"name\":\"L\u00f6sungen\",\"item\":\"https:\/\/kortho.com\/de\/losungen\/\"},{\"@type\":\"ListItem\",\"position\":3,\"name\":\"Software\",\"item\":\"https:\/\/kortho.com\/de\/losungen\/automatisierung\/\"},{\"@type\":\"ListItem\",\"position\":4,\"name\":\"Maximierte Benutzerfreundlichkeit\"}]},{\"@type\":\"WebSite\",\"@id\":\"https:\/\/kortho.com\/de\/#website\",\"url\":\"https:\/\/kortho.com\/de\/\",\"name\":\"Kortho - Deutschland\",\"description\":\"Coding Competence\",\"potentialAction\":[{\"@type\":\"SearchAction\",\"target\":{\"@type\":\"EntryPoint\",\"urlTemplate\":\"https:\/\/kortho.com\/de\/?s={search_term_string}\"},\"query-input\":{\"@type\":\"PropertyValueSpecification\",\"valueRequired\":true,\"valueName\":\"search_term_string\"}}],\"inLanguage\":\"en-US\"}]}<\/script>\n<!-- \/ Yoast SEO plugin. -->","yoast_head_json":{"title":"Maximierte Benutzerfreundlichkeit - Kortho - Deutschland","robots":{"index":"index","follow":"follow","max-snippet":"max-snippet:-1","max-image-preview":"max-image-preview:large","max-video-preview":"max-video-preview:-1"},"canonical":"https:\/\/kortho.com\/de\/losungen\/automatisierung\/maximierte-benutzerfreundlichkeit\/","og_locale":"en_US","og_type":"article","og_title":"Maximierte Benutzerfreundlichkeit - Kortho - Deutschland","og_description":"Maximieren Sie die Benutzerfreundlichkeit Ihrer Drucker Kortho bietet mit seinen innovativen Systemen maximale Bedienerfreundlichkeit und einfachste Handhabung. Durch die Zusammenfassung&hellip;","og_url":"https:\/\/kortho.com\/de\/losungen\/automatisierung\/maximierte-benutzerfreundlichkeit\/","og_site_name":"Kortho - Deutschland","article_modified_time":"2016-06-10T09:33:36+00:00","og_image":[{"width":280,"height":279,"url":"https:\/\/kortho.com\/de\/wp-content\/uploads\/sites\/5\/2016\/06\/Maximieren-Sie-die-Benutzerfreundlichkeit-Ihrer-Drucker-op-maat-280-280-3.png","type":"image\/png"}],"twitter_card":"summary_large_image","twitter_misc":{"Est. reading time":"1 minute"},"schema":{"@context":"https:\/\/schema.org","@graph":[{"@type":"WebPage","@id":"https:\/\/kortho.com\/de\/losungen\/automatisierung\/maximierte-benutzerfreundlichkeit\/","url":"https:\/\/kortho.com\/de\/losungen\/automatisierung\/maximierte-benutzerfreundlichkeit\/","name":"Maximierte Benutzerfreundlichkeit - Kortho - Deutschland","isPartOf":{"@id":"https:\/\/kortho.com\/de\/#website"},"primaryImageOfPage":{"@id":"https:\/\/kortho.com\/de\/losungen\/automatisierung\/maximierte-benutzerfreundlichkeit\/#primaryimage"},"image":{"@id":"https:\/\/kortho.com\/de\/losungen\/automatisierung\/maximierte-benutzerfreundlichkeit\/#primaryimage"},"thumbnailUrl":"https:\/\/kortho.com\/de\/wp-content\/uploads\/sites\/5\/2016\/06\/Maximieren-Sie-die-Benutzerfreundlichkeit-Ihrer-Drucker-op-maat-280-280-3.png","datePublished":"2015-01-11T19:41:48+00:00","dateModified":"2016-06-10T09:33:36+00:00","breadcrumb":{"@id":"https:\/\/kortho.com\/de\/losungen\/automatisierung\/maximierte-benutzerfreundlichkeit\/#breadcrumb"},"inLanguage":"en-US","potentialAction":[{"@type":"ReadAction","target":["https:\/\/kortho.com\/de\/losungen\/automatisierung\/maximierte-benutzerfreundlichkeit\/"]}]},{"@type":"ImageObject","inLanguage":"en-US","@id":"https:\/\/kortho.com\/de\/losungen\/automatisierung\/maximierte-benutzerfreundlichkeit\/#primaryimage","url":"https:\/\/kortho.com\/de\/wp-content\/uploads\/sites\/5\/2016\/06\/Maximieren-Sie-die-Benutzerfreundlichkeit-Ihrer-Drucker-op-maat-280-280-3.png","contentUrl":"https:\/\/kortho.com\/de\/wp-content\/uploads\/sites\/5\/2016\/06\/Maximieren-Sie-die-Benutzerfreundlichkeit-Ihrer-Drucker-op-maat-280-280-3.png","width":280,"height":279},{"@type":"BreadcrumbList","@id":"https:\/\/kortho.com\/de\/losungen\/automatisierung\/maximierte-benutzerfreundlichkeit\/#breadcrumb","itemListElement":[{"@type":"ListItem","position":1,"name":"Home","item":"https:\/\/kortho.com\/de\/"},{"@type":"ListItem","position":2,"name":"L\u00f6sungen","item":"https:\/\/kortho.com\/de\/losungen\/"},{"@type":"ListItem","position":3,"name":"Software","item":"https:\/\/kortho.com\/de\/losungen\/automatisierung\/"},{"@type":"ListItem","position":4,"name":"Maximierte Benutzerfreundlichkeit"}]},{"@type":"WebSite","@id":"https:\/\/kortho.com\/de\/#website","url":"https:\/\/kortho.com\/de\/","name":"Kortho - Deutschland","description":"Coding Competence","potentialAction":[{"@type":"SearchAction","target":{"@type":"EntryPoint","urlTemplate":"https:\/\/kortho.com\/de\/?s={search_term_string}"},"query-input":{"@type":"PropertyValueSpecification","valueRequired":true,"valueName":"search_term_string"}}],"inLanguage":"en-US"}]}},"aioseo_notices":[],"_links":{"self":[{"href":"https:\/\/kortho.com\/de\/wp-json\/wp\/v2\/pages\/411"}],"collection":[{"href":"https:\/\/kortho.com\/de\/wp-json\/wp\/v2\/pages"}],"about":[{"href":"https:\/\/kortho.com\/de\/wp-json\/wp\/v2\/types\/page"}],"author":[{"embeddable":true,"href":"https:\/\/kortho.com\/de\/wp-json\/wp\/v2\/users\/1"}],"replies":[{"embeddable":true,"href":"https:\/\/kortho.com\/de\/wp-json\/wp\/v2\/comments?post=411"}],"version-history":[{"count":65,"href":"https:\/\/kortho.com\/de\/wp-json\/wp\/v2\/pages\/411\/revisions"}],"predecessor-version":[{"id":4500,"href":"https:\/\/kortho.com\/de\/wp-json\/wp\/v2\/pages\/411\/revisions\/4500"}],"up":[{"embeddable":true,"href":"https:\/\/kortho.com\/de\/wp-json\/wp\/v2\/pages\/394"}],"wp:featuredmedia":[{"embeddable":true,"href":"https:\/\/kortho.com\/de\/wp-json\/wp\/v2\/media\/4412"}],"wp:attachment":[{"href":"https:\/\/kortho.com\/de\/wp-json\/wp\/v2\/media?parent=411"}],"curies":[{"name":"wp","href":"https:\/\/api.w.org\/{rel}","templated":true}]}}