{"id":420,"date":"2015-01-11T19:55:10","date_gmt":"2015-01-11T19:55:10","guid":{"rendered":"http:\/\/jaspervandermeij.nl\/kortho\/nl\/?page_id=420"},"modified":"2016-06-14T07:33:43","modified_gmt":"2016-06-14T07:33:43","slug":"rohr","status":"publish","type":"page","link":"https:\/\/kortho.com\/de\/losungen\/materialien\/rohr\/","title":{"rendered":"Rohr"},"content":{"rendered":"<h1><img loading=\"lazy\" decoding=\"async\" class=\"alignleft size-full wp-image-3003\" src=\"http:\/\/kortho.com\/wp-content\/uploads\/2015\/09\/printen-op-koperen-en-metalen-buizen-met-kleinkarakterinkjet.jpg\" alt=\"printen-op-koperen-en-metalen-buizen-met-kleinkarakterinkjet\" width=\"375\" height=\"138\" srcset=\"https:\/\/kortho.com\/de\/wp-content\/uploads\/sites\/5\/2015\/09\/printen-op-koperen-en-metalen-buizen-met-kleinkarakterinkjet.jpg 375w, https:\/\/kortho.com\/de\/wp-content\/uploads\/sites\/5\/2015\/09\/printen-op-koperen-en-metalen-buizen-met-kleinkarakterinkjet-300x110.jpg 300w\" sizes=\"(max-width: 375px) 100vw, 375px\" \/> <img loading=\"lazy\" decoding=\"async\" class=\"alignleft size-full wp-image-3005\" src=\"http:\/\/kortho.com\/wp-content\/uploads\/2015\/09\/printen-op-kunststof-buizen-met-inkjetprinters.jpg\" alt=\"printen-op-kunststof-buizen-met-inkjetprinters\" width=\"375\" height=\"138\" srcset=\"https:\/\/kortho.com\/de\/wp-content\/uploads\/sites\/5\/2015\/09\/printen-op-kunststof-buizen-met-inkjetprinters.jpg 375w, https:\/\/kortho.com\/de\/wp-content\/uploads\/sites\/5\/2015\/09\/printen-op-kunststof-buizen-met-inkjetprinters-300x110.jpg 300w\" sizes=\"(max-width: 375px) 100vw, 375px\" \/> <img loading=\"lazy\" decoding=\"async\" class=\"alignleft size-full wp-image-3004\" src=\"http:\/\/kortho.com\/wp-content\/uploads\/2015\/09\/printen-op-rubberen-buizen.jpg\" alt=\"printen-op-rubberen-buizen\" width=\"375\" height=\"138\" srcset=\"https:\/\/kortho.com\/de\/wp-content\/uploads\/sites\/5\/2015\/09\/printen-op-rubberen-buizen.jpg 375w, https:\/\/kortho.com\/de\/wp-content\/uploads\/sites\/5\/2015\/09\/printen-op-rubberen-buizen-300x110.jpg 300w\" sizes=\"(max-width: 375px) 100vw, 375px\" \/><span style=\"color: #ffffff\">.<\/span><\/h1>\n<h1>Eigenschaften von Rohren<\/h1>\n<p>Rohre\/Leitungen werden mittels sogennanter Extrusionstechnik hergestellt. Dies bedeutet das mit Hochdruck Pressen eines warmen, fl\u00fcssigen Materials durch eine Vorlage, sodass es in seiner Form aus der Maschine kommt. Diese Produkte werden aus nicht-por\u00f6sem Material hergestellt, die mit l\u00f6sungsmittelbasierten oder UV-h\u00e4rtenden Tinten codiert werden sollten. Trotz ihrer dichten Oberfl\u00e4chen k\u00f6nnen sie effektiv codiert werden, da die Tinte entweder durch UV-Licht getrocknet wird, oder weil das L\u00f6sungsmittel verdampft, wobei die Tinte sich fest an die Oberfl\u00e4che haftet.<\/p>\n<h2>Geeignete Kennzeichnungstechniken f\u00fcr Rohre<\/h2>\n<p>Die Rohre werden meisten mit <span style=\"text-decoration: underline;color: #0000ff\"><a style=\"color: #0000ff;text-decoration: underline\" href=\"http:\/\/kortho.com\/de\/losungen\/kennzeichnungsgerate\/hi-res-inkjet\/\" target=\"_blank\">Hi-Res Inkjetsystemen<\/a><\/span> oder <a href=\"http:\/\/kortho.com\/de\/losungen\/kennzeichnungsgerate\/kleinschriftdrucker-cij\/\" target=\"_blank\"><span style=\"color: #0000ff\">Kleinschriftdruckern (CIJ)<\/span><\/a> in Kombination mit l\u00f6sungsmittelbasierten Tinten codiert. Hierf\u00fcr wird der Inkjet-Drucker direkt hinter der Extrusionsmaschine platziert. Da das geformte Rohr aus der Maschine heraus kommt, wird es entlang des Druckkopfes transportiert und codiert. Weil die Rohre nach der Extrusion noch warm sind, verdampft das L\u00f6sungsmittel unverz\u00fcglich, wodurch die Tinte sehr schnell haftet. Ein Drehimpulsgeber kann verwendet werden, falls die Extrusionsgeschwindigkeit variiert. Dadurch wird am Drucker die Druckkgeschwindigkeit automatisch der Produktionsgeschwindigkeit angepasst.<\/p>\n<p><span style=\"color: #ffffff\">.<\/span><\/p>\n<p>&nbsp;<\/p>\n","protected":false},"excerpt":{"rendered":"<p>. Eigenschaften von Rohren Rohre\/Leitungen werden mittels sogennanter Extrusionstechnik hergestellt. Dies bedeutet das mit Hochdruck Pressen eines warmen, fl\u00fcssigen Materials&hellip;<\/p>\n","protected":false},"author":1,"featured_media":2755,"parent":170,"menu_order":8,"comment_status":"closed","ping_status":"closed","template":"page_taxonomy_child.php","meta":{"_monsterinsights_skip_tracking":false,"_monsterinsights_sitenote_active":false,"_monsterinsights_sitenote_note":"","_monsterinsights_sitenote_category":0,"footnotes":""},"class_list":["post-420","page","type-page","status-publish","format-standard","has-post-thumbnail","hentry"],"yoast_head":"<!-- This site is optimized with the Yoast SEO plugin v23.6 - https:\/\/yoast.com\/wordpress\/plugins\/seo\/ -->\n<title>Rohr - Kortho - Deutschland<\/title>\n<meta name=\"robots\" content=\"index, follow, max-snippet:-1, max-image-preview:large, max-video-preview:-1\" \/>\n<link rel=\"canonical\" href=\"https:\/\/kortho.com\/de\/losungen\/materialien\/rohr\/\" \/>\n<meta property=\"og:locale\" content=\"en_US\" \/>\n<meta property=\"og:type\" content=\"article\" \/>\n<meta property=\"og:title\" content=\"Rohr - Kortho - Deutschland\" \/>\n<meta property=\"og:description\" content=\". Eigenschaften von Rohren Rohre\/Leitungen werden mittels sogennanter Extrusionstechnik hergestellt. Dies bedeutet das mit Hochdruck Pressen eines warmen, fl\u00fcssigen Materials&hellip;\" \/>\n<meta property=\"og:url\" content=\"https:\/\/kortho.com\/de\/losungen\/materialien\/rohr\/\" \/>\n<meta property=\"og:site_name\" content=\"Kortho - Deutschland\" \/>\n<meta property=\"article:modified_time\" content=\"2016-06-14T07:33:43+00:00\" \/>\n<meta property=\"og:image\" content=\"https:\/\/kortho.com\/de\/wp-content\/uploads\/sites\/5\/2015\/08\/Materialen-buizen-kunststof1.jpg\" \/>\n\t<meta property=\"og:image:width\" content=\"280\" \/>\n\t<meta property=\"og:image:height\" content=\"280\" \/>\n\t<meta property=\"og:image:type\" content=\"image\/jpeg\" \/>\n<meta name=\"twitter:card\" content=\"summary_large_image\" \/>\n<meta name=\"twitter:label1\" content=\"Est. reading time\" \/>\n\t<meta name=\"twitter:data1\" content=\"1 minute\" \/>\n<script type=\"application\/ld+json\" class=\"yoast-schema-graph\">{\"@context\":\"https:\/\/schema.org\",\"@graph\":[{\"@type\":\"WebPage\",\"@id\":\"https:\/\/kortho.com\/de\/losungen\/materialien\/rohr\/\",\"url\":\"https:\/\/kortho.com\/de\/losungen\/materialien\/rohr\/\",\"name\":\"Rohr - Kortho - Deutschland\",\"isPartOf\":{\"@id\":\"https:\/\/kortho.com\/de\/#website\"},\"primaryImageOfPage\":{\"@id\":\"https:\/\/kortho.com\/de\/losungen\/materialien\/rohr\/#primaryimage\"},\"image\":{\"@id\":\"https:\/\/kortho.com\/de\/losungen\/materialien\/rohr\/#primaryimage\"},\"thumbnailUrl\":\"https:\/\/kortho.com\/de\/wp-content\/uploads\/sites\/5\/2015\/08\/Materialen-buizen-kunststof1.jpg\",\"datePublished\":\"2015-01-11T19:55:10+00:00\",\"dateModified\":\"2016-06-14T07:33:43+00:00\",\"breadcrumb\":{\"@id\":\"https:\/\/kortho.com\/de\/losungen\/materialien\/rohr\/#breadcrumb\"},\"inLanguage\":\"en-US\",\"potentialAction\":[{\"@type\":\"ReadAction\",\"target\":[\"https:\/\/kortho.com\/de\/losungen\/materialien\/rohr\/\"]}]},{\"@type\":\"ImageObject\",\"inLanguage\":\"en-US\",\"@id\":\"https:\/\/kortho.com\/de\/losungen\/materialien\/rohr\/#primaryimage\",\"url\":\"https:\/\/kortho.com\/de\/wp-content\/uploads\/sites\/5\/2015\/08\/Materialen-buizen-kunststof1.jpg\",\"contentUrl\":\"https:\/\/kortho.com\/de\/wp-content\/uploads\/sites\/5\/2015\/08\/Materialen-buizen-kunststof1.jpg\",\"width\":280,\"height\":280},{\"@type\":\"BreadcrumbList\",\"@id\":\"https:\/\/kortho.com\/de\/losungen\/materialien\/rohr\/#breadcrumb\",\"itemListElement\":[{\"@type\":\"ListItem\",\"position\":1,\"name\":\"Home\",\"item\":\"https:\/\/kortho.com\/de\/\"},{\"@type\":\"ListItem\",\"position\":2,\"name\":\"L\u00f6sungen\",\"item\":\"https:\/\/kortho.com\/de\/losungen\/\"},{\"@type\":\"ListItem\",\"position\":3,\"name\":\"Materialien\",\"item\":\"https:\/\/kortho.com\/de\/losungen\/materialien\/\"},{\"@type\":\"ListItem\",\"position\":4,\"name\":\"Rohr\"}]},{\"@type\":\"WebSite\",\"@id\":\"https:\/\/kortho.com\/de\/#website\",\"url\":\"https:\/\/kortho.com\/de\/\",\"name\":\"Kortho - Deutschland\",\"description\":\"Coding Competence\",\"potentialAction\":[{\"@type\":\"SearchAction\",\"target\":{\"@type\":\"EntryPoint\",\"urlTemplate\":\"https:\/\/kortho.com\/de\/?s={search_term_string}\"},\"query-input\":{\"@type\":\"PropertyValueSpecification\",\"valueRequired\":true,\"valueName\":\"search_term_string\"}}],\"inLanguage\":\"en-US\"}]}<\/script>\n<!-- \/ Yoast SEO plugin. -->","yoast_head_json":{"title":"Rohr - Kortho - Deutschland","robots":{"index":"index","follow":"follow","max-snippet":"max-snippet:-1","max-image-preview":"max-image-preview:large","max-video-preview":"max-video-preview:-1"},"canonical":"https:\/\/kortho.com\/de\/losungen\/materialien\/rohr\/","og_locale":"en_US","og_type":"article","og_title":"Rohr - Kortho - Deutschland","og_description":". Eigenschaften von Rohren Rohre\/Leitungen werden mittels sogennanter Extrusionstechnik hergestellt. Dies bedeutet das mit Hochdruck Pressen eines warmen, fl\u00fcssigen Materials&hellip;","og_url":"https:\/\/kortho.com\/de\/losungen\/materialien\/rohr\/","og_site_name":"Kortho - Deutschland","article_modified_time":"2016-06-14T07:33:43+00:00","og_image":[{"width":280,"height":280,"url":"https:\/\/kortho.com\/de\/wp-content\/uploads\/sites\/5\/2015\/08\/Materialen-buizen-kunststof1.jpg","type":"image\/jpeg"}],"twitter_card":"summary_large_image","twitter_misc":{"Est. reading time":"1 minute"},"schema":{"@context":"https:\/\/schema.org","@graph":[{"@type":"WebPage","@id":"https:\/\/kortho.com\/de\/losungen\/materialien\/rohr\/","url":"https:\/\/kortho.com\/de\/losungen\/materialien\/rohr\/","name":"Rohr - Kortho - Deutschland","isPartOf":{"@id":"https:\/\/kortho.com\/de\/#website"},"primaryImageOfPage":{"@id":"https:\/\/kortho.com\/de\/losungen\/materialien\/rohr\/#primaryimage"},"image":{"@id":"https:\/\/kortho.com\/de\/losungen\/materialien\/rohr\/#primaryimage"},"thumbnailUrl":"https:\/\/kortho.com\/de\/wp-content\/uploads\/sites\/5\/2015\/08\/Materialen-buizen-kunststof1.jpg","datePublished":"2015-01-11T19:55:10+00:00","dateModified":"2016-06-14T07:33:43+00:00","breadcrumb":{"@id":"https:\/\/kortho.com\/de\/losungen\/materialien\/rohr\/#breadcrumb"},"inLanguage":"en-US","potentialAction":[{"@type":"ReadAction","target":["https:\/\/kortho.com\/de\/losungen\/materialien\/rohr\/"]}]},{"@type":"ImageObject","inLanguage":"en-US","@id":"https:\/\/kortho.com\/de\/losungen\/materialien\/rohr\/#primaryimage","url":"https:\/\/kortho.com\/de\/wp-content\/uploads\/sites\/5\/2015\/08\/Materialen-buizen-kunststof1.jpg","contentUrl":"https:\/\/kortho.com\/de\/wp-content\/uploads\/sites\/5\/2015\/08\/Materialen-buizen-kunststof1.jpg","width":280,"height":280},{"@type":"BreadcrumbList","@id":"https:\/\/kortho.com\/de\/losungen\/materialien\/rohr\/#breadcrumb","itemListElement":[{"@type":"ListItem","position":1,"name":"Home","item":"https:\/\/kortho.com\/de\/"},{"@type":"ListItem","position":2,"name":"L\u00f6sungen","item":"https:\/\/kortho.com\/de\/losungen\/"},{"@type":"ListItem","position":3,"name":"Materialien","item":"https:\/\/kortho.com\/de\/losungen\/materialien\/"},{"@type":"ListItem","position":4,"name":"Rohr"}]},{"@type":"WebSite","@id":"https:\/\/kortho.com\/de\/#website","url":"https:\/\/kortho.com\/de\/","name":"Kortho - Deutschland","description":"Coding Competence","potentialAction":[{"@type":"SearchAction","target":{"@type":"EntryPoint","urlTemplate":"https:\/\/kortho.com\/de\/?s={search_term_string}"},"query-input":{"@type":"PropertyValueSpecification","valueRequired":true,"valueName":"search_term_string"}}],"inLanguage":"en-US"}]}},"aioseo_notices":[],"_links":{"self":[{"href":"https:\/\/kortho.com\/de\/wp-json\/wp\/v2\/pages\/420"}],"collection":[{"href":"https:\/\/kortho.com\/de\/wp-json\/wp\/v2\/pages"}],"about":[{"href":"https:\/\/kortho.com\/de\/wp-json\/wp\/v2\/types\/page"}],"author":[{"embeddable":true,"href":"https:\/\/kortho.com\/de\/wp-json\/wp\/v2\/users\/1"}],"replies":[{"embeddable":true,"href":"https:\/\/kortho.com\/de\/wp-json\/wp\/v2\/comments?post=420"}],"version-history":[{"count":20,"href":"https:\/\/kortho.com\/de\/wp-json\/wp\/v2\/pages\/420\/revisions"}],"predecessor-version":[{"id":4557,"href":"https:\/\/kortho.com\/de\/wp-json\/wp\/v2\/pages\/420\/revisions\/4557"}],"up":[{"embeddable":true,"href":"https:\/\/kortho.com\/de\/wp-json\/wp\/v2\/pages\/170"}],"wp:featuredmedia":[{"embeddable":true,"href":"https:\/\/kortho.com\/de\/wp-json\/wp\/v2\/media\/2755"}],"wp:attachment":[{"href":"https:\/\/kortho.com\/de\/wp-json\/wp\/v2\/media?parent=420"}],"curies":[{"name":"wp","href":"https:\/\/api.w.org\/{rel}","templated":true}]}}