{"id":423,"date":"2015-01-11T19:56:39","date_gmt":"2015-01-11T19:56:39","guid":{"rendered":"http:\/\/jaspervandermeij.nl\/kortho\/nl\/?page_id=423"},"modified":"2016-06-14T08:09:03","modified_gmt":"2016-06-14T08:09:03","slug":"plastik","status":"publish","type":"page","link":"https:\/\/kortho.com\/de\/losungen\/materialien\/plastik\/","title":{"rendered":"Plastik"},"content":{"rendered":"<h1><img loading=\"lazy\" decoding=\"async\" class=\"alignleft size-full wp-image-3050\" src=\"http:\/\/kortho.com\/wp-content\/uploads\/2015\/09\/logo-aanbrengen-op-bakkersspuitzak.jpg\" alt=\"logo-aanbrengen-op-bakkersspuitzak\" width=\"375\" height=\"138\" srcset=\"https:\/\/kortho.com\/de\/wp-content\/uploads\/sites\/5\/2015\/09\/logo-aanbrengen-op-bakkersspuitzak.jpg 375w, https:\/\/kortho.com\/de\/wp-content\/uploads\/sites\/5\/2015\/09\/logo-aanbrengen-op-bakkersspuitzak-300x110.jpg 300w\" sizes=\"(max-width: 375px) 100vw, 375px\" \/> <img loading=\"lazy\" decoding=\"async\" class=\"alignleft size-full wp-image-3049\" src=\"http:\/\/kortho.com\/wp-content\/uploads\/2015\/09\/printen-van-codering-op-plastic-fles-met-Hotprint.jpg\" alt=\"printen-van-codering-op-plastic-fles-met-Hotprint\" width=\"375\" height=\"138\" srcset=\"https:\/\/kortho.com\/de\/wp-content\/uploads\/sites\/5\/2015\/09\/printen-van-codering-op-plastic-fles-met-Hotprint.jpg 375w, https:\/\/kortho.com\/de\/wp-content\/uploads\/sites\/5\/2015\/09\/printen-van-codering-op-plastic-fles-met-Hotprint-300x110.jpg 300w\" sizes=\"(max-width: 375px) 100vw, 375px\" \/> <img loading=\"lazy\" decoding=\"async\" class=\"alignleft size-full wp-image-3051\" src=\"http:\/\/kortho.com\/wp-content\/uploads\/2015\/09\/Gegevens-aanbrengen-op-infuuszak-met-Hotprint.jpg\" alt=\"Gegevens-aanbrengen-op-infuuszak-met-Hotprint\" width=\"375\" height=\"138\" srcset=\"https:\/\/kortho.com\/de\/wp-content\/uploads\/sites\/5\/2015\/09\/Gegevens-aanbrengen-op-infuuszak-met-Hotprint.jpg 375w, https:\/\/kortho.com\/de\/wp-content\/uploads\/sites\/5\/2015\/09\/Gegevens-aanbrengen-op-infuuszak-met-Hotprint-300x110.jpg 300w\" sizes=\"(max-width: 375px) 100vw, 375px\" \/><span style=\"color: #ffffff\">.<\/span><\/h1>\n<h1>Eigenschaften von Plastik<\/h1>\n<p>Neben der Tatsache, dass Kunststoffe eine glatte, nicht-por\u00f6se Oberfl\u00e4che haben, haben manche Produkte auch einen Rest &#8220;L\u00f6sungsmittel&#8221; der nach dem Spritzgussverfahren zur\u00fcckbleibt. Diese k\u00f6nnen das Kennzeichnen manchmal erschweren, weshalb l\u00f6sungsmittelbasierte Tinten ben\u00f6tigt werden. Das L\u00f6sungsmittel verdunstet fast sofort nach der Kennzeichnung, wonach nur noch der Farbstoff bleibt. Diese Drucke sind daher permanent. Eine alternative M\u00f6glichkeit ist das Arbeiten mit Thermotransfer- oder wachsbasierten Tinten. Bei diesen Techniken erfolgt die Verbindung durch im Farbstoff enthaltene Haftstoffe.<\/p>\n<h2>Geeignete Kennzeichnungstechniken f\u00fcr Plastik<\/h2>\n<p>Eine permanente Kennzeichnung von Kunststoffen erfordert die Verwendung von <span style=\"text-decoration: underline;color: #0000ff\"><a style=\"color: #0000ff;text-decoration: underline\" href=\"http:\/\/kortho.com\/de\/losungen\/kennzeichnungsgerate\/hi-res-inkjet\/\" target=\"_blank\">Hi-Res Inkjetsystemen<\/a><\/span> in Kombination mit l\u00f6sungsmittelbasierter Tinte. Wachs- oder harzbasierte Techniken wie beispielsweise feste <span style=\"text-decoration: underline;color: #0000ff\"><a style=\"color: #0000ff;text-decoration: underline\" href=\"http:\/\/kortho.com\/de\/losungen\/kennzeichnungsgerate\/heisswachstinten\/\" target=\"_blank\">Wachstinten<\/a><\/span>, <span style=\"text-decoration: underline;color: #0000ff\"><a style=\"color: #0000ff;text-decoration: underline\" href=\"http:\/\/kortho.com\/de\/losungen\/kennzeichnungsgerate\/warme-ubertragung-thermotransfer-tto\/\" target=\"_blank\">Thermotransfer<\/a><\/span> oder <span style=\"text-decoration: underline;color: #0000ff\"><a style=\"color: #0000ff;text-decoration: underline\" href=\"http:\/\/kortho.com\/de\/losungen\/kennzeichnungsgerate\/heisspragen\/\" target=\"_blank\">Heisspr\u00e4gen<\/a><\/span> bieten ebenfalls eine gute Verbindung, da die Tinte\/Farbe in einem geschmolzenen Zustand aufgetragen wird und unverz\u00fcglich bei Kontakt abk\u00fchlt und erstarrt. Der Druck mit festen Wachstinten kann daher allerdings mittels Reibung\/W\u00e4rme entfernt werden.<\/p>\n<p><span style=\"color: #ffffff\">.<\/span><\/p>\n","protected":false},"excerpt":{"rendered":"<p>. Eigenschaften von Plastik Neben der Tatsache, dass Kunststoffe eine glatte, nicht-por\u00f6se Oberfl\u00e4che haben, haben manche Produkte auch einen Rest&hellip;<\/p>\n","protected":false},"author":1,"featured_media":2730,"parent":170,"menu_order":12,"comment_status":"closed","ping_status":"closed","template":"page_taxonomy_child.php","meta":{"_monsterinsights_skip_tracking":false,"_monsterinsights_sitenote_active":false,"_monsterinsights_sitenote_note":"","_monsterinsights_sitenote_category":0,"footnotes":""},"class_list":["post-423","page","type-page","status-publish","format-standard","has-post-thumbnail","hentry"],"yoast_head":"<!-- This site is optimized with the Yoast SEO plugin v23.6 - https:\/\/yoast.com\/wordpress\/plugins\/seo\/ -->\n<title>Plastik - Kortho - Deutschland<\/title>\n<meta name=\"robots\" content=\"index, follow, max-snippet:-1, max-image-preview:large, max-video-preview:-1\" \/>\n<link rel=\"canonical\" href=\"https:\/\/kortho.com\/de\/losungen\/materialien\/plastik\/\" \/>\n<meta property=\"og:locale\" content=\"en_US\" \/>\n<meta property=\"og:type\" content=\"article\" \/>\n<meta property=\"og:title\" content=\"Plastik - Kortho - Deutschland\" \/>\n<meta property=\"og:description\" content=\". Eigenschaften von Plastik Neben der Tatsache, dass Kunststoffe eine glatte, nicht-por\u00f6se Oberfl\u00e4che haben, haben manche Produkte auch einen Rest&hellip;\" \/>\n<meta property=\"og:url\" content=\"https:\/\/kortho.com\/de\/losungen\/materialien\/plastik\/\" \/>\n<meta property=\"og:site_name\" content=\"Kortho - Deutschland\" \/>\n<meta property=\"article:modified_time\" content=\"2016-06-14T08:09:03+00:00\" \/>\n<meta property=\"og:image\" content=\"https:\/\/kortho.com\/de\/wp-content\/uploads\/sites\/5\/2015\/08\/Materialen-plastic-folie.jpg\" \/>\n\t<meta property=\"og:image:width\" content=\"280\" \/>\n\t<meta property=\"og:image:height\" content=\"280\" \/>\n\t<meta property=\"og:image:type\" content=\"image\/jpeg\" \/>\n<meta name=\"twitter:card\" content=\"summary_large_image\" \/>\n<meta name=\"twitter:label1\" content=\"Est. reading time\" \/>\n\t<meta name=\"twitter:data1\" content=\"1 minute\" \/>\n<script type=\"application\/ld+json\" class=\"yoast-schema-graph\">{\"@context\":\"https:\/\/schema.org\",\"@graph\":[{\"@type\":\"WebPage\",\"@id\":\"https:\/\/kortho.com\/de\/losungen\/materialien\/plastik\/\",\"url\":\"https:\/\/kortho.com\/de\/losungen\/materialien\/plastik\/\",\"name\":\"Plastik - Kortho - Deutschland\",\"isPartOf\":{\"@id\":\"https:\/\/kortho.com\/de\/#website\"},\"primaryImageOfPage\":{\"@id\":\"https:\/\/kortho.com\/de\/losungen\/materialien\/plastik\/#primaryimage\"},\"image\":{\"@id\":\"https:\/\/kortho.com\/de\/losungen\/materialien\/plastik\/#primaryimage\"},\"thumbnailUrl\":\"https:\/\/kortho.com\/de\/wp-content\/uploads\/sites\/5\/2015\/08\/Materialen-plastic-folie.jpg\",\"datePublished\":\"2015-01-11T19:56:39+00:00\",\"dateModified\":\"2016-06-14T08:09:03+00:00\",\"breadcrumb\":{\"@id\":\"https:\/\/kortho.com\/de\/losungen\/materialien\/plastik\/#breadcrumb\"},\"inLanguage\":\"en-US\",\"potentialAction\":[{\"@type\":\"ReadAction\",\"target\":[\"https:\/\/kortho.com\/de\/losungen\/materialien\/plastik\/\"]}]},{\"@type\":\"ImageObject\",\"inLanguage\":\"en-US\",\"@id\":\"https:\/\/kortho.com\/de\/losungen\/materialien\/plastik\/#primaryimage\",\"url\":\"https:\/\/kortho.com\/de\/wp-content\/uploads\/sites\/5\/2015\/08\/Materialen-plastic-folie.jpg\",\"contentUrl\":\"https:\/\/kortho.com\/de\/wp-content\/uploads\/sites\/5\/2015\/08\/Materialen-plastic-folie.jpg\",\"width\":280,\"height\":280},{\"@type\":\"BreadcrumbList\",\"@id\":\"https:\/\/kortho.com\/de\/losungen\/materialien\/plastik\/#breadcrumb\",\"itemListElement\":[{\"@type\":\"ListItem\",\"position\":1,\"name\":\"Home\",\"item\":\"https:\/\/kortho.com\/de\/\"},{\"@type\":\"ListItem\",\"position\":2,\"name\":\"L\u00f6sungen\",\"item\":\"https:\/\/kortho.com\/de\/losungen\/\"},{\"@type\":\"ListItem\",\"position\":3,\"name\":\"Materialien\",\"item\":\"https:\/\/kortho.com\/de\/losungen\/materialien\/\"},{\"@type\":\"ListItem\",\"position\":4,\"name\":\"Plastik\"}]},{\"@type\":\"WebSite\",\"@id\":\"https:\/\/kortho.com\/de\/#website\",\"url\":\"https:\/\/kortho.com\/de\/\",\"name\":\"Kortho - Deutschland\",\"description\":\"Coding Competence\",\"potentialAction\":[{\"@type\":\"SearchAction\",\"target\":{\"@type\":\"EntryPoint\",\"urlTemplate\":\"https:\/\/kortho.com\/de\/?s={search_term_string}\"},\"query-input\":{\"@type\":\"PropertyValueSpecification\",\"valueRequired\":true,\"valueName\":\"search_term_string\"}}],\"inLanguage\":\"en-US\"}]}<\/script>\n<!-- \/ Yoast SEO plugin. -->","yoast_head_json":{"title":"Plastik - Kortho - Deutschland","robots":{"index":"index","follow":"follow","max-snippet":"max-snippet:-1","max-image-preview":"max-image-preview:large","max-video-preview":"max-video-preview:-1"},"canonical":"https:\/\/kortho.com\/de\/losungen\/materialien\/plastik\/","og_locale":"en_US","og_type":"article","og_title":"Plastik - Kortho - Deutschland","og_description":". Eigenschaften von Plastik Neben der Tatsache, dass Kunststoffe eine glatte, nicht-por\u00f6se Oberfl\u00e4che haben, haben manche Produkte auch einen Rest&hellip;","og_url":"https:\/\/kortho.com\/de\/losungen\/materialien\/plastik\/","og_site_name":"Kortho - Deutschland","article_modified_time":"2016-06-14T08:09:03+00:00","og_image":[{"width":280,"height":280,"url":"https:\/\/kortho.com\/de\/wp-content\/uploads\/sites\/5\/2015\/08\/Materialen-plastic-folie.jpg","type":"image\/jpeg"}],"twitter_card":"summary_large_image","twitter_misc":{"Est. reading time":"1 minute"},"schema":{"@context":"https:\/\/schema.org","@graph":[{"@type":"WebPage","@id":"https:\/\/kortho.com\/de\/losungen\/materialien\/plastik\/","url":"https:\/\/kortho.com\/de\/losungen\/materialien\/plastik\/","name":"Plastik - Kortho - Deutschland","isPartOf":{"@id":"https:\/\/kortho.com\/de\/#website"},"primaryImageOfPage":{"@id":"https:\/\/kortho.com\/de\/losungen\/materialien\/plastik\/#primaryimage"},"image":{"@id":"https:\/\/kortho.com\/de\/losungen\/materialien\/plastik\/#primaryimage"},"thumbnailUrl":"https:\/\/kortho.com\/de\/wp-content\/uploads\/sites\/5\/2015\/08\/Materialen-plastic-folie.jpg","datePublished":"2015-01-11T19:56:39+00:00","dateModified":"2016-06-14T08:09:03+00:00","breadcrumb":{"@id":"https:\/\/kortho.com\/de\/losungen\/materialien\/plastik\/#breadcrumb"},"inLanguage":"en-US","potentialAction":[{"@type":"ReadAction","target":["https:\/\/kortho.com\/de\/losungen\/materialien\/plastik\/"]}]},{"@type":"ImageObject","inLanguage":"en-US","@id":"https:\/\/kortho.com\/de\/losungen\/materialien\/plastik\/#primaryimage","url":"https:\/\/kortho.com\/de\/wp-content\/uploads\/sites\/5\/2015\/08\/Materialen-plastic-folie.jpg","contentUrl":"https:\/\/kortho.com\/de\/wp-content\/uploads\/sites\/5\/2015\/08\/Materialen-plastic-folie.jpg","width":280,"height":280},{"@type":"BreadcrumbList","@id":"https:\/\/kortho.com\/de\/losungen\/materialien\/plastik\/#breadcrumb","itemListElement":[{"@type":"ListItem","position":1,"name":"Home","item":"https:\/\/kortho.com\/de\/"},{"@type":"ListItem","position":2,"name":"L\u00f6sungen","item":"https:\/\/kortho.com\/de\/losungen\/"},{"@type":"ListItem","position":3,"name":"Materialien","item":"https:\/\/kortho.com\/de\/losungen\/materialien\/"},{"@type":"ListItem","position":4,"name":"Plastik"}]},{"@type":"WebSite","@id":"https:\/\/kortho.com\/de\/#website","url":"https:\/\/kortho.com\/de\/","name":"Kortho - Deutschland","description":"Coding Competence","potentialAction":[{"@type":"SearchAction","target":{"@type":"EntryPoint","urlTemplate":"https:\/\/kortho.com\/de\/?s={search_term_string}"},"query-input":{"@type":"PropertyValueSpecification","valueRequired":true,"valueName":"search_term_string"}}],"inLanguage":"en-US"}]}},"aioseo_notices":[],"_links":{"self":[{"href":"https:\/\/kortho.com\/de\/wp-json\/wp\/v2\/pages\/423"}],"collection":[{"href":"https:\/\/kortho.com\/de\/wp-json\/wp\/v2\/pages"}],"about":[{"href":"https:\/\/kortho.com\/de\/wp-json\/wp\/v2\/types\/page"}],"author":[{"embeddable":true,"href":"https:\/\/kortho.com\/de\/wp-json\/wp\/v2\/users\/1"}],"replies":[{"embeddable":true,"href":"https:\/\/kortho.com\/de\/wp-json\/wp\/v2\/comments?post=423"}],"version-history":[{"count":34,"href":"https:\/\/kortho.com\/de\/wp-json\/wp\/v2\/pages\/423\/revisions"}],"predecessor-version":[{"id":4567,"href":"https:\/\/kortho.com\/de\/wp-json\/wp\/v2\/pages\/423\/revisions\/4567"}],"up":[{"embeddable":true,"href":"https:\/\/kortho.com\/de\/wp-json\/wp\/v2\/pages\/170"}],"wp:featuredmedia":[{"embeddable":true,"href":"https:\/\/kortho.com\/de\/wp-json\/wp\/v2\/media\/2730"}],"wp:attachment":[{"href":"https:\/\/kortho.com\/de\/wp-json\/wp\/v2\/media?parent=423"}],"curies":[{"name":"wp","href":"https:\/\/api.w.org\/{rel}","templated":true}]}}