{"id":425,"date":"2015-01-11T19:57:15","date_gmt":"2015-01-11T19:57:15","guid":{"rendered":"http:\/\/jaspervandermeij.nl\/kortho\/nl\/?page_id=425"},"modified":"2016-06-14T08:31:05","modified_gmt":"2016-06-14T08:31:05","slug":"fasern","status":"publish","type":"page","link":"https:\/\/kortho.com\/de\/losungen\/materialien\/fasern\/","title":{"rendered":"Faserstoffe"},"content":{"rendered":"<p><img loading=\"lazy\" decoding=\"async\" class=\"alignleft size-full wp-image-3157\" src=\"http:\/\/kortho.com\/wp-content\/uploads\/2015\/09\/Printen-met-HR-inkjet-op-jute-GraphicJet.jpg\" alt=\"Printen-met-HR-inkjet-op-jute-GraphicJet\" width=\"375\" height=\"138\" srcset=\"https:\/\/kortho.com\/de\/wp-content\/uploads\/sites\/5\/2015\/09\/Printen-met-HR-inkjet-op-jute-GraphicJet.jpg 375w, https:\/\/kortho.com\/de\/wp-content\/uploads\/sites\/5\/2015\/09\/Printen-met-HR-inkjet-op-jute-GraphicJet-300x110.jpg 300w\" sizes=\"(max-width: 375px) 100vw, 375px\" \/> <img loading=\"lazy\" decoding=\"async\" class=\"alignleft size-full wp-image-3295\" src=\"http:\/\/kortho.com\/wp-content\/uploads\/2015\/09\/Printen-met-een-HR-inkjet-printer-op-spanbanden-en-ander-vezelmateriaal.jpg\" alt=\"Printen-met-een-HR-inkjet-printer-op-spanbanden-en-ander-vezelmateriaal\" width=\"375\" height=\"138\" srcset=\"https:\/\/kortho.com\/de\/wp-content\/uploads\/sites\/5\/2015\/09\/Printen-met-een-HR-inkjet-printer-op-spanbanden-en-ander-vezelmateriaal.jpg 375w, https:\/\/kortho.com\/de\/wp-content\/uploads\/sites\/5\/2015\/09\/Printen-met-een-HR-inkjet-printer-op-spanbanden-en-ander-vezelmateriaal-300x110.jpg 300w\" sizes=\"(max-width: 375px) 100vw, 375px\" \/> <img loading=\"lazy\" decoding=\"async\" class=\"alignleft size-full wp-image-3158\" src=\"http:\/\/kortho.com\/wp-content\/uploads\/2015\/09\/coderen-met-rolcoder-op-katoen.jpg\" alt=\"coderen-met-rolcoder-op-katoen\" width=\"375\" height=\"138\" srcset=\"https:\/\/kortho.com\/de\/wp-content\/uploads\/sites\/5\/2015\/09\/coderen-met-rolcoder-op-katoen.jpg 375w, https:\/\/kortho.com\/de\/wp-content\/uploads\/sites\/5\/2015\/09\/coderen-met-rolcoder-op-katoen-300x110.jpg 300w\" sizes=\"(max-width: 375px) 100vw, 375px\" \/><\/p>\n<p>&nbsp;<\/p>\n<p>&nbsp;<\/p>\n<p>&nbsp;<\/p>\n<p>&nbsp;<\/p>\n<p>&nbsp;<\/p>\n<p>&nbsp;<\/p>\n<p>&nbsp;<\/p>\n<p>&nbsp;<\/p>\n<h1>Eigenschaften von Faserstoffen<\/h1>\n<p>Materialien aus Fasern kommen in vielen Formen und Anwendungen vor, zum Beispiel Teppich- oder Textilprodukte. Sie zeichnen sich durch eine sehr offene, por\u00f6se Struktur aus, die Fl\u00fcssigkeiten sehr leicht absorbiert. Als Ergebnis absorbieren sie auch Druckfarben, welche die Codierung mit Farben auf \u00d6lbasis sehr effektiv macht. Wenn die Kennzeichnung zu sehr ausl\u00e4uft, verschmiert und eine schlechte Haftung auftritt, k\u00f6nnen l\u00f6sungsmittelbasierte Tinten oder UV-h\u00e4rtende Tinten verwendet werden. Farbige Tinten sind eine gute L\u00f6sung f\u00fcr den Einsatz auf dunklen Materialien.<\/p>\n<h2>Geeignete Kennzeichnungstechniken f\u00fcr Fasern<\/h2>\n<p>Die Faserstoffe werden h\u00e4ufig mit <span style=\"text-decoration: underline;color: #0000ff\"><a style=\"color: #0000ff;text-decoration: underline\" href=\"http:\/\/kortho.com\/de\/losungen\/kennzeichnungsgerate\/hi-res-inkjet\/\" target=\"_blank\">Hi-Res Inkjetssystemen<\/a><\/span> oder <span style=\"text-decoration: underline;color: #0000ff\"><a style=\"color: #0000ff;text-decoration: underline\" href=\"http:\/\/kortho.com\/de\/losungen\/kennzeichnungsgerate\/rollcoder\/\" target=\"_blank\">Rollcodern<\/a><\/span> codiert. Die hohe Aufl\u00f6sung von Hi-Res Inkjet erm\u00f6glicht qualitativ hochwertige Grafikdrucke (wie Logos und Texte). Rollcoder sind eine \u00f6konomische L\u00f6sung, wenn die Drucke sich nicht h\u00e4ufig \u00e4ndern m\u00fcssen. Beide Techniken k\u00f6nnen mit \u00f6l- und l\u00f6sungsmittelbasierten Tinten verwendet werden. Zus\u00e4tzlich k\u00f6nnen Faserstoffe auch manuell mit <span style=\"text-decoration: underline;color: #0000ff\"><a style=\"color: #0000ff;text-decoration: underline\" href=\"http:\/\/kortho.com\/de\/losungen\/kennzeichnungsgerate\/industriemarker\/\" target=\"_blank\">Markern<\/a><\/span> codiert werden, was mit speziell f\u00fcr diesen Zweck entwickelten Tinten m\u00f6glich ist.<\/p>\n<p><span style=\"color: #ffffff\">.<\/span><\/p>\n","protected":false},"excerpt":{"rendered":"<p>&nbsp; &nbsp; &nbsp; &nbsp; &nbsp; &nbsp; &nbsp; &nbsp; Eigenschaften von Faserstoffen Materialien aus Fasern kommen in vielen Formen und Anwendungen&hellip;<\/p>\n","protected":false},"author":1,"featured_media":2740,"parent":170,"menu_order":16,"comment_status":"closed","ping_status":"closed","template":"page_taxonomy_child.php","meta":{"_monsterinsights_skip_tracking":false,"_monsterinsights_sitenote_active":false,"_monsterinsights_sitenote_note":"","_monsterinsights_sitenote_category":0,"footnotes":""},"class_list":["post-425","page","type-page","status-publish","format-standard","has-post-thumbnail","hentry"],"yoast_head":"<!-- This site is optimized with the Yoast SEO plugin v23.6 - https:\/\/yoast.com\/wordpress\/plugins\/seo\/ -->\n<title>Faserstoffe - Kortho - Deutschland<\/title>\n<meta name=\"robots\" content=\"index, follow, max-snippet:-1, max-image-preview:large, max-video-preview:-1\" \/>\n<link rel=\"canonical\" href=\"https:\/\/kortho.com\/de\/losungen\/materialien\/fasern\/\" \/>\n<meta property=\"og:locale\" content=\"en_US\" \/>\n<meta property=\"og:type\" content=\"article\" \/>\n<meta property=\"og:title\" content=\"Faserstoffe - Kortho - Deutschland\" \/>\n<meta property=\"og:description\" content=\"&nbsp; &nbsp; &nbsp; &nbsp; &nbsp; &nbsp; &nbsp; &nbsp; Eigenschaften von Faserstoffen Materialien aus Fasern kommen in vielen Formen und Anwendungen&hellip;\" \/>\n<meta property=\"og:url\" content=\"https:\/\/kortho.com\/de\/losungen\/materialien\/fasern\/\" \/>\n<meta property=\"og:site_name\" content=\"Kortho - Deutschland\" \/>\n<meta property=\"article:modified_time\" content=\"2016-06-14T08:31:05+00:00\" \/>\n<meta property=\"og:image\" content=\"https:\/\/kortho.com\/de\/wp-content\/uploads\/sites\/5\/2015\/08\/Materialen-vezels-vloerbedekking1.jpg\" \/>\n\t<meta property=\"og:image:width\" content=\"280\" \/>\n\t<meta property=\"og:image:height\" content=\"280\" \/>\n\t<meta property=\"og:image:type\" content=\"image\/jpeg\" \/>\n<meta name=\"twitter:card\" content=\"summary_large_image\" \/>\n<meta name=\"twitter:label1\" content=\"Est. reading time\" \/>\n\t<meta name=\"twitter:data1\" content=\"1 minute\" \/>\n<script type=\"application\/ld+json\" class=\"yoast-schema-graph\">{\"@context\":\"https:\/\/schema.org\",\"@graph\":[{\"@type\":\"WebPage\",\"@id\":\"https:\/\/kortho.com\/de\/losungen\/materialien\/fasern\/\",\"url\":\"https:\/\/kortho.com\/de\/losungen\/materialien\/fasern\/\",\"name\":\"Faserstoffe - Kortho - Deutschland\",\"isPartOf\":{\"@id\":\"https:\/\/kortho.com\/de\/#website\"},\"primaryImageOfPage\":{\"@id\":\"https:\/\/kortho.com\/de\/losungen\/materialien\/fasern\/#primaryimage\"},\"image\":{\"@id\":\"https:\/\/kortho.com\/de\/losungen\/materialien\/fasern\/#primaryimage\"},\"thumbnailUrl\":\"https:\/\/kortho.com\/de\/wp-content\/uploads\/sites\/5\/2015\/08\/Materialen-vezels-vloerbedekking1.jpg\",\"datePublished\":\"2015-01-11T19:57:15+00:00\",\"dateModified\":\"2016-06-14T08:31:05+00:00\",\"breadcrumb\":{\"@id\":\"https:\/\/kortho.com\/de\/losungen\/materialien\/fasern\/#breadcrumb\"},\"inLanguage\":\"en-US\",\"potentialAction\":[{\"@type\":\"ReadAction\",\"target\":[\"https:\/\/kortho.com\/de\/losungen\/materialien\/fasern\/\"]}]},{\"@type\":\"ImageObject\",\"inLanguage\":\"en-US\",\"@id\":\"https:\/\/kortho.com\/de\/losungen\/materialien\/fasern\/#primaryimage\",\"url\":\"https:\/\/kortho.com\/de\/wp-content\/uploads\/sites\/5\/2015\/08\/Materialen-vezels-vloerbedekking1.jpg\",\"contentUrl\":\"https:\/\/kortho.com\/de\/wp-content\/uploads\/sites\/5\/2015\/08\/Materialen-vezels-vloerbedekking1.jpg\",\"width\":280,\"height\":280},{\"@type\":\"BreadcrumbList\",\"@id\":\"https:\/\/kortho.com\/de\/losungen\/materialien\/fasern\/#breadcrumb\",\"itemListElement\":[{\"@type\":\"ListItem\",\"position\":1,\"name\":\"Home\",\"item\":\"https:\/\/kortho.com\/de\/\"},{\"@type\":\"ListItem\",\"position\":2,\"name\":\"L\u00f6sungen\",\"item\":\"https:\/\/kortho.com\/de\/losungen\/\"},{\"@type\":\"ListItem\",\"position\":3,\"name\":\"Materialien\",\"item\":\"https:\/\/kortho.com\/de\/losungen\/materialien\/\"},{\"@type\":\"ListItem\",\"position\":4,\"name\":\"Faserstoffe\"}]},{\"@type\":\"WebSite\",\"@id\":\"https:\/\/kortho.com\/de\/#website\",\"url\":\"https:\/\/kortho.com\/de\/\",\"name\":\"Kortho - Deutschland\",\"description\":\"Coding Competence\",\"potentialAction\":[{\"@type\":\"SearchAction\",\"target\":{\"@type\":\"EntryPoint\",\"urlTemplate\":\"https:\/\/kortho.com\/de\/?s={search_term_string}\"},\"query-input\":{\"@type\":\"PropertyValueSpecification\",\"valueRequired\":true,\"valueName\":\"search_term_string\"}}],\"inLanguage\":\"en-US\"}]}<\/script>\n<!-- \/ Yoast SEO plugin. -->","yoast_head_json":{"title":"Faserstoffe - Kortho - Deutschland","robots":{"index":"index","follow":"follow","max-snippet":"max-snippet:-1","max-image-preview":"max-image-preview:large","max-video-preview":"max-video-preview:-1"},"canonical":"https:\/\/kortho.com\/de\/losungen\/materialien\/fasern\/","og_locale":"en_US","og_type":"article","og_title":"Faserstoffe - Kortho - Deutschland","og_description":"&nbsp; &nbsp; &nbsp; &nbsp; &nbsp; &nbsp; &nbsp; &nbsp; Eigenschaften von Faserstoffen Materialien aus Fasern kommen in vielen Formen und Anwendungen&hellip;","og_url":"https:\/\/kortho.com\/de\/losungen\/materialien\/fasern\/","og_site_name":"Kortho - Deutschland","article_modified_time":"2016-06-14T08:31:05+00:00","og_image":[{"width":280,"height":280,"url":"https:\/\/kortho.com\/de\/wp-content\/uploads\/sites\/5\/2015\/08\/Materialen-vezels-vloerbedekking1.jpg","type":"image\/jpeg"}],"twitter_card":"summary_large_image","twitter_misc":{"Est. reading time":"1 minute"},"schema":{"@context":"https:\/\/schema.org","@graph":[{"@type":"WebPage","@id":"https:\/\/kortho.com\/de\/losungen\/materialien\/fasern\/","url":"https:\/\/kortho.com\/de\/losungen\/materialien\/fasern\/","name":"Faserstoffe - Kortho - Deutschland","isPartOf":{"@id":"https:\/\/kortho.com\/de\/#website"},"primaryImageOfPage":{"@id":"https:\/\/kortho.com\/de\/losungen\/materialien\/fasern\/#primaryimage"},"image":{"@id":"https:\/\/kortho.com\/de\/losungen\/materialien\/fasern\/#primaryimage"},"thumbnailUrl":"https:\/\/kortho.com\/de\/wp-content\/uploads\/sites\/5\/2015\/08\/Materialen-vezels-vloerbedekking1.jpg","datePublished":"2015-01-11T19:57:15+00:00","dateModified":"2016-06-14T08:31:05+00:00","breadcrumb":{"@id":"https:\/\/kortho.com\/de\/losungen\/materialien\/fasern\/#breadcrumb"},"inLanguage":"en-US","potentialAction":[{"@type":"ReadAction","target":["https:\/\/kortho.com\/de\/losungen\/materialien\/fasern\/"]}]},{"@type":"ImageObject","inLanguage":"en-US","@id":"https:\/\/kortho.com\/de\/losungen\/materialien\/fasern\/#primaryimage","url":"https:\/\/kortho.com\/de\/wp-content\/uploads\/sites\/5\/2015\/08\/Materialen-vezels-vloerbedekking1.jpg","contentUrl":"https:\/\/kortho.com\/de\/wp-content\/uploads\/sites\/5\/2015\/08\/Materialen-vezels-vloerbedekking1.jpg","width":280,"height":280},{"@type":"BreadcrumbList","@id":"https:\/\/kortho.com\/de\/losungen\/materialien\/fasern\/#breadcrumb","itemListElement":[{"@type":"ListItem","position":1,"name":"Home","item":"https:\/\/kortho.com\/de\/"},{"@type":"ListItem","position":2,"name":"L\u00f6sungen","item":"https:\/\/kortho.com\/de\/losungen\/"},{"@type":"ListItem","position":3,"name":"Materialien","item":"https:\/\/kortho.com\/de\/losungen\/materialien\/"},{"@type":"ListItem","position":4,"name":"Faserstoffe"}]},{"@type":"WebSite","@id":"https:\/\/kortho.com\/de\/#website","url":"https:\/\/kortho.com\/de\/","name":"Kortho - Deutschland","description":"Coding Competence","potentialAction":[{"@type":"SearchAction","target":{"@type":"EntryPoint","urlTemplate":"https:\/\/kortho.com\/de\/?s={search_term_string}"},"query-input":{"@type":"PropertyValueSpecification","valueRequired":true,"valueName":"search_term_string"}}],"inLanguage":"en-US"}]}},"aioseo_notices":[],"_links":{"self":[{"href":"https:\/\/kortho.com\/de\/wp-json\/wp\/v2\/pages\/425"}],"collection":[{"href":"https:\/\/kortho.com\/de\/wp-json\/wp\/v2\/pages"}],"about":[{"href":"https:\/\/kortho.com\/de\/wp-json\/wp\/v2\/types\/page"}],"author":[{"embeddable":true,"href":"https:\/\/kortho.com\/de\/wp-json\/wp\/v2\/users\/1"}],"replies":[{"embeddable":true,"href":"https:\/\/kortho.com\/de\/wp-json\/wp\/v2\/comments?post=425"}],"version-history":[{"count":23,"href":"https:\/\/kortho.com\/de\/wp-json\/wp\/v2\/pages\/425\/revisions"}],"predecessor-version":[{"id":4579,"href":"https:\/\/kortho.com\/de\/wp-json\/wp\/v2\/pages\/425\/revisions\/4579"}],"up":[{"embeddable":true,"href":"https:\/\/kortho.com\/de\/wp-json\/wp\/v2\/pages\/170"}],"wp:featuredmedia":[{"embeddable":true,"href":"https:\/\/kortho.com\/de\/wp-json\/wp\/v2\/media\/2740"}],"wp:attachment":[{"href":"https:\/\/kortho.com\/de\/wp-json\/wp\/v2\/media?parent=425"}],"curies":[{"name":"wp","href":"https:\/\/api.w.org\/{rel}","templated":true}]}}